{"id":3616,"date":"2023-12-20T23:43:08","date_gmt":"2023-12-20T20:43:08","guid":{"rendered":"https:\/\/maxgold.gr\/returen\/"},"modified":"2025-04-17T22:57:56","modified_gmt":"2025-04-17T19:57:56","slug":"returen","status":"publish","type":"page","link":"https:\/\/maxgold.gr\/de\/returen\/","title":{"rendered":"RETUREN"},"content":{"rendered":"\n  <div id=\"page-header-319910332\" class=\"page-header-wrapper\">\n  <div class=\"page-title dark normal-title box-shadow-3\">\n\n        <div class=\"page-title-bg\">\n      <div class=\"title-bg fill bg-fill\"\n        data-parallax-container=\".page-title\"\n        data-parallax-background\n        data-parallax=\"-\">\n      <\/div>\n      <div class=\"title-overlay fill\"><\/div>\n    <\/div>\n    \n    <div class=\"page-title-inner container align-center text-center flex-row-col medium-flex-wrap\" >\n              <div class=\"title-wrapper flex-col\">\n          <h1 class=\"entry-title mb-0\">\n            RETUREN          <\/h1>\n        <\/div>\n                    <div class=\"title-content flex-col\">\n        <ul class=\"nav sm-touch-scroll nav-simple nav-uppercase text-center nav-center\"><li class=\"nav-single-page hidden\"><\/li><\/ul>      <\/div>\n    <\/div>\n\n     \n<style>\n#page-header-319910332 .title-bg {\n  background-image: url(https:\/\/maxgold.gr\/wp-content\/uploads\/2023\/12\/\u0391\u03bd\u03ce\u03bd\u03c5\u03bc\u03bf-\u03c3\u03c7\u03ad\u03b4\u03b9\u03bf9.jpg);\n  background-position: 77% 100%;\n}\n<\/style>\n  <\/div>\n    <\/div>\n  \n\n\t<div id=\"gap-1162509758\" class=\"gap-element clearfix\" style=\"display:block; height:auto;\">\n\t\t\n<style>\n#gap-1162509758 {\n  padding-top: 50px;\n}\n<\/style>\n\t<\/div>\n\t\n\n<p><strong>UNSERE R\u00dcCKGABE-POLITIK<\/strong><\/p>\n<p>Wir m\u00f6chten, dass Sie jedes Mal, wenn Sie bei uns einkaufen, zufrieden sind. Wir wissen jedoch, dass es manchmal notwendig sein kann, einen Artikel zur\u00fcckzusenden, und unsere Richtlinien sind im Folgenden beschrieben. Bitte vergewissern Sie sich, dass Sie die Bedingungen gelesen und vollst\u00e4ndig verstanden haben.<\/p>\n<p>Sie k\u00f6nnen Artikel innerhalb von 14 Tagen nach Lieferung der Bestellung gegen Erstattung oder Umtausch zur\u00fccksenden, sofern sich der Artikel und die Verpackung in demselben Zustand befinden wie bei der Lieferung. <strong>MAX GOLD beh\u00e4lt sich das Recht vor, eine Erstattung oder einen Umtausch abzulehnen, wenn die Ware nicht in demselben Zustand zur\u00fcckgeschickt wird, in dem sie versandt wurde.<\/strong><\/p>\n<p>Bitte beachten Sie, dass Ohrringe, die anprobiert wurden, aus hygienischen Gr\u00fcnden nicht umgetauscht werden k\u00f6nnen.<\/p>\n<p>Wenn Sie Ihre Meinung \u00e4ndern und feststellen, dass der gekaufte Artikel ungeeignet ist oder einen Herstellungsfehler aufweist, senden Sie ihn bitte innerhalb von 14 Tagen nach Erhalt Ihrer Bestellung an die folgende Adresse zur\u00fcck:<\/p>\n<p>MAX GOLD<br \/>Zouroudis Michalis<br \/>Eukalyptus, Kolympia<br \/>851 03 Afantou (Rhodos)<br \/>Griechenland<\/p>\n<p>Vermerken Sie Ihren Namen, Ihre Adresse und Ihre Bestellnummer auf dem R\u00fccksendeformular, das wir Ihnen per E-Mail zusenden, und legen Sie es zusammen mit der Ware und dem Originalversandschein bei.<\/p>\n<p>Stellen Sie sicher, dass Ihre Waren in einem sicher verpackten Paket versendet werden. Bitte beachten Sie, dass Sie die Verantwortung f\u00fcr Ihr Paket tragen, bis es bei uns eintrifft. Wir empfehlen Ihnen daher, einen Postdienst mit <strong>Paketnummer<\/strong> zu verwenden. Sie m\u00fcssen jedoch alle Kosten f\u00fcr die R\u00fccksendung \u00fcbernehmen.<\/p>\n<p>Die Bearbeitung Ihres Umtauschs oder Ihrer R\u00fcckerstattung kann bis zu <strong>20 Arbeitstage dauern<\/strong>. In sehr arbeitsintensiven Zeiten kann dies bis zu 25 Arbeitstage dauern, aber wir sorgen daf\u00fcr, dass die Bearbeitung so schnell wie m\u00f6glich erfolgt.<\/p>\n<p>Wenn Sie das Produkt aufgrund eines Fehlers unsererseits oder eines Herstellungsfehlers zur\u00fcckgeben, erstattet Ihnen unser Shop gerne alle Kosten, die mit der R\u00fccksendung des Artikels an uns verbunden sind, sowie die urspr\u00fcnglichen Portokosten.<\/p>\n<p>Bitte beachten Sie, dass wir den Eingang von R\u00fccksendungen per E-Mail best\u00e4tigen werden.<\/p>\n<p>Wenn Sie das R\u00fccksendeformular ben\u00f6tigen oder weitere Unterst\u00fctzung oder Beratung w\u00fcnschen, kontaktieren Sie uns bitte unter:<\/p>\n<p>E-Mail: info@maxgold.gr<\/p>\n\n","protected":false},"excerpt":{"rendered":"","protected":false},"author":1,"featured_media":0,"parent":0,"menu_order":0,"comment_status":"closed","ping_status":"closed","template":"","meta":{"footnotes":""},"class_list":["post-3616","page","type-page","status-publish","hentry"],"yoast_head":"<!-- This site is optimized with the Yoast SEO plugin v27.5 - https:\/\/yoast.com\/product\/yoast-seo-wordpress\/ -->\n<title>RETUREN - Max Gold<\/title>\n<meta name=\"robots\" content=\"index, follow, max-snippet:-1, max-image-preview:large, max-video-preview:-1\" \/>\n<link rel=\"canonical\" href=\"https:\/\/maxgold.gr\/de\/returen\/\" \/>\n<meta property=\"og:locale\" content=\"de_DE\" \/>\n<meta property=\"og:type\" content=\"article\" \/>\n<meta property=\"og:title\" content=\"RETUREN - Max Gold\" \/>\n<meta property=\"og:url\" content=\"https:\/\/maxgold.gr\/de\/returen\/\" \/>\n<meta property=\"og:site_name\" content=\"Max Gold\" \/>\n<meta property=\"article:publisher\" content=\"https:\/\/www.facebook.com\/people\/Max-Gold\/61561801899896\/\" \/>\n<meta property=\"article:modified_time\" content=\"2025-04-17T19:57:56+00:00\" \/>\n<meta name=\"twitter:card\" content=\"summary_large_image\" \/>\n<meta name=\"twitter:label1\" content=\"Gesch\u00e4tzte Lesezeit\" \/>\n\t<meta name=\"twitter:data1\" content=\"2\u00a0Minuten\" \/>\n<script type=\"application\/ld+json\" class=\"yoast-schema-graph\">{\"@context\":\"https:\\\/\\\/schema.org\",\"@graph\":[{\"@type\":\"WebPage\",\"@id\":\"https:\\\/\\\/maxgold.gr\\\/de\\\/returen\\\/\",\"url\":\"https:\\\/\\\/maxgold.gr\\\/de\\\/returen\\\/\",\"name\":\"RETUREN - Max Gold\",\"isPartOf\":{\"@id\":\"https:\\\/\\\/maxgold.gr\\\/de\\\/#website\"},\"datePublished\":\"2023-12-20T20:43:08+00:00\",\"dateModified\":\"2025-04-17T19:57:56+00:00\",\"breadcrumb\":{\"@id\":\"https:\\\/\\\/maxgold.gr\\\/de\\\/returen\\\/#breadcrumb\"},\"inLanguage\":\"de\",\"potentialAction\":[{\"@type\":\"ReadAction\",\"target\":[\"https:\\\/\\\/maxgold.gr\\\/de\\\/returen\\\/\"]}]},{\"@type\":\"BreadcrumbList\",\"@id\":\"https:\\\/\\\/maxgold.gr\\\/de\\\/returen\\\/#breadcrumb\",\"itemListElement\":[{\"@type\":\"ListItem\",\"position\":1,\"name\":\"Home\",\"item\":\"https:\\\/\\\/maxgold.gr\\\/de\\\/startseite\\\/\"},{\"@type\":\"ListItem\",\"position\":2,\"name\":\"RETUREN\"}]},{\"@type\":\"WebSite\",\"@id\":\"https:\\\/\\\/maxgold.gr\\\/de\\\/#website\",\"url\":\"https:\\\/\\\/maxgold.gr\\\/de\\\/\",\"name\":\"Max Gold\",\"description\":\"Max Gold\",\"potentialAction\":[{\"@type\":\"SearchAction\",\"target\":{\"@type\":\"EntryPoint\",\"urlTemplate\":\"https:\\\/\\\/maxgold.gr\\\/de\\\/?s={search_term_string}\"},\"query-input\":{\"@type\":\"PropertyValueSpecification\",\"valueRequired\":true,\"valueName\":\"search_term_string\"}}],\"inLanguage\":\"de\"}]}<\/script>\n<!-- \/ Yoast SEO plugin. -->","yoast_head_json":{"title":"RETUREN - Max Gold","robots":{"index":"index","follow":"follow","max-snippet":"max-snippet:-1","max-image-preview":"max-image-preview:large","max-video-preview":"max-video-preview:-1"},"canonical":"https:\/\/maxgold.gr\/de\/returen\/","og_locale":"de_DE","og_type":"article","og_title":"RETUREN - Max Gold","og_url":"https:\/\/maxgold.gr\/de\/returen\/","og_site_name":"Max Gold","article_publisher":"https:\/\/www.facebook.com\/people\/Max-Gold\/61561801899896\/","article_modified_time":"2025-04-17T19:57:56+00:00","twitter_card":"summary_large_image","twitter_misc":{"Gesch\u00e4tzte Lesezeit":"2\u00a0Minuten"},"schema":{"@context":"https:\/\/schema.org","@graph":[{"@type":"WebPage","@id":"https:\/\/maxgold.gr\/de\/returen\/","url":"https:\/\/maxgold.gr\/de\/returen\/","name":"RETUREN - Max Gold","isPartOf":{"@id":"https:\/\/maxgold.gr\/de\/#website"},"datePublished":"2023-12-20T20:43:08+00:00","dateModified":"2025-04-17T19:57:56+00:00","breadcrumb":{"@id":"https:\/\/maxgold.gr\/de\/returen\/#breadcrumb"},"inLanguage":"de","potentialAction":[{"@type":"ReadAction","target":["https:\/\/maxgold.gr\/de\/returen\/"]}]},{"@type":"BreadcrumbList","@id":"https:\/\/maxgold.gr\/de\/returen\/#breadcrumb","itemListElement":[{"@type":"ListItem","position":1,"name":"Home","item":"https:\/\/maxgold.gr\/de\/startseite\/"},{"@type":"ListItem","position":2,"name":"RETUREN"}]},{"@type":"WebSite","@id":"https:\/\/maxgold.gr\/de\/#website","url":"https:\/\/maxgold.gr\/de\/","name":"Max Gold","description":"Max Gold","potentialAction":[{"@type":"SearchAction","target":{"@type":"EntryPoint","urlTemplate":"https:\/\/maxgold.gr\/de\/?s={search_term_string}"},"query-input":{"@type":"PropertyValueSpecification","valueRequired":true,"valueName":"search_term_string"}}],"inLanguage":"de"}]}},"jetpack_sharing_enabled":true,"_links":{"self":[{"href":"https:\/\/maxgold.gr\/de\/wp-json\/wp\/v2\/pages\/3616","targetHints":{"allow":["GET"]}}],"collection":[{"href":"https:\/\/maxgold.gr\/de\/wp-json\/wp\/v2\/pages"}],"about":[{"href":"https:\/\/maxgold.gr\/de\/wp-json\/wp\/v2\/types\/page"}],"author":[{"embeddable":true,"href":"https:\/\/maxgold.gr\/de\/wp-json\/wp\/v2\/users\/1"}],"replies":[{"embeddable":true,"href":"https:\/\/maxgold.gr\/de\/wp-json\/wp\/v2\/comments?post=3616"}],"version-history":[{"count":3,"href":"https:\/\/maxgold.gr\/de\/wp-json\/wp\/v2\/pages\/3616\/revisions"}],"predecessor-version":[{"id":6882,"href":"https:\/\/maxgold.gr\/de\/wp-json\/wp\/v2\/pages\/3616\/revisions\/6882"}],"wp:attachment":[{"href":"https:\/\/maxgold.gr\/de\/wp-json\/wp\/v2\/media?parent=3616"}],"curies":[{"name":"wp","href":"https:\/\/api.w.org\/{rel}","templated":true}]}}