{"id":3643,"date":"2023-12-02T23:46:59","date_gmt":"2023-12-02T20:46:59","guid":{"rendered":"https:\/\/maxgold.gr\/bedingungen-konditionen\/"},"modified":"2024-11-21T01:10:53","modified_gmt":"2024-11-20T22:10:53","slug":"bedingungen-konditionen","status":"publish","type":"page","link":"https:\/\/maxgold.gr\/de\/bedingungen-konditionen\/","title":{"rendered":"Bedingungen &amp; Konditionen"},"content":{"rendered":"\n  <div id=\"page-header-795577521\" class=\"page-header-wrapper\">\n  <div class=\"page-title dark normal-title box-shadow-3\">\n\n        <div class=\"page-title-bg\">\n      <div class=\"title-bg fill bg-fill\"\n        data-parallax-container=\".page-title\"\n        data-parallax-background\n        data-parallax=\"-\">\n      <\/div>\n      <div class=\"title-overlay fill\"><\/div>\n    <\/div>\n    \n    <div class=\"page-title-inner container align-center text-center flex-row-col medium-flex-wrap\" >\n              <div class=\"title-wrapper flex-col\">\n          <h1 class=\"entry-title mb-0\">\n            Bedingungen &amp; Konditionen          <\/h1>\n        <\/div>\n                    <div class=\"title-content flex-col\">\n        <ul class=\"nav sm-touch-scroll nav-simple nav-uppercase text-center nav-center\"><li class=\"nav-single-page hidden\"><\/li><\/ul>      <\/div>\n    <\/div>\n\n     \n<style>\n#page-header-795577521 .title-bg {\n  background-image: url(https:\/\/maxgold.gr\/wp-content\/uploads\/2023\/11\/\u0391\u03bd\u03ce\u03bd\u03c5\u03bc\u03bf-\u03c3\u03c7\u03ad\u03b4\u03b9\u03bf4.jpg);\n  background-position: 0% 80%;\n}\n<\/style>\n  <\/div>\n    <\/div>\n  \n\n\t<div id=\"gap-1854548012\" class=\"gap-element clearfix\" style=\"display:block; height:auto;\">\n\t\t\n<style>\n#gap-1854548012 {\n  padding-top: 50px;\n}\n<\/style>\n\t<\/div>\n\t\n\n<p>Allgemeine Gesch\u00e4ftsbedingungen f\u00fcr die Lieferung von Waren \u00fcber MAX GOLD (www.maxgold.gr).\nDiese Allgemeinen Gesch\u00e4ftsbedingungen gelten f\u00fcr alle Vertr\u00e4ge, die von MAX GOLD Jewellery (&#8222;MAX GOLD&#8220;, &#8222;wir&#8220;, &#8222;unser&#8220; oder &#8222;uns&#8220;) geschlossen werden.   <br><strong>Mit Ihrer Bestellung bei uns akzeptieren Sie diese Allgemeinen Gesch\u00e4ftsbedingungen.<\/strong>  Bitte lesen Sie diese Nutzungsbedingungen sorgf\u00e4ltig durch, bevor Sie auf unsere Website zugreifen oder diese nutzen.  <strong>Durch den Zugriff auf die Website oder die Nutzung eines Teils der Website erkl\u00e4ren Sie sich mit diesen Allgemeinen Gesch\u00e4ftsbedingungen einverstanden.<\/strong>  Wenn Sie nicht mit allen Bedingungen dieser Vereinbarung einverstanden sind, d\u00fcrfen Sie nicht auf die Website zugreifen und keine Dienste nutzen.<\/p>\n<p>Indem Sie unsere Website besuchen und\/oder etwas bei uns kaufen, nehmen Sie unseren &#8222;Service&#8220; in Anspruch und erkl\u00e4ren sich mit den folgenden Bedingungen einverstanden, einschlie\u00dflich der zus\u00e4tzlichen Bedingungen und Richtlinien, auf die hierin verwiesen wird und\/oder die per Hyperlink verf\u00fcgbar sind.\nDiese Allgemeinen Gesch\u00e4ftsbedingungen gelten f\u00fcr alle Benutzer der Website, einschlie\u00dflich, aber nicht beschr\u00e4nkt auf Benutzer, die Browser, Verk\u00e4ufer, Kunden, H\u00e4ndler und\/oder Autoren von Inhalten sind. <\/p>\n<p><strong>Sie m\u00fcssen mindestens 18 Jahre alt sein, um sich zu registrieren oder<\/strong> <strong>um Schmuck zu kaufen<\/strong>.\nIndem Sie ein Bestellformular abschicken, best\u00e4tigen Sie uns, dass Sie mindestens 18 Jahre alt sind und dass Sie diese Einkaufsbedingungen akzeptieren. <\/p>\n<p>Wir k\u00f6nnen diese Allgemeinen Gesch\u00e4ftsbedingungen jederzeit \u00e4ndern und sind nicht verpflichtet, Sie \u00fcber solche \u00c4nderungen zu informieren.<\/p>\n<p> <\/p>\n<p><strong>ZAHLUNGEN<\/strong><\/p>\n<p>Alle Preise sind in EURO angegeben und enthalten die Mehrwertsteuer.<\/p>\n<p>Zahlungen k\u00f6nnen mit jeder der auf dieser Website aufgef\u00fchrten Methoden erfolgen und werden abgebucht, sobald wir Ihr Kaufangebot angenommen haben.<\/p>\n<p>Wir nehmen Ihr Angebot zum Kauf von Waren nur an, wenn diese verf\u00fcgbar sind.\nUnsere Best\u00e4tigung der Bestellannahme \u00fcber das Internet oder per E-Mail ist keine Garantie f\u00fcr die Lieferung.\nWir informieren Sie, wenn wir die von Ihnen zum Kauf angebotenen Waren nicht liefern k\u00f6nnen.\nSollten wir in der Lage sein, einige, aber nicht alle Waren auf dem Bestellformular zu liefern, wird der gesamte Betrag f\u00fcr alle Waren auf dem Bestellformular von Ihrer Kredit- oder Debitkarte abgebucht, aber eine vollst\u00e4ndige R\u00fcckerstattung f\u00fcr die nicht verf\u00fcgbaren Waren wird dann bei Versand erfolgen.   <\/p>\n<p>Wir bem\u00fchen uns, sicherzustellen, dass die Beschreibungen und Preise der Waren korrekt sind.\nWir werden Sie so schnell wie m\u00f6glich informieren, wenn uns ein Fehler in der Preisgestaltung oder Beschreibung auff\u00e4llt.\nWenn wir Sie auf einen solchen Fehler hinweisen, haben Sie die M\u00f6glichkeit, entweder\n(i) Ihr Kaufangebot unter Ber\u00fccksichtigung der korrigierten Beschreibung und\/oder des korrigierten Preises zu best\u00e4tigen, oder\n(ii) Ihr Kaufangebot zur\u00fcckzuziehen und eine vollst\u00e4ndige R\u00fcckerstattung zu erhalten, wenn die Ware bereits bezahlt wurde.    <\/p>\n<p> <\/p>\n<p><strong>ZAHLUNGSOPTIONEN<\/strong><\/p>\n<p>Wir akzeptieren derzeit die folgenden Zahlungsarten;<\/p>\n<p>KREDIT-\/DEBITKARTEN<br>PAYPAL<\/p>\n<p> <\/p>\n<p><strong>5% RABATT AUF IHREN N\u00c4CHSTEN EINKAUF<\/strong><\/p>\n<p>Bei jedem Einkauf \u00fcber 200\u20ac senden wir Ihnen per E-Mail einen Code f\u00fcr 5% Rabatt auf Ihren n\u00e4chsten Einkauf.<\/p>\n<p> <\/p>\n<p><strong>LIEFERUNG<\/strong><\/p>\n<p>Die Versandzeiten sind abh\u00e4ngig vom Bestimmungsort.<br>Etwa 6 bis 14 Tage f\u00fcr Griechenland und 9 bis 20 Tage f\u00fcr Europa.<br>Wenn Sie Fragen dazu haben, kontaktieren Sie uns bitte beim Kauf und wir helfen Ihnen gerne weiter.<\/p>\n<p>Bestellungen werden in 1 bis 3 Tagen versandt.<\/p>\n<p>Bitte beachten Sie, dass Wochenenden, Bankfeiertage und gesetzliche Feiertage in Griechenland nicht als Arbeitstage gelten.<\/p>\n<p> <\/p>\n<p><strong>VERSANDKOSTEN<\/strong><\/p>\n<p>F\u00fcr <strong>Griechenland<\/strong> betragen die Versandkosten 6\u20ac.<\/p>\n<p>Bei Bestellungen in Griechenland \u00fcber 150\u20ac sind die Versandkosten kostenlos.<\/p>\n<p>F\u00fcr Europa werden die Versandpreise an der Kasse je nach Zielort berechnet. Wenn Sie Fragen zu Preis und Versanddauer haben, kontaktieren Sie uns bitte bei der Bestellung. <\/p>\n<p>F\u00fcr <span class=\"HwtZe\" lang=\"en\"> <span class=\"jCAhz ChMk0b\"><span class=\"ryNqvb\">\u00d6sterreich,<\/span><\/span> <span class=\"jCAhz ChMk0b\"><span class=\"ryNqvb\">Belgien,<\/span><\/span> <span class=\"jCAhz ChMk0b\"><span class=\"ryNqvb\">Deutschland,<\/span><\/span> <span class=\"jCAhz ChMk0b\"><span class=\"ryNqvb\">D\u00e4nemark,<\/span><\/span> <span class=\"jCAhz ChMk0b\"><span class=\"ryNqvb\">Kroatien,<\/span><\/span> <span class=\"jCAhz ChMk0b\"><span class=\"ryNqvb\">Niederlande,<\/span><\/span> <span class=\"jCAhz ChMk0b\"><span class=\"ryNqvb\">Ungarn,<\/span><\/span> <span class=\"jCAhz ChMk0b\"><span class=\"ryNqvb\">Polen,<\/span><\/span> <span class=\"jCAhz ChMk0b\"><span class=\"ryNqvb\">Slowakei, und<\/span><\/span> <span class=\"jCAhz ChMk0b\"><span class=\"ryNqvb\">Tschechische Republik betragen die Versandkosten <strong>10\u20ac.<\/strong><\/span><\/span><\/span><\/p>\n<p><span class=\"HwtZe\" lang=\"en\"><span class=\"jCAhz ChMk0b\"><span class=\"ryNqvb\">F\u00fcr Frankreich,<\/span><\/span> <span class=\"jCAhz ChMk0b\"><span class=\"ryNqvb\">Italien,<\/span><\/span> <span class=\"jCAhz ChMk0b\"><span class=\"ryNqvb\">Irland<\/span><\/span><span class=\"jCAhz ChMk0b\"><span class=\"ryNqvb\">,<\/span><\/span> <span class=\"jCAhz ChMk0b\"><span class=\"ryNqvb\">Litauen,<\/span><\/span> <span class=\"jCAhz ChMk0b\"><span class=\"ryNqvb\">Luxemburg<\/span><\/span><span class=\"jCAhz ChMk0b\"><span class=\"ryNqvb\">,<\/span><\/span> <span class=\"jCAhz ChMk0b\"><span class=\"ryNqvb\">Rum\u00e4nien und<\/span><\/span> <span class=\"jCAhz ChMk0b\"><span class=\"ryNqvb\">Slowenien betragen die Versandkosten <strong>15\u20ac.<\/strong><br><\/span><\/span><\/span><\/p>\n<p>F\u00fcr <span class=\"HwtZe\" lang=\"en\"><span class=\"jCAhz ChMk0b\"><span class=\"ryNqvb\">Estland,<\/span><\/span> <span class=\"jCAhz ChMk0b\"><span class=\"ryNqvb\">Spanien,<\/span><\/span> <span class=\"jCAhz ChMk0b\"><span class=\"ryNqvb\">Malta,<\/span><\/span> <span class=\"jCAhz ChMk0b\"><span class=\"ryNqvb\">Portugal,<\/span><\/span> <span class=\"jCAhz ChMk0b\"><span class=\"ryNqvb\">Schweden und<\/span><\/span> <span class=\"jCAhz ChMk0b\"><span class=\"ryNqvb\">Finnland betragen die Versandkosten <strong>18\u20ac.<\/strong><\/span><\/span><\/span><\/p>\n<p>Bei Bestellungen in Europa \u00fcber 230\u20ac sind die Versandkosten kostenlos.<\/p>\n<p> <\/p>\n<p><strong>VERSANDORTE<\/strong><\/p>\n<p><span class=\"HwtZe\" lang=\"en\"><span class=\"jCAhz ChMk0b\"><span class=\"ryNqvb\">\u00d6sterreich,<\/span><\/span> <span class=\"jCAhz ChMk0b\"><span class=\"ryNqvb\">Belgien,<\/span><\/span> <span class=\"jCAhz ChMk0b\"><span class=\"ryNqvb\">Deutschland,<\/span><\/span> <span class=\"jCAhz ChMk0b\"><span class=\"ryNqvb\">D\u00e4nemark,<\/span><\/span> <span class=\"jCAhz ChMk0b\"><span class=\"ryNqvb\">Kroatien,<\/span><\/span> <span class=\"jCAhz ChMk0b\"><span class=\"ryNqvb\">Niederlande,<\/span><\/span> <span class=\"jCAhz ChMk0b\"><span class=\"ryNqvb\">Ungarn,<\/span><\/span> <span class=\"jCAhz ChMk0b\"><span class=\"ryNqvb\">Polen,<\/span><\/span> <span class=\"jCAhz ChMk0b\"><span class=\"ryNqvb\">Slowakei, <\/span><\/span><span class=\"jCAhz ChMk0b\"><span class=\"ryNqvb\">Tschechische Republik<strong>, <\/strong> <\/span><\/span><\/span><span class=\"HwtZe\" lang=\"en\"><span class=\"jCAhz ChMk0b\"><span class=\"ryNqvb\">Frankreich,<\/span><\/span> <span class=\"jCAhz ChMk0b\"><span class=\"ryNqvb\">Italien,<\/span><\/span> <span class=\"jCAhz ChMk0b\"><span class=\"ryNqvb\">Irland<\/span><\/span><span class=\"jCAhz ChMk0b\"><span class=\"ryNqvb\">,<\/span><\/span> <span class=\"jCAhz ChMk0b\"><span class=\"ryNqvb\">Litauen,<\/span><\/span> <span class=\"jCAhz ChMk0b\"><span class=\"ryNqvb\">Luxemburg,<\/span><\/span> <span class=\"jCAhz ChMk0b\"><span class=\"ryNqvb\">Rum\u00e4nien, <\/span><\/span><span class=\"jCAhz ChMk0b\"><span class=\"ryNqvb\">Slowenien<strong>, <\/strong> <\/span><\/span><\/span><span class=\"HwtZe\" lang=\"en\"><span class=\"jCAhz ChMk0b\"><span class=\"ryNqvb\">Estland,<\/span><\/span> <span class=\"jCAhz ChMk0b\"><span class=\"ryNqvb\">Spanien,<\/span><\/span> <span class=\"jCAhz ChMk0b\"><span class=\"ryNqvb\">Malta,<\/span><\/span> <span class=\"jCAhz ChMk0b\"><span class=\"ryNqvb\">Portugal,<\/span><\/span> <span class=\"jCAhz ChMk0b\"><span class=\"ryNqvb\">Schweden und<\/span><\/span> <span class=\"jCAhz ChMk0b\"><span class=\"ryNqvb\">Finnland.<\/span><\/span><\/span><\/p>\n<p>Im Moment k\u00f6nnen wir keine Bestellungen aus anderen L\u00e4ndern als den oben genannten akzeptieren.<\/p>\n<p> <\/p>\n<p><strong>Z\u00d6LLE<\/strong><br>F\u00fcr Waren, die innerhalb der Europ\u00e4ischen Union versandt werden, fallen keine Z\u00f6lle an.<\/p>\n<p> <\/p>\n<p><strong>UNSERE R\u00dcCKGABE-POLITIK<\/strong><\/p>\n<p>Wir m\u00f6chten, dass Sie jedes Mal, wenn Sie bei uns einkaufen, zufrieden sind. Wir wissen jedoch, dass es manchmal notwendig sein kann, einen Artikel zur\u00fcckzusenden, und unsere Richtlinien sind im Folgenden beschrieben. Bitte vergewissern Sie sich, dass Sie die Bedingungen gelesen und vollst\u00e4ndig verstanden haben. <\/p>\n<p>Wir k\u00f6nnen Artikel innerhalb von 14 Tagen nach Lieferung der Bestellung gegen Erstattung oder Umtausch zur\u00fccksenden, sofern sich der Artikel und die Verpackung in demselben Zustand befinden wie bei der Lieferung. <strong>MAX GOLD beh\u00e4lt sich das Recht vor, eine Erstattung oder einen Umtausch abzulehnen, wenn die Ware nicht in demselben Zustand zur\u00fcckgeschickt wird, in dem sie versandt wurde.<\/strong><\/p>\n<p>Bitte beachten Sie, dass Ohrringe, die anprobiert wurden, aus hygienischen Gr\u00fcnden nicht umgetauscht werden k\u00f6nnen.<\/p>\n<p>Wenn Sie Ihre Meinung \u00e4ndern und feststellen, dass der gekaufte Artikel ungeeignet ist oder einen Herstellungsfehler aufweist, senden Sie ihn bitte innerhalb von 14 Tagen nach Erhalt Ihrer Bestellung an die folgende Adresse zur\u00fcck:<\/p>\n<p>MAX GOLD<br>Zouroudis Michalis<br>Eukalyptus, Kolympia<br>851 03 Afantou (Rhodos)<br>Griechenland<\/p>\n<p>Vermerken Sie Ihren Namen, Ihre Adresse und Ihre Bestellnummer auf dem R\u00fccksendeformular, das wir Ihnen per E-Mail zusenden, und legen Sie es zusammen mit der Ware und dem Originalversandschein bei.<\/p>\n<p>Stellen Sie sicher, dass Ihre Waren in einem sicher verpackten Paket versendet werden. Bitte beachten Sie, dass Sie die Verantwortung f\u00fcr Ihr Paket tragen, bis es bei uns eintrifft. Wir empfehlen Ihnen daher, einen Postdienst mit <strong>Paketnummer<\/strong> zu verwenden. Sie m\u00fcssen jedoch alle Kosten f\u00fcr die R\u00fccksendung \u00fcbernehmen.  <\/p>\n<p>Die Bearbeitung Ihres Umtauschs oder Ihrer R\u00fcckerstattung kann bis zu <strong>20 Arbeitstage dauern<\/strong>. In sehr arbeitsintensiven Zeiten kann dies bis zu 25 Arbeitstage dauern, aber wir sorgen daf\u00fcr, dass die Bearbeitung so schnell wie m\u00f6glich erfolgt. <\/p>\n<p>Wenn Sie das Produkt aufgrund eines Fehlers unsererseits oder eines Herstellungsfehlers zur\u00fcckgeben, erstattet Ihnen unser Shop gerne alle Kosten, die mit der R\u00fccksendung des Artikels an uns verbunden sind, sowie die urspr\u00fcnglichen Portokosten.<\/p>\n<p>Bitte beachten Sie, dass wir den Eingang von R\u00fccksendungen per E-Mail best\u00e4tigen werden.<\/p>\n<p>Wenn Sie das R\u00fccksendeformular ben\u00f6tigen oder weitere Unterst\u00fctzung oder Beratung w\u00fcnschen, kontaktieren Sie uns bitte unter:<\/p>\n<p>E-Mail: info@maxgold.gr<\/p>\n<p> <\/p>\n<p><strong>SICHERHEITSMITTEILUNG<\/strong><\/p>\n<p>Ohrringe und Schmuck mit kleinen Teilen sind<strong> f\u00fcr Kinder unter 3 Jahren nicht geeignet<\/strong>, um unbeaufsichtigt zu sein, da die Gefahr des Verschluckens besteht.\nWir empfehlen dringend, Schmuck nicht an unbeaufsichtigte Kinder unter 3 Jahren abzugeben.\nSchmuck sollte von Kleinkindern nicht zum Spielen oder \u00fcber einen l\u00e4ngeren Zeitraum getragen werden, auch nicht <strong>beim Schlafen<\/strong>.  <\/p>\n<p> <\/p>\n<p><strong>SICHERHEIT UND DATENSCHUTZ<\/strong><\/p>\n<p>DATENSCHUTZ<br>Wir verpflichten uns, Ihre Privatsph\u00e4re zu sch\u00fctzen und die Sicherheit aller Informationen zu gew\u00e4hrleisten, die Sie uns f\u00fcr die Bearbeitung Ihrer Bestellung zur Verf\u00fcgung stellen.<\/p>\n<p>UNSERE DATENSCHUTZPOLITIK<br>Wir erheben und speichern keine pers\u00f6nlichen Daten \u00fcber Sie, es sei denn, Sie haben uns dazu Ihre ausdr\u00fcckliche Zustimmung gegeben.\nIndem Sie eine Bestellung aufgeben, stimmen Sie der Verwendung dieser pers\u00f6nlichen Daten zu.<br>Alle gespeicherten oder verarbeiteten pers\u00f6nlichen Daten werden auf dem neuesten Stand gehalten und vernichtet, sobald der Grund f\u00fcr ihre Erhebung oder Verarbeitung weggefallen ist.\nEs werden keine pers\u00f6nlichen Daten von Kunden an Dritte weitergegeben, au\u00dfer um die Lieferung der Waren an Sie durchzuf\u00fchren und um Zahlungen mit Kredit- oder Debitkarten abzuwickeln.\nIhre Privatsph\u00e4re und Ihr Vertrauen werden zu jeder Zeit respektiert.   <\/p>\n<p>SICHERES SHOPPING<br>Unser System ist so konzipiert, dass sensible Informationen \u00fcber Bestellungen niemals unsicher \u00fcbertragen werden.\nWir sehen Ihre Kredit-\/Debitkartendaten nicht, da sie mit Hilfe der SSL-Verschl\u00fcsselungstechnologie an Ihre Bank \u00fcbermittelt werden, um die Zahlung durchzuf\u00fchren.\nIhre Daten k\u00f6nnen an dritte Dienstleister weitergegeben werden, um Ihr Angebot zum Kauf der Waren zu bearbeiten.<br>Wir k\u00f6nnen Ihre E-Mail-Adresse verwenden, um Ihnen Informationen \u00fcber Produkte, Dienstleistungen, Werbeaktionen und Sonderangebote zukommen zu lassen, wenn Sie sich f\u00fcr den Newsletter angemeldet haben und damit einverstanden sind.  <\/p>\n<p>ZUSTIMMUNG<br>Mit der Abgabe eines Kaufangebots erkl\u00e4ren Sie sich damit einverstanden, dass die uns von Ihnen zur Verf\u00fcgung gestellten Daten f\u00fcr die oben genannten Zwecke verarbeitet werden.<\/p>\n<p>DRITTE<br>Wir werden Ihre Daten nicht an Dritte verkaufen oder weitergeben, es sei denn, dies geschieht zum Zweck der Bearbeitung Ihres Kaufangebots f\u00fcr die Waren.<\/p>\n<p>COOKIES<\/p>\n<p>Cookies sind kleine Informationseinheiten, die von Ihrem Browser an unseren Webserver gesendet werden.<\/p>\n<p>Wenn Sie einen Kommentar auf unserer Website hinterlassen, k\u00f6nnen Sie sich damit einverstanden erkl\u00e4ren, dass Ihr Name, Ihre E-Mail-Adresse und Ihre Website in Cookies gespeichert werden.\nDies dient Ihrer Bequemlichkeit, damit Sie Ihre Daten nicht erneut eingeben m\u00fcssen, wenn Sie einen weiteren Kommentar hinterlassen.\nDiese Cookies sind ein Jahr lang g\u00fcltig.  <\/p>\n<p>Wenn Sie unsere Anmeldeseite besuchen, setzen wir ein tempor\u00e4res Cookie, um festzustellen, ob Ihr Browser Cookies zul\u00e4sst.\nDieses Cookie enth\u00e4lt keine pers\u00f6nlichen Daten und wird verworfen, wenn Sie Ihren Browser schlie\u00dfen. <\/p>\n<p>Wenn Sie sich anmelden, legen wir au\u00dferdem mehrere Cookies an, um Ihre Anmeldeinformationen und die von Ihnen gew\u00e4hlten Bildschirmoptionen zu speichern. Die Anmelde-Cookies bleiben zwei Tage lang gespeichert, die Cookies f\u00fcr die Bildschirmoptionen ein Jahr lang. Wenn Sie &#8222;Angemeldet bleiben&#8220; w\u00e4hlen, bleibt Ihr Login zwei Wochen lang erhalten. Wenn Sie sich von Ihrem Konto abmelden, werden die Login-Cookies entfernt.   <\/p>\n<p>Wenn Sie einen Artikel bearbeiten oder ver\u00f6ffentlichen, wird ein zus\u00e4tzliches Cookie in Ihrem Browser gespeichert.\nDieses Cookie enth\u00e4lt keine pers\u00f6nlichen Daten und zeigt lediglich die Post-ID des Artikels an, den Sie gerade bearbeitet haben.\nEr verf\u00e4llt nach 1 Tag.  <\/p>\n<p> <\/p>\n<p><strong>HAFTUNG<\/strong><br>Wir haben den Inhalt von www.maxgold.com mit angemessener Sorgfalt und Sachkenntnis zusammengestellt, \u00fcbernehmen jedoch keine Garantie, weder ausdr\u00fccklich noch stillschweigend, f\u00fcr die Art oder Richtigkeit des Materials auf der Website und k\u00f6nnen keine Haftung f\u00fcr bestimmtes Material auf der Website oder als Folge der Nutzung der auf der Website enthaltenen Informationen oder des Vertrauens in diese \u00fcbernehmen.\nObwohl wir alle Anstrengungen unternehmen, um eine vollst\u00e4ndige Genauigkeit zu gew\u00e4hrleisten, k\u00f6nnen sich einige Preise oder Details auf der Website von Zeit zu Zeit \u00e4ndern, und es ist m\u00f6glich, dass Fehler auftreten.\nWir werden alle Fehler so schnell wie m\u00f6glich berichtigen.  <\/p>\n<p><strong>RECHT UND GERICHTSSTAND<\/strong><br>Die Vereinbarung unterliegt dem <strong>griechischen Recht<\/strong> und Sie erkl\u00e4ren sich damit einverstanden, sich der nicht ausschlie\u00dflichen Gerichtsbarkeit der <strong>griechischen Gerichte<\/strong> zu unterwerfen.\nSie sind f\u00fcr die Einhaltung der geltenden Gesetze des Landes verantwortlich, von dem aus Sie auf unsere Website zugreifen. <\/p>\n\n","protected":false},"excerpt":{"rendered":"","protected":false},"author":1,"featured_media":0,"parent":0,"menu_order":0,"comment_status":"closed","ping_status":"closed","template":"","meta":{"footnotes":""},"class_list":["post-3643","page","type-page","status-publish","hentry"],"yoast_head":"<!-- This site is optimized with the Yoast SEO plugin v27.5 - https:\/\/yoast.com\/product\/yoast-seo-wordpress\/ -->\n<title>Bedingungen &amp; Konditionen - Max Gold<\/title>\n<meta name=\"robots\" content=\"index, follow, max-snippet:-1, max-image-preview:large, max-video-preview:-1\" \/>\n<link rel=\"canonical\" href=\"https:\/\/maxgold.gr\/de\/bedingungen-konditionen\/\" \/>\n<meta property=\"og:locale\" content=\"de_DE\" \/>\n<meta property=\"og:type\" content=\"article\" \/>\n<meta property=\"og:title\" content=\"Bedingungen &amp; Konditionen - Max Gold\" \/>\n<meta property=\"og:url\" content=\"https:\/\/maxgold.gr\/de\/bedingungen-konditionen\/\" \/>\n<meta property=\"og:site_name\" content=\"Max Gold\" \/>\n<meta property=\"article:publisher\" content=\"https:\/\/www.facebook.com\/people\/Max-Gold\/61561801899896\/\" \/>\n<meta property=\"article:modified_time\" content=\"2024-11-20T22:10:53+00:00\" \/>\n<meta name=\"twitter:card\" content=\"summary_large_image\" \/>\n<meta name=\"twitter:label1\" content=\"Gesch\u00e4tzte Lesezeit\" \/>\n\t<meta name=\"twitter:data1\" content=\"9\u00a0Minuten\" \/>\n<script type=\"application\/ld+json\" class=\"yoast-schema-graph\">{\"@context\":\"https:\\\/\\\/schema.org\",\"@graph\":[{\"@type\":\"WebPage\",\"@id\":\"https:\\\/\\\/maxgold.gr\\\/de\\\/bedingungen-konditionen\\\/\",\"url\":\"https:\\\/\\\/maxgold.gr\\\/de\\\/bedingungen-konditionen\\\/\",\"name\":\"Bedingungen &amp; Konditionen - Max Gold\",\"isPartOf\":{\"@id\":\"https:\\\/\\\/maxgold.gr\\\/de\\\/#website\"},\"datePublished\":\"2023-12-02T20:46:59+00:00\",\"dateModified\":\"2024-11-20T22:10:53+00:00\",\"breadcrumb\":{\"@id\":\"https:\\\/\\\/maxgold.gr\\\/de\\\/bedingungen-konditionen\\\/#breadcrumb\"},\"inLanguage\":\"de\",\"potentialAction\":[{\"@type\":\"ReadAction\",\"target\":[\"https:\\\/\\\/maxgold.gr\\\/de\\\/bedingungen-konditionen\\\/\"]}]},{\"@type\":\"BreadcrumbList\",\"@id\":\"https:\\\/\\\/maxgold.gr\\\/de\\\/bedingungen-konditionen\\\/#breadcrumb\",\"itemListElement\":[{\"@type\":\"ListItem\",\"position\":1,\"name\":\"Home\",\"item\":\"https:\\\/\\\/maxgold.gr\\\/de\\\/startseite\\\/\"},{\"@type\":\"ListItem\",\"position\":2,\"name\":\"Bedingungen &amp; Konditionen\"}]},{\"@type\":\"WebSite\",\"@id\":\"https:\\\/\\\/maxgold.gr\\\/de\\\/#website\",\"url\":\"https:\\\/\\\/maxgold.gr\\\/de\\\/\",\"name\":\"Max Gold\",\"description\":\"Max Gold\",\"potentialAction\":[{\"@type\":\"SearchAction\",\"target\":{\"@type\":\"EntryPoint\",\"urlTemplate\":\"https:\\\/\\\/maxgold.gr\\\/de\\\/?s={search_term_string}\"},\"query-input\":{\"@type\":\"PropertyValueSpecification\",\"valueRequired\":true,\"valueName\":\"search_term_string\"}}],\"inLanguage\":\"de\"}]}<\/script>\n<!-- \/ Yoast SEO plugin. -->","yoast_head_json":{"title":"Bedingungen &amp; Konditionen - Max Gold","robots":{"index":"index","follow":"follow","max-snippet":"max-snippet:-1","max-image-preview":"max-image-preview:large","max-video-preview":"max-video-preview:-1"},"canonical":"https:\/\/maxgold.gr\/de\/bedingungen-konditionen\/","og_locale":"de_DE","og_type":"article","og_title":"Bedingungen &amp; Konditionen - Max Gold","og_url":"https:\/\/maxgold.gr\/de\/bedingungen-konditionen\/","og_site_name":"Max Gold","article_publisher":"https:\/\/www.facebook.com\/people\/Max-Gold\/61561801899896\/","article_modified_time":"2024-11-20T22:10:53+00:00","twitter_card":"summary_large_image","twitter_misc":{"Gesch\u00e4tzte Lesezeit":"9\u00a0Minuten"},"schema":{"@context":"https:\/\/schema.org","@graph":[{"@type":"WebPage","@id":"https:\/\/maxgold.gr\/de\/bedingungen-konditionen\/","url":"https:\/\/maxgold.gr\/de\/bedingungen-konditionen\/","name":"Bedingungen &amp; Konditionen - Max Gold","isPartOf":{"@id":"https:\/\/maxgold.gr\/de\/#website"},"datePublished":"2023-12-02T20:46:59+00:00","dateModified":"2024-11-20T22:10:53+00:00","breadcrumb":{"@id":"https:\/\/maxgold.gr\/de\/bedingungen-konditionen\/#breadcrumb"},"inLanguage":"de","potentialAction":[{"@type":"ReadAction","target":["https:\/\/maxgold.gr\/de\/bedingungen-konditionen\/"]}]},{"@type":"BreadcrumbList","@id":"https:\/\/maxgold.gr\/de\/bedingungen-konditionen\/#breadcrumb","itemListElement":[{"@type":"ListItem","position":1,"name":"Home","item":"https:\/\/maxgold.gr\/de\/startseite\/"},{"@type":"ListItem","position":2,"name":"Bedingungen &amp; Konditionen"}]},{"@type":"WebSite","@id":"https:\/\/maxgold.gr\/de\/#website","url":"https:\/\/maxgold.gr\/de\/","name":"Max Gold","description":"Max Gold","potentialAction":[{"@type":"SearchAction","target":{"@type":"EntryPoint","urlTemplate":"https:\/\/maxgold.gr\/de\/?s={search_term_string}"},"query-input":{"@type":"PropertyValueSpecification","valueRequired":true,"valueName":"search_term_string"}}],"inLanguage":"de"}]}},"jetpack_sharing_enabled":true,"_links":{"self":[{"href":"https:\/\/maxgold.gr\/de\/wp-json\/wp\/v2\/pages\/3643","targetHints":{"allow":["GET"]}}],"collection":[{"href":"https:\/\/maxgold.gr\/de\/wp-json\/wp\/v2\/pages"}],"about":[{"href":"https:\/\/maxgold.gr\/de\/wp-json\/wp\/v2\/types\/page"}],"author":[{"embeddable":true,"href":"https:\/\/maxgold.gr\/de\/wp-json\/wp\/v2\/users\/1"}],"replies":[{"embeddable":true,"href":"https:\/\/maxgold.gr\/de\/wp-json\/wp\/v2\/comments?post=3643"}],"version-history":[{"count":5,"href":"https:\/\/maxgold.gr\/de\/wp-json\/wp\/v2\/pages\/3643\/revisions"}],"predecessor-version":[{"id":4581,"href":"https:\/\/maxgold.gr\/de\/wp-json\/wp\/v2\/pages\/3643\/revisions\/4581"}],"wp:attachment":[{"href":"https:\/\/maxgold.gr\/de\/wp-json\/wp\/v2\/media?parent=3643"}],"curies":[{"name":"wp","href":"https:\/\/api.w.org\/{rel}","templated":true}]}}