{"id":3589,"date":"2024-09-03T02:37:18","date_gmt":"2024-09-02T23:37:18","guid":{"rendered":"https:\/\/maxgold.gr\/shop\/griechisches-boeses-auge-ohrstecker-silver-gata-eye-aus-925-sterling-silber-mit-cz\/"},"modified":"2024-11-05T22:31:53","modified_gmt":"2024-11-05T19:31:53","slug":"griechisches-boeses-auge-ohrstecker-silver-gata-eye-aus-925-sterling-silber-mit-cz","status":"publish","type":"product","link":"https:\/\/maxgold.gr\/de\/shop\/griechisches-boeses-auge-ohrstecker-silver-gata-eye-aus-925-sterling-silber-mit-cz\/","title":{"rendered":"Griechisches Auge Ohrstecker, &#8222;Silber Gata Eye&#8220; aus 925 Sterlingsilber, mit Zirkonia"},"content":{"rendered":"<p><span style=\"color: #000000;\">Die wundersch\u00f6nen 925er Sterling Silber Ohrringe mit dem Griehischen Auge und vielen Kubischer Zirkonia Steinen sind ein atemberaubendes Accessoire. Das verschlungene Design des B\u00f6se-Augen-Symbols in Kombination mit dem Funkeln der Zirkonia ist ein echter Blickfang. &#8222;Silber Gata Eye&#8220; ist eine vielseitige und stilvolle Erg\u00e4nzung f\u00fcr jedes Outfit. Diese Ohrringe sehen nicht nur sch\u00f6n aus, sondern tragen auch die Symbolik des Schutzes vor negativer Energie in sich.   <\/span><\/p>\n<p><span style=\"color: #000000;\"> <\/span><\/p>\n<p dir=\"ltr\"><span style=\"color: #000000;\">Dank des sicheren Steckverschluss lassen sich diese Ohrringe leicht an- und ablegen und bieten Komfort und Bequemlichkeit f\u00fcr das t\u00e4gliche Tragen.<br \/>\n<\/span><\/p>\n<p>&nbsp;<\/p>\n<p>&nbsp;<\/p>\n<h4><strong>Produktdetails<\/strong><\/h4>\n<p><strong>Abmessungen:<\/strong> 0,9cm hoch x 0,9cm breit x 0,1cm tief + 1,0cm Pfosten <strong>Edelstein: <\/strong>Emaille, wei\u00dfer Kubischer Zirkonia <strong>Sorte:<\/strong> Ohrstecker <strong>Metall:<\/strong> Sterlingsilber (925) <strong>Metallstempel:<\/strong> 925 <strong>Beschichtung: <\/strong>Rhodium <strong>Verschl\u00fcsse: <\/strong>Steckverschluss<\/p>\n<p><strong><br \/>\n<\/strong><\/p>\n<p>&nbsp;<\/p>\n<p><span style=\"color: #000000;\">Die Fotos auf der Website sind so nah wie m\u00f6glich am echten Produkt.<\/span><br \/>\n<span style=\"color: #000000;\">Aufgrund von Unterschieden bei Monitoren k\u00f6nnen die Farben der Produkte auch anders aussehen als auf der Website dargestellt.<\/span><\/p>\n<p>&nbsp;<\/p>\n","protected":false},"excerpt":{"rendered":"<p><span style=\"color: #000000;\">Die &#8222;Silver Gata Eye&#8220; Ohrringe sind ein stilvolles Accessoire aus 925er Sterling Silber, das mit Kubischer Zirkonia verziert ist.<\/span><\/p>\n<p><span style=\"color: #000000;\">Diese Ohrringe sehen nicht nur sch\u00f6n aus, sondern tragen auch die Symbolik des Schutzes vor negativer Energie in sich.<\/span><\/p>\n<p>&nbsp;<\/p>\n<p><span style=\"color: #000000;\"> <\/span><\/p>\n","protected":false},"featured_media":3590,"comment_status":"open","ping_status":"closed","template":"","meta":[],"product_brand":[],"product_cat":[439,446,434,432,431,433,447,726,435],"product_tag":[445,450,449,448,441,442],"class_list":{"0":"post-3589","1":"product","2":"type-product","3":"status-publish","4":"has-post-thumbnail","6":"product_cat-damenschmuck","7":"product_cat-griechisches-auge-kollektion","8":"product_cat-metall","9":"product_cat-neu-ankommen","10":"product_cat-ohrringe","11":"product_cat-ohrstecker","12":"product_cat-ohrstecker-silber","13":"product_cat-silber","14":"product_cat-sterling-silber-925","15":"product_tag-blau","16":"product_tag-gata-eye-collection-de","17":"product_tag-griechisches-boses-auge-kollektion","18":"product_tag-kubischer-zirkoniumdioxid","19":"product_tag-ohrstecker","20":"product_tag-sterling-silber-925","22":"first","23":"instock","24":"taxable","25":"shipping-taxable","26":"purchasable","27":"product-type-simple","28":"add-to-wishlist-before_add_to_cart"},"yoast_head":"<!-- This site is optimized with the Yoast SEO plugin v27.5 - https:\/\/yoast.com\/product\/yoast-seo-wordpress\/ -->\n<title>Griechisches Auge Ohrstecker, &quot;Silber Gata Eye&quot; aus 925 Sterlingsilber, mit Zirkonia - Max Gold<\/title>\n<meta name=\"robots\" content=\"index, follow, max-snippet:-1, max-image-preview:large, max-video-preview:-1\" \/>\n<link rel=\"canonical\" href=\"https:\/\/maxgold.gr\/de\/shop\/griechisches-boeses-auge-ohrstecker-silver-gata-eye-aus-925-sterling-silber-mit-cz\/\" \/>\n<meta property=\"og:locale\" content=\"de_DE\" \/>\n<meta property=\"og:type\" content=\"article\" \/>\n<meta property=\"og:title\" content=\"Griechisches Auge Ohrstecker, &quot;Silber Gata Eye&quot; aus 925 Sterlingsilber, mit Zirkonia - Max Gold\" \/>\n<meta property=\"og:description\" content=\"Die &quot;Silver Gata Eye&quot; Ohrringe sind ein stilvolles Accessoire aus 925er Sterling Silber, das mit Kubischer Zirkonia verziert ist. Diese Ohrringe sehen nicht nur sch\u00f6n aus, sondern tragen auch die Symbolik des Schutzes vor negativer Energie in sich. &nbsp;\" \/>\n<meta property=\"og:url\" content=\"https:\/\/maxgold.gr\/de\/shop\/griechisches-boeses-auge-ohrstecker-silver-gata-eye-aus-925-sterling-silber-mit-cz\/\" \/>\n<meta property=\"og:site_name\" content=\"Max Gold\" \/>\n<meta property=\"article:publisher\" content=\"https:\/\/www.facebook.com\/people\/Max-Gold\/61561801899896\/\" \/>\n<meta property=\"article:modified_time\" content=\"2024-11-05T19:31:53+00:00\" \/>\n<meta property=\"og:image\" content=\"https:\/\/i0.wp.com\/maxgold.gr\/wp-content\/uploads\/2024\/09\/eee-3.jpg?fit=800%2C800&ssl=1\" \/>\n\t<meta property=\"og:image:width\" content=\"800\" \/>\n\t<meta property=\"og:image:height\" content=\"800\" \/>\n\t<meta property=\"og:image:type\" content=\"image\/jpeg\" \/>\n<meta name=\"twitter:card\" content=\"summary_large_image\" \/>\n<meta name=\"twitter:label1\" content=\"Gesch\u00e4tzte Lesezeit\" \/>\n\t<meta name=\"twitter:data1\" content=\"1\u00a0Minute\" \/>\n<script type=\"application\/ld+json\" class=\"yoast-schema-graph\">{\"@context\":\"https:\\\/\\\/schema.org\",\"@graph\":[{\"@type\":\"WebPage\",\"@id\":\"https:\\\/\\\/maxgold.gr\\\/de\\\/shop\\\/griechisches-boeses-auge-ohrstecker-silver-gata-eye-aus-925-sterling-silber-mit-cz\\\/\",\"url\":\"https:\\\/\\\/maxgold.gr\\\/de\\\/shop\\\/griechisches-boeses-auge-ohrstecker-silver-gata-eye-aus-925-sterling-silber-mit-cz\\\/\",\"name\":\"Griechisches Auge Ohrstecker, \\\"Silber Gata Eye\\\" aus 925 Sterlingsilber, mit Zirkonia - Max Gold\",\"isPartOf\":{\"@id\":\"https:\\\/\\\/maxgold.gr\\\/de\\\/#website\"},\"primaryImageOfPage\":{\"@id\":\"https:\\\/\\\/maxgold.gr\\\/de\\\/shop\\\/griechisches-boeses-auge-ohrstecker-silver-gata-eye-aus-925-sterling-silber-mit-cz\\\/#primaryimage\"},\"image\":{\"@id\":\"https:\\\/\\\/maxgold.gr\\\/de\\\/shop\\\/griechisches-boeses-auge-ohrstecker-silver-gata-eye-aus-925-sterling-silber-mit-cz\\\/#primaryimage\"},\"thumbnailUrl\":\"https:\\\/\\\/i0.wp.com\\\/maxgold.gr\\\/wp-content\\\/uploads\\\/2024\\\/09\\\/eee-3.jpg?fit=800%2C800&ssl=1\",\"datePublished\":\"2024-09-02T23:37:18+00:00\",\"dateModified\":\"2024-11-05T19:31:53+00:00\",\"breadcrumb\":{\"@id\":\"https:\\\/\\\/maxgold.gr\\\/de\\\/shop\\\/griechisches-boeses-auge-ohrstecker-silver-gata-eye-aus-925-sterling-silber-mit-cz\\\/#breadcrumb\"},\"inLanguage\":\"de\",\"potentialAction\":[{\"@type\":\"ReadAction\",\"target\":[\"https:\\\/\\\/maxgold.gr\\\/de\\\/shop\\\/griechisches-boeses-auge-ohrstecker-silver-gata-eye-aus-925-sterling-silber-mit-cz\\\/\"]}]},{\"@type\":\"ImageObject\",\"inLanguage\":\"de\",\"@id\":\"https:\\\/\\\/maxgold.gr\\\/de\\\/shop\\\/griechisches-boeses-auge-ohrstecker-silver-gata-eye-aus-925-sterling-silber-mit-cz\\\/#primaryimage\",\"url\":\"https:\\\/\\\/i0.wp.com\\\/maxgold.gr\\\/wp-content\\\/uploads\\\/2024\\\/09\\\/eee-3.jpg?fit=800%2C800&ssl=1\",\"contentUrl\":\"https:\\\/\\\/i0.wp.com\\\/maxgold.gr\\\/wp-content\\\/uploads\\\/2024\\\/09\\\/eee-3.jpg?fit=800%2C800&ssl=1\",\"width\":800,\"height\":800},{\"@type\":\"BreadcrumbList\",\"@id\":\"https:\\\/\\\/maxgold.gr\\\/de\\\/shop\\\/griechisches-boeses-auge-ohrstecker-silver-gata-eye-aus-925-sterling-silber-mit-cz\\\/#breadcrumb\",\"itemListElement\":[{\"@type\":\"ListItem\",\"position\":1,\"name\":\"Home\",\"item\":\"https:\\\/\\\/maxgold.gr\\\/de\\\/startseite\\\/\"},{\"@type\":\"ListItem\",\"position\":2,\"name\":\"Gesch\u00e4ft\",\"item\":\"https:\\\/\\\/maxgold.gr\\\/de\\\/%ce%ba%ce%b1%cf%84%ce%ac%cf%83%cf%84%ce%b7%ce%bc%ce%b1\\\/\"},{\"@type\":\"ListItem\",\"position\":3,\"name\":\"Griechisches Auge Ohrstecker, &#8220;Silber Gata Eye&#8221; aus 925 Sterlingsilber, mit Zirkonia\"}]},{\"@type\":\"WebSite\",\"@id\":\"https:\\\/\\\/maxgold.gr\\\/de\\\/#website\",\"url\":\"https:\\\/\\\/maxgold.gr\\\/de\\\/\",\"name\":\"Max Gold\",\"description\":\"Max Gold\",\"potentialAction\":[{\"@type\":\"SearchAction\",\"target\":{\"@type\":\"EntryPoint\",\"urlTemplate\":\"https:\\\/\\\/maxgold.gr\\\/de\\\/?s={search_term_string}\"},\"query-input\":{\"@type\":\"PropertyValueSpecification\",\"valueRequired\":true,\"valueName\":\"search_term_string\"}}],\"inLanguage\":\"de\"}]}<\/script>\n<!-- \/ Yoast SEO plugin. -->","yoast_head_json":{"title":"Griechisches Auge Ohrstecker, \"Silber Gata Eye\" aus 925 Sterlingsilber, mit Zirkonia - Max Gold","robots":{"index":"index","follow":"follow","max-snippet":"max-snippet:-1","max-image-preview":"max-image-preview:large","max-video-preview":"max-video-preview:-1"},"canonical":"https:\/\/maxgold.gr\/de\/shop\/griechisches-boeses-auge-ohrstecker-silver-gata-eye-aus-925-sterling-silber-mit-cz\/","og_locale":"de_DE","og_type":"article","og_title":"Griechisches Auge Ohrstecker, \"Silber Gata Eye\" aus 925 Sterlingsilber, mit Zirkonia - Max Gold","og_description":"Die \"Silver Gata Eye\" Ohrringe sind ein stilvolles Accessoire aus 925er Sterling Silber, das mit Kubischer Zirkonia verziert ist. Diese Ohrringe sehen nicht nur sch\u00f6n aus, sondern tragen auch die Symbolik des Schutzes vor negativer Energie in sich. &nbsp;","og_url":"https:\/\/maxgold.gr\/de\/shop\/griechisches-boeses-auge-ohrstecker-silver-gata-eye-aus-925-sterling-silber-mit-cz\/","og_site_name":"Max Gold","article_publisher":"https:\/\/www.facebook.com\/people\/Max-Gold\/61561801899896\/","article_modified_time":"2024-11-05T19:31:53+00:00","og_image":[{"width":800,"height":800,"url":"https:\/\/i0.wp.com\/maxgold.gr\/wp-content\/uploads\/2024\/09\/eee-3.jpg?fit=800%2C800&ssl=1","type":"image\/jpeg"}],"twitter_card":"summary_large_image","twitter_misc":{"Gesch\u00e4tzte Lesezeit":"1\u00a0Minute"},"schema":{"@context":"https:\/\/schema.org","@graph":[{"@type":"WebPage","@id":"https:\/\/maxgold.gr\/de\/shop\/griechisches-boeses-auge-ohrstecker-silver-gata-eye-aus-925-sterling-silber-mit-cz\/","url":"https:\/\/maxgold.gr\/de\/shop\/griechisches-boeses-auge-ohrstecker-silver-gata-eye-aus-925-sterling-silber-mit-cz\/","name":"Griechisches Auge Ohrstecker, \"Silber Gata Eye\" aus 925 Sterlingsilber, mit Zirkonia - Max Gold","isPartOf":{"@id":"https:\/\/maxgold.gr\/de\/#website"},"primaryImageOfPage":{"@id":"https:\/\/maxgold.gr\/de\/shop\/griechisches-boeses-auge-ohrstecker-silver-gata-eye-aus-925-sterling-silber-mit-cz\/#primaryimage"},"image":{"@id":"https:\/\/maxgold.gr\/de\/shop\/griechisches-boeses-auge-ohrstecker-silver-gata-eye-aus-925-sterling-silber-mit-cz\/#primaryimage"},"thumbnailUrl":"https:\/\/i0.wp.com\/maxgold.gr\/wp-content\/uploads\/2024\/09\/eee-3.jpg?fit=800%2C800&ssl=1","datePublished":"2024-09-02T23:37:18+00:00","dateModified":"2024-11-05T19:31:53+00:00","breadcrumb":{"@id":"https:\/\/maxgold.gr\/de\/shop\/griechisches-boeses-auge-ohrstecker-silver-gata-eye-aus-925-sterling-silber-mit-cz\/#breadcrumb"},"inLanguage":"de","potentialAction":[{"@type":"ReadAction","target":["https:\/\/maxgold.gr\/de\/shop\/griechisches-boeses-auge-ohrstecker-silver-gata-eye-aus-925-sterling-silber-mit-cz\/"]}]},{"@type":"ImageObject","inLanguage":"de","@id":"https:\/\/maxgold.gr\/de\/shop\/griechisches-boeses-auge-ohrstecker-silver-gata-eye-aus-925-sterling-silber-mit-cz\/#primaryimage","url":"https:\/\/i0.wp.com\/maxgold.gr\/wp-content\/uploads\/2024\/09\/eee-3.jpg?fit=800%2C800&ssl=1","contentUrl":"https:\/\/i0.wp.com\/maxgold.gr\/wp-content\/uploads\/2024\/09\/eee-3.jpg?fit=800%2C800&ssl=1","width":800,"height":800},{"@type":"BreadcrumbList","@id":"https:\/\/maxgold.gr\/de\/shop\/griechisches-boeses-auge-ohrstecker-silver-gata-eye-aus-925-sterling-silber-mit-cz\/#breadcrumb","itemListElement":[{"@type":"ListItem","position":1,"name":"Home","item":"https:\/\/maxgold.gr\/de\/startseite\/"},{"@type":"ListItem","position":2,"name":"Gesch\u00e4ft","item":"https:\/\/maxgold.gr\/de\/%ce%ba%ce%b1%cf%84%ce%ac%cf%83%cf%84%ce%b7%ce%bc%ce%b1\/"},{"@type":"ListItem","position":3,"name":"Griechisches Auge Ohrstecker, &#8220;Silber Gata Eye&#8221; aus 925 Sterlingsilber, mit Zirkonia"}]},{"@type":"WebSite","@id":"https:\/\/maxgold.gr\/de\/#website","url":"https:\/\/maxgold.gr\/de\/","name":"Max Gold","description":"Max Gold","potentialAction":[{"@type":"SearchAction","target":{"@type":"EntryPoint","urlTemplate":"https:\/\/maxgold.gr\/de\/?s={search_term_string}"},"query-input":{"@type":"PropertyValueSpecification","valueRequired":true,"valueName":"search_term_string"}}],"inLanguage":"de"}]}},"jetpack_sharing_enabled":true,"_links":{"self":[{"href":"https:\/\/maxgold.gr\/de\/wp-json\/wp\/v2\/product\/3589","targetHints":{"allow":["GET"]}}],"collection":[{"href":"https:\/\/maxgold.gr\/de\/wp-json\/wp\/v2\/product"}],"about":[{"href":"https:\/\/maxgold.gr\/de\/wp-json\/wp\/v2\/types\/product"}],"replies":[{"embeddable":true,"href":"https:\/\/maxgold.gr\/de\/wp-json\/wp\/v2\/comments?post=3589"}],"wp:featuredmedia":[{"embeddable":true,"href":"https:\/\/maxgold.gr\/de\/wp-json\/wp\/v2\/media\/3590"}],"wp:attachment":[{"href":"https:\/\/maxgold.gr\/de\/wp-json\/wp\/v2\/media?parent=3589"}],"wp:term":[{"taxonomy":"product_brand","embeddable":true,"href":"https:\/\/maxgold.gr\/de\/wp-json\/wp\/v2\/product_brand?post=3589"},{"taxonomy":"product_cat","embeddable":true,"href":"https:\/\/maxgold.gr\/de\/wp-json\/wp\/v2\/product_cat?post=3589"},{"taxonomy":"product_tag","embeddable":true,"href":"https:\/\/maxgold.gr\/de\/wp-json\/wp\/v2\/product_tag?post=3589"}],"curies":[{"name":"wp","href":"https:\/\/api.w.org\/{rel}","templated":true}]}}