{"id":3597,"date":"2024-08-26T01:10:03","date_gmt":"2024-08-25T22:10:03","guid":{"rendered":"https:\/\/maxgold.gr\/shop\/vergoldetes-kandarenarmband-curby-goldy-hergestellt-aus-edelstahl\/"},"modified":"2025-03-22T01:30:46","modified_gmt":"2025-03-21T22:30:46","slug":"vergoldetes-kandarenarmband-curby-goldy-hergestellt-aus-edelstahl","status":"publish","type":"product","link":"https:\/\/maxgold.gr\/de\/shop\/vergoldetes-kandarenarmband-curby-goldy-hergestellt-aus-edelstahl\/","title":{"rendered":"Vergoldetes Panzerarmband &#8222;Curby Goldy&#8220;, aus Edelstahl"},"content":{"rendered":"<p class=\"product-title product_title entry-title\">Das vergoldete Panzerarmband &#8222;Curby Goldy&#8220; aus Edelstahl verbindet die klassische Anziehungskraft von Gold mit der Haltbarkeit von Edelstahl. Diese Fusion schafft ein vielseitiges St\u00fcck, das t\u00e4glich getragen werden kann. Es verleiht jedem Outfit einen raffinierten Touch und ist damit eine beliebte Wahl f\u00fcr M\u00e4nner, die ihren Stil m\u00fchelos aufwerten m\u00f6chten.  <\/p>\n<p>&nbsp;<\/p>\n<p>&nbsp;<\/p>\n<p>&nbsp;<\/p>\n<h4><strong>Produktdetails<\/strong><\/h4>\n<p><strong>L\u00e4nge: <\/strong>20cm<\/p>\n<p><strong>Breite: <\/strong>0,6cm<\/p>\n<p><strong><br \/>\n<\/strong><\/p>\n<p><strong>Metall:<\/strong> Edelstahl<\/p>\n<p><strong>Metallstempel:<\/strong> S.STEEL<\/p>\n<p><strong>Plattierung: <\/strong>Gold<\/p>\n<p><strong> <\/strong><\/p>\n<p><span style=\"color: #000000;\">Wenn Sie m\u00f6chten, dass Ihr Schmuck den Test der Zeit besteht und ein Leben lang h\u00e4lt, besuchen Sie bitte den folgenden Link:<\/span><\/p>\n<p><a href=\"https:\/\/maxgold.gr\/jewellery-care\/\"><span style=\"color: #4e0aa1;\">Allgemeine Informationen zum Schutz Ihres gesamten vergoldeten Schmucks.<\/span><\/a><\/p>\n<p>&nbsp;<\/p>\n","protected":false},"excerpt":{"rendered":"<p>Das vergoldete Panzerarmband &#8222;Curby Goldy&#8220; aus Edelstahl verbindet die klassische Ausstrahlung von Gold mit der Haltbarkeit von Edelstahl.<\/p>\n<p>L<span class=\"BxUVEf ILfuVd\" lang=\"en\"><span class=\"hgKElc\">ength<\/span><\/span>: 20cm<\/p>\n","protected":false},"featured_media":3598,"comment_status":"open","ping_status":"closed","template":"","meta":[],"product_brand":[],"product_cat":[453,452,454,451,434,432],"product_tag":[456,457,458,455,459],"class_list":{"0":"post-3597","1":"product","2":"type-product","3":"status-publish","4":"has-post-thumbnail","6":"product_cat-armbander-fur-manner","7":"product_cat-rostfreier-stahl","8":"product_cat-manner-ketten-armbander","9":"product_cat-mannerschmuck","10":"product_cat-metall","11":"product_cat-neu-ankommen","12":"product_tag-karabinerhaken","13":"product_tag-manner-armbander","14":"product_tag-panzerkette","15":"product_tag-schmuck-fur-manner","16":"product_tag-vergoldeter-rostfreier-stahl","18":"first","19":"instock","20":"taxable","21":"shipping-taxable","22":"purchasable","23":"product-type-simple","24":"add-to-wishlist-before_add_to_cart"},"yoast_head":"<!-- This site is optimized with the Yoast SEO plugin v27.5 - https:\/\/yoast.com\/product\/yoast-seo-wordpress\/ -->\n<title>Vergoldetes Panzerarmband &quot;Curby Goldy&quot;, aus Edelstahl - Max Gold<\/title>\n<meta name=\"robots\" content=\"index, follow, max-snippet:-1, max-image-preview:large, max-video-preview:-1\" \/>\n<link rel=\"canonical\" href=\"https:\/\/maxgold.gr\/de\/shop\/vergoldetes-kandarenarmband-curby-goldy-hergestellt-aus-edelstahl\/\" \/>\n<meta property=\"og:locale\" content=\"de_DE\" \/>\n<meta property=\"og:type\" content=\"article\" \/>\n<meta property=\"og:title\" content=\"Vergoldetes Panzerarmband &quot;Curby Goldy&quot;, aus Edelstahl - Max Gold\" \/>\n<meta property=\"og:description\" content=\"Das vergoldete Panzerarmband &quot;Curby Goldy&quot; aus Edelstahl verbindet die klassische Ausstrahlung von Gold mit der Haltbarkeit von Edelstahl. Length: 20cm\" \/>\n<meta property=\"og:url\" content=\"https:\/\/maxgold.gr\/de\/shop\/vergoldetes-kandarenarmband-curby-goldy-hergestellt-aus-edelstahl\/\" \/>\n<meta property=\"og:site_name\" content=\"Max Gold\" \/>\n<meta property=\"article:publisher\" content=\"https:\/\/www.facebook.com\/people\/Max-Gold\/61561801899896\/\" \/>\n<meta property=\"article:modified_time\" content=\"2025-03-21T22:30:46+00:00\" \/>\n<meta property=\"og:image\" content=\"https:\/\/i0.wp.com\/maxgold.gr\/wp-content\/uploads\/2024\/08\/mb-2b.jpg?fit=800%2C800&ssl=1\" \/>\n\t<meta property=\"og:image:width\" content=\"800\" \/>\n\t<meta property=\"og:image:height\" content=\"800\" \/>\n\t<meta property=\"og:image:type\" content=\"image\/jpeg\" \/>\n<meta name=\"twitter:card\" content=\"summary_large_image\" \/>\n<meta name=\"twitter:label1\" content=\"Gesch\u00e4tzte Lesezeit\" \/>\n\t<meta name=\"twitter:data1\" content=\"1\u00a0Minute\" \/>\n<script type=\"application\/ld+json\" class=\"yoast-schema-graph\">{\"@context\":\"https:\\\/\\\/schema.org\",\"@graph\":[{\"@type\":\"WebPage\",\"@id\":\"https:\\\/\\\/maxgold.gr\\\/de\\\/shop\\\/vergoldetes-kandarenarmband-curby-goldy-hergestellt-aus-edelstahl\\\/\",\"url\":\"https:\\\/\\\/maxgold.gr\\\/de\\\/shop\\\/vergoldetes-kandarenarmband-curby-goldy-hergestellt-aus-edelstahl\\\/\",\"name\":\"Vergoldetes Panzerarmband \\\"Curby Goldy\\\", aus Edelstahl - Max Gold\",\"isPartOf\":{\"@id\":\"https:\\\/\\\/maxgold.gr\\\/de\\\/#website\"},\"primaryImageOfPage\":{\"@id\":\"https:\\\/\\\/maxgold.gr\\\/de\\\/shop\\\/vergoldetes-kandarenarmband-curby-goldy-hergestellt-aus-edelstahl\\\/#primaryimage\"},\"image\":{\"@id\":\"https:\\\/\\\/maxgold.gr\\\/de\\\/shop\\\/vergoldetes-kandarenarmband-curby-goldy-hergestellt-aus-edelstahl\\\/#primaryimage\"},\"thumbnailUrl\":\"https:\\\/\\\/i0.wp.com\\\/maxgold.gr\\\/wp-content\\\/uploads\\\/2024\\\/08\\\/mb-2b.jpg?fit=800%2C800&ssl=1\",\"datePublished\":\"2024-08-25T22:10:03+00:00\",\"dateModified\":\"2025-03-21T22:30:46+00:00\",\"breadcrumb\":{\"@id\":\"https:\\\/\\\/maxgold.gr\\\/de\\\/shop\\\/vergoldetes-kandarenarmband-curby-goldy-hergestellt-aus-edelstahl\\\/#breadcrumb\"},\"inLanguage\":\"de\",\"potentialAction\":[{\"@type\":\"ReadAction\",\"target\":[\"https:\\\/\\\/maxgold.gr\\\/de\\\/shop\\\/vergoldetes-kandarenarmband-curby-goldy-hergestellt-aus-edelstahl\\\/\"]}]},{\"@type\":\"ImageObject\",\"inLanguage\":\"de\",\"@id\":\"https:\\\/\\\/maxgold.gr\\\/de\\\/shop\\\/vergoldetes-kandarenarmband-curby-goldy-hergestellt-aus-edelstahl\\\/#primaryimage\",\"url\":\"https:\\\/\\\/i0.wp.com\\\/maxgold.gr\\\/wp-content\\\/uploads\\\/2024\\\/08\\\/mb-2b.jpg?fit=800%2C800&ssl=1\",\"contentUrl\":\"https:\\\/\\\/i0.wp.com\\\/maxgold.gr\\\/wp-content\\\/uploads\\\/2024\\\/08\\\/mb-2b.jpg?fit=800%2C800&ssl=1\",\"width\":800,\"height\":800},{\"@type\":\"BreadcrumbList\",\"@id\":\"https:\\\/\\\/maxgold.gr\\\/de\\\/shop\\\/vergoldetes-kandarenarmband-curby-goldy-hergestellt-aus-edelstahl\\\/#breadcrumb\",\"itemListElement\":[{\"@type\":\"ListItem\",\"position\":1,\"name\":\"Home\",\"item\":\"https:\\\/\\\/maxgold.gr\\\/de\\\/startseite\\\/\"},{\"@type\":\"ListItem\",\"position\":2,\"name\":\"Gesch\u00e4ft\",\"item\":\"https:\\\/\\\/maxgold.gr\\\/de\\\/%ce%ba%ce%b1%cf%84%ce%ac%cf%83%cf%84%ce%b7%ce%bc%ce%b1\\\/\"},{\"@type\":\"ListItem\",\"position\":3,\"name\":\"Vergoldetes Panzerarmband &#8222;Curby Goldy&#8220;, aus Edelstahl\"}]},{\"@type\":\"WebSite\",\"@id\":\"https:\\\/\\\/maxgold.gr\\\/de\\\/#website\",\"url\":\"https:\\\/\\\/maxgold.gr\\\/de\\\/\",\"name\":\"Max Gold\",\"description\":\"Max Gold\",\"potentialAction\":[{\"@type\":\"SearchAction\",\"target\":{\"@type\":\"EntryPoint\",\"urlTemplate\":\"https:\\\/\\\/maxgold.gr\\\/de\\\/?s={search_term_string}\"},\"query-input\":{\"@type\":\"PropertyValueSpecification\",\"valueRequired\":true,\"valueName\":\"search_term_string\"}}],\"inLanguage\":\"de\"}]}<\/script>\n<!-- \/ Yoast SEO plugin. -->","yoast_head_json":{"title":"Vergoldetes Panzerarmband \"Curby Goldy\", aus Edelstahl - Max Gold","robots":{"index":"index","follow":"follow","max-snippet":"max-snippet:-1","max-image-preview":"max-image-preview:large","max-video-preview":"max-video-preview:-1"},"canonical":"https:\/\/maxgold.gr\/de\/shop\/vergoldetes-kandarenarmband-curby-goldy-hergestellt-aus-edelstahl\/","og_locale":"de_DE","og_type":"article","og_title":"Vergoldetes Panzerarmband \"Curby Goldy\", aus Edelstahl - Max Gold","og_description":"Das vergoldete Panzerarmband \"Curby Goldy\" aus Edelstahl verbindet die klassische Ausstrahlung von Gold mit der Haltbarkeit von Edelstahl. Length: 20cm","og_url":"https:\/\/maxgold.gr\/de\/shop\/vergoldetes-kandarenarmband-curby-goldy-hergestellt-aus-edelstahl\/","og_site_name":"Max Gold","article_publisher":"https:\/\/www.facebook.com\/people\/Max-Gold\/61561801899896\/","article_modified_time":"2025-03-21T22:30:46+00:00","og_image":[{"width":800,"height":800,"url":"https:\/\/i0.wp.com\/maxgold.gr\/wp-content\/uploads\/2024\/08\/mb-2b.jpg?fit=800%2C800&ssl=1","type":"image\/jpeg"}],"twitter_card":"summary_large_image","twitter_misc":{"Gesch\u00e4tzte Lesezeit":"1\u00a0Minute"},"schema":{"@context":"https:\/\/schema.org","@graph":[{"@type":"WebPage","@id":"https:\/\/maxgold.gr\/de\/shop\/vergoldetes-kandarenarmband-curby-goldy-hergestellt-aus-edelstahl\/","url":"https:\/\/maxgold.gr\/de\/shop\/vergoldetes-kandarenarmband-curby-goldy-hergestellt-aus-edelstahl\/","name":"Vergoldetes Panzerarmband \"Curby Goldy\", aus Edelstahl - Max Gold","isPartOf":{"@id":"https:\/\/maxgold.gr\/de\/#website"},"primaryImageOfPage":{"@id":"https:\/\/maxgold.gr\/de\/shop\/vergoldetes-kandarenarmband-curby-goldy-hergestellt-aus-edelstahl\/#primaryimage"},"image":{"@id":"https:\/\/maxgold.gr\/de\/shop\/vergoldetes-kandarenarmband-curby-goldy-hergestellt-aus-edelstahl\/#primaryimage"},"thumbnailUrl":"https:\/\/i0.wp.com\/maxgold.gr\/wp-content\/uploads\/2024\/08\/mb-2b.jpg?fit=800%2C800&ssl=1","datePublished":"2024-08-25T22:10:03+00:00","dateModified":"2025-03-21T22:30:46+00:00","breadcrumb":{"@id":"https:\/\/maxgold.gr\/de\/shop\/vergoldetes-kandarenarmband-curby-goldy-hergestellt-aus-edelstahl\/#breadcrumb"},"inLanguage":"de","potentialAction":[{"@type":"ReadAction","target":["https:\/\/maxgold.gr\/de\/shop\/vergoldetes-kandarenarmband-curby-goldy-hergestellt-aus-edelstahl\/"]}]},{"@type":"ImageObject","inLanguage":"de","@id":"https:\/\/maxgold.gr\/de\/shop\/vergoldetes-kandarenarmband-curby-goldy-hergestellt-aus-edelstahl\/#primaryimage","url":"https:\/\/i0.wp.com\/maxgold.gr\/wp-content\/uploads\/2024\/08\/mb-2b.jpg?fit=800%2C800&ssl=1","contentUrl":"https:\/\/i0.wp.com\/maxgold.gr\/wp-content\/uploads\/2024\/08\/mb-2b.jpg?fit=800%2C800&ssl=1","width":800,"height":800},{"@type":"BreadcrumbList","@id":"https:\/\/maxgold.gr\/de\/shop\/vergoldetes-kandarenarmband-curby-goldy-hergestellt-aus-edelstahl\/#breadcrumb","itemListElement":[{"@type":"ListItem","position":1,"name":"Home","item":"https:\/\/maxgold.gr\/de\/startseite\/"},{"@type":"ListItem","position":2,"name":"Gesch\u00e4ft","item":"https:\/\/maxgold.gr\/de\/%ce%ba%ce%b1%cf%84%ce%ac%cf%83%cf%84%ce%b7%ce%bc%ce%b1\/"},{"@type":"ListItem","position":3,"name":"Vergoldetes Panzerarmband &#8222;Curby Goldy&#8220;, aus Edelstahl"}]},{"@type":"WebSite","@id":"https:\/\/maxgold.gr\/de\/#website","url":"https:\/\/maxgold.gr\/de\/","name":"Max Gold","description":"Max Gold","potentialAction":[{"@type":"SearchAction","target":{"@type":"EntryPoint","urlTemplate":"https:\/\/maxgold.gr\/de\/?s={search_term_string}"},"query-input":{"@type":"PropertyValueSpecification","valueRequired":true,"valueName":"search_term_string"}}],"inLanguage":"de"}]}},"jetpack_sharing_enabled":true,"_links":{"self":[{"href":"https:\/\/maxgold.gr\/de\/wp-json\/wp\/v2\/product\/3597","targetHints":{"allow":["GET"]}}],"collection":[{"href":"https:\/\/maxgold.gr\/de\/wp-json\/wp\/v2\/product"}],"about":[{"href":"https:\/\/maxgold.gr\/de\/wp-json\/wp\/v2\/types\/product"}],"replies":[{"embeddable":true,"href":"https:\/\/maxgold.gr\/de\/wp-json\/wp\/v2\/comments?post=3597"}],"wp:featuredmedia":[{"embeddable":true,"href":"https:\/\/maxgold.gr\/de\/wp-json\/wp\/v2\/media\/3598"}],"wp:attachment":[{"href":"https:\/\/maxgold.gr\/de\/wp-json\/wp\/v2\/media?parent=3597"}],"wp:term":[{"taxonomy":"product_brand","embeddable":true,"href":"https:\/\/maxgold.gr\/de\/wp-json\/wp\/v2\/product_brand?post=3597"},{"taxonomy":"product_cat","embeddable":true,"href":"https:\/\/maxgold.gr\/de\/wp-json\/wp\/v2\/product_cat?post=3597"},{"taxonomy":"product_tag","embeddable":true,"href":"https:\/\/maxgold.gr\/de\/wp-json\/wp\/v2\/product_tag?post=3597"}],"curies":[{"name":"wp","href":"https:\/\/api.w.org\/{rel}","templated":true}]}}