{"id":3973,"date":"2024-08-18T21:05:29","date_gmt":"2024-08-18T18:05:29","guid":{"rendered":"https:\/\/maxgold.gr\/shop\/griechisches-auge-armband-cz-cross-cz-evil-eye-rose-aus-925-sterling-silber-rose-vergoldet-mit-zirkonia\/"},"modified":"2025-01-12T00:41:28","modified_gmt":"2025-01-11T21:41:28","slug":"griechisches-auge-armband-cz-cross-cz-evil-eye-rose-aus-925-sterling-silber-rose-vergoldet-mit-zirkonia","status":"publish","type":"product","link":"https:\/\/maxgold.gr\/de\/shop\/griechisches-auge-armband-cz-cross-cz-evil-eye-rose-aus-925-sterling-silber-rose-vergoldet-mit-zirkonia\/","title":{"rendered":"Griechisches Auge Armband &#8222;CZ Cross &amp; CZ Evil Eye Rose&#8220;, aus 925 Sterling Silber, Rose vergoldet mit Zirkonia"},"content":{"rendered":"<p>Das wundersch\u00f6ne &#8222;CZ Cross &amp; CZ Evil Eye Rose&#8220; Armband mit einem b\u00f6sen Auge und einem Kreuz voller Zirkonia ist ein atemberaubendes St\u00fcck aus 925er Sterling Silber Rose vergoldet. Die Kombination aus wei\u00dfen und blauen Zirkonia verleiht ihm einen Hauch von Eleganz und Charme. Dieses tolle Armband ist sowohl f\u00fcr Kinder als auch f\u00fcr Erwachsene geeignet. Seine verstellbare Gr\u00f6\u00dfe erm\u00f6glicht eine bequeme Passform f\u00fcr eine Vielzahl von Altersgruppen und macht es zu einem vielseitigen Accessoire f\u00fcr jeden Anlass. Bis heute ist der b\u00f6se Blick ein fester Bestandteil der griechischen Kultur &#8211; nicht nur in Griechenland, sondern an vielen Orten auf der ganzen Welt, wo es noch griechische Gemeinschaften gibt. Der b\u00f6se Blick ist im Wesentlichen ein Symbol zur Abschreckung der b\u00f6sen Energie, die eine Person auf andere \u00fcbertragen kann. Wenn eine Person ein b\u00f6ses Auge bei sich tr\u00e4gt, sch\u00fctzt es vor Ungl\u00fcck und vor schlechten Dingen, die im Leben passieren. Es hilft, Ihr Leben im Gleichgewicht zu halten und sch\u00fctzt Sie vor &#8222;schlechtem Karma&#8220;. Sie finden das gleiche Armband auch in Silber unter dem folgenden Link: <\/p>\n<p><a href=\"https:\/\/maxgold.gr\/shop\/womens-jewellery\/bracelets\/greek-evil-eye-bracelet-cz-cross-cz-evil-eye-made-of-925-sterling-silver-with-zirconia\/\">Griechisches Evil Eye Armband &#8222;CZ Kreuz &amp; CZ Evil Eye Silber&#8220;, aus 925 Sterling Silber, mit Zirkonia<\/a><\/p>\n<p>&nbsp;<\/p>\n<h4><strong>Produktdetails<\/strong><\/h4>\n<p>Gr\u00f6\u00dfe des Armbands: 15,0cm -18,0cm, verstellbar<\/p>\n<p>Edelstein: Blauer und wei\u00dfer Kubische Zirkonia<\/p>\n<p>Gro\u00dfe des Motivs (Kreuz): 1cm x 0,5cm x 0,2cm<\/p>\n<p>Gr\u00f6\u00dfe des Motivs (B\u00f6ses Auge): 0,5cm x 0,5cm x 0,2cm<\/p>\n<p>Metall: Sterling Silber (925)<\/p>\n<p>Metallstempel: 925<\/p>\n<p>Plattierung: Rose Gold<\/p>\n<p>Verschluss: Federring<\/p>\n<p><strong><br \/>\n<\/strong><\/p>\n<p>&nbsp;<\/p>\n<div dir=\"auto\"><span style=\"font-size: 85%;\">Allgemeine Informationen zum Schutz Ihres gesamten vergoldeten Schmucks.<\/span><\/div>\n<div dir=\"auto\"><\/div>\n<div dir=\"auto\"><span style=\"font-size: 85%;\">Vermeiden Sie unbedingt, dass vergoldeter Schmuck chlorhaltigem Wasser (Schwimmbad), Parf\u00fcm und Cremes ausgesetzt wird. Chlor und Sonnenschutzmittel k\u00f6nnen die Goldbeschichtung anlaufen lassen, w\u00e4hrend Parfums und Cremes dazu f\u00fchren k\u00f6nnen, dass sie sich schneller abnutzt. Um die Unversehrtheit Ihres Schmucks zu sch\u00fctzen, sollten Sie ihn vor dem Schwimmen ablegen, keine Parf\u00fcms auf ihn spr\u00fchen und keine Cremes oder Sonnenschutzmittel auftragen, w\u00e4hrend Sie ihn tragen. Diese einfachen Vorsichtsma\u00dfnahmen k\u00f6nnen dazu beitragen, die Sch\u00f6nheit und Langlebigkeit aller Ihrer vergoldeten St\u00fccke zu erhalten.   <\/span><\/div>\n<p>&nbsp;<\/p>\n<p><span style=\"font-size: 85%;\">&#8211;<\/span><br \/>\n<span style=\"font-size: 85%;\">&#8211;<\/span><\/p>\n","protected":false},"excerpt":{"rendered":"<p>Das wundersch\u00f6ne &#8222;CZ Cross &amp; CZ Evil Eye Rose&#8220; Armband mit einem b\u00f6sen Auge und einem Kreuz voller Zirkonia ist ein atemberaubendes St\u00fcck aus 925er Sterlingsilber, ros\u00e9vergoldet. Dieses tolle Armband ist sowohl f\u00fcr Kinder als auch f\u00fcr Erwachsene geeignet. Seine verstellbare Gr\u00f6\u00dfe erm\u00f6glicht eine bequeme Passform f\u00fcr eine Vielzahl von Altersgruppen und macht es zu einem vielseitigen Accessoire f\u00fcr jeden Anlass.<\/p>\n","protected":false},"featured_media":3974,"comment_status":"open","ping_status":"closed","template":"","meta":[],"product_brand":[],"product_cat":[485,439,446,487,489,741,463,464,434,728,435],"product_tag":[562,449,570,448,469],"class_list":{"0":"post-3973","1":"product","2":"type-product","3":"status-publish","4":"has-post-thumbnail","6":"product_cat-armbander","7":"product_cat-damenschmuck","8":"product_cat-griechisches-auge-kollektion","9":"product_cat-kettenarmbaender","10":"product_cat-kettenarmbaender-rosevergoldet","11":"product_cat-kinderarmbaender","12":"product_cat-kinderschmuck","13":"product_cat-kreuzen","14":"product_cat-metall","15":"product_cat-rose-vergoldet","16":"product_cat-sterling-silber-925","17":"product_tag-blau-cz","18":"product_tag-griechisches-boses-auge-kollektion","19":"product_tag-kreuze","20":"product_tag-kubischer-zirkoniumdioxid","21":"product_tag-rose-vergoldet","23":"first","24":"instock","25":"taxable","26":"shipping-taxable","27":"purchasable","28":"product-type-simple","29":"add-to-wishlist-before_add_to_cart"},"yoast_head":"<!-- This site is optimized with the Yoast SEO plugin v27.5 - https:\/\/yoast.com\/product\/yoast-seo-wordpress\/ -->\n<title>Griechisches Auge Armband &quot;CZ Cross &amp; CZ Evil Eye Rose&quot;, aus 925 Sterling Silber, Rose vergoldet mit Zirkonia - Max Gold<\/title>\n<meta name=\"robots\" content=\"index, follow, max-snippet:-1, max-image-preview:large, max-video-preview:-1\" \/>\n<link rel=\"canonical\" href=\"https:\/\/maxgold.gr\/de\/shop\/griechisches-auge-armband-cz-cross-cz-evil-eye-rose-aus-925-sterling-silber-rose-vergoldet-mit-zirkonia\/\" \/>\n<meta property=\"og:locale\" content=\"de_DE\" \/>\n<meta property=\"og:type\" content=\"article\" \/>\n<meta property=\"og:title\" content=\"Griechisches Auge Armband &quot;CZ Cross &amp; CZ Evil Eye Rose&quot;, aus 925 Sterling Silber, Rose vergoldet mit Zirkonia - Max Gold\" \/>\n<meta property=\"og:description\" content=\"Das wundersch\u00f6ne &quot;CZ Cross &amp; CZ Evil Eye Rose&quot; Armband mit einem b\u00f6sen Auge und einem Kreuz voller Zirkonia ist ein atemberaubendes St\u00fcck aus 925er Sterlingsilber, ros\u00e9vergoldet. Dieses tolle Armband ist sowohl f\u00fcr Kinder als auch f\u00fcr Erwachsene geeignet. Seine verstellbare Gr\u00f6\u00dfe erm\u00f6glicht eine bequeme Passform f\u00fcr eine Vielzahl von Altersgruppen und macht es zu einem vielseitigen Accessoire f\u00fcr jeden Anlass.\" \/>\n<meta property=\"og:url\" content=\"https:\/\/maxgold.gr\/de\/shop\/griechisches-auge-armband-cz-cross-cz-evil-eye-rose-aus-925-sterling-silber-rose-vergoldet-mit-zirkonia\/\" \/>\n<meta property=\"og:site_name\" content=\"Max Gold\" \/>\n<meta property=\"article:publisher\" content=\"https:\/\/www.facebook.com\/people\/Max-Gold\/61561801899896\/\" \/>\n<meta property=\"article:modified_time\" content=\"2025-01-11T21:41:28+00:00\" \/>\n<meta property=\"og:image\" content=\"https:\/\/maxgold.gr\/wp-content\/uploads\/2024\/08\/eeb-6b.jpg\" \/>\n\t<meta property=\"og:image:width\" content=\"800\" \/>\n\t<meta property=\"og:image:height\" content=\"800\" \/>\n\t<meta property=\"og:image:type\" content=\"image\/jpeg\" \/>\n<meta name=\"twitter:card\" content=\"summary_large_image\" \/>\n<meta name=\"twitter:label1\" content=\"Gesch\u00e4tzte Lesezeit\" \/>\n\t<meta name=\"twitter:data1\" content=\"2\u00a0Minuten\" \/>\n<script type=\"application\/ld+json\" class=\"yoast-schema-graph\">{\"@context\":\"https:\\\/\\\/schema.org\",\"@graph\":[{\"@type\":\"WebPage\",\"@id\":\"https:\\\/\\\/maxgold.gr\\\/de\\\/shop\\\/griechisches-auge-armband-cz-cross-cz-evil-eye-rose-aus-925-sterling-silber-rose-vergoldet-mit-zirkonia\\\/\",\"url\":\"https:\\\/\\\/maxgold.gr\\\/de\\\/shop\\\/griechisches-auge-armband-cz-cross-cz-evil-eye-rose-aus-925-sterling-silber-rose-vergoldet-mit-zirkonia\\\/\",\"name\":\"Griechisches Auge Armband \\\"CZ Cross &amp; CZ Evil Eye Rose\\\", aus 925 Sterling Silber, Rose vergoldet mit Zirkonia - Max Gold\",\"isPartOf\":{\"@id\":\"https:\\\/\\\/maxgold.gr\\\/de\\\/#website\"},\"primaryImageOfPage\":{\"@id\":\"https:\\\/\\\/maxgold.gr\\\/de\\\/shop\\\/griechisches-auge-armband-cz-cross-cz-evil-eye-rose-aus-925-sterling-silber-rose-vergoldet-mit-zirkonia\\\/#primaryimage\"},\"image\":{\"@id\":\"https:\\\/\\\/maxgold.gr\\\/de\\\/shop\\\/griechisches-auge-armband-cz-cross-cz-evil-eye-rose-aus-925-sterling-silber-rose-vergoldet-mit-zirkonia\\\/#primaryimage\"},\"thumbnailUrl\":\"https:\\\/\\\/i0.wp.com\\\/maxgold.gr\\\/wp-content\\\/uploads\\\/2024\\\/08\\\/eeb-6b.jpg?fit=800%2C800&ssl=1\",\"datePublished\":\"2024-08-18T18:05:29+00:00\",\"dateModified\":\"2025-01-11T21:41:28+00:00\",\"breadcrumb\":{\"@id\":\"https:\\\/\\\/maxgold.gr\\\/de\\\/shop\\\/griechisches-auge-armband-cz-cross-cz-evil-eye-rose-aus-925-sterling-silber-rose-vergoldet-mit-zirkonia\\\/#breadcrumb\"},\"inLanguage\":\"de\",\"potentialAction\":[{\"@type\":\"ReadAction\",\"target\":[\"https:\\\/\\\/maxgold.gr\\\/de\\\/shop\\\/griechisches-auge-armband-cz-cross-cz-evil-eye-rose-aus-925-sterling-silber-rose-vergoldet-mit-zirkonia\\\/\"]}]},{\"@type\":\"ImageObject\",\"inLanguage\":\"de\",\"@id\":\"https:\\\/\\\/maxgold.gr\\\/de\\\/shop\\\/griechisches-auge-armband-cz-cross-cz-evil-eye-rose-aus-925-sterling-silber-rose-vergoldet-mit-zirkonia\\\/#primaryimage\",\"url\":\"https:\\\/\\\/i0.wp.com\\\/maxgold.gr\\\/wp-content\\\/uploads\\\/2024\\\/08\\\/eeb-6b.jpg?fit=800%2C800&ssl=1\",\"contentUrl\":\"https:\\\/\\\/i0.wp.com\\\/maxgold.gr\\\/wp-content\\\/uploads\\\/2024\\\/08\\\/eeb-6b.jpg?fit=800%2C800&ssl=1\",\"width\":800,\"height\":800},{\"@type\":\"BreadcrumbList\",\"@id\":\"https:\\\/\\\/maxgold.gr\\\/de\\\/shop\\\/griechisches-auge-armband-cz-cross-cz-evil-eye-rose-aus-925-sterling-silber-rose-vergoldet-mit-zirkonia\\\/#breadcrumb\",\"itemListElement\":[{\"@type\":\"ListItem\",\"position\":1,\"name\":\"Home\",\"item\":\"https:\\\/\\\/maxgold.gr\\\/de\\\/startseite\\\/\"},{\"@type\":\"ListItem\",\"position\":2,\"name\":\"Gesch\u00e4ft\",\"item\":\"https:\\\/\\\/maxgold.gr\\\/de\\\/%ce%ba%ce%b1%cf%84%ce%ac%cf%83%cf%84%ce%b7%ce%bc%ce%b1\\\/\"},{\"@type\":\"ListItem\",\"position\":3,\"name\":\"Griechisches Auge Armband &#8220;CZ Cross &amp; CZ Evil Eye Rose&#8221;, aus 925 Sterling Silber, Rose vergoldet mit Zirkonia\"}]},{\"@type\":\"WebSite\",\"@id\":\"https:\\\/\\\/maxgold.gr\\\/de\\\/#website\",\"url\":\"https:\\\/\\\/maxgold.gr\\\/de\\\/\",\"name\":\"Max Gold\",\"description\":\"Max Gold\",\"potentialAction\":[{\"@type\":\"SearchAction\",\"target\":{\"@type\":\"EntryPoint\",\"urlTemplate\":\"https:\\\/\\\/maxgold.gr\\\/de\\\/?s={search_term_string}\"},\"query-input\":{\"@type\":\"PropertyValueSpecification\",\"valueRequired\":true,\"valueName\":\"search_term_string\"}}],\"inLanguage\":\"de\"}]}<\/script>\n<!-- \/ Yoast SEO plugin. -->","yoast_head_json":{"title":"Griechisches Auge Armband \"CZ Cross &amp; CZ Evil Eye Rose\", aus 925 Sterling Silber, Rose vergoldet mit Zirkonia - Max Gold","robots":{"index":"index","follow":"follow","max-snippet":"max-snippet:-1","max-image-preview":"max-image-preview:large","max-video-preview":"max-video-preview:-1"},"canonical":"https:\/\/maxgold.gr\/de\/shop\/griechisches-auge-armband-cz-cross-cz-evil-eye-rose-aus-925-sterling-silber-rose-vergoldet-mit-zirkonia\/","og_locale":"de_DE","og_type":"article","og_title":"Griechisches Auge Armband \"CZ Cross &amp; CZ Evil Eye Rose\", aus 925 Sterling Silber, Rose vergoldet mit Zirkonia - Max Gold","og_description":"Das wundersch\u00f6ne \"CZ Cross &amp; CZ Evil Eye Rose\" Armband mit einem b\u00f6sen Auge und einem Kreuz voller Zirkonia ist ein atemberaubendes St\u00fcck aus 925er Sterlingsilber, ros\u00e9vergoldet. Dieses tolle Armband ist sowohl f\u00fcr Kinder als auch f\u00fcr Erwachsene geeignet. Seine verstellbare Gr\u00f6\u00dfe erm\u00f6glicht eine bequeme Passform f\u00fcr eine Vielzahl von Altersgruppen und macht es zu einem vielseitigen Accessoire f\u00fcr jeden Anlass.","og_url":"https:\/\/maxgold.gr\/de\/shop\/griechisches-auge-armband-cz-cross-cz-evil-eye-rose-aus-925-sterling-silber-rose-vergoldet-mit-zirkonia\/","og_site_name":"Max Gold","article_publisher":"https:\/\/www.facebook.com\/people\/Max-Gold\/61561801899896\/","article_modified_time":"2025-01-11T21:41:28+00:00","og_image":[{"width":800,"height":800,"url":"https:\/\/maxgold.gr\/wp-content\/uploads\/2024\/08\/eeb-6b.jpg","type":"image\/jpeg"}],"twitter_card":"summary_large_image","twitter_misc":{"Gesch\u00e4tzte Lesezeit":"2\u00a0Minuten"},"schema":{"@context":"https:\/\/schema.org","@graph":[{"@type":"WebPage","@id":"https:\/\/maxgold.gr\/de\/shop\/griechisches-auge-armband-cz-cross-cz-evil-eye-rose-aus-925-sterling-silber-rose-vergoldet-mit-zirkonia\/","url":"https:\/\/maxgold.gr\/de\/shop\/griechisches-auge-armband-cz-cross-cz-evil-eye-rose-aus-925-sterling-silber-rose-vergoldet-mit-zirkonia\/","name":"Griechisches Auge Armband \"CZ Cross &amp; CZ Evil Eye Rose\", aus 925 Sterling Silber, Rose vergoldet mit Zirkonia - Max Gold","isPartOf":{"@id":"https:\/\/maxgold.gr\/de\/#website"},"primaryImageOfPage":{"@id":"https:\/\/maxgold.gr\/de\/shop\/griechisches-auge-armband-cz-cross-cz-evil-eye-rose-aus-925-sterling-silber-rose-vergoldet-mit-zirkonia\/#primaryimage"},"image":{"@id":"https:\/\/maxgold.gr\/de\/shop\/griechisches-auge-armband-cz-cross-cz-evil-eye-rose-aus-925-sterling-silber-rose-vergoldet-mit-zirkonia\/#primaryimage"},"thumbnailUrl":"https:\/\/i0.wp.com\/maxgold.gr\/wp-content\/uploads\/2024\/08\/eeb-6b.jpg?fit=800%2C800&ssl=1","datePublished":"2024-08-18T18:05:29+00:00","dateModified":"2025-01-11T21:41:28+00:00","breadcrumb":{"@id":"https:\/\/maxgold.gr\/de\/shop\/griechisches-auge-armband-cz-cross-cz-evil-eye-rose-aus-925-sterling-silber-rose-vergoldet-mit-zirkonia\/#breadcrumb"},"inLanguage":"de","potentialAction":[{"@type":"ReadAction","target":["https:\/\/maxgold.gr\/de\/shop\/griechisches-auge-armband-cz-cross-cz-evil-eye-rose-aus-925-sterling-silber-rose-vergoldet-mit-zirkonia\/"]}]},{"@type":"ImageObject","inLanguage":"de","@id":"https:\/\/maxgold.gr\/de\/shop\/griechisches-auge-armband-cz-cross-cz-evil-eye-rose-aus-925-sterling-silber-rose-vergoldet-mit-zirkonia\/#primaryimage","url":"https:\/\/i0.wp.com\/maxgold.gr\/wp-content\/uploads\/2024\/08\/eeb-6b.jpg?fit=800%2C800&ssl=1","contentUrl":"https:\/\/i0.wp.com\/maxgold.gr\/wp-content\/uploads\/2024\/08\/eeb-6b.jpg?fit=800%2C800&ssl=1","width":800,"height":800},{"@type":"BreadcrumbList","@id":"https:\/\/maxgold.gr\/de\/shop\/griechisches-auge-armband-cz-cross-cz-evil-eye-rose-aus-925-sterling-silber-rose-vergoldet-mit-zirkonia\/#breadcrumb","itemListElement":[{"@type":"ListItem","position":1,"name":"Home","item":"https:\/\/maxgold.gr\/de\/startseite\/"},{"@type":"ListItem","position":2,"name":"Gesch\u00e4ft","item":"https:\/\/maxgold.gr\/de\/%ce%ba%ce%b1%cf%84%ce%ac%cf%83%cf%84%ce%b7%ce%bc%ce%b1\/"},{"@type":"ListItem","position":3,"name":"Griechisches Auge Armband &#8220;CZ Cross &amp; CZ Evil Eye Rose&#8221;, aus 925 Sterling Silber, Rose vergoldet mit Zirkonia"}]},{"@type":"WebSite","@id":"https:\/\/maxgold.gr\/de\/#website","url":"https:\/\/maxgold.gr\/de\/","name":"Max Gold","description":"Max Gold","potentialAction":[{"@type":"SearchAction","target":{"@type":"EntryPoint","urlTemplate":"https:\/\/maxgold.gr\/de\/?s={search_term_string}"},"query-input":{"@type":"PropertyValueSpecification","valueRequired":true,"valueName":"search_term_string"}}],"inLanguage":"de"}]}},"jetpack_sharing_enabled":true,"_links":{"self":[{"href":"https:\/\/maxgold.gr\/de\/wp-json\/wp\/v2\/product\/3973","targetHints":{"allow":["GET"]}}],"collection":[{"href":"https:\/\/maxgold.gr\/de\/wp-json\/wp\/v2\/product"}],"about":[{"href":"https:\/\/maxgold.gr\/de\/wp-json\/wp\/v2\/types\/product"}],"replies":[{"embeddable":true,"href":"https:\/\/maxgold.gr\/de\/wp-json\/wp\/v2\/comments?post=3973"}],"wp:featuredmedia":[{"embeddable":true,"href":"https:\/\/maxgold.gr\/de\/wp-json\/wp\/v2\/media\/3974"}],"wp:attachment":[{"href":"https:\/\/maxgold.gr\/de\/wp-json\/wp\/v2\/media?parent=3973"}],"wp:term":[{"taxonomy":"product_brand","embeddable":true,"href":"https:\/\/maxgold.gr\/de\/wp-json\/wp\/v2\/product_brand?post=3973"},{"taxonomy":"product_cat","embeddable":true,"href":"https:\/\/maxgold.gr\/de\/wp-json\/wp\/v2\/product_cat?post=3973"},{"taxonomy":"product_tag","embeddable":true,"href":"https:\/\/maxgold.gr\/de\/wp-json\/wp\/v2\/product_tag?post=3973"}],"curies":[{"name":"wp","href":"https:\/\/api.w.org\/{rel}","templated":true}]}}