{"id":3977,"date":"2024-08-18T20:39:59","date_gmt":"2024-08-18T17:39:59","guid":{"rendered":"https:\/\/maxgold.gr\/shop\/silberne-haengende-ohrringe-silver-seahorses-hergestellt-aus-925-sterling-silber\/"},"modified":"2024-08-18T20:39:59","modified_gmt":"2024-08-18T17:39:59","slug":"silberne-haengende-ohrringe-silver-seahorses-hergestellt-aus-925-sterling-silber","status":"publish","type":"product","link":"https:\/\/maxgold.gr\/de\/shop\/silberne-haengende-ohrringe-silver-seahorses-hergestellt-aus-925-sterling-silber\/","title":{"rendered":"Silberne H\u00e4ngende Ohrringe &#8222;Silver Seahorses&#8220;, hergestellt aus 925 Sterling Silber"},"content":{"rendered":"<p>&#8222;Silver Seahorses&#8220; Ohrh\u00e4nger mit Seepferdchen und Zirkonia aus 925er Sterlingsilber bieten einen unverwechselbaren und auff\u00e4lligen Stil. Die Kombination aus Seepferdchen und Zirkonia verleiht dem Accessoire einen Hauch von Eleganz und Charme. Die Verwendung von 925er Sterlingsilber garantiert Langlebigkeit und Qualit\u00e4t und macht diese Ohrringe zu einer stilvollen und langlebigen Erg\u00e4nzung f\u00fcr jede Schmucksammlung. Aufgrund ihrer geringen Gr\u00f6\u00dfe sind diese Ohrringe auch f\u00fcr Kinder geeignet. Das macht sie zu einem vielseitigen Accessoire, das von Menschen jeden Alters getragen werden kann.   <\/p>\n<p>&nbsp;<\/p>\n<p>&nbsp;<\/p>\n<h4><strong>Produktdetails<\/strong><\/h4>\n<p>Gr\u00f6\u00dfe des Reifs: 1,0cm hoch x 1,0cm breit x 0,2cm tief Ma\u00dfe des Seepferdchens: 1,0cm hoch x 0,5cm breit x 0,2cm tief Gesamtl\u00e4nge des Ohrrings: 2,3cm Edelstein: Wei\u00dfe &amp; schwarze K\u00fcbische Zirkonia Stil: H\u00e4ngende Metall: Sterling Silber (925) Metallstempel: 925 Beschichtung: Rhodium Verschluss: Schnappverschluss<\/p>\n<p>&nbsp;<\/p>\n<div dir=\"auto\"><\/div>\n<p>&nbsp;<\/p>\n<p><span style=\"font-size: 85%;\">Die Fotos auf der Website sind so nah wie m\u00f6glich am echten Produkt.<\/span><br \/>\n<span style=\"font-size: 85%;\">Aufgrund von Unterschieden bei Monitoren k\u00f6nnen die Farben der Produkte auch anders aussehen als auf der Website dargestellt.<\/span><\/p>\n<p>&nbsp;<\/p>\n<p>&nbsp;<\/p>\n","protected":false},"excerpt":{"rendered":"<p>&#8222;Silver Seehorses&#8220; sind Ohrh\u00e4nger mit Seepferdchen und Zirkonia aus 925er Sterlingsilber. Schnappverschluss. <\/p>\n","protected":false},"featured_media":3978,"comment_status":"open","ping_status":"closed","template":"","meta":[],"product_brand":[],"product_cat":[494,497,439,709,463,434,432,491,493,431,726,435,466],"product_tag":[448,583,605,442,587],"class_list":{"0":"post-3977","1":"product","2":"type-product","3":"status-publish","4":"has-post-thumbnail","6":"product_cat-creolen","7":"product_cat-creolen-silber","8":"product_cat-damenschmuck","9":"product_cat-kinderohrringe","10":"product_cat-kinderschmuck","11":"product_cat-metall","12":"product_cat-neu-ankommen","13":"product_cat-ohrhaenger","14":"product_cat-ohrhaenger-silber","15":"product_cat-ohrringe","16":"product_cat-silber","17":"product_cat-sterling-silber-925","18":"product_cat-suesse-tiere","19":"product_tag-kubischer-zirkoniumdioxid","20":"product_tag-riegelverschluss","21":"product_tag-seepferdchen","22":"product_tag-sterling-silber-925","23":"product_tag-tiere","25":"first","26":"outofstock","27":"taxable","28":"shipping-taxable","29":"purchasable","30":"product-type-simple","31":"add-to-wishlist-before_add_to_cart"},"yoast_head":"<!-- This site is optimized with the Yoast SEO plugin v27.3 - https:\/\/yoast.com\/product\/yoast-seo-wordpress\/ -->\n<title>Silberne H\u00e4ngende Ohrringe &quot;Silver Seahorses&quot;, hergestellt aus 925 Sterling Silber - Max Gold<\/title>\n<meta name=\"robots\" content=\"index, follow, max-snippet:-1, max-image-preview:large, max-video-preview:-1\" \/>\n<link rel=\"canonical\" href=\"https:\/\/maxgold.gr\/de\/shop\/silberne-haengende-ohrringe-silver-seahorses-hergestellt-aus-925-sterling-silber\/\" \/>\n<meta property=\"og:locale\" content=\"de_DE\" \/>\n<meta property=\"og:type\" content=\"article\" \/>\n<meta property=\"og:title\" content=\"Silberne H\u00e4ngende Ohrringe &quot;Silver Seahorses&quot;, hergestellt aus 925 Sterling Silber - Max Gold\" \/>\n<meta property=\"og:description\" content=\"&quot;Silver Seehorses&quot; sind Ohrh\u00e4nger mit Seepferdchen und Zirkonia aus 925er Sterlingsilber. Schnappverschluss.\" \/>\n<meta property=\"og:url\" content=\"https:\/\/maxgold.gr\/de\/shop\/silberne-haengende-ohrringe-silver-seahorses-hergestellt-aus-925-sterling-silber\/\" \/>\n<meta property=\"og:site_name\" content=\"Max Gold\" \/>\n<meta property=\"article:publisher\" content=\"https:\/\/www.facebook.com\/people\/Max-Gold\/61561801899896\/\" \/>\n<meta property=\"og:image\" content=\"https:\/\/maxgold.gr\/wp-content\/uploads\/2024\/08\/dhe-2.jpg\" \/>\n\t<meta property=\"og:image:width\" content=\"800\" \/>\n\t<meta property=\"og:image:height\" content=\"800\" \/>\n\t<meta property=\"og:image:type\" content=\"image\/jpeg\" \/>\n<meta name=\"twitter:card\" content=\"summary_large_image\" \/>\n<meta name=\"twitter:label1\" content=\"Gesch\u00e4tzte Lesezeit\" \/>\n\t<meta name=\"twitter:data1\" content=\"1\u00a0Minute\" \/>\n<script type=\"application\/ld+json\" class=\"yoast-schema-graph\">{\"@context\":\"https:\\\/\\\/schema.org\",\"@graph\":[{\"@type\":\"WebPage\",\"@id\":\"https:\\\/\\\/maxgold.gr\\\/de\\\/shop\\\/silberne-haengende-ohrringe-silver-seahorses-hergestellt-aus-925-sterling-silber\\\/\",\"url\":\"https:\\\/\\\/maxgold.gr\\\/de\\\/shop\\\/silberne-haengende-ohrringe-silver-seahorses-hergestellt-aus-925-sterling-silber\\\/\",\"name\":\"Silberne H\u00e4ngende Ohrringe \\\"Silver Seahorses\\\", hergestellt aus 925 Sterling Silber - Max Gold\",\"isPartOf\":{\"@id\":\"https:\\\/\\\/maxgold.gr\\\/de\\\/#website\"},\"primaryImageOfPage\":{\"@id\":\"https:\\\/\\\/maxgold.gr\\\/de\\\/shop\\\/silberne-haengende-ohrringe-silver-seahorses-hergestellt-aus-925-sterling-silber\\\/#primaryimage\"},\"image\":{\"@id\":\"https:\\\/\\\/maxgold.gr\\\/de\\\/shop\\\/silberne-haengende-ohrringe-silver-seahorses-hergestellt-aus-925-sterling-silber\\\/#primaryimage\"},\"thumbnailUrl\":\"https:\\\/\\\/i0.wp.com\\\/maxgold.gr\\\/wp-content\\\/uploads\\\/2024\\\/08\\\/dhe-2.jpg?fit=800%2C800&ssl=1\",\"datePublished\":\"2024-08-18T17:39:59+00:00\",\"breadcrumb\":{\"@id\":\"https:\\\/\\\/maxgold.gr\\\/de\\\/shop\\\/silberne-haengende-ohrringe-silver-seahorses-hergestellt-aus-925-sterling-silber\\\/#breadcrumb\"},\"inLanguage\":\"de\",\"potentialAction\":[{\"@type\":\"ReadAction\",\"target\":[\"https:\\\/\\\/maxgold.gr\\\/de\\\/shop\\\/silberne-haengende-ohrringe-silver-seahorses-hergestellt-aus-925-sterling-silber\\\/\"]}]},{\"@type\":\"ImageObject\",\"inLanguage\":\"de\",\"@id\":\"https:\\\/\\\/maxgold.gr\\\/de\\\/shop\\\/silberne-haengende-ohrringe-silver-seahorses-hergestellt-aus-925-sterling-silber\\\/#primaryimage\",\"url\":\"https:\\\/\\\/i0.wp.com\\\/maxgold.gr\\\/wp-content\\\/uploads\\\/2024\\\/08\\\/dhe-2.jpg?fit=800%2C800&ssl=1\",\"contentUrl\":\"https:\\\/\\\/i0.wp.com\\\/maxgold.gr\\\/wp-content\\\/uploads\\\/2024\\\/08\\\/dhe-2.jpg?fit=800%2C800&ssl=1\",\"width\":800,\"height\":800},{\"@type\":\"BreadcrumbList\",\"@id\":\"https:\\\/\\\/maxgold.gr\\\/de\\\/shop\\\/silberne-haengende-ohrringe-silver-seahorses-hergestellt-aus-925-sterling-silber\\\/#breadcrumb\",\"itemListElement\":[{\"@type\":\"ListItem\",\"position\":1,\"name\":\"Home\",\"item\":\"https:\\\/\\\/maxgold.gr\\\/de\\\/startseite\\\/\"},{\"@type\":\"ListItem\",\"position\":2,\"name\":\"Gesch\u00e4ft\",\"item\":\"https:\\\/\\\/maxgold.gr\\\/de\\\/%ce%ba%ce%b1%cf%84%ce%ac%cf%83%cf%84%ce%b7%ce%bc%ce%b1\\\/\"},{\"@type\":\"ListItem\",\"position\":3,\"name\":\"Silberne H\u00e4ngende Ohrringe &#8220;Silver Seahorses&#8221;, hergestellt aus 925 Sterling Silber\"}]},{\"@type\":\"WebSite\",\"@id\":\"https:\\\/\\\/maxgold.gr\\\/de\\\/#website\",\"url\":\"https:\\\/\\\/maxgold.gr\\\/de\\\/\",\"name\":\"Max Gold\",\"description\":\"Max Gold\",\"potentialAction\":[{\"@type\":\"SearchAction\",\"target\":{\"@type\":\"EntryPoint\",\"urlTemplate\":\"https:\\\/\\\/maxgold.gr\\\/de\\\/?s={search_term_string}\"},\"query-input\":{\"@type\":\"PropertyValueSpecification\",\"valueRequired\":true,\"valueName\":\"search_term_string\"}}],\"inLanguage\":\"de\"}]}<\/script>\n<!-- \/ Yoast SEO plugin. -->","yoast_head_json":{"title":"Silberne H\u00e4ngende Ohrringe \"Silver Seahorses\", hergestellt aus 925 Sterling Silber - Max Gold","robots":{"index":"index","follow":"follow","max-snippet":"max-snippet:-1","max-image-preview":"max-image-preview:large","max-video-preview":"max-video-preview:-1"},"canonical":"https:\/\/maxgold.gr\/de\/shop\/silberne-haengende-ohrringe-silver-seahorses-hergestellt-aus-925-sterling-silber\/","og_locale":"de_DE","og_type":"article","og_title":"Silberne H\u00e4ngende Ohrringe \"Silver Seahorses\", hergestellt aus 925 Sterling Silber - Max Gold","og_description":"\"Silver Seehorses\" sind Ohrh\u00e4nger mit Seepferdchen und Zirkonia aus 925er Sterlingsilber. Schnappverschluss.","og_url":"https:\/\/maxgold.gr\/de\/shop\/silberne-haengende-ohrringe-silver-seahorses-hergestellt-aus-925-sterling-silber\/","og_site_name":"Max Gold","article_publisher":"https:\/\/www.facebook.com\/people\/Max-Gold\/61561801899896\/","og_image":[{"width":800,"height":800,"url":"https:\/\/maxgold.gr\/wp-content\/uploads\/2024\/08\/dhe-2.jpg","type":"image\/jpeg"}],"twitter_card":"summary_large_image","twitter_misc":{"Gesch\u00e4tzte Lesezeit":"1\u00a0Minute"},"schema":{"@context":"https:\/\/schema.org","@graph":[{"@type":"WebPage","@id":"https:\/\/maxgold.gr\/de\/shop\/silberne-haengende-ohrringe-silver-seahorses-hergestellt-aus-925-sterling-silber\/","url":"https:\/\/maxgold.gr\/de\/shop\/silberne-haengende-ohrringe-silver-seahorses-hergestellt-aus-925-sterling-silber\/","name":"Silberne H\u00e4ngende Ohrringe \"Silver Seahorses\", hergestellt aus 925 Sterling Silber - Max Gold","isPartOf":{"@id":"https:\/\/maxgold.gr\/de\/#website"},"primaryImageOfPage":{"@id":"https:\/\/maxgold.gr\/de\/shop\/silberne-haengende-ohrringe-silver-seahorses-hergestellt-aus-925-sterling-silber\/#primaryimage"},"image":{"@id":"https:\/\/maxgold.gr\/de\/shop\/silberne-haengende-ohrringe-silver-seahorses-hergestellt-aus-925-sterling-silber\/#primaryimage"},"thumbnailUrl":"https:\/\/i0.wp.com\/maxgold.gr\/wp-content\/uploads\/2024\/08\/dhe-2.jpg?fit=800%2C800&ssl=1","datePublished":"2024-08-18T17:39:59+00:00","breadcrumb":{"@id":"https:\/\/maxgold.gr\/de\/shop\/silberne-haengende-ohrringe-silver-seahorses-hergestellt-aus-925-sterling-silber\/#breadcrumb"},"inLanguage":"de","potentialAction":[{"@type":"ReadAction","target":["https:\/\/maxgold.gr\/de\/shop\/silberne-haengende-ohrringe-silver-seahorses-hergestellt-aus-925-sterling-silber\/"]}]},{"@type":"ImageObject","inLanguage":"de","@id":"https:\/\/maxgold.gr\/de\/shop\/silberne-haengende-ohrringe-silver-seahorses-hergestellt-aus-925-sterling-silber\/#primaryimage","url":"https:\/\/i0.wp.com\/maxgold.gr\/wp-content\/uploads\/2024\/08\/dhe-2.jpg?fit=800%2C800&ssl=1","contentUrl":"https:\/\/i0.wp.com\/maxgold.gr\/wp-content\/uploads\/2024\/08\/dhe-2.jpg?fit=800%2C800&ssl=1","width":800,"height":800},{"@type":"BreadcrumbList","@id":"https:\/\/maxgold.gr\/de\/shop\/silberne-haengende-ohrringe-silver-seahorses-hergestellt-aus-925-sterling-silber\/#breadcrumb","itemListElement":[{"@type":"ListItem","position":1,"name":"Home","item":"https:\/\/maxgold.gr\/de\/startseite\/"},{"@type":"ListItem","position":2,"name":"Gesch\u00e4ft","item":"https:\/\/maxgold.gr\/de\/%ce%ba%ce%b1%cf%84%ce%ac%cf%83%cf%84%ce%b7%ce%bc%ce%b1\/"},{"@type":"ListItem","position":3,"name":"Silberne H\u00e4ngende Ohrringe &#8220;Silver Seahorses&#8221;, hergestellt aus 925 Sterling Silber"}]},{"@type":"WebSite","@id":"https:\/\/maxgold.gr\/de\/#website","url":"https:\/\/maxgold.gr\/de\/","name":"Max Gold","description":"Max Gold","potentialAction":[{"@type":"SearchAction","target":{"@type":"EntryPoint","urlTemplate":"https:\/\/maxgold.gr\/de\/?s={search_term_string}"},"query-input":{"@type":"PropertyValueSpecification","valueRequired":true,"valueName":"search_term_string"}}],"inLanguage":"de"}]}},"jetpack_sharing_enabled":true,"_links":{"self":[{"href":"https:\/\/maxgold.gr\/de\/wp-json\/wp\/v2\/product\/3977","targetHints":{"allow":["GET"]}}],"collection":[{"href":"https:\/\/maxgold.gr\/de\/wp-json\/wp\/v2\/product"}],"about":[{"href":"https:\/\/maxgold.gr\/de\/wp-json\/wp\/v2\/types\/product"}],"replies":[{"embeddable":true,"href":"https:\/\/maxgold.gr\/de\/wp-json\/wp\/v2\/comments?post=3977"}],"wp:featuredmedia":[{"embeddable":true,"href":"https:\/\/maxgold.gr\/de\/wp-json\/wp\/v2\/media\/3978"}],"wp:attachment":[{"href":"https:\/\/maxgold.gr\/de\/wp-json\/wp\/v2\/media?parent=3977"}],"wp:term":[{"taxonomy":"product_brand","embeddable":true,"href":"https:\/\/maxgold.gr\/de\/wp-json\/wp\/v2\/product_brand?post=3977"},{"taxonomy":"product_cat","embeddable":true,"href":"https:\/\/maxgold.gr\/de\/wp-json\/wp\/v2\/product_cat?post=3977"},{"taxonomy":"product_tag","embeddable":true,"href":"https:\/\/maxgold.gr\/de\/wp-json\/wp\/v2\/product_tag?post=3977"}],"curies":[{"name":"wp","href":"https:\/\/api.w.org\/{rel}","templated":true}]}}