{"id":3981,"date":"2024-08-14T22:51:22","date_gmt":"2024-08-14T19:51:22","guid":{"rendered":"https:\/\/maxgold.gr\/shop\/vergoldete-creolen-gold-seahorses-mit-seepferdchen-aus-925-sterling-silber-und-zirkonia\/"},"modified":"2026-02-09T01:09:00","modified_gmt":"2026-02-08T22:09:00","slug":"vergoldete-creolen-gold-seahorses-mit-seepferdchen-aus-925-sterling-silber-und-zirkonia","status":"publish","type":"product","link":"https:\/\/maxgold.gr\/de\/shop\/vergoldete-creolen-gold-seahorses-mit-seepferdchen-aus-925-sterling-silber-und-zirkonia\/","title":{"rendered":"Ohrh\u00e4nger Creolen &#8222;Seepferdchen&#8220; aus Silber, vergoldet"},"content":{"rendered":"<p>Ohrh\u00e4nger Creolen &#8222;Seepferdchen&#8220; aus Sterling Silber 925, <a href=\"https:\/\/maxgold.gr\/de\/produkt-kategorie\/metall\/sterling-silber-925\/vergoldet\/\">vergoldet<\/a>, mit Zirkonia<\/p>\n<ul>\n<li><strong>Nickelfrei<\/strong> (hypoallergen und sicher f\u00fcr empfindliche Haut)<\/li>\n<li><strong>Vergoldet<\/strong><\/li>\n<\/ul>\n<p>&nbsp;<\/p>\n<p>&nbsp;<\/p>\n<h4><strong>Produktdetails<\/strong><\/h4>\n<p><strong>Creolen Gr\u00f6\u00dfe:<\/strong> 1,0cm Hoch x 1,0cm Breit x 0,2cm Tief<\/p>\n<p><strong>Motiv Gr\u00f6\u00dfe<\/strong> 1,0cm L\u00e4nge x 0,5cm Breite x 0,2cm St\u00e4rke (Materialdicke)<\/p>\n<p><strong>Gesamtl\u00e4nge des Ohrrings:<\/strong> 2,3cm<strong><br \/>\n<\/strong><\/p>\n<p><strong>Edelstein: <\/strong>Wei\u00dfe Kubische Zirkonia<\/p>\n<p><strong>Stil:<\/strong> Kreolen mit Anh\u00e4nger<\/p>\n<p><strong>Metall:<\/strong> Sterling Silber (925)<\/p>\n<p><strong>Metallstempel:<\/strong> 925<\/p>\n<p><strong>Oberfl\u00e4chenveredelung:<\/strong> Vergoldung<\/p>\n<p><strong>Verschluss:<\/strong> Klappringverschluss<\/p>\n<p>&nbsp;<\/p>\n<div dir=\"auto\"><span style=\"font-size: 85%;\">Allgemeine Informationen zum Schutz Ihres gesamten vergoldeten Schmucks.<\/span><\/div>\n<div dir=\"auto\"><\/div>\n<div dir=\"auto\"><span style=\"font-size: 85%;\">Vermeiden Sie unbedingt, dass vergoldeter Schmuck chlorhaltigem Wasser (Schwimmbad), Parf\u00fcm und Cremes ausgesetzt wird. Chlor und Sonnenschutzmittel k\u00f6nnen die Goldbeschichtung anlaufen lassen, w\u00e4hrend Parfums und Cremes dazu f\u00fchren k\u00f6nnen, dass sie sich schneller abnutzt. Um die Unversehrtheit Ihres Schmucks zu sch\u00fctzen, sollten Sie ihn vor dem Schwimmen ablegen, keine Parf\u00fcms auf ihn spr\u00fchen und keine Cremes oder Sonnenschutzmittel auftragen, w\u00e4hrend Sie ihn tragen. Diese einfachen Vorsichtsma\u00dfnahmen k\u00f6nnen dazu beitragen, die Sch\u00f6nheit und Langlebigkeit aller Ihrer vergoldeten St\u00fccke zu erhalten.   <\/span><\/div>\n","protected":false},"excerpt":{"rendered":"<p>Ohrh\u00e4nger Creolen &#8222;Seepferdchen&#8220; aus Sterling Silber 925, vergoldet, mit Zirkonia. Nickelfrei, hypoallergen und sicher f\u00fcr empfindliche Haut. <\/p>\n","protected":false},"featured_media":3982,"comment_status":"open","ping_status":"closed","template":"","meta":[],"product_brand":[738],"product_cat":[494,495,439,709,463,434,432,491,492,431,435,466,724],"product_tag":[448,583,605,442,587,576],"class_list":{"0":"post-3981","1":"product","2":"type-product","3":"status-publish","4":"has-post-thumbnail","6":"product_brand-max-gold","7":"product_cat-creolen","8":"product_cat-creolen-vergoldet","9":"product_cat-damenschmuck","10":"product_cat-kinderohrringe","11":"product_cat-kinderschmuck","12":"product_cat-metall","13":"product_cat-neu-ankommen","14":"product_cat-ohrhaenger","15":"product_cat-ohrhaenger-vergoldet","16":"product_cat-ohrringe","17":"product_cat-sterling-silber-925","18":"product_cat-suesse-tiere","19":"product_cat-vergoldet","20":"product_tag-kubischer-zirkoniumdioxid","21":"product_tag-riegelverschluss","22":"product_tag-seepferdchen","23":"product_tag-sterling-silber-925","24":"product_tag-tiere","25":"product_tag-vergoldet","27":"first","28":"instock","29":"taxable","30":"shipping-taxable","31":"purchasable","32":"product-type-simple","33":"add-to-wishlist-before_add_to_cart"},"yoast_head":"<!-- This site is optimized with the Yoast SEO plugin v27.5 - https:\/\/yoast.com\/product\/yoast-seo-wordpress\/ -->\n<title>Ohrh\u00e4nger Creolen &quot;Seepferdchen&quot; aus Silber, vergoldet - Max Gold<\/title>\n<meta name=\"description\" content=\"Ohrh\u00e4nger Creolen &quot;Seepferdchen&quot; aus Sterling Silber 925, vergoldet, mit Zirkonia. Nickelfrei, hypoallergen und sicher f\u00fcr empfindliche Haut.\" \/>\n<meta name=\"robots\" content=\"index, follow, max-snippet:-1, max-image-preview:large, max-video-preview:-1\" \/>\n<link rel=\"canonical\" href=\"https:\/\/maxgold.gr\/de\/shop\/vergoldete-creolen-gold-seahorses-mit-seepferdchen-aus-925-sterling-silber-und-zirkonia\/\" \/>\n<meta property=\"og:locale\" content=\"de_DE\" \/>\n<meta property=\"og:type\" content=\"article\" \/>\n<meta property=\"og:title\" content=\"Ohrh\u00e4nger Creolen &quot;Seepferdchen&quot; aus Silber, vergoldet - Max Gold\" \/>\n<meta property=\"og:description\" content=\"Ohrh\u00e4nger Creolen &quot;Seepferdchen&quot; aus Sterling Silber 925, vergoldet, mit Zirkonia. Nickelfrei, hypoallergen und sicher f\u00fcr empfindliche Haut.\" \/>\n<meta property=\"og:url\" content=\"https:\/\/maxgold.gr\/de\/shop\/vergoldete-creolen-gold-seahorses-mit-seepferdchen-aus-925-sterling-silber-und-zirkonia\/\" \/>\n<meta property=\"og:site_name\" content=\"Max Gold\" \/>\n<meta property=\"article:publisher\" content=\"https:\/\/www.facebook.com\/people\/Max-Gold\/61561801899896\/\" \/>\n<meta property=\"article:modified_time\" content=\"2026-02-08T22:09:00+00:00\" \/>\n<meta property=\"og:image\" content=\"https:\/\/i0.wp.com\/maxgold.gr\/wp-content\/uploads\/2024\/08\/dhe-1.jpg?fit=800%2C800&ssl=1\" \/>\n\t<meta property=\"og:image:width\" content=\"800\" \/>\n\t<meta property=\"og:image:height\" content=\"800\" \/>\n\t<meta property=\"og:image:type\" content=\"image\/jpeg\" \/>\n<meta name=\"twitter:card\" content=\"summary_large_image\" \/>\n<meta name=\"twitter:label1\" content=\"Gesch\u00e4tzte Lesezeit\" \/>\n\t<meta name=\"twitter:data1\" content=\"1\u00a0Minute\" \/>\n<script type=\"application\/ld+json\" class=\"yoast-schema-graph\">{\"@context\":\"https:\\\/\\\/schema.org\",\"@graph\":[{\"@type\":\"WebPage\",\"@id\":\"https:\\\/\\\/maxgold.gr\\\/de\\\/shop\\\/vergoldete-creolen-gold-seahorses-mit-seepferdchen-aus-925-sterling-silber-und-zirkonia\\\/\",\"url\":\"https:\\\/\\\/maxgold.gr\\\/de\\\/shop\\\/vergoldete-creolen-gold-seahorses-mit-seepferdchen-aus-925-sterling-silber-und-zirkonia\\\/\",\"name\":\"Ohrh\u00e4nger Creolen \\\"Seepferdchen\\\" aus Silber, vergoldet - Max Gold\",\"isPartOf\":{\"@id\":\"https:\\\/\\\/maxgold.gr\\\/de\\\/#website\"},\"primaryImageOfPage\":{\"@id\":\"https:\\\/\\\/maxgold.gr\\\/de\\\/shop\\\/vergoldete-creolen-gold-seahorses-mit-seepferdchen-aus-925-sterling-silber-und-zirkonia\\\/#primaryimage\"},\"image\":{\"@id\":\"https:\\\/\\\/maxgold.gr\\\/de\\\/shop\\\/vergoldete-creolen-gold-seahorses-mit-seepferdchen-aus-925-sterling-silber-und-zirkonia\\\/#primaryimage\"},\"thumbnailUrl\":\"https:\\\/\\\/i0.wp.com\\\/maxgold.gr\\\/wp-content\\\/uploads\\\/2024\\\/08\\\/dhe-1.jpg?fit=800%2C800&ssl=1\",\"datePublished\":\"2024-08-14T19:51:22+00:00\",\"dateModified\":\"2026-02-08T22:09:00+00:00\",\"description\":\"Ohrh\u00e4nger Creolen \\\"Seepferdchen\\\" aus Sterling Silber 925, vergoldet, mit Zirkonia. Nickelfrei, hypoallergen und sicher f\u00fcr empfindliche Haut.\",\"breadcrumb\":{\"@id\":\"https:\\\/\\\/maxgold.gr\\\/de\\\/shop\\\/vergoldete-creolen-gold-seahorses-mit-seepferdchen-aus-925-sterling-silber-und-zirkonia\\\/#breadcrumb\"},\"inLanguage\":\"de\",\"potentialAction\":[{\"@type\":\"ReadAction\",\"target\":[\"https:\\\/\\\/maxgold.gr\\\/de\\\/shop\\\/vergoldete-creolen-gold-seahorses-mit-seepferdchen-aus-925-sterling-silber-und-zirkonia\\\/\"]}]},{\"@type\":\"ImageObject\",\"inLanguage\":\"de\",\"@id\":\"https:\\\/\\\/maxgold.gr\\\/de\\\/shop\\\/vergoldete-creolen-gold-seahorses-mit-seepferdchen-aus-925-sterling-silber-und-zirkonia\\\/#primaryimage\",\"url\":\"https:\\\/\\\/i0.wp.com\\\/maxgold.gr\\\/wp-content\\\/uploads\\\/2024\\\/08\\\/dhe-1.jpg?fit=800%2C800&ssl=1\",\"contentUrl\":\"https:\\\/\\\/i0.wp.com\\\/maxgold.gr\\\/wp-content\\\/uploads\\\/2024\\\/08\\\/dhe-1.jpg?fit=800%2C800&ssl=1\",\"width\":800,\"height\":800},{\"@type\":\"BreadcrumbList\",\"@id\":\"https:\\\/\\\/maxgold.gr\\\/de\\\/shop\\\/vergoldete-creolen-gold-seahorses-mit-seepferdchen-aus-925-sterling-silber-und-zirkonia\\\/#breadcrumb\",\"itemListElement\":[{\"@type\":\"ListItem\",\"position\":1,\"name\":\"Home\",\"item\":\"https:\\\/\\\/maxgold.gr\\\/de\\\/startseite\\\/\"},{\"@type\":\"ListItem\",\"position\":2,\"name\":\"Gesch\u00e4ft\",\"item\":\"https:\\\/\\\/maxgold.gr\\\/de\\\/%ce%ba%ce%b1%cf%84%ce%ac%cf%83%cf%84%ce%b7%ce%bc%ce%b1\\\/\"},{\"@type\":\"ListItem\",\"position\":3,\"name\":\"Ohrh\u00e4nger Creolen &#8222;Seepferdchen&#8220; aus Silber, vergoldet\"}]},{\"@type\":\"WebSite\",\"@id\":\"https:\\\/\\\/maxgold.gr\\\/de\\\/#website\",\"url\":\"https:\\\/\\\/maxgold.gr\\\/de\\\/\",\"name\":\"Max Gold\",\"description\":\"Max Gold\",\"potentialAction\":[{\"@type\":\"SearchAction\",\"target\":{\"@type\":\"EntryPoint\",\"urlTemplate\":\"https:\\\/\\\/maxgold.gr\\\/de\\\/?s={search_term_string}\"},\"query-input\":{\"@type\":\"PropertyValueSpecification\",\"valueRequired\":true,\"valueName\":\"search_term_string\"}}],\"inLanguage\":\"de\"}]}<\/script>\n<!-- \/ Yoast SEO plugin. -->","yoast_head_json":{"title":"Ohrh\u00e4nger Creolen \"Seepferdchen\" aus Silber, vergoldet - Max Gold","description":"Ohrh\u00e4nger Creolen \"Seepferdchen\" aus Sterling Silber 925, vergoldet, mit Zirkonia. Nickelfrei, hypoallergen und sicher f\u00fcr empfindliche Haut.","robots":{"index":"index","follow":"follow","max-snippet":"max-snippet:-1","max-image-preview":"max-image-preview:large","max-video-preview":"max-video-preview:-1"},"canonical":"https:\/\/maxgold.gr\/de\/shop\/vergoldete-creolen-gold-seahorses-mit-seepferdchen-aus-925-sterling-silber-und-zirkonia\/","og_locale":"de_DE","og_type":"article","og_title":"Ohrh\u00e4nger Creolen \"Seepferdchen\" aus Silber, vergoldet - Max Gold","og_description":"Ohrh\u00e4nger Creolen \"Seepferdchen\" aus Sterling Silber 925, vergoldet, mit Zirkonia. Nickelfrei, hypoallergen und sicher f\u00fcr empfindliche Haut.","og_url":"https:\/\/maxgold.gr\/de\/shop\/vergoldete-creolen-gold-seahorses-mit-seepferdchen-aus-925-sterling-silber-und-zirkonia\/","og_site_name":"Max Gold","article_publisher":"https:\/\/www.facebook.com\/people\/Max-Gold\/61561801899896\/","article_modified_time":"2026-02-08T22:09:00+00:00","og_image":[{"width":800,"height":800,"url":"https:\/\/i0.wp.com\/maxgold.gr\/wp-content\/uploads\/2024\/08\/dhe-1.jpg?fit=800%2C800&ssl=1","type":"image\/jpeg"}],"twitter_card":"summary_large_image","twitter_misc":{"Gesch\u00e4tzte Lesezeit":"1\u00a0Minute"},"schema":{"@context":"https:\/\/schema.org","@graph":[{"@type":"WebPage","@id":"https:\/\/maxgold.gr\/de\/shop\/vergoldete-creolen-gold-seahorses-mit-seepferdchen-aus-925-sterling-silber-und-zirkonia\/","url":"https:\/\/maxgold.gr\/de\/shop\/vergoldete-creolen-gold-seahorses-mit-seepferdchen-aus-925-sterling-silber-und-zirkonia\/","name":"Ohrh\u00e4nger Creolen \"Seepferdchen\" aus Silber, vergoldet - Max Gold","isPartOf":{"@id":"https:\/\/maxgold.gr\/de\/#website"},"primaryImageOfPage":{"@id":"https:\/\/maxgold.gr\/de\/shop\/vergoldete-creolen-gold-seahorses-mit-seepferdchen-aus-925-sterling-silber-und-zirkonia\/#primaryimage"},"image":{"@id":"https:\/\/maxgold.gr\/de\/shop\/vergoldete-creolen-gold-seahorses-mit-seepferdchen-aus-925-sterling-silber-und-zirkonia\/#primaryimage"},"thumbnailUrl":"https:\/\/i0.wp.com\/maxgold.gr\/wp-content\/uploads\/2024\/08\/dhe-1.jpg?fit=800%2C800&ssl=1","datePublished":"2024-08-14T19:51:22+00:00","dateModified":"2026-02-08T22:09:00+00:00","description":"Ohrh\u00e4nger Creolen \"Seepferdchen\" aus Sterling Silber 925, vergoldet, mit Zirkonia. Nickelfrei, hypoallergen und sicher f\u00fcr empfindliche Haut.","breadcrumb":{"@id":"https:\/\/maxgold.gr\/de\/shop\/vergoldete-creolen-gold-seahorses-mit-seepferdchen-aus-925-sterling-silber-und-zirkonia\/#breadcrumb"},"inLanguage":"de","potentialAction":[{"@type":"ReadAction","target":["https:\/\/maxgold.gr\/de\/shop\/vergoldete-creolen-gold-seahorses-mit-seepferdchen-aus-925-sterling-silber-und-zirkonia\/"]}]},{"@type":"ImageObject","inLanguage":"de","@id":"https:\/\/maxgold.gr\/de\/shop\/vergoldete-creolen-gold-seahorses-mit-seepferdchen-aus-925-sterling-silber-und-zirkonia\/#primaryimage","url":"https:\/\/i0.wp.com\/maxgold.gr\/wp-content\/uploads\/2024\/08\/dhe-1.jpg?fit=800%2C800&ssl=1","contentUrl":"https:\/\/i0.wp.com\/maxgold.gr\/wp-content\/uploads\/2024\/08\/dhe-1.jpg?fit=800%2C800&ssl=1","width":800,"height":800},{"@type":"BreadcrumbList","@id":"https:\/\/maxgold.gr\/de\/shop\/vergoldete-creolen-gold-seahorses-mit-seepferdchen-aus-925-sterling-silber-und-zirkonia\/#breadcrumb","itemListElement":[{"@type":"ListItem","position":1,"name":"Home","item":"https:\/\/maxgold.gr\/de\/startseite\/"},{"@type":"ListItem","position":2,"name":"Gesch\u00e4ft","item":"https:\/\/maxgold.gr\/de\/%ce%ba%ce%b1%cf%84%ce%ac%cf%83%cf%84%ce%b7%ce%bc%ce%b1\/"},{"@type":"ListItem","position":3,"name":"Ohrh\u00e4nger Creolen &#8222;Seepferdchen&#8220; aus Silber, vergoldet"}]},{"@type":"WebSite","@id":"https:\/\/maxgold.gr\/de\/#website","url":"https:\/\/maxgold.gr\/de\/","name":"Max Gold","description":"Max Gold","potentialAction":[{"@type":"SearchAction","target":{"@type":"EntryPoint","urlTemplate":"https:\/\/maxgold.gr\/de\/?s={search_term_string}"},"query-input":{"@type":"PropertyValueSpecification","valueRequired":true,"valueName":"search_term_string"}}],"inLanguage":"de"}]}},"jetpack_sharing_enabled":true,"_links":{"self":[{"href":"https:\/\/maxgold.gr\/de\/wp-json\/wp\/v2\/product\/3981","targetHints":{"allow":["GET"]}}],"collection":[{"href":"https:\/\/maxgold.gr\/de\/wp-json\/wp\/v2\/product"}],"about":[{"href":"https:\/\/maxgold.gr\/de\/wp-json\/wp\/v2\/types\/product"}],"replies":[{"embeddable":true,"href":"https:\/\/maxgold.gr\/de\/wp-json\/wp\/v2\/comments?post=3981"}],"wp:featuredmedia":[{"embeddable":true,"href":"https:\/\/maxgold.gr\/de\/wp-json\/wp\/v2\/media\/3982"}],"wp:attachment":[{"href":"https:\/\/maxgold.gr\/de\/wp-json\/wp\/v2\/media?parent=3981"}],"wp:term":[{"taxonomy":"product_brand","embeddable":true,"href":"https:\/\/maxgold.gr\/de\/wp-json\/wp\/v2\/product_brand?post=3981"},{"taxonomy":"product_cat","embeddable":true,"href":"https:\/\/maxgold.gr\/de\/wp-json\/wp\/v2\/product_cat?post=3981"},{"taxonomy":"product_tag","embeddable":true,"href":"https:\/\/maxgold.gr\/de\/wp-json\/wp\/v2\/product_tag?post=3981"}],"curies":[{"name":"wp","href":"https:\/\/api.w.org\/{rel}","templated":true}]}}