{"id":4008,"date":"2024-08-09T22:31:39","date_gmt":"2024-08-09T19:31:39","guid":{"rendered":"https:\/\/maxgold.gr\/shop\/griechisches-boeses-auge-armband-mond-sonne-gold-aus-925-sterling-silber-vergoldet-mit-zirkonia\/"},"modified":"2024-08-09T22:31:39","modified_gmt":"2024-08-09T19:31:39","slug":"griechisches-boeses-auge-armband-mond-sonne-gold-aus-925-sterling-silber-vergoldet-mit-zirkonia","status":"publish","type":"product","link":"https:\/\/maxgold.gr\/de\/shop\/griechisches-boeses-auge-armband-mond-sonne-gold-aus-925-sterling-silber-vergoldet-mit-zirkonia\/","title":{"rendered":"Griechisches B\u00f6ses-Auge-Armband &#8222;Mond &amp; Sonne Gold&#8220;, aus 925 Sterling Silber, vergoldet mit Zirkonia"},"content":{"rendered":"<p>Das Armband &#8222;Moon &amp; Sun Gold&#8220; ist ein atemberaubendes St\u00fcck aus Sterlingsilber und Goldplattierung. Die zus\u00e4tzlichen Zirkonia verleihen dem Design einen Hauch von Eleganz. Die verstellbare Gr\u00f6\u00dfe macht es vielseitig einsetzbar f\u00fcr verschiedene Handgelenksgr\u00f6\u00dfen und sorgt f\u00fcr einen bequemen Sitz bei jedem, der es tr\u00e4gt. Bis heute ist der b\u00f6se Auge ein fester Bestandteil der griechischen Kultur &#8211; nicht nur in Griechenland, sondern an vielen Orten auf der ganzen Welt, wo es noch griechische Gemeinschaften gibt. Der b\u00f6se Blick ist im Wesentlichen ein Symbol zur Abschreckung der b\u00f6sen Energie, die eine Person auf andere \u00fcbertragen kann.  <\/p>\n<p>&nbsp;<\/p>\n<p>&nbsp;<\/p>\n<p>&nbsp;<\/p>\n<h4><strong>Produktdetails<\/strong><\/h4>\n<p><strong>Gr\u00f6\u00dfe des Armbands: <\/strong>16cm -19,5cm, verstellbar<strong><br \/>\n<\/strong><\/p>\n<p><strong>Edelstein:<\/strong> Kubische Zirkonia <strong>Motiv Gr\u00f6\u00dfe (Kreuz): <\/strong>0,8cm x 0,8cm x 0,1cm <strong>Metall:<\/strong> Sterling Silber (925) <strong>Metallstempel:<\/strong> 925 <strong>Plattierung: <\/strong>Gold<\/p>\n<p><strong>Verschluss: <\/strong>Federring<strong><br \/>\n<\/strong><\/p>\n<p>&nbsp;<\/p>\n<p>Aufgrund von Unterschieden bei Monitoren k\u00f6nnen die Farben der Produkte auch anders aussehen als auf der Website dargestellt.<\/p>\n","protected":false},"excerpt":{"rendered":"<p>Die &#8222;Moon &amp; Sun Gold&#8220; ist ein atemberaubendes Schmuckst\u00fcck aus Sterlingsilber und Goldplattierung.<br \/>\nDie zus\u00e4tzlichen Zirkonia verleihen dem Design einen Hauch von Eleganz.<br \/>\nDie verstellbare Gr\u00f6\u00dfe macht es vielseitig f\u00fcr verschiedene Handgelenksgr\u00f6\u00dfen einsetzbar und sorgt f\u00fcr einen bequemen Sitz f\u00fcr jeden, der es tr\u00e4gt.  <\/p>\n","protected":false},"featured_media":4009,"comment_status":"open","ping_status":"closed","template":"","meta":[],"product_brand":[],"product_cat":[485,439,446,487,488,434,435,724],"product_tag":[449,448,576],"class_list":{"0":"post-4008","1":"product","2":"type-product","3":"status-publish","4":"has-post-thumbnail","6":"product_cat-armbander","7":"product_cat-damenschmuck","8":"product_cat-griechisches-auge-kollektion","9":"product_cat-kettenarmbaender","10":"product_cat-kettenarmbaender-vergoldet","11":"product_cat-metall","12":"product_cat-sterling-silber-925","13":"product_cat-vergoldet","14":"product_tag-griechisches-boses-auge-kollektion","15":"product_tag-kubischer-zirkoniumdioxid","16":"product_tag-vergoldet","18":"first","19":"instock","20":"taxable","21":"shipping-taxable","22":"purchasable","23":"product-type-simple","24":"add-to-wishlist-before_add_to_cart"},"yoast_head":"<!-- This site is optimized with the Yoast SEO plugin v27.5 - https:\/\/yoast.com\/product\/yoast-seo-wordpress\/ -->\n<title>Griechisches B\u00f6ses-Auge-Armband &quot;Mond &amp; Sonne Gold&quot;, aus 925 Sterling Silber, vergoldet mit Zirkonia - Max Gold<\/title>\n<meta name=\"robots\" content=\"index, follow, max-snippet:-1, max-image-preview:large, max-video-preview:-1\" \/>\n<link rel=\"canonical\" href=\"https:\/\/maxgold.gr\/de\/shop\/griechisches-boeses-auge-armband-mond-sonne-gold-aus-925-sterling-silber-vergoldet-mit-zirkonia\/\" \/>\n<meta property=\"og:locale\" content=\"de_DE\" \/>\n<meta property=\"og:type\" content=\"article\" \/>\n<meta property=\"og:title\" content=\"Griechisches B\u00f6ses-Auge-Armband &quot;Mond &amp; Sonne Gold&quot;, aus 925 Sterling Silber, vergoldet mit Zirkonia - Max Gold\" \/>\n<meta property=\"og:description\" content=\"Die &quot;Moon &amp; Sun Gold&quot; ist ein atemberaubendes Schmuckst\u00fcck aus Sterlingsilber und Goldplattierung. Die zus\u00e4tzlichen Zirkonia verleihen dem Design einen Hauch von Eleganz. Die verstellbare Gr\u00f6\u00dfe macht es vielseitig f\u00fcr verschiedene Handgelenksgr\u00f6\u00dfen einsetzbar und sorgt f\u00fcr einen bequemen Sitz f\u00fcr jeden, der es tr\u00e4gt.\" \/>\n<meta property=\"og:url\" content=\"https:\/\/maxgold.gr\/de\/shop\/griechisches-boeses-auge-armband-mond-sonne-gold-aus-925-sterling-silber-vergoldet-mit-zirkonia\/\" \/>\n<meta property=\"og:site_name\" content=\"Max Gold\" \/>\n<meta property=\"article:publisher\" content=\"https:\/\/www.facebook.com\/people\/Max-Gold\/61561801899896\/\" \/>\n<meta property=\"og:image\" content=\"https:\/\/i0.wp.com\/maxgold.gr\/wp-content\/uploads\/2024\/08\/eeb-5a.jpg?fit=800%2C800&ssl=1\" \/>\n\t<meta property=\"og:image:width\" content=\"800\" \/>\n\t<meta property=\"og:image:height\" content=\"800\" \/>\n\t<meta property=\"og:image:type\" content=\"image\/jpeg\" \/>\n<meta name=\"twitter:card\" content=\"summary_large_image\" \/>\n<meta name=\"twitter:label1\" content=\"Gesch\u00e4tzte Lesezeit\" \/>\n\t<meta name=\"twitter:data1\" content=\"1\u00a0Minute\" \/>\n<script type=\"application\/ld+json\" class=\"yoast-schema-graph\">{\"@context\":\"https:\\\/\\\/schema.org\",\"@graph\":[{\"@type\":\"WebPage\",\"@id\":\"https:\\\/\\\/maxgold.gr\\\/de\\\/shop\\\/griechisches-boeses-auge-armband-mond-sonne-gold-aus-925-sterling-silber-vergoldet-mit-zirkonia\\\/\",\"url\":\"https:\\\/\\\/maxgold.gr\\\/de\\\/shop\\\/griechisches-boeses-auge-armband-mond-sonne-gold-aus-925-sterling-silber-vergoldet-mit-zirkonia\\\/\",\"name\":\"Griechisches B\u00f6ses-Auge-Armband \\\"Mond &amp; Sonne Gold\\\", aus 925 Sterling Silber, vergoldet mit Zirkonia - Max Gold\",\"isPartOf\":{\"@id\":\"https:\\\/\\\/maxgold.gr\\\/de\\\/#website\"},\"primaryImageOfPage\":{\"@id\":\"https:\\\/\\\/maxgold.gr\\\/de\\\/shop\\\/griechisches-boeses-auge-armband-mond-sonne-gold-aus-925-sterling-silber-vergoldet-mit-zirkonia\\\/#primaryimage\"},\"image\":{\"@id\":\"https:\\\/\\\/maxgold.gr\\\/de\\\/shop\\\/griechisches-boeses-auge-armband-mond-sonne-gold-aus-925-sterling-silber-vergoldet-mit-zirkonia\\\/#primaryimage\"},\"thumbnailUrl\":\"https:\\\/\\\/i0.wp.com\\\/maxgold.gr\\\/wp-content\\\/uploads\\\/2024\\\/08\\\/eeb-5a.jpg?fit=800%2C800&ssl=1\",\"datePublished\":\"2024-08-09T19:31:39+00:00\",\"breadcrumb\":{\"@id\":\"https:\\\/\\\/maxgold.gr\\\/de\\\/shop\\\/griechisches-boeses-auge-armband-mond-sonne-gold-aus-925-sterling-silber-vergoldet-mit-zirkonia\\\/#breadcrumb\"},\"inLanguage\":\"de\",\"potentialAction\":[{\"@type\":\"ReadAction\",\"target\":[\"https:\\\/\\\/maxgold.gr\\\/de\\\/shop\\\/griechisches-boeses-auge-armband-mond-sonne-gold-aus-925-sterling-silber-vergoldet-mit-zirkonia\\\/\"]}]},{\"@type\":\"ImageObject\",\"inLanguage\":\"de\",\"@id\":\"https:\\\/\\\/maxgold.gr\\\/de\\\/shop\\\/griechisches-boeses-auge-armband-mond-sonne-gold-aus-925-sterling-silber-vergoldet-mit-zirkonia\\\/#primaryimage\",\"url\":\"https:\\\/\\\/i0.wp.com\\\/maxgold.gr\\\/wp-content\\\/uploads\\\/2024\\\/08\\\/eeb-5a.jpg?fit=800%2C800&ssl=1\",\"contentUrl\":\"https:\\\/\\\/i0.wp.com\\\/maxgold.gr\\\/wp-content\\\/uploads\\\/2024\\\/08\\\/eeb-5a.jpg?fit=800%2C800&ssl=1\",\"width\":800,\"height\":800,\"caption\":\"Gold Greek Evil Eye Bracelet \\\"Moon & Sun Gold\\\", made of Silver\"},{\"@type\":\"BreadcrumbList\",\"@id\":\"https:\\\/\\\/maxgold.gr\\\/de\\\/shop\\\/griechisches-boeses-auge-armband-mond-sonne-gold-aus-925-sterling-silber-vergoldet-mit-zirkonia\\\/#breadcrumb\",\"itemListElement\":[{\"@type\":\"ListItem\",\"position\":1,\"name\":\"Home\",\"item\":\"https:\\\/\\\/maxgold.gr\\\/de\\\/startseite\\\/\"},{\"@type\":\"ListItem\",\"position\":2,\"name\":\"Gesch\u00e4ft\",\"item\":\"https:\\\/\\\/maxgold.gr\\\/de\\\/%ce%ba%ce%b1%cf%84%ce%ac%cf%83%cf%84%ce%b7%ce%bc%ce%b1\\\/\"},{\"@type\":\"ListItem\",\"position\":3,\"name\":\"Griechisches B\u00f6ses-Auge-Armband &#8220;Mond &amp; Sonne Gold&#8221;, aus 925 Sterling Silber, vergoldet mit Zirkonia\"}]},{\"@type\":\"WebSite\",\"@id\":\"https:\\\/\\\/maxgold.gr\\\/de\\\/#website\",\"url\":\"https:\\\/\\\/maxgold.gr\\\/de\\\/\",\"name\":\"Max Gold\",\"description\":\"Max Gold\",\"potentialAction\":[{\"@type\":\"SearchAction\",\"target\":{\"@type\":\"EntryPoint\",\"urlTemplate\":\"https:\\\/\\\/maxgold.gr\\\/de\\\/?s={search_term_string}\"},\"query-input\":{\"@type\":\"PropertyValueSpecification\",\"valueRequired\":true,\"valueName\":\"search_term_string\"}}],\"inLanguage\":\"de\"}]}<\/script>\n<!-- \/ Yoast SEO plugin. -->","yoast_head_json":{"title":"Griechisches B\u00f6ses-Auge-Armband \"Mond &amp; Sonne Gold\", aus 925 Sterling Silber, vergoldet mit Zirkonia - Max Gold","robots":{"index":"index","follow":"follow","max-snippet":"max-snippet:-1","max-image-preview":"max-image-preview:large","max-video-preview":"max-video-preview:-1"},"canonical":"https:\/\/maxgold.gr\/de\/shop\/griechisches-boeses-auge-armband-mond-sonne-gold-aus-925-sterling-silber-vergoldet-mit-zirkonia\/","og_locale":"de_DE","og_type":"article","og_title":"Griechisches B\u00f6ses-Auge-Armband \"Mond &amp; Sonne Gold\", aus 925 Sterling Silber, vergoldet mit Zirkonia - Max Gold","og_description":"Die \"Moon &amp; Sun Gold\" ist ein atemberaubendes Schmuckst\u00fcck aus Sterlingsilber und Goldplattierung. Die zus\u00e4tzlichen Zirkonia verleihen dem Design einen Hauch von Eleganz. Die verstellbare Gr\u00f6\u00dfe macht es vielseitig f\u00fcr verschiedene Handgelenksgr\u00f6\u00dfen einsetzbar und sorgt f\u00fcr einen bequemen Sitz f\u00fcr jeden, der es tr\u00e4gt.","og_url":"https:\/\/maxgold.gr\/de\/shop\/griechisches-boeses-auge-armband-mond-sonne-gold-aus-925-sterling-silber-vergoldet-mit-zirkonia\/","og_site_name":"Max Gold","article_publisher":"https:\/\/www.facebook.com\/people\/Max-Gold\/61561801899896\/","og_image":[{"width":800,"height":800,"url":"https:\/\/i0.wp.com\/maxgold.gr\/wp-content\/uploads\/2024\/08\/eeb-5a.jpg?fit=800%2C800&ssl=1","type":"image\/jpeg"}],"twitter_card":"summary_large_image","twitter_misc":{"Gesch\u00e4tzte Lesezeit":"1\u00a0Minute"},"schema":{"@context":"https:\/\/schema.org","@graph":[{"@type":"WebPage","@id":"https:\/\/maxgold.gr\/de\/shop\/griechisches-boeses-auge-armband-mond-sonne-gold-aus-925-sterling-silber-vergoldet-mit-zirkonia\/","url":"https:\/\/maxgold.gr\/de\/shop\/griechisches-boeses-auge-armband-mond-sonne-gold-aus-925-sterling-silber-vergoldet-mit-zirkonia\/","name":"Griechisches B\u00f6ses-Auge-Armband \"Mond &amp; Sonne Gold\", aus 925 Sterling Silber, vergoldet mit Zirkonia - Max Gold","isPartOf":{"@id":"https:\/\/maxgold.gr\/de\/#website"},"primaryImageOfPage":{"@id":"https:\/\/maxgold.gr\/de\/shop\/griechisches-boeses-auge-armband-mond-sonne-gold-aus-925-sterling-silber-vergoldet-mit-zirkonia\/#primaryimage"},"image":{"@id":"https:\/\/maxgold.gr\/de\/shop\/griechisches-boeses-auge-armband-mond-sonne-gold-aus-925-sterling-silber-vergoldet-mit-zirkonia\/#primaryimage"},"thumbnailUrl":"https:\/\/i0.wp.com\/maxgold.gr\/wp-content\/uploads\/2024\/08\/eeb-5a.jpg?fit=800%2C800&ssl=1","datePublished":"2024-08-09T19:31:39+00:00","breadcrumb":{"@id":"https:\/\/maxgold.gr\/de\/shop\/griechisches-boeses-auge-armband-mond-sonne-gold-aus-925-sterling-silber-vergoldet-mit-zirkonia\/#breadcrumb"},"inLanguage":"de","potentialAction":[{"@type":"ReadAction","target":["https:\/\/maxgold.gr\/de\/shop\/griechisches-boeses-auge-armband-mond-sonne-gold-aus-925-sterling-silber-vergoldet-mit-zirkonia\/"]}]},{"@type":"ImageObject","inLanguage":"de","@id":"https:\/\/maxgold.gr\/de\/shop\/griechisches-boeses-auge-armband-mond-sonne-gold-aus-925-sterling-silber-vergoldet-mit-zirkonia\/#primaryimage","url":"https:\/\/i0.wp.com\/maxgold.gr\/wp-content\/uploads\/2024\/08\/eeb-5a.jpg?fit=800%2C800&ssl=1","contentUrl":"https:\/\/i0.wp.com\/maxgold.gr\/wp-content\/uploads\/2024\/08\/eeb-5a.jpg?fit=800%2C800&ssl=1","width":800,"height":800,"caption":"Gold Greek Evil Eye Bracelet \"Moon & Sun Gold\", made of Silver"},{"@type":"BreadcrumbList","@id":"https:\/\/maxgold.gr\/de\/shop\/griechisches-boeses-auge-armband-mond-sonne-gold-aus-925-sterling-silber-vergoldet-mit-zirkonia\/#breadcrumb","itemListElement":[{"@type":"ListItem","position":1,"name":"Home","item":"https:\/\/maxgold.gr\/de\/startseite\/"},{"@type":"ListItem","position":2,"name":"Gesch\u00e4ft","item":"https:\/\/maxgold.gr\/de\/%ce%ba%ce%b1%cf%84%ce%ac%cf%83%cf%84%ce%b7%ce%bc%ce%b1\/"},{"@type":"ListItem","position":3,"name":"Griechisches B\u00f6ses-Auge-Armband &#8220;Mond &amp; Sonne Gold&#8221;, aus 925 Sterling Silber, vergoldet mit Zirkonia"}]},{"@type":"WebSite","@id":"https:\/\/maxgold.gr\/de\/#website","url":"https:\/\/maxgold.gr\/de\/","name":"Max Gold","description":"Max Gold","potentialAction":[{"@type":"SearchAction","target":{"@type":"EntryPoint","urlTemplate":"https:\/\/maxgold.gr\/de\/?s={search_term_string}"},"query-input":{"@type":"PropertyValueSpecification","valueRequired":true,"valueName":"search_term_string"}}],"inLanguage":"de"}]}},"jetpack_sharing_enabled":true,"_links":{"self":[{"href":"https:\/\/maxgold.gr\/de\/wp-json\/wp\/v2\/product\/4008","targetHints":{"allow":["GET"]}}],"collection":[{"href":"https:\/\/maxgold.gr\/de\/wp-json\/wp\/v2\/product"}],"about":[{"href":"https:\/\/maxgold.gr\/de\/wp-json\/wp\/v2\/types\/product"}],"replies":[{"embeddable":true,"href":"https:\/\/maxgold.gr\/de\/wp-json\/wp\/v2\/comments?post=4008"}],"wp:featuredmedia":[{"embeddable":true,"href":"https:\/\/maxgold.gr\/de\/wp-json\/wp\/v2\/media\/4009"}],"wp:attachment":[{"href":"https:\/\/maxgold.gr\/de\/wp-json\/wp\/v2\/media?parent=4008"}],"wp:term":[{"taxonomy":"product_brand","embeddable":true,"href":"https:\/\/maxgold.gr\/de\/wp-json\/wp\/v2\/product_brand?post=4008"},{"taxonomy":"product_cat","embeddable":true,"href":"https:\/\/maxgold.gr\/de\/wp-json\/wp\/v2\/product_cat?post=4008"},{"taxonomy":"product_tag","embeddable":true,"href":"https:\/\/maxgold.gr\/de\/wp-json\/wp\/v2\/product_tag?post=4008"}],"curies":[{"name":"wp","href":"https:\/\/api.w.org\/{rel}","templated":true}]}}