{"id":4017,"date":"2024-08-06T18:27:53","date_gmt":"2024-08-06T15:27:53","guid":{"rendered":"https:\/\/maxgold.gr\/shop\/gold-fusskettchen-dikena-gold-aus-925-sterling-silber-vergoldet\/"},"modified":"2024-10-31T00:33:35","modified_gmt":"2024-10-30T21:33:35","slug":"gold-fusskettchen-dikena-gold-aus-925-sterling-silber-vergoldet","status":"publish","type":"product","link":"https:\/\/maxgold.gr\/de\/shop\/gold-fusskettchen-dikena-gold-aus-925-sterling-silber-vergoldet\/","title":{"rendered":"Gold Fu\u00dfkettchen &#8222;Dikena Gold&#8220;, aus 925 Sterling Silber, vergoldet"},"content":{"rendered":"<p>Das Fu\u00dfkettchen &#8222;Dikena Gold&#8220; aus vergoldetem Sterlingsilber besticht durch ein einzigartiges Design mit zwei Ketten, einer Kugelkette und einer gl\u00e4nzenden Mausschwanzkette. Die Verflechtung dieser Ketten sorgt f\u00fcr einen dynamischen und auff\u00e4lligen Look, perfekt, um jedem Outfit einen Hauch von Eleganz zu verleihen. Die Kombination verschiedener Kettentypen verleiht dem Fu\u00dfkettchen ein verspieltes Element und macht es zu einem vielseitigen Schmuckst\u00fcck, das sowohl zu l\u00e4ssigen als auch zu formellen Anl\u00e4ssen getragen werden kann.  <\/p>\n<p>&nbsp;<\/p>\n<p>&nbsp;<\/p>\n<p>&nbsp;<\/p>\n<h4><strong>Produktdetails<\/strong><\/h4>\n<p><strong>Gr\u00f6\u00dfe des Armbands: <\/strong>23cm -27,5cm, verstellbar<strong><br \/>\n<\/strong><\/p>\n<p><strong>Kette Breite: <\/strong>2,1mm<strong><br \/>\n<\/strong><\/p>\n<p><strong>Metall:<\/strong> Sterling Silber (925) <strong>Metallstempel:<\/strong> 925 <strong>Plattierung: <\/strong>Gold <strong>Verschluss: <\/strong>Karabiner<\/p>\n<p><strong><br \/>\n<\/strong><\/p>\n<p>&nbsp;<\/p>\n<p>Die Fotos auf der Website sind so nah wie m\u00f6glich am realen Produkt geschossen.<br \/>\nAufgrund von Unterschieden bei Monitoren k\u00f6nnen die Farben der Produkte auch anders aussehen als auf der Website dargestellt.<\/p>\n","protected":false},"excerpt":{"rendered":"<p>Das Fu\u00dfkettchen &#8222;Dikena Gold&#8220; aus vergoldetem 925er Sterlingsilber besticht durch ein einzigartiges Design mit zwei Ketten, einer Kugelkette und einer gl\u00e4nzenden Mausschwanzkette. Die verstellbare Gr\u00f6\u00dfe macht es vielseitig einsetzbar f\u00fcr verschiedene Kn\u00f6chelgr\u00f6\u00dfen und sorgt f\u00fcr einen bequemen Sitz bei jeder Tr\u00e4gerin. <\/p>\n","protected":false},"featured_media":4018,"comment_status":"open","ping_status":"closed","template":"","meta":[],"product_brand":[],"product_cat":[439,481,480,434,432,435,724],"product_tag":[571,556,442],"class_list":{"0":"post-4017","1":"product","2":"type-product","3":"status-publish","4":"has-post-thumbnail","6":"product_cat-damenschmuck","7":"product_cat-fusskettchen","8":"product_cat-korperschmuck","9":"product_cat-metall","10":"product_cat-neu-ankommen","11":"product_cat-sterling-silber-925","12":"product_cat-vergoldet","13":"product_tag-dikena-collection-de","14":"product_tag-fusskettchen-de","15":"product_tag-sterling-silber-925","17":"first","18":"instock","19":"taxable","20":"shipping-taxable","21":"purchasable","22":"product-type-simple","23":"add-to-wishlist-before_add_to_cart"},"yoast_head":"<!-- This site is optimized with the Yoast SEO plugin v27.5 - https:\/\/yoast.com\/product\/yoast-seo-wordpress\/ -->\n<title>Gold Fu\u00dfkettchen &quot;Dikena Gold&quot;, aus 925 Sterling Silber, vergoldet - Max Gold<\/title>\n<meta name=\"robots\" content=\"index, follow, max-snippet:-1, max-image-preview:large, max-video-preview:-1\" \/>\n<link rel=\"canonical\" href=\"https:\/\/maxgold.gr\/de\/shop\/gold-fusskettchen-dikena-gold-aus-925-sterling-silber-vergoldet\/\" \/>\n<meta property=\"og:locale\" content=\"de_DE\" \/>\n<meta property=\"og:type\" content=\"article\" \/>\n<meta property=\"og:title\" content=\"Gold Fu\u00dfkettchen &quot;Dikena Gold&quot;, aus 925 Sterling Silber, vergoldet - Max Gold\" \/>\n<meta property=\"og:description\" content=\"Das Fu\u00dfkettchen &quot;Dikena Gold&quot; aus vergoldetem 925er Sterlingsilber besticht durch ein einzigartiges Design mit zwei Ketten, einer Kugelkette und einer gl\u00e4nzenden Mausschwanzkette. Die verstellbare Gr\u00f6\u00dfe macht es vielseitig einsetzbar f\u00fcr verschiedene Kn\u00f6chelgr\u00f6\u00dfen und sorgt f\u00fcr einen bequemen Sitz bei jeder Tr\u00e4gerin.\" \/>\n<meta property=\"og:url\" content=\"https:\/\/maxgold.gr\/de\/shop\/gold-fusskettchen-dikena-gold-aus-925-sterling-silber-vergoldet\/\" \/>\n<meta property=\"og:site_name\" content=\"Max Gold\" \/>\n<meta property=\"article:publisher\" content=\"https:\/\/www.facebook.com\/people\/Max-Gold\/61561801899896\/\" \/>\n<meta property=\"article:modified_time\" content=\"2024-10-30T21:33:35+00:00\" \/>\n<meta property=\"og:image\" content=\"https:\/\/i0.wp.com\/maxgold.gr\/wp-content\/uploads\/2024\/08\/fc-3e.jpg?fit=700%2C700&ssl=1\" \/>\n\t<meta property=\"og:image:width\" content=\"700\" \/>\n\t<meta property=\"og:image:height\" content=\"700\" \/>\n\t<meta property=\"og:image:type\" content=\"image\/jpeg\" \/>\n<meta name=\"twitter:card\" content=\"summary_large_image\" \/>\n<meta name=\"twitter:label1\" content=\"Gesch\u00e4tzte Lesezeit\" \/>\n\t<meta name=\"twitter:data1\" content=\"1\u00a0Minute\" \/>\n<script type=\"application\/ld+json\" class=\"yoast-schema-graph\">{\"@context\":\"https:\\\/\\\/schema.org\",\"@graph\":[{\"@type\":\"WebPage\",\"@id\":\"https:\\\/\\\/maxgold.gr\\\/de\\\/shop\\\/gold-fusskettchen-dikena-gold-aus-925-sterling-silber-vergoldet\\\/\",\"url\":\"https:\\\/\\\/maxgold.gr\\\/de\\\/shop\\\/gold-fusskettchen-dikena-gold-aus-925-sterling-silber-vergoldet\\\/\",\"name\":\"Gold Fu\u00dfkettchen \\\"Dikena Gold\\\", aus 925 Sterling Silber, vergoldet - Max Gold\",\"isPartOf\":{\"@id\":\"https:\\\/\\\/maxgold.gr\\\/de\\\/#website\"},\"primaryImageOfPage\":{\"@id\":\"https:\\\/\\\/maxgold.gr\\\/de\\\/shop\\\/gold-fusskettchen-dikena-gold-aus-925-sterling-silber-vergoldet\\\/#primaryimage\"},\"image\":{\"@id\":\"https:\\\/\\\/maxgold.gr\\\/de\\\/shop\\\/gold-fusskettchen-dikena-gold-aus-925-sterling-silber-vergoldet\\\/#primaryimage\"},\"thumbnailUrl\":\"https:\\\/\\\/i0.wp.com\\\/maxgold.gr\\\/wp-content\\\/uploads\\\/2024\\\/08\\\/fc-3e.jpg?fit=700%2C700&ssl=1\",\"datePublished\":\"2024-08-06T15:27:53+00:00\",\"dateModified\":\"2024-10-30T21:33:35+00:00\",\"breadcrumb\":{\"@id\":\"https:\\\/\\\/maxgold.gr\\\/de\\\/shop\\\/gold-fusskettchen-dikena-gold-aus-925-sterling-silber-vergoldet\\\/#breadcrumb\"},\"inLanguage\":\"de\",\"potentialAction\":[{\"@type\":\"ReadAction\",\"target\":[\"https:\\\/\\\/maxgold.gr\\\/de\\\/shop\\\/gold-fusskettchen-dikena-gold-aus-925-sterling-silber-vergoldet\\\/\"]}]},{\"@type\":\"ImageObject\",\"inLanguage\":\"de\",\"@id\":\"https:\\\/\\\/maxgold.gr\\\/de\\\/shop\\\/gold-fusskettchen-dikena-gold-aus-925-sterling-silber-vergoldet\\\/#primaryimage\",\"url\":\"https:\\\/\\\/i0.wp.com\\\/maxgold.gr\\\/wp-content\\\/uploads\\\/2024\\\/08\\\/fc-3e.jpg?fit=700%2C700&ssl=1\",\"contentUrl\":\"https:\\\/\\\/i0.wp.com\\\/maxgold.gr\\\/wp-content\\\/uploads\\\/2024\\\/08\\\/fc-3e.jpg?fit=700%2C700&ssl=1\",\"width\":700,\"height\":700},{\"@type\":\"BreadcrumbList\",\"@id\":\"https:\\\/\\\/maxgold.gr\\\/de\\\/shop\\\/gold-fusskettchen-dikena-gold-aus-925-sterling-silber-vergoldet\\\/#breadcrumb\",\"itemListElement\":[{\"@type\":\"ListItem\",\"position\":1,\"name\":\"Home\",\"item\":\"https:\\\/\\\/maxgold.gr\\\/de\\\/startseite\\\/\"},{\"@type\":\"ListItem\",\"position\":2,\"name\":\"Gesch\u00e4ft\",\"item\":\"https:\\\/\\\/maxgold.gr\\\/de\\\/%ce%ba%ce%b1%cf%84%ce%ac%cf%83%cf%84%ce%b7%ce%bc%ce%b1\\\/\"},{\"@type\":\"ListItem\",\"position\":3,\"name\":\"Gold Fu\u00dfkettchen &#8220;Dikena Gold&#8221;, aus 925 Sterling Silber, vergoldet\"}]},{\"@type\":\"WebSite\",\"@id\":\"https:\\\/\\\/maxgold.gr\\\/de\\\/#website\",\"url\":\"https:\\\/\\\/maxgold.gr\\\/de\\\/\",\"name\":\"Max Gold\",\"description\":\"Max Gold\",\"potentialAction\":[{\"@type\":\"SearchAction\",\"target\":{\"@type\":\"EntryPoint\",\"urlTemplate\":\"https:\\\/\\\/maxgold.gr\\\/de\\\/?s={search_term_string}\"},\"query-input\":{\"@type\":\"PropertyValueSpecification\",\"valueRequired\":true,\"valueName\":\"search_term_string\"}}],\"inLanguage\":\"de\"}]}<\/script>\n<!-- \/ Yoast SEO plugin. -->","yoast_head_json":{"title":"Gold Fu\u00dfkettchen \"Dikena Gold\", aus 925 Sterling Silber, vergoldet - Max Gold","robots":{"index":"index","follow":"follow","max-snippet":"max-snippet:-1","max-image-preview":"max-image-preview:large","max-video-preview":"max-video-preview:-1"},"canonical":"https:\/\/maxgold.gr\/de\/shop\/gold-fusskettchen-dikena-gold-aus-925-sterling-silber-vergoldet\/","og_locale":"de_DE","og_type":"article","og_title":"Gold Fu\u00dfkettchen \"Dikena Gold\", aus 925 Sterling Silber, vergoldet - Max Gold","og_description":"Das Fu\u00dfkettchen \"Dikena Gold\" aus vergoldetem 925er Sterlingsilber besticht durch ein einzigartiges Design mit zwei Ketten, einer Kugelkette und einer gl\u00e4nzenden Mausschwanzkette. Die verstellbare Gr\u00f6\u00dfe macht es vielseitig einsetzbar f\u00fcr verschiedene Kn\u00f6chelgr\u00f6\u00dfen und sorgt f\u00fcr einen bequemen Sitz bei jeder Tr\u00e4gerin.","og_url":"https:\/\/maxgold.gr\/de\/shop\/gold-fusskettchen-dikena-gold-aus-925-sterling-silber-vergoldet\/","og_site_name":"Max Gold","article_publisher":"https:\/\/www.facebook.com\/people\/Max-Gold\/61561801899896\/","article_modified_time":"2024-10-30T21:33:35+00:00","og_image":[{"width":700,"height":700,"url":"https:\/\/i0.wp.com\/maxgold.gr\/wp-content\/uploads\/2024\/08\/fc-3e.jpg?fit=700%2C700&ssl=1","type":"image\/jpeg"}],"twitter_card":"summary_large_image","twitter_misc":{"Gesch\u00e4tzte Lesezeit":"1\u00a0Minute"},"schema":{"@context":"https:\/\/schema.org","@graph":[{"@type":"WebPage","@id":"https:\/\/maxgold.gr\/de\/shop\/gold-fusskettchen-dikena-gold-aus-925-sterling-silber-vergoldet\/","url":"https:\/\/maxgold.gr\/de\/shop\/gold-fusskettchen-dikena-gold-aus-925-sterling-silber-vergoldet\/","name":"Gold Fu\u00dfkettchen \"Dikena Gold\", aus 925 Sterling Silber, vergoldet - Max Gold","isPartOf":{"@id":"https:\/\/maxgold.gr\/de\/#website"},"primaryImageOfPage":{"@id":"https:\/\/maxgold.gr\/de\/shop\/gold-fusskettchen-dikena-gold-aus-925-sterling-silber-vergoldet\/#primaryimage"},"image":{"@id":"https:\/\/maxgold.gr\/de\/shop\/gold-fusskettchen-dikena-gold-aus-925-sterling-silber-vergoldet\/#primaryimage"},"thumbnailUrl":"https:\/\/i0.wp.com\/maxgold.gr\/wp-content\/uploads\/2024\/08\/fc-3e.jpg?fit=700%2C700&ssl=1","datePublished":"2024-08-06T15:27:53+00:00","dateModified":"2024-10-30T21:33:35+00:00","breadcrumb":{"@id":"https:\/\/maxgold.gr\/de\/shop\/gold-fusskettchen-dikena-gold-aus-925-sterling-silber-vergoldet\/#breadcrumb"},"inLanguage":"de","potentialAction":[{"@type":"ReadAction","target":["https:\/\/maxgold.gr\/de\/shop\/gold-fusskettchen-dikena-gold-aus-925-sterling-silber-vergoldet\/"]}]},{"@type":"ImageObject","inLanguage":"de","@id":"https:\/\/maxgold.gr\/de\/shop\/gold-fusskettchen-dikena-gold-aus-925-sterling-silber-vergoldet\/#primaryimage","url":"https:\/\/i0.wp.com\/maxgold.gr\/wp-content\/uploads\/2024\/08\/fc-3e.jpg?fit=700%2C700&ssl=1","contentUrl":"https:\/\/i0.wp.com\/maxgold.gr\/wp-content\/uploads\/2024\/08\/fc-3e.jpg?fit=700%2C700&ssl=1","width":700,"height":700},{"@type":"BreadcrumbList","@id":"https:\/\/maxgold.gr\/de\/shop\/gold-fusskettchen-dikena-gold-aus-925-sterling-silber-vergoldet\/#breadcrumb","itemListElement":[{"@type":"ListItem","position":1,"name":"Home","item":"https:\/\/maxgold.gr\/de\/startseite\/"},{"@type":"ListItem","position":2,"name":"Gesch\u00e4ft","item":"https:\/\/maxgold.gr\/de\/%ce%ba%ce%b1%cf%84%ce%ac%cf%83%cf%84%ce%b7%ce%bc%ce%b1\/"},{"@type":"ListItem","position":3,"name":"Gold Fu\u00dfkettchen &#8220;Dikena Gold&#8221;, aus 925 Sterling Silber, vergoldet"}]},{"@type":"WebSite","@id":"https:\/\/maxgold.gr\/de\/#website","url":"https:\/\/maxgold.gr\/de\/","name":"Max Gold","description":"Max Gold","potentialAction":[{"@type":"SearchAction","target":{"@type":"EntryPoint","urlTemplate":"https:\/\/maxgold.gr\/de\/?s={search_term_string}"},"query-input":{"@type":"PropertyValueSpecification","valueRequired":true,"valueName":"search_term_string"}}],"inLanguage":"de"}]}},"jetpack_sharing_enabled":true,"_links":{"self":[{"href":"https:\/\/maxgold.gr\/de\/wp-json\/wp\/v2\/product\/4017","targetHints":{"allow":["GET"]}}],"collection":[{"href":"https:\/\/maxgold.gr\/de\/wp-json\/wp\/v2\/product"}],"about":[{"href":"https:\/\/maxgold.gr\/de\/wp-json\/wp\/v2\/types\/product"}],"replies":[{"embeddable":true,"href":"https:\/\/maxgold.gr\/de\/wp-json\/wp\/v2\/comments?post=4017"}],"wp:featuredmedia":[{"embeddable":true,"href":"https:\/\/maxgold.gr\/de\/wp-json\/wp\/v2\/media\/4018"}],"wp:attachment":[{"href":"https:\/\/maxgold.gr\/de\/wp-json\/wp\/v2\/media?parent=4017"}],"wp:term":[{"taxonomy":"product_brand","embeddable":true,"href":"https:\/\/maxgold.gr\/de\/wp-json\/wp\/v2\/product_brand?post=4017"},{"taxonomy":"product_cat","embeddable":true,"href":"https:\/\/maxgold.gr\/de\/wp-json\/wp\/v2\/product_cat?post=4017"},{"taxonomy":"product_tag","embeddable":true,"href":"https:\/\/maxgold.gr\/de\/wp-json\/wp\/v2\/product_tag?post=4017"}],"curies":[{"name":"wp","href":"https:\/\/api.w.org\/{rel}","templated":true}]}}