{"id":4024,"date":"2024-08-05T01:06:14","date_gmt":"2024-08-04T22:06:14","guid":{"rendered":"https:\/\/maxgold.gr\/shop\/squrconia-meandros-schmuckset-bestehend-aus-einer-halskette-ohrringen-und-einem-armband-aus-925-sterling-silber-mit-vielen-glaenzenden-zirkonia\/"},"modified":"2024-08-05T01:06:14","modified_gmt":"2024-08-04T22:06:14","slug":"squrconia-meandros-schmuckset-bestehend-aus-einer-halskette-ohrringen-und-einem-armband-aus-925-sterling-silber-mit-vielen-glaenzenden-zirkonia","status":"publish","type":"product","link":"https:\/\/maxgold.gr\/de\/shop\/squrconia-meandros-schmuckset-bestehend-aus-einer-halskette-ohrringen-und-einem-armband-aus-925-sterling-silber-mit-vielen-glaenzenden-zirkonia\/","title":{"rendered":"&#8222;Squrconia Meandros&#8220; Schmuckset bestehend aus einer Halskette, Ohrringen und einem Armband, aus 925 Sterling Silber, mit vielen gl\u00e4nzenden Zirkonia"},"content":{"rendered":"<p>Das quadratische Paar Ohrringe, der Anh\u00e4nger und das Armband in diesem Schmuckset sind mit einem raffinierten Meandros-Muster versehen. Dieses zeitlose Muster verleiht jedem Outfit einen Hauch von Eleganz. Die gl\u00e4nzenden Zirkoniasteine auf jedem St\u00fcck werten das Gesamtbild des Sets auf. Die Steine sorgen f\u00fcr ein schillerndes Funkeln, das das Licht wundersch\u00f6n einf\u00e4ngt. Das Armband und die Halskette in diesem Set werden mit einer zarten 1 mm Anchor-Kette geliefert, die dem Gesamtdesign ein subtiles, aber stilvolles Detail hinzuf\u00fcgt. Diese Kette passt perfekt zu den Zirkoniasteinen. <\/p>\n<p>&nbsp;<\/p>\n<p>&nbsp;<\/p>\n<p><span style=\"color: #000000;\">Aufgrund von Unterschieden bei Monitoren k\u00f6nnen die Farben der Produkte auch anders aussehen als auf der Website dargestellt.<\/span><\/p>\n<p>&nbsp;<\/p>\n<h4><span style=\"color: #000000; font-size: 105%;\"><strong>Armband Spezifikationen<\/strong><\/span><\/h4>\n<p><span style=\"color: #000000;\"><strong>Gr\u00f6\u00dfe: <\/strong>17cm -22,5cm, verstellbar<strong><br \/>\n<\/strong><\/span><\/p>\n<p><span style=\"color: #000000;\"><strong>Edelstein:<\/strong> Kubischer Zirkonia<br \/>\n<\/span><\/p>\n<p><span style=\"color: #000000;\"><strong>Gr\u00f6\u00dfe des Motivs: <\/strong>1,2cm x 1,2cm x 0,2cm<\/span><\/p>\n<p><span style=\"color: #000000;\"><strong>Metall:<\/strong> Sterling Silber (925)<\/span><\/p>\n<p><span style=\"color: #000000;\"><strong>Metallstempel:<\/strong> 925<\/span><\/p>\n<p><span style=\"color: #000000;\"><strong>Beschichtung: <\/strong>Rhodium<\/span><\/p>\n<p><span style=\"color: #000000;\"><strong>Verschluss: <\/strong>Federring<strong><br \/>\n<\/strong><\/span><\/p>\n<p>&nbsp;<\/p>\n<p><span style=\"font-size: 105%;\"><strong><span style=\"color: #000000;\">Anh\u00e4nger Halskette <\/span><\/strong><span style=\"color: #000000;\"><strong>Spezifikationen<\/strong><\/span><\/span><\/p>\n<p><span style=\"color: #000000;\"><strong>Halskette Typ: <\/strong>Anker<\/span><\/p>\n<p><span style=\"color: #000000;\"><strong>Edelstein:<\/strong> <\/span>Kubischer Zirkonia,<\/p>\n<p><span style=\"color: #000000;\"><strong>Gr\u00f6\u00dfe des Motivs: <\/strong>1,2cm x 1,2cm x 0,2cm<\/span><\/p>\n<p><span style=\"color: #000000;\"><strong>L\u00e4nge der Halskette: <\/strong>45cm<\/span><\/p>\n<p><span style=\"color: #000000;\"><strong>Breite der Kette: <\/strong>1mm<\/span><strong><br \/>\n<\/strong><\/p>\n<p><span style=\"color: #000000;\"><strong>Metall:<\/strong> Sterling Silber (925)<\/span><\/p>\n<p><span style=\"color: #000000;\"><strong>Metallstempel:<\/strong> 925<\/span><\/p>\n<p><span style=\"color: #000000;\"><strong>Beschichtung:<\/strong> Rhodium<br \/>\n<\/span><\/p>\n<p><span style=\"color: #000000;\"><strong>Verschluss:<\/strong> Karabiner<\/span><\/p>\n<p><span style=\"color: #000000;\"> <\/span><\/p>\n<p><span style=\"color: #000000;\"><strong>Ohrringe <\/strong><strong>Spezifikationen<\/strong><\/span><\/p>\n<p><span style=\"color: #000000;\"><strong>Abmessungen:<\/strong> 1,2cm hoch x 1,2cm breit x 0,2cm tief + 1,1cm Pfosten<\/span><\/p>\n<p><span style=\"color: #000000;\"><strong>Edelstein:<\/strong> Kubischer Zirkonia<br \/>\n<\/span><\/p>\n<p><span style=\"color: #000000;\"><strong>Stil:<\/strong> Ohrstecker<\/span><\/p>\n<p><span style=\"color: #000000;\"><strong>Metall:<\/strong> Sterling Silber (925)<\/span><\/p>\n<p><span style=\"color: #000000;\"><strong>Metallstempel:<\/strong> 925<\/span><\/p>\n<p><span style=\"color: #000000;\"><strong>Beschichtung: <\/strong>Rhodium<\/span><\/p>\n<p><span style=\"color: #000000;\"><strong>Verschl\u00fcsse: <\/strong>Steckverschluss<\/span><strong><br \/>\n<\/strong><\/p>\n<p>&nbsp;<\/p>\n","protected":false},"excerpt":{"rendered":"<p><span style=\"color: #000000;\">Das quadratische Paar Ohrringe, der Anh\u00e4nger und das Armband dieses Schmucksets aus 925 Sterling Silber zeigen ein raffiniertes Meandros-Muster. Dieses zeitlose Muster verleiht jedem Outfit einen Hauch von Eleganz. <\/span><\/p>\n<p><span style=\"color: #000000;\">Die Halskette ist 45 cm lang und das verstellbare Armband ist 17 cm bis 22,5 cm lang.<\/span><\/p>\n","protected":false},"featured_media":4025,"comment_status":"open","ping_status":"closed","template":"","meta":[],"product_brand":[738],"product_cat":[439,516,525,487,490,467,434,432,433,447,515,726,531,435],"product_tag":[593,448,547,601,442],"class_list":{"0":"post-4024","1":"product","2":"type-product","3":"status-publish","4":"has-post-thumbnail","6":"product_brand-max-gold","7":"product_cat-damenschmuck","8":"product_cat-halsketten-anhaenger","9":"product_cat-halsketten-mit-anhaenger","10":"product_cat-kettenarmbaender","11":"product_cat-kettenarmbander-silber","12":"product_cat-meandros-greek-collection-de","13":"product_cat-metall","14":"product_cat-neu-ankommen","15":"product_cat-ohrstecker","16":"product_cat-ohrstecker-silber","17":"product_cat-schmucksets","18":"product_cat-silber","19":"product_cat-silberne-halsketten-mit-anhaenger","20":"product_cat-sterling-silber-925","21":"product_tag-halskette-mit-anhaenger","22":"product_tag-kubischer-zirkoniumdioxid","23":"product_tag-meandros-griechische-kollektion","24":"product_tag-quadrat","25":"product_tag-sterling-silber-925","27":"first","28":"instock","29":"sold-individually","30":"taxable","31":"shipping-taxable","32":"purchasable","33":"product-type-simple","34":"add-to-wishlist-before_add_to_cart"},"yoast_head":"<!-- This site is optimized with the Yoast SEO plugin v27.5 - https:\/\/yoast.com\/product\/yoast-seo-wordpress\/ -->\n<title>&quot;Squrconia Meandros&quot; Schmuckset bestehend aus einer Halskette, Ohrringen und einem Armband, aus 925 Sterling Silber, mit vielen gl\u00e4nzenden Zirkonia - Max Gold<\/title>\n<meta name=\"robots\" content=\"index, follow, max-snippet:-1, max-image-preview:large, max-video-preview:-1\" \/>\n<link rel=\"canonical\" href=\"https:\/\/maxgold.gr\/de\/shop\/squrconia-meandros-schmuckset-bestehend-aus-einer-halskette-ohrringen-und-einem-armband-aus-925-sterling-silber-mit-vielen-glaenzenden-zirkonia\/\" \/>\n<meta property=\"og:locale\" content=\"de_DE\" \/>\n<meta property=\"og:type\" content=\"article\" \/>\n<meta property=\"og:title\" content=\"&quot;Squrconia Meandros&quot; Schmuckset bestehend aus einer Halskette, Ohrringen und einem Armband, aus 925 Sterling Silber, mit vielen gl\u00e4nzenden Zirkonia - Max Gold\" \/>\n<meta property=\"og:description\" content=\"Das quadratische Paar Ohrringe, der Anh\u00e4nger und das Armband dieses Schmucksets aus 925 Sterling Silber zeigen ein raffiniertes Meandros-Muster. Dieses zeitlose Muster verleiht jedem Outfit einen Hauch von Eleganz.  Die Halskette ist 45 cm lang und das verstellbare Armband ist 17 cm bis 22,5 cm lang.\" \/>\n<meta property=\"og:url\" content=\"https:\/\/maxgold.gr\/de\/shop\/squrconia-meandros-schmuckset-bestehend-aus-einer-halskette-ohrringen-und-einem-armband-aus-925-sterling-silber-mit-vielen-glaenzenden-zirkonia\/\" \/>\n<meta property=\"og:site_name\" content=\"Max Gold\" \/>\n<meta property=\"article:publisher\" content=\"https:\/\/www.facebook.com\/people\/Max-Gold\/61561801899896\/\" \/>\n<meta property=\"og:image\" content=\"https:\/\/i0.wp.com\/maxgold.gr\/wp-content\/uploads\/2024\/08\/jsm-1c.jpg?fit=600%2C600&ssl=1\" \/>\n\t<meta property=\"og:image:width\" content=\"600\" \/>\n\t<meta property=\"og:image:height\" content=\"600\" \/>\n\t<meta property=\"og:image:type\" content=\"image\/jpeg\" \/>\n<meta name=\"twitter:card\" content=\"summary_large_image\" \/>\n<meta name=\"twitter:label1\" content=\"Gesch\u00e4tzte Lesezeit\" \/>\n\t<meta name=\"twitter:data1\" content=\"1\u00a0Minute\" \/>\n<script type=\"application\/ld+json\" class=\"yoast-schema-graph\">{\"@context\":\"https:\\\/\\\/schema.org\",\"@graph\":[{\"@type\":\"WebPage\",\"@id\":\"https:\\\/\\\/maxgold.gr\\\/de\\\/shop\\\/squrconia-meandros-schmuckset-bestehend-aus-einer-halskette-ohrringen-und-einem-armband-aus-925-sterling-silber-mit-vielen-glaenzenden-zirkonia\\\/\",\"url\":\"https:\\\/\\\/maxgold.gr\\\/de\\\/shop\\\/squrconia-meandros-schmuckset-bestehend-aus-einer-halskette-ohrringen-und-einem-armband-aus-925-sterling-silber-mit-vielen-glaenzenden-zirkonia\\\/\",\"name\":\"\\\"Squrconia Meandros\\\" Schmuckset bestehend aus einer Halskette, Ohrringen und einem Armband, aus 925 Sterling Silber, mit vielen gl\u00e4nzenden Zirkonia - Max Gold\",\"isPartOf\":{\"@id\":\"https:\\\/\\\/maxgold.gr\\\/de\\\/#website\"},\"primaryImageOfPage\":{\"@id\":\"https:\\\/\\\/maxgold.gr\\\/de\\\/shop\\\/squrconia-meandros-schmuckset-bestehend-aus-einer-halskette-ohrringen-und-einem-armband-aus-925-sterling-silber-mit-vielen-glaenzenden-zirkonia\\\/#primaryimage\"},\"image\":{\"@id\":\"https:\\\/\\\/maxgold.gr\\\/de\\\/shop\\\/squrconia-meandros-schmuckset-bestehend-aus-einer-halskette-ohrringen-und-einem-armband-aus-925-sterling-silber-mit-vielen-glaenzenden-zirkonia\\\/#primaryimage\"},\"thumbnailUrl\":\"https:\\\/\\\/i0.wp.com\\\/maxgold.gr\\\/wp-content\\\/uploads\\\/2024\\\/08\\\/jsm-1c.jpg?fit=600%2C600&ssl=1\",\"datePublished\":\"2024-08-04T22:06:14+00:00\",\"breadcrumb\":{\"@id\":\"https:\\\/\\\/maxgold.gr\\\/de\\\/shop\\\/squrconia-meandros-schmuckset-bestehend-aus-einer-halskette-ohrringen-und-einem-armband-aus-925-sterling-silber-mit-vielen-glaenzenden-zirkonia\\\/#breadcrumb\"},\"inLanguage\":\"de\",\"potentialAction\":[{\"@type\":\"ReadAction\",\"target\":[\"https:\\\/\\\/maxgold.gr\\\/de\\\/shop\\\/squrconia-meandros-schmuckset-bestehend-aus-einer-halskette-ohrringen-und-einem-armband-aus-925-sterling-silber-mit-vielen-glaenzenden-zirkonia\\\/\"]}]},{\"@type\":\"ImageObject\",\"inLanguage\":\"de\",\"@id\":\"https:\\\/\\\/maxgold.gr\\\/de\\\/shop\\\/squrconia-meandros-schmuckset-bestehend-aus-einer-halskette-ohrringen-und-einem-armband-aus-925-sterling-silber-mit-vielen-glaenzenden-zirkonia\\\/#primaryimage\",\"url\":\"https:\\\/\\\/i0.wp.com\\\/maxgold.gr\\\/wp-content\\\/uploads\\\/2024\\\/08\\\/jsm-1c.jpg?fit=600%2C600&ssl=1\",\"contentUrl\":\"https:\\\/\\\/i0.wp.com\\\/maxgold.gr\\\/wp-content\\\/uploads\\\/2024\\\/08\\\/jsm-1c.jpg?fit=600%2C600&ssl=1\",\"width\":600,\"height\":600},{\"@type\":\"BreadcrumbList\",\"@id\":\"https:\\\/\\\/maxgold.gr\\\/de\\\/shop\\\/squrconia-meandros-schmuckset-bestehend-aus-einer-halskette-ohrringen-und-einem-armband-aus-925-sterling-silber-mit-vielen-glaenzenden-zirkonia\\\/#breadcrumb\",\"itemListElement\":[{\"@type\":\"ListItem\",\"position\":1,\"name\":\"Home\",\"item\":\"https:\\\/\\\/maxgold.gr\\\/de\\\/startseite\\\/\"},{\"@type\":\"ListItem\",\"position\":2,\"name\":\"Gesch\u00e4ft\",\"item\":\"https:\\\/\\\/maxgold.gr\\\/de\\\/%ce%ba%ce%b1%cf%84%ce%ac%cf%83%cf%84%ce%b7%ce%bc%ce%b1\\\/\"},{\"@type\":\"ListItem\",\"position\":3,\"name\":\"&#8220;Squrconia Meandros&#8221; Schmuckset bestehend aus einer Halskette, Ohrringen und einem Armband, aus 925 Sterling Silber, mit vielen gl\u00e4nzenden Zirkonia\"}]},{\"@type\":\"WebSite\",\"@id\":\"https:\\\/\\\/maxgold.gr\\\/de\\\/#website\",\"url\":\"https:\\\/\\\/maxgold.gr\\\/de\\\/\",\"name\":\"Max Gold\",\"description\":\"Max Gold\",\"potentialAction\":[{\"@type\":\"SearchAction\",\"target\":{\"@type\":\"EntryPoint\",\"urlTemplate\":\"https:\\\/\\\/maxgold.gr\\\/de\\\/?s={search_term_string}\"},\"query-input\":{\"@type\":\"PropertyValueSpecification\",\"valueRequired\":true,\"valueName\":\"search_term_string\"}}],\"inLanguage\":\"de\"}]}<\/script>\n<!-- \/ Yoast SEO plugin. -->","yoast_head_json":{"title":"\"Squrconia Meandros\" Schmuckset bestehend aus einer Halskette, Ohrringen und einem Armband, aus 925 Sterling Silber, mit vielen gl\u00e4nzenden Zirkonia - Max Gold","robots":{"index":"index","follow":"follow","max-snippet":"max-snippet:-1","max-image-preview":"max-image-preview:large","max-video-preview":"max-video-preview:-1"},"canonical":"https:\/\/maxgold.gr\/de\/shop\/squrconia-meandros-schmuckset-bestehend-aus-einer-halskette-ohrringen-und-einem-armband-aus-925-sterling-silber-mit-vielen-glaenzenden-zirkonia\/","og_locale":"de_DE","og_type":"article","og_title":"\"Squrconia Meandros\" Schmuckset bestehend aus einer Halskette, Ohrringen und einem Armband, aus 925 Sterling Silber, mit vielen gl\u00e4nzenden Zirkonia - Max Gold","og_description":"Das quadratische Paar Ohrringe, der Anh\u00e4nger und das Armband dieses Schmucksets aus 925 Sterling Silber zeigen ein raffiniertes Meandros-Muster. Dieses zeitlose Muster verleiht jedem Outfit einen Hauch von Eleganz.  Die Halskette ist 45 cm lang und das verstellbare Armband ist 17 cm bis 22,5 cm lang.","og_url":"https:\/\/maxgold.gr\/de\/shop\/squrconia-meandros-schmuckset-bestehend-aus-einer-halskette-ohrringen-und-einem-armband-aus-925-sterling-silber-mit-vielen-glaenzenden-zirkonia\/","og_site_name":"Max Gold","article_publisher":"https:\/\/www.facebook.com\/people\/Max-Gold\/61561801899896\/","og_image":[{"width":600,"height":600,"url":"https:\/\/i0.wp.com\/maxgold.gr\/wp-content\/uploads\/2024\/08\/jsm-1c.jpg?fit=600%2C600&ssl=1","type":"image\/jpeg"}],"twitter_card":"summary_large_image","twitter_misc":{"Gesch\u00e4tzte Lesezeit":"1\u00a0Minute"},"schema":{"@context":"https:\/\/schema.org","@graph":[{"@type":"WebPage","@id":"https:\/\/maxgold.gr\/de\/shop\/squrconia-meandros-schmuckset-bestehend-aus-einer-halskette-ohrringen-und-einem-armband-aus-925-sterling-silber-mit-vielen-glaenzenden-zirkonia\/","url":"https:\/\/maxgold.gr\/de\/shop\/squrconia-meandros-schmuckset-bestehend-aus-einer-halskette-ohrringen-und-einem-armband-aus-925-sterling-silber-mit-vielen-glaenzenden-zirkonia\/","name":"\"Squrconia Meandros\" Schmuckset bestehend aus einer Halskette, Ohrringen und einem Armband, aus 925 Sterling Silber, mit vielen gl\u00e4nzenden Zirkonia - Max Gold","isPartOf":{"@id":"https:\/\/maxgold.gr\/de\/#website"},"primaryImageOfPage":{"@id":"https:\/\/maxgold.gr\/de\/shop\/squrconia-meandros-schmuckset-bestehend-aus-einer-halskette-ohrringen-und-einem-armband-aus-925-sterling-silber-mit-vielen-glaenzenden-zirkonia\/#primaryimage"},"image":{"@id":"https:\/\/maxgold.gr\/de\/shop\/squrconia-meandros-schmuckset-bestehend-aus-einer-halskette-ohrringen-und-einem-armband-aus-925-sterling-silber-mit-vielen-glaenzenden-zirkonia\/#primaryimage"},"thumbnailUrl":"https:\/\/i0.wp.com\/maxgold.gr\/wp-content\/uploads\/2024\/08\/jsm-1c.jpg?fit=600%2C600&ssl=1","datePublished":"2024-08-04T22:06:14+00:00","breadcrumb":{"@id":"https:\/\/maxgold.gr\/de\/shop\/squrconia-meandros-schmuckset-bestehend-aus-einer-halskette-ohrringen-und-einem-armband-aus-925-sterling-silber-mit-vielen-glaenzenden-zirkonia\/#breadcrumb"},"inLanguage":"de","potentialAction":[{"@type":"ReadAction","target":["https:\/\/maxgold.gr\/de\/shop\/squrconia-meandros-schmuckset-bestehend-aus-einer-halskette-ohrringen-und-einem-armband-aus-925-sterling-silber-mit-vielen-glaenzenden-zirkonia\/"]}]},{"@type":"ImageObject","inLanguage":"de","@id":"https:\/\/maxgold.gr\/de\/shop\/squrconia-meandros-schmuckset-bestehend-aus-einer-halskette-ohrringen-und-einem-armband-aus-925-sterling-silber-mit-vielen-glaenzenden-zirkonia\/#primaryimage","url":"https:\/\/i0.wp.com\/maxgold.gr\/wp-content\/uploads\/2024\/08\/jsm-1c.jpg?fit=600%2C600&ssl=1","contentUrl":"https:\/\/i0.wp.com\/maxgold.gr\/wp-content\/uploads\/2024\/08\/jsm-1c.jpg?fit=600%2C600&ssl=1","width":600,"height":600},{"@type":"BreadcrumbList","@id":"https:\/\/maxgold.gr\/de\/shop\/squrconia-meandros-schmuckset-bestehend-aus-einer-halskette-ohrringen-und-einem-armband-aus-925-sterling-silber-mit-vielen-glaenzenden-zirkonia\/#breadcrumb","itemListElement":[{"@type":"ListItem","position":1,"name":"Home","item":"https:\/\/maxgold.gr\/de\/startseite\/"},{"@type":"ListItem","position":2,"name":"Gesch\u00e4ft","item":"https:\/\/maxgold.gr\/de\/%ce%ba%ce%b1%cf%84%ce%ac%cf%83%cf%84%ce%b7%ce%bc%ce%b1\/"},{"@type":"ListItem","position":3,"name":"&#8220;Squrconia Meandros&#8221; Schmuckset bestehend aus einer Halskette, Ohrringen und einem Armband, aus 925 Sterling Silber, mit vielen gl\u00e4nzenden Zirkonia"}]},{"@type":"WebSite","@id":"https:\/\/maxgold.gr\/de\/#website","url":"https:\/\/maxgold.gr\/de\/","name":"Max Gold","description":"Max Gold","potentialAction":[{"@type":"SearchAction","target":{"@type":"EntryPoint","urlTemplate":"https:\/\/maxgold.gr\/de\/?s={search_term_string}"},"query-input":{"@type":"PropertyValueSpecification","valueRequired":true,"valueName":"search_term_string"}}],"inLanguage":"de"}]}},"jetpack_sharing_enabled":true,"_links":{"self":[{"href":"https:\/\/maxgold.gr\/de\/wp-json\/wp\/v2\/product\/4024","targetHints":{"allow":["GET"]}}],"collection":[{"href":"https:\/\/maxgold.gr\/de\/wp-json\/wp\/v2\/product"}],"about":[{"href":"https:\/\/maxgold.gr\/de\/wp-json\/wp\/v2\/types\/product"}],"replies":[{"embeddable":true,"href":"https:\/\/maxgold.gr\/de\/wp-json\/wp\/v2\/comments?post=4024"}],"wp:featuredmedia":[{"embeddable":true,"href":"https:\/\/maxgold.gr\/de\/wp-json\/wp\/v2\/media\/4025"}],"wp:attachment":[{"href":"https:\/\/maxgold.gr\/de\/wp-json\/wp\/v2\/media?parent=4024"}],"wp:term":[{"taxonomy":"product_brand","embeddable":true,"href":"https:\/\/maxgold.gr\/de\/wp-json\/wp\/v2\/product_brand?post=4024"},{"taxonomy":"product_cat","embeddable":true,"href":"https:\/\/maxgold.gr\/de\/wp-json\/wp\/v2\/product_cat?post=4024"},{"taxonomy":"product_tag","embeddable":true,"href":"https:\/\/maxgold.gr\/de\/wp-json\/wp\/v2\/product_tag?post=4024"}],"curies":[{"name":"wp","href":"https:\/\/api.w.org\/{rel}","templated":true}]}}