{"id":4078,"date":"2024-08-01T22:12:46","date_gmt":"2024-08-01T19:12:46","guid":{"rendered":"https:\/\/maxgold.gr\/shop\/silbernes-fusskettchen-bilies-hergestellt-aus-925-sterling-silber\/"},"modified":"2024-11-03T02:03:55","modified_gmt":"2024-11-02T23:03:55","slug":"silbernes-fusskettchen-bilies-hergestellt-aus-925-sterling-silber","status":"publish","type":"product","link":"https:\/\/maxgold.gr\/de\/shop\/silbernes-fusskettchen-bilies-hergestellt-aus-925-sterling-silber\/","title":{"rendered":"Silbernes Fu\u00dfkettchen &#8222;Bilies&#8220;, hergestellt aus 925 Sterling Silber"},"content":{"rendered":"<p>Eleganz in Schlichtheit. Das Material 925er Sterlingsilber verleiht dem Fu\u00dfkettchen einen zeitlosen und eleganten Look. Das zarte Design der Kugelkette verleiht jeder Kleidung einen Hauch von Raffinesse.<br \/>\nDie Sch\u00f6nheit dieses Fu\u00dfkettchens liegt in seiner Vielseitigkeit. Sie k\u00f6nnen es allein tragen, um einen zierlichen Look zu erzielen, oder es mit anderen Fu\u00dfkettchen kombinieren, um ein trendiges und pers\u00f6nliches Stil-Statement abzugeben.<br \/>\nDas zarte silberne Kugel-Fu\u00dfkettchen aus 925er Sterlingsilber ist ein unverzichtbares Accessoire, das Ihre Alltagsoutfits mit seinem Charme m\u00fchelos aufwertet.   <\/p>\n<p>&nbsp;<\/p>\n<p>M\u00f6chten Sie die passende Halskette? Sie finden sie unter dem folgenden Link: <a href=\"https:\/\/maxgold.gr\/shop\/womens-jewellery\/neclaces-pendants\/neclaces-chains\/necklaces\/silver-necklaces\/bilies-925-sterling-silver-ball-chain-necklace\/\"> &#8222;Bilies&#8220; 925 Sterling Silber Kugel Halskette&#8220;<\/a>! <\/p>\n<p>&nbsp;<\/p>\n<h4><strong>Produktdetails<\/strong><\/h4>\n<p><strong>Gr\u00f6\u00dfe des Armbands: <\/strong>23cm -27,5cm, verstellbar<strong><br \/>\n<\/strong><\/p>\n<p><strong>Kugelgr\u00f6\u00dfe: <\/strong>1mm (kleine Kugel), 3mm (gro\u00dfe Kugel)<strong><br \/>\n<\/strong><\/p>\n<p><strong>Metall:<\/strong> Sterling Silber (925)<\/p>\n<p><strong>Metallstempel:<\/strong> 925<\/p>\n<p><strong>Beschichtung: <\/strong>Nein<br \/><strong>Verschlu\u00df: <\/strong>Karabiner<\/p>\n<p><strong><br \/>\n<\/strong><\/p>\n<p>&nbsp;<\/p>\n<p>Die Fotos auf der Website sind so nah wie m\u00f6glich am realen Produkt geschossen.<br \/>\nAufgrund von Unterschieden bei Monitoren k\u00f6nnen die Farben der Produkte auch anders aussehen als auf der Website dargestellt.<\/p>\n","protected":false},"excerpt":{"rendered":"<p>Eleganz in Schlichtheit. Das &#8222;Bilies&#8220; Fu\u00dfkettchen ist ein wundersch\u00f6nes St\u00fcck aus 925er Sterlingsilber. Die verstellbare Gr\u00f6\u00dfe macht es vielseitig einsetzbar f\u00fcr verschiedene Kn\u00f6chelgr\u00f6\u00dfen und sorgt f\u00fcr einen bequemen Sitz bei jeder Tr\u00e4gerin.  <\/p>\n","protected":false},"featured_media":4079,"comment_status":"open","ping_status":"closed","template":"","meta":[],"product_brand":[],"product_cat":[439,481,480,434,432,435],"product_tag":[560,556,442],"class_list":{"0":"post-4078","1":"product","2":"type-product","3":"status-publish","4":"has-post-thumbnail","6":"product_cat-damenschmuck","7":"product_cat-fusskettchen","8":"product_cat-korperschmuck","9":"product_cat-metall","10":"product_cat-neu-ankommen","11":"product_cat-sterling-silber-925","12":"product_tag-billies-collection-de","13":"product_tag-fusskettchen-de","14":"product_tag-sterling-silber-925","16":"first","17":"instock","18":"taxable","19":"shipping-taxable","20":"purchasable","21":"product-type-simple","22":"add-to-wishlist-before_add_to_cart"},"yoast_head":"<!-- This site is optimized with the Yoast SEO plugin v27.5 - https:\/\/yoast.com\/product\/yoast-seo-wordpress\/ -->\n<title>Silbernes Fu\u00dfkettchen &quot;Bilies&quot;, hergestellt aus 925 Sterling Silber - Max Gold<\/title>\n<meta name=\"robots\" content=\"index, follow, max-snippet:-1, max-image-preview:large, max-video-preview:-1\" \/>\n<link rel=\"canonical\" href=\"https:\/\/maxgold.gr\/de\/shop\/silbernes-fusskettchen-bilies-hergestellt-aus-925-sterling-silber\/\" \/>\n<meta property=\"og:locale\" content=\"de_DE\" \/>\n<meta property=\"og:type\" content=\"article\" \/>\n<meta property=\"og:title\" content=\"Silbernes Fu\u00dfkettchen &quot;Bilies&quot;, hergestellt aus 925 Sterling Silber - Max Gold\" \/>\n<meta property=\"og:description\" content=\"Eleganz in Schlichtheit. Das &quot;Bilies&quot; Fu\u00dfkettchen ist ein wundersch\u00f6nes St\u00fcck aus 925er Sterlingsilber. Die verstellbare Gr\u00f6\u00dfe macht es vielseitig einsetzbar f\u00fcr verschiedene Kn\u00f6chelgr\u00f6\u00dfen und sorgt f\u00fcr einen bequemen Sitz bei jeder Tr\u00e4gerin.\" \/>\n<meta property=\"og:url\" content=\"https:\/\/maxgold.gr\/de\/shop\/silbernes-fusskettchen-bilies-hergestellt-aus-925-sterling-silber\/\" \/>\n<meta property=\"og:site_name\" content=\"Max Gold\" \/>\n<meta property=\"article:publisher\" content=\"https:\/\/www.facebook.com\/people\/Max-Gold\/61561801899896\/\" \/>\n<meta property=\"article:modified_time\" content=\"2024-11-02T23:03:55+00:00\" \/>\n<meta property=\"og:image\" content=\"https:\/\/i0.wp.com\/maxgold.gr\/wp-content\/uploads\/2024\/08\/fc-3d.jpg?fit=750%2C750&ssl=1\" \/>\n\t<meta property=\"og:image:width\" content=\"750\" \/>\n\t<meta property=\"og:image:height\" content=\"750\" \/>\n\t<meta property=\"og:image:type\" content=\"image\/jpeg\" \/>\n<meta name=\"twitter:card\" content=\"summary_large_image\" \/>\n<meta name=\"twitter:label1\" content=\"Gesch\u00e4tzte Lesezeit\" \/>\n\t<meta name=\"twitter:data1\" content=\"1\u00a0Minute\" \/>\n<script type=\"application\/ld+json\" class=\"yoast-schema-graph\">{\"@context\":\"https:\\\/\\\/schema.org\",\"@graph\":[{\"@type\":\"WebPage\",\"@id\":\"https:\\\/\\\/maxgold.gr\\\/de\\\/shop\\\/silbernes-fusskettchen-bilies-hergestellt-aus-925-sterling-silber\\\/\",\"url\":\"https:\\\/\\\/maxgold.gr\\\/de\\\/shop\\\/silbernes-fusskettchen-bilies-hergestellt-aus-925-sterling-silber\\\/\",\"name\":\"Silbernes Fu\u00dfkettchen \\\"Bilies\\\", hergestellt aus 925 Sterling Silber - Max Gold\",\"isPartOf\":{\"@id\":\"https:\\\/\\\/maxgold.gr\\\/de\\\/#website\"},\"primaryImageOfPage\":{\"@id\":\"https:\\\/\\\/maxgold.gr\\\/de\\\/shop\\\/silbernes-fusskettchen-bilies-hergestellt-aus-925-sterling-silber\\\/#primaryimage\"},\"image\":{\"@id\":\"https:\\\/\\\/maxgold.gr\\\/de\\\/shop\\\/silbernes-fusskettchen-bilies-hergestellt-aus-925-sterling-silber\\\/#primaryimage\"},\"thumbnailUrl\":\"https:\\\/\\\/i0.wp.com\\\/maxgold.gr\\\/wp-content\\\/uploads\\\/2024\\\/08\\\/fc-3d.jpg?fit=750%2C750&ssl=1\",\"datePublished\":\"2024-08-01T19:12:46+00:00\",\"dateModified\":\"2024-11-02T23:03:55+00:00\",\"breadcrumb\":{\"@id\":\"https:\\\/\\\/maxgold.gr\\\/de\\\/shop\\\/silbernes-fusskettchen-bilies-hergestellt-aus-925-sterling-silber\\\/#breadcrumb\"},\"inLanguage\":\"de\",\"potentialAction\":[{\"@type\":\"ReadAction\",\"target\":[\"https:\\\/\\\/maxgold.gr\\\/de\\\/shop\\\/silbernes-fusskettchen-bilies-hergestellt-aus-925-sterling-silber\\\/\"]}]},{\"@type\":\"ImageObject\",\"inLanguage\":\"de\",\"@id\":\"https:\\\/\\\/maxgold.gr\\\/de\\\/shop\\\/silbernes-fusskettchen-bilies-hergestellt-aus-925-sterling-silber\\\/#primaryimage\",\"url\":\"https:\\\/\\\/i0.wp.com\\\/maxgold.gr\\\/wp-content\\\/uploads\\\/2024\\\/08\\\/fc-3d.jpg?fit=750%2C750&ssl=1\",\"contentUrl\":\"https:\\\/\\\/i0.wp.com\\\/maxgold.gr\\\/wp-content\\\/uploads\\\/2024\\\/08\\\/fc-3d.jpg?fit=750%2C750&ssl=1\",\"width\":750,\"height\":750},{\"@type\":\"BreadcrumbList\",\"@id\":\"https:\\\/\\\/maxgold.gr\\\/de\\\/shop\\\/silbernes-fusskettchen-bilies-hergestellt-aus-925-sterling-silber\\\/#breadcrumb\",\"itemListElement\":[{\"@type\":\"ListItem\",\"position\":1,\"name\":\"Home\",\"item\":\"https:\\\/\\\/maxgold.gr\\\/de\\\/startseite\\\/\"},{\"@type\":\"ListItem\",\"position\":2,\"name\":\"Gesch\u00e4ft\",\"item\":\"https:\\\/\\\/maxgold.gr\\\/de\\\/%ce%ba%ce%b1%cf%84%ce%ac%cf%83%cf%84%ce%b7%ce%bc%ce%b1\\\/\"},{\"@type\":\"ListItem\",\"position\":3,\"name\":\"Silbernes Fu\u00dfkettchen &#8220;Bilies&#8221;, hergestellt aus 925 Sterling Silber\"}]},{\"@type\":\"WebSite\",\"@id\":\"https:\\\/\\\/maxgold.gr\\\/de\\\/#website\",\"url\":\"https:\\\/\\\/maxgold.gr\\\/de\\\/\",\"name\":\"Max Gold\",\"description\":\"Max Gold\",\"potentialAction\":[{\"@type\":\"SearchAction\",\"target\":{\"@type\":\"EntryPoint\",\"urlTemplate\":\"https:\\\/\\\/maxgold.gr\\\/de\\\/?s={search_term_string}\"},\"query-input\":{\"@type\":\"PropertyValueSpecification\",\"valueRequired\":true,\"valueName\":\"search_term_string\"}}],\"inLanguage\":\"de\"}]}<\/script>\n<!-- \/ Yoast SEO plugin. -->","yoast_head_json":{"title":"Silbernes Fu\u00dfkettchen \"Bilies\", hergestellt aus 925 Sterling Silber - Max Gold","robots":{"index":"index","follow":"follow","max-snippet":"max-snippet:-1","max-image-preview":"max-image-preview:large","max-video-preview":"max-video-preview:-1"},"canonical":"https:\/\/maxgold.gr\/de\/shop\/silbernes-fusskettchen-bilies-hergestellt-aus-925-sterling-silber\/","og_locale":"de_DE","og_type":"article","og_title":"Silbernes Fu\u00dfkettchen \"Bilies\", hergestellt aus 925 Sterling Silber - Max Gold","og_description":"Eleganz in Schlichtheit. Das \"Bilies\" Fu\u00dfkettchen ist ein wundersch\u00f6nes St\u00fcck aus 925er Sterlingsilber. Die verstellbare Gr\u00f6\u00dfe macht es vielseitig einsetzbar f\u00fcr verschiedene Kn\u00f6chelgr\u00f6\u00dfen und sorgt f\u00fcr einen bequemen Sitz bei jeder Tr\u00e4gerin.","og_url":"https:\/\/maxgold.gr\/de\/shop\/silbernes-fusskettchen-bilies-hergestellt-aus-925-sterling-silber\/","og_site_name":"Max Gold","article_publisher":"https:\/\/www.facebook.com\/people\/Max-Gold\/61561801899896\/","article_modified_time":"2024-11-02T23:03:55+00:00","og_image":[{"width":750,"height":750,"url":"https:\/\/i0.wp.com\/maxgold.gr\/wp-content\/uploads\/2024\/08\/fc-3d.jpg?fit=750%2C750&ssl=1","type":"image\/jpeg"}],"twitter_card":"summary_large_image","twitter_misc":{"Gesch\u00e4tzte Lesezeit":"1\u00a0Minute"},"schema":{"@context":"https:\/\/schema.org","@graph":[{"@type":"WebPage","@id":"https:\/\/maxgold.gr\/de\/shop\/silbernes-fusskettchen-bilies-hergestellt-aus-925-sterling-silber\/","url":"https:\/\/maxgold.gr\/de\/shop\/silbernes-fusskettchen-bilies-hergestellt-aus-925-sterling-silber\/","name":"Silbernes Fu\u00dfkettchen \"Bilies\", hergestellt aus 925 Sterling Silber - Max Gold","isPartOf":{"@id":"https:\/\/maxgold.gr\/de\/#website"},"primaryImageOfPage":{"@id":"https:\/\/maxgold.gr\/de\/shop\/silbernes-fusskettchen-bilies-hergestellt-aus-925-sterling-silber\/#primaryimage"},"image":{"@id":"https:\/\/maxgold.gr\/de\/shop\/silbernes-fusskettchen-bilies-hergestellt-aus-925-sterling-silber\/#primaryimage"},"thumbnailUrl":"https:\/\/i0.wp.com\/maxgold.gr\/wp-content\/uploads\/2024\/08\/fc-3d.jpg?fit=750%2C750&ssl=1","datePublished":"2024-08-01T19:12:46+00:00","dateModified":"2024-11-02T23:03:55+00:00","breadcrumb":{"@id":"https:\/\/maxgold.gr\/de\/shop\/silbernes-fusskettchen-bilies-hergestellt-aus-925-sterling-silber\/#breadcrumb"},"inLanguage":"de","potentialAction":[{"@type":"ReadAction","target":["https:\/\/maxgold.gr\/de\/shop\/silbernes-fusskettchen-bilies-hergestellt-aus-925-sterling-silber\/"]}]},{"@type":"ImageObject","inLanguage":"de","@id":"https:\/\/maxgold.gr\/de\/shop\/silbernes-fusskettchen-bilies-hergestellt-aus-925-sterling-silber\/#primaryimage","url":"https:\/\/i0.wp.com\/maxgold.gr\/wp-content\/uploads\/2024\/08\/fc-3d.jpg?fit=750%2C750&ssl=1","contentUrl":"https:\/\/i0.wp.com\/maxgold.gr\/wp-content\/uploads\/2024\/08\/fc-3d.jpg?fit=750%2C750&ssl=1","width":750,"height":750},{"@type":"BreadcrumbList","@id":"https:\/\/maxgold.gr\/de\/shop\/silbernes-fusskettchen-bilies-hergestellt-aus-925-sterling-silber\/#breadcrumb","itemListElement":[{"@type":"ListItem","position":1,"name":"Home","item":"https:\/\/maxgold.gr\/de\/startseite\/"},{"@type":"ListItem","position":2,"name":"Gesch\u00e4ft","item":"https:\/\/maxgold.gr\/de\/%ce%ba%ce%b1%cf%84%ce%ac%cf%83%cf%84%ce%b7%ce%bc%ce%b1\/"},{"@type":"ListItem","position":3,"name":"Silbernes Fu\u00dfkettchen &#8220;Bilies&#8221;, hergestellt aus 925 Sterling Silber"}]},{"@type":"WebSite","@id":"https:\/\/maxgold.gr\/de\/#website","url":"https:\/\/maxgold.gr\/de\/","name":"Max Gold","description":"Max Gold","potentialAction":[{"@type":"SearchAction","target":{"@type":"EntryPoint","urlTemplate":"https:\/\/maxgold.gr\/de\/?s={search_term_string}"},"query-input":{"@type":"PropertyValueSpecification","valueRequired":true,"valueName":"search_term_string"}}],"inLanguage":"de"}]}},"jetpack_sharing_enabled":true,"_links":{"self":[{"href":"https:\/\/maxgold.gr\/de\/wp-json\/wp\/v2\/product\/4078","targetHints":{"allow":["GET"]}}],"collection":[{"href":"https:\/\/maxgold.gr\/de\/wp-json\/wp\/v2\/product"}],"about":[{"href":"https:\/\/maxgold.gr\/de\/wp-json\/wp\/v2\/types\/product"}],"replies":[{"embeddable":true,"href":"https:\/\/maxgold.gr\/de\/wp-json\/wp\/v2\/comments?post=4078"}],"wp:featuredmedia":[{"embeddable":true,"href":"https:\/\/maxgold.gr\/de\/wp-json\/wp\/v2\/media\/4079"}],"wp:attachment":[{"href":"https:\/\/maxgold.gr\/de\/wp-json\/wp\/v2\/media?parent=4078"}],"wp:term":[{"taxonomy":"product_brand","embeddable":true,"href":"https:\/\/maxgold.gr\/de\/wp-json\/wp\/v2\/product_brand?post=4078"},{"taxonomy":"product_cat","embeddable":true,"href":"https:\/\/maxgold.gr\/de\/wp-json\/wp\/v2\/product_cat?post=4078"},{"taxonomy":"product_tag","embeddable":true,"href":"https:\/\/maxgold.gr\/de\/wp-json\/wp\/v2\/product_tag?post=4078"}],"curies":[{"name":"wp","href":"https:\/\/api.w.org\/{rel}","templated":true}]}}