{"id":4115,"date":"2024-07-30T22:44:55","date_gmt":"2024-07-30T19:44:55","guid":{"rendered":"https:\/\/maxgold.gr\/shop\/blauer-zirkonia-fusskettchen-blue-sea-aus-925-sterling-silber-mit-blauen-zirkonia-kristallen\/"},"modified":"2025-01-14T03:47:40","modified_gmt":"2025-01-14T00:47:40","slug":"blauer-zirkonia-fusskettchen-blue-sea-aus-925-sterling-silber-mit-blauen-zirkonia-kristallen","status":"publish","type":"product","link":"https:\/\/maxgold.gr\/de\/shop\/blauer-zirkonia-fusskettchen-blue-sea-aus-925-sterling-silber-mit-blauen-zirkonia-kristallen\/","title":{"rendered":"Blauer Zirkonia Fu\u00dfkettchen &#8222;Blue Sea&#8220;, aus 925 Sterling Silber"},"content":{"rendered":"<p>&#8211;    &nbsp;<\/p>\n<p>&nbsp;<\/p>\n<h4><strong>Produktdetails<\/strong><\/h4>\n<p><strong>Gr\u00f6\u00dfe des Fu\u00dfkettchens: <\/strong>22cm -24,5cm, verstellbar<strong><br \/>\n<\/strong><\/p>\n<p><strong>Edelstein:<\/strong> Blaue Kubischer Zirkonia<\/p>\n<p><strong>Edelsteingr\u00f6\u00dfe : <\/strong>0,4cm x 0,4cm x 0,2cm<\/p>\n<p><strong>Metall:<\/strong> Sterling Silber (925)<\/p>\n<p><strong>Metallstempel:<\/strong> 925<\/p>\n<p><strong>Beschichtung: <\/strong>Rhodium<\/p>\n<p><strong>Verschluss:<\/strong> Federring<strong><br \/>\n<\/strong><\/p>\n<p>&nbsp; &#8211; <\/p>\n","protected":false},"excerpt":{"rendered":"<p>Das &#8222;Blue Sea&#8220; Fu\u00dfkettchen ist ein wundersch\u00f6nes Schmuckst\u00fcck aus 925er Sterling Silber mit blauen Zirkonia Kristallen. Die verstellbare Gr\u00f6\u00dfe macht es vielseitig f\u00fcr verschiedene Kn\u00f6chelgr\u00f6\u00dfen einsetzbar und sorgt f\u00fcr einen bequemen Sitz f\u00fcr jeden, der es tr\u00e4gt.<\/p>\n","protected":false},"featured_media":4116,"comment_status":"open","ping_status":"closed","template":"","meta":[],"product_brand":[],"product_cat":[439,481,480,434,432,726,435],"product_tag":[445,562,556,442],"class_list":{"0":"post-4115","1":"product","2":"type-product","3":"status-publish","4":"has-post-thumbnail","6":"product_cat-damenschmuck","7":"product_cat-fusskettchen","8":"product_cat-korperschmuck","9":"product_cat-metall","10":"product_cat-neu-ankommen","11":"product_cat-silber","12":"product_cat-sterling-silber-925","13":"product_tag-blau","14":"product_tag-blau-cz","15":"product_tag-fusskettchen-de","16":"product_tag-sterling-silber-925","18":"first","19":"instock","20":"taxable","21":"shipping-taxable","22":"purchasable","23":"product-type-simple","24":"add-to-wishlist-before_add_to_cart"},"yoast_head":"<!-- This site is optimized with the Yoast SEO plugin v27.5 - https:\/\/yoast.com\/product\/yoast-seo-wordpress\/ -->\n<title>Blauer Zirkonia Fu\u00dfkettchen &quot;Blue Sea&quot;, aus 925 Sterling Silber - Max Gold<\/title>\n<meta name=\"robots\" content=\"index, follow, max-snippet:-1, max-image-preview:large, max-video-preview:-1\" \/>\n<link rel=\"canonical\" href=\"https:\/\/maxgold.gr\/de\/shop\/blauer-zirkonia-fusskettchen-blue-sea-aus-925-sterling-silber-mit-blauen-zirkonia-kristallen\/\" \/>\n<meta property=\"og:locale\" content=\"de_DE\" \/>\n<meta property=\"og:type\" content=\"article\" \/>\n<meta property=\"og:title\" content=\"Blauer Zirkonia Fu\u00dfkettchen &quot;Blue Sea&quot;, aus 925 Sterling Silber - Max Gold\" \/>\n<meta property=\"og:description\" content=\"Das &quot;Blue Sea&quot; Fu\u00dfkettchen ist ein wundersch\u00f6nes Schmuckst\u00fcck aus 925er Sterling Silber mit blauen Zirkonia Kristallen. Die verstellbare Gr\u00f6\u00dfe macht es vielseitig f\u00fcr verschiedene Kn\u00f6chelgr\u00f6\u00dfen einsetzbar und sorgt f\u00fcr einen bequemen Sitz f\u00fcr jeden, der es tr\u00e4gt.\" \/>\n<meta property=\"og:url\" content=\"https:\/\/maxgold.gr\/de\/shop\/blauer-zirkonia-fusskettchen-blue-sea-aus-925-sterling-silber-mit-blauen-zirkonia-kristallen\/\" \/>\n<meta property=\"og:site_name\" content=\"Max Gold\" \/>\n<meta property=\"article:publisher\" content=\"https:\/\/www.facebook.com\/people\/Max-Gold\/61561801899896\/\" \/>\n<meta property=\"article:modified_time\" content=\"2025-01-14T00:47:40+00:00\" \/>\n<meta property=\"og:image\" content=\"https:\/\/i0.wp.com\/maxgold.gr\/wp-content\/uploads\/2024\/07\/fc-2c.jpg?fit=600%2C600&ssl=1\" \/>\n\t<meta property=\"og:image:width\" content=\"600\" \/>\n\t<meta property=\"og:image:height\" content=\"600\" \/>\n\t<meta property=\"og:image:type\" content=\"image\/jpeg\" \/>\n<meta name=\"twitter:card\" content=\"summary_large_image\" \/>\n<script type=\"application\/ld+json\" class=\"yoast-schema-graph\">{\"@context\":\"https:\\\/\\\/schema.org\",\"@graph\":[{\"@type\":\"WebPage\",\"@id\":\"https:\\\/\\\/maxgold.gr\\\/de\\\/shop\\\/blauer-zirkonia-fusskettchen-blue-sea-aus-925-sterling-silber-mit-blauen-zirkonia-kristallen\\\/\",\"url\":\"https:\\\/\\\/maxgold.gr\\\/de\\\/shop\\\/blauer-zirkonia-fusskettchen-blue-sea-aus-925-sterling-silber-mit-blauen-zirkonia-kristallen\\\/\",\"name\":\"Blauer Zirkonia Fu\u00dfkettchen \\\"Blue Sea\\\", aus 925 Sterling Silber - Max Gold\",\"isPartOf\":{\"@id\":\"https:\\\/\\\/maxgold.gr\\\/de\\\/#website\"},\"primaryImageOfPage\":{\"@id\":\"https:\\\/\\\/maxgold.gr\\\/de\\\/shop\\\/blauer-zirkonia-fusskettchen-blue-sea-aus-925-sterling-silber-mit-blauen-zirkonia-kristallen\\\/#primaryimage\"},\"image\":{\"@id\":\"https:\\\/\\\/maxgold.gr\\\/de\\\/shop\\\/blauer-zirkonia-fusskettchen-blue-sea-aus-925-sterling-silber-mit-blauen-zirkonia-kristallen\\\/#primaryimage\"},\"thumbnailUrl\":\"https:\\\/\\\/i0.wp.com\\\/maxgold.gr\\\/wp-content\\\/uploads\\\/2024\\\/07\\\/fc-2c.jpg?fit=600%2C600&ssl=1\",\"datePublished\":\"2024-07-30T19:44:55+00:00\",\"dateModified\":\"2025-01-14T00:47:40+00:00\",\"breadcrumb\":{\"@id\":\"https:\\\/\\\/maxgold.gr\\\/de\\\/shop\\\/blauer-zirkonia-fusskettchen-blue-sea-aus-925-sterling-silber-mit-blauen-zirkonia-kristallen\\\/#breadcrumb\"},\"inLanguage\":\"de\",\"potentialAction\":[{\"@type\":\"ReadAction\",\"target\":[\"https:\\\/\\\/maxgold.gr\\\/de\\\/shop\\\/blauer-zirkonia-fusskettchen-blue-sea-aus-925-sterling-silber-mit-blauen-zirkonia-kristallen\\\/\"]}]},{\"@type\":\"ImageObject\",\"inLanguage\":\"de\",\"@id\":\"https:\\\/\\\/maxgold.gr\\\/de\\\/shop\\\/blauer-zirkonia-fusskettchen-blue-sea-aus-925-sterling-silber-mit-blauen-zirkonia-kristallen\\\/#primaryimage\",\"url\":\"https:\\\/\\\/i0.wp.com\\\/maxgold.gr\\\/wp-content\\\/uploads\\\/2024\\\/07\\\/fc-2c.jpg?fit=600%2C600&ssl=1\",\"contentUrl\":\"https:\\\/\\\/i0.wp.com\\\/maxgold.gr\\\/wp-content\\\/uploads\\\/2024\\\/07\\\/fc-2c.jpg?fit=600%2C600&ssl=1\",\"width\":600,\"height\":600},{\"@type\":\"BreadcrumbList\",\"@id\":\"https:\\\/\\\/maxgold.gr\\\/de\\\/shop\\\/blauer-zirkonia-fusskettchen-blue-sea-aus-925-sterling-silber-mit-blauen-zirkonia-kristallen\\\/#breadcrumb\",\"itemListElement\":[{\"@type\":\"ListItem\",\"position\":1,\"name\":\"Home\",\"item\":\"https:\\\/\\\/maxgold.gr\\\/de\\\/startseite\\\/\"},{\"@type\":\"ListItem\",\"position\":2,\"name\":\"Gesch\u00e4ft\",\"item\":\"https:\\\/\\\/maxgold.gr\\\/de\\\/%ce%ba%ce%b1%cf%84%ce%ac%cf%83%cf%84%ce%b7%ce%bc%ce%b1\\\/\"},{\"@type\":\"ListItem\",\"position\":3,\"name\":\"Blauer Zirkonia Fu\u00dfkettchen &#8220;Blue Sea&#8221;, aus 925 Sterling Silber\"}]},{\"@type\":\"WebSite\",\"@id\":\"https:\\\/\\\/maxgold.gr\\\/de\\\/#website\",\"url\":\"https:\\\/\\\/maxgold.gr\\\/de\\\/\",\"name\":\"Max Gold\",\"description\":\"Max Gold\",\"potentialAction\":[{\"@type\":\"SearchAction\",\"target\":{\"@type\":\"EntryPoint\",\"urlTemplate\":\"https:\\\/\\\/maxgold.gr\\\/de\\\/?s={search_term_string}\"},\"query-input\":{\"@type\":\"PropertyValueSpecification\",\"valueRequired\":true,\"valueName\":\"search_term_string\"}}],\"inLanguage\":\"de\"}]}<\/script>\n<!-- \/ Yoast SEO plugin. -->","yoast_head_json":{"title":"Blauer Zirkonia Fu\u00dfkettchen \"Blue Sea\", aus 925 Sterling Silber - Max Gold","robots":{"index":"index","follow":"follow","max-snippet":"max-snippet:-1","max-image-preview":"max-image-preview:large","max-video-preview":"max-video-preview:-1"},"canonical":"https:\/\/maxgold.gr\/de\/shop\/blauer-zirkonia-fusskettchen-blue-sea-aus-925-sterling-silber-mit-blauen-zirkonia-kristallen\/","og_locale":"de_DE","og_type":"article","og_title":"Blauer Zirkonia Fu\u00dfkettchen \"Blue Sea\", aus 925 Sterling Silber - Max Gold","og_description":"Das \"Blue Sea\" Fu\u00dfkettchen ist ein wundersch\u00f6nes Schmuckst\u00fcck aus 925er Sterling Silber mit blauen Zirkonia Kristallen. Die verstellbare Gr\u00f6\u00dfe macht es vielseitig f\u00fcr verschiedene Kn\u00f6chelgr\u00f6\u00dfen einsetzbar und sorgt f\u00fcr einen bequemen Sitz f\u00fcr jeden, der es tr\u00e4gt.","og_url":"https:\/\/maxgold.gr\/de\/shop\/blauer-zirkonia-fusskettchen-blue-sea-aus-925-sterling-silber-mit-blauen-zirkonia-kristallen\/","og_site_name":"Max Gold","article_publisher":"https:\/\/www.facebook.com\/people\/Max-Gold\/61561801899896\/","article_modified_time":"2025-01-14T00:47:40+00:00","og_image":[{"width":600,"height":600,"url":"https:\/\/i0.wp.com\/maxgold.gr\/wp-content\/uploads\/2024\/07\/fc-2c.jpg?fit=600%2C600&ssl=1","type":"image\/jpeg"}],"twitter_card":"summary_large_image","schema":{"@context":"https:\/\/schema.org","@graph":[{"@type":"WebPage","@id":"https:\/\/maxgold.gr\/de\/shop\/blauer-zirkonia-fusskettchen-blue-sea-aus-925-sterling-silber-mit-blauen-zirkonia-kristallen\/","url":"https:\/\/maxgold.gr\/de\/shop\/blauer-zirkonia-fusskettchen-blue-sea-aus-925-sterling-silber-mit-blauen-zirkonia-kristallen\/","name":"Blauer Zirkonia Fu\u00dfkettchen \"Blue Sea\", aus 925 Sterling Silber - Max Gold","isPartOf":{"@id":"https:\/\/maxgold.gr\/de\/#website"},"primaryImageOfPage":{"@id":"https:\/\/maxgold.gr\/de\/shop\/blauer-zirkonia-fusskettchen-blue-sea-aus-925-sterling-silber-mit-blauen-zirkonia-kristallen\/#primaryimage"},"image":{"@id":"https:\/\/maxgold.gr\/de\/shop\/blauer-zirkonia-fusskettchen-blue-sea-aus-925-sterling-silber-mit-blauen-zirkonia-kristallen\/#primaryimage"},"thumbnailUrl":"https:\/\/i0.wp.com\/maxgold.gr\/wp-content\/uploads\/2024\/07\/fc-2c.jpg?fit=600%2C600&ssl=1","datePublished":"2024-07-30T19:44:55+00:00","dateModified":"2025-01-14T00:47:40+00:00","breadcrumb":{"@id":"https:\/\/maxgold.gr\/de\/shop\/blauer-zirkonia-fusskettchen-blue-sea-aus-925-sterling-silber-mit-blauen-zirkonia-kristallen\/#breadcrumb"},"inLanguage":"de","potentialAction":[{"@type":"ReadAction","target":["https:\/\/maxgold.gr\/de\/shop\/blauer-zirkonia-fusskettchen-blue-sea-aus-925-sterling-silber-mit-blauen-zirkonia-kristallen\/"]}]},{"@type":"ImageObject","inLanguage":"de","@id":"https:\/\/maxgold.gr\/de\/shop\/blauer-zirkonia-fusskettchen-blue-sea-aus-925-sterling-silber-mit-blauen-zirkonia-kristallen\/#primaryimage","url":"https:\/\/i0.wp.com\/maxgold.gr\/wp-content\/uploads\/2024\/07\/fc-2c.jpg?fit=600%2C600&ssl=1","contentUrl":"https:\/\/i0.wp.com\/maxgold.gr\/wp-content\/uploads\/2024\/07\/fc-2c.jpg?fit=600%2C600&ssl=1","width":600,"height":600},{"@type":"BreadcrumbList","@id":"https:\/\/maxgold.gr\/de\/shop\/blauer-zirkonia-fusskettchen-blue-sea-aus-925-sterling-silber-mit-blauen-zirkonia-kristallen\/#breadcrumb","itemListElement":[{"@type":"ListItem","position":1,"name":"Home","item":"https:\/\/maxgold.gr\/de\/startseite\/"},{"@type":"ListItem","position":2,"name":"Gesch\u00e4ft","item":"https:\/\/maxgold.gr\/de\/%ce%ba%ce%b1%cf%84%ce%ac%cf%83%cf%84%ce%b7%ce%bc%ce%b1\/"},{"@type":"ListItem","position":3,"name":"Blauer Zirkonia Fu\u00dfkettchen &#8220;Blue Sea&#8221;, aus 925 Sterling Silber"}]},{"@type":"WebSite","@id":"https:\/\/maxgold.gr\/de\/#website","url":"https:\/\/maxgold.gr\/de\/","name":"Max Gold","description":"Max Gold","potentialAction":[{"@type":"SearchAction","target":{"@type":"EntryPoint","urlTemplate":"https:\/\/maxgold.gr\/de\/?s={search_term_string}"},"query-input":{"@type":"PropertyValueSpecification","valueRequired":true,"valueName":"search_term_string"}}],"inLanguage":"de"}]}},"jetpack_sharing_enabled":true,"_links":{"self":[{"href":"https:\/\/maxgold.gr\/de\/wp-json\/wp\/v2\/product\/4115","targetHints":{"allow":["GET"]}}],"collection":[{"href":"https:\/\/maxgold.gr\/de\/wp-json\/wp\/v2\/product"}],"about":[{"href":"https:\/\/maxgold.gr\/de\/wp-json\/wp\/v2\/types\/product"}],"replies":[{"embeddable":true,"href":"https:\/\/maxgold.gr\/de\/wp-json\/wp\/v2\/comments?post=4115"}],"wp:featuredmedia":[{"embeddable":true,"href":"https:\/\/maxgold.gr\/de\/wp-json\/wp\/v2\/media\/4116"}],"wp:attachment":[{"href":"https:\/\/maxgold.gr\/de\/wp-json\/wp\/v2\/media?parent=4115"}],"wp:term":[{"taxonomy":"product_brand","embeddable":true,"href":"https:\/\/maxgold.gr\/de\/wp-json\/wp\/v2\/product_brand?post=4115"},{"taxonomy":"product_cat","embeddable":true,"href":"https:\/\/maxgold.gr\/de\/wp-json\/wp\/v2\/product_cat?post=4115"},{"taxonomy":"product_tag","embeddable":true,"href":"https:\/\/maxgold.gr\/de\/wp-json\/wp\/v2\/product_tag?post=4115"}],"curies":[{"name":"wp","href":"https:\/\/api.w.org\/{rel}","templated":true}]}}