{"id":4128,"date":"2024-08-26T00:23:13","date_gmt":"2024-08-25T21:23:13","guid":{"rendered":"https:\/\/maxgold.gr\/shop\/griechischer-evil-eye-anhaenger-halskette-circlenia-aus-925-sterling-silber-mit-einem-kleinen-blauen-evil-eye-herz-weissen-zirkonia-und-einer-starken-schoenen-ankerkette\/"},"modified":"2024-11-05T00:11:12","modified_gmt":"2024-11-04T21:11:12","slug":"griechischer-evil-eye-anhaenger-halskette-circlenia-aus-925-sterling-silber-mit-einem-kleinen-blauen-evil-eye-herz-weissen-zirkonia-und-einer-starken-schoenen-ankerkette","status":"publish","type":"product","link":"https:\/\/maxgold.gr\/de\/shop\/griechischer-evil-eye-anhaenger-halskette-circlenia-aus-925-sterling-silber-mit-einem-kleinen-blauen-evil-eye-herz-weissen-zirkonia-und-einer-starken-schoenen-ankerkette\/","title":{"rendered":"Griechischer Evil Eye Anh\u00e4nger Halskette &#8222;Circlenia&#8220;, aus 925 Sterling Silber, mit einem kleinen blauen Evil Eye Herz, wei\u00dfen Zirkonia und einer sch\u00f6nen Ankerkette"},"content":{"rendered":"<p>Die runde griechische Evil Eye Anh\u00e4nger-Halskette &#8222;Cirlenia&#8220; mit Zirkonia und einem kleinen blauen Herz mit Auge an der linken Seite ist ein stilvolles und bedeutungsvolles Accessoire. Sie verbindet traditionelle griechische Symbolik mit einem Hauch moderner Eleganz. <\/p>\n<p dir=\"ltr\">Die Anker-Halskette verleiht dem Gesamtlook einen nautischen Charme. Anker werden oft mit Stabilit\u00e4t und Hoffnung assoziiert, was diese Halskette nicht nur modisch, sondern auch symbolisch macht. <\/p>\n<p dir=\"ltr\">&#8222;Cirlenia&#8220; ist ein einzigartiges und auff\u00e4lliges Ensemble, das sowohl Ihren Stil als auch tiefere Bedeutungen widerspiegelt.<\/p>\n<p><span style=\"color: #000000;\"> <\/span><\/p>\n<p>&nbsp;<\/p>\n<p><strong>Produktdetails<\/strong><\/p>\n<p><strong>Abmessungen des Anh\u00e4ngers:<\/strong> <strong>1.2cm<\/strong> hoch x <strong>1.3cm<\/strong> breit x <strong>0.2cm<\/strong> tief der Silber &amp; der Edelstein<\/p>\n<p><strong>Anh\u00e4nger Edelstein: <\/strong>Emaille, Kubic Zirkonia<\/p>\n<p><strong>Kettentyp: <\/strong>Anker<\/p>\n<p><strong>Kettenl\u00e4nge:<\/strong> 40cm + 5cm, verstellbare<\/p>\n<p><strong>Kettenbreite:<\/strong> 1.5mm<\/p>\n<p><strong>Kettenverschluss: <\/strong>Federring<\/p>\n<p><strong>Metall:<\/strong> Sterling Silber (925)<\/p>\n<p><strong>Metallstempel:<\/strong> 925<\/p>\n<p><strong>Beschichtung: <\/strong>Rhodium<\/p>\n<p>&nbsp;<\/p>\n<p>&nbsp;<\/p>\n<h4><\/h4>\n<p>&nbsp;<\/p>\n","protected":false},"excerpt":{"rendered":"<p><span class=\"tBJ dyH iFc sAJ X8m zDA IZT swG\" style=\"color: #000000;\"><span class=\"richPinInformation\" data-test-id=\"richPinInformation-description\">Die runde griechische B\u00f6se Auge Halskette mit Anh\u00e4nger &#8222;Cirlenia&#8220; aus 925 Sterling Silber mit gl\u00e4nzenden Zirkonia und der verstellbaren Ankerkette ist ein stilvolles und auff\u00e4lliges Accessoire.<br \/>\n<\/span><\/span><\/p>\n<p><span style=\"color: #000000;\"> <\/span><\/p>\n<p><span class=\"tBJ dyH iFc sAJ X8m zDA IZT swG\"><span class=\"richPinInformation\" data-test-id=\"richPinInformation-description\"> <\/span><\/span><\/p>\n","protected":false},"featured_media":4129,"comment_status":"open","ping_status":"closed","template":"","meta":[],"product_brand":[],"product_cat":[439,446,516,525,465,434,432,726,531,435],"product_tag":[445,449,580,448,442],"class_list":{"0":"post-4128","1":"product","2":"type-product","3":"status-publish","4":"has-post-thumbnail","6":"product_cat-damenschmuck","7":"product_cat-griechisches-auge-kollektion","8":"product_cat-halsketten-anhaenger","9":"product_cat-halsketten-mit-anhaenger","10":"product_cat-herzen","11":"product_cat-metall","12":"product_cat-neu-ankommen","13":"product_cat-silber","14":"product_cat-silberne-halsketten-mit-anhaenger","15":"product_cat-sterling-silber-925","16":"product_tag-blau","17":"product_tag-griechisches-boses-auge-kollektion","18":"product_tag-herzkollektion","19":"product_tag-kubischer-zirkoniumdioxid","20":"product_tag-sterling-silber-925","22":"first","23":"instock","24":"taxable","25":"shipping-taxable","26":"purchasable","27":"product-type-simple","28":"add-to-wishlist-before_add_to_cart"},"yoast_head":"<!-- This site is optimized with the Yoast SEO plugin v27.5 - https:\/\/yoast.com\/product\/yoast-seo-wordpress\/ -->\n<title>Griechischer Evil Eye Anh\u00e4nger Halskette &quot;Circlenia&quot;, aus 925 Sterling Silber, mit einem kleinen blauen Evil Eye Herz, wei\u00dfen Zirkonia und einer sch\u00f6nen Ankerkette - Max Gold<\/title>\n<meta name=\"robots\" content=\"index, follow, max-snippet:-1, max-image-preview:large, max-video-preview:-1\" \/>\n<link rel=\"canonical\" href=\"https:\/\/maxgold.gr\/de\/shop\/griechischer-evil-eye-anhaenger-halskette-circlenia-aus-925-sterling-silber-mit-einem-kleinen-blauen-evil-eye-herz-weissen-zirkonia-und-einer-starken-schoenen-ankerkette\/\" \/>\n<meta property=\"og:locale\" content=\"de_DE\" \/>\n<meta property=\"og:type\" content=\"article\" \/>\n<meta property=\"og:title\" content=\"Griechischer Evil Eye Anh\u00e4nger Halskette &quot;Circlenia&quot;, aus 925 Sterling Silber, mit einem kleinen blauen Evil Eye Herz, wei\u00dfen Zirkonia und einer sch\u00f6nen Ankerkette - Max Gold\" \/>\n<meta property=\"og:description\" content=\"Die runde griechische B\u00f6se Auge Halskette mit Anh\u00e4nger &quot;Cirlenia&quot; aus 925 Sterling Silber mit gl\u00e4nzenden Zirkonia und der verstellbaren Ankerkette ist ein stilvolles und auff\u00e4lliges Accessoire.\" \/>\n<meta property=\"og:url\" content=\"https:\/\/maxgold.gr\/de\/shop\/griechischer-evil-eye-anhaenger-halskette-circlenia-aus-925-sterling-silber-mit-einem-kleinen-blauen-evil-eye-herz-weissen-zirkonia-und-einer-starken-schoenen-ankerkette\/\" \/>\n<meta property=\"og:site_name\" content=\"Max Gold\" \/>\n<meta property=\"article:publisher\" content=\"https:\/\/www.facebook.com\/people\/Max-Gold\/61561801899896\/\" \/>\n<meta property=\"article:modified_time\" content=\"2024-11-04T21:11:12+00:00\" \/>\n<meta property=\"og:image\" content=\"https:\/\/i0.wp.com\/maxgold.gr\/wp-content\/uploads\/2024\/08\/eepn-6.jpg?fit=800%2C800&ssl=1\" \/>\n\t<meta property=\"og:image:width\" content=\"800\" \/>\n\t<meta property=\"og:image:height\" content=\"800\" \/>\n\t<meta property=\"og:image:type\" content=\"image\/jpeg\" \/>\n<meta name=\"twitter:card\" content=\"summary_large_image\" \/>\n<meta name=\"twitter:label1\" content=\"Gesch\u00e4tzte Lesezeit\" \/>\n\t<meta name=\"twitter:data1\" content=\"1\u00a0Minute\" \/>\n<script type=\"application\/ld+json\" class=\"yoast-schema-graph\">{\"@context\":\"https:\\\/\\\/schema.org\",\"@graph\":[{\"@type\":\"WebPage\",\"@id\":\"https:\\\/\\\/maxgold.gr\\\/de\\\/shop\\\/griechischer-evil-eye-anhaenger-halskette-circlenia-aus-925-sterling-silber-mit-einem-kleinen-blauen-evil-eye-herz-weissen-zirkonia-und-einer-starken-schoenen-ankerkette\\\/\",\"url\":\"https:\\\/\\\/maxgold.gr\\\/de\\\/shop\\\/griechischer-evil-eye-anhaenger-halskette-circlenia-aus-925-sterling-silber-mit-einem-kleinen-blauen-evil-eye-herz-weissen-zirkonia-und-einer-starken-schoenen-ankerkette\\\/\",\"name\":\"Griechischer Evil Eye Anh\u00e4nger Halskette \\\"Circlenia\\\", aus 925 Sterling Silber, mit einem kleinen blauen Evil Eye Herz, wei\u00dfen Zirkonia und einer sch\u00f6nen Ankerkette - Max Gold\",\"isPartOf\":{\"@id\":\"https:\\\/\\\/maxgold.gr\\\/de\\\/#website\"},\"primaryImageOfPage\":{\"@id\":\"https:\\\/\\\/maxgold.gr\\\/de\\\/shop\\\/griechischer-evil-eye-anhaenger-halskette-circlenia-aus-925-sterling-silber-mit-einem-kleinen-blauen-evil-eye-herz-weissen-zirkonia-und-einer-starken-schoenen-ankerkette\\\/#primaryimage\"},\"image\":{\"@id\":\"https:\\\/\\\/maxgold.gr\\\/de\\\/shop\\\/griechischer-evil-eye-anhaenger-halskette-circlenia-aus-925-sterling-silber-mit-einem-kleinen-blauen-evil-eye-herz-weissen-zirkonia-und-einer-starken-schoenen-ankerkette\\\/#primaryimage\"},\"thumbnailUrl\":\"https:\\\/\\\/i0.wp.com\\\/maxgold.gr\\\/wp-content\\\/uploads\\\/2024\\\/08\\\/eepn-6.jpg?fit=800%2C800&ssl=1\",\"datePublished\":\"2024-08-25T21:23:13+00:00\",\"dateModified\":\"2024-11-04T21:11:12+00:00\",\"breadcrumb\":{\"@id\":\"https:\\\/\\\/maxgold.gr\\\/de\\\/shop\\\/griechischer-evil-eye-anhaenger-halskette-circlenia-aus-925-sterling-silber-mit-einem-kleinen-blauen-evil-eye-herz-weissen-zirkonia-und-einer-starken-schoenen-ankerkette\\\/#breadcrumb\"},\"inLanguage\":\"de\",\"potentialAction\":[{\"@type\":\"ReadAction\",\"target\":[\"https:\\\/\\\/maxgold.gr\\\/de\\\/shop\\\/griechischer-evil-eye-anhaenger-halskette-circlenia-aus-925-sterling-silber-mit-einem-kleinen-blauen-evil-eye-herz-weissen-zirkonia-und-einer-starken-schoenen-ankerkette\\\/\"]}]},{\"@type\":\"ImageObject\",\"inLanguage\":\"de\",\"@id\":\"https:\\\/\\\/maxgold.gr\\\/de\\\/shop\\\/griechischer-evil-eye-anhaenger-halskette-circlenia-aus-925-sterling-silber-mit-einem-kleinen-blauen-evil-eye-herz-weissen-zirkonia-und-einer-starken-schoenen-ankerkette\\\/#primaryimage\",\"url\":\"https:\\\/\\\/i0.wp.com\\\/maxgold.gr\\\/wp-content\\\/uploads\\\/2024\\\/08\\\/eepn-6.jpg?fit=800%2C800&ssl=1\",\"contentUrl\":\"https:\\\/\\\/i0.wp.com\\\/maxgold.gr\\\/wp-content\\\/uploads\\\/2024\\\/08\\\/eepn-6.jpg?fit=800%2C800&ssl=1\",\"width\":800,\"height\":800},{\"@type\":\"BreadcrumbList\",\"@id\":\"https:\\\/\\\/maxgold.gr\\\/de\\\/shop\\\/griechischer-evil-eye-anhaenger-halskette-circlenia-aus-925-sterling-silber-mit-einem-kleinen-blauen-evil-eye-herz-weissen-zirkonia-und-einer-starken-schoenen-ankerkette\\\/#breadcrumb\",\"itemListElement\":[{\"@type\":\"ListItem\",\"position\":1,\"name\":\"Home\",\"item\":\"https:\\\/\\\/maxgold.gr\\\/de\\\/startseite\\\/\"},{\"@type\":\"ListItem\",\"position\":2,\"name\":\"Gesch\u00e4ft\",\"item\":\"https:\\\/\\\/maxgold.gr\\\/de\\\/%ce%ba%ce%b1%cf%84%ce%ac%cf%83%cf%84%ce%b7%ce%bc%ce%b1\\\/\"},{\"@type\":\"ListItem\",\"position\":3,\"name\":\"Griechischer Evil Eye Anh\u00e4nger Halskette &#8220;Circlenia&#8221;, aus 925 Sterling Silber, mit einem kleinen blauen Evil Eye Herz, wei\u00dfen Zirkonia und einer sch\u00f6nen Ankerkette\"}]},{\"@type\":\"WebSite\",\"@id\":\"https:\\\/\\\/maxgold.gr\\\/de\\\/#website\",\"url\":\"https:\\\/\\\/maxgold.gr\\\/de\\\/\",\"name\":\"Max Gold\",\"description\":\"Max Gold\",\"potentialAction\":[{\"@type\":\"SearchAction\",\"target\":{\"@type\":\"EntryPoint\",\"urlTemplate\":\"https:\\\/\\\/maxgold.gr\\\/de\\\/?s={search_term_string}\"},\"query-input\":{\"@type\":\"PropertyValueSpecification\",\"valueRequired\":true,\"valueName\":\"search_term_string\"}}],\"inLanguage\":\"de\"}]}<\/script>\n<!-- \/ Yoast SEO plugin. -->","yoast_head_json":{"title":"Griechischer Evil Eye Anh\u00e4nger Halskette \"Circlenia\", aus 925 Sterling Silber, mit einem kleinen blauen Evil Eye Herz, wei\u00dfen Zirkonia und einer sch\u00f6nen Ankerkette - Max Gold","robots":{"index":"index","follow":"follow","max-snippet":"max-snippet:-1","max-image-preview":"max-image-preview:large","max-video-preview":"max-video-preview:-1"},"canonical":"https:\/\/maxgold.gr\/de\/shop\/griechischer-evil-eye-anhaenger-halskette-circlenia-aus-925-sterling-silber-mit-einem-kleinen-blauen-evil-eye-herz-weissen-zirkonia-und-einer-starken-schoenen-ankerkette\/","og_locale":"de_DE","og_type":"article","og_title":"Griechischer Evil Eye Anh\u00e4nger Halskette \"Circlenia\", aus 925 Sterling Silber, mit einem kleinen blauen Evil Eye Herz, wei\u00dfen Zirkonia und einer sch\u00f6nen Ankerkette - Max Gold","og_description":"Die runde griechische B\u00f6se Auge Halskette mit Anh\u00e4nger \"Cirlenia\" aus 925 Sterling Silber mit gl\u00e4nzenden Zirkonia und der verstellbaren Ankerkette ist ein stilvolles und auff\u00e4lliges Accessoire.","og_url":"https:\/\/maxgold.gr\/de\/shop\/griechischer-evil-eye-anhaenger-halskette-circlenia-aus-925-sterling-silber-mit-einem-kleinen-blauen-evil-eye-herz-weissen-zirkonia-und-einer-starken-schoenen-ankerkette\/","og_site_name":"Max Gold","article_publisher":"https:\/\/www.facebook.com\/people\/Max-Gold\/61561801899896\/","article_modified_time":"2024-11-04T21:11:12+00:00","og_image":[{"width":800,"height":800,"url":"https:\/\/i0.wp.com\/maxgold.gr\/wp-content\/uploads\/2024\/08\/eepn-6.jpg?fit=800%2C800&ssl=1","type":"image\/jpeg"}],"twitter_card":"summary_large_image","twitter_misc":{"Gesch\u00e4tzte Lesezeit":"1\u00a0Minute"},"schema":{"@context":"https:\/\/schema.org","@graph":[{"@type":"WebPage","@id":"https:\/\/maxgold.gr\/de\/shop\/griechischer-evil-eye-anhaenger-halskette-circlenia-aus-925-sterling-silber-mit-einem-kleinen-blauen-evil-eye-herz-weissen-zirkonia-und-einer-starken-schoenen-ankerkette\/","url":"https:\/\/maxgold.gr\/de\/shop\/griechischer-evil-eye-anhaenger-halskette-circlenia-aus-925-sterling-silber-mit-einem-kleinen-blauen-evil-eye-herz-weissen-zirkonia-und-einer-starken-schoenen-ankerkette\/","name":"Griechischer Evil Eye Anh\u00e4nger Halskette \"Circlenia\", aus 925 Sterling Silber, mit einem kleinen blauen Evil Eye Herz, wei\u00dfen Zirkonia und einer sch\u00f6nen Ankerkette - Max Gold","isPartOf":{"@id":"https:\/\/maxgold.gr\/de\/#website"},"primaryImageOfPage":{"@id":"https:\/\/maxgold.gr\/de\/shop\/griechischer-evil-eye-anhaenger-halskette-circlenia-aus-925-sterling-silber-mit-einem-kleinen-blauen-evil-eye-herz-weissen-zirkonia-und-einer-starken-schoenen-ankerkette\/#primaryimage"},"image":{"@id":"https:\/\/maxgold.gr\/de\/shop\/griechischer-evil-eye-anhaenger-halskette-circlenia-aus-925-sterling-silber-mit-einem-kleinen-blauen-evil-eye-herz-weissen-zirkonia-und-einer-starken-schoenen-ankerkette\/#primaryimage"},"thumbnailUrl":"https:\/\/i0.wp.com\/maxgold.gr\/wp-content\/uploads\/2024\/08\/eepn-6.jpg?fit=800%2C800&ssl=1","datePublished":"2024-08-25T21:23:13+00:00","dateModified":"2024-11-04T21:11:12+00:00","breadcrumb":{"@id":"https:\/\/maxgold.gr\/de\/shop\/griechischer-evil-eye-anhaenger-halskette-circlenia-aus-925-sterling-silber-mit-einem-kleinen-blauen-evil-eye-herz-weissen-zirkonia-und-einer-starken-schoenen-ankerkette\/#breadcrumb"},"inLanguage":"de","potentialAction":[{"@type":"ReadAction","target":["https:\/\/maxgold.gr\/de\/shop\/griechischer-evil-eye-anhaenger-halskette-circlenia-aus-925-sterling-silber-mit-einem-kleinen-blauen-evil-eye-herz-weissen-zirkonia-und-einer-starken-schoenen-ankerkette\/"]}]},{"@type":"ImageObject","inLanguage":"de","@id":"https:\/\/maxgold.gr\/de\/shop\/griechischer-evil-eye-anhaenger-halskette-circlenia-aus-925-sterling-silber-mit-einem-kleinen-blauen-evil-eye-herz-weissen-zirkonia-und-einer-starken-schoenen-ankerkette\/#primaryimage","url":"https:\/\/i0.wp.com\/maxgold.gr\/wp-content\/uploads\/2024\/08\/eepn-6.jpg?fit=800%2C800&ssl=1","contentUrl":"https:\/\/i0.wp.com\/maxgold.gr\/wp-content\/uploads\/2024\/08\/eepn-6.jpg?fit=800%2C800&ssl=1","width":800,"height":800},{"@type":"BreadcrumbList","@id":"https:\/\/maxgold.gr\/de\/shop\/griechischer-evil-eye-anhaenger-halskette-circlenia-aus-925-sterling-silber-mit-einem-kleinen-blauen-evil-eye-herz-weissen-zirkonia-und-einer-starken-schoenen-ankerkette\/#breadcrumb","itemListElement":[{"@type":"ListItem","position":1,"name":"Home","item":"https:\/\/maxgold.gr\/de\/startseite\/"},{"@type":"ListItem","position":2,"name":"Gesch\u00e4ft","item":"https:\/\/maxgold.gr\/de\/%ce%ba%ce%b1%cf%84%ce%ac%cf%83%cf%84%ce%b7%ce%bc%ce%b1\/"},{"@type":"ListItem","position":3,"name":"Griechischer Evil Eye Anh\u00e4nger Halskette &#8220;Circlenia&#8221;, aus 925 Sterling Silber, mit einem kleinen blauen Evil Eye Herz, wei\u00dfen Zirkonia und einer sch\u00f6nen Ankerkette"}]},{"@type":"WebSite","@id":"https:\/\/maxgold.gr\/de\/#website","url":"https:\/\/maxgold.gr\/de\/","name":"Max Gold","description":"Max Gold","potentialAction":[{"@type":"SearchAction","target":{"@type":"EntryPoint","urlTemplate":"https:\/\/maxgold.gr\/de\/?s={search_term_string}"},"query-input":{"@type":"PropertyValueSpecification","valueRequired":true,"valueName":"search_term_string"}}],"inLanguage":"de"}]}},"jetpack_sharing_enabled":true,"_links":{"self":[{"href":"https:\/\/maxgold.gr\/de\/wp-json\/wp\/v2\/product\/4128","targetHints":{"allow":["GET"]}}],"collection":[{"href":"https:\/\/maxgold.gr\/de\/wp-json\/wp\/v2\/product"}],"about":[{"href":"https:\/\/maxgold.gr\/de\/wp-json\/wp\/v2\/types\/product"}],"replies":[{"embeddable":true,"href":"https:\/\/maxgold.gr\/de\/wp-json\/wp\/v2\/comments?post=4128"}],"wp:featuredmedia":[{"embeddable":true,"href":"https:\/\/maxgold.gr\/de\/wp-json\/wp\/v2\/media\/4129"}],"wp:attachment":[{"href":"https:\/\/maxgold.gr\/de\/wp-json\/wp\/v2\/media?parent=4128"}],"wp:term":[{"taxonomy":"product_brand","embeddable":true,"href":"https:\/\/maxgold.gr\/de\/wp-json\/wp\/v2\/product_brand?post=4128"},{"taxonomy":"product_cat","embeddable":true,"href":"https:\/\/maxgold.gr\/de\/wp-json\/wp\/v2\/product_cat?post=4128"},{"taxonomy":"product_tag","embeddable":true,"href":"https:\/\/maxgold.gr\/de\/wp-json\/wp\/v2\/product_tag?post=4128"}],"curies":[{"name":"wp","href":"https:\/\/api.w.org\/{rel}","templated":true}]}}