{"id":4187,"date":"2024-07-05T21:11:20","date_gmt":"2024-07-05T18:11:20","guid":{"rendered":"https:\/\/maxgold.gr\/shop\/opal-leaves-gold-plated-schmuckset-bestehend-aus-einer-halskette-ohrringen-und-einem-armband-vergoldet-aus-925-sterling-silber-mit-blauem-opal-und-vielen-glaenzenden-zirkonia\/"},"modified":"2024-11-12T01:03:11","modified_gmt":"2024-11-11T22:03:11","slug":"opal-leaves-gold-plated-schmuckset-bestehend-aus-einer-halskette-ohrringen-und-einem-armband-vergoldet-aus-925-sterling-silber-mit-blauem-opal-und-vielen-glaenzenden-zirkonia","status":"publish","type":"product","link":"https:\/\/maxgold.gr\/de\/shop\/opal-leaves-gold-plated-schmuckset-bestehend-aus-einer-halskette-ohrringen-und-einem-armband-vergoldet-aus-925-sterling-silber-mit-blauem-opal-und-vielen-glaenzenden-zirkonia\/","title":{"rendered":"&#8222;Opal Leaves Gold Plated&#8220; Schmuckset bestehend aus einer Halskette, Ohrringen und einem Armband, vergoldet, aus 925 Sterling Silber, mit blauem Opal und vielen gl\u00e4nzenden Zirkonia"},"content":{"rendered":"<p><span style=\"color: #000000;\">Ein Schmuckset bestehend aus einer Halskette, einem Armband und Ohrringen aus vergoldetem Sterlingsilber mit blauem synthetischem Opal und Zirkonia-Steinen bietet einen zeitlosen und raffinierten Look.<br \/>\n<\/span><\/p>\n<p><span style=\"color: #000000;\">Die verstellbare Kettengr\u00f6\u00dfe von 40 cm+5 cm erm\u00f6glicht eine individuelle Anpassung, w\u00e4hrend die Verstellbarkeit des Armbands von 18,5 cm-22 cm f\u00fcr Komfort sorgt. <\/span><br \/>\n<span style=\"color: #000000;\"><br \/>\n<\/span><\/p>\n<p>&nbsp;<\/p>\n<h4><span style=\"color: #000000; font-size: 105%;\"><strong>Armband Spezifikationen<\/strong><\/span><\/h4>\n<p><span style=\"color: #000000;\"><strong>Gr\u00f6\u00dfe: <\/strong>18,5cm -22,0cm, verstellbar<strong><br \/>\n<\/strong><\/span><\/p>\n<p><span style=\"color: #000000;\"><strong>Edelstein:<\/strong> Kubischer Zirkonia, Blauer Synthetischer Opal<br \/>\n<\/span><\/p>\n<p><span style=\"color: #000000;\"><strong>Gr\u00f6\u00dfe des Motivs (jedes Blattpaar): <\/strong>0,7cm x 1,0cm x 0,2cm<\/span><\/p>\n<p><span style=\"color: #000000;\"><strong>Metall:<\/strong> Sterling Silber (925)<\/span><\/p>\n<p><span style=\"color: #000000;\"><strong>Metallstempel:<\/strong> 925<\/span><\/p>\n<p><span style=\"color: #000000;\"><strong>Vergoldung: <\/strong>Gold<\/span><\/p>\n<p><span style=\"color: #000000;\"><strong>Verschluss: <\/strong>Karabiner<strong><br \/>\n<\/strong><\/span><\/p>\n<p>&nbsp;<\/p>\n<p><span style=\"font-size: 105%;\"><strong><span style=\"color: #000000;\">Halskette <\/span><\/strong><span style=\"color: #000000;\"><strong>Spezifikationen<\/strong><\/span><\/span><\/p>\n<p><span style=\"color: #000000;\"><strong>Halskette Typ: <\/strong>Anker<\/span><\/p>\n<p><span style=\"color: #000000;\"><strong>Edelstein:<\/strong> <\/span>Kubischer Zirkonia, Blauer Synthetischer Opal<\/p>\n<p><span style=\"color: #000000;\"><strong>Gr\u00f6\u00dfe des Motivs (jedes Blattpaar): <\/strong>0,7cm x 1,0cm x 0,2cm<\/span><\/p>\n<p><span style=\"color: #000000;\"><strong>L\u00e4nge: <\/strong>40cm+5cm, verstellbar<\/span><\/p>\n<p><span style=\"color: #000000;\"><strong>Metall:<\/strong> Sterling Silber (925)<\/span><\/p>\n<p><span style=\"color: #000000;\"><strong>Metallstempel:<\/strong> 925<\/span><\/p>\n<p><span style=\"color: #000000;\"><strong>Vergoldung:<\/strong> Gold<\/span><\/p>\n<p><span style=\"color: #000000;\"><strong>Verschluss:<\/strong> Karabiner<\/span><\/p>\n<p><span style=\"color: #000000;\"> <\/span><\/p>\n<p><span style=\"color: #000000;\"><strong>Ohrringe <\/strong><strong>Spezifikationen<\/strong><\/span><\/p>\n<p><span style=\"color: #000000;\"><strong>Abmessungen:<\/strong> 0,8cm hoch x 0,4cm breit x 0,2cm tief + 1,1cm Pfosten<\/span><\/p>\n<p><span style=\"color: #000000;\"><strong>Edelstein:<\/strong> Blauer Synthetischer Opal<\/span><\/p>\n<p><span style=\"color: #000000;\"><strong>Stil:<\/strong> Ohrstecker<\/span><\/p>\n<p><span style=\"color: #000000;\"><strong>Metall:<\/strong> Sterling Silber (925)<\/span><\/p>\n<p><span style=\"color: #000000;\"><strong>Metallstempel:<\/strong> 925<\/span><\/p>\n<p><span style=\"color: #000000;\"><strong>Vergoldung: <\/strong>Gold<\/span><\/p>\n<p><span style=\"color: #000000;\"><strong>Verschl\u00fcsse: <\/strong>Steckverschluss<\/span><strong><br \/>\n<\/strong><\/p>\n<p>&nbsp;<\/p>\n","protected":false},"excerpt":{"rendered":"<p>Ein Schmuckset bestehend aus einer Halskette, einem Armband und Ohrringen aus vergoldetem Sterlingsilber mit blauem synthetischem Opal und Zirkonia-Steinen bietet einen zeitlosen und raffinierten Look. Die verstellbare Kettengr\u00f6\u00dfe von 40 cm+5 cm erm\u00f6glicht eine individuelle Anpassung, w\u00e4hrend die Verstellbarkeit des Armbands von 18,5 cm-22 cm f\u00fcr Komfort sorgt. &nbsp; Armband Spezifikationen Gr\u00f6\u00dfe: 18,5cm -22,0cm, verstellbar [&#8230;]\n","protected":false},"featured_media":4188,"comment_status":"open","ping_status":"closed","template":"","meta":[],"product_brand":[738],"product_cat":[439,434,432,515,435,624,510,470,724,512],"product_tag":[585,445,563,448,442,576],"class_list":{"0":"post-4187","1":"product","2":"type-product","3":"status-publish","4":"has-post-thumbnail","6":"product_brand-max-gold","7":"product_cat-damenschmuck","8":"product_cat-metall","9":"product_cat-neu-ankommen","10":"product_cat-schmucksets","11":"product_cat-sterling-silber-925","12":"product_cat-synthetischer","13":"product_cat-synthetischer-opal-vergoldet","14":"product_cat-kuenstliche-opal","15":"product_cat-vergoldet","16":"product_cat-vergoldete-halsketten-mit-synthetischem-opal","17":"product_tag-blaetter","18":"product_tag-blau","19":"product_tag-blauer-opal","20":"product_tag-kubischer-zirkoniumdioxid","21":"product_tag-sterling-silber-925","22":"product_tag-vergoldet","24":"first","25":"instock","26":"sold-individually","27":"taxable","28":"shipping-taxable","29":"purchasable","30":"product-type-simple","31":"add-to-wishlist-before_add_to_cart"},"yoast_head":"<!-- This site is optimized with the Yoast SEO plugin v27.6 - https:\/\/yoast.com\/product\/yoast-seo-wordpress\/ -->\n<title>&quot;Opal Leaves Gold Plated&quot; Schmuckset bestehend aus einer Halskette, Ohrringen und einem Armband, vergoldet, aus 925 Sterling Silber, mit blauem Opal und vielen gl\u00e4nzenden Zirkonia - Max Gold<\/title>\n<meta name=\"robots\" content=\"index, follow, max-snippet:-1, max-image-preview:large, max-video-preview:-1\" \/>\n<link rel=\"canonical\" href=\"https:\/\/maxgold.gr\/de\/shop\/opal-leaves-gold-plated-schmuckset-bestehend-aus-einer-halskette-ohrringen-und-einem-armband-vergoldet-aus-925-sterling-silber-mit-blauem-opal-und-vielen-glaenzenden-zirkonia\/\" \/>\n<meta property=\"og:locale\" content=\"de_DE\" \/>\n<meta property=\"og:type\" content=\"article\" \/>\n<meta property=\"og:title\" content=\"&quot;Opal Leaves Gold Plated&quot; Schmuckset bestehend aus einer Halskette, Ohrringen und einem Armband, vergoldet, aus 925 Sterling Silber, mit blauem Opal und vielen gl\u00e4nzenden Zirkonia - Max Gold\" \/>\n<meta property=\"og:description\" content=\"Ein Schmuckset bestehend aus einer Halskette, einem Armband und Ohrringen aus vergoldetem Sterlingsilber mit blauem synthetischem Opal und Zirkonia-Steinen bietet einen zeitlosen und raffinierten Look. Die verstellbare Kettengr\u00f6\u00dfe von 40 cm+5 cm erm\u00f6glicht eine individuelle Anpassung, w\u00e4hrend die Verstellbarkeit des Armbands von 18,5 cm-22 cm f\u00fcr Komfort sorgt. &nbsp; Armband Spezifikationen Gr\u00f6\u00dfe: 18,5cm -22,0cm, verstellbar [...]\" \/>\n<meta property=\"og:url\" content=\"https:\/\/maxgold.gr\/de\/shop\/opal-leaves-gold-plated-schmuckset-bestehend-aus-einer-halskette-ohrringen-und-einem-armband-vergoldet-aus-925-sterling-silber-mit-blauem-opal-und-vielen-glaenzenden-zirkonia\/\" \/>\n<meta property=\"og:site_name\" content=\"Max Gold\" \/>\n<meta property=\"article:publisher\" content=\"https:\/\/www.facebook.com\/people\/Max-Gold\/61561801899896\/\" \/>\n<meta property=\"article:modified_time\" content=\"2024-11-11T22:03:11+00:00\" \/>\n<meta property=\"og:image\" content=\"https:\/\/i0.wp.com\/maxgold.gr\/wp-content\/uploads\/2024\/07\/jso-2cn.jpg?fit=600%2C600&ssl=1\" \/>\n\t<meta property=\"og:image:width\" content=\"600\" \/>\n\t<meta property=\"og:image:height\" content=\"600\" \/>\n\t<meta property=\"og:image:type\" content=\"image\/jpeg\" \/>\n<meta name=\"twitter:card\" content=\"summary_large_image\" \/>\n<meta name=\"twitter:label1\" content=\"Gesch\u00e4tzte Lesezeit\" \/>\n\t<meta name=\"twitter:data1\" content=\"1\u00a0Minute\" \/>\n<script type=\"application\/ld+json\" class=\"yoast-schema-graph\">{\"@context\":\"https:\\\/\\\/schema.org\",\"@graph\":[{\"@type\":\"WebPage\",\"@id\":\"https:\\\/\\\/maxgold.gr\\\/de\\\/shop\\\/opal-leaves-gold-plated-schmuckset-bestehend-aus-einer-halskette-ohrringen-und-einem-armband-vergoldet-aus-925-sterling-silber-mit-blauem-opal-und-vielen-glaenzenden-zirkonia\\\/\",\"url\":\"https:\\\/\\\/maxgold.gr\\\/de\\\/shop\\\/opal-leaves-gold-plated-schmuckset-bestehend-aus-einer-halskette-ohrringen-und-einem-armband-vergoldet-aus-925-sterling-silber-mit-blauem-opal-und-vielen-glaenzenden-zirkonia\\\/\",\"name\":\"\\\"Opal Leaves Gold Plated\\\" Schmuckset bestehend aus einer Halskette, Ohrringen und einem Armband, vergoldet, aus 925 Sterling Silber, mit blauem Opal und vielen gl\u00e4nzenden Zirkonia - Max Gold\",\"isPartOf\":{\"@id\":\"https:\\\/\\\/maxgold.gr\\\/de\\\/#website\"},\"primaryImageOfPage\":{\"@id\":\"https:\\\/\\\/maxgold.gr\\\/de\\\/shop\\\/opal-leaves-gold-plated-schmuckset-bestehend-aus-einer-halskette-ohrringen-und-einem-armband-vergoldet-aus-925-sterling-silber-mit-blauem-opal-und-vielen-glaenzenden-zirkonia\\\/#primaryimage\"},\"image\":{\"@id\":\"https:\\\/\\\/maxgold.gr\\\/de\\\/shop\\\/opal-leaves-gold-plated-schmuckset-bestehend-aus-einer-halskette-ohrringen-und-einem-armband-vergoldet-aus-925-sterling-silber-mit-blauem-opal-und-vielen-glaenzenden-zirkonia\\\/#primaryimage\"},\"thumbnailUrl\":\"https:\\\/\\\/i0.wp.com\\\/maxgold.gr\\\/wp-content\\\/uploads\\\/2024\\\/07\\\/jso-2cn.jpg?fit=600%2C600&ssl=1\",\"datePublished\":\"2024-07-05T18:11:20+00:00\",\"dateModified\":\"2024-11-11T22:03:11+00:00\",\"breadcrumb\":{\"@id\":\"https:\\\/\\\/maxgold.gr\\\/de\\\/shop\\\/opal-leaves-gold-plated-schmuckset-bestehend-aus-einer-halskette-ohrringen-und-einem-armband-vergoldet-aus-925-sterling-silber-mit-blauem-opal-und-vielen-glaenzenden-zirkonia\\\/#breadcrumb\"},\"inLanguage\":\"de\",\"potentialAction\":[{\"@type\":\"ReadAction\",\"target\":[\"https:\\\/\\\/maxgold.gr\\\/de\\\/shop\\\/opal-leaves-gold-plated-schmuckset-bestehend-aus-einer-halskette-ohrringen-und-einem-armband-vergoldet-aus-925-sterling-silber-mit-blauem-opal-und-vielen-glaenzenden-zirkonia\\\/\"]}]},{\"@type\":\"ImageObject\",\"inLanguage\":\"de\",\"@id\":\"https:\\\/\\\/maxgold.gr\\\/de\\\/shop\\\/opal-leaves-gold-plated-schmuckset-bestehend-aus-einer-halskette-ohrringen-und-einem-armband-vergoldet-aus-925-sterling-silber-mit-blauem-opal-und-vielen-glaenzenden-zirkonia\\\/#primaryimage\",\"url\":\"https:\\\/\\\/i0.wp.com\\\/maxgold.gr\\\/wp-content\\\/uploads\\\/2024\\\/07\\\/jso-2cn.jpg?fit=600%2C600&ssl=1\",\"contentUrl\":\"https:\\\/\\\/i0.wp.com\\\/maxgold.gr\\\/wp-content\\\/uploads\\\/2024\\\/07\\\/jso-2cn.jpg?fit=600%2C600&ssl=1\",\"width\":600,\"height\":600},{\"@type\":\"BreadcrumbList\",\"@id\":\"https:\\\/\\\/maxgold.gr\\\/de\\\/shop\\\/opal-leaves-gold-plated-schmuckset-bestehend-aus-einer-halskette-ohrringen-und-einem-armband-vergoldet-aus-925-sterling-silber-mit-blauem-opal-und-vielen-glaenzenden-zirkonia\\\/#breadcrumb\",\"itemListElement\":[{\"@type\":\"ListItem\",\"position\":1,\"name\":\"Home\",\"item\":\"https:\\\/\\\/maxgold.gr\\\/de\\\/\"},{\"@type\":\"ListItem\",\"position\":2,\"name\":\"Gesch\u00e4ft\",\"item\":\"https:\\\/\\\/maxgold.gr\\\/de\\\/%ce%ba%ce%b1%cf%84%ce%ac%cf%83%cf%84%ce%b7%ce%bc%ce%b1\\\/\"},{\"@type\":\"ListItem\",\"position\":3,\"name\":\"&#8220;Opal Leaves Gold Plated&#8221; Schmuckset bestehend aus einer Halskette, Ohrringen und einem Armband, vergoldet, aus 925 Sterling Silber, mit blauem Opal und vielen gl\u00e4nzenden Zirkonia\"}]},{\"@type\":\"WebSite\",\"@id\":\"https:\\\/\\\/maxgold.gr\\\/de\\\/#website\",\"url\":\"https:\\\/\\\/maxgold.gr\\\/de\\\/\",\"name\":\"Max Gold\",\"description\":\"Max Gold\",\"potentialAction\":[{\"@type\":\"SearchAction\",\"target\":{\"@type\":\"EntryPoint\",\"urlTemplate\":\"https:\\\/\\\/maxgold.gr\\\/de\\\/?s={search_term_string}\"},\"query-input\":{\"@type\":\"PropertyValueSpecification\",\"valueRequired\":true,\"valueName\":\"search_term_string\"}}],\"inLanguage\":\"de\"}]}<\/script>\n<!-- \/ Yoast SEO plugin. -->","yoast_head_json":{"title":"\"Opal Leaves Gold Plated\" Schmuckset bestehend aus einer Halskette, Ohrringen und einem Armband, vergoldet, aus 925 Sterling Silber, mit blauem Opal und vielen gl\u00e4nzenden Zirkonia - Max Gold","robots":{"index":"index","follow":"follow","max-snippet":"max-snippet:-1","max-image-preview":"max-image-preview:large","max-video-preview":"max-video-preview:-1"},"canonical":"https:\/\/maxgold.gr\/de\/shop\/opal-leaves-gold-plated-schmuckset-bestehend-aus-einer-halskette-ohrringen-und-einem-armband-vergoldet-aus-925-sterling-silber-mit-blauem-opal-und-vielen-glaenzenden-zirkonia\/","og_locale":"de_DE","og_type":"article","og_title":"\"Opal Leaves Gold Plated\" Schmuckset bestehend aus einer Halskette, Ohrringen und einem Armband, vergoldet, aus 925 Sterling Silber, mit blauem Opal und vielen gl\u00e4nzenden Zirkonia - Max Gold","og_description":"Ein Schmuckset bestehend aus einer Halskette, einem Armband und Ohrringen aus vergoldetem Sterlingsilber mit blauem synthetischem Opal und Zirkonia-Steinen bietet einen zeitlosen und raffinierten Look. Die verstellbare Kettengr\u00f6\u00dfe von 40 cm+5 cm erm\u00f6glicht eine individuelle Anpassung, w\u00e4hrend die Verstellbarkeit des Armbands von 18,5 cm-22 cm f\u00fcr Komfort sorgt. &nbsp; Armband Spezifikationen Gr\u00f6\u00dfe: 18,5cm -22,0cm, verstellbar [...]","og_url":"https:\/\/maxgold.gr\/de\/shop\/opal-leaves-gold-plated-schmuckset-bestehend-aus-einer-halskette-ohrringen-und-einem-armband-vergoldet-aus-925-sterling-silber-mit-blauem-opal-und-vielen-glaenzenden-zirkonia\/","og_site_name":"Max Gold","article_publisher":"https:\/\/www.facebook.com\/people\/Max-Gold\/61561801899896\/","article_modified_time":"2024-11-11T22:03:11+00:00","og_image":[{"width":600,"height":600,"url":"https:\/\/i0.wp.com\/maxgold.gr\/wp-content\/uploads\/2024\/07\/jso-2cn.jpg?fit=600%2C600&ssl=1","type":"image\/jpeg"}],"twitter_card":"summary_large_image","twitter_misc":{"Gesch\u00e4tzte Lesezeit":"1\u00a0Minute"},"schema":{"@context":"https:\/\/schema.org","@graph":[{"@type":"WebPage","@id":"https:\/\/maxgold.gr\/de\/shop\/opal-leaves-gold-plated-schmuckset-bestehend-aus-einer-halskette-ohrringen-und-einem-armband-vergoldet-aus-925-sterling-silber-mit-blauem-opal-und-vielen-glaenzenden-zirkonia\/","url":"https:\/\/maxgold.gr\/de\/shop\/opal-leaves-gold-plated-schmuckset-bestehend-aus-einer-halskette-ohrringen-und-einem-armband-vergoldet-aus-925-sterling-silber-mit-blauem-opal-und-vielen-glaenzenden-zirkonia\/","name":"\"Opal Leaves Gold Plated\" Schmuckset bestehend aus einer Halskette, Ohrringen und einem Armband, vergoldet, aus 925 Sterling Silber, mit blauem Opal und vielen gl\u00e4nzenden Zirkonia - Max Gold","isPartOf":{"@id":"https:\/\/maxgold.gr\/de\/#website"},"primaryImageOfPage":{"@id":"https:\/\/maxgold.gr\/de\/shop\/opal-leaves-gold-plated-schmuckset-bestehend-aus-einer-halskette-ohrringen-und-einem-armband-vergoldet-aus-925-sterling-silber-mit-blauem-opal-und-vielen-glaenzenden-zirkonia\/#primaryimage"},"image":{"@id":"https:\/\/maxgold.gr\/de\/shop\/opal-leaves-gold-plated-schmuckset-bestehend-aus-einer-halskette-ohrringen-und-einem-armband-vergoldet-aus-925-sterling-silber-mit-blauem-opal-und-vielen-glaenzenden-zirkonia\/#primaryimage"},"thumbnailUrl":"https:\/\/i0.wp.com\/maxgold.gr\/wp-content\/uploads\/2024\/07\/jso-2cn.jpg?fit=600%2C600&ssl=1","datePublished":"2024-07-05T18:11:20+00:00","dateModified":"2024-11-11T22:03:11+00:00","breadcrumb":{"@id":"https:\/\/maxgold.gr\/de\/shop\/opal-leaves-gold-plated-schmuckset-bestehend-aus-einer-halskette-ohrringen-und-einem-armband-vergoldet-aus-925-sterling-silber-mit-blauem-opal-und-vielen-glaenzenden-zirkonia\/#breadcrumb"},"inLanguage":"de","potentialAction":[{"@type":"ReadAction","target":["https:\/\/maxgold.gr\/de\/shop\/opal-leaves-gold-plated-schmuckset-bestehend-aus-einer-halskette-ohrringen-und-einem-armband-vergoldet-aus-925-sterling-silber-mit-blauem-opal-und-vielen-glaenzenden-zirkonia\/"]}]},{"@type":"ImageObject","inLanguage":"de","@id":"https:\/\/maxgold.gr\/de\/shop\/opal-leaves-gold-plated-schmuckset-bestehend-aus-einer-halskette-ohrringen-und-einem-armband-vergoldet-aus-925-sterling-silber-mit-blauem-opal-und-vielen-glaenzenden-zirkonia\/#primaryimage","url":"https:\/\/i0.wp.com\/maxgold.gr\/wp-content\/uploads\/2024\/07\/jso-2cn.jpg?fit=600%2C600&ssl=1","contentUrl":"https:\/\/i0.wp.com\/maxgold.gr\/wp-content\/uploads\/2024\/07\/jso-2cn.jpg?fit=600%2C600&ssl=1","width":600,"height":600},{"@type":"BreadcrumbList","@id":"https:\/\/maxgold.gr\/de\/shop\/opal-leaves-gold-plated-schmuckset-bestehend-aus-einer-halskette-ohrringen-und-einem-armband-vergoldet-aus-925-sterling-silber-mit-blauem-opal-und-vielen-glaenzenden-zirkonia\/#breadcrumb","itemListElement":[{"@type":"ListItem","position":1,"name":"Home","item":"https:\/\/maxgold.gr\/de\/"},{"@type":"ListItem","position":2,"name":"Gesch\u00e4ft","item":"https:\/\/maxgold.gr\/de\/%ce%ba%ce%b1%cf%84%ce%ac%cf%83%cf%84%ce%b7%ce%bc%ce%b1\/"},{"@type":"ListItem","position":3,"name":"&#8220;Opal Leaves Gold Plated&#8221; Schmuckset bestehend aus einer Halskette, Ohrringen und einem Armband, vergoldet, aus 925 Sterling Silber, mit blauem Opal und vielen gl\u00e4nzenden Zirkonia"}]},{"@type":"WebSite","@id":"https:\/\/maxgold.gr\/de\/#website","url":"https:\/\/maxgold.gr\/de\/","name":"Max Gold","description":"Max Gold","potentialAction":[{"@type":"SearchAction","target":{"@type":"EntryPoint","urlTemplate":"https:\/\/maxgold.gr\/de\/?s={search_term_string}"},"query-input":{"@type":"PropertyValueSpecification","valueRequired":true,"valueName":"search_term_string"}}],"inLanguage":"de"}]}},"jetpack_sharing_enabled":true,"_links":{"self":[{"href":"https:\/\/maxgold.gr\/de\/wp-json\/wp\/v2\/product\/4187","targetHints":{"allow":["GET"]}}],"collection":[{"href":"https:\/\/maxgold.gr\/de\/wp-json\/wp\/v2\/product"}],"about":[{"href":"https:\/\/maxgold.gr\/de\/wp-json\/wp\/v2\/types\/product"}],"replies":[{"embeddable":true,"href":"https:\/\/maxgold.gr\/de\/wp-json\/wp\/v2\/comments?post=4187"}],"wp:featuredmedia":[{"embeddable":true,"href":"https:\/\/maxgold.gr\/de\/wp-json\/wp\/v2\/media\/4188"}],"wp:attachment":[{"href":"https:\/\/maxgold.gr\/de\/wp-json\/wp\/v2\/media?parent=4187"}],"wp:term":[{"taxonomy":"product_brand","embeddable":true,"href":"https:\/\/maxgold.gr\/de\/wp-json\/wp\/v2\/product_brand?post=4187"},{"taxonomy":"product_cat","embeddable":true,"href":"https:\/\/maxgold.gr\/de\/wp-json\/wp\/v2\/product_cat?post=4187"},{"taxonomy":"product_tag","embeddable":true,"href":"https:\/\/maxgold.gr\/de\/wp-json\/wp\/v2\/product_tag?post=4187"}],"curies":[{"name":"wp","href":"https:\/\/api.w.org\/{rel}","templated":true}]}}