{"id":4228,"date":"2024-05-18T00:42:35","date_gmt":"2024-05-17T21:42:35","guid":{"rendered":"https:\/\/maxgold.gr\/shop\/griechisches-evil-eye-armband-cz-cross-cz-evil-eye-silver-aus-925-sterling-silber-mit-zirkonia\/"},"modified":"2024-05-18T00:42:35","modified_gmt":"2024-05-17T21:42:35","slug":"griechisches-evil-eye-armband-cz-cross-cz-evil-eye-silver-aus-925-sterling-silber-mit-zirkonia","status":"publish","type":"product","link":"https:\/\/maxgold.gr\/de\/shop\/griechisches-evil-eye-armband-cz-cross-cz-evil-eye-silver-aus-925-sterling-silber-mit-zirkonia\/","title":{"rendered":"Griechisches Evil Eye Armband &#8222;CZ Cross &amp; CZ Evil Eye Silver&#8220;, aus 925 Sterling Silber, mit Zirkonia"},"content":{"rendered":"<p>Das wundersch\u00f6ne &#8222;CZ Cross &amp; CZ Evil Eye&#8220; Armband mit einem b\u00f6sen Auge und einem Kreuz voller Zirkonia ist ein atemberaubendes St\u00fcck aus 925er Sterlingsilber. Die verstellbare Gr\u00f6\u00dfe macht es vielseitig f\u00fcr verschiedene Handgelenksgr\u00f6\u00dfen einsetzbar und macht es zu einem perfekten Accessoire f\u00fcr jedes Outfit.<\/p>\n<p>Dieses tolle Armband ist sowohl f\u00fcr Kinder als auch f\u00fcr Erwachsene geeignet. Die verstellbare Gr\u00f6\u00dfe erm\u00f6glicht eine bequeme Passform f\u00fcr eine Vielzahl von Altersgruppen und macht es zu einem vielseitigen Accessoire f\u00fcr jeden Anlass. <\/p>\n<p>Das gleiche Armband finden Sie auch Rose Vergoldet unter dem folgenden Link: <\/p>\n<p><a href=\"https:\/\/maxgold.gr\/shop\/greek-evil-eye-bracelet-cz-cross-cz-evil-eye-rose-made-of-925-sterling-silver-rose-gold-plated-with-zirconia\/\">Greek Evil Eye Bracelet \u201cCZ Cross &amp; CZ Evil Eye Rose\u201d, made of 925 Sterling Silver, Rose Gold Plated with Zirconia<\/a><\/p>\n<p>&nbsp;<\/p>\n<p>&nbsp;<\/p>\n<h4><strong>Produktdetails<\/strong><\/h4>\n<p><strong>Gr\u00f6\u00dfe des Armbands: <\/strong>14,5cm -17,5cm, verstellbar<strong><br \/>\n<\/strong><\/p>\n<p><strong>Edelstein:<\/strong> Kubischer Zirkonia<\/p>\n<p><strong>Gr\u00f6\u00dfe des Motivs (Kreuz): <\/strong>1cm x 0,5cm x 0,2cm<\/p>\n<p><strong>Gr\u00f6\u00dfe des Motivs (B\u00f6ses Auge): <\/strong>0,5cm x 0,5cm x 0,2cm<\/p>\n<p><strong>Metall:<\/strong> Sterling Silber (925)<\/p>\n<p><strong>Metallstempel:<\/strong> 925<\/p>\n<p><strong>Beschichtung: <\/strong>Rhodium<\/p>\n<p><strong>Verschluss: <\/strong>Federring<strong><br \/>\n<\/strong><\/p>\n<p>&nbsp;<\/p>\n","protected":false},"excerpt":{"rendered":"<p>Das wundersch\u00f6ne &#8222;CZ Cross &amp; CZ Evil Eye&#8220; Armband mit einem b\u00f6sen Auge und einem Kreuz voller Zirkonia ist ein atemberaubendes St\u00fcck aus 925er Sterlingsilber. Die verstellbare Gr\u00f6\u00dfe macht es vielseitig f\u00fcr verschiedene Handgelenksgr\u00f6\u00dfen einsetzbar und macht es zu einem perfekten Accessoire f\u00fcr jedes Outfit. Dieses tolle Armband ist sowohl f\u00fcr Kinder als auch f\u00fcr [&#8230;]\n","protected":false},"featured_media":4229,"comment_status":"open","ping_status":"closed","template":"","meta":[],"product_brand":[],"product_cat":[485,439,446,487,490,741,463,464,434,432,726,435],"product_tag":[449,570,448,442,551],"class_list":{"0":"post-4228","1":"product","2":"type-product","3":"status-publish","4":"has-post-thumbnail","6":"product_cat-armbander","7":"product_cat-damenschmuck","8":"product_cat-griechisches-auge-kollektion","9":"product_cat-kettenarmbaender","10":"product_cat-kettenarmbander-silber","11":"product_cat-kinderarmbaender","12":"product_cat-kinderschmuck","13":"product_cat-kreuzen","14":"product_cat-metall","15":"product_cat-neu-ankommen","16":"product_cat-silber","17":"product_cat-sterling-silber-925","18":"product_tag-griechisches-boses-auge-kollektion","19":"product_tag-kreuze","20":"product_tag-kubischer-zirkoniumdioxid","21":"product_tag-sterling-silber-925","22":"product_tag-verstellbar","24":"first","25":"instock","26":"taxable","27":"shipping-taxable","28":"purchasable","29":"product-type-simple","30":"add-to-wishlist-before_add_to_cart"},"yoast_head":"<!-- This site is optimized with the Yoast SEO plugin v27.5 - https:\/\/yoast.com\/product\/yoast-seo-wordpress\/ -->\n<title>Griechisches Evil Eye Armband &quot;CZ Cross &amp; CZ Evil Eye Silver&quot;, aus 925 Sterling Silber, mit Zirkonia - Max Gold<\/title>\n<meta name=\"robots\" content=\"index, follow, max-snippet:-1, max-image-preview:large, max-video-preview:-1\" \/>\n<link rel=\"canonical\" href=\"https:\/\/maxgold.gr\/de\/shop\/griechisches-evil-eye-armband-cz-cross-cz-evil-eye-silver-aus-925-sterling-silber-mit-zirkonia\/\" \/>\n<meta property=\"og:locale\" content=\"de_DE\" \/>\n<meta property=\"og:type\" content=\"article\" \/>\n<meta property=\"og:title\" content=\"Griechisches Evil Eye Armband &quot;CZ Cross &amp; CZ Evil Eye Silver&quot;, aus 925 Sterling Silber, mit Zirkonia - Max Gold\" \/>\n<meta property=\"og:description\" content=\"Das wundersch\u00f6ne &#8222;CZ Cross &amp; CZ Evil Eye&#8220; Armband mit einem b\u00f6sen Auge und einem Kreuz voller Zirkonia ist ein atemberaubendes St\u00fcck aus 925er Sterlingsilber. Die verstellbare Gr\u00f6\u00dfe macht es vielseitig f\u00fcr verschiedene Handgelenksgr\u00f6\u00dfen einsetzbar und macht es zu einem perfekten Accessoire f\u00fcr jedes Outfit. Dieses tolle Armband ist sowohl f\u00fcr Kinder als auch f\u00fcr [...]\" \/>\n<meta property=\"og:url\" content=\"https:\/\/maxgold.gr\/de\/shop\/griechisches-evil-eye-armband-cz-cross-cz-evil-eye-silver-aus-925-sterling-silber-mit-zirkonia\/\" \/>\n<meta property=\"og:site_name\" content=\"Max Gold\" \/>\n<meta property=\"article:publisher\" content=\"https:\/\/www.facebook.com\/people\/Max-Gold\/61561801899896\/\" \/>\n<meta property=\"og:image\" content=\"https:\/\/maxgold.gr\/wp-content\/uploads\/2024\/05\/be3b.jpg\" \/>\n\t<meta property=\"og:image:width\" content=\"600\" \/>\n\t<meta property=\"og:image:height\" content=\"600\" \/>\n\t<meta property=\"og:image:type\" content=\"image\/jpeg\" \/>\n<meta name=\"twitter:card\" content=\"summary_large_image\" \/>\n<meta name=\"twitter:label1\" content=\"Gesch\u00e4tzte Lesezeit\" \/>\n\t<meta name=\"twitter:data1\" content=\"1\u00a0Minute\" \/>\n<script type=\"application\/ld+json\" class=\"yoast-schema-graph\">{\"@context\":\"https:\\\/\\\/schema.org\",\"@graph\":[{\"@type\":\"WebPage\",\"@id\":\"https:\\\/\\\/maxgold.gr\\\/de\\\/shop\\\/griechisches-evil-eye-armband-cz-cross-cz-evil-eye-silver-aus-925-sterling-silber-mit-zirkonia\\\/\",\"url\":\"https:\\\/\\\/maxgold.gr\\\/de\\\/shop\\\/griechisches-evil-eye-armband-cz-cross-cz-evil-eye-silver-aus-925-sterling-silber-mit-zirkonia\\\/\",\"name\":\"Griechisches Evil Eye Armband \\\"CZ Cross &amp; CZ Evil Eye Silver\\\", aus 925 Sterling Silber, mit Zirkonia - Max Gold\",\"isPartOf\":{\"@id\":\"https:\\\/\\\/maxgold.gr\\\/de\\\/#website\"},\"primaryImageOfPage\":{\"@id\":\"https:\\\/\\\/maxgold.gr\\\/de\\\/shop\\\/griechisches-evil-eye-armband-cz-cross-cz-evil-eye-silver-aus-925-sterling-silber-mit-zirkonia\\\/#primaryimage\"},\"image\":{\"@id\":\"https:\\\/\\\/maxgold.gr\\\/de\\\/shop\\\/griechisches-evil-eye-armband-cz-cross-cz-evil-eye-silver-aus-925-sterling-silber-mit-zirkonia\\\/#primaryimage\"},\"thumbnailUrl\":\"https:\\\/\\\/i0.wp.com\\\/maxgold.gr\\\/wp-content\\\/uploads\\\/2024\\\/05\\\/be3b.jpg?fit=600%2C600&ssl=1\",\"datePublished\":\"2024-05-17T21:42:35+00:00\",\"breadcrumb\":{\"@id\":\"https:\\\/\\\/maxgold.gr\\\/de\\\/shop\\\/griechisches-evil-eye-armband-cz-cross-cz-evil-eye-silver-aus-925-sterling-silber-mit-zirkonia\\\/#breadcrumb\"},\"inLanguage\":\"de\",\"potentialAction\":[{\"@type\":\"ReadAction\",\"target\":[\"https:\\\/\\\/maxgold.gr\\\/de\\\/shop\\\/griechisches-evil-eye-armband-cz-cross-cz-evil-eye-silver-aus-925-sterling-silber-mit-zirkonia\\\/\"]}]},{\"@type\":\"ImageObject\",\"inLanguage\":\"de\",\"@id\":\"https:\\\/\\\/maxgold.gr\\\/de\\\/shop\\\/griechisches-evil-eye-armband-cz-cross-cz-evil-eye-silver-aus-925-sterling-silber-mit-zirkonia\\\/#primaryimage\",\"url\":\"https:\\\/\\\/i0.wp.com\\\/maxgold.gr\\\/wp-content\\\/uploads\\\/2024\\\/05\\\/be3b.jpg?fit=600%2C600&ssl=1\",\"contentUrl\":\"https:\\\/\\\/i0.wp.com\\\/maxgold.gr\\\/wp-content\\\/uploads\\\/2024\\\/05\\\/be3b.jpg?fit=600%2C600&ssl=1\",\"width\":600,\"height\":600,\"caption\":\"Silver Greek Evil Eye Bracelet \\\"CZ Cross & CZ Evil Eye Silver\\\"\"},{\"@type\":\"BreadcrumbList\",\"@id\":\"https:\\\/\\\/maxgold.gr\\\/de\\\/shop\\\/griechisches-evil-eye-armband-cz-cross-cz-evil-eye-silver-aus-925-sterling-silber-mit-zirkonia\\\/#breadcrumb\",\"itemListElement\":[{\"@type\":\"ListItem\",\"position\":1,\"name\":\"Home\",\"item\":\"https:\\\/\\\/maxgold.gr\\\/de\\\/startseite\\\/\"},{\"@type\":\"ListItem\",\"position\":2,\"name\":\"Gesch\u00e4ft\",\"item\":\"https:\\\/\\\/maxgold.gr\\\/de\\\/%ce%ba%ce%b1%cf%84%ce%ac%cf%83%cf%84%ce%b7%ce%bc%ce%b1\\\/\"},{\"@type\":\"ListItem\",\"position\":3,\"name\":\"Griechisches Evil Eye Armband &#8220;CZ Cross &amp; CZ Evil Eye Silver&#8221;, aus 925 Sterling Silber, mit Zirkonia\"}]},{\"@type\":\"WebSite\",\"@id\":\"https:\\\/\\\/maxgold.gr\\\/de\\\/#website\",\"url\":\"https:\\\/\\\/maxgold.gr\\\/de\\\/\",\"name\":\"Max Gold\",\"description\":\"Max Gold\",\"potentialAction\":[{\"@type\":\"SearchAction\",\"target\":{\"@type\":\"EntryPoint\",\"urlTemplate\":\"https:\\\/\\\/maxgold.gr\\\/de\\\/?s={search_term_string}\"},\"query-input\":{\"@type\":\"PropertyValueSpecification\",\"valueRequired\":true,\"valueName\":\"search_term_string\"}}],\"inLanguage\":\"de\"}]}<\/script>\n<!-- \/ Yoast SEO plugin. -->","yoast_head_json":{"title":"Griechisches Evil Eye Armband \"CZ Cross &amp; CZ Evil Eye Silver\", aus 925 Sterling Silber, mit Zirkonia - Max Gold","robots":{"index":"index","follow":"follow","max-snippet":"max-snippet:-1","max-image-preview":"max-image-preview:large","max-video-preview":"max-video-preview:-1"},"canonical":"https:\/\/maxgold.gr\/de\/shop\/griechisches-evil-eye-armband-cz-cross-cz-evil-eye-silver-aus-925-sterling-silber-mit-zirkonia\/","og_locale":"de_DE","og_type":"article","og_title":"Griechisches Evil Eye Armband \"CZ Cross &amp; CZ Evil Eye Silver\", aus 925 Sterling Silber, mit Zirkonia - Max Gold","og_description":"Das wundersch\u00f6ne &#8222;CZ Cross &amp; CZ Evil Eye&#8220; Armband mit einem b\u00f6sen Auge und einem Kreuz voller Zirkonia ist ein atemberaubendes St\u00fcck aus 925er Sterlingsilber. Die verstellbare Gr\u00f6\u00dfe macht es vielseitig f\u00fcr verschiedene Handgelenksgr\u00f6\u00dfen einsetzbar und macht es zu einem perfekten Accessoire f\u00fcr jedes Outfit. Dieses tolle Armband ist sowohl f\u00fcr Kinder als auch f\u00fcr [...]","og_url":"https:\/\/maxgold.gr\/de\/shop\/griechisches-evil-eye-armband-cz-cross-cz-evil-eye-silver-aus-925-sterling-silber-mit-zirkonia\/","og_site_name":"Max Gold","article_publisher":"https:\/\/www.facebook.com\/people\/Max-Gold\/61561801899896\/","og_image":[{"width":600,"height":600,"url":"https:\/\/maxgold.gr\/wp-content\/uploads\/2024\/05\/be3b.jpg","type":"image\/jpeg"}],"twitter_card":"summary_large_image","twitter_misc":{"Gesch\u00e4tzte Lesezeit":"1\u00a0Minute"},"schema":{"@context":"https:\/\/schema.org","@graph":[{"@type":"WebPage","@id":"https:\/\/maxgold.gr\/de\/shop\/griechisches-evil-eye-armband-cz-cross-cz-evil-eye-silver-aus-925-sterling-silber-mit-zirkonia\/","url":"https:\/\/maxgold.gr\/de\/shop\/griechisches-evil-eye-armband-cz-cross-cz-evil-eye-silver-aus-925-sterling-silber-mit-zirkonia\/","name":"Griechisches Evil Eye Armband \"CZ Cross &amp; CZ Evil Eye Silver\", aus 925 Sterling Silber, mit Zirkonia - Max Gold","isPartOf":{"@id":"https:\/\/maxgold.gr\/de\/#website"},"primaryImageOfPage":{"@id":"https:\/\/maxgold.gr\/de\/shop\/griechisches-evil-eye-armband-cz-cross-cz-evil-eye-silver-aus-925-sterling-silber-mit-zirkonia\/#primaryimage"},"image":{"@id":"https:\/\/maxgold.gr\/de\/shop\/griechisches-evil-eye-armband-cz-cross-cz-evil-eye-silver-aus-925-sterling-silber-mit-zirkonia\/#primaryimage"},"thumbnailUrl":"https:\/\/i0.wp.com\/maxgold.gr\/wp-content\/uploads\/2024\/05\/be3b.jpg?fit=600%2C600&ssl=1","datePublished":"2024-05-17T21:42:35+00:00","breadcrumb":{"@id":"https:\/\/maxgold.gr\/de\/shop\/griechisches-evil-eye-armband-cz-cross-cz-evil-eye-silver-aus-925-sterling-silber-mit-zirkonia\/#breadcrumb"},"inLanguage":"de","potentialAction":[{"@type":"ReadAction","target":["https:\/\/maxgold.gr\/de\/shop\/griechisches-evil-eye-armband-cz-cross-cz-evil-eye-silver-aus-925-sterling-silber-mit-zirkonia\/"]}]},{"@type":"ImageObject","inLanguage":"de","@id":"https:\/\/maxgold.gr\/de\/shop\/griechisches-evil-eye-armband-cz-cross-cz-evil-eye-silver-aus-925-sterling-silber-mit-zirkonia\/#primaryimage","url":"https:\/\/i0.wp.com\/maxgold.gr\/wp-content\/uploads\/2024\/05\/be3b.jpg?fit=600%2C600&ssl=1","contentUrl":"https:\/\/i0.wp.com\/maxgold.gr\/wp-content\/uploads\/2024\/05\/be3b.jpg?fit=600%2C600&ssl=1","width":600,"height":600,"caption":"Silver Greek Evil Eye Bracelet \"CZ Cross & CZ Evil Eye Silver\""},{"@type":"BreadcrumbList","@id":"https:\/\/maxgold.gr\/de\/shop\/griechisches-evil-eye-armband-cz-cross-cz-evil-eye-silver-aus-925-sterling-silber-mit-zirkonia\/#breadcrumb","itemListElement":[{"@type":"ListItem","position":1,"name":"Home","item":"https:\/\/maxgold.gr\/de\/startseite\/"},{"@type":"ListItem","position":2,"name":"Gesch\u00e4ft","item":"https:\/\/maxgold.gr\/de\/%ce%ba%ce%b1%cf%84%ce%ac%cf%83%cf%84%ce%b7%ce%bc%ce%b1\/"},{"@type":"ListItem","position":3,"name":"Griechisches Evil Eye Armband &#8220;CZ Cross &amp; CZ Evil Eye Silver&#8221;, aus 925 Sterling Silber, mit Zirkonia"}]},{"@type":"WebSite","@id":"https:\/\/maxgold.gr\/de\/#website","url":"https:\/\/maxgold.gr\/de\/","name":"Max Gold","description":"Max Gold","potentialAction":[{"@type":"SearchAction","target":{"@type":"EntryPoint","urlTemplate":"https:\/\/maxgold.gr\/de\/?s={search_term_string}"},"query-input":{"@type":"PropertyValueSpecification","valueRequired":true,"valueName":"search_term_string"}}],"inLanguage":"de"}]}},"jetpack_sharing_enabled":true,"_links":{"self":[{"href":"https:\/\/maxgold.gr\/de\/wp-json\/wp\/v2\/product\/4228","targetHints":{"allow":["GET"]}}],"collection":[{"href":"https:\/\/maxgold.gr\/de\/wp-json\/wp\/v2\/product"}],"about":[{"href":"https:\/\/maxgold.gr\/de\/wp-json\/wp\/v2\/types\/product"}],"replies":[{"embeddable":true,"href":"https:\/\/maxgold.gr\/de\/wp-json\/wp\/v2\/comments?post=4228"}],"wp:featuredmedia":[{"embeddable":true,"href":"https:\/\/maxgold.gr\/de\/wp-json\/wp\/v2\/media\/4229"}],"wp:attachment":[{"href":"https:\/\/maxgold.gr\/de\/wp-json\/wp\/v2\/media?parent=4228"}],"wp:term":[{"taxonomy":"product_brand","embeddable":true,"href":"https:\/\/maxgold.gr\/de\/wp-json\/wp\/v2\/product_brand?post=4228"},{"taxonomy":"product_cat","embeddable":true,"href":"https:\/\/maxgold.gr\/de\/wp-json\/wp\/v2\/product_cat?post=4228"},{"taxonomy":"product_tag","embeddable":true,"href":"https:\/\/maxgold.gr\/de\/wp-json\/wp\/v2\/product_tag?post=4228"}],"curies":[{"name":"wp","href":"https:\/\/api.w.org\/{rel}","templated":true}]}}