{"id":4233,"date":"2024-11-13T00:39:30","date_gmt":"2024-11-12T21:39:30","guid":{"rendered":"https:\/\/maxgold.gr\/?post_type=product&#038;p=4233"},"modified":"2024-11-13T02:27:45","modified_gmt":"2024-11-12T23:27:45","slug":"anhanger-pinky-sun-aus-925-sterlingsilber-mit-rosa-opalstein-copy","status":"publish","type":"product","link":"https:\/\/maxgold.gr\/de\/shop\/anhanger-pinky-sun-aus-925-sterlingsilber-mit-rosa-opalstein-copy\/","title":{"rendered":"&#8222;Pink Butterfly&#8220; Halskette mit Anh\u00e4nger f\u00fcr Kinder, aus 925 Sterling Silber, mit Rosa Opalsteinen"},"content":{"rendered":"<p>Erfreuen Sie Ihre Kleinen mit unserer bezaubernden rosa Schmetterlingsanh\u00e4nger-Halskette. Dieses bezaubernde St\u00fcck aus hochwertigem 925er Sterlingsilber ist perfekt f\u00fcr Kinder. Die Halskette ist mit h\u00fcbschen rosa Opalsteinen besetzt, die im Licht wundersch\u00f6n glitzern. Sie ist das perfekte Geschenk f\u00fcr jeden Anlass. <\/p>\n<p>&nbsp;<\/p>\n<p><strong>Produktdetails<\/strong><\/p>\n<p><strong>Abmessungen des Anh\u00e4ngers:<\/strong> 0,5cm hoch x 1.4cm breit x 0.2cm tief<\/p>\n<p><strong>Anh\u00e4nger Edelstein: <\/strong>Rosa Synthetischer Opal<\/p>\n<p><strong>Kettentyp: <\/strong>Anker<\/p>\n<p><strong>Kettenl\u00e4nge:<\/strong> 35+5cm, verstellbar<\/p>\n<p><strong>Metall:<\/strong> Sterling Silber (925)<\/p>\n<p><strong>Metallstempel:<\/strong> 925<\/p>\n<p><strong>Beschichtung: <\/strong>Rhodium<\/p>\n<p><strong>Verschluss: <\/strong>Federring<\/p>\n","protected":false},"excerpt":{"rendered":"<p>Erfreuen Sie Ihre Kleinen mit unserer bezaubernden rosa Schmetterlingsanh\u00e4nger-Halskette. Dieses bezaubernde St\u00fcck aus hochwertigem 925er Sterlingsilber ist perfekt f\u00fcr Kinder. Die Halskette ist mit h\u00fcbschen rosa Opalsteinen besetzt, die im Licht wundersch\u00f6n glitzern. Sie ist das perfekte Geschenk f\u00fcr jeden Anlass. &nbsp; Produktdetails Abmessungen des Anh\u00e4ngers: 0,5cm hoch x 1.4cm breit x 0.2cm tief Anh\u00e4nger [&#8230;]\n","protected":false},"featured_media":4236,"comment_status":"open","ping_status":"closed","template":"","meta":[],"product_brand":[],"product_cat":[525,712,463,434,432,726,435,466],"product_tag":[632,637,597,598,564,442],"class_list":{"0":"post-4233","1":"product","2":"type-product","3":"status-publish","4":"has-post-thumbnail","6":"product_cat-halsketten-mit-anhaenger","7":"product_cat-kinder-halskette-mit-anhanger","8":"product_cat-kinderschmuck","9":"product_cat-metall","10":"product_cat-neu-ankommen","11":"product_cat-silber","12":"product_cat-sterling-silber-925","13":"product_cat-suesse-tiere","14":"product_tag-halskette-mit-anhanger-fur-kinder","15":"product_tag-kinderschmuck","16":"product_tag-rosa","17":"product_tag-rosa-opal","18":"product_tag-schmetterlinge","19":"product_tag-sterling-silber-925","21":"first","22":"instock","23":"taxable","24":"shipping-taxable","25":"purchasable","26":"product-type-simple","27":"add-to-wishlist-before_add_to_cart"},"yoast_head":"<!-- This site is optimized with the Yoast SEO plugin v27.5 - https:\/\/yoast.com\/product\/yoast-seo-wordpress\/ -->\n<title>&quot;Pink Butterfly&quot; Halskette mit Anh\u00e4nger f\u00fcr Kinder, aus 925 Sterling Silber, mit Rosa Opalsteinen - Max Gold<\/title>\n<meta name=\"robots\" content=\"index, follow, max-snippet:-1, max-image-preview:large, max-video-preview:-1\" \/>\n<link rel=\"canonical\" href=\"https:\/\/maxgold.gr\/de\/shop\/anhanger-pinky-sun-aus-925-sterlingsilber-mit-rosa-opalstein-copy\/\" \/>\n<meta property=\"og:locale\" content=\"de_DE\" \/>\n<meta property=\"og:type\" content=\"article\" \/>\n<meta property=\"og:title\" content=\"&quot;Pink Butterfly&quot; Halskette mit Anh\u00e4nger f\u00fcr Kinder, aus 925 Sterling Silber, mit Rosa Opalsteinen - Max Gold\" \/>\n<meta property=\"og:description\" content=\"Erfreuen Sie Ihre Kleinen mit unserer bezaubernden rosa Schmetterlingsanh\u00e4nger-Halskette. Dieses bezaubernde St\u00fcck aus hochwertigem 925er Sterlingsilber ist perfekt f\u00fcr Kinder. Die Halskette ist mit h\u00fcbschen rosa Opalsteinen besetzt, die im Licht wundersch\u00f6n glitzern. Sie ist das perfekte Geschenk f\u00fcr jeden Anlass. &nbsp; Produktdetails Abmessungen des Anh\u00e4ngers: 0,5cm hoch x 1.4cm breit x 0.2cm tief Anh\u00e4nger [...]\" \/>\n<meta property=\"og:url\" content=\"https:\/\/maxgold.gr\/de\/shop\/anhanger-pinky-sun-aus-925-sterlingsilber-mit-rosa-opalstein-copy\/\" \/>\n<meta property=\"og:site_name\" content=\"Max Gold\" \/>\n<meta property=\"article:publisher\" content=\"https:\/\/www.facebook.com\/people\/Max-Gold\/61561801899896\/\" \/>\n<meta property=\"article:modified_time\" content=\"2024-11-12T23:27:45+00:00\" \/>\n<meta property=\"og:image\" content=\"https:\/\/i0.wp.com\/maxgold.gr\/wp-content\/uploads\/2024\/11\/cpn-2c.jpg?fit=800%2C800&ssl=1\" \/>\n\t<meta property=\"og:image:width\" content=\"800\" \/>\n\t<meta property=\"og:image:height\" content=\"800\" \/>\n\t<meta property=\"og:image:type\" content=\"image\/jpeg\" \/>\n<meta name=\"twitter:card\" content=\"summary_large_image\" \/>\n<script type=\"application\/ld+json\" class=\"yoast-schema-graph\">{\"@context\":\"https:\\\/\\\/schema.org\",\"@graph\":[{\"@type\":\"WebPage\",\"@id\":\"https:\\\/\\\/maxgold.gr\\\/de\\\/shop\\\/anhanger-pinky-sun-aus-925-sterlingsilber-mit-rosa-opalstein-copy\\\/\",\"url\":\"https:\\\/\\\/maxgold.gr\\\/de\\\/shop\\\/anhanger-pinky-sun-aus-925-sterlingsilber-mit-rosa-opalstein-copy\\\/\",\"name\":\"\\\"Pink Butterfly\\\" Halskette mit Anh\u00e4nger f\u00fcr Kinder, aus 925 Sterling Silber, mit Rosa Opalsteinen - Max Gold\",\"isPartOf\":{\"@id\":\"https:\\\/\\\/maxgold.gr\\\/de\\\/#website\"},\"primaryImageOfPage\":{\"@id\":\"https:\\\/\\\/maxgold.gr\\\/de\\\/shop\\\/anhanger-pinky-sun-aus-925-sterlingsilber-mit-rosa-opalstein-copy\\\/#primaryimage\"},\"image\":{\"@id\":\"https:\\\/\\\/maxgold.gr\\\/de\\\/shop\\\/anhanger-pinky-sun-aus-925-sterlingsilber-mit-rosa-opalstein-copy\\\/#primaryimage\"},\"thumbnailUrl\":\"https:\\\/\\\/i0.wp.com\\\/maxgold.gr\\\/wp-content\\\/uploads\\\/2024\\\/11\\\/cpn-2c.jpg?fit=800%2C800&ssl=1\",\"datePublished\":\"2024-11-12T21:39:30+00:00\",\"dateModified\":\"2024-11-12T23:27:45+00:00\",\"breadcrumb\":{\"@id\":\"https:\\\/\\\/maxgold.gr\\\/de\\\/shop\\\/anhanger-pinky-sun-aus-925-sterlingsilber-mit-rosa-opalstein-copy\\\/#breadcrumb\"},\"inLanguage\":\"de\",\"potentialAction\":[{\"@type\":\"ReadAction\",\"target\":[\"https:\\\/\\\/maxgold.gr\\\/de\\\/shop\\\/anhanger-pinky-sun-aus-925-sterlingsilber-mit-rosa-opalstein-copy\\\/\"]}]},{\"@type\":\"ImageObject\",\"inLanguage\":\"de\",\"@id\":\"https:\\\/\\\/maxgold.gr\\\/de\\\/shop\\\/anhanger-pinky-sun-aus-925-sterlingsilber-mit-rosa-opalstein-copy\\\/#primaryimage\",\"url\":\"https:\\\/\\\/i0.wp.com\\\/maxgold.gr\\\/wp-content\\\/uploads\\\/2024\\\/11\\\/cpn-2c.jpg?fit=800%2C800&ssl=1\",\"contentUrl\":\"https:\\\/\\\/i0.wp.com\\\/maxgold.gr\\\/wp-content\\\/uploads\\\/2024\\\/11\\\/cpn-2c.jpg?fit=800%2C800&ssl=1\",\"width\":800,\"height\":800},{\"@type\":\"BreadcrumbList\",\"@id\":\"https:\\\/\\\/maxgold.gr\\\/de\\\/shop\\\/anhanger-pinky-sun-aus-925-sterlingsilber-mit-rosa-opalstein-copy\\\/#breadcrumb\",\"itemListElement\":[{\"@type\":\"ListItem\",\"position\":1,\"name\":\"Home\",\"item\":\"https:\\\/\\\/maxgold.gr\\\/de\\\/startseite\\\/\"},{\"@type\":\"ListItem\",\"position\":2,\"name\":\"Gesch\u00e4ft\",\"item\":\"https:\\\/\\\/maxgold.gr\\\/de\\\/%ce%ba%ce%b1%cf%84%ce%ac%cf%83%cf%84%ce%b7%ce%bc%ce%b1\\\/\"},{\"@type\":\"ListItem\",\"position\":3,\"name\":\"&#8222;Pink Butterfly&#8220; Halskette mit Anh\u00e4nger f\u00fcr Kinder, aus 925 Sterling Silber, mit Rosa Opalsteinen\"}]},{\"@type\":\"WebSite\",\"@id\":\"https:\\\/\\\/maxgold.gr\\\/de\\\/#website\",\"url\":\"https:\\\/\\\/maxgold.gr\\\/de\\\/\",\"name\":\"Max Gold\",\"description\":\"Max Gold\",\"potentialAction\":[{\"@type\":\"SearchAction\",\"target\":{\"@type\":\"EntryPoint\",\"urlTemplate\":\"https:\\\/\\\/maxgold.gr\\\/de\\\/?s={search_term_string}\"},\"query-input\":{\"@type\":\"PropertyValueSpecification\",\"valueRequired\":true,\"valueName\":\"search_term_string\"}}],\"inLanguage\":\"de\"}]}<\/script>\n<!-- \/ Yoast SEO plugin. -->","yoast_head_json":{"title":"\"Pink Butterfly\" Halskette mit Anh\u00e4nger f\u00fcr Kinder, aus 925 Sterling Silber, mit Rosa Opalsteinen - Max Gold","robots":{"index":"index","follow":"follow","max-snippet":"max-snippet:-1","max-image-preview":"max-image-preview:large","max-video-preview":"max-video-preview:-1"},"canonical":"https:\/\/maxgold.gr\/de\/shop\/anhanger-pinky-sun-aus-925-sterlingsilber-mit-rosa-opalstein-copy\/","og_locale":"de_DE","og_type":"article","og_title":"\"Pink Butterfly\" Halskette mit Anh\u00e4nger f\u00fcr Kinder, aus 925 Sterling Silber, mit Rosa Opalsteinen - Max Gold","og_description":"Erfreuen Sie Ihre Kleinen mit unserer bezaubernden rosa Schmetterlingsanh\u00e4nger-Halskette. Dieses bezaubernde St\u00fcck aus hochwertigem 925er Sterlingsilber ist perfekt f\u00fcr Kinder. Die Halskette ist mit h\u00fcbschen rosa Opalsteinen besetzt, die im Licht wundersch\u00f6n glitzern. Sie ist das perfekte Geschenk f\u00fcr jeden Anlass. &nbsp; Produktdetails Abmessungen des Anh\u00e4ngers: 0,5cm hoch x 1.4cm breit x 0.2cm tief Anh\u00e4nger [...]","og_url":"https:\/\/maxgold.gr\/de\/shop\/anhanger-pinky-sun-aus-925-sterlingsilber-mit-rosa-opalstein-copy\/","og_site_name":"Max Gold","article_publisher":"https:\/\/www.facebook.com\/people\/Max-Gold\/61561801899896\/","article_modified_time":"2024-11-12T23:27:45+00:00","og_image":[{"width":800,"height":800,"url":"https:\/\/i0.wp.com\/maxgold.gr\/wp-content\/uploads\/2024\/11\/cpn-2c.jpg?fit=800%2C800&ssl=1","type":"image\/jpeg"}],"twitter_card":"summary_large_image","schema":{"@context":"https:\/\/schema.org","@graph":[{"@type":"WebPage","@id":"https:\/\/maxgold.gr\/de\/shop\/anhanger-pinky-sun-aus-925-sterlingsilber-mit-rosa-opalstein-copy\/","url":"https:\/\/maxgold.gr\/de\/shop\/anhanger-pinky-sun-aus-925-sterlingsilber-mit-rosa-opalstein-copy\/","name":"\"Pink Butterfly\" Halskette mit Anh\u00e4nger f\u00fcr Kinder, aus 925 Sterling Silber, mit Rosa Opalsteinen - Max Gold","isPartOf":{"@id":"https:\/\/maxgold.gr\/de\/#website"},"primaryImageOfPage":{"@id":"https:\/\/maxgold.gr\/de\/shop\/anhanger-pinky-sun-aus-925-sterlingsilber-mit-rosa-opalstein-copy\/#primaryimage"},"image":{"@id":"https:\/\/maxgold.gr\/de\/shop\/anhanger-pinky-sun-aus-925-sterlingsilber-mit-rosa-opalstein-copy\/#primaryimage"},"thumbnailUrl":"https:\/\/i0.wp.com\/maxgold.gr\/wp-content\/uploads\/2024\/11\/cpn-2c.jpg?fit=800%2C800&ssl=1","datePublished":"2024-11-12T21:39:30+00:00","dateModified":"2024-11-12T23:27:45+00:00","breadcrumb":{"@id":"https:\/\/maxgold.gr\/de\/shop\/anhanger-pinky-sun-aus-925-sterlingsilber-mit-rosa-opalstein-copy\/#breadcrumb"},"inLanguage":"de","potentialAction":[{"@type":"ReadAction","target":["https:\/\/maxgold.gr\/de\/shop\/anhanger-pinky-sun-aus-925-sterlingsilber-mit-rosa-opalstein-copy\/"]}]},{"@type":"ImageObject","inLanguage":"de","@id":"https:\/\/maxgold.gr\/de\/shop\/anhanger-pinky-sun-aus-925-sterlingsilber-mit-rosa-opalstein-copy\/#primaryimage","url":"https:\/\/i0.wp.com\/maxgold.gr\/wp-content\/uploads\/2024\/11\/cpn-2c.jpg?fit=800%2C800&ssl=1","contentUrl":"https:\/\/i0.wp.com\/maxgold.gr\/wp-content\/uploads\/2024\/11\/cpn-2c.jpg?fit=800%2C800&ssl=1","width":800,"height":800},{"@type":"BreadcrumbList","@id":"https:\/\/maxgold.gr\/de\/shop\/anhanger-pinky-sun-aus-925-sterlingsilber-mit-rosa-opalstein-copy\/#breadcrumb","itemListElement":[{"@type":"ListItem","position":1,"name":"Home","item":"https:\/\/maxgold.gr\/de\/startseite\/"},{"@type":"ListItem","position":2,"name":"Gesch\u00e4ft","item":"https:\/\/maxgold.gr\/de\/%ce%ba%ce%b1%cf%84%ce%ac%cf%83%cf%84%ce%b7%ce%bc%ce%b1\/"},{"@type":"ListItem","position":3,"name":"&#8222;Pink Butterfly&#8220; Halskette mit Anh\u00e4nger f\u00fcr Kinder, aus 925 Sterling Silber, mit Rosa Opalsteinen"}]},{"@type":"WebSite","@id":"https:\/\/maxgold.gr\/de\/#website","url":"https:\/\/maxgold.gr\/de\/","name":"Max Gold","description":"Max Gold","potentialAction":[{"@type":"SearchAction","target":{"@type":"EntryPoint","urlTemplate":"https:\/\/maxgold.gr\/de\/?s={search_term_string}"},"query-input":{"@type":"PropertyValueSpecification","valueRequired":true,"valueName":"search_term_string"}}],"inLanguage":"de"}]}},"jetpack_sharing_enabled":true,"_links":{"self":[{"href":"https:\/\/maxgold.gr\/de\/wp-json\/wp\/v2\/product\/4233","targetHints":{"allow":["GET"]}}],"collection":[{"href":"https:\/\/maxgold.gr\/de\/wp-json\/wp\/v2\/product"}],"about":[{"href":"https:\/\/maxgold.gr\/de\/wp-json\/wp\/v2\/types\/product"}],"replies":[{"embeddable":true,"href":"https:\/\/maxgold.gr\/de\/wp-json\/wp\/v2\/comments?post=4233"}],"wp:featuredmedia":[{"embeddable":true,"href":"https:\/\/maxgold.gr\/de\/wp-json\/wp\/v2\/media\/4236"}],"wp:attachment":[{"href":"https:\/\/maxgold.gr\/de\/wp-json\/wp\/v2\/media?parent=4233"}],"wp:term":[{"taxonomy":"product_brand","embeddable":true,"href":"https:\/\/maxgold.gr\/de\/wp-json\/wp\/v2\/product_brand?post=4233"},{"taxonomy":"product_cat","embeddable":true,"href":"https:\/\/maxgold.gr\/de\/wp-json\/wp\/v2\/product_cat?post=4233"},{"taxonomy":"product_tag","embeddable":true,"href":"https:\/\/maxgold.gr\/de\/wp-json\/wp\/v2\/product_tag?post=4233"}],"curies":[{"name":"wp","href":"https:\/\/api.w.org\/{rel}","templated":true}]}}