{"id":4251,"date":"2024-05-17T23:37:45","date_gmt":"2024-05-17T20:37:45","guid":{"rendered":"https:\/\/maxgold.gr\/shop\/pink-opal-cute-hearts-ohrstecker-aus-925-sterling-silber\/"},"modified":"2024-05-17T23:37:45","modified_gmt":"2024-05-17T20:37:45","slug":"pink-opal-cute-hearts-ohrstecker-aus-925-sterling-silber","status":"publish","type":"product","link":"https:\/\/maxgold.gr\/de\/shop\/pink-opal-cute-hearts-ohrstecker-aus-925-sterling-silber\/","title":{"rendered":"&#8222;Pink Opal Cute Hearts&#8220;, Ohrstecker, aus 925 Sterling Silber"},"content":{"rendered":"<p><span style=\"color: #000000;\">Die &#8222;Pink Opal Cute Hearts&#8220; Ohrstecker sind aus 925er Silber gefertigt und mit einem atemberaubenden rosa synthetischen Opalstein besetzt.<br \/>\n<\/span><\/p>\n<p><span style=\"color: #000000;\">Diese Ohrringe sind vielseitig und passen sowohl zu Frauen als auch zu Kindern. Ihre geringe Gr\u00f6\u00dfe und ihr charmantes Design machen sie zu einem perfekten Accessoire f\u00fcr jede Altersgruppe. <\/span><\/p>\n<p>&nbsp;<\/p>\n<h4><strong>Produktdetails<\/strong><\/h4>\n<p><strong>Abmessungen:<\/strong> 0,5cm hoch x 0,6cm breit x 0,1cm tief + 1,1cm Post<\/p>\n<p><strong>Edelstein:<\/strong> Rosa Synthetischer Opal<\/p>\n<p><strong>Stil:<\/strong> Ohrstecker<\/p>\n<p><strong>Metall:<\/strong> Sterling Silber (925)<\/p>\n<p><strong>Metallstempel:<\/strong> 925<\/p>\n<p><strong>Beschichtung: <\/strong>Rhodium<\/p>\n<p><strong>Verschl\u00fcsse: <\/strong>Steckverschluss<strong><br \/>\n<\/strong><\/p>\n<p>&nbsp;<\/p>\n<p>&nbsp;<\/p>\n","protected":false},"excerpt":{"rendered":"<p>Die &#8222;Pink Opal Cute Hearts&#8220; Ohrstecker sind aus 925er Silber gefertigt und mit einem atemberaubenden rosa synthetischen Opalstein besetzt. Diese Ohrringe sind vielseitig und passen sowohl zu Frauen als auch zu Kindern. Ihre geringe Gr\u00f6\u00dfe und ihr charmantes Design machen sie zu einem perfekten Accessoire f\u00fcr jede Altersgruppe. &nbsp; Produktdetails Abmessungen: 0,5cm hoch x 0,6cm [&#8230;]\n","protected":false},"featured_media":4252,"comment_status":"open","ping_status":"closed","template":"","meta":[],"product_brand":[],"product_cat":[439,465,709,463,434,432,431,433,447,726,435,470,509,890],"product_tag":[580,636,637,441,597,598,442],"class_list":{"0":"post-4251","1":"product","2":"type-product","3":"status-publish","4":"has-post-thumbnail","6":"product_cat-damenschmuck","7":"product_cat-herzen","8":"product_cat-kinderohrringe","9":"product_cat-kinderschmuck","10":"product_cat-metall","11":"product_cat-neu-ankommen","12":"product_cat-ohrringe","13":"product_cat-ohrstecker","14":"product_cat-ohrstecker-silber","15":"product_cat-silber","16":"product_cat-sterling-silber-925","17":"product_cat-kuenstliche-opal","18":"product_cat-synthetischer-rosa-opal","19":"product_cat-synthetischer-rosa-opal-ohrringe","20":"product_tag-herzkollektion","21":"product_tag-kinder-ohrringe","22":"product_tag-kinderschmuck","23":"product_tag-ohrstecker","24":"product_tag-rosa","25":"product_tag-rosa-opal","26":"product_tag-sterling-silber-925","28":"first","29":"instock","30":"taxable","31":"shipping-taxable","32":"purchasable","33":"product-type-simple","34":"add-to-wishlist-before_add_to_cart"},"yoast_head":"<!-- This site is optimized with the Yoast SEO plugin v27.5 - https:\/\/yoast.com\/product\/yoast-seo-wordpress\/ -->\n<title>&quot;Pink Opal Cute Hearts&quot;, Ohrstecker, aus 925 Sterling Silber - Max Gold<\/title>\n<meta name=\"robots\" content=\"index, follow, max-snippet:-1, max-image-preview:large, max-video-preview:-1\" \/>\n<link rel=\"canonical\" href=\"https:\/\/maxgold.gr\/de\/shop\/pink-opal-cute-hearts-ohrstecker-aus-925-sterling-silber\/\" \/>\n<meta property=\"og:locale\" content=\"de_DE\" \/>\n<meta property=\"og:type\" content=\"article\" \/>\n<meta property=\"og:title\" content=\"&quot;Pink Opal Cute Hearts&quot;, Ohrstecker, aus 925 Sterling Silber - Max Gold\" \/>\n<meta property=\"og:description\" content=\"Die &#8222;Pink Opal Cute Hearts&#8220; Ohrstecker sind aus 925er Silber gefertigt und mit einem atemberaubenden rosa synthetischen Opalstein besetzt. Diese Ohrringe sind vielseitig und passen sowohl zu Frauen als auch zu Kindern. Ihre geringe Gr\u00f6\u00dfe und ihr charmantes Design machen sie zu einem perfekten Accessoire f\u00fcr jede Altersgruppe. &nbsp; Produktdetails Abmessungen: 0,5cm hoch x 0,6cm [...]\" \/>\n<meta property=\"og:url\" content=\"https:\/\/maxgold.gr\/de\/shop\/pink-opal-cute-hearts-ohrstecker-aus-925-sterling-silber\/\" \/>\n<meta property=\"og:site_name\" content=\"Max Gold\" \/>\n<meta property=\"article:publisher\" content=\"https:\/\/www.facebook.com\/people\/Max-Gold\/61561801899896\/\" \/>\n<meta property=\"og:image\" content=\"https:\/\/i0.wp.com\/maxgold.gr\/wp-content\/uploads\/2024\/05\/ops8.jpg?fit=600%2C600&ssl=1\" \/>\n\t<meta property=\"og:image:width\" content=\"600\" \/>\n\t<meta property=\"og:image:height\" content=\"600\" \/>\n\t<meta property=\"og:image:type\" content=\"image\/jpeg\" \/>\n<meta name=\"twitter:card\" content=\"summary_large_image\" \/>\n<script type=\"application\/ld+json\" class=\"yoast-schema-graph\">{\"@context\":\"https:\\\/\\\/schema.org\",\"@graph\":[{\"@type\":\"WebPage\",\"@id\":\"https:\\\/\\\/maxgold.gr\\\/de\\\/shop\\\/pink-opal-cute-hearts-ohrstecker-aus-925-sterling-silber\\\/\",\"url\":\"https:\\\/\\\/maxgold.gr\\\/de\\\/shop\\\/pink-opal-cute-hearts-ohrstecker-aus-925-sterling-silber\\\/\",\"name\":\"\\\"Pink Opal Cute Hearts\\\", Ohrstecker, aus 925 Sterling Silber - Max Gold\",\"isPartOf\":{\"@id\":\"https:\\\/\\\/maxgold.gr\\\/de\\\/#website\"},\"primaryImageOfPage\":{\"@id\":\"https:\\\/\\\/maxgold.gr\\\/de\\\/shop\\\/pink-opal-cute-hearts-ohrstecker-aus-925-sterling-silber\\\/#primaryimage\"},\"image\":{\"@id\":\"https:\\\/\\\/maxgold.gr\\\/de\\\/shop\\\/pink-opal-cute-hearts-ohrstecker-aus-925-sterling-silber\\\/#primaryimage\"},\"thumbnailUrl\":\"https:\\\/\\\/i0.wp.com\\\/maxgold.gr\\\/wp-content\\\/uploads\\\/2024\\\/05\\\/ops8.jpg?fit=600%2C600&ssl=1\",\"datePublished\":\"2024-05-17T20:37:45+00:00\",\"breadcrumb\":{\"@id\":\"https:\\\/\\\/maxgold.gr\\\/de\\\/shop\\\/pink-opal-cute-hearts-ohrstecker-aus-925-sterling-silber\\\/#breadcrumb\"},\"inLanguage\":\"de\",\"potentialAction\":[{\"@type\":\"ReadAction\",\"target\":[\"https:\\\/\\\/maxgold.gr\\\/de\\\/shop\\\/pink-opal-cute-hearts-ohrstecker-aus-925-sterling-silber\\\/\"]}]},{\"@type\":\"ImageObject\",\"inLanguage\":\"de\",\"@id\":\"https:\\\/\\\/maxgold.gr\\\/de\\\/shop\\\/pink-opal-cute-hearts-ohrstecker-aus-925-sterling-silber\\\/#primaryimage\",\"url\":\"https:\\\/\\\/i0.wp.com\\\/maxgold.gr\\\/wp-content\\\/uploads\\\/2024\\\/05\\\/ops8.jpg?fit=600%2C600&ssl=1\",\"contentUrl\":\"https:\\\/\\\/i0.wp.com\\\/maxgold.gr\\\/wp-content\\\/uploads\\\/2024\\\/05\\\/ops8.jpg?fit=600%2C600&ssl=1\",\"width\":600,\"height\":600,\"caption\":\"xr:d:DAGAEi-IE8U:21,j:2481905690554811182,t:24032019\"},{\"@type\":\"BreadcrumbList\",\"@id\":\"https:\\\/\\\/maxgold.gr\\\/de\\\/shop\\\/pink-opal-cute-hearts-ohrstecker-aus-925-sterling-silber\\\/#breadcrumb\",\"itemListElement\":[{\"@type\":\"ListItem\",\"position\":1,\"name\":\"Home\",\"item\":\"https:\\\/\\\/maxgold.gr\\\/de\\\/startseite\\\/\"},{\"@type\":\"ListItem\",\"position\":2,\"name\":\"Gesch\u00e4ft\",\"item\":\"https:\\\/\\\/maxgold.gr\\\/de\\\/%ce%ba%ce%b1%cf%84%ce%ac%cf%83%cf%84%ce%b7%ce%bc%ce%b1\\\/\"},{\"@type\":\"ListItem\",\"position\":3,\"name\":\"&#8222;Pink Opal Cute Hearts&#8220;, Ohrstecker, aus 925 Sterling Silber\"}]},{\"@type\":\"WebSite\",\"@id\":\"https:\\\/\\\/maxgold.gr\\\/de\\\/#website\",\"url\":\"https:\\\/\\\/maxgold.gr\\\/de\\\/\",\"name\":\"Max Gold\",\"description\":\"Max Gold\",\"potentialAction\":[{\"@type\":\"SearchAction\",\"target\":{\"@type\":\"EntryPoint\",\"urlTemplate\":\"https:\\\/\\\/maxgold.gr\\\/de\\\/?s={search_term_string}\"},\"query-input\":{\"@type\":\"PropertyValueSpecification\",\"valueRequired\":true,\"valueName\":\"search_term_string\"}}],\"inLanguage\":\"de\"}]}<\/script>\n<!-- \/ Yoast SEO plugin. -->","yoast_head_json":{"title":"\"Pink Opal Cute Hearts\", Ohrstecker, aus 925 Sterling Silber - Max Gold","robots":{"index":"index","follow":"follow","max-snippet":"max-snippet:-1","max-image-preview":"max-image-preview:large","max-video-preview":"max-video-preview:-1"},"canonical":"https:\/\/maxgold.gr\/de\/shop\/pink-opal-cute-hearts-ohrstecker-aus-925-sterling-silber\/","og_locale":"de_DE","og_type":"article","og_title":"\"Pink Opal Cute Hearts\", Ohrstecker, aus 925 Sterling Silber - Max Gold","og_description":"Die &#8222;Pink Opal Cute Hearts&#8220; Ohrstecker sind aus 925er Silber gefertigt und mit einem atemberaubenden rosa synthetischen Opalstein besetzt. Diese Ohrringe sind vielseitig und passen sowohl zu Frauen als auch zu Kindern. Ihre geringe Gr\u00f6\u00dfe und ihr charmantes Design machen sie zu einem perfekten Accessoire f\u00fcr jede Altersgruppe. &nbsp; Produktdetails Abmessungen: 0,5cm hoch x 0,6cm [...]","og_url":"https:\/\/maxgold.gr\/de\/shop\/pink-opal-cute-hearts-ohrstecker-aus-925-sterling-silber\/","og_site_name":"Max Gold","article_publisher":"https:\/\/www.facebook.com\/people\/Max-Gold\/61561801899896\/","og_image":[{"width":600,"height":600,"url":"https:\/\/i0.wp.com\/maxgold.gr\/wp-content\/uploads\/2024\/05\/ops8.jpg?fit=600%2C600&ssl=1","type":"image\/jpeg"}],"twitter_card":"summary_large_image","schema":{"@context":"https:\/\/schema.org","@graph":[{"@type":"WebPage","@id":"https:\/\/maxgold.gr\/de\/shop\/pink-opal-cute-hearts-ohrstecker-aus-925-sterling-silber\/","url":"https:\/\/maxgold.gr\/de\/shop\/pink-opal-cute-hearts-ohrstecker-aus-925-sterling-silber\/","name":"\"Pink Opal Cute Hearts\", Ohrstecker, aus 925 Sterling Silber - Max Gold","isPartOf":{"@id":"https:\/\/maxgold.gr\/de\/#website"},"primaryImageOfPage":{"@id":"https:\/\/maxgold.gr\/de\/shop\/pink-opal-cute-hearts-ohrstecker-aus-925-sterling-silber\/#primaryimage"},"image":{"@id":"https:\/\/maxgold.gr\/de\/shop\/pink-opal-cute-hearts-ohrstecker-aus-925-sterling-silber\/#primaryimage"},"thumbnailUrl":"https:\/\/i0.wp.com\/maxgold.gr\/wp-content\/uploads\/2024\/05\/ops8.jpg?fit=600%2C600&ssl=1","datePublished":"2024-05-17T20:37:45+00:00","breadcrumb":{"@id":"https:\/\/maxgold.gr\/de\/shop\/pink-opal-cute-hearts-ohrstecker-aus-925-sterling-silber\/#breadcrumb"},"inLanguage":"de","potentialAction":[{"@type":"ReadAction","target":["https:\/\/maxgold.gr\/de\/shop\/pink-opal-cute-hearts-ohrstecker-aus-925-sterling-silber\/"]}]},{"@type":"ImageObject","inLanguage":"de","@id":"https:\/\/maxgold.gr\/de\/shop\/pink-opal-cute-hearts-ohrstecker-aus-925-sterling-silber\/#primaryimage","url":"https:\/\/i0.wp.com\/maxgold.gr\/wp-content\/uploads\/2024\/05\/ops8.jpg?fit=600%2C600&ssl=1","contentUrl":"https:\/\/i0.wp.com\/maxgold.gr\/wp-content\/uploads\/2024\/05\/ops8.jpg?fit=600%2C600&ssl=1","width":600,"height":600,"caption":"xr:d:DAGAEi-IE8U:21,j:2481905690554811182,t:24032019"},{"@type":"BreadcrumbList","@id":"https:\/\/maxgold.gr\/de\/shop\/pink-opal-cute-hearts-ohrstecker-aus-925-sterling-silber\/#breadcrumb","itemListElement":[{"@type":"ListItem","position":1,"name":"Home","item":"https:\/\/maxgold.gr\/de\/startseite\/"},{"@type":"ListItem","position":2,"name":"Gesch\u00e4ft","item":"https:\/\/maxgold.gr\/de\/%ce%ba%ce%b1%cf%84%ce%ac%cf%83%cf%84%ce%b7%ce%bc%ce%b1\/"},{"@type":"ListItem","position":3,"name":"&#8222;Pink Opal Cute Hearts&#8220;, Ohrstecker, aus 925 Sterling Silber"}]},{"@type":"WebSite","@id":"https:\/\/maxgold.gr\/de\/#website","url":"https:\/\/maxgold.gr\/de\/","name":"Max Gold","description":"Max Gold","potentialAction":[{"@type":"SearchAction","target":{"@type":"EntryPoint","urlTemplate":"https:\/\/maxgold.gr\/de\/?s={search_term_string}"},"query-input":{"@type":"PropertyValueSpecification","valueRequired":true,"valueName":"search_term_string"}}],"inLanguage":"de"}]}},"jetpack_sharing_enabled":true,"_links":{"self":[{"href":"https:\/\/maxgold.gr\/de\/wp-json\/wp\/v2\/product\/4251","targetHints":{"allow":["GET"]}}],"collection":[{"href":"https:\/\/maxgold.gr\/de\/wp-json\/wp\/v2\/product"}],"about":[{"href":"https:\/\/maxgold.gr\/de\/wp-json\/wp\/v2\/types\/product"}],"replies":[{"embeddable":true,"href":"https:\/\/maxgold.gr\/de\/wp-json\/wp\/v2\/comments?post=4251"}],"wp:featuredmedia":[{"embeddable":true,"href":"https:\/\/maxgold.gr\/de\/wp-json\/wp\/v2\/media\/4252"}],"wp:attachment":[{"href":"https:\/\/maxgold.gr\/de\/wp-json\/wp\/v2\/media?parent=4251"}],"wp:term":[{"taxonomy":"product_brand","embeddable":true,"href":"https:\/\/maxgold.gr\/de\/wp-json\/wp\/v2\/product_brand?post=4251"},{"taxonomy":"product_cat","embeddable":true,"href":"https:\/\/maxgold.gr\/de\/wp-json\/wp\/v2\/product_cat?post=4251"},{"taxonomy":"product_tag","embeddable":true,"href":"https:\/\/maxgold.gr\/de\/wp-json\/wp\/v2\/product_tag?post=4251"}],"curies":[{"name":"wp","href":"https:\/\/api.w.org\/{rel}","templated":true}]}}