{"id":4258,"date":"2024-05-15T01:31:14","date_gmt":"2024-05-14T22:31:14","guid":{"rendered":"https:\/\/maxgold.gr\/shop\/blue-opal-stars-05-ohrstecker-aus-925-sterling-silber\/"},"modified":"2024-05-15T01:31:14","modified_gmt":"2024-05-14T22:31:14","slug":"blue-opal-stars-05-ohrstecker-aus-925-sterling-silber","status":"publish","type":"product","link":"https:\/\/maxgold.gr\/de\/shop\/blue-opal-stars-05-ohrstecker-aus-925-sterling-silber\/","title":{"rendered":"&#8222;Blue Opal Stars 0,5&#8220;, Ohrstecker, aus 925 Sterling Silber"},"content":{"rendered":"<p><span style=\"color: #000000;\">Die &#8222;Blue Opal Stars&#8220; Ohrstecker sind aus 925er Silber gefertigt und mit einem atemberaubenden blauen synthetischen Opalstein besetzt.<br \/>\n<\/span><\/p>\n<p dir=\"ltr\"><span style=\"color: #000000;\"> Die Verwendung von 925er Silber garantiert Qualit\u00e4t und Haltbarkeit.<\/span><\/p>\n<p dir=\"ltr\"><span style=\"color: #000000;\">Die kleine Gr\u00f6\u00dfe dieser niedlichen blauen Opalstern-Ohrringe macht sie ideal f\u00fcr Kinder. Kinderohren sind kleiner und empfindlicher, daher sind kleinere Ohrringe f\u00fcr sie bequemer und sicherer zu tragen. Au\u00dferdem wird das bezaubernde Design der blauen Opalsterne den Kindern sicherlich gefallen und ihr Outfit auflockern.  <\/span><\/p>\n<p>&nbsp;<\/p>\n<h4><strong>Produktdetails<\/strong><\/h4>\n<p><strong>Abmessungen:<\/strong> 0,5cm hoch x 0,5cm breit x 0,1cm tief + 1,1cm Pfosten<\/p>\n<p><strong>Edelstein:<\/strong> Blauer Synthetischer Opal<\/p>\n<p><strong>Stil:<\/strong> Ohrstecker<\/p>\n<p><strong>Metall:<\/strong> Sterling Silber (925)<\/p>\n<p><strong>Metallstempel:<\/strong> 925<\/p>\n<p><strong>Beschichtung: <\/strong>Rhodium<\/p>\n<p><strong>Verschl\u00fcsse: <\/strong>Steckverschluss<strong><br \/>\n<\/strong><\/p>\n<h2><\/h2>\n<p>&nbsp;<\/p>\n","protected":false},"excerpt":{"rendered":"<p dir=\"ltr\">\n<p><span style=\"color: #000000;\"> <\/span><\/p>\n","protected":false},"featured_media":4259,"comment_status":"open","ping_status":"closed","template":"","meta":[],"product_brand":[],"product_cat":[439,709,463,434,432,431,433,447,726,505,435,624,502,470],"product_tag":[445,563,441,442,600],"class_list":{"0":"post-4258","1":"product","2":"type-product","3":"status-publish","4":"has-post-thumbnail","6":"product_cat-damenschmuck","7":"product_cat-kinderohrringe","8":"product_cat-kinderschmuck","9":"product_cat-metall","10":"product_cat-neu-ankommen","11":"product_cat-ohrringe","12":"product_cat-ohrstecker","13":"product_cat-ohrstecker-silber","14":"product_cat-silber","15":"product_cat-silberne-ohrringe-mit-synthetischem-opal","16":"product_cat-sterling-silber-925","17":"product_cat-synthetischer","18":"product_cat-synthetischer-opal-silber","19":"product_cat-kuenstliche-opal","20":"product_tag-blau","21":"product_tag-blauer-opal","22":"product_tag-ohrstecker","23":"product_tag-sterling-silber-925","24":"product_tag-sterne","26":"first","27":"instock","28":"taxable","29":"shipping-taxable","30":"purchasable","31":"product-type-simple","32":"add-to-wishlist-before_add_to_cart"},"yoast_head":"<!-- This site is optimized with the Yoast SEO plugin v27.5 - https:\/\/yoast.com\/product\/yoast-seo-wordpress\/ -->\n<title>&quot;Blue Opal Stars 0,5&quot;, Ohrstecker, aus 925 Sterling Silber - Max Gold<\/title>\n<meta name=\"robots\" content=\"index, follow, max-snippet:-1, max-image-preview:large, max-video-preview:-1\" \/>\n<link rel=\"canonical\" href=\"https:\/\/maxgold.gr\/de\/shop\/blue-opal-stars-05-ohrstecker-aus-925-sterling-silber\/\" \/>\n<meta property=\"og:locale\" content=\"de_DE\" \/>\n<meta property=\"og:type\" content=\"article\" \/>\n<meta property=\"og:title\" content=\"&quot;Blue Opal Stars 0,5&quot;, Ohrstecker, aus 925 Sterling Silber - Max Gold\" \/>\n<meta property=\"og:url\" content=\"https:\/\/maxgold.gr\/de\/shop\/blue-opal-stars-05-ohrstecker-aus-925-sterling-silber\/\" \/>\n<meta property=\"og:site_name\" content=\"Max Gold\" \/>\n<meta property=\"article:publisher\" content=\"https:\/\/www.facebook.com\/people\/Max-Gold\/61561801899896\/\" \/>\n<meta property=\"og:image\" content=\"https:\/\/i0.wp.com\/maxgold.gr\/wp-content\/uploads\/2024\/05\/ops7b.jpg?fit=600%2C600&ssl=1\" \/>\n\t<meta property=\"og:image:width\" content=\"600\" \/>\n\t<meta property=\"og:image:height\" content=\"600\" \/>\n\t<meta property=\"og:image:type\" content=\"image\/jpeg\" \/>\n<meta name=\"twitter:card\" content=\"summary_large_image\" \/>\n<meta name=\"twitter:label1\" content=\"Gesch\u00e4tzte Lesezeit\" \/>\n\t<meta name=\"twitter:data1\" content=\"1\u00a0Minute\" \/>\n<script type=\"application\/ld+json\" class=\"yoast-schema-graph\">{\"@context\":\"https:\\\/\\\/schema.org\",\"@graph\":[{\"@type\":\"WebPage\",\"@id\":\"https:\\\/\\\/maxgold.gr\\\/de\\\/shop\\\/blue-opal-stars-05-ohrstecker-aus-925-sterling-silber\\\/\",\"url\":\"https:\\\/\\\/maxgold.gr\\\/de\\\/shop\\\/blue-opal-stars-05-ohrstecker-aus-925-sterling-silber\\\/\",\"name\":\"\\\"Blue Opal Stars 0,5\\\", Ohrstecker, aus 925 Sterling Silber - Max Gold\",\"isPartOf\":{\"@id\":\"https:\\\/\\\/maxgold.gr\\\/de\\\/#website\"},\"primaryImageOfPage\":{\"@id\":\"https:\\\/\\\/maxgold.gr\\\/de\\\/shop\\\/blue-opal-stars-05-ohrstecker-aus-925-sterling-silber\\\/#primaryimage\"},\"image\":{\"@id\":\"https:\\\/\\\/maxgold.gr\\\/de\\\/shop\\\/blue-opal-stars-05-ohrstecker-aus-925-sterling-silber\\\/#primaryimage\"},\"thumbnailUrl\":\"https:\\\/\\\/i0.wp.com\\\/maxgold.gr\\\/wp-content\\\/uploads\\\/2024\\\/05\\\/ops7b.jpg?fit=600%2C600&ssl=1\",\"datePublished\":\"2024-05-14T22:31:14+00:00\",\"breadcrumb\":{\"@id\":\"https:\\\/\\\/maxgold.gr\\\/de\\\/shop\\\/blue-opal-stars-05-ohrstecker-aus-925-sterling-silber\\\/#breadcrumb\"},\"inLanguage\":\"de\",\"potentialAction\":[{\"@type\":\"ReadAction\",\"target\":[\"https:\\\/\\\/maxgold.gr\\\/de\\\/shop\\\/blue-opal-stars-05-ohrstecker-aus-925-sterling-silber\\\/\"]}]},{\"@type\":\"ImageObject\",\"inLanguage\":\"de\",\"@id\":\"https:\\\/\\\/maxgold.gr\\\/de\\\/shop\\\/blue-opal-stars-05-ohrstecker-aus-925-sterling-silber\\\/#primaryimage\",\"url\":\"https:\\\/\\\/i0.wp.com\\\/maxgold.gr\\\/wp-content\\\/uploads\\\/2024\\\/05\\\/ops7b.jpg?fit=600%2C600&ssl=1\",\"contentUrl\":\"https:\\\/\\\/i0.wp.com\\\/maxgold.gr\\\/wp-content\\\/uploads\\\/2024\\\/05\\\/ops7b.jpg?fit=600%2C600&ssl=1\",\"width\":600,\"height\":600,\"caption\":\"xr:d:DAF-ntnKyFE:62,j:6389902679912519849,t:24030509\"},{\"@type\":\"BreadcrumbList\",\"@id\":\"https:\\\/\\\/maxgold.gr\\\/de\\\/shop\\\/blue-opal-stars-05-ohrstecker-aus-925-sterling-silber\\\/#breadcrumb\",\"itemListElement\":[{\"@type\":\"ListItem\",\"position\":1,\"name\":\"Home\",\"item\":\"https:\\\/\\\/maxgold.gr\\\/de\\\/startseite\\\/\"},{\"@type\":\"ListItem\",\"position\":2,\"name\":\"Gesch\u00e4ft\",\"item\":\"https:\\\/\\\/maxgold.gr\\\/de\\\/%ce%ba%ce%b1%cf%84%ce%ac%cf%83%cf%84%ce%b7%ce%bc%ce%b1\\\/\"},{\"@type\":\"ListItem\",\"position\":3,\"name\":\"&#8222;Blue Opal Stars 0,5&#8220;, Ohrstecker, aus 925 Sterling Silber\"}]},{\"@type\":\"WebSite\",\"@id\":\"https:\\\/\\\/maxgold.gr\\\/de\\\/#website\",\"url\":\"https:\\\/\\\/maxgold.gr\\\/de\\\/\",\"name\":\"Max Gold\",\"description\":\"Max Gold\",\"potentialAction\":[{\"@type\":\"SearchAction\",\"target\":{\"@type\":\"EntryPoint\",\"urlTemplate\":\"https:\\\/\\\/maxgold.gr\\\/de\\\/?s={search_term_string}\"},\"query-input\":{\"@type\":\"PropertyValueSpecification\",\"valueRequired\":true,\"valueName\":\"search_term_string\"}}],\"inLanguage\":\"de\"}]}<\/script>\n<!-- \/ Yoast SEO plugin. -->","yoast_head_json":{"title":"\"Blue Opal Stars 0,5\", Ohrstecker, aus 925 Sterling Silber - Max Gold","robots":{"index":"index","follow":"follow","max-snippet":"max-snippet:-1","max-image-preview":"max-image-preview:large","max-video-preview":"max-video-preview:-1"},"canonical":"https:\/\/maxgold.gr\/de\/shop\/blue-opal-stars-05-ohrstecker-aus-925-sterling-silber\/","og_locale":"de_DE","og_type":"article","og_title":"\"Blue Opal Stars 0,5\", Ohrstecker, aus 925 Sterling Silber - Max Gold","og_url":"https:\/\/maxgold.gr\/de\/shop\/blue-opal-stars-05-ohrstecker-aus-925-sterling-silber\/","og_site_name":"Max Gold","article_publisher":"https:\/\/www.facebook.com\/people\/Max-Gold\/61561801899896\/","og_image":[{"width":600,"height":600,"url":"https:\/\/i0.wp.com\/maxgold.gr\/wp-content\/uploads\/2024\/05\/ops7b.jpg?fit=600%2C600&ssl=1","type":"image\/jpeg"}],"twitter_card":"summary_large_image","twitter_misc":{"Gesch\u00e4tzte Lesezeit":"1\u00a0Minute"},"schema":{"@context":"https:\/\/schema.org","@graph":[{"@type":"WebPage","@id":"https:\/\/maxgold.gr\/de\/shop\/blue-opal-stars-05-ohrstecker-aus-925-sterling-silber\/","url":"https:\/\/maxgold.gr\/de\/shop\/blue-opal-stars-05-ohrstecker-aus-925-sterling-silber\/","name":"\"Blue Opal Stars 0,5\", Ohrstecker, aus 925 Sterling Silber - Max Gold","isPartOf":{"@id":"https:\/\/maxgold.gr\/de\/#website"},"primaryImageOfPage":{"@id":"https:\/\/maxgold.gr\/de\/shop\/blue-opal-stars-05-ohrstecker-aus-925-sterling-silber\/#primaryimage"},"image":{"@id":"https:\/\/maxgold.gr\/de\/shop\/blue-opal-stars-05-ohrstecker-aus-925-sterling-silber\/#primaryimage"},"thumbnailUrl":"https:\/\/i0.wp.com\/maxgold.gr\/wp-content\/uploads\/2024\/05\/ops7b.jpg?fit=600%2C600&ssl=1","datePublished":"2024-05-14T22:31:14+00:00","breadcrumb":{"@id":"https:\/\/maxgold.gr\/de\/shop\/blue-opal-stars-05-ohrstecker-aus-925-sterling-silber\/#breadcrumb"},"inLanguage":"de","potentialAction":[{"@type":"ReadAction","target":["https:\/\/maxgold.gr\/de\/shop\/blue-opal-stars-05-ohrstecker-aus-925-sterling-silber\/"]}]},{"@type":"ImageObject","inLanguage":"de","@id":"https:\/\/maxgold.gr\/de\/shop\/blue-opal-stars-05-ohrstecker-aus-925-sterling-silber\/#primaryimage","url":"https:\/\/i0.wp.com\/maxgold.gr\/wp-content\/uploads\/2024\/05\/ops7b.jpg?fit=600%2C600&ssl=1","contentUrl":"https:\/\/i0.wp.com\/maxgold.gr\/wp-content\/uploads\/2024\/05\/ops7b.jpg?fit=600%2C600&ssl=1","width":600,"height":600,"caption":"xr:d:DAF-ntnKyFE:62,j:6389902679912519849,t:24030509"},{"@type":"BreadcrumbList","@id":"https:\/\/maxgold.gr\/de\/shop\/blue-opal-stars-05-ohrstecker-aus-925-sterling-silber\/#breadcrumb","itemListElement":[{"@type":"ListItem","position":1,"name":"Home","item":"https:\/\/maxgold.gr\/de\/startseite\/"},{"@type":"ListItem","position":2,"name":"Gesch\u00e4ft","item":"https:\/\/maxgold.gr\/de\/%ce%ba%ce%b1%cf%84%ce%ac%cf%83%cf%84%ce%b7%ce%bc%ce%b1\/"},{"@type":"ListItem","position":3,"name":"&#8222;Blue Opal Stars 0,5&#8220;, Ohrstecker, aus 925 Sterling Silber"}]},{"@type":"WebSite","@id":"https:\/\/maxgold.gr\/de\/#website","url":"https:\/\/maxgold.gr\/de\/","name":"Max Gold","description":"Max Gold","potentialAction":[{"@type":"SearchAction","target":{"@type":"EntryPoint","urlTemplate":"https:\/\/maxgold.gr\/de\/?s={search_term_string}"},"query-input":{"@type":"PropertyValueSpecification","valueRequired":true,"valueName":"search_term_string"}}],"inLanguage":"de"}]}},"jetpack_sharing_enabled":true,"_links":{"self":[{"href":"https:\/\/maxgold.gr\/de\/wp-json\/wp\/v2\/product\/4258","targetHints":{"allow":["GET"]}}],"collection":[{"href":"https:\/\/maxgold.gr\/de\/wp-json\/wp\/v2\/product"}],"about":[{"href":"https:\/\/maxgold.gr\/de\/wp-json\/wp\/v2\/types\/product"}],"replies":[{"embeddable":true,"href":"https:\/\/maxgold.gr\/de\/wp-json\/wp\/v2\/comments?post=4258"}],"wp:featuredmedia":[{"embeddable":true,"href":"https:\/\/maxgold.gr\/de\/wp-json\/wp\/v2\/media\/4259"}],"wp:attachment":[{"href":"https:\/\/maxgold.gr\/de\/wp-json\/wp\/v2\/media?parent=4258"}],"wp:term":[{"taxonomy":"product_brand","embeddable":true,"href":"https:\/\/maxgold.gr\/de\/wp-json\/wp\/v2\/product_brand?post=4258"},{"taxonomy":"product_cat","embeddable":true,"href":"https:\/\/maxgold.gr\/de\/wp-json\/wp\/v2\/product_cat?post=4258"},{"taxonomy":"product_tag","embeddable":true,"href":"https:\/\/maxgold.gr\/de\/wp-json\/wp\/v2\/product_tag?post=4258"}],"curies":[{"name":"wp","href":"https:\/\/api.w.org\/{rel}","templated":true}]}}