{"id":4277,"date":"2024-05-15T01:25:37","date_gmt":"2024-05-14T22:25:37","guid":{"rendered":"https:\/\/maxgold.gr\/shop\/blue-opal-suns-07-ohrstecker-aus-925-sterling-silber\/"},"modified":"2024-05-15T01:25:37","modified_gmt":"2024-05-14T22:25:37","slug":"blue-opal-suns-07-ohrstecker-aus-925-sterling-silber","status":"publish","type":"product","link":"https:\/\/maxgold.gr\/de\/shop\/blue-opal-suns-07-ohrstecker-aus-925-sterling-silber\/","title":{"rendered":"&#8222;Blue Opal Suns 0,7&#8220;, Ohrstecker, aus 925 Sterling Silber"},"content":{"rendered":"<p><span style=\"color: #000000;\">Diese &#8222;Blue Opal Suns&#8220; Ohrstecker aus 925er Sterling Silber sind eine vielseitige und stilvolle Wahl f\u00fcr Erwachsene und Kinder, perfekt, um jedem Ensemble einen Farbakzent zu verleihen.<\/span><\/p>\n<p><span style=\"color: #000000;\">Sterlingsilber ist ein hochwertiges Metall, das anlaufbest\u00e4ndig ist. <\/span><br \/>\n<span style=\"color: #000000;\">Dadurch wird sichergestellt, dass Ihre Ohrringe ihren Glanz und ihre Sch\u00f6nheit \u00fcber lange Zeit behalten.<\/span><\/p>\n<p>&nbsp;<\/p>\n<h4><strong>Produktdetails<\/strong><\/h4>\n<p><strong>Abmessungen:<\/strong> 0,7cm hoch x 0,7cm breit x 0,1cm tief + 1,1cm Pfosten<\/p>\n<p><strong>Edelstein:<\/strong> Blauer Synthetischer Opal<\/p>\n<p><strong>Stil:<\/strong> Ohrstecker<\/p>\n<p><strong>Metall:<\/strong> Sterling Silber (925)<\/p>\n<p><strong>Metallstempel:<\/strong> 925<\/p>\n<p><strong>Beschichtung: <\/strong>Rhodium<\/p>\n<p><strong>Verschl\u00fcsse: <\/strong>Steckverschluss<strong><br \/>\n<\/strong><\/p>\n<p>&nbsp;<\/p>\n<p>&nbsp;<\/p>\n","protected":false},"excerpt":{"rendered":"<p>Diese &#8222;Blue Opal Suns&#8220; Ohrstecker aus 925er Sterling Silber sind eine vielseitige und stilvolle Wahl f\u00fcr Erwachsene und Kinder, perfekt, um jedem Ensemble einen Farbakzent zu verleihen. Sterlingsilber ist ein hochwertiges Metall, das anlaufbest\u00e4ndig ist. Dadurch wird sichergestellt, dass Ihre Ohrringe ihren Glanz und ihre Sch\u00f6nheit \u00fcber lange Zeit behalten. &nbsp; Produktdetails Abmessungen: 0,7cm hoch [&#8230;]\n","protected":false},"featured_media":4278,"comment_status":"open","ping_status":"closed","template":"","meta":[],"product_brand":[],"product_cat":[439,709,463,434,432,431,433,440,505,435,624,502,470],"product_tag":[445,563,441,607,442],"class_list":{"0":"post-4277","1":"product","2":"type-product","3":"status-publish","4":"has-post-thumbnail","6":"product_cat-damenschmuck","7":"product_cat-kinderohrringe","8":"product_cat-kinderschmuck","9":"product_cat-metall","10":"product_cat-neu-ankommen","11":"product_cat-ohrringe","12":"product_cat-ohrstecker","13":"product_cat-ohrstecker-silber-mit-edelsteinen","14":"product_cat-silberne-ohrringe-mit-synthetischem-opal","15":"product_cat-sterling-silber-925","16":"product_cat-synthetischer","17":"product_cat-synthetischer-opal-silber","18":"product_cat-kuenstliche-opal","19":"product_tag-blau","20":"product_tag-blauer-opal","21":"product_tag-ohrstecker","22":"product_tag-sonne","23":"product_tag-sterling-silber-925","25":"first","26":"instock","27":"taxable","28":"shipping-taxable","29":"purchasable","30":"product-type-simple","31":"add-to-wishlist-before_add_to_cart"},"yoast_head":"<!-- This site is optimized with the Yoast SEO plugin v27.5 - https:\/\/yoast.com\/product\/yoast-seo-wordpress\/ -->\n<title>&quot;Blue Opal Suns 0,7&quot;, Ohrstecker, aus 925 Sterling Silber - Max Gold<\/title>\n<meta name=\"robots\" content=\"index, follow, max-snippet:-1, max-image-preview:large, max-video-preview:-1\" \/>\n<link rel=\"canonical\" href=\"https:\/\/maxgold.gr\/de\/shop\/blue-opal-suns-07-ohrstecker-aus-925-sterling-silber\/\" \/>\n<meta property=\"og:locale\" content=\"de_DE\" \/>\n<meta property=\"og:type\" content=\"article\" \/>\n<meta property=\"og:title\" content=\"&quot;Blue Opal Suns 0,7&quot;, Ohrstecker, aus 925 Sterling Silber - Max Gold\" \/>\n<meta property=\"og:description\" content=\"Diese &#8222;Blue Opal Suns&#8220; Ohrstecker aus 925er Sterling Silber sind eine vielseitige und stilvolle Wahl f\u00fcr Erwachsene und Kinder, perfekt, um jedem Ensemble einen Farbakzent zu verleihen. Sterlingsilber ist ein hochwertiges Metall, das anlaufbest\u00e4ndig ist. Dadurch wird sichergestellt, dass Ihre Ohrringe ihren Glanz und ihre Sch\u00f6nheit \u00fcber lange Zeit behalten. &nbsp; Produktdetails Abmessungen: 0,7cm hoch [...]\" \/>\n<meta property=\"og:url\" content=\"https:\/\/maxgold.gr\/de\/shop\/blue-opal-suns-07-ohrstecker-aus-925-sterling-silber\/\" \/>\n<meta property=\"og:site_name\" content=\"Max Gold\" \/>\n<meta property=\"article:publisher\" content=\"https:\/\/www.facebook.com\/people\/Max-Gold\/61561801899896\/\" \/>\n<meta property=\"og:image\" content=\"https:\/\/i0.wp.com\/maxgold.gr\/wp-content\/uploads\/2024\/05\/ops5c.jpg?fit=600%2C600&ssl=1\" \/>\n\t<meta property=\"og:image:width\" content=\"600\" \/>\n\t<meta property=\"og:image:height\" content=\"600\" \/>\n\t<meta property=\"og:image:type\" content=\"image\/jpeg\" \/>\n<meta name=\"twitter:card\" content=\"summary_large_image\" \/>\n<script type=\"application\/ld+json\" class=\"yoast-schema-graph\">{\"@context\":\"https:\\\/\\\/schema.org\",\"@graph\":[{\"@type\":\"WebPage\",\"@id\":\"https:\\\/\\\/maxgold.gr\\\/de\\\/shop\\\/blue-opal-suns-07-ohrstecker-aus-925-sterling-silber\\\/\",\"url\":\"https:\\\/\\\/maxgold.gr\\\/de\\\/shop\\\/blue-opal-suns-07-ohrstecker-aus-925-sterling-silber\\\/\",\"name\":\"\\\"Blue Opal Suns 0,7\\\", Ohrstecker, aus 925 Sterling Silber - Max Gold\",\"isPartOf\":{\"@id\":\"https:\\\/\\\/maxgold.gr\\\/de\\\/#website\"},\"primaryImageOfPage\":{\"@id\":\"https:\\\/\\\/maxgold.gr\\\/de\\\/shop\\\/blue-opal-suns-07-ohrstecker-aus-925-sterling-silber\\\/#primaryimage\"},\"image\":{\"@id\":\"https:\\\/\\\/maxgold.gr\\\/de\\\/shop\\\/blue-opal-suns-07-ohrstecker-aus-925-sterling-silber\\\/#primaryimage\"},\"thumbnailUrl\":\"https:\\\/\\\/i0.wp.com\\\/maxgold.gr\\\/wp-content\\\/uploads\\\/2024\\\/05\\\/ops5c.jpg?fit=600%2C600&ssl=1\",\"datePublished\":\"2024-05-14T22:25:37+00:00\",\"breadcrumb\":{\"@id\":\"https:\\\/\\\/maxgold.gr\\\/de\\\/shop\\\/blue-opal-suns-07-ohrstecker-aus-925-sterling-silber\\\/#breadcrumb\"},\"inLanguage\":\"de\",\"potentialAction\":[{\"@type\":\"ReadAction\",\"target\":[\"https:\\\/\\\/maxgold.gr\\\/de\\\/shop\\\/blue-opal-suns-07-ohrstecker-aus-925-sterling-silber\\\/\"]}]},{\"@type\":\"ImageObject\",\"inLanguage\":\"de\",\"@id\":\"https:\\\/\\\/maxgold.gr\\\/de\\\/shop\\\/blue-opal-suns-07-ohrstecker-aus-925-sterling-silber\\\/#primaryimage\",\"url\":\"https:\\\/\\\/i0.wp.com\\\/maxgold.gr\\\/wp-content\\\/uploads\\\/2024\\\/05\\\/ops5c.jpg?fit=600%2C600&ssl=1\",\"contentUrl\":\"https:\\\/\\\/i0.wp.com\\\/maxgold.gr\\\/wp-content\\\/uploads\\\/2024\\\/05\\\/ops5c.jpg?fit=600%2C600&ssl=1\",\"width\":600,\"height\":600},{\"@type\":\"BreadcrumbList\",\"@id\":\"https:\\\/\\\/maxgold.gr\\\/de\\\/shop\\\/blue-opal-suns-07-ohrstecker-aus-925-sterling-silber\\\/#breadcrumb\",\"itemListElement\":[{\"@type\":\"ListItem\",\"position\":1,\"name\":\"Home\",\"item\":\"https:\\\/\\\/maxgold.gr\\\/de\\\/startseite\\\/\"},{\"@type\":\"ListItem\",\"position\":2,\"name\":\"Gesch\u00e4ft\",\"item\":\"https:\\\/\\\/maxgold.gr\\\/de\\\/%ce%ba%ce%b1%cf%84%ce%ac%cf%83%cf%84%ce%b7%ce%bc%ce%b1\\\/\"},{\"@type\":\"ListItem\",\"position\":3,\"name\":\"&#8222;Blue Opal Suns 0,7&#8220;, Ohrstecker, aus 925 Sterling Silber\"}]},{\"@type\":\"WebSite\",\"@id\":\"https:\\\/\\\/maxgold.gr\\\/de\\\/#website\",\"url\":\"https:\\\/\\\/maxgold.gr\\\/de\\\/\",\"name\":\"Max Gold\",\"description\":\"Max Gold\",\"potentialAction\":[{\"@type\":\"SearchAction\",\"target\":{\"@type\":\"EntryPoint\",\"urlTemplate\":\"https:\\\/\\\/maxgold.gr\\\/de\\\/?s={search_term_string}\"},\"query-input\":{\"@type\":\"PropertyValueSpecification\",\"valueRequired\":true,\"valueName\":\"search_term_string\"}}],\"inLanguage\":\"de\"}]}<\/script>\n<!-- \/ Yoast SEO plugin. -->","yoast_head_json":{"title":"\"Blue Opal Suns 0,7\", Ohrstecker, aus 925 Sterling Silber - Max Gold","robots":{"index":"index","follow":"follow","max-snippet":"max-snippet:-1","max-image-preview":"max-image-preview:large","max-video-preview":"max-video-preview:-1"},"canonical":"https:\/\/maxgold.gr\/de\/shop\/blue-opal-suns-07-ohrstecker-aus-925-sterling-silber\/","og_locale":"de_DE","og_type":"article","og_title":"\"Blue Opal Suns 0,7\", Ohrstecker, aus 925 Sterling Silber - Max Gold","og_description":"Diese &#8222;Blue Opal Suns&#8220; Ohrstecker aus 925er Sterling Silber sind eine vielseitige und stilvolle Wahl f\u00fcr Erwachsene und Kinder, perfekt, um jedem Ensemble einen Farbakzent zu verleihen. Sterlingsilber ist ein hochwertiges Metall, das anlaufbest\u00e4ndig ist. Dadurch wird sichergestellt, dass Ihre Ohrringe ihren Glanz und ihre Sch\u00f6nheit \u00fcber lange Zeit behalten. &nbsp; Produktdetails Abmessungen: 0,7cm hoch [...]","og_url":"https:\/\/maxgold.gr\/de\/shop\/blue-opal-suns-07-ohrstecker-aus-925-sterling-silber\/","og_site_name":"Max Gold","article_publisher":"https:\/\/www.facebook.com\/people\/Max-Gold\/61561801899896\/","og_image":[{"width":600,"height":600,"url":"https:\/\/i0.wp.com\/maxgold.gr\/wp-content\/uploads\/2024\/05\/ops5c.jpg?fit=600%2C600&ssl=1","type":"image\/jpeg"}],"twitter_card":"summary_large_image","schema":{"@context":"https:\/\/schema.org","@graph":[{"@type":"WebPage","@id":"https:\/\/maxgold.gr\/de\/shop\/blue-opal-suns-07-ohrstecker-aus-925-sterling-silber\/","url":"https:\/\/maxgold.gr\/de\/shop\/blue-opal-suns-07-ohrstecker-aus-925-sterling-silber\/","name":"\"Blue Opal Suns 0,7\", Ohrstecker, aus 925 Sterling Silber - Max Gold","isPartOf":{"@id":"https:\/\/maxgold.gr\/de\/#website"},"primaryImageOfPage":{"@id":"https:\/\/maxgold.gr\/de\/shop\/blue-opal-suns-07-ohrstecker-aus-925-sterling-silber\/#primaryimage"},"image":{"@id":"https:\/\/maxgold.gr\/de\/shop\/blue-opal-suns-07-ohrstecker-aus-925-sterling-silber\/#primaryimage"},"thumbnailUrl":"https:\/\/i0.wp.com\/maxgold.gr\/wp-content\/uploads\/2024\/05\/ops5c.jpg?fit=600%2C600&ssl=1","datePublished":"2024-05-14T22:25:37+00:00","breadcrumb":{"@id":"https:\/\/maxgold.gr\/de\/shop\/blue-opal-suns-07-ohrstecker-aus-925-sterling-silber\/#breadcrumb"},"inLanguage":"de","potentialAction":[{"@type":"ReadAction","target":["https:\/\/maxgold.gr\/de\/shop\/blue-opal-suns-07-ohrstecker-aus-925-sterling-silber\/"]}]},{"@type":"ImageObject","inLanguage":"de","@id":"https:\/\/maxgold.gr\/de\/shop\/blue-opal-suns-07-ohrstecker-aus-925-sterling-silber\/#primaryimage","url":"https:\/\/i0.wp.com\/maxgold.gr\/wp-content\/uploads\/2024\/05\/ops5c.jpg?fit=600%2C600&ssl=1","contentUrl":"https:\/\/i0.wp.com\/maxgold.gr\/wp-content\/uploads\/2024\/05\/ops5c.jpg?fit=600%2C600&ssl=1","width":600,"height":600},{"@type":"BreadcrumbList","@id":"https:\/\/maxgold.gr\/de\/shop\/blue-opal-suns-07-ohrstecker-aus-925-sterling-silber\/#breadcrumb","itemListElement":[{"@type":"ListItem","position":1,"name":"Home","item":"https:\/\/maxgold.gr\/de\/startseite\/"},{"@type":"ListItem","position":2,"name":"Gesch\u00e4ft","item":"https:\/\/maxgold.gr\/de\/%ce%ba%ce%b1%cf%84%ce%ac%cf%83%cf%84%ce%b7%ce%bc%ce%b1\/"},{"@type":"ListItem","position":3,"name":"&#8222;Blue Opal Suns 0,7&#8220;, Ohrstecker, aus 925 Sterling Silber"}]},{"@type":"WebSite","@id":"https:\/\/maxgold.gr\/de\/#website","url":"https:\/\/maxgold.gr\/de\/","name":"Max Gold","description":"Max Gold","potentialAction":[{"@type":"SearchAction","target":{"@type":"EntryPoint","urlTemplate":"https:\/\/maxgold.gr\/de\/?s={search_term_string}"},"query-input":{"@type":"PropertyValueSpecification","valueRequired":true,"valueName":"search_term_string"}}],"inLanguage":"de"}]}},"jetpack_sharing_enabled":true,"_links":{"self":[{"href":"https:\/\/maxgold.gr\/de\/wp-json\/wp\/v2\/product\/4277","targetHints":{"allow":["GET"]}}],"collection":[{"href":"https:\/\/maxgold.gr\/de\/wp-json\/wp\/v2\/product"}],"about":[{"href":"https:\/\/maxgold.gr\/de\/wp-json\/wp\/v2\/types\/product"}],"replies":[{"embeddable":true,"href":"https:\/\/maxgold.gr\/de\/wp-json\/wp\/v2\/comments?post=4277"}],"wp:featuredmedia":[{"embeddable":true,"href":"https:\/\/maxgold.gr\/de\/wp-json\/wp\/v2\/media\/4278"}],"wp:attachment":[{"href":"https:\/\/maxgold.gr\/de\/wp-json\/wp\/v2\/media?parent=4277"}],"wp:term":[{"taxonomy":"product_brand","embeddable":true,"href":"https:\/\/maxgold.gr\/de\/wp-json\/wp\/v2\/product_brand?post=4277"},{"taxonomy":"product_cat","embeddable":true,"href":"https:\/\/maxgold.gr\/de\/wp-json\/wp\/v2\/product_cat?post=4277"},{"taxonomy":"product_tag","embeddable":true,"href":"https:\/\/maxgold.gr\/de\/wp-json\/wp\/v2\/product_tag?post=4277"}],"curies":[{"name":"wp","href":"https:\/\/api.w.org\/{rel}","templated":true}]}}