{"id":4305,"date":"2023-12-31T00:26:23","date_gmt":"2023-12-30T21:26:23","guid":{"rendered":"https:\/\/maxgold.gr\/shop\/island-of-rhodes-azurmalachite-925-sterling-silber-mit-azurit-malachit-edelstein\/"},"modified":"2023-12-31T00:26:23","modified_gmt":"2023-12-30T21:26:23","slug":"island-of-rhodes-azurmalachite-925-sterling-silber-mit-azurit-malachit-edelstein","status":"publish","type":"product","link":"https:\/\/maxgold.gr\/de\/shop\/island-of-rhodes-azurmalachite-925-sterling-silber-mit-azurit-malachit-edelstein\/","title":{"rendered":"&#8222;Island of Rhodes Azurmalachite&#8220; 925 Sterling Silber mit Azurit-Malachit Edelstein"},"content":{"rendered":"<div class=\"xKEnc eVZQV\">\n<p>Der &#8222;Island of Rhodes Azurmalachite&#8220; ist ein wundersch\u00f6ner Sterlingsilber-Anh\u00e4nger in Form der griechischen Insel Rhodos, mit einem gro\u00dfen Edelstein aus Azurit-Malachit. Sie k\u00f6nnen den Anh\u00e4nger alleine oder mit einer Kette als Kombination kaufen. <span class=\"tBJ dyH iFc sAJ X8m zDA IZT swG\"><span class=\"richPinInformation\" data-test-id=\"richPinInformation-description\">Die &#8222;Venezia Box&#8220; Kette<\/span><\/span><span class=\"tBJ dyH iFc sAJ X8m zDA IZT swG\"><span class=\"richPinInformation\" data-test-id=\"richPinInformation-description\"> ist perfekt f\u00fcr das t\u00e4gliche Tragen, sowohl f\u00fcr legere als auch f\u00fcr formelle Anl\u00e4sse.<br \/>\n<\/span><\/span><\/p>\n<div>Der Rhodos-Anh\u00e4nger ist das ultimative Geschenk f\u00fcr alle, die diese bezaubernde Insel lieben.<\/div>\n<\/div>\n<div><\/div>\n<div class=\"xKEnc eVZQV\"><\/div>\n<h4><\/h4>\n<h4><\/h4>\n<h4><strong>Produktdetails<\/strong><\/h4>\n<p><strong>Abmessungen des Anh\u00e4ngers:<\/strong> 2,5cm hoch x 1,1cm breit x 0,4cm tief der Silber &amp; der Edelstein<\/p>\n<p><strong>Anh\u00e4nger Edelstein: <\/strong>Azurit-Malachit<\/p>\n<p><strong>Kettentyp: <\/strong>Venezia Box<\/p>\n<p><strong><br \/>\n<\/strong><\/p>\n<p><strong>Breite der Kettenglieder: <\/strong>1mm<strong><br \/>\n<\/strong><\/p>\n<p><strong>Kettenl\u00e4nge:<\/strong> 40cm, 45cm<\/p>\n<p><strong>Metall:<\/strong> Sterling Silber (925)<\/p>\n<p><strong>Metallstempel:<\/strong> 925<\/p>\n<p><strong>Beschichtung: <\/strong>Rhodium<\/p>\n<p>Dieser Schmuck wird in Griechenland hergestellt.<\/p>\n<p>&nbsp;<\/p>\n","protected":false},"excerpt":{"rendered":"<p>Der &#8222;Island of Rhodes Azurmalachite&#8220; ist ein wundersch\u00f6ner Sterlingsilber-Anh\u00e4nger in Form der griechischen Insel Rhodos, mit einem gro\u00dfen Edelstein aus Azurit-Malachit. Sie k\u00f6nnen den Anh\u00e4nger alleine oder mit einer Kette als Kombination kaufen. Die &#8222;Venezia Box&#8220; Kette ist perfekt f\u00fcr das t\u00e4gliche Tragen, sowohl f\u00fcr legere als auch f\u00fcr formelle Anl\u00e4sse. Der Rhodos-Anh\u00e4nger ist das [&#8230;]\n","protected":false},"featured_media":3828,"comment_status":"open","ping_status":"closed","template":"","meta":[],"product_brand":[],"product_cat":[438,532,533,526,500,439,436,516,525,475,715,451,434,435],"product_tag":[544,575,593,443,444,442],"class_list":{"0":"post-4305","1":"product","2":"type-product","3":"status-publish","4":"has-post-thumbnail","6":"product_cat-die-insel-rhodos-kollektion","7":"product_cat-anhaenger-charms","8":"product_cat-anhaenger-charms-mit-edelsteinen","9":"product_cat-anhaengerketten-mit-edelsteinen","10":"product_cat-azurit-malachit-karneol","11":"product_cat-damenschmuck","12":"product_cat-edelsteine","13":"product_cat-halsketten-anhaenger","14":"product_cat-halsketten-mit-anhaenger","15":"product_cat-herrenanhaenger","16":"product_cat-thanos","17":"product_cat-mannerschmuck","18":"product_cat-metall","19":"product_cat-sterling-silber-925","20":"product_tag-azurmalachit","21":"product_tag-edelsteine","22":"product_tag-halskette-mit-anhaenger","23":"product_tag-inseln","24":"product_tag-rhodes-de","25":"product_tag-sterling-silber-925","27":"first","28":"instock","29":"sold-individually","30":"taxable","31":"shipping-taxable","32":"purchasable","33":"product-type-variable","34":"add-to-wishlist-before_add_to_cart"},"yoast_head":"<!-- This site is optimized with the Yoast SEO plugin v27.5 - https:\/\/yoast.com\/product\/yoast-seo-wordpress\/ -->\n<title>&quot;Island of Rhodes Azurmalachite&quot; 925 Sterling Silber mit Azurit-Malachit Edelstein - Max Gold<\/title>\n<meta name=\"robots\" content=\"index, follow, max-snippet:-1, max-image-preview:large, max-video-preview:-1\" \/>\n<link rel=\"canonical\" href=\"https:\/\/maxgold.gr\/de\/shop\/island-of-rhodes-azurmalachite-925-sterling-silber-mit-azurit-malachit-edelstein\/\" \/>\n<meta property=\"og:locale\" content=\"de_DE\" \/>\n<meta property=\"og:type\" content=\"article\" \/>\n<meta property=\"og:title\" content=\"&quot;Island of Rhodes Azurmalachite&quot; 925 Sterling Silber mit Azurit-Malachit Edelstein - Max Gold\" \/>\n<meta property=\"og:description\" content=\"Der &#8222;Island of Rhodes Azurmalachite&#8220; ist ein wundersch\u00f6ner Sterlingsilber-Anh\u00e4nger in Form der griechischen Insel Rhodos, mit einem gro\u00dfen Edelstein aus Azurit-Malachit. Sie k\u00f6nnen den Anh\u00e4nger alleine oder mit einer Kette als Kombination kaufen. Die &#8222;Venezia Box&#8220; Kette ist perfekt f\u00fcr das t\u00e4gliche Tragen, sowohl f\u00fcr legere als auch f\u00fcr formelle Anl\u00e4sse. Der Rhodos-Anh\u00e4nger ist das [...]\" \/>\n<meta property=\"og:url\" content=\"https:\/\/maxgold.gr\/de\/shop\/island-of-rhodes-azurmalachite-925-sterling-silber-mit-azurit-malachit-edelstein\/\" \/>\n<meta property=\"og:site_name\" content=\"Max Gold\" \/>\n<meta property=\"article:publisher\" content=\"https:\/\/www.facebook.com\/people\/Max-Gold\/61561801899896\/\" \/>\n<meta property=\"og:image\" content=\"https:\/\/i0.wp.com\/maxgold.gr\/wp-content\/uploads\/2023\/12\/r3e.jpg?fit=600%2C600&ssl=1\" \/>\n\t<meta property=\"og:image:width\" content=\"600\" \/>\n\t<meta property=\"og:image:height\" content=\"600\" \/>\n\t<meta property=\"og:image:type\" content=\"image\/jpeg\" \/>\n<meta name=\"twitter:card\" content=\"summary_large_image\" \/>\n<meta name=\"twitter:label1\" content=\"Gesch\u00e4tzte Lesezeit\" \/>\n\t<meta name=\"twitter:data1\" content=\"1\u00a0Minute\" \/>\n<script type=\"application\/ld+json\" class=\"yoast-schema-graph\">{\"@context\":\"https:\\\/\\\/schema.org\",\"@graph\":[{\"@type\":\"WebPage\",\"@id\":\"https:\\\/\\\/maxgold.gr\\\/de\\\/shop\\\/island-of-rhodes-azurmalachite-925-sterling-silber-mit-azurit-malachit-edelstein\\\/\",\"url\":\"https:\\\/\\\/maxgold.gr\\\/de\\\/shop\\\/island-of-rhodes-azurmalachite-925-sterling-silber-mit-azurit-malachit-edelstein\\\/\",\"name\":\"\\\"Island of Rhodes Azurmalachite\\\" 925 Sterling Silber mit Azurit-Malachit Edelstein - Max Gold\",\"isPartOf\":{\"@id\":\"https:\\\/\\\/maxgold.gr\\\/de\\\/#website\"},\"primaryImageOfPage\":{\"@id\":\"https:\\\/\\\/maxgold.gr\\\/de\\\/shop\\\/island-of-rhodes-azurmalachite-925-sterling-silber-mit-azurit-malachit-edelstein\\\/#primaryimage\"},\"image\":{\"@id\":\"https:\\\/\\\/maxgold.gr\\\/de\\\/shop\\\/island-of-rhodes-azurmalachite-925-sterling-silber-mit-azurit-malachit-edelstein\\\/#primaryimage\"},\"thumbnailUrl\":\"https:\\\/\\\/i0.wp.com\\\/maxgold.gr\\\/wp-content\\\/uploads\\\/2023\\\/12\\\/r3e.jpg?fit=600%2C600&ssl=1\",\"datePublished\":\"2023-12-30T21:26:23+00:00\",\"breadcrumb\":{\"@id\":\"https:\\\/\\\/maxgold.gr\\\/de\\\/shop\\\/island-of-rhodes-azurmalachite-925-sterling-silber-mit-azurit-malachit-edelstein\\\/#breadcrumb\"},\"inLanguage\":\"de\",\"potentialAction\":[{\"@type\":\"ReadAction\",\"target\":[\"https:\\\/\\\/maxgold.gr\\\/de\\\/shop\\\/island-of-rhodes-azurmalachite-925-sterling-silber-mit-azurit-malachit-edelstein\\\/\"]}]},{\"@type\":\"ImageObject\",\"inLanguage\":\"de\",\"@id\":\"https:\\\/\\\/maxgold.gr\\\/de\\\/shop\\\/island-of-rhodes-azurmalachite-925-sterling-silber-mit-azurit-malachit-edelstein\\\/#primaryimage\",\"url\":\"https:\\\/\\\/i0.wp.com\\\/maxgold.gr\\\/wp-content\\\/uploads\\\/2023\\\/12\\\/r3e.jpg?fit=600%2C600&ssl=1\",\"contentUrl\":\"https:\\\/\\\/i0.wp.com\\\/maxgold.gr\\\/wp-content\\\/uploads\\\/2023\\\/12\\\/r3e.jpg?fit=600%2C600&ssl=1\",\"width\":600,\"height\":600},{\"@type\":\"BreadcrumbList\",\"@id\":\"https:\\\/\\\/maxgold.gr\\\/de\\\/shop\\\/island-of-rhodes-azurmalachite-925-sterling-silber-mit-azurit-malachit-edelstein\\\/#breadcrumb\",\"itemListElement\":[{\"@type\":\"ListItem\",\"position\":1,\"name\":\"Home\",\"item\":\"https:\\\/\\\/maxgold.gr\\\/de\\\/startseite\\\/\"},{\"@type\":\"ListItem\",\"position\":2,\"name\":\"Gesch\u00e4ft\",\"item\":\"https:\\\/\\\/maxgold.gr\\\/de\\\/%ce%ba%ce%b1%cf%84%ce%ac%cf%83%cf%84%ce%b7%ce%bc%ce%b1\\\/\"},{\"@type\":\"ListItem\",\"position\":3,\"name\":\"&#8222;Island of Rhodes Azurmalachite&#8220; 925 Sterling Silber mit Azurit-Malachit Edelstein\"}]},{\"@type\":\"WebSite\",\"@id\":\"https:\\\/\\\/maxgold.gr\\\/de\\\/#website\",\"url\":\"https:\\\/\\\/maxgold.gr\\\/de\\\/\",\"name\":\"Max Gold\",\"description\":\"Max Gold\",\"potentialAction\":[{\"@type\":\"SearchAction\",\"target\":{\"@type\":\"EntryPoint\",\"urlTemplate\":\"https:\\\/\\\/maxgold.gr\\\/de\\\/?s={search_term_string}\"},\"query-input\":{\"@type\":\"PropertyValueSpecification\",\"valueRequired\":true,\"valueName\":\"search_term_string\"}}],\"inLanguage\":\"de\"}]}<\/script>\n<!-- \/ Yoast SEO plugin. -->","yoast_head_json":{"title":"\"Island of Rhodes Azurmalachite\" 925 Sterling Silber mit Azurit-Malachit Edelstein - Max Gold","robots":{"index":"index","follow":"follow","max-snippet":"max-snippet:-1","max-image-preview":"max-image-preview:large","max-video-preview":"max-video-preview:-1"},"canonical":"https:\/\/maxgold.gr\/de\/shop\/island-of-rhodes-azurmalachite-925-sterling-silber-mit-azurit-malachit-edelstein\/","og_locale":"de_DE","og_type":"article","og_title":"\"Island of Rhodes Azurmalachite\" 925 Sterling Silber mit Azurit-Malachit Edelstein - Max Gold","og_description":"Der &#8222;Island of Rhodes Azurmalachite&#8220; ist ein wundersch\u00f6ner Sterlingsilber-Anh\u00e4nger in Form der griechischen Insel Rhodos, mit einem gro\u00dfen Edelstein aus Azurit-Malachit. Sie k\u00f6nnen den Anh\u00e4nger alleine oder mit einer Kette als Kombination kaufen. Die &#8222;Venezia Box&#8220; Kette ist perfekt f\u00fcr das t\u00e4gliche Tragen, sowohl f\u00fcr legere als auch f\u00fcr formelle Anl\u00e4sse. Der Rhodos-Anh\u00e4nger ist das [...]","og_url":"https:\/\/maxgold.gr\/de\/shop\/island-of-rhodes-azurmalachite-925-sterling-silber-mit-azurit-malachit-edelstein\/","og_site_name":"Max Gold","article_publisher":"https:\/\/www.facebook.com\/people\/Max-Gold\/61561801899896\/","og_image":[{"width":600,"height":600,"url":"https:\/\/i0.wp.com\/maxgold.gr\/wp-content\/uploads\/2023\/12\/r3e.jpg?fit=600%2C600&ssl=1","type":"image\/jpeg"}],"twitter_card":"summary_large_image","twitter_misc":{"Gesch\u00e4tzte Lesezeit":"1\u00a0Minute"},"schema":{"@context":"https:\/\/schema.org","@graph":[{"@type":"WebPage","@id":"https:\/\/maxgold.gr\/de\/shop\/island-of-rhodes-azurmalachite-925-sterling-silber-mit-azurit-malachit-edelstein\/","url":"https:\/\/maxgold.gr\/de\/shop\/island-of-rhodes-azurmalachite-925-sterling-silber-mit-azurit-malachit-edelstein\/","name":"\"Island of Rhodes Azurmalachite\" 925 Sterling Silber mit Azurit-Malachit Edelstein - Max Gold","isPartOf":{"@id":"https:\/\/maxgold.gr\/de\/#website"},"primaryImageOfPage":{"@id":"https:\/\/maxgold.gr\/de\/shop\/island-of-rhodes-azurmalachite-925-sterling-silber-mit-azurit-malachit-edelstein\/#primaryimage"},"image":{"@id":"https:\/\/maxgold.gr\/de\/shop\/island-of-rhodes-azurmalachite-925-sterling-silber-mit-azurit-malachit-edelstein\/#primaryimage"},"thumbnailUrl":"https:\/\/i0.wp.com\/maxgold.gr\/wp-content\/uploads\/2023\/12\/r3e.jpg?fit=600%2C600&ssl=1","datePublished":"2023-12-30T21:26:23+00:00","breadcrumb":{"@id":"https:\/\/maxgold.gr\/de\/shop\/island-of-rhodes-azurmalachite-925-sterling-silber-mit-azurit-malachit-edelstein\/#breadcrumb"},"inLanguage":"de","potentialAction":[{"@type":"ReadAction","target":["https:\/\/maxgold.gr\/de\/shop\/island-of-rhodes-azurmalachite-925-sterling-silber-mit-azurit-malachit-edelstein\/"]}]},{"@type":"ImageObject","inLanguage":"de","@id":"https:\/\/maxgold.gr\/de\/shop\/island-of-rhodes-azurmalachite-925-sterling-silber-mit-azurit-malachit-edelstein\/#primaryimage","url":"https:\/\/i0.wp.com\/maxgold.gr\/wp-content\/uploads\/2023\/12\/r3e.jpg?fit=600%2C600&ssl=1","contentUrl":"https:\/\/i0.wp.com\/maxgold.gr\/wp-content\/uploads\/2023\/12\/r3e.jpg?fit=600%2C600&ssl=1","width":600,"height":600},{"@type":"BreadcrumbList","@id":"https:\/\/maxgold.gr\/de\/shop\/island-of-rhodes-azurmalachite-925-sterling-silber-mit-azurit-malachit-edelstein\/#breadcrumb","itemListElement":[{"@type":"ListItem","position":1,"name":"Home","item":"https:\/\/maxgold.gr\/de\/startseite\/"},{"@type":"ListItem","position":2,"name":"Gesch\u00e4ft","item":"https:\/\/maxgold.gr\/de\/%ce%ba%ce%b1%cf%84%ce%ac%cf%83%cf%84%ce%b7%ce%bc%ce%b1\/"},{"@type":"ListItem","position":3,"name":"&#8222;Island of Rhodes Azurmalachite&#8220; 925 Sterling Silber mit Azurit-Malachit Edelstein"}]},{"@type":"WebSite","@id":"https:\/\/maxgold.gr\/de\/#website","url":"https:\/\/maxgold.gr\/de\/","name":"Max Gold","description":"Max Gold","potentialAction":[{"@type":"SearchAction","target":{"@type":"EntryPoint","urlTemplate":"https:\/\/maxgold.gr\/de\/?s={search_term_string}"},"query-input":{"@type":"PropertyValueSpecification","valueRequired":true,"valueName":"search_term_string"}}],"inLanguage":"de"}]}},"jetpack_sharing_enabled":true,"_links":{"self":[{"href":"https:\/\/maxgold.gr\/de\/wp-json\/wp\/v2\/product\/4305","targetHints":{"allow":["GET"]}}],"collection":[{"href":"https:\/\/maxgold.gr\/de\/wp-json\/wp\/v2\/product"}],"about":[{"href":"https:\/\/maxgold.gr\/de\/wp-json\/wp\/v2\/types\/product"}],"replies":[{"embeddable":true,"href":"https:\/\/maxgold.gr\/de\/wp-json\/wp\/v2\/comments?post=4305"}],"wp:featuredmedia":[{"embeddable":true,"href":"https:\/\/maxgold.gr\/de\/wp-json\/wp\/v2\/media\/3828"}],"wp:attachment":[{"href":"https:\/\/maxgold.gr\/de\/wp-json\/wp\/v2\/media?parent=4305"}],"wp:term":[{"taxonomy":"product_brand","embeddable":true,"href":"https:\/\/maxgold.gr\/de\/wp-json\/wp\/v2\/product_brand?post=4305"},{"taxonomy":"product_cat","embeddable":true,"href":"https:\/\/maxgold.gr\/de\/wp-json\/wp\/v2\/product_cat?post=4305"},{"taxonomy":"product_tag","embeddable":true,"href":"https:\/\/maxgold.gr\/de\/wp-json\/wp\/v2\/product_tag?post=4305"}],"curies":[{"name":"wp","href":"https:\/\/api.w.org\/{rel}","templated":true}]}}