{"id":4488,"date":"2024-11-18T03:46:02","date_gmt":"2024-11-18T00:46:02","guid":{"rendered":"https:\/\/maxgold.gr\/?post_type=product&#038;p=4488"},"modified":"2024-11-18T03:55:25","modified_gmt":"2024-11-18T00:55:25","slug":"silberner-blauer-opal-ring-menopad-blau-aus-925-sterling-silber-mit-meandros-design-und-4-blauen-opalsteinen-verstellbar-copy","status":"publish","type":"product","link":"https:\/\/maxgold.gr\/de\/shop\/silberner-blauer-opal-ring-menopad-blau-aus-925-sterling-silber-mit-meandros-design-und-4-blauen-opalsteinen-verstellbar-copy\/","title":{"rendered":"Silberner Wei\u00dfer Opal Ring &#8222;Menopad Wei\u00df&#8220;, aus 925 Sterling Silber, mit Meandros Design und 4 wei\u00dfen Opalsteinen, verstellbar"},"content":{"rendered":"<p>Entdecken Sie die exquisite Sch\u00f6nheit des wei\u00dfen Opalrings &#8222;Menopad White&#8220;. Dieser aus hochwertigem 925er Sterlingsilber gefertigte Ring hat ein atemberaubendes Meandros-Design und 4 bezaubernde synthetische wei\u00dfe Opalsteine, die eine einzigartige Brillanz ausstrahlen.  &nbsp;<\/p>\n<p>&nbsp;<\/p>\n<p>&nbsp;<\/p>\n<h4><strong>Produktdetails<\/strong><\/h4>\n<p><strong>Gr\u00f6\u00dfe: <\/strong>52, 54, 56, 58, 60, Einstellbar (max. 2 Gr\u00f6\u00dfen gr\u00f6\u00dfer oder kleiner)<\/p>\n<p><strong>Breite: <\/strong>1,2cm<\/p>\n<p><strong>Edelstein:<\/strong> Synthetischer wei\u00dfer Opal   <strong>Metall:<\/strong> Sterling Silber (925) <strong>Metallstempel:<\/strong> 925 <strong>Beschichtung: <\/strong>Rhodium &nbsp;<\/p>\n","protected":false},"excerpt":{"rendered":"<p>Entdecken Sie die exquisite Sch\u00f6nheit des wei\u00dfen Opalrings &#8222;Menopad White&#8220;. Dieser aus hochwertigem 925er Sterlingsilber gefertigte Ring hat ein atemberaubendes Meandros-Design und 4 bezaubernde synthetische wei\u00dfe Opalsteine, die eine einzigartige Brillanz ausstrahlen. &nbsp; &nbsp; &nbsp; Produktdetails Gr\u00f6\u00dfe: 52, 54, 56, 58, 60, Einstellbar (max. 2 Gr\u00f6\u00dfen gr\u00f6\u00dfer oder kleiner) Breite: 1,2cm Edelstein: Synthetischer wei\u00dfer Opal [&#8230;]\n","protected":false},"featured_media":4501,"comment_status":"open","ping_status":"closed","template":"","meta":[],"product_brand":[],"product_cat":[439,467,434,432,538,726,435,470,514,628,539],"product_tag":[547,442,551,611,612],"class_list":{"0":"post-4488","1":"product","2":"type-product","3":"status-publish","4":"has-post-thumbnail","6":"product_cat-damenschmuck","7":"product_cat-meandros-greek-collection-de","8":"product_cat-metall","9":"product_cat-neu-ankommen","10":"product_cat-ringe","11":"product_cat-silber","12":"product_cat-sterling-silber-925","13":"product_cat-kuenstliche-opal","14":"product_cat-synthetischer-weisser-opal","15":"product_cat-synthetischer-weisser-opal-silber","16":"product_cat-verstellbare-ringe","17":"product_tag-meandros-griechische-kollektion","18":"product_tag-sterling-silber-925","19":"product_tag-verstellbar","20":"product_tag-weiss","21":"product_tag-weisser-opal","23":"first","24":"instock","25":"taxable","26":"shipping-taxable","27":"purchasable","28":"product-type-variable","29":"add-to-wishlist-before_add_to_cart"},"yoast_head":"<!-- This site is optimized with the Yoast SEO plugin v27.5 - https:\/\/yoast.com\/product\/yoast-seo-wordpress\/ -->\n<title>Silberner Wei\u00dfer Opal Ring &quot;Menopad Wei\u00df&quot;, aus 925 Sterling Silber, mit Meandros Design und 4 wei\u00dfen Opalsteinen, verstellbar - Max Gold<\/title>\n<meta name=\"robots\" content=\"index, follow, max-snippet:-1, max-image-preview:large, max-video-preview:-1\" \/>\n<link rel=\"canonical\" href=\"https:\/\/maxgold.gr\/de\/shop\/silberner-blauer-opal-ring-menopad-blau-aus-925-sterling-silber-mit-meandros-design-und-4-blauen-opalsteinen-verstellbar-copy\/\" \/>\n<meta property=\"og:locale\" content=\"de_DE\" \/>\n<meta property=\"og:type\" content=\"article\" \/>\n<meta property=\"og:title\" content=\"Silberner Wei\u00dfer Opal Ring &quot;Menopad Wei\u00df&quot;, aus 925 Sterling Silber, mit Meandros Design und 4 wei\u00dfen Opalsteinen, verstellbar - Max Gold\" \/>\n<meta property=\"og:description\" content=\"Entdecken Sie die exquisite Sch\u00f6nheit des wei\u00dfen Opalrings &#8222;Menopad White&#8220;. Dieser aus hochwertigem 925er Sterlingsilber gefertigte Ring hat ein atemberaubendes Meandros-Design und 4 bezaubernde synthetische wei\u00dfe Opalsteine, die eine einzigartige Brillanz ausstrahlen. &nbsp; &nbsp; &nbsp; Produktdetails Gr\u00f6\u00dfe: 52, 54, 56, 58, 60, Einstellbar (max. 2 Gr\u00f6\u00dfen gr\u00f6\u00dfer oder kleiner) Breite: 1,2cm Edelstein: Synthetischer wei\u00dfer Opal [...]\" \/>\n<meta property=\"og:url\" content=\"https:\/\/maxgold.gr\/de\/shop\/silberner-blauer-opal-ring-menopad-blau-aus-925-sterling-silber-mit-meandros-design-und-4-blauen-opalsteinen-verstellbar-copy\/\" \/>\n<meta property=\"og:site_name\" content=\"Max Gold\" \/>\n<meta property=\"article:publisher\" content=\"https:\/\/www.facebook.com\/people\/Max-Gold\/61561801899896\/\" \/>\n<meta property=\"article:modified_time\" content=\"2024-11-18T00:55:25+00:00\" \/>\n<meta property=\"og:image\" content=\"https:\/\/i0.wp.com\/maxgold.gr\/wp-content\/uploads\/2024\/11\/do-1c.jpg?fit=900%2C900&ssl=1\" \/>\n\t<meta property=\"og:image:width\" content=\"900\" \/>\n\t<meta property=\"og:image:height\" content=\"900\" \/>\n\t<meta property=\"og:image:type\" content=\"image\/jpeg\" \/>\n<meta name=\"twitter:card\" content=\"summary_large_image\" \/>\n<script type=\"application\/ld+json\" class=\"yoast-schema-graph\">{\"@context\":\"https:\\\/\\\/schema.org\",\"@graph\":[{\"@type\":\"WebPage\",\"@id\":\"https:\\\/\\\/maxgold.gr\\\/de\\\/shop\\\/silberner-blauer-opal-ring-menopad-blau-aus-925-sterling-silber-mit-meandros-design-und-4-blauen-opalsteinen-verstellbar-copy\\\/\",\"url\":\"https:\\\/\\\/maxgold.gr\\\/de\\\/shop\\\/silberner-blauer-opal-ring-menopad-blau-aus-925-sterling-silber-mit-meandros-design-und-4-blauen-opalsteinen-verstellbar-copy\\\/\",\"name\":\"Silberner Wei\u00dfer Opal Ring \\\"Menopad Wei\u00df\\\", aus 925 Sterling Silber, mit Meandros Design und 4 wei\u00dfen Opalsteinen, verstellbar - Max Gold\",\"isPartOf\":{\"@id\":\"https:\\\/\\\/maxgold.gr\\\/de\\\/#website\"},\"primaryImageOfPage\":{\"@id\":\"https:\\\/\\\/maxgold.gr\\\/de\\\/shop\\\/silberner-blauer-opal-ring-menopad-blau-aus-925-sterling-silber-mit-meandros-design-und-4-blauen-opalsteinen-verstellbar-copy\\\/#primaryimage\"},\"image\":{\"@id\":\"https:\\\/\\\/maxgold.gr\\\/de\\\/shop\\\/silberner-blauer-opal-ring-menopad-blau-aus-925-sterling-silber-mit-meandros-design-und-4-blauen-opalsteinen-verstellbar-copy\\\/#primaryimage\"},\"thumbnailUrl\":\"https:\\\/\\\/i0.wp.com\\\/maxgold.gr\\\/wp-content\\\/uploads\\\/2024\\\/11\\\/do-1c.jpg?fit=900%2C900&ssl=1\",\"datePublished\":\"2024-11-18T00:46:02+00:00\",\"dateModified\":\"2024-11-18T00:55:25+00:00\",\"breadcrumb\":{\"@id\":\"https:\\\/\\\/maxgold.gr\\\/de\\\/shop\\\/silberner-blauer-opal-ring-menopad-blau-aus-925-sterling-silber-mit-meandros-design-und-4-blauen-opalsteinen-verstellbar-copy\\\/#breadcrumb\"},\"inLanguage\":\"de\",\"potentialAction\":[{\"@type\":\"ReadAction\",\"target\":[\"https:\\\/\\\/maxgold.gr\\\/de\\\/shop\\\/silberner-blauer-opal-ring-menopad-blau-aus-925-sterling-silber-mit-meandros-design-und-4-blauen-opalsteinen-verstellbar-copy\\\/\"]}]},{\"@type\":\"ImageObject\",\"inLanguage\":\"de\",\"@id\":\"https:\\\/\\\/maxgold.gr\\\/de\\\/shop\\\/silberner-blauer-opal-ring-menopad-blau-aus-925-sterling-silber-mit-meandros-design-und-4-blauen-opalsteinen-verstellbar-copy\\\/#primaryimage\",\"url\":\"https:\\\/\\\/i0.wp.com\\\/maxgold.gr\\\/wp-content\\\/uploads\\\/2024\\\/11\\\/do-1c.jpg?fit=900%2C900&ssl=1\",\"contentUrl\":\"https:\\\/\\\/i0.wp.com\\\/maxgold.gr\\\/wp-content\\\/uploads\\\/2024\\\/11\\\/do-1c.jpg?fit=900%2C900&ssl=1\",\"width\":900,\"height\":900},{\"@type\":\"BreadcrumbList\",\"@id\":\"https:\\\/\\\/maxgold.gr\\\/de\\\/shop\\\/silberner-blauer-opal-ring-menopad-blau-aus-925-sterling-silber-mit-meandros-design-und-4-blauen-opalsteinen-verstellbar-copy\\\/#breadcrumb\",\"itemListElement\":[{\"@type\":\"ListItem\",\"position\":1,\"name\":\"Home\",\"item\":\"https:\\\/\\\/maxgold.gr\\\/de\\\/startseite\\\/\"},{\"@type\":\"ListItem\",\"position\":2,\"name\":\"Gesch\u00e4ft\",\"item\":\"https:\\\/\\\/maxgold.gr\\\/de\\\/%ce%ba%ce%b1%cf%84%ce%ac%cf%83%cf%84%ce%b7%ce%bc%ce%b1\\\/\"},{\"@type\":\"ListItem\",\"position\":3,\"name\":\"Silberner Wei\u00dfer Opal Ring &#8220;Menopad Wei\u00df&#8221;, aus 925 Sterling Silber, mit Meandros Design und 4 wei\u00dfen Opalsteinen, verstellbar\"}]},{\"@type\":\"WebSite\",\"@id\":\"https:\\\/\\\/maxgold.gr\\\/de\\\/#website\",\"url\":\"https:\\\/\\\/maxgold.gr\\\/de\\\/\",\"name\":\"Max Gold\",\"description\":\"Max Gold\",\"potentialAction\":[{\"@type\":\"SearchAction\",\"target\":{\"@type\":\"EntryPoint\",\"urlTemplate\":\"https:\\\/\\\/maxgold.gr\\\/de\\\/?s={search_term_string}\"},\"query-input\":{\"@type\":\"PropertyValueSpecification\",\"valueRequired\":true,\"valueName\":\"search_term_string\"}}],\"inLanguage\":\"de\"}]}<\/script>\n<!-- \/ Yoast SEO plugin. -->","yoast_head_json":{"title":"Silberner Wei\u00dfer Opal Ring \"Menopad Wei\u00df\", aus 925 Sterling Silber, mit Meandros Design und 4 wei\u00dfen Opalsteinen, verstellbar - Max Gold","robots":{"index":"index","follow":"follow","max-snippet":"max-snippet:-1","max-image-preview":"max-image-preview:large","max-video-preview":"max-video-preview:-1"},"canonical":"https:\/\/maxgold.gr\/de\/shop\/silberner-blauer-opal-ring-menopad-blau-aus-925-sterling-silber-mit-meandros-design-und-4-blauen-opalsteinen-verstellbar-copy\/","og_locale":"de_DE","og_type":"article","og_title":"Silberner Wei\u00dfer Opal Ring \"Menopad Wei\u00df\", aus 925 Sterling Silber, mit Meandros Design und 4 wei\u00dfen Opalsteinen, verstellbar - Max Gold","og_description":"Entdecken Sie die exquisite Sch\u00f6nheit des wei\u00dfen Opalrings &#8222;Menopad White&#8220;. Dieser aus hochwertigem 925er Sterlingsilber gefertigte Ring hat ein atemberaubendes Meandros-Design und 4 bezaubernde synthetische wei\u00dfe Opalsteine, die eine einzigartige Brillanz ausstrahlen. &nbsp; &nbsp; &nbsp; Produktdetails Gr\u00f6\u00dfe: 52, 54, 56, 58, 60, Einstellbar (max. 2 Gr\u00f6\u00dfen gr\u00f6\u00dfer oder kleiner) Breite: 1,2cm Edelstein: Synthetischer wei\u00dfer Opal [...]","og_url":"https:\/\/maxgold.gr\/de\/shop\/silberner-blauer-opal-ring-menopad-blau-aus-925-sterling-silber-mit-meandros-design-und-4-blauen-opalsteinen-verstellbar-copy\/","og_site_name":"Max Gold","article_publisher":"https:\/\/www.facebook.com\/people\/Max-Gold\/61561801899896\/","article_modified_time":"2024-11-18T00:55:25+00:00","og_image":[{"width":900,"height":900,"url":"https:\/\/i0.wp.com\/maxgold.gr\/wp-content\/uploads\/2024\/11\/do-1c.jpg?fit=900%2C900&ssl=1","type":"image\/jpeg"}],"twitter_card":"summary_large_image","schema":{"@context":"https:\/\/schema.org","@graph":[{"@type":"WebPage","@id":"https:\/\/maxgold.gr\/de\/shop\/silberner-blauer-opal-ring-menopad-blau-aus-925-sterling-silber-mit-meandros-design-und-4-blauen-opalsteinen-verstellbar-copy\/","url":"https:\/\/maxgold.gr\/de\/shop\/silberner-blauer-opal-ring-menopad-blau-aus-925-sterling-silber-mit-meandros-design-und-4-blauen-opalsteinen-verstellbar-copy\/","name":"Silberner Wei\u00dfer Opal Ring \"Menopad Wei\u00df\", aus 925 Sterling Silber, mit Meandros Design und 4 wei\u00dfen Opalsteinen, verstellbar - Max Gold","isPartOf":{"@id":"https:\/\/maxgold.gr\/de\/#website"},"primaryImageOfPage":{"@id":"https:\/\/maxgold.gr\/de\/shop\/silberner-blauer-opal-ring-menopad-blau-aus-925-sterling-silber-mit-meandros-design-und-4-blauen-opalsteinen-verstellbar-copy\/#primaryimage"},"image":{"@id":"https:\/\/maxgold.gr\/de\/shop\/silberner-blauer-opal-ring-menopad-blau-aus-925-sterling-silber-mit-meandros-design-und-4-blauen-opalsteinen-verstellbar-copy\/#primaryimage"},"thumbnailUrl":"https:\/\/i0.wp.com\/maxgold.gr\/wp-content\/uploads\/2024\/11\/do-1c.jpg?fit=900%2C900&ssl=1","datePublished":"2024-11-18T00:46:02+00:00","dateModified":"2024-11-18T00:55:25+00:00","breadcrumb":{"@id":"https:\/\/maxgold.gr\/de\/shop\/silberner-blauer-opal-ring-menopad-blau-aus-925-sterling-silber-mit-meandros-design-und-4-blauen-opalsteinen-verstellbar-copy\/#breadcrumb"},"inLanguage":"de","potentialAction":[{"@type":"ReadAction","target":["https:\/\/maxgold.gr\/de\/shop\/silberner-blauer-opal-ring-menopad-blau-aus-925-sterling-silber-mit-meandros-design-und-4-blauen-opalsteinen-verstellbar-copy\/"]}]},{"@type":"ImageObject","inLanguage":"de","@id":"https:\/\/maxgold.gr\/de\/shop\/silberner-blauer-opal-ring-menopad-blau-aus-925-sterling-silber-mit-meandros-design-und-4-blauen-opalsteinen-verstellbar-copy\/#primaryimage","url":"https:\/\/i0.wp.com\/maxgold.gr\/wp-content\/uploads\/2024\/11\/do-1c.jpg?fit=900%2C900&ssl=1","contentUrl":"https:\/\/i0.wp.com\/maxgold.gr\/wp-content\/uploads\/2024\/11\/do-1c.jpg?fit=900%2C900&ssl=1","width":900,"height":900},{"@type":"BreadcrumbList","@id":"https:\/\/maxgold.gr\/de\/shop\/silberner-blauer-opal-ring-menopad-blau-aus-925-sterling-silber-mit-meandros-design-und-4-blauen-opalsteinen-verstellbar-copy\/#breadcrumb","itemListElement":[{"@type":"ListItem","position":1,"name":"Home","item":"https:\/\/maxgold.gr\/de\/startseite\/"},{"@type":"ListItem","position":2,"name":"Gesch\u00e4ft","item":"https:\/\/maxgold.gr\/de\/%ce%ba%ce%b1%cf%84%ce%ac%cf%83%cf%84%ce%b7%ce%bc%ce%b1\/"},{"@type":"ListItem","position":3,"name":"Silberner Wei\u00dfer Opal Ring &#8220;Menopad Wei\u00df&#8221;, aus 925 Sterling Silber, mit Meandros Design und 4 wei\u00dfen Opalsteinen, verstellbar"}]},{"@type":"WebSite","@id":"https:\/\/maxgold.gr\/de\/#website","url":"https:\/\/maxgold.gr\/de\/","name":"Max Gold","description":"Max Gold","potentialAction":[{"@type":"SearchAction","target":{"@type":"EntryPoint","urlTemplate":"https:\/\/maxgold.gr\/de\/?s={search_term_string}"},"query-input":{"@type":"PropertyValueSpecification","valueRequired":true,"valueName":"search_term_string"}}],"inLanguage":"de"}]}},"jetpack_sharing_enabled":true,"_links":{"self":[{"href":"https:\/\/maxgold.gr\/de\/wp-json\/wp\/v2\/product\/4488","targetHints":{"allow":["GET"]}}],"collection":[{"href":"https:\/\/maxgold.gr\/de\/wp-json\/wp\/v2\/product"}],"about":[{"href":"https:\/\/maxgold.gr\/de\/wp-json\/wp\/v2\/types\/product"}],"replies":[{"embeddable":true,"href":"https:\/\/maxgold.gr\/de\/wp-json\/wp\/v2\/comments?post=4488"}],"wp:featuredmedia":[{"embeddable":true,"href":"https:\/\/maxgold.gr\/de\/wp-json\/wp\/v2\/media\/4501"}],"wp:attachment":[{"href":"https:\/\/maxgold.gr\/de\/wp-json\/wp\/v2\/media?parent=4488"}],"wp:term":[{"taxonomy":"product_brand","embeddable":true,"href":"https:\/\/maxgold.gr\/de\/wp-json\/wp\/v2\/product_brand?post=4488"},{"taxonomy":"product_cat","embeddable":true,"href":"https:\/\/maxgold.gr\/de\/wp-json\/wp\/v2\/product_cat?post=4488"},{"taxonomy":"product_tag","embeddable":true,"href":"https:\/\/maxgold.gr\/de\/wp-json\/wp\/v2\/product_tag?post=4488"}],"curies":[{"name":"wp","href":"https:\/\/api.w.org\/{rel}","templated":true}]}}