{"id":4584,"date":"2023-12-13T00:10:24","date_gmt":"2023-12-12T21:10:24","guid":{"rendered":"https:\/\/maxgold.gr\/shop\/schmetterling-azurmalachit-925-sterling-silber-mit-malachit-und-azurit-edelstein\/"},"modified":"2023-12-13T00:10:24","modified_gmt":"2023-12-12T21:10:24","slug":"schmetterling-azurmalachit-925-sterling-silber-mit-malachit-und-azurit-edelstein","status":"publish","type":"product","link":"https:\/\/maxgold.gr\/de\/shop\/schmetterling-azurmalachit-925-sterling-silber-mit-malachit-und-azurit-edelstein\/","title":{"rendered":"&#8222;Schmetterling Azurmalachit&#8220; 925 Sterling Silber mit Malachit und Azurit Edelstein"},"content":{"rendered":"<p>Der &#8222;Butterfly Azurmalachit&#8220; ist ein wundersch\u00f6ner Sterlingsilber-Anh\u00e4nger in Schmetterlingsform mit zwei Edelsteinen aus Azurmalachit. Sie k\u00f6nnen den Anh\u00e4nger alleine oder mit einer Kette als Kombination kaufen. Die 1mm Mausschwanzkette ist elegant, gl\u00e4nzend, aus Sterlingsilber und hat einen Karabinerverschluss.<\/p>\n<h4><\/h4>\n<p>&nbsp;<\/p>\n<h4><strong>Produktdetails<\/strong><\/h4>\n<p><strong>Abmessungen des Anh\u00e4ngers:<\/strong> 2,0cm hoch x 1,9cm breit x 0,3cm tief der Silber &amp; Edelstein<\/p>\n<p><strong>Anh\u00e4nger Edelstein: <\/strong>Azurite, Malachit<\/p>\n<p><strong>Kettentyp: <\/strong>Schlangenkette<\/p>\n<p><strong><br \/>\n<\/strong><\/p>\n<p><strong>Breite der Kettenglieder: <\/strong>1mm<strong><br \/>\n<\/strong><\/p>\n<p><strong>Kettenl\u00e4nge:<\/strong> 40cm, 45cm, 50cm, 55cm<\/p>\n<p><strong>Metall:<\/strong> Sterling Silber (925)<\/p>\n<p><strong>Metallstempel:<\/strong> 925<\/p>\n<p><strong>Beschichtung: <\/strong>Rhodium<\/p>\n<p>&nbsp;<\/p>\n<p>&nbsp;<\/p>\n","protected":false},"excerpt":{"rendered":"<p>Der &#8222;Butterfly Azurmalachit&#8220; ist ein wundersch\u00f6ner Sterlingsilber-Anh\u00e4nger in Schmetterlingsform mit zwei Edelsteinen aus Azurmalachit. Sie k\u00f6nnen den Anh\u00e4nger alleine oder mit einer Kette als Kombination kaufen. Die 1mm Mausschwanzkette ist elegant, gl\u00e4nzend, aus Sterlingsilber und hat einen Karabinerverschluss. &nbsp; Produktdetails Abmessungen des Anh\u00e4ngers: 2,0cm hoch x 1,9cm breit x 0,3cm tief der Silber &amp; Edelstein [&#8230;]\n","protected":false},"featured_media":3794,"comment_status":"open","ping_status":"closed","template":"","meta":[],"product_brand":[739],"product_cat":[532,533,526,500,439,436,525,715,434,726,435,466],"product_tag":[544,575,577,593,564,442],"class_list":{"0":"post-4584","1":"product","2":"type-product","3":"status-publish","4":"has-post-thumbnail","6":"product_brand-thanos-collection","7":"product_cat-anhaenger-charms","8":"product_cat-anhaenger-charms-mit-edelsteinen","9":"product_cat-anhaengerketten-mit-edelsteinen","10":"product_cat-azurit-malachit-karneol","11":"product_cat-damenschmuck","12":"product_cat-edelsteine","13":"product_cat-halsketten-mit-anhaenger","14":"product_cat-thanos","15":"product_cat-metall","16":"product_cat-silber","17":"product_cat-sterling-silber-925","18":"product_cat-suesse-tiere","19":"product_tag-azurmalachit","20":"product_tag-edelsteine","21":"product_tag-gruen","22":"product_tag-halskette-mit-anhaenger","23":"product_tag-schmetterlinge","24":"product_tag-sterling-silber-925","26":"first","27":"instock","28":"sold-individually","29":"taxable","30":"shipping-taxable","31":"purchasable","32":"product-type-variable","33":"has-default-attributes","34":"add-to-wishlist-before_add_to_cart"},"yoast_head":"<!-- This site is optimized with the Yoast SEO plugin v27.6 - https:\/\/yoast.com\/product\/yoast-seo-wordpress\/ -->\n<title>&quot;Schmetterling Azurmalachit&quot; 925 Sterling Silber mit Malachit und Azurit Edelstein - Max Gold<\/title>\n<meta name=\"robots\" content=\"index, follow, max-snippet:-1, max-image-preview:large, max-video-preview:-1\" \/>\n<link rel=\"canonical\" href=\"https:\/\/maxgold.gr\/de\/shop\/schmetterling-azurmalachit-925-sterling-silber-mit-malachit-und-azurit-edelstein\/\" \/>\n<meta property=\"og:locale\" content=\"de_DE\" \/>\n<meta property=\"og:type\" content=\"article\" \/>\n<meta property=\"og:title\" content=\"&quot;Schmetterling Azurmalachit&quot; 925 Sterling Silber mit Malachit und Azurit Edelstein - Max Gold\" \/>\n<meta property=\"og:description\" content=\"Der &#8222;Butterfly Azurmalachit&#8220; ist ein wundersch\u00f6ner Sterlingsilber-Anh\u00e4nger in Schmetterlingsform mit zwei Edelsteinen aus Azurmalachit. Sie k\u00f6nnen den Anh\u00e4nger alleine oder mit einer Kette als Kombination kaufen. Die 1mm Mausschwanzkette ist elegant, gl\u00e4nzend, aus Sterlingsilber und hat einen Karabinerverschluss. &nbsp; Produktdetails Abmessungen des Anh\u00e4ngers: 2,0cm hoch x 1,9cm breit x 0,3cm tief der Silber &amp; Edelstein [...]\" \/>\n<meta property=\"og:url\" content=\"https:\/\/maxgold.gr\/de\/shop\/schmetterling-azurmalachit-925-sterling-silber-mit-malachit-und-azurit-edelstein\/\" \/>\n<meta property=\"og:site_name\" content=\"Max Gold\" \/>\n<meta property=\"article:publisher\" content=\"https:\/\/www.facebook.com\/people\/Max-Gold\/61561801899896\/\" \/>\n<meta property=\"og:image\" content=\"https:\/\/i0.wp.com\/maxgold.gr\/wp-content\/uploads\/2023\/12\/b1c.jpg?fit=600%2C600&ssl=1\" \/>\n\t<meta property=\"og:image:width\" content=\"600\" \/>\n\t<meta property=\"og:image:height\" content=\"600\" \/>\n\t<meta property=\"og:image:type\" content=\"image\/jpeg\" \/>\n<meta name=\"twitter:card\" content=\"summary_large_image\" \/>\n<script type=\"application\/ld+json\" class=\"yoast-schema-graph\">{\"@context\":\"https:\\\/\\\/schema.org\",\"@graph\":[{\"@type\":\"WebPage\",\"@id\":\"https:\\\/\\\/maxgold.gr\\\/de\\\/shop\\\/schmetterling-azurmalachit-925-sterling-silber-mit-malachit-und-azurit-edelstein\\\/\",\"url\":\"https:\\\/\\\/maxgold.gr\\\/de\\\/shop\\\/schmetterling-azurmalachit-925-sterling-silber-mit-malachit-und-azurit-edelstein\\\/\",\"name\":\"\\\"Schmetterling Azurmalachit\\\" 925 Sterling Silber mit Malachit und Azurit Edelstein - Max Gold\",\"isPartOf\":{\"@id\":\"https:\\\/\\\/maxgold.gr\\\/de\\\/#website\"},\"primaryImageOfPage\":{\"@id\":\"https:\\\/\\\/maxgold.gr\\\/de\\\/shop\\\/schmetterling-azurmalachit-925-sterling-silber-mit-malachit-und-azurit-edelstein\\\/#primaryimage\"},\"image\":{\"@id\":\"https:\\\/\\\/maxgold.gr\\\/de\\\/shop\\\/schmetterling-azurmalachit-925-sterling-silber-mit-malachit-und-azurit-edelstein\\\/#primaryimage\"},\"thumbnailUrl\":\"https:\\\/\\\/i0.wp.com\\\/maxgold.gr\\\/wp-content\\\/uploads\\\/2023\\\/12\\\/b1c.jpg?fit=600%2C600&ssl=1\",\"datePublished\":\"2023-12-12T21:10:24+00:00\",\"breadcrumb\":{\"@id\":\"https:\\\/\\\/maxgold.gr\\\/de\\\/shop\\\/schmetterling-azurmalachit-925-sterling-silber-mit-malachit-und-azurit-edelstein\\\/#breadcrumb\"},\"inLanguage\":\"de\",\"potentialAction\":[{\"@type\":\"ReadAction\",\"target\":[\"https:\\\/\\\/maxgold.gr\\\/de\\\/shop\\\/schmetterling-azurmalachit-925-sterling-silber-mit-malachit-und-azurit-edelstein\\\/\"]}]},{\"@type\":\"ImageObject\",\"inLanguage\":\"de\",\"@id\":\"https:\\\/\\\/maxgold.gr\\\/de\\\/shop\\\/schmetterling-azurmalachit-925-sterling-silber-mit-malachit-und-azurit-edelstein\\\/#primaryimage\",\"url\":\"https:\\\/\\\/i0.wp.com\\\/maxgold.gr\\\/wp-content\\\/uploads\\\/2023\\\/12\\\/b1c.jpg?fit=600%2C600&ssl=1\",\"contentUrl\":\"https:\\\/\\\/i0.wp.com\\\/maxgold.gr\\\/wp-content\\\/uploads\\\/2023\\\/12\\\/b1c.jpg?fit=600%2C600&ssl=1\",\"width\":600,\"height\":600},{\"@type\":\"BreadcrumbList\",\"@id\":\"https:\\\/\\\/maxgold.gr\\\/de\\\/shop\\\/schmetterling-azurmalachit-925-sterling-silber-mit-malachit-und-azurit-edelstein\\\/#breadcrumb\",\"itemListElement\":[{\"@type\":\"ListItem\",\"position\":1,\"name\":\"Home\",\"item\":\"https:\\\/\\\/maxgold.gr\\\/de\\\/\"},{\"@type\":\"ListItem\",\"position\":2,\"name\":\"Gesch\u00e4ft\",\"item\":\"https:\\\/\\\/maxgold.gr\\\/de\\\/%ce%ba%ce%b1%cf%84%ce%ac%cf%83%cf%84%ce%b7%ce%bc%ce%b1\\\/\"},{\"@type\":\"ListItem\",\"position\":3,\"name\":\"&#8220;Schmetterling Azurmalachit&#8221; 925 Sterling Silber mit Malachit und Azurit Edelstein\"}]},{\"@type\":\"WebSite\",\"@id\":\"https:\\\/\\\/maxgold.gr\\\/de\\\/#website\",\"url\":\"https:\\\/\\\/maxgold.gr\\\/de\\\/\",\"name\":\"Max Gold\",\"description\":\"Max Gold\",\"potentialAction\":[{\"@type\":\"SearchAction\",\"target\":{\"@type\":\"EntryPoint\",\"urlTemplate\":\"https:\\\/\\\/maxgold.gr\\\/de\\\/?s={search_term_string}\"},\"query-input\":{\"@type\":\"PropertyValueSpecification\",\"valueRequired\":true,\"valueName\":\"search_term_string\"}}],\"inLanguage\":\"de\"}]}<\/script>\n<!-- \/ Yoast SEO plugin. -->","yoast_head_json":{"title":"\"Schmetterling Azurmalachit\" 925 Sterling Silber mit Malachit und Azurit Edelstein - Max Gold","robots":{"index":"index","follow":"follow","max-snippet":"max-snippet:-1","max-image-preview":"max-image-preview:large","max-video-preview":"max-video-preview:-1"},"canonical":"https:\/\/maxgold.gr\/de\/shop\/schmetterling-azurmalachit-925-sterling-silber-mit-malachit-und-azurit-edelstein\/","og_locale":"de_DE","og_type":"article","og_title":"\"Schmetterling Azurmalachit\" 925 Sterling Silber mit Malachit und Azurit Edelstein - Max Gold","og_description":"Der &#8222;Butterfly Azurmalachit&#8220; ist ein wundersch\u00f6ner Sterlingsilber-Anh\u00e4nger in Schmetterlingsform mit zwei Edelsteinen aus Azurmalachit. Sie k\u00f6nnen den Anh\u00e4nger alleine oder mit einer Kette als Kombination kaufen. Die 1mm Mausschwanzkette ist elegant, gl\u00e4nzend, aus Sterlingsilber und hat einen Karabinerverschluss. &nbsp; Produktdetails Abmessungen des Anh\u00e4ngers: 2,0cm hoch x 1,9cm breit x 0,3cm tief der Silber &amp; Edelstein [...]","og_url":"https:\/\/maxgold.gr\/de\/shop\/schmetterling-azurmalachit-925-sterling-silber-mit-malachit-und-azurit-edelstein\/","og_site_name":"Max Gold","article_publisher":"https:\/\/www.facebook.com\/people\/Max-Gold\/61561801899896\/","og_image":[{"width":600,"height":600,"url":"https:\/\/i0.wp.com\/maxgold.gr\/wp-content\/uploads\/2023\/12\/b1c.jpg?fit=600%2C600&ssl=1","type":"image\/jpeg"}],"twitter_card":"summary_large_image","schema":{"@context":"https:\/\/schema.org","@graph":[{"@type":"WebPage","@id":"https:\/\/maxgold.gr\/de\/shop\/schmetterling-azurmalachit-925-sterling-silber-mit-malachit-und-azurit-edelstein\/","url":"https:\/\/maxgold.gr\/de\/shop\/schmetterling-azurmalachit-925-sterling-silber-mit-malachit-und-azurit-edelstein\/","name":"\"Schmetterling Azurmalachit\" 925 Sterling Silber mit Malachit und Azurit Edelstein - Max Gold","isPartOf":{"@id":"https:\/\/maxgold.gr\/de\/#website"},"primaryImageOfPage":{"@id":"https:\/\/maxgold.gr\/de\/shop\/schmetterling-azurmalachit-925-sterling-silber-mit-malachit-und-azurit-edelstein\/#primaryimage"},"image":{"@id":"https:\/\/maxgold.gr\/de\/shop\/schmetterling-azurmalachit-925-sterling-silber-mit-malachit-und-azurit-edelstein\/#primaryimage"},"thumbnailUrl":"https:\/\/i0.wp.com\/maxgold.gr\/wp-content\/uploads\/2023\/12\/b1c.jpg?fit=600%2C600&ssl=1","datePublished":"2023-12-12T21:10:24+00:00","breadcrumb":{"@id":"https:\/\/maxgold.gr\/de\/shop\/schmetterling-azurmalachit-925-sterling-silber-mit-malachit-und-azurit-edelstein\/#breadcrumb"},"inLanguage":"de","potentialAction":[{"@type":"ReadAction","target":["https:\/\/maxgold.gr\/de\/shop\/schmetterling-azurmalachit-925-sterling-silber-mit-malachit-und-azurit-edelstein\/"]}]},{"@type":"ImageObject","inLanguage":"de","@id":"https:\/\/maxgold.gr\/de\/shop\/schmetterling-azurmalachit-925-sterling-silber-mit-malachit-und-azurit-edelstein\/#primaryimage","url":"https:\/\/i0.wp.com\/maxgold.gr\/wp-content\/uploads\/2023\/12\/b1c.jpg?fit=600%2C600&ssl=1","contentUrl":"https:\/\/i0.wp.com\/maxgold.gr\/wp-content\/uploads\/2023\/12\/b1c.jpg?fit=600%2C600&ssl=1","width":600,"height":600},{"@type":"BreadcrumbList","@id":"https:\/\/maxgold.gr\/de\/shop\/schmetterling-azurmalachit-925-sterling-silber-mit-malachit-und-azurit-edelstein\/#breadcrumb","itemListElement":[{"@type":"ListItem","position":1,"name":"Home","item":"https:\/\/maxgold.gr\/de\/"},{"@type":"ListItem","position":2,"name":"Gesch\u00e4ft","item":"https:\/\/maxgold.gr\/de\/%ce%ba%ce%b1%cf%84%ce%ac%cf%83%cf%84%ce%b7%ce%bc%ce%b1\/"},{"@type":"ListItem","position":3,"name":"&#8220;Schmetterling Azurmalachit&#8221; 925 Sterling Silber mit Malachit und Azurit Edelstein"}]},{"@type":"WebSite","@id":"https:\/\/maxgold.gr\/de\/#website","url":"https:\/\/maxgold.gr\/de\/","name":"Max Gold","description":"Max Gold","potentialAction":[{"@type":"SearchAction","target":{"@type":"EntryPoint","urlTemplate":"https:\/\/maxgold.gr\/de\/?s={search_term_string}"},"query-input":{"@type":"PropertyValueSpecification","valueRequired":true,"valueName":"search_term_string"}}],"inLanguage":"de"}]}},"jetpack_sharing_enabled":true,"_links":{"self":[{"href":"https:\/\/maxgold.gr\/de\/wp-json\/wp\/v2\/product\/4584","targetHints":{"allow":["GET"]}}],"collection":[{"href":"https:\/\/maxgold.gr\/de\/wp-json\/wp\/v2\/product"}],"about":[{"href":"https:\/\/maxgold.gr\/de\/wp-json\/wp\/v2\/types\/product"}],"replies":[{"embeddable":true,"href":"https:\/\/maxgold.gr\/de\/wp-json\/wp\/v2\/comments?post=4584"}],"wp:featuredmedia":[{"embeddable":true,"href":"https:\/\/maxgold.gr\/de\/wp-json\/wp\/v2\/media\/3794"}],"wp:attachment":[{"href":"https:\/\/maxgold.gr\/de\/wp-json\/wp\/v2\/media?parent=4584"}],"wp:term":[{"taxonomy":"product_brand","embeddable":true,"href":"https:\/\/maxgold.gr\/de\/wp-json\/wp\/v2\/product_brand?post=4584"},{"taxonomy":"product_cat","embeddable":true,"href":"https:\/\/maxgold.gr\/de\/wp-json\/wp\/v2\/product_cat?post=4584"},{"taxonomy":"product_tag","embeddable":true,"href":"https:\/\/maxgold.gr\/de\/wp-json\/wp\/v2\/product_tag?post=4584"}],"curies":[{"name":"wp","href":"https:\/\/api.w.org\/{rel}","templated":true}]}}