{"id":4686,"date":"2024-11-25T02:08:49","date_gmt":"2024-11-24T23:08:49","guid":{"rendered":"https:\/\/maxgold.gr\/?post_type=product&#038;p=4686"},"modified":"2024-11-25T02:23:53","modified_gmt":"2024-11-24T23:23:53","slug":"anhanger-granate-aus-edelstahl-copy","status":"publish","type":"product","link":"https:\/\/maxgold.gr\/de\/shop\/anhanger-granate-aus-edelstahl-copy\/","title":{"rendered":"Anh\u00e4nger &#8222;Elektrische Gitarre&#8220;, aus Edelstahl"},"content":{"rendered":"<p>Wir stellen Ihnen das ultimative Accessoire f\u00fcr Musikliebhaber vor &#8211; unseren E-Gitarren-Anh\u00e4nger aus Edelstahl! Suchen Sie nach einem sinnvollen Geschenk? Dieser Gitarren-Anh\u00e4nger ist die ideale Wahl f\u00fcr jeden, der Musik zu sch\u00e4tzen wei\u00df. \u00dcberraschen Sie Ihre Freunde oder Liebsten mit einem St\u00fcck, das ihre Leidenschaft widerspiegelt.    &nbsp;<\/p>\n<p>&nbsp;<\/p>\n<h4><strong>Produktdetails<\/strong><\/h4>\n<p><strong>Abmessungen des Anh\u00e4ngers:<\/strong> 2,0cm hoch x 5cm breit x 0.2cm tief<\/p>\n<p><strong>Metall:<\/strong> Edelstahl <\/p>\n","protected":false},"excerpt":{"rendered":"<p>&nbsp;<\/p>\n<p>&nbsp;<\/p>\n<div class=\"xKEnc eVZQV\"><\/div>\n","protected":false},"featured_media":4688,"comment_status":"open","ping_status":"closed","template":"","meta":[],"product_brand":[],"product_cat":[532,472,439,452,516,475,451,434,432],"product_tag":[578,589,461],"class_list":{"0":"post-4686","1":"product","2":"type-product","3":"status-publish","4":"has-post-thumbnail","6":"product_cat-anhaenger-charms","7":"product_cat-anhaenger-ketten-fuer-herren","8":"product_cat-damenschmuck","9":"product_cat-rostfreier-stahl","10":"product_cat-halsketten-anhaenger","11":"product_cat-herrenanhaenger","12":"product_cat-mannerschmuck","13":"product_cat-metall","14":"product_cat-neu-ankommen","15":"product_tag-gitarre","16":"product_tag-musik","17":"product_tag-rostfreier-stahl","19":"first","20":"instock","21":"taxable","22":"shipping-taxable","23":"purchasable","24":"product-type-simple","25":"add-to-wishlist-before_add_to_cart"},"yoast_head":"<!-- This site is optimized with the Yoast SEO plugin v27.5 - https:\/\/yoast.com\/product\/yoast-seo-wordpress\/ -->\n<title>Anh\u00e4nger &quot;Elektrische Gitarre&quot;, aus Edelstahl - Max Gold<\/title>\n<meta name=\"robots\" content=\"index, follow, max-snippet:-1, max-image-preview:large, max-video-preview:-1\" \/>\n<link rel=\"canonical\" href=\"https:\/\/maxgold.gr\/de\/shop\/anhanger-granate-aus-edelstahl-copy\/\" \/>\n<meta property=\"og:locale\" content=\"de_DE\" \/>\n<meta property=\"og:type\" content=\"article\" \/>\n<meta property=\"og:title\" content=\"Anh\u00e4nger &quot;Elektrische Gitarre&quot;, aus Edelstahl - Max Gold\" \/>\n<meta property=\"og:description\" content=\"&nbsp; &nbsp;\" \/>\n<meta property=\"og:url\" content=\"https:\/\/maxgold.gr\/de\/shop\/anhanger-granate-aus-edelstahl-copy\/\" \/>\n<meta property=\"og:site_name\" content=\"Max Gold\" \/>\n<meta property=\"article:publisher\" content=\"https:\/\/www.facebook.com\/people\/Max-Gold\/61561801899896\/\" \/>\n<meta property=\"article:modified_time\" content=\"2024-11-24T23:23:53+00:00\" \/>\n<meta property=\"og:image\" content=\"https:\/\/i0.wp.com\/maxgold.gr\/wp-content\/uploads\/2024\/11\/mp4.jpg?fit=900%2C900&ssl=1\" \/>\n\t<meta property=\"og:image:width\" content=\"900\" \/>\n\t<meta property=\"og:image:height\" content=\"900\" \/>\n\t<meta property=\"og:image:type\" content=\"image\/jpeg\" \/>\n<meta name=\"twitter:card\" content=\"summary_large_image\" \/>\n<script type=\"application\/ld+json\" class=\"yoast-schema-graph\">{\"@context\":\"https:\\\/\\\/schema.org\",\"@graph\":[{\"@type\":\"WebPage\",\"@id\":\"https:\\\/\\\/maxgold.gr\\\/de\\\/shop\\\/anhanger-granate-aus-edelstahl-copy\\\/\",\"url\":\"https:\\\/\\\/maxgold.gr\\\/de\\\/shop\\\/anhanger-granate-aus-edelstahl-copy\\\/\",\"name\":\"Anh\u00e4nger \\\"Elektrische Gitarre\\\", aus Edelstahl - Max Gold\",\"isPartOf\":{\"@id\":\"https:\\\/\\\/maxgold.gr\\\/de\\\/#website\"},\"primaryImageOfPage\":{\"@id\":\"https:\\\/\\\/maxgold.gr\\\/de\\\/shop\\\/anhanger-granate-aus-edelstahl-copy\\\/#primaryimage\"},\"image\":{\"@id\":\"https:\\\/\\\/maxgold.gr\\\/de\\\/shop\\\/anhanger-granate-aus-edelstahl-copy\\\/#primaryimage\"},\"thumbnailUrl\":\"https:\\\/\\\/i0.wp.com\\\/maxgold.gr\\\/wp-content\\\/uploads\\\/2024\\\/11\\\/mp4.jpg?fit=900%2C900&ssl=1\",\"datePublished\":\"2024-11-24T23:08:49+00:00\",\"dateModified\":\"2024-11-24T23:23:53+00:00\",\"breadcrumb\":{\"@id\":\"https:\\\/\\\/maxgold.gr\\\/de\\\/shop\\\/anhanger-granate-aus-edelstahl-copy\\\/#breadcrumb\"},\"inLanguage\":\"de\",\"potentialAction\":[{\"@type\":\"ReadAction\",\"target\":[\"https:\\\/\\\/maxgold.gr\\\/de\\\/shop\\\/anhanger-granate-aus-edelstahl-copy\\\/\"]}]},{\"@type\":\"ImageObject\",\"inLanguage\":\"de\",\"@id\":\"https:\\\/\\\/maxgold.gr\\\/de\\\/shop\\\/anhanger-granate-aus-edelstahl-copy\\\/#primaryimage\",\"url\":\"https:\\\/\\\/i0.wp.com\\\/maxgold.gr\\\/wp-content\\\/uploads\\\/2024\\\/11\\\/mp4.jpg?fit=900%2C900&ssl=1\",\"contentUrl\":\"https:\\\/\\\/i0.wp.com\\\/maxgold.gr\\\/wp-content\\\/uploads\\\/2024\\\/11\\\/mp4.jpg?fit=900%2C900&ssl=1\",\"width\":900,\"height\":900},{\"@type\":\"BreadcrumbList\",\"@id\":\"https:\\\/\\\/maxgold.gr\\\/de\\\/shop\\\/anhanger-granate-aus-edelstahl-copy\\\/#breadcrumb\",\"itemListElement\":[{\"@type\":\"ListItem\",\"position\":1,\"name\":\"Home\",\"item\":\"https:\\\/\\\/maxgold.gr\\\/de\\\/startseite\\\/\"},{\"@type\":\"ListItem\",\"position\":2,\"name\":\"Gesch\u00e4ft\",\"item\":\"https:\\\/\\\/maxgold.gr\\\/de\\\/%ce%ba%ce%b1%cf%84%ce%ac%cf%83%cf%84%ce%b7%ce%bc%ce%b1\\\/\"},{\"@type\":\"ListItem\",\"position\":3,\"name\":\"Anh\u00e4nger &#8220;Elektrische Gitarre&#8221;, aus Edelstahl\"}]},{\"@type\":\"WebSite\",\"@id\":\"https:\\\/\\\/maxgold.gr\\\/de\\\/#website\",\"url\":\"https:\\\/\\\/maxgold.gr\\\/de\\\/\",\"name\":\"Max Gold\",\"description\":\"Max Gold\",\"potentialAction\":[{\"@type\":\"SearchAction\",\"target\":{\"@type\":\"EntryPoint\",\"urlTemplate\":\"https:\\\/\\\/maxgold.gr\\\/de\\\/?s={search_term_string}\"},\"query-input\":{\"@type\":\"PropertyValueSpecification\",\"valueRequired\":true,\"valueName\":\"search_term_string\"}}],\"inLanguage\":\"de\"}]}<\/script>\n<!-- \/ Yoast SEO plugin. -->","yoast_head_json":{"title":"Anh\u00e4nger \"Elektrische Gitarre\", aus Edelstahl - Max Gold","robots":{"index":"index","follow":"follow","max-snippet":"max-snippet:-1","max-image-preview":"max-image-preview:large","max-video-preview":"max-video-preview:-1"},"canonical":"https:\/\/maxgold.gr\/de\/shop\/anhanger-granate-aus-edelstahl-copy\/","og_locale":"de_DE","og_type":"article","og_title":"Anh\u00e4nger \"Elektrische Gitarre\", aus Edelstahl - Max Gold","og_description":"&nbsp; &nbsp;","og_url":"https:\/\/maxgold.gr\/de\/shop\/anhanger-granate-aus-edelstahl-copy\/","og_site_name":"Max Gold","article_publisher":"https:\/\/www.facebook.com\/people\/Max-Gold\/61561801899896\/","article_modified_time":"2024-11-24T23:23:53+00:00","og_image":[{"width":900,"height":900,"url":"https:\/\/i0.wp.com\/maxgold.gr\/wp-content\/uploads\/2024\/11\/mp4.jpg?fit=900%2C900&ssl=1","type":"image\/jpeg"}],"twitter_card":"summary_large_image","schema":{"@context":"https:\/\/schema.org","@graph":[{"@type":"WebPage","@id":"https:\/\/maxgold.gr\/de\/shop\/anhanger-granate-aus-edelstahl-copy\/","url":"https:\/\/maxgold.gr\/de\/shop\/anhanger-granate-aus-edelstahl-copy\/","name":"Anh\u00e4nger \"Elektrische Gitarre\", aus Edelstahl - Max Gold","isPartOf":{"@id":"https:\/\/maxgold.gr\/de\/#website"},"primaryImageOfPage":{"@id":"https:\/\/maxgold.gr\/de\/shop\/anhanger-granate-aus-edelstahl-copy\/#primaryimage"},"image":{"@id":"https:\/\/maxgold.gr\/de\/shop\/anhanger-granate-aus-edelstahl-copy\/#primaryimage"},"thumbnailUrl":"https:\/\/i0.wp.com\/maxgold.gr\/wp-content\/uploads\/2024\/11\/mp4.jpg?fit=900%2C900&ssl=1","datePublished":"2024-11-24T23:08:49+00:00","dateModified":"2024-11-24T23:23:53+00:00","breadcrumb":{"@id":"https:\/\/maxgold.gr\/de\/shop\/anhanger-granate-aus-edelstahl-copy\/#breadcrumb"},"inLanguage":"de","potentialAction":[{"@type":"ReadAction","target":["https:\/\/maxgold.gr\/de\/shop\/anhanger-granate-aus-edelstahl-copy\/"]}]},{"@type":"ImageObject","inLanguage":"de","@id":"https:\/\/maxgold.gr\/de\/shop\/anhanger-granate-aus-edelstahl-copy\/#primaryimage","url":"https:\/\/i0.wp.com\/maxgold.gr\/wp-content\/uploads\/2024\/11\/mp4.jpg?fit=900%2C900&ssl=1","contentUrl":"https:\/\/i0.wp.com\/maxgold.gr\/wp-content\/uploads\/2024\/11\/mp4.jpg?fit=900%2C900&ssl=1","width":900,"height":900},{"@type":"BreadcrumbList","@id":"https:\/\/maxgold.gr\/de\/shop\/anhanger-granate-aus-edelstahl-copy\/#breadcrumb","itemListElement":[{"@type":"ListItem","position":1,"name":"Home","item":"https:\/\/maxgold.gr\/de\/startseite\/"},{"@type":"ListItem","position":2,"name":"Gesch\u00e4ft","item":"https:\/\/maxgold.gr\/de\/%ce%ba%ce%b1%cf%84%ce%ac%cf%83%cf%84%ce%b7%ce%bc%ce%b1\/"},{"@type":"ListItem","position":3,"name":"Anh\u00e4nger &#8220;Elektrische Gitarre&#8221;, aus Edelstahl"}]},{"@type":"WebSite","@id":"https:\/\/maxgold.gr\/de\/#website","url":"https:\/\/maxgold.gr\/de\/","name":"Max Gold","description":"Max Gold","potentialAction":[{"@type":"SearchAction","target":{"@type":"EntryPoint","urlTemplate":"https:\/\/maxgold.gr\/de\/?s={search_term_string}"},"query-input":{"@type":"PropertyValueSpecification","valueRequired":true,"valueName":"search_term_string"}}],"inLanguage":"de"}]}},"jetpack_sharing_enabled":true,"_links":{"self":[{"href":"https:\/\/maxgold.gr\/de\/wp-json\/wp\/v2\/product\/4686","targetHints":{"allow":["GET"]}}],"collection":[{"href":"https:\/\/maxgold.gr\/de\/wp-json\/wp\/v2\/product"}],"about":[{"href":"https:\/\/maxgold.gr\/de\/wp-json\/wp\/v2\/types\/product"}],"replies":[{"embeddable":true,"href":"https:\/\/maxgold.gr\/de\/wp-json\/wp\/v2\/comments?post=4686"}],"wp:featuredmedia":[{"embeddable":true,"href":"https:\/\/maxgold.gr\/de\/wp-json\/wp\/v2\/media\/4688"}],"wp:attachment":[{"href":"https:\/\/maxgold.gr\/de\/wp-json\/wp\/v2\/media?parent=4686"}],"wp:term":[{"taxonomy":"product_brand","embeddable":true,"href":"https:\/\/maxgold.gr\/de\/wp-json\/wp\/v2\/product_brand?post=4686"},{"taxonomy":"product_cat","embeddable":true,"href":"https:\/\/maxgold.gr\/de\/wp-json\/wp\/v2\/product_cat?post=4686"},{"taxonomy":"product_tag","embeddable":true,"href":"https:\/\/maxgold.gr\/de\/wp-json\/wp\/v2\/product_tag?post=4686"}],"curies":[{"name":"wp","href":"https:\/\/api.w.org\/{rel}","templated":true}]}}