{"id":4700,"date":"2024-11-26T00:38:49","date_gmt":"2024-11-25T21:38:49","guid":{"rendered":"https:\/\/maxgold.gr\/?post_type=product&#038;p=4700"},"modified":"2024-11-26T00:53:48","modified_gmt":"2024-11-25T21:53:48","slug":"pink-opal-cute-hearts-ohrstecker-aus-925-sterling-silber-copy","status":"publish","type":"product","link":"https:\/\/maxgold.gr\/de\/shop\/pink-opal-cute-hearts-ohrstecker-aus-925-sterling-silber-copy\/","title":{"rendered":"Ohrstecker f\u00fcr Kinder &#8222;Rosa-Gelb-Lila Regenbogen&#8220;, aus 925 Sterling Silber"},"content":{"rendered":"<p>Diese Ohrstecker f\u00fcr Kinder haben ein entz\u00fcckendes &#8222;rosa-gelb-lila Regenbogen&#8220;-Motiv, das perfekt ist, um jedem Outfit einen Farbtupfer zu verleihen. Die leuchtenden Farben bringen Freude und Glanz in den Tag Ihres Kindes. Diese Ohrringe sind aus 925er Sterlingsilber gefertigt und daher hypoallergen und sicher f\u00fcr empfindliche Haut.   <\/p>\n<h4><\/h4>\n<h4><strong>Produktdetails<\/strong><\/h4>\n<p><strong>Abmessungen:<\/strong> 0,5cm hoch x 1,2cm breit x 0,1cm tief + 1,1cm Pfosten <strong>Stil:<\/strong> Ohrstecker <strong>Metall:<\/strong> Sterling Silber (925) <strong>Metallstempel:<\/strong> 925 <strong>Beschichtung: <\/strong>Rhodium <strong>Verschl\u00fcsse: <\/strong>Steckverschluss<\/p>\n","protected":false},"excerpt":{"rendered":"<p>Diese Ohrstecker f\u00fcr Kinder haben ein entz\u00fcckendes &#8222;rosa-gelb-lila Regenbogen&#8220;-Motiv, das perfekt ist, um jedem Outfit einen Farbtupfer zu verleihen. Die leuchtenden Farben bringen Freude und Glanz in den Tag Ihres Kindes. Diese Ohrringe sind aus 925er Sterlingsilber gefertigt und daher hypoallergen und sicher f\u00fcr empfindliche Haut. Produktdetails Abmessungen: 0,5cm hoch x 1,2cm breit x 0,1cm [&#8230;]\n","protected":false},"featured_media":4703,"comment_status":"open","ping_status":"closed","template":"","meta":[],"product_brand":[],"product_cat":[709,463,434,432,726,435],"product_tag":[671,636,637,621,441,672,597,442],"class_list":{"0":"post-4700","1":"product","2":"type-product","3":"status-publish","4":"has-post-thumbnail","6":"product_cat-kinderohrringe","7":"product_cat-kinderschmuck","8":"product_cat-metall","9":"product_cat-neu-ankommen","10":"product_cat-silber","11":"product_cat-sterling-silber-925","12":"product_tag-gelb","13":"product_tag-kinder-ohrringe","14":"product_tag-kinderschmuck","15":"product_tag-lila","16":"product_tag-ohrstecker","17":"product_tag-regenbogen","18":"product_tag-rosa","19":"product_tag-sterling-silber-925","21":"first","22":"instock","23":"taxable","24":"shipping-taxable","25":"purchasable","26":"product-type-simple","27":"add-to-wishlist-before_add_to_cart"},"yoast_head":"<!-- This site is optimized with the Yoast SEO plugin v27.5 - https:\/\/yoast.com\/product\/yoast-seo-wordpress\/ -->\n<title>Ohrstecker f\u00fcr Kinder &quot;Rosa-Gelb-Lila Regenbogen&quot;, aus 925 Sterling Silber - Max Gold<\/title>\n<meta name=\"robots\" content=\"index, follow, max-snippet:-1, max-image-preview:large, max-video-preview:-1\" \/>\n<link rel=\"canonical\" href=\"https:\/\/maxgold.gr\/de\/shop\/pink-opal-cute-hearts-ohrstecker-aus-925-sterling-silber-copy\/\" \/>\n<meta property=\"og:locale\" content=\"de_DE\" \/>\n<meta property=\"og:type\" content=\"article\" \/>\n<meta property=\"og:title\" content=\"Ohrstecker f\u00fcr Kinder &quot;Rosa-Gelb-Lila Regenbogen&quot;, aus 925 Sterling Silber - Max Gold\" \/>\n<meta property=\"og:description\" content=\"Diese Ohrstecker f\u00fcr Kinder haben ein entz\u00fcckendes &#8222;rosa-gelb-lila Regenbogen&#8220;-Motiv, das perfekt ist, um jedem Outfit einen Farbtupfer zu verleihen. Die leuchtenden Farben bringen Freude und Glanz in den Tag Ihres Kindes. Diese Ohrringe sind aus 925er Sterlingsilber gefertigt und daher hypoallergen und sicher f\u00fcr empfindliche Haut. Produktdetails Abmessungen: 0,5cm hoch x 1,2cm breit x 0,1cm [...]\" \/>\n<meta property=\"og:url\" content=\"https:\/\/maxgold.gr\/de\/shop\/pink-opal-cute-hearts-ohrstecker-aus-925-sterling-silber-copy\/\" \/>\n<meta property=\"og:site_name\" content=\"Max Gold\" \/>\n<meta property=\"article:publisher\" content=\"https:\/\/www.facebook.com\/people\/Max-Gold\/61561801899896\/\" \/>\n<meta property=\"article:modified_time\" content=\"2024-11-25T21:53:48+00:00\" \/>\n<meta property=\"og:image\" content=\"https:\/\/i0.wp.com\/maxgold.gr\/wp-content\/uploads\/2024\/11\/ce1-b.jpg?fit=900%2C900&ssl=1\" \/>\n\t<meta property=\"og:image:width\" content=\"900\" \/>\n\t<meta property=\"og:image:height\" content=\"900\" \/>\n\t<meta property=\"og:image:type\" content=\"image\/jpeg\" \/>\n<meta name=\"twitter:card\" content=\"summary_large_image\" \/>\n<script type=\"application\/ld+json\" class=\"yoast-schema-graph\">{\"@context\":\"https:\\\/\\\/schema.org\",\"@graph\":[{\"@type\":\"WebPage\",\"@id\":\"https:\\\/\\\/maxgold.gr\\\/de\\\/shop\\\/pink-opal-cute-hearts-ohrstecker-aus-925-sterling-silber-copy\\\/\",\"url\":\"https:\\\/\\\/maxgold.gr\\\/de\\\/shop\\\/pink-opal-cute-hearts-ohrstecker-aus-925-sterling-silber-copy\\\/\",\"name\":\"Ohrstecker f\u00fcr Kinder \\\"Rosa-Gelb-Lila Regenbogen\\\", aus 925 Sterling Silber - Max Gold\",\"isPartOf\":{\"@id\":\"https:\\\/\\\/maxgold.gr\\\/de\\\/#website\"},\"primaryImageOfPage\":{\"@id\":\"https:\\\/\\\/maxgold.gr\\\/de\\\/shop\\\/pink-opal-cute-hearts-ohrstecker-aus-925-sterling-silber-copy\\\/#primaryimage\"},\"image\":{\"@id\":\"https:\\\/\\\/maxgold.gr\\\/de\\\/shop\\\/pink-opal-cute-hearts-ohrstecker-aus-925-sterling-silber-copy\\\/#primaryimage\"},\"thumbnailUrl\":\"https:\\\/\\\/i0.wp.com\\\/maxgold.gr\\\/wp-content\\\/uploads\\\/2024\\\/11\\\/ce1-b.jpg?fit=900%2C900&ssl=1\",\"datePublished\":\"2024-11-25T21:38:49+00:00\",\"dateModified\":\"2024-11-25T21:53:48+00:00\",\"breadcrumb\":{\"@id\":\"https:\\\/\\\/maxgold.gr\\\/de\\\/shop\\\/pink-opal-cute-hearts-ohrstecker-aus-925-sterling-silber-copy\\\/#breadcrumb\"},\"inLanguage\":\"de\",\"potentialAction\":[{\"@type\":\"ReadAction\",\"target\":[\"https:\\\/\\\/maxgold.gr\\\/de\\\/shop\\\/pink-opal-cute-hearts-ohrstecker-aus-925-sterling-silber-copy\\\/\"]}]},{\"@type\":\"ImageObject\",\"inLanguage\":\"de\",\"@id\":\"https:\\\/\\\/maxgold.gr\\\/de\\\/shop\\\/pink-opal-cute-hearts-ohrstecker-aus-925-sterling-silber-copy\\\/#primaryimage\",\"url\":\"https:\\\/\\\/i0.wp.com\\\/maxgold.gr\\\/wp-content\\\/uploads\\\/2024\\\/11\\\/ce1-b.jpg?fit=900%2C900&ssl=1\",\"contentUrl\":\"https:\\\/\\\/i0.wp.com\\\/maxgold.gr\\\/wp-content\\\/uploads\\\/2024\\\/11\\\/ce1-b.jpg?fit=900%2C900&ssl=1\",\"width\":900,\"height\":900},{\"@type\":\"BreadcrumbList\",\"@id\":\"https:\\\/\\\/maxgold.gr\\\/de\\\/shop\\\/pink-opal-cute-hearts-ohrstecker-aus-925-sterling-silber-copy\\\/#breadcrumb\",\"itemListElement\":[{\"@type\":\"ListItem\",\"position\":1,\"name\":\"Home\",\"item\":\"https:\\\/\\\/maxgold.gr\\\/de\\\/startseite\\\/\"},{\"@type\":\"ListItem\",\"position\":2,\"name\":\"Gesch\u00e4ft\",\"item\":\"https:\\\/\\\/maxgold.gr\\\/de\\\/%ce%ba%ce%b1%cf%84%ce%ac%cf%83%cf%84%ce%b7%ce%bc%ce%b1\\\/\"},{\"@type\":\"ListItem\",\"position\":3,\"name\":\"Ohrstecker f\u00fcr Kinder &#8222;Rosa-Gelb-Lila Regenbogen&#8220;, aus 925 Sterling Silber\"}]},{\"@type\":\"WebSite\",\"@id\":\"https:\\\/\\\/maxgold.gr\\\/de\\\/#website\",\"url\":\"https:\\\/\\\/maxgold.gr\\\/de\\\/\",\"name\":\"Max Gold\",\"description\":\"Max Gold\",\"potentialAction\":[{\"@type\":\"SearchAction\",\"target\":{\"@type\":\"EntryPoint\",\"urlTemplate\":\"https:\\\/\\\/maxgold.gr\\\/de\\\/?s={search_term_string}\"},\"query-input\":{\"@type\":\"PropertyValueSpecification\",\"valueRequired\":true,\"valueName\":\"search_term_string\"}}],\"inLanguage\":\"de\"}]}<\/script>\n<!-- \/ Yoast SEO plugin. -->","yoast_head_json":{"title":"Ohrstecker f\u00fcr Kinder \"Rosa-Gelb-Lila Regenbogen\", aus 925 Sterling Silber - Max Gold","robots":{"index":"index","follow":"follow","max-snippet":"max-snippet:-1","max-image-preview":"max-image-preview:large","max-video-preview":"max-video-preview:-1"},"canonical":"https:\/\/maxgold.gr\/de\/shop\/pink-opal-cute-hearts-ohrstecker-aus-925-sterling-silber-copy\/","og_locale":"de_DE","og_type":"article","og_title":"Ohrstecker f\u00fcr Kinder \"Rosa-Gelb-Lila Regenbogen\", aus 925 Sterling Silber - Max Gold","og_description":"Diese Ohrstecker f\u00fcr Kinder haben ein entz\u00fcckendes &#8222;rosa-gelb-lila Regenbogen&#8220;-Motiv, das perfekt ist, um jedem Outfit einen Farbtupfer zu verleihen. Die leuchtenden Farben bringen Freude und Glanz in den Tag Ihres Kindes. Diese Ohrringe sind aus 925er Sterlingsilber gefertigt und daher hypoallergen und sicher f\u00fcr empfindliche Haut. Produktdetails Abmessungen: 0,5cm hoch x 1,2cm breit x 0,1cm [...]","og_url":"https:\/\/maxgold.gr\/de\/shop\/pink-opal-cute-hearts-ohrstecker-aus-925-sterling-silber-copy\/","og_site_name":"Max Gold","article_publisher":"https:\/\/www.facebook.com\/people\/Max-Gold\/61561801899896\/","article_modified_time":"2024-11-25T21:53:48+00:00","og_image":[{"width":900,"height":900,"url":"https:\/\/i0.wp.com\/maxgold.gr\/wp-content\/uploads\/2024\/11\/ce1-b.jpg?fit=900%2C900&ssl=1","type":"image\/jpeg"}],"twitter_card":"summary_large_image","schema":{"@context":"https:\/\/schema.org","@graph":[{"@type":"WebPage","@id":"https:\/\/maxgold.gr\/de\/shop\/pink-opal-cute-hearts-ohrstecker-aus-925-sterling-silber-copy\/","url":"https:\/\/maxgold.gr\/de\/shop\/pink-opal-cute-hearts-ohrstecker-aus-925-sterling-silber-copy\/","name":"Ohrstecker f\u00fcr Kinder \"Rosa-Gelb-Lila Regenbogen\", aus 925 Sterling Silber - Max Gold","isPartOf":{"@id":"https:\/\/maxgold.gr\/de\/#website"},"primaryImageOfPage":{"@id":"https:\/\/maxgold.gr\/de\/shop\/pink-opal-cute-hearts-ohrstecker-aus-925-sterling-silber-copy\/#primaryimage"},"image":{"@id":"https:\/\/maxgold.gr\/de\/shop\/pink-opal-cute-hearts-ohrstecker-aus-925-sterling-silber-copy\/#primaryimage"},"thumbnailUrl":"https:\/\/i0.wp.com\/maxgold.gr\/wp-content\/uploads\/2024\/11\/ce1-b.jpg?fit=900%2C900&ssl=1","datePublished":"2024-11-25T21:38:49+00:00","dateModified":"2024-11-25T21:53:48+00:00","breadcrumb":{"@id":"https:\/\/maxgold.gr\/de\/shop\/pink-opal-cute-hearts-ohrstecker-aus-925-sterling-silber-copy\/#breadcrumb"},"inLanguage":"de","potentialAction":[{"@type":"ReadAction","target":["https:\/\/maxgold.gr\/de\/shop\/pink-opal-cute-hearts-ohrstecker-aus-925-sterling-silber-copy\/"]}]},{"@type":"ImageObject","inLanguage":"de","@id":"https:\/\/maxgold.gr\/de\/shop\/pink-opal-cute-hearts-ohrstecker-aus-925-sterling-silber-copy\/#primaryimage","url":"https:\/\/i0.wp.com\/maxgold.gr\/wp-content\/uploads\/2024\/11\/ce1-b.jpg?fit=900%2C900&ssl=1","contentUrl":"https:\/\/i0.wp.com\/maxgold.gr\/wp-content\/uploads\/2024\/11\/ce1-b.jpg?fit=900%2C900&ssl=1","width":900,"height":900},{"@type":"BreadcrumbList","@id":"https:\/\/maxgold.gr\/de\/shop\/pink-opal-cute-hearts-ohrstecker-aus-925-sterling-silber-copy\/#breadcrumb","itemListElement":[{"@type":"ListItem","position":1,"name":"Home","item":"https:\/\/maxgold.gr\/de\/startseite\/"},{"@type":"ListItem","position":2,"name":"Gesch\u00e4ft","item":"https:\/\/maxgold.gr\/de\/%ce%ba%ce%b1%cf%84%ce%ac%cf%83%cf%84%ce%b7%ce%bc%ce%b1\/"},{"@type":"ListItem","position":3,"name":"Ohrstecker f\u00fcr Kinder &#8222;Rosa-Gelb-Lila Regenbogen&#8220;, aus 925 Sterling Silber"}]},{"@type":"WebSite","@id":"https:\/\/maxgold.gr\/de\/#website","url":"https:\/\/maxgold.gr\/de\/","name":"Max Gold","description":"Max Gold","potentialAction":[{"@type":"SearchAction","target":{"@type":"EntryPoint","urlTemplate":"https:\/\/maxgold.gr\/de\/?s={search_term_string}"},"query-input":{"@type":"PropertyValueSpecification","valueRequired":true,"valueName":"search_term_string"}}],"inLanguage":"de"}]}},"jetpack_sharing_enabled":true,"_links":{"self":[{"href":"https:\/\/maxgold.gr\/de\/wp-json\/wp\/v2\/product\/4700","targetHints":{"allow":["GET"]}}],"collection":[{"href":"https:\/\/maxgold.gr\/de\/wp-json\/wp\/v2\/product"}],"about":[{"href":"https:\/\/maxgold.gr\/de\/wp-json\/wp\/v2\/types\/product"}],"replies":[{"embeddable":true,"href":"https:\/\/maxgold.gr\/de\/wp-json\/wp\/v2\/comments?post=4700"}],"wp:featuredmedia":[{"embeddable":true,"href":"https:\/\/maxgold.gr\/de\/wp-json\/wp\/v2\/media\/4703"}],"wp:attachment":[{"href":"https:\/\/maxgold.gr\/de\/wp-json\/wp\/v2\/media?parent=4700"}],"wp:term":[{"taxonomy":"product_brand","embeddable":true,"href":"https:\/\/maxgold.gr\/de\/wp-json\/wp\/v2\/product_brand?post=4700"},{"taxonomy":"product_cat","embeddable":true,"href":"https:\/\/maxgold.gr\/de\/wp-json\/wp\/v2\/product_cat?post=4700"},{"taxonomy":"product_tag","embeddable":true,"href":"https:\/\/maxgold.gr\/de\/wp-json\/wp\/v2\/product_tag?post=4700"}],"curies":[{"name":"wp","href":"https:\/\/api.w.org\/{rel}","templated":true}]}}