{"id":4759,"date":"2024-07-14T21:15:19","date_gmt":"2024-07-14T18:15:19","guid":{"rendered":"https:\/\/maxgold.gr\/shop\/meandros-kette-armband-speira-aus-925-sterling-silber-mit-vielen-zirkonia\/"},"modified":"2025-10-25T13:10:07","modified_gmt":"2025-10-25T10:10:07","slug":"meandros-kette-armband-speira-aus-925-sterling-silber-mit-vielen-zirkonia","status":"publish","type":"product","link":"https:\/\/maxgold.gr\/de\/shop\/meandros-kette-armband-speira-aus-925-sterling-silber-mit-vielen-zirkonia\/","title":{"rendered":"Meandros Kette Armband &#8222;Speira&#8220;, aus 925 Sterling Silber, mit vielen Zirkonia"},"content":{"rendered":"<p>Das Meandros Kettenarmband &#8222;Speira&#8220; ist aus 925er Sterlingsilber gefertigt und mit zahlreichen Zirkoniasteinen verziert. Diese Kombination von Materialien sorgt nicht nur f\u00fcr Langlebigkeit, sondern verleiht dem Design auch einen Hauch von Eleganz. Die &#8222;Speira&#8220; ist ein komplexes und kraftvolles Symbol, eines der \u00e4ltesten, die es gibt, und wurde in Griechenland seit der Altsteinzeit verwendet. Sie war ein Symbol f\u00fcr den antiken Hellenismus, aber auch f\u00fcr die Lebenskraft. <\/p>\n<h4><\/h4>\n<h4><strong>Produktdetails<\/strong><\/h4>\n<p><strong>Gr\u00f6\u00dfe des Armbands: <\/strong>17,5cm -22cm, verstellbar<strong><br \/>\n<\/strong><\/p>\n<p><strong>Edelstein:<\/strong> Kubischer Zirkonia<\/p>\n<p><strong>Gr\u00f6\u00dfe des Motivs: <\/strong>0,9cm x 0,9cm x 0,2cm<\/p>\n<p><strong>Metall:<\/strong> Sterling Silber (925)<\/p>\n<p><strong>Metallstempel:<\/strong> 925<\/p>\n<p><strong>Beschichtung: <\/strong>Rhodium<\/p>\n<p><strong>Verschluss: <\/strong>Federring<strong><br \/>\n<\/strong><\/p>\n<p>&nbsp;<\/p>\n","protected":false},"excerpt":{"rendered":"<p>Das Meandros Kettenarmband &#8222;Speira&#8220; ist aus 925er Sterlingsilber gefertigt und mit zahlreichen Zirkoniasteinen verziert. Diese Kombination von Materialien sorgt nicht nur f\u00fcr Langlebigkeit, sondern verleiht dem Design auch einen Hauch von Eleganz. Die &#8222;Speira&#8220; ist ein komplexes und kraftvolles Symbol, eines der \u00e4ltesten, die es gibt, und wurde in Griechenland seit der Altsteinzeit verwendet. Sie [&#8230;]\n","protected":false},"featured_media":4760,"comment_status":"open","ping_status":"closed","template":"","meta":[],"product_brand":[],"product_cat":[485,439,487,490,467,434,432,726,435],"product_tag":[550,448,547,603,442],"class_list":{"0":"post-4759","1":"product","2":"type-product","3":"status-publish","4":"has-post-thumbnail","6":"product_cat-armbander","7":"product_cat-damenschmuck","8":"product_cat-kettenarmbaender","9":"product_cat-kettenarmbander-silber","10":"product_cat-meandros-greek-collection-de","11":"product_cat-metall","12":"product_cat-neu-ankommen","13":"product_cat-silber","14":"product_cat-sterling-silber-925","15":"product_tag-damenschmuck","16":"product_tag-kubischer-zirkoniumdioxid","17":"product_tag-meandros-griechische-kollektion","18":"product_tag-speira-de","19":"product_tag-sterling-silber-925","21":"first","22":"outofstock","23":"sold-individually","24":"taxable","25":"shipping-taxable","26":"purchasable","27":"product-type-simple","28":"add-to-wishlist-before_add_to_cart"},"yoast_head":"<!-- This site is optimized with the Yoast SEO plugin v27.5 - https:\/\/yoast.com\/product\/yoast-seo-wordpress\/ -->\n<title>Meandros Kette Armband &quot;Speira&quot;, aus 925 Sterling Silber, mit vielen Zirkonia - Max Gold<\/title>\n<meta name=\"robots\" content=\"index, follow, max-snippet:-1, max-image-preview:large, max-video-preview:-1\" \/>\n<link rel=\"canonical\" href=\"https:\/\/maxgold.gr\/de\/shop\/meandros-kette-armband-speira-aus-925-sterling-silber-mit-vielen-zirkonia\/\" \/>\n<meta property=\"og:locale\" content=\"de_DE\" \/>\n<meta property=\"og:type\" content=\"article\" \/>\n<meta property=\"og:title\" content=\"Meandros Kette Armband &quot;Speira&quot;, aus 925 Sterling Silber, mit vielen Zirkonia - Max Gold\" \/>\n<meta property=\"og:description\" content=\"Das Meandros Kettenarmband &#8222;Speira&#8220; ist aus 925er Sterlingsilber gefertigt und mit zahlreichen Zirkoniasteinen verziert. Diese Kombination von Materialien sorgt nicht nur f\u00fcr Langlebigkeit, sondern verleiht dem Design auch einen Hauch von Eleganz. Die &#8222;Speira&#8220; ist ein komplexes und kraftvolles Symbol, eines der \u00e4ltesten, die es gibt, und wurde in Griechenland seit der Altsteinzeit verwendet. Sie [...]\" \/>\n<meta property=\"og:url\" content=\"https:\/\/maxgold.gr\/de\/shop\/meandros-kette-armband-speira-aus-925-sterling-silber-mit-vielen-zirkonia\/\" \/>\n<meta property=\"og:site_name\" content=\"Max Gold\" \/>\n<meta property=\"article:publisher\" content=\"https:\/\/www.facebook.com\/people\/Max-Gold\/61561801899896\/\" \/>\n<meta property=\"article:modified_time\" content=\"2025-10-25T10:10:07+00:00\" \/>\n<meta property=\"og:image\" content=\"https:\/\/i0.wp.com\/maxgold.gr\/wp-content\/uploads\/2024\/07\/cb-1a.jpg?fit=600%2C600&ssl=1\" \/>\n\t<meta property=\"og:image:width\" content=\"600\" \/>\n\t<meta property=\"og:image:height\" content=\"600\" \/>\n\t<meta property=\"og:image:type\" content=\"image\/jpeg\" \/>\n<meta name=\"twitter:card\" content=\"summary_large_image\" \/>\n<meta name=\"twitter:label1\" content=\"Gesch\u00e4tzte Lesezeit\" \/>\n\t<meta name=\"twitter:data1\" content=\"1\u00a0Minute\" \/>\n<script type=\"application\/ld+json\" class=\"yoast-schema-graph\">{\"@context\":\"https:\\\/\\\/schema.org\",\"@graph\":[{\"@type\":\"WebPage\",\"@id\":\"https:\\\/\\\/maxgold.gr\\\/de\\\/shop\\\/meandros-kette-armband-speira-aus-925-sterling-silber-mit-vielen-zirkonia\\\/\",\"url\":\"https:\\\/\\\/maxgold.gr\\\/de\\\/shop\\\/meandros-kette-armband-speira-aus-925-sterling-silber-mit-vielen-zirkonia\\\/\",\"name\":\"Meandros Kette Armband \\\"Speira\\\", aus 925 Sterling Silber, mit vielen Zirkonia - Max Gold\",\"isPartOf\":{\"@id\":\"https:\\\/\\\/maxgold.gr\\\/de\\\/#website\"},\"primaryImageOfPage\":{\"@id\":\"https:\\\/\\\/maxgold.gr\\\/de\\\/shop\\\/meandros-kette-armband-speira-aus-925-sterling-silber-mit-vielen-zirkonia\\\/#primaryimage\"},\"image\":{\"@id\":\"https:\\\/\\\/maxgold.gr\\\/de\\\/shop\\\/meandros-kette-armband-speira-aus-925-sterling-silber-mit-vielen-zirkonia\\\/#primaryimage\"},\"thumbnailUrl\":\"https:\\\/\\\/i0.wp.com\\\/maxgold.gr\\\/wp-content\\\/uploads\\\/2024\\\/07\\\/cb-1a.jpg?fit=600%2C600&ssl=1\",\"datePublished\":\"2024-07-14T18:15:19+00:00\",\"dateModified\":\"2025-10-25T10:10:07+00:00\",\"breadcrumb\":{\"@id\":\"https:\\\/\\\/maxgold.gr\\\/de\\\/shop\\\/meandros-kette-armband-speira-aus-925-sterling-silber-mit-vielen-zirkonia\\\/#breadcrumb\"},\"inLanguage\":\"de\",\"potentialAction\":[{\"@type\":\"ReadAction\",\"target\":[\"https:\\\/\\\/maxgold.gr\\\/de\\\/shop\\\/meandros-kette-armband-speira-aus-925-sterling-silber-mit-vielen-zirkonia\\\/\"]}]},{\"@type\":\"ImageObject\",\"inLanguage\":\"de\",\"@id\":\"https:\\\/\\\/maxgold.gr\\\/de\\\/shop\\\/meandros-kette-armband-speira-aus-925-sterling-silber-mit-vielen-zirkonia\\\/#primaryimage\",\"url\":\"https:\\\/\\\/i0.wp.com\\\/maxgold.gr\\\/wp-content\\\/uploads\\\/2024\\\/07\\\/cb-1a.jpg?fit=600%2C600&ssl=1\",\"contentUrl\":\"https:\\\/\\\/i0.wp.com\\\/maxgold.gr\\\/wp-content\\\/uploads\\\/2024\\\/07\\\/cb-1a.jpg?fit=600%2C600&ssl=1\",\"width\":600,\"height\":600},{\"@type\":\"BreadcrumbList\",\"@id\":\"https:\\\/\\\/maxgold.gr\\\/de\\\/shop\\\/meandros-kette-armband-speira-aus-925-sterling-silber-mit-vielen-zirkonia\\\/#breadcrumb\",\"itemListElement\":[{\"@type\":\"ListItem\",\"position\":1,\"name\":\"Home\",\"item\":\"https:\\\/\\\/maxgold.gr\\\/de\\\/startseite\\\/\"},{\"@type\":\"ListItem\",\"position\":2,\"name\":\"Gesch\u00e4ft\",\"item\":\"https:\\\/\\\/maxgold.gr\\\/de\\\/%ce%ba%ce%b1%cf%84%ce%ac%cf%83%cf%84%ce%b7%ce%bc%ce%b1\\\/\"},{\"@type\":\"ListItem\",\"position\":3,\"name\":\"Meandros Kette Armband &#8220;Speira&#8221;, aus 925 Sterling Silber, mit vielen Zirkonia\"}]},{\"@type\":\"WebSite\",\"@id\":\"https:\\\/\\\/maxgold.gr\\\/de\\\/#website\",\"url\":\"https:\\\/\\\/maxgold.gr\\\/de\\\/\",\"name\":\"Max Gold\",\"description\":\"Max Gold\",\"potentialAction\":[{\"@type\":\"SearchAction\",\"target\":{\"@type\":\"EntryPoint\",\"urlTemplate\":\"https:\\\/\\\/maxgold.gr\\\/de\\\/?s={search_term_string}\"},\"query-input\":{\"@type\":\"PropertyValueSpecification\",\"valueRequired\":true,\"valueName\":\"search_term_string\"}}],\"inLanguage\":\"de\"}]}<\/script>\n<!-- \/ Yoast SEO plugin. -->","yoast_head_json":{"title":"Meandros Kette Armband \"Speira\", aus 925 Sterling Silber, mit vielen Zirkonia - Max Gold","robots":{"index":"index","follow":"follow","max-snippet":"max-snippet:-1","max-image-preview":"max-image-preview:large","max-video-preview":"max-video-preview:-1"},"canonical":"https:\/\/maxgold.gr\/de\/shop\/meandros-kette-armband-speira-aus-925-sterling-silber-mit-vielen-zirkonia\/","og_locale":"de_DE","og_type":"article","og_title":"Meandros Kette Armband \"Speira\", aus 925 Sterling Silber, mit vielen Zirkonia - Max Gold","og_description":"Das Meandros Kettenarmband &#8222;Speira&#8220; ist aus 925er Sterlingsilber gefertigt und mit zahlreichen Zirkoniasteinen verziert. Diese Kombination von Materialien sorgt nicht nur f\u00fcr Langlebigkeit, sondern verleiht dem Design auch einen Hauch von Eleganz. Die &#8222;Speira&#8220; ist ein komplexes und kraftvolles Symbol, eines der \u00e4ltesten, die es gibt, und wurde in Griechenland seit der Altsteinzeit verwendet. Sie [...]","og_url":"https:\/\/maxgold.gr\/de\/shop\/meandros-kette-armband-speira-aus-925-sterling-silber-mit-vielen-zirkonia\/","og_site_name":"Max Gold","article_publisher":"https:\/\/www.facebook.com\/people\/Max-Gold\/61561801899896\/","article_modified_time":"2025-10-25T10:10:07+00:00","og_image":[{"width":600,"height":600,"url":"https:\/\/i0.wp.com\/maxgold.gr\/wp-content\/uploads\/2024\/07\/cb-1a.jpg?fit=600%2C600&ssl=1","type":"image\/jpeg"}],"twitter_card":"summary_large_image","twitter_misc":{"Gesch\u00e4tzte Lesezeit":"1\u00a0Minute"},"schema":{"@context":"https:\/\/schema.org","@graph":[{"@type":"WebPage","@id":"https:\/\/maxgold.gr\/de\/shop\/meandros-kette-armband-speira-aus-925-sterling-silber-mit-vielen-zirkonia\/","url":"https:\/\/maxgold.gr\/de\/shop\/meandros-kette-armband-speira-aus-925-sterling-silber-mit-vielen-zirkonia\/","name":"Meandros Kette Armband \"Speira\", aus 925 Sterling Silber, mit vielen Zirkonia - Max Gold","isPartOf":{"@id":"https:\/\/maxgold.gr\/de\/#website"},"primaryImageOfPage":{"@id":"https:\/\/maxgold.gr\/de\/shop\/meandros-kette-armband-speira-aus-925-sterling-silber-mit-vielen-zirkonia\/#primaryimage"},"image":{"@id":"https:\/\/maxgold.gr\/de\/shop\/meandros-kette-armband-speira-aus-925-sterling-silber-mit-vielen-zirkonia\/#primaryimage"},"thumbnailUrl":"https:\/\/i0.wp.com\/maxgold.gr\/wp-content\/uploads\/2024\/07\/cb-1a.jpg?fit=600%2C600&ssl=1","datePublished":"2024-07-14T18:15:19+00:00","dateModified":"2025-10-25T10:10:07+00:00","breadcrumb":{"@id":"https:\/\/maxgold.gr\/de\/shop\/meandros-kette-armband-speira-aus-925-sterling-silber-mit-vielen-zirkonia\/#breadcrumb"},"inLanguage":"de","potentialAction":[{"@type":"ReadAction","target":["https:\/\/maxgold.gr\/de\/shop\/meandros-kette-armband-speira-aus-925-sterling-silber-mit-vielen-zirkonia\/"]}]},{"@type":"ImageObject","inLanguage":"de","@id":"https:\/\/maxgold.gr\/de\/shop\/meandros-kette-armband-speira-aus-925-sterling-silber-mit-vielen-zirkonia\/#primaryimage","url":"https:\/\/i0.wp.com\/maxgold.gr\/wp-content\/uploads\/2024\/07\/cb-1a.jpg?fit=600%2C600&ssl=1","contentUrl":"https:\/\/i0.wp.com\/maxgold.gr\/wp-content\/uploads\/2024\/07\/cb-1a.jpg?fit=600%2C600&ssl=1","width":600,"height":600},{"@type":"BreadcrumbList","@id":"https:\/\/maxgold.gr\/de\/shop\/meandros-kette-armband-speira-aus-925-sterling-silber-mit-vielen-zirkonia\/#breadcrumb","itemListElement":[{"@type":"ListItem","position":1,"name":"Home","item":"https:\/\/maxgold.gr\/de\/startseite\/"},{"@type":"ListItem","position":2,"name":"Gesch\u00e4ft","item":"https:\/\/maxgold.gr\/de\/%ce%ba%ce%b1%cf%84%ce%ac%cf%83%cf%84%ce%b7%ce%bc%ce%b1\/"},{"@type":"ListItem","position":3,"name":"Meandros Kette Armband &#8220;Speira&#8221;, aus 925 Sterling Silber, mit vielen Zirkonia"}]},{"@type":"WebSite","@id":"https:\/\/maxgold.gr\/de\/#website","url":"https:\/\/maxgold.gr\/de\/","name":"Max Gold","description":"Max Gold","potentialAction":[{"@type":"SearchAction","target":{"@type":"EntryPoint","urlTemplate":"https:\/\/maxgold.gr\/de\/?s={search_term_string}"},"query-input":{"@type":"PropertyValueSpecification","valueRequired":true,"valueName":"search_term_string"}}],"inLanguage":"de"}]}},"jetpack_sharing_enabled":true,"_links":{"self":[{"href":"https:\/\/maxgold.gr\/de\/wp-json\/wp\/v2\/product\/4759","targetHints":{"allow":["GET"]}}],"collection":[{"href":"https:\/\/maxgold.gr\/de\/wp-json\/wp\/v2\/product"}],"about":[{"href":"https:\/\/maxgold.gr\/de\/wp-json\/wp\/v2\/types\/product"}],"replies":[{"embeddable":true,"href":"https:\/\/maxgold.gr\/de\/wp-json\/wp\/v2\/comments?post=4759"}],"wp:featuredmedia":[{"embeddable":true,"href":"https:\/\/maxgold.gr\/de\/wp-json\/wp\/v2\/media\/4760"}],"wp:attachment":[{"href":"https:\/\/maxgold.gr\/de\/wp-json\/wp\/v2\/media?parent=4759"}],"wp:term":[{"taxonomy":"product_brand","embeddable":true,"href":"https:\/\/maxgold.gr\/de\/wp-json\/wp\/v2\/product_brand?post=4759"},{"taxonomy":"product_cat","embeddable":true,"href":"https:\/\/maxgold.gr\/de\/wp-json\/wp\/v2\/product_cat?post=4759"},{"taxonomy":"product_tag","embeddable":true,"href":"https:\/\/maxgold.gr\/de\/wp-json\/wp\/v2\/product_tag?post=4759"}],"curies":[{"name":"wp","href":"https:\/\/api.w.org\/{rel}","templated":true}]}}