{"id":4781,"date":"2024-11-29T01:42:08","date_gmt":"2024-11-28T22:42:08","guid":{"rendered":"https:\/\/maxgold.gr\/shop\/zirkonia-s-kreuz-anhaenger-halskette-aus-925-sterling-silber-mit-zarter-ankerkette\/"},"modified":"2024-11-29T01:42:08","modified_gmt":"2024-11-28T22:42:08","slug":"zirkonia-s-kreuz-anhaenger-halskette-aus-925-sterling-silber-mit-zarter-ankerkette","status":"publish","type":"product","link":"https:\/\/maxgold.gr\/de\/shop\/zirkonia-s-kreuz-anhaenger-halskette-aus-925-sterling-silber-mit-zarter-ankerkette\/","title":{"rendered":"&#8222;Zirkonia S Kreuz&#8220; Anh\u00e4nger Halskette, aus 925 Sterling Silber, mit zarter Ankerkette"},"content":{"rendered":"<p>Das aus hochwertigem 925er Sterlingsilber gefertigte &#8222;Zirconia S Cross&#8220; passt zu jeder Kleidung und ist damit ein ideales Accessoire f\u00fcr legere und formelle Anl\u00e4sse. Die Halskette ist mit einer zarten Ankerkette versehen, die ihren anmutigen Charme unterstreicht. Mit ihrer verstellbaren L\u00e4nge bietet sie Vielseitigkeit und erm\u00f6glicht es Ihnen, sie in der von Ihnen bevorzugten L\u00e4nge zu tragen, um einen individuellen Look zu kreieren.<\/p>\n<p>&nbsp;<\/p>\n<p>Wenn Sie nur den Anh\u00e4nger ohne die Kette m\u00f6chten, finden Sie ihn hier:<\/p>\n<p class=\"product-title product_title entry-title\"><a href=\"https:\/\/maxgold.gr\/shop\/zirconia-s-cross-pendant-made-of-925-sterling-silver-with-sparkling-zirconia\/\"><strong>Anh\u00e4nger &#8222;Zirkonia S Cross&#8220;, aus 925 Sterling Silber, mit funkelnden Zirkonia<\/strong><\/a><\/p>\n<p>&nbsp;<\/p>\n<h4><\/h4>\n<h4><strong>Produktdetails<\/strong><\/h4>\n<p><strong>Abmessungen des Anh\u00e4ngers:<\/strong> 2.3cm hoch x 1,5cm breit x 0.2cm tief<\/p>\n<p><strong>Anh\u00e4nger Edelstein:<\/strong> Kubischer Zirkoniumdioxid<\/p>\n<p><strong>Kettentyp: <\/strong>Anker<\/p>\n<p><strong>L\u00e4nge der Kette:<\/strong> 40+5cm<\/p>\n<p><strong>Kettenverschluss:<\/strong> Karabiner<\/p>\n<p><strong>Metall:<\/strong> Sterling Silber (925)<\/p>\n<p><strong>Metallstempel:<\/strong> 925.<\/p>\n<p><strong>Beschichtung: <\/strong>Rhodium<\/p>\n<p>&nbsp;<\/p>\n","protected":false},"excerpt":{"rendered":"<p>Das aus hochwertigem 925er Sterlingsilber gefertigte &#8222;Zirconia S Cross&#8220; passt zu jeder Kleidung und ist damit ein ideales Accessoire f\u00fcr legere und formelle Anl\u00e4sse. Die Halskette ist mit einer zarten Ankerkette versehen, die ihren anmutigen Charme unterstreicht. Mit ihrer verstellbaren L\u00e4nge bietet sie Vielseitigkeit und erm\u00f6glicht es Ihnen, sie in der von Ihnen bevorzugten L\u00e4nge [&#8230;]\n","protected":false},"featured_media":4766,"comment_status":"open","ping_status":"closed","template":"","meta":[],"product_brand":[],"product_cat":[439,516,525,464,434,432,726,531,435],"product_tag":[554,593,570,442],"class_list":{"0":"post-4781","1":"product","2":"type-product","3":"status-publish","4":"has-post-thumbnail","6":"product_cat-damenschmuck","7":"product_cat-halsketten-anhaenger","8":"product_cat-halsketten-mit-anhaenger","9":"product_cat-kreuzen","10":"product_cat-metall","11":"product_cat-neu-ankommen","12":"product_cat-silber","13":"product_cat-silberne-halsketten-mit-anhaenger","14":"product_cat-sterling-silber-925","15":"product_tag-ankerkette","16":"product_tag-halskette-mit-anhaenger","17":"product_tag-kreuze","18":"product_tag-sterling-silber-925","20":"first","21":"instock","22":"sold-individually","23":"taxable","24":"shipping-taxable","25":"purchasable","26":"product-type-simple","27":"add-to-wishlist-before_add_to_cart"},"yoast_head":"<!-- This site is optimized with the Yoast SEO plugin v27.6 - https:\/\/yoast.com\/product\/yoast-seo-wordpress\/ -->\n<title>&quot;Zirkonia S Kreuz&quot; Anh\u00e4nger Halskette, aus 925 Sterling Silber, mit zarter Ankerkette - Max Gold<\/title>\n<meta name=\"robots\" content=\"index, follow, max-snippet:-1, max-image-preview:large, max-video-preview:-1\" \/>\n<link rel=\"canonical\" href=\"https:\/\/maxgold.gr\/de\/shop\/zirkonia-s-kreuz-anhaenger-halskette-aus-925-sterling-silber-mit-zarter-ankerkette\/\" \/>\n<meta property=\"og:locale\" content=\"de_DE\" \/>\n<meta property=\"og:type\" content=\"article\" \/>\n<meta property=\"og:title\" content=\"&quot;Zirkonia S Kreuz&quot; Anh\u00e4nger Halskette, aus 925 Sterling Silber, mit zarter Ankerkette - Max Gold\" \/>\n<meta property=\"og:description\" content=\"Das aus hochwertigem 925er Sterlingsilber gefertigte &#8222;Zirconia S Cross&#8220; passt zu jeder Kleidung und ist damit ein ideales Accessoire f\u00fcr legere und formelle Anl\u00e4sse. Die Halskette ist mit einer zarten Ankerkette versehen, die ihren anmutigen Charme unterstreicht. Mit ihrer verstellbaren L\u00e4nge bietet sie Vielseitigkeit und erm\u00f6glicht es Ihnen, sie in der von Ihnen bevorzugten L\u00e4nge [...]\" \/>\n<meta property=\"og:url\" content=\"https:\/\/maxgold.gr\/de\/shop\/zirkonia-s-kreuz-anhaenger-halskette-aus-925-sterling-silber-mit-zarter-ankerkette\/\" \/>\n<meta property=\"og:site_name\" content=\"Max Gold\" \/>\n<meta property=\"article:publisher\" content=\"https:\/\/www.facebook.com\/people\/Max-Gold\/61561801899896\/\" \/>\n<meta property=\"og:image\" content=\"https:\/\/i0.wp.com\/maxgold.gr\/wp-content\/uploads\/2024\/11\/spn-2b-1.jpg?fit=1000%2C1000&ssl=1\" \/>\n\t<meta property=\"og:image:width\" content=\"1000\" \/>\n\t<meta property=\"og:image:height\" content=\"1000\" \/>\n\t<meta property=\"og:image:type\" content=\"image\/jpeg\" \/>\n<meta name=\"twitter:card\" content=\"summary_large_image\" \/>\n<meta name=\"twitter:label1\" content=\"Gesch\u00e4tzte Lesezeit\" \/>\n\t<meta name=\"twitter:data1\" content=\"1\u00a0Minute\" \/>\n<script type=\"application\/ld+json\" class=\"yoast-schema-graph\">{\"@context\":\"https:\\\/\\\/schema.org\",\"@graph\":[{\"@type\":\"WebPage\",\"@id\":\"https:\\\/\\\/maxgold.gr\\\/de\\\/shop\\\/zirkonia-s-kreuz-anhaenger-halskette-aus-925-sterling-silber-mit-zarter-ankerkette\\\/\",\"url\":\"https:\\\/\\\/maxgold.gr\\\/de\\\/shop\\\/zirkonia-s-kreuz-anhaenger-halskette-aus-925-sterling-silber-mit-zarter-ankerkette\\\/\",\"name\":\"\\\"Zirkonia S Kreuz\\\" Anh\u00e4nger Halskette, aus 925 Sterling Silber, mit zarter Ankerkette - Max Gold\",\"isPartOf\":{\"@id\":\"https:\\\/\\\/maxgold.gr\\\/de\\\/#website\"},\"primaryImageOfPage\":{\"@id\":\"https:\\\/\\\/maxgold.gr\\\/de\\\/shop\\\/zirkonia-s-kreuz-anhaenger-halskette-aus-925-sterling-silber-mit-zarter-ankerkette\\\/#primaryimage\"},\"image\":{\"@id\":\"https:\\\/\\\/maxgold.gr\\\/de\\\/shop\\\/zirkonia-s-kreuz-anhaenger-halskette-aus-925-sterling-silber-mit-zarter-ankerkette\\\/#primaryimage\"},\"thumbnailUrl\":\"https:\\\/\\\/i0.wp.com\\\/maxgold.gr\\\/wp-content\\\/uploads\\\/2024\\\/11\\\/spn-2b-1.jpg?fit=1000%2C1000&ssl=1\",\"datePublished\":\"2024-11-28T22:42:08+00:00\",\"breadcrumb\":{\"@id\":\"https:\\\/\\\/maxgold.gr\\\/de\\\/shop\\\/zirkonia-s-kreuz-anhaenger-halskette-aus-925-sterling-silber-mit-zarter-ankerkette\\\/#breadcrumb\"},\"inLanguage\":\"de\",\"potentialAction\":[{\"@type\":\"ReadAction\",\"target\":[\"https:\\\/\\\/maxgold.gr\\\/de\\\/shop\\\/zirkonia-s-kreuz-anhaenger-halskette-aus-925-sterling-silber-mit-zarter-ankerkette\\\/\"]}]},{\"@type\":\"ImageObject\",\"inLanguage\":\"de\",\"@id\":\"https:\\\/\\\/maxgold.gr\\\/de\\\/shop\\\/zirkonia-s-kreuz-anhaenger-halskette-aus-925-sterling-silber-mit-zarter-ankerkette\\\/#primaryimage\",\"url\":\"https:\\\/\\\/i0.wp.com\\\/maxgold.gr\\\/wp-content\\\/uploads\\\/2024\\\/11\\\/spn-2b-1.jpg?fit=1000%2C1000&ssl=1\",\"contentUrl\":\"https:\\\/\\\/i0.wp.com\\\/maxgold.gr\\\/wp-content\\\/uploads\\\/2024\\\/11\\\/spn-2b-1.jpg?fit=1000%2C1000&ssl=1\",\"width\":1000,\"height\":1000},{\"@type\":\"BreadcrumbList\",\"@id\":\"https:\\\/\\\/maxgold.gr\\\/de\\\/shop\\\/zirkonia-s-kreuz-anhaenger-halskette-aus-925-sterling-silber-mit-zarter-ankerkette\\\/#breadcrumb\",\"itemListElement\":[{\"@type\":\"ListItem\",\"position\":1,\"name\":\"Home\",\"item\":\"https:\\\/\\\/maxgold.gr\\\/de\\\/\"},{\"@type\":\"ListItem\",\"position\":2,\"name\":\"Gesch\u00e4ft\",\"item\":\"https:\\\/\\\/maxgold.gr\\\/de\\\/%ce%ba%ce%b1%cf%84%ce%ac%cf%83%cf%84%ce%b7%ce%bc%ce%b1\\\/\"},{\"@type\":\"ListItem\",\"position\":3,\"name\":\"&#8220;Zirkonia S Kreuz&#8221; Anh\u00e4nger Halskette, aus 925 Sterling Silber, mit zarter Ankerkette\"}]},{\"@type\":\"WebSite\",\"@id\":\"https:\\\/\\\/maxgold.gr\\\/de\\\/#website\",\"url\":\"https:\\\/\\\/maxgold.gr\\\/de\\\/\",\"name\":\"Max Gold\",\"description\":\"Max Gold\",\"potentialAction\":[{\"@type\":\"SearchAction\",\"target\":{\"@type\":\"EntryPoint\",\"urlTemplate\":\"https:\\\/\\\/maxgold.gr\\\/de\\\/?s={search_term_string}\"},\"query-input\":{\"@type\":\"PropertyValueSpecification\",\"valueRequired\":true,\"valueName\":\"search_term_string\"}}],\"inLanguage\":\"de\"}]}<\/script>\n<!-- \/ Yoast SEO plugin. -->","yoast_head_json":{"title":"\"Zirkonia S Kreuz\" Anh\u00e4nger Halskette, aus 925 Sterling Silber, mit zarter Ankerkette - Max Gold","robots":{"index":"index","follow":"follow","max-snippet":"max-snippet:-1","max-image-preview":"max-image-preview:large","max-video-preview":"max-video-preview:-1"},"canonical":"https:\/\/maxgold.gr\/de\/shop\/zirkonia-s-kreuz-anhaenger-halskette-aus-925-sterling-silber-mit-zarter-ankerkette\/","og_locale":"de_DE","og_type":"article","og_title":"\"Zirkonia S Kreuz\" Anh\u00e4nger Halskette, aus 925 Sterling Silber, mit zarter Ankerkette - Max Gold","og_description":"Das aus hochwertigem 925er Sterlingsilber gefertigte &#8222;Zirconia S Cross&#8220; passt zu jeder Kleidung und ist damit ein ideales Accessoire f\u00fcr legere und formelle Anl\u00e4sse. Die Halskette ist mit einer zarten Ankerkette versehen, die ihren anmutigen Charme unterstreicht. Mit ihrer verstellbaren L\u00e4nge bietet sie Vielseitigkeit und erm\u00f6glicht es Ihnen, sie in der von Ihnen bevorzugten L\u00e4nge [...]","og_url":"https:\/\/maxgold.gr\/de\/shop\/zirkonia-s-kreuz-anhaenger-halskette-aus-925-sterling-silber-mit-zarter-ankerkette\/","og_site_name":"Max Gold","article_publisher":"https:\/\/www.facebook.com\/people\/Max-Gold\/61561801899896\/","og_image":[{"width":1000,"height":1000,"url":"https:\/\/i0.wp.com\/maxgold.gr\/wp-content\/uploads\/2024\/11\/spn-2b-1.jpg?fit=1000%2C1000&ssl=1","type":"image\/jpeg"}],"twitter_card":"summary_large_image","twitter_misc":{"Gesch\u00e4tzte Lesezeit":"1\u00a0Minute"},"schema":{"@context":"https:\/\/schema.org","@graph":[{"@type":"WebPage","@id":"https:\/\/maxgold.gr\/de\/shop\/zirkonia-s-kreuz-anhaenger-halskette-aus-925-sterling-silber-mit-zarter-ankerkette\/","url":"https:\/\/maxgold.gr\/de\/shop\/zirkonia-s-kreuz-anhaenger-halskette-aus-925-sterling-silber-mit-zarter-ankerkette\/","name":"\"Zirkonia S Kreuz\" Anh\u00e4nger Halskette, aus 925 Sterling Silber, mit zarter Ankerkette - Max Gold","isPartOf":{"@id":"https:\/\/maxgold.gr\/de\/#website"},"primaryImageOfPage":{"@id":"https:\/\/maxgold.gr\/de\/shop\/zirkonia-s-kreuz-anhaenger-halskette-aus-925-sterling-silber-mit-zarter-ankerkette\/#primaryimage"},"image":{"@id":"https:\/\/maxgold.gr\/de\/shop\/zirkonia-s-kreuz-anhaenger-halskette-aus-925-sterling-silber-mit-zarter-ankerkette\/#primaryimage"},"thumbnailUrl":"https:\/\/i0.wp.com\/maxgold.gr\/wp-content\/uploads\/2024\/11\/spn-2b-1.jpg?fit=1000%2C1000&ssl=1","datePublished":"2024-11-28T22:42:08+00:00","breadcrumb":{"@id":"https:\/\/maxgold.gr\/de\/shop\/zirkonia-s-kreuz-anhaenger-halskette-aus-925-sterling-silber-mit-zarter-ankerkette\/#breadcrumb"},"inLanguage":"de","potentialAction":[{"@type":"ReadAction","target":["https:\/\/maxgold.gr\/de\/shop\/zirkonia-s-kreuz-anhaenger-halskette-aus-925-sterling-silber-mit-zarter-ankerkette\/"]}]},{"@type":"ImageObject","inLanguage":"de","@id":"https:\/\/maxgold.gr\/de\/shop\/zirkonia-s-kreuz-anhaenger-halskette-aus-925-sterling-silber-mit-zarter-ankerkette\/#primaryimage","url":"https:\/\/i0.wp.com\/maxgold.gr\/wp-content\/uploads\/2024\/11\/spn-2b-1.jpg?fit=1000%2C1000&ssl=1","contentUrl":"https:\/\/i0.wp.com\/maxgold.gr\/wp-content\/uploads\/2024\/11\/spn-2b-1.jpg?fit=1000%2C1000&ssl=1","width":1000,"height":1000},{"@type":"BreadcrumbList","@id":"https:\/\/maxgold.gr\/de\/shop\/zirkonia-s-kreuz-anhaenger-halskette-aus-925-sterling-silber-mit-zarter-ankerkette\/#breadcrumb","itemListElement":[{"@type":"ListItem","position":1,"name":"Home","item":"https:\/\/maxgold.gr\/de\/"},{"@type":"ListItem","position":2,"name":"Gesch\u00e4ft","item":"https:\/\/maxgold.gr\/de\/%ce%ba%ce%b1%cf%84%ce%ac%cf%83%cf%84%ce%b7%ce%bc%ce%b1\/"},{"@type":"ListItem","position":3,"name":"&#8220;Zirkonia S Kreuz&#8221; Anh\u00e4nger Halskette, aus 925 Sterling Silber, mit zarter Ankerkette"}]},{"@type":"WebSite","@id":"https:\/\/maxgold.gr\/de\/#website","url":"https:\/\/maxgold.gr\/de\/","name":"Max Gold","description":"Max Gold","potentialAction":[{"@type":"SearchAction","target":{"@type":"EntryPoint","urlTemplate":"https:\/\/maxgold.gr\/de\/?s={search_term_string}"},"query-input":{"@type":"PropertyValueSpecification","valueRequired":true,"valueName":"search_term_string"}}],"inLanguage":"de"}]}},"jetpack_sharing_enabled":true,"_links":{"self":[{"href":"https:\/\/maxgold.gr\/de\/wp-json\/wp\/v2\/product\/4781","targetHints":{"allow":["GET"]}}],"collection":[{"href":"https:\/\/maxgold.gr\/de\/wp-json\/wp\/v2\/product"}],"about":[{"href":"https:\/\/maxgold.gr\/de\/wp-json\/wp\/v2\/types\/product"}],"replies":[{"embeddable":true,"href":"https:\/\/maxgold.gr\/de\/wp-json\/wp\/v2\/comments?post=4781"}],"wp:featuredmedia":[{"embeddable":true,"href":"https:\/\/maxgold.gr\/de\/wp-json\/wp\/v2\/media\/4766"}],"wp:attachment":[{"href":"https:\/\/maxgold.gr\/de\/wp-json\/wp\/v2\/media?parent=4781"}],"wp:term":[{"taxonomy":"product_brand","embeddable":true,"href":"https:\/\/maxgold.gr\/de\/wp-json\/wp\/v2\/product_brand?post=4781"},{"taxonomy":"product_cat","embeddable":true,"href":"https:\/\/maxgold.gr\/de\/wp-json\/wp\/v2\/product_cat?post=4781"},{"taxonomy":"product_tag","embeddable":true,"href":"https:\/\/maxgold.gr\/de\/wp-json\/wp\/v2\/product_tag?post=4781"}],"curies":[{"name":"wp","href":"https:\/\/api.w.org\/{rel}","templated":true}]}}