{"id":4830,"date":"2024-12-02T00:46:24","date_gmt":"2024-12-01T21:46:24","guid":{"rendered":"https:\/\/maxgold.gr\/?post_type=product&#038;p=4830"},"modified":"2024-12-02T00:58:15","modified_gmt":"2024-12-01T21:58:15","slug":"ohrstecker-fur-kinder-rosa-gelb-lila-regenbogen-aus-925-sterling-silber-copy","status":"publish","type":"product","link":"https:\/\/maxgold.gr\/de\/shop\/ohrstecker-fur-kinder-rosa-gelb-lila-regenbogen-aus-925-sterling-silber-copy\/","title":{"rendered":"&#8222;Lila Marienk\u00e4fer&#8220;, Ohrstecker f\u00fcr Kinder, aus 925 Sterling Silber"},"content":{"rendered":"<p>Wir stellen Ihnen unsere bezaubernden lila Marienk\u00e4fer-Ohrstecker vor, perfekt f\u00fcr Kinder, die lustige und farbenfrohe Accessoires lieben! Diese aus hochwertigem 925er Sterlingsilber gefertigten Ohrringe sind so konzipiert, dass sie den Abenteuern der Kindheit standhalten. Wir wissen, dass Tragekomfort bei Kinderschmuck wichtig ist. Unsere lilafarbenen Marienk\u00e4fer-Ohrringe verf\u00fcgen \u00fcber eine sichere R\u00fcckseite, die sicherstellt, dass sie an ihrem Platz bleiben, ohne Unannehmlichkeiten zu verursachen. Sie sind auch f\u00fcr empfindliche Ohren geeignet und lassen Ihr Kind unbesorgt strahlen! <\/p>\n<h4><\/h4>\n<h4><strong>Produktdetails<\/strong><\/h4>\n<p><strong>Abmessungen:<\/strong> 0,9cm hoch x 0,7cm breit x 0,1cm tief + 1,0cm Pfosten<\/p>\n<p><strong>Stil:<\/strong> Ohrstecker<\/p>\n<p><strong>Metall:<\/strong> Sterling Silber (925)<\/p>\n<p><strong>Metallstempel:<\/strong> 925<\/p>\n<p><strong>Beschichtung: <\/strong>Rhodium<\/p>\n<p><strong>Verschl\u00fcsse: <\/strong>Steckverschluss<\/p>\n","protected":false},"excerpt":{"rendered":"<p>Wir stellen Ihnen unsere bezaubernden lila Marienk\u00e4fer-Ohrstecker vor, perfekt f\u00fcr Kinder, die lustige und farbenfrohe Accessoires lieben! Diese aus hochwertigem 925er Sterlingsilber gefertigten Ohrringe sind so konzipiert, dass sie den Abenteuern der Kindheit standhalten. Wir wissen, dass Tragekomfort bei Kinderschmuck wichtig ist. Unsere lilafarbenen Marienk\u00e4fer-Ohrringe verf\u00fcgen \u00fcber eine sichere R\u00fcckseite, die sicherstellt, dass sie an [&#8230;]\n","protected":false},"featured_media":4833,"comment_status":"open","ping_status":"closed","template":"","meta":[],"product_brand":[],"product_cat":[709,463,434,432,726,435,466],"product_tag":[636,637,621,679,441,442],"class_list":{"0":"post-4830","1":"product","2":"type-product","3":"status-publish","4":"has-post-thumbnail","6":"product_cat-kinderohrringe","7":"product_cat-kinderschmuck","8":"product_cat-metall","9":"product_cat-neu-ankommen","10":"product_cat-silber","11":"product_cat-sterling-silber-925","12":"product_cat-suesse-tiere","13":"product_tag-kinder-ohrringe","14":"product_tag-kinderschmuck","15":"product_tag-lila","16":"product_tag-marienkafer","17":"product_tag-ohrstecker","18":"product_tag-sterling-silber-925","20":"first","21":"instock","22":"taxable","23":"shipping-taxable","24":"purchasable","25":"product-type-simple","26":"add-to-wishlist-before_add_to_cart"},"yoast_head":"<!-- This site is optimized with the Yoast SEO plugin v27.5 - https:\/\/yoast.com\/product\/yoast-seo-wordpress\/ -->\n<title>&quot;Lila Marienk\u00e4fer&quot;, Ohrstecker f\u00fcr Kinder, aus 925 Sterling Silber - Max Gold<\/title>\n<meta name=\"robots\" content=\"index, follow, max-snippet:-1, max-image-preview:large, max-video-preview:-1\" \/>\n<link rel=\"canonical\" href=\"https:\/\/maxgold.gr\/de\/shop\/ohrstecker-fur-kinder-rosa-gelb-lila-regenbogen-aus-925-sterling-silber-copy\/\" \/>\n<meta property=\"og:locale\" content=\"de_DE\" \/>\n<meta property=\"og:type\" content=\"article\" \/>\n<meta property=\"og:title\" content=\"&quot;Lila Marienk\u00e4fer&quot;, Ohrstecker f\u00fcr Kinder, aus 925 Sterling Silber - Max Gold\" \/>\n<meta property=\"og:description\" content=\"Wir stellen Ihnen unsere bezaubernden lila Marienk\u00e4fer-Ohrstecker vor, perfekt f\u00fcr Kinder, die lustige und farbenfrohe Accessoires lieben! Diese aus hochwertigem 925er Sterlingsilber gefertigten Ohrringe sind so konzipiert, dass sie den Abenteuern der Kindheit standhalten. Wir wissen, dass Tragekomfort bei Kinderschmuck wichtig ist. Unsere lilafarbenen Marienk\u00e4fer-Ohrringe verf\u00fcgen \u00fcber eine sichere R\u00fcckseite, die sicherstellt, dass sie an [...]\" \/>\n<meta property=\"og:url\" content=\"https:\/\/maxgold.gr\/de\/shop\/ohrstecker-fur-kinder-rosa-gelb-lila-regenbogen-aus-925-sterling-silber-copy\/\" \/>\n<meta property=\"og:site_name\" content=\"Max Gold\" \/>\n<meta property=\"article:publisher\" content=\"https:\/\/www.facebook.com\/people\/Max-Gold\/61561801899896\/\" \/>\n<meta property=\"article:modified_time\" content=\"2024-12-01T21:58:15+00:00\" \/>\n<meta property=\"og:image\" content=\"https:\/\/i0.wp.com\/maxgold.gr\/wp-content\/uploads\/2024\/12\/ce-2d.jpg?fit=1000%2C1000&ssl=1\" \/>\n\t<meta property=\"og:image:width\" content=\"1000\" \/>\n\t<meta property=\"og:image:height\" content=\"1000\" \/>\n\t<meta property=\"og:image:type\" content=\"image\/jpeg\" \/>\n<meta name=\"twitter:card\" content=\"summary_large_image\" \/>\n<meta name=\"twitter:label1\" content=\"Gesch\u00e4tzte Lesezeit\" \/>\n\t<meta name=\"twitter:data1\" content=\"1\u00a0Minute\" \/>\n<script type=\"application\/ld+json\" class=\"yoast-schema-graph\">{\"@context\":\"https:\\\/\\\/schema.org\",\"@graph\":[{\"@type\":\"WebPage\",\"@id\":\"https:\\\/\\\/maxgold.gr\\\/de\\\/shop\\\/ohrstecker-fur-kinder-rosa-gelb-lila-regenbogen-aus-925-sterling-silber-copy\\\/\",\"url\":\"https:\\\/\\\/maxgold.gr\\\/de\\\/shop\\\/ohrstecker-fur-kinder-rosa-gelb-lila-regenbogen-aus-925-sterling-silber-copy\\\/\",\"name\":\"\\\"Lila Marienk\u00e4fer\\\", Ohrstecker f\u00fcr Kinder, aus 925 Sterling Silber - Max Gold\",\"isPartOf\":{\"@id\":\"https:\\\/\\\/maxgold.gr\\\/de\\\/#website\"},\"primaryImageOfPage\":{\"@id\":\"https:\\\/\\\/maxgold.gr\\\/de\\\/shop\\\/ohrstecker-fur-kinder-rosa-gelb-lila-regenbogen-aus-925-sterling-silber-copy\\\/#primaryimage\"},\"image\":{\"@id\":\"https:\\\/\\\/maxgold.gr\\\/de\\\/shop\\\/ohrstecker-fur-kinder-rosa-gelb-lila-regenbogen-aus-925-sterling-silber-copy\\\/#primaryimage\"},\"thumbnailUrl\":\"https:\\\/\\\/i0.wp.com\\\/maxgold.gr\\\/wp-content\\\/uploads\\\/2024\\\/12\\\/ce-2d.jpg?fit=1000%2C1000&ssl=1\",\"datePublished\":\"2024-12-01T21:46:24+00:00\",\"dateModified\":\"2024-12-01T21:58:15+00:00\",\"breadcrumb\":{\"@id\":\"https:\\\/\\\/maxgold.gr\\\/de\\\/shop\\\/ohrstecker-fur-kinder-rosa-gelb-lila-regenbogen-aus-925-sterling-silber-copy\\\/#breadcrumb\"},\"inLanguage\":\"de\",\"potentialAction\":[{\"@type\":\"ReadAction\",\"target\":[\"https:\\\/\\\/maxgold.gr\\\/de\\\/shop\\\/ohrstecker-fur-kinder-rosa-gelb-lila-regenbogen-aus-925-sterling-silber-copy\\\/\"]}]},{\"@type\":\"ImageObject\",\"inLanguage\":\"de\",\"@id\":\"https:\\\/\\\/maxgold.gr\\\/de\\\/shop\\\/ohrstecker-fur-kinder-rosa-gelb-lila-regenbogen-aus-925-sterling-silber-copy\\\/#primaryimage\",\"url\":\"https:\\\/\\\/i0.wp.com\\\/maxgold.gr\\\/wp-content\\\/uploads\\\/2024\\\/12\\\/ce-2d.jpg?fit=1000%2C1000&ssl=1\",\"contentUrl\":\"https:\\\/\\\/i0.wp.com\\\/maxgold.gr\\\/wp-content\\\/uploads\\\/2024\\\/12\\\/ce-2d.jpg?fit=1000%2C1000&ssl=1\",\"width\":1000,\"height\":1000},{\"@type\":\"BreadcrumbList\",\"@id\":\"https:\\\/\\\/maxgold.gr\\\/de\\\/shop\\\/ohrstecker-fur-kinder-rosa-gelb-lila-regenbogen-aus-925-sterling-silber-copy\\\/#breadcrumb\",\"itemListElement\":[{\"@type\":\"ListItem\",\"position\":1,\"name\":\"Home\",\"item\":\"https:\\\/\\\/maxgold.gr\\\/de\\\/startseite\\\/\"},{\"@type\":\"ListItem\",\"position\":2,\"name\":\"Gesch\u00e4ft\",\"item\":\"https:\\\/\\\/maxgold.gr\\\/de\\\/%ce%ba%ce%b1%cf%84%ce%ac%cf%83%cf%84%ce%b7%ce%bc%ce%b1\\\/\"},{\"@type\":\"ListItem\",\"position\":3,\"name\":\"&#8222;Lila Marienk\u00e4fer&#8220;, Ohrstecker f\u00fcr Kinder, aus 925 Sterling Silber\"}]},{\"@type\":\"WebSite\",\"@id\":\"https:\\\/\\\/maxgold.gr\\\/de\\\/#website\",\"url\":\"https:\\\/\\\/maxgold.gr\\\/de\\\/\",\"name\":\"Max Gold\",\"description\":\"Max Gold\",\"potentialAction\":[{\"@type\":\"SearchAction\",\"target\":{\"@type\":\"EntryPoint\",\"urlTemplate\":\"https:\\\/\\\/maxgold.gr\\\/de\\\/?s={search_term_string}\"},\"query-input\":{\"@type\":\"PropertyValueSpecification\",\"valueRequired\":true,\"valueName\":\"search_term_string\"}}],\"inLanguage\":\"de\"}]}<\/script>\n<!-- \/ Yoast SEO plugin. -->","yoast_head_json":{"title":"\"Lila Marienk\u00e4fer\", Ohrstecker f\u00fcr Kinder, aus 925 Sterling Silber - Max Gold","robots":{"index":"index","follow":"follow","max-snippet":"max-snippet:-1","max-image-preview":"max-image-preview:large","max-video-preview":"max-video-preview:-1"},"canonical":"https:\/\/maxgold.gr\/de\/shop\/ohrstecker-fur-kinder-rosa-gelb-lila-regenbogen-aus-925-sterling-silber-copy\/","og_locale":"de_DE","og_type":"article","og_title":"\"Lila Marienk\u00e4fer\", Ohrstecker f\u00fcr Kinder, aus 925 Sterling Silber - Max Gold","og_description":"Wir stellen Ihnen unsere bezaubernden lila Marienk\u00e4fer-Ohrstecker vor, perfekt f\u00fcr Kinder, die lustige und farbenfrohe Accessoires lieben! Diese aus hochwertigem 925er Sterlingsilber gefertigten Ohrringe sind so konzipiert, dass sie den Abenteuern der Kindheit standhalten. Wir wissen, dass Tragekomfort bei Kinderschmuck wichtig ist. Unsere lilafarbenen Marienk\u00e4fer-Ohrringe verf\u00fcgen \u00fcber eine sichere R\u00fcckseite, die sicherstellt, dass sie an [...]","og_url":"https:\/\/maxgold.gr\/de\/shop\/ohrstecker-fur-kinder-rosa-gelb-lila-regenbogen-aus-925-sterling-silber-copy\/","og_site_name":"Max Gold","article_publisher":"https:\/\/www.facebook.com\/people\/Max-Gold\/61561801899896\/","article_modified_time":"2024-12-01T21:58:15+00:00","og_image":[{"width":1000,"height":1000,"url":"https:\/\/i0.wp.com\/maxgold.gr\/wp-content\/uploads\/2024\/12\/ce-2d.jpg?fit=1000%2C1000&ssl=1","type":"image\/jpeg"}],"twitter_card":"summary_large_image","twitter_misc":{"Gesch\u00e4tzte Lesezeit":"1\u00a0Minute"},"schema":{"@context":"https:\/\/schema.org","@graph":[{"@type":"WebPage","@id":"https:\/\/maxgold.gr\/de\/shop\/ohrstecker-fur-kinder-rosa-gelb-lila-regenbogen-aus-925-sterling-silber-copy\/","url":"https:\/\/maxgold.gr\/de\/shop\/ohrstecker-fur-kinder-rosa-gelb-lila-regenbogen-aus-925-sterling-silber-copy\/","name":"\"Lila Marienk\u00e4fer\", Ohrstecker f\u00fcr Kinder, aus 925 Sterling Silber - Max Gold","isPartOf":{"@id":"https:\/\/maxgold.gr\/de\/#website"},"primaryImageOfPage":{"@id":"https:\/\/maxgold.gr\/de\/shop\/ohrstecker-fur-kinder-rosa-gelb-lila-regenbogen-aus-925-sterling-silber-copy\/#primaryimage"},"image":{"@id":"https:\/\/maxgold.gr\/de\/shop\/ohrstecker-fur-kinder-rosa-gelb-lila-regenbogen-aus-925-sterling-silber-copy\/#primaryimage"},"thumbnailUrl":"https:\/\/i0.wp.com\/maxgold.gr\/wp-content\/uploads\/2024\/12\/ce-2d.jpg?fit=1000%2C1000&ssl=1","datePublished":"2024-12-01T21:46:24+00:00","dateModified":"2024-12-01T21:58:15+00:00","breadcrumb":{"@id":"https:\/\/maxgold.gr\/de\/shop\/ohrstecker-fur-kinder-rosa-gelb-lila-regenbogen-aus-925-sterling-silber-copy\/#breadcrumb"},"inLanguage":"de","potentialAction":[{"@type":"ReadAction","target":["https:\/\/maxgold.gr\/de\/shop\/ohrstecker-fur-kinder-rosa-gelb-lila-regenbogen-aus-925-sterling-silber-copy\/"]}]},{"@type":"ImageObject","inLanguage":"de","@id":"https:\/\/maxgold.gr\/de\/shop\/ohrstecker-fur-kinder-rosa-gelb-lila-regenbogen-aus-925-sterling-silber-copy\/#primaryimage","url":"https:\/\/i0.wp.com\/maxgold.gr\/wp-content\/uploads\/2024\/12\/ce-2d.jpg?fit=1000%2C1000&ssl=1","contentUrl":"https:\/\/i0.wp.com\/maxgold.gr\/wp-content\/uploads\/2024\/12\/ce-2d.jpg?fit=1000%2C1000&ssl=1","width":1000,"height":1000},{"@type":"BreadcrumbList","@id":"https:\/\/maxgold.gr\/de\/shop\/ohrstecker-fur-kinder-rosa-gelb-lila-regenbogen-aus-925-sterling-silber-copy\/#breadcrumb","itemListElement":[{"@type":"ListItem","position":1,"name":"Home","item":"https:\/\/maxgold.gr\/de\/startseite\/"},{"@type":"ListItem","position":2,"name":"Gesch\u00e4ft","item":"https:\/\/maxgold.gr\/de\/%ce%ba%ce%b1%cf%84%ce%ac%cf%83%cf%84%ce%b7%ce%bc%ce%b1\/"},{"@type":"ListItem","position":3,"name":"&#8222;Lila Marienk\u00e4fer&#8220;, Ohrstecker f\u00fcr Kinder, aus 925 Sterling Silber"}]},{"@type":"WebSite","@id":"https:\/\/maxgold.gr\/de\/#website","url":"https:\/\/maxgold.gr\/de\/","name":"Max Gold","description":"Max Gold","potentialAction":[{"@type":"SearchAction","target":{"@type":"EntryPoint","urlTemplate":"https:\/\/maxgold.gr\/de\/?s={search_term_string}"},"query-input":{"@type":"PropertyValueSpecification","valueRequired":true,"valueName":"search_term_string"}}],"inLanguage":"de"}]}},"jetpack_sharing_enabled":true,"_links":{"self":[{"href":"https:\/\/maxgold.gr\/de\/wp-json\/wp\/v2\/product\/4830","targetHints":{"allow":["GET"]}}],"collection":[{"href":"https:\/\/maxgold.gr\/de\/wp-json\/wp\/v2\/product"}],"about":[{"href":"https:\/\/maxgold.gr\/de\/wp-json\/wp\/v2\/types\/product"}],"replies":[{"embeddable":true,"href":"https:\/\/maxgold.gr\/de\/wp-json\/wp\/v2\/comments?post=4830"}],"wp:featuredmedia":[{"embeddable":true,"href":"https:\/\/maxgold.gr\/de\/wp-json\/wp\/v2\/media\/4833"}],"wp:attachment":[{"href":"https:\/\/maxgold.gr\/de\/wp-json\/wp\/v2\/media?parent=4830"}],"wp:term":[{"taxonomy":"product_brand","embeddable":true,"href":"https:\/\/maxgold.gr\/de\/wp-json\/wp\/v2\/product_brand?post=4830"},{"taxonomy":"product_cat","embeddable":true,"href":"https:\/\/maxgold.gr\/de\/wp-json\/wp\/v2\/product_cat?post=4830"},{"taxonomy":"product_tag","embeddable":true,"href":"https:\/\/maxgold.gr\/de\/wp-json\/wp\/v2\/product_tag?post=4830"}],"curies":[{"name":"wp","href":"https:\/\/api.w.org\/{rel}","templated":true}]}}