{"id":4871,"date":"2024-12-03T00:35:43","date_gmt":"2024-12-02T21:35:43","guid":{"rendered":"https:\/\/maxgold.gr\/?post_type=product&#038;p=4871"},"modified":"2024-12-03T00:58:33","modified_gmt":"2024-12-02T21:58:33","slug":"lila-armreif-nerta-aus-edelstahl-verstellbar-copy","status":"publish","type":"product","link":"https:\/\/maxgold.gr\/de\/shop\/lila-armreif-nerta-aus-edelstahl-verstellbar-copy\/","title":{"rendered":"Armreif &#8222;Regenbogen&#8220;, aus Edelstahl, verstellbar"},"content":{"rendered":"<p>Dieses Armband aus strapazierf\u00e4higem Edelstahl besticht nicht nur durch sein lebendiges Design, sondern garantiert auch Langlebigkeit und Widerstandsf\u00e4higkeit. Das Regenbogenarmband verleiht jedem Outfit einen Hauch von Farbe und Freude. Durch die Verstellbarkeit ist es au\u00dferdem perfekt f\u00fcr fast jede Handgelenksgr\u00f6\u00dfe geeignet.   &nbsp;<\/p>\n<h4><strong>Produktdetails<\/strong><\/h4>\n<p> Innendurchmesser: 5.5cm, Verstellbar<\/p>\n<p>Stil: Armreif<\/p>\n<p>Farbe: Bunt<\/p>\n<p>Metall: Edelstahl<\/p>\n","protected":false},"excerpt":{"rendered":"<p>Der lilafarbene Armreif &#8218;Nerta&#8216; zeichnet sich als raffiniertes Accessoire aus. Gefertigt aus robustem Edelstahl, bietet dieses Armband sowohl Stil als auch Langlebigkeit. <\/p>\n","protected":false},"featured_media":4873,"comment_status":"open","ping_status":"closed","template":"","meta":[],"product_brand":[],"product_cat":[485,486,439,452,434,432],"product_tag":[620,682,461,551],"class_list":{"0":"post-4871","1":"product","2":"type-product","3":"status-publish","4":"has-post-thumbnail","6":"product_cat-armbander","7":"product_cat-armreifen-manschettenarmbaender","8":"product_cat-damenschmuck","9":"product_cat-rostfreier-stahl","10":"product_cat-metall","11":"product_cat-neu-ankommen","12":"product_tag-armreif","13":"product_tag-bunt","14":"product_tag-rostfreier-stahl","15":"product_tag-verstellbar","17":"first","18":"instock","19":"taxable","20":"shipping-taxable","21":"purchasable","22":"product-type-simple","23":"add-to-wishlist-before_add_to_cart"},"yoast_head":"<!-- This site is optimized with the Yoast SEO plugin v27.5 - https:\/\/yoast.com\/product\/yoast-seo-wordpress\/ -->\n<title>Armreif &quot;Regenbogen&quot;, aus Edelstahl, verstellbar - Max Gold<\/title>\n<meta name=\"robots\" content=\"index, follow, max-snippet:-1, max-image-preview:large, max-video-preview:-1\" \/>\n<link rel=\"canonical\" href=\"https:\/\/maxgold.gr\/de\/shop\/lila-armreif-nerta-aus-edelstahl-verstellbar-copy\/\" \/>\n<meta property=\"og:locale\" content=\"de_DE\" \/>\n<meta property=\"og:type\" content=\"article\" \/>\n<meta property=\"og:title\" content=\"Armreif &quot;Regenbogen&quot;, aus Edelstahl, verstellbar - Max Gold\" \/>\n<meta property=\"og:description\" content=\"Der lilafarbene Armreif &#039;Nerta&#039; zeichnet sich als raffiniertes Accessoire aus. Gefertigt aus robustem Edelstahl, bietet dieses Armband sowohl Stil als auch Langlebigkeit.\" \/>\n<meta property=\"og:url\" content=\"https:\/\/maxgold.gr\/de\/shop\/lila-armreif-nerta-aus-edelstahl-verstellbar-copy\/\" \/>\n<meta property=\"og:site_name\" content=\"Max Gold\" \/>\n<meta property=\"article:publisher\" content=\"https:\/\/www.facebook.com\/people\/Max-Gold\/61561801899896\/\" \/>\n<meta property=\"article:modified_time\" content=\"2024-12-02T21:58:33+00:00\" \/>\n<meta property=\"og:image\" content=\"https:\/\/maxgold.gr\/wp-content\/uploads\/2024\/12\/c-3c.jpg\" \/>\n\t<meta property=\"og:image:width\" content=\"1000\" \/>\n\t<meta property=\"og:image:height\" content=\"1000\" \/>\n\t<meta property=\"og:image:type\" content=\"image\/jpeg\" \/>\n<meta name=\"twitter:card\" content=\"summary_large_image\" \/>\n<script type=\"application\/ld+json\" class=\"yoast-schema-graph\">{\"@context\":\"https:\\\/\\\/schema.org\",\"@graph\":[{\"@type\":\"WebPage\",\"@id\":\"https:\\\/\\\/maxgold.gr\\\/de\\\/shop\\\/lila-armreif-nerta-aus-edelstahl-verstellbar-copy\\\/\",\"url\":\"https:\\\/\\\/maxgold.gr\\\/de\\\/shop\\\/lila-armreif-nerta-aus-edelstahl-verstellbar-copy\\\/\",\"name\":\"Armreif \\\"Regenbogen\\\", aus Edelstahl, verstellbar - Max Gold\",\"isPartOf\":{\"@id\":\"https:\\\/\\\/maxgold.gr\\\/de\\\/#website\"},\"primaryImageOfPage\":{\"@id\":\"https:\\\/\\\/maxgold.gr\\\/de\\\/shop\\\/lila-armreif-nerta-aus-edelstahl-verstellbar-copy\\\/#primaryimage\"},\"image\":{\"@id\":\"https:\\\/\\\/maxgold.gr\\\/de\\\/shop\\\/lila-armreif-nerta-aus-edelstahl-verstellbar-copy\\\/#primaryimage\"},\"thumbnailUrl\":\"https:\\\/\\\/i0.wp.com\\\/maxgold.gr\\\/wp-content\\\/uploads\\\/2024\\\/12\\\/c-3c.jpg?fit=1000%2C1000&ssl=1\",\"datePublished\":\"2024-12-02T21:35:43+00:00\",\"dateModified\":\"2024-12-02T21:58:33+00:00\",\"breadcrumb\":{\"@id\":\"https:\\\/\\\/maxgold.gr\\\/de\\\/shop\\\/lila-armreif-nerta-aus-edelstahl-verstellbar-copy\\\/#breadcrumb\"},\"inLanguage\":\"de\",\"potentialAction\":[{\"@type\":\"ReadAction\",\"target\":[\"https:\\\/\\\/maxgold.gr\\\/de\\\/shop\\\/lila-armreif-nerta-aus-edelstahl-verstellbar-copy\\\/\"]}]},{\"@type\":\"ImageObject\",\"inLanguage\":\"de\",\"@id\":\"https:\\\/\\\/maxgold.gr\\\/de\\\/shop\\\/lila-armreif-nerta-aus-edelstahl-verstellbar-copy\\\/#primaryimage\",\"url\":\"https:\\\/\\\/i0.wp.com\\\/maxgold.gr\\\/wp-content\\\/uploads\\\/2024\\\/12\\\/c-3c.jpg?fit=1000%2C1000&ssl=1\",\"contentUrl\":\"https:\\\/\\\/i0.wp.com\\\/maxgold.gr\\\/wp-content\\\/uploads\\\/2024\\\/12\\\/c-3c.jpg?fit=1000%2C1000&ssl=1\",\"width\":1000,\"height\":1000,\"caption\":\"Cuff Bracelet \u201cRainbow\u201d, made of Stainless Steel, Adjustable\"},{\"@type\":\"BreadcrumbList\",\"@id\":\"https:\\\/\\\/maxgold.gr\\\/de\\\/shop\\\/lila-armreif-nerta-aus-edelstahl-verstellbar-copy\\\/#breadcrumb\",\"itemListElement\":[{\"@type\":\"ListItem\",\"position\":1,\"name\":\"Home\",\"item\":\"https:\\\/\\\/maxgold.gr\\\/de\\\/startseite\\\/\"},{\"@type\":\"ListItem\",\"position\":2,\"name\":\"Gesch\u00e4ft\",\"item\":\"https:\\\/\\\/maxgold.gr\\\/de\\\/%ce%ba%ce%b1%cf%84%ce%ac%cf%83%cf%84%ce%b7%ce%bc%ce%b1\\\/\"},{\"@type\":\"ListItem\",\"position\":3,\"name\":\"Armreif &#8220;Regenbogen&#8221;, aus Edelstahl, verstellbar\"}]},{\"@type\":\"WebSite\",\"@id\":\"https:\\\/\\\/maxgold.gr\\\/de\\\/#website\",\"url\":\"https:\\\/\\\/maxgold.gr\\\/de\\\/\",\"name\":\"Max Gold\",\"description\":\"Max Gold\",\"potentialAction\":[{\"@type\":\"SearchAction\",\"target\":{\"@type\":\"EntryPoint\",\"urlTemplate\":\"https:\\\/\\\/maxgold.gr\\\/de\\\/?s={search_term_string}\"},\"query-input\":{\"@type\":\"PropertyValueSpecification\",\"valueRequired\":true,\"valueName\":\"search_term_string\"}}],\"inLanguage\":\"de\"}]}<\/script>\n<!-- \/ Yoast SEO plugin. -->","yoast_head_json":{"title":"Armreif \"Regenbogen\", aus Edelstahl, verstellbar - Max Gold","robots":{"index":"index","follow":"follow","max-snippet":"max-snippet:-1","max-image-preview":"max-image-preview:large","max-video-preview":"max-video-preview:-1"},"canonical":"https:\/\/maxgold.gr\/de\/shop\/lila-armreif-nerta-aus-edelstahl-verstellbar-copy\/","og_locale":"de_DE","og_type":"article","og_title":"Armreif \"Regenbogen\", aus Edelstahl, verstellbar - Max Gold","og_description":"Der lilafarbene Armreif 'Nerta' zeichnet sich als raffiniertes Accessoire aus. Gefertigt aus robustem Edelstahl, bietet dieses Armband sowohl Stil als auch Langlebigkeit.","og_url":"https:\/\/maxgold.gr\/de\/shop\/lila-armreif-nerta-aus-edelstahl-verstellbar-copy\/","og_site_name":"Max Gold","article_publisher":"https:\/\/www.facebook.com\/people\/Max-Gold\/61561801899896\/","article_modified_time":"2024-12-02T21:58:33+00:00","og_image":[{"width":1000,"height":1000,"url":"https:\/\/maxgold.gr\/wp-content\/uploads\/2024\/12\/c-3c.jpg","type":"image\/jpeg"}],"twitter_card":"summary_large_image","schema":{"@context":"https:\/\/schema.org","@graph":[{"@type":"WebPage","@id":"https:\/\/maxgold.gr\/de\/shop\/lila-armreif-nerta-aus-edelstahl-verstellbar-copy\/","url":"https:\/\/maxgold.gr\/de\/shop\/lila-armreif-nerta-aus-edelstahl-verstellbar-copy\/","name":"Armreif \"Regenbogen\", aus Edelstahl, verstellbar - Max Gold","isPartOf":{"@id":"https:\/\/maxgold.gr\/de\/#website"},"primaryImageOfPage":{"@id":"https:\/\/maxgold.gr\/de\/shop\/lila-armreif-nerta-aus-edelstahl-verstellbar-copy\/#primaryimage"},"image":{"@id":"https:\/\/maxgold.gr\/de\/shop\/lila-armreif-nerta-aus-edelstahl-verstellbar-copy\/#primaryimage"},"thumbnailUrl":"https:\/\/i0.wp.com\/maxgold.gr\/wp-content\/uploads\/2024\/12\/c-3c.jpg?fit=1000%2C1000&ssl=1","datePublished":"2024-12-02T21:35:43+00:00","dateModified":"2024-12-02T21:58:33+00:00","breadcrumb":{"@id":"https:\/\/maxgold.gr\/de\/shop\/lila-armreif-nerta-aus-edelstahl-verstellbar-copy\/#breadcrumb"},"inLanguage":"de","potentialAction":[{"@type":"ReadAction","target":["https:\/\/maxgold.gr\/de\/shop\/lila-armreif-nerta-aus-edelstahl-verstellbar-copy\/"]}]},{"@type":"ImageObject","inLanguage":"de","@id":"https:\/\/maxgold.gr\/de\/shop\/lila-armreif-nerta-aus-edelstahl-verstellbar-copy\/#primaryimage","url":"https:\/\/i0.wp.com\/maxgold.gr\/wp-content\/uploads\/2024\/12\/c-3c.jpg?fit=1000%2C1000&ssl=1","contentUrl":"https:\/\/i0.wp.com\/maxgold.gr\/wp-content\/uploads\/2024\/12\/c-3c.jpg?fit=1000%2C1000&ssl=1","width":1000,"height":1000,"caption":"Cuff Bracelet \u201cRainbow\u201d, made of Stainless Steel, Adjustable"},{"@type":"BreadcrumbList","@id":"https:\/\/maxgold.gr\/de\/shop\/lila-armreif-nerta-aus-edelstahl-verstellbar-copy\/#breadcrumb","itemListElement":[{"@type":"ListItem","position":1,"name":"Home","item":"https:\/\/maxgold.gr\/de\/startseite\/"},{"@type":"ListItem","position":2,"name":"Gesch\u00e4ft","item":"https:\/\/maxgold.gr\/de\/%ce%ba%ce%b1%cf%84%ce%ac%cf%83%cf%84%ce%b7%ce%bc%ce%b1\/"},{"@type":"ListItem","position":3,"name":"Armreif &#8220;Regenbogen&#8221;, aus Edelstahl, verstellbar"}]},{"@type":"WebSite","@id":"https:\/\/maxgold.gr\/de\/#website","url":"https:\/\/maxgold.gr\/de\/","name":"Max Gold","description":"Max Gold","potentialAction":[{"@type":"SearchAction","target":{"@type":"EntryPoint","urlTemplate":"https:\/\/maxgold.gr\/de\/?s={search_term_string}"},"query-input":{"@type":"PropertyValueSpecification","valueRequired":true,"valueName":"search_term_string"}}],"inLanguage":"de"}]}},"jetpack_sharing_enabled":true,"_links":{"self":[{"href":"https:\/\/maxgold.gr\/de\/wp-json\/wp\/v2\/product\/4871","targetHints":{"allow":["GET"]}}],"collection":[{"href":"https:\/\/maxgold.gr\/de\/wp-json\/wp\/v2\/product"}],"about":[{"href":"https:\/\/maxgold.gr\/de\/wp-json\/wp\/v2\/types\/product"}],"replies":[{"embeddable":true,"href":"https:\/\/maxgold.gr\/de\/wp-json\/wp\/v2\/comments?post=4871"}],"wp:featuredmedia":[{"embeddable":true,"href":"https:\/\/maxgold.gr\/de\/wp-json\/wp\/v2\/media\/4873"}],"wp:attachment":[{"href":"https:\/\/maxgold.gr\/de\/wp-json\/wp\/v2\/media?parent=4871"}],"wp:term":[{"taxonomy":"product_brand","embeddable":true,"href":"https:\/\/maxgold.gr\/de\/wp-json\/wp\/v2\/product_brand?post=4871"},{"taxonomy":"product_cat","embeddable":true,"href":"https:\/\/maxgold.gr\/de\/wp-json\/wp\/v2\/product_cat?post=4871"},{"taxonomy":"product_tag","embeddable":true,"href":"https:\/\/maxgold.gr\/de\/wp-json\/wp\/v2\/product_tag?post=4871"}],"curies":[{"name":"wp","href":"https:\/\/api.w.org\/{rel}","templated":true}]}}