{"id":4895,"date":"2024-12-03T01:48:30","date_gmt":"2024-12-02T22:48:30","guid":{"rendered":"https:\/\/maxgold.gr\/?post_type=product&#038;p=4895"},"modified":"2024-12-03T02:04:51","modified_gmt":"2024-12-02T23:04:51","slug":"vergoldetes-panzerarmband-curby-goldy-aus-edelstahl-copy","status":"publish","type":"product","link":"https:\/\/maxgold.gr\/de\/shop\/vergoldetes-panzerarmband-curby-goldy-aus-edelstahl-copy\/","title":{"rendered":"Vergoldetes Armband &#8222;Knotsi Gold&#8220;, hergestellt aus Edelstahl"},"content":{"rendered":"<p>Wir stellen Ihnen das exquisite Armband &#8222;Knotsi Gold&#8220; vor, das sowohl f\u00fcr M\u00e4nner als auch f\u00fcr Frauen entworfen wurde. Dieses robuste Armband ist aus hochwertigem Edelstahl gefertigt und garantiert Langlebigkeit ohne Kompromisse beim Stil. Die auff\u00e4llige Goldplatte verleiht ihm einen Hauch von Eleganz und macht es zum perfekten Accessoire f\u00fcr jeden Anlass.  <\/p>\n<h4><\/h4>\n<h4><strong>Produktdetails<\/strong><\/h4>\n<p><strong>Gr\u00f6\u00dfe des Armbands: <\/strong>19cm<\/p>\n<p><strong>Kettenbreite: <\/strong>0,6cm, rund<\/p>\n<p><strong><br \/>\n<\/strong><\/p>\n<p><strong>Metall:<\/strong> Edelstahl<\/p>\n<p><strong>Vergoldung: <\/strong>Gold<\/p>\n<p><strong> <\/strong><\/p>\n<p>Wenn Sie m\u00f6chten, dass Ihr Schmuck den Test der Zeit besteht und ein Leben lang h\u00e4lt, besuchen Sie bitte den folgenden Link:<\/p>\n<p><a href=\"https:\/\/maxgold.gr\/jewellery-care\/\">Allgemeine Informationen zum Schutz Ihres gesamten vergoldeten Schmucks.<\/a><\/p>\n","protected":false},"excerpt":{"rendered":"<p>Das vergoldete Panzerarmband &#8222;Curby Goldy&#8220; aus Edelstahl verbindet die klassische Ausstrahlung von Gold mit der Haltbarkeit von Edelstahl.<\/p>\n<p>L<span class=\"BxUVEf ILfuVd\" lang=\"en\"><span class=\"hgKElc\">ength<\/span><\/span>: 20cm<\/p>\n","protected":false},"featured_media":4897,"comment_status":"open","ping_status":"closed","template":"","meta":[],"product_brand":[],"product_cat":[485,453,439,452,753,842,487,488,454,451,434,432],"product_tag":[456,457,455,459],"class_list":{"0":"post-4895","1":"product","2":"type-product","3":"status-publish","4":"has-post-thumbnail","6":"product_cat-armbander","7":"product_cat-armbander-fur-manner","8":"product_cat-damenschmuck","9":"product_cat-rostfreier-stahl","10":"product_cat-edelstahl-vergoldet","11":"product_cat-kettenarmband-aus-edelstahl","12":"product_cat-kettenarmbaender","13":"product_cat-kettenarmbaender-vergoldet","14":"product_cat-manner-ketten-armbander","15":"product_cat-mannerschmuck","16":"product_cat-metall","17":"product_cat-neu-ankommen","18":"product_tag-karabinerhaken","19":"product_tag-manner-armbander","20":"product_tag-schmuck-fur-manner","21":"product_tag-vergoldeter-rostfreier-stahl","23":"first","24":"instock","25":"taxable","26":"shipping-taxable","27":"purchasable","28":"product-type-simple","29":"add-to-wishlist-before_add_to_cart"},"yoast_head":"<!-- This site is optimized with the Yoast SEO plugin v27.5 - https:\/\/yoast.com\/product\/yoast-seo-wordpress\/ -->\n<title>Vergoldetes Armband &quot;Knotsi Gold&quot;, hergestellt aus Edelstahl - Max Gold<\/title>\n<meta name=\"robots\" content=\"index, follow, max-snippet:-1, max-image-preview:large, max-video-preview:-1\" \/>\n<link rel=\"canonical\" href=\"https:\/\/maxgold.gr\/de\/shop\/vergoldetes-panzerarmband-curby-goldy-aus-edelstahl-copy\/\" \/>\n<meta property=\"og:locale\" content=\"de_DE\" \/>\n<meta property=\"og:type\" content=\"article\" \/>\n<meta property=\"og:title\" content=\"Vergoldetes Armband &quot;Knotsi Gold&quot;, hergestellt aus Edelstahl - Max Gold\" \/>\n<meta property=\"og:description\" content=\"Das vergoldete Panzerarmband &quot;Curby Goldy&quot; aus Edelstahl verbindet die klassische Ausstrahlung von Gold mit der Haltbarkeit von Edelstahl. Length: 20cm\" \/>\n<meta property=\"og:url\" content=\"https:\/\/maxgold.gr\/de\/shop\/vergoldetes-panzerarmband-curby-goldy-aus-edelstahl-copy\/\" \/>\n<meta property=\"og:site_name\" content=\"Max Gold\" \/>\n<meta property=\"article:publisher\" content=\"https:\/\/www.facebook.com\/people\/Max-Gold\/61561801899896\/\" \/>\n<meta property=\"article:modified_time\" content=\"2024-12-02T23:04:51+00:00\" \/>\n<meta property=\"og:image\" content=\"https:\/\/maxgold.gr\/wp-content\/uploads\/2024\/12\/mb-4.jpg\" \/>\n\t<meta property=\"og:image:width\" content=\"1000\" \/>\n\t<meta property=\"og:image:height\" content=\"1000\" \/>\n\t<meta property=\"og:image:type\" content=\"image\/jpeg\" \/>\n<meta name=\"twitter:card\" content=\"summary_large_image\" \/>\n<meta name=\"twitter:label1\" content=\"Gesch\u00e4tzte Lesezeit\" \/>\n\t<meta name=\"twitter:data1\" content=\"1\u00a0Minute\" \/>\n<script type=\"application\/ld+json\" class=\"yoast-schema-graph\">{\"@context\":\"https:\\\/\\\/schema.org\",\"@graph\":[{\"@type\":\"WebPage\",\"@id\":\"https:\\\/\\\/maxgold.gr\\\/de\\\/shop\\\/vergoldetes-panzerarmband-curby-goldy-aus-edelstahl-copy\\\/\",\"url\":\"https:\\\/\\\/maxgold.gr\\\/de\\\/shop\\\/vergoldetes-panzerarmband-curby-goldy-aus-edelstahl-copy\\\/\",\"name\":\"Vergoldetes Armband \\\"Knotsi Gold\\\", hergestellt aus Edelstahl - Max Gold\",\"isPartOf\":{\"@id\":\"https:\\\/\\\/maxgold.gr\\\/de\\\/#website\"},\"primaryImageOfPage\":{\"@id\":\"https:\\\/\\\/maxgold.gr\\\/de\\\/shop\\\/vergoldetes-panzerarmband-curby-goldy-aus-edelstahl-copy\\\/#primaryimage\"},\"image\":{\"@id\":\"https:\\\/\\\/maxgold.gr\\\/de\\\/shop\\\/vergoldetes-panzerarmband-curby-goldy-aus-edelstahl-copy\\\/#primaryimage\"},\"thumbnailUrl\":\"https:\\\/\\\/i0.wp.com\\\/maxgold.gr\\\/wp-content\\\/uploads\\\/2024\\\/12\\\/mb-4.jpg?fit=1000%2C1000&ssl=1\",\"datePublished\":\"2024-12-02T22:48:30+00:00\",\"dateModified\":\"2024-12-02T23:04:51+00:00\",\"breadcrumb\":{\"@id\":\"https:\\\/\\\/maxgold.gr\\\/de\\\/shop\\\/vergoldetes-panzerarmband-curby-goldy-aus-edelstahl-copy\\\/#breadcrumb\"},\"inLanguage\":\"de\",\"potentialAction\":[{\"@type\":\"ReadAction\",\"target\":[\"https:\\\/\\\/maxgold.gr\\\/de\\\/shop\\\/vergoldetes-panzerarmband-curby-goldy-aus-edelstahl-copy\\\/\"]}]},{\"@type\":\"ImageObject\",\"inLanguage\":\"de\",\"@id\":\"https:\\\/\\\/maxgold.gr\\\/de\\\/shop\\\/vergoldetes-panzerarmband-curby-goldy-aus-edelstahl-copy\\\/#primaryimage\",\"url\":\"https:\\\/\\\/i0.wp.com\\\/maxgold.gr\\\/wp-content\\\/uploads\\\/2024\\\/12\\\/mb-4.jpg?fit=1000%2C1000&ssl=1\",\"contentUrl\":\"https:\\\/\\\/i0.wp.com\\\/maxgold.gr\\\/wp-content\\\/uploads\\\/2024\\\/12\\\/mb-4.jpg?fit=1000%2C1000&ssl=1\",\"width\":1000,\"height\":1000,\"caption\":\"Gold Plated Bracelet \u201cKnotsi Gold\u201d, made of Stainless Steel\"},{\"@type\":\"BreadcrumbList\",\"@id\":\"https:\\\/\\\/maxgold.gr\\\/de\\\/shop\\\/vergoldetes-panzerarmband-curby-goldy-aus-edelstahl-copy\\\/#breadcrumb\",\"itemListElement\":[{\"@type\":\"ListItem\",\"position\":1,\"name\":\"Home\",\"item\":\"https:\\\/\\\/maxgold.gr\\\/de\\\/startseite\\\/\"},{\"@type\":\"ListItem\",\"position\":2,\"name\":\"Gesch\u00e4ft\",\"item\":\"https:\\\/\\\/maxgold.gr\\\/de\\\/%ce%ba%ce%b1%cf%84%ce%ac%cf%83%cf%84%ce%b7%ce%bc%ce%b1\\\/\"},{\"@type\":\"ListItem\",\"position\":3,\"name\":\"Vergoldetes Armband &#8220;Knotsi Gold&#8221;, hergestellt aus Edelstahl\"}]},{\"@type\":\"WebSite\",\"@id\":\"https:\\\/\\\/maxgold.gr\\\/de\\\/#website\",\"url\":\"https:\\\/\\\/maxgold.gr\\\/de\\\/\",\"name\":\"Max Gold\",\"description\":\"Max Gold\",\"potentialAction\":[{\"@type\":\"SearchAction\",\"target\":{\"@type\":\"EntryPoint\",\"urlTemplate\":\"https:\\\/\\\/maxgold.gr\\\/de\\\/?s={search_term_string}\"},\"query-input\":{\"@type\":\"PropertyValueSpecification\",\"valueRequired\":true,\"valueName\":\"search_term_string\"}}],\"inLanguage\":\"de\"}]}<\/script>\n<!-- \/ Yoast SEO plugin. -->","yoast_head_json":{"title":"Vergoldetes Armband \"Knotsi Gold\", hergestellt aus Edelstahl - Max Gold","robots":{"index":"index","follow":"follow","max-snippet":"max-snippet:-1","max-image-preview":"max-image-preview:large","max-video-preview":"max-video-preview:-1"},"canonical":"https:\/\/maxgold.gr\/de\/shop\/vergoldetes-panzerarmband-curby-goldy-aus-edelstahl-copy\/","og_locale":"de_DE","og_type":"article","og_title":"Vergoldetes Armband \"Knotsi Gold\", hergestellt aus Edelstahl - Max Gold","og_description":"Das vergoldete Panzerarmband \"Curby Goldy\" aus Edelstahl verbindet die klassische Ausstrahlung von Gold mit der Haltbarkeit von Edelstahl. Length: 20cm","og_url":"https:\/\/maxgold.gr\/de\/shop\/vergoldetes-panzerarmband-curby-goldy-aus-edelstahl-copy\/","og_site_name":"Max Gold","article_publisher":"https:\/\/www.facebook.com\/people\/Max-Gold\/61561801899896\/","article_modified_time":"2024-12-02T23:04:51+00:00","og_image":[{"width":1000,"height":1000,"url":"https:\/\/maxgold.gr\/wp-content\/uploads\/2024\/12\/mb-4.jpg","type":"image\/jpeg"}],"twitter_card":"summary_large_image","twitter_misc":{"Gesch\u00e4tzte Lesezeit":"1\u00a0Minute"},"schema":{"@context":"https:\/\/schema.org","@graph":[{"@type":"WebPage","@id":"https:\/\/maxgold.gr\/de\/shop\/vergoldetes-panzerarmband-curby-goldy-aus-edelstahl-copy\/","url":"https:\/\/maxgold.gr\/de\/shop\/vergoldetes-panzerarmband-curby-goldy-aus-edelstahl-copy\/","name":"Vergoldetes Armband \"Knotsi Gold\", hergestellt aus Edelstahl - Max Gold","isPartOf":{"@id":"https:\/\/maxgold.gr\/de\/#website"},"primaryImageOfPage":{"@id":"https:\/\/maxgold.gr\/de\/shop\/vergoldetes-panzerarmband-curby-goldy-aus-edelstahl-copy\/#primaryimage"},"image":{"@id":"https:\/\/maxgold.gr\/de\/shop\/vergoldetes-panzerarmband-curby-goldy-aus-edelstahl-copy\/#primaryimage"},"thumbnailUrl":"https:\/\/i0.wp.com\/maxgold.gr\/wp-content\/uploads\/2024\/12\/mb-4.jpg?fit=1000%2C1000&ssl=1","datePublished":"2024-12-02T22:48:30+00:00","dateModified":"2024-12-02T23:04:51+00:00","breadcrumb":{"@id":"https:\/\/maxgold.gr\/de\/shop\/vergoldetes-panzerarmband-curby-goldy-aus-edelstahl-copy\/#breadcrumb"},"inLanguage":"de","potentialAction":[{"@type":"ReadAction","target":["https:\/\/maxgold.gr\/de\/shop\/vergoldetes-panzerarmband-curby-goldy-aus-edelstahl-copy\/"]}]},{"@type":"ImageObject","inLanguage":"de","@id":"https:\/\/maxgold.gr\/de\/shop\/vergoldetes-panzerarmband-curby-goldy-aus-edelstahl-copy\/#primaryimage","url":"https:\/\/i0.wp.com\/maxgold.gr\/wp-content\/uploads\/2024\/12\/mb-4.jpg?fit=1000%2C1000&ssl=1","contentUrl":"https:\/\/i0.wp.com\/maxgold.gr\/wp-content\/uploads\/2024\/12\/mb-4.jpg?fit=1000%2C1000&ssl=1","width":1000,"height":1000,"caption":"Gold Plated Bracelet \u201cKnotsi Gold\u201d, made of Stainless Steel"},{"@type":"BreadcrumbList","@id":"https:\/\/maxgold.gr\/de\/shop\/vergoldetes-panzerarmband-curby-goldy-aus-edelstahl-copy\/#breadcrumb","itemListElement":[{"@type":"ListItem","position":1,"name":"Home","item":"https:\/\/maxgold.gr\/de\/startseite\/"},{"@type":"ListItem","position":2,"name":"Gesch\u00e4ft","item":"https:\/\/maxgold.gr\/de\/%ce%ba%ce%b1%cf%84%ce%ac%cf%83%cf%84%ce%b7%ce%bc%ce%b1\/"},{"@type":"ListItem","position":3,"name":"Vergoldetes Armband &#8220;Knotsi Gold&#8221;, hergestellt aus Edelstahl"}]},{"@type":"WebSite","@id":"https:\/\/maxgold.gr\/de\/#website","url":"https:\/\/maxgold.gr\/de\/","name":"Max Gold","description":"Max Gold","potentialAction":[{"@type":"SearchAction","target":{"@type":"EntryPoint","urlTemplate":"https:\/\/maxgold.gr\/de\/?s={search_term_string}"},"query-input":{"@type":"PropertyValueSpecification","valueRequired":true,"valueName":"search_term_string"}}],"inLanguage":"de"}]}},"jetpack_sharing_enabled":true,"_links":{"self":[{"href":"https:\/\/maxgold.gr\/de\/wp-json\/wp\/v2\/product\/4895","targetHints":{"allow":["GET"]}}],"collection":[{"href":"https:\/\/maxgold.gr\/de\/wp-json\/wp\/v2\/product"}],"about":[{"href":"https:\/\/maxgold.gr\/de\/wp-json\/wp\/v2\/types\/product"}],"replies":[{"embeddable":true,"href":"https:\/\/maxgold.gr\/de\/wp-json\/wp\/v2\/comments?post=4895"}],"wp:featuredmedia":[{"embeddable":true,"href":"https:\/\/maxgold.gr\/de\/wp-json\/wp\/v2\/media\/4897"}],"wp:attachment":[{"href":"https:\/\/maxgold.gr\/de\/wp-json\/wp\/v2\/media?parent=4895"}],"wp:term":[{"taxonomy":"product_brand","embeddable":true,"href":"https:\/\/maxgold.gr\/de\/wp-json\/wp\/v2\/product_brand?post=4895"},{"taxonomy":"product_cat","embeddable":true,"href":"https:\/\/maxgold.gr\/de\/wp-json\/wp\/v2\/product_cat?post=4895"},{"taxonomy":"product_tag","embeddable":true,"href":"https:\/\/maxgold.gr\/de\/wp-json\/wp\/v2\/product_tag?post=4895"}],"curies":[{"name":"wp","href":"https:\/\/api.w.org\/{rel}","templated":true}]}}