{"id":4916,"date":"2024-12-03T02:11:16","date_gmt":"2024-12-02T23:11:16","guid":{"rendered":"https:\/\/maxgold.gr\/?post_type=product&#038;p=4916"},"modified":"2025-06-20T22:28:15","modified_gmt":"2025-06-20T19:28:15","slug":"armreif-regenbogen-aus-edelstahl-verstellbar-copy","status":"publish","type":"product","link":"https:\/\/maxgold.gr\/de\/shop\/armreif-regenbogen-aus-edelstahl-verstellbar-copy\/","title":{"rendered":"Armreif mit Schwarzen und Silbernen Streifen &#8222;Bliver&#8220;, aus Edelstahl, Verstellbar"},"content":{"rendered":"<p>&nbsp;<\/p>\n<p>Das Bliver <a href=\"https:\/\/maxgold.gr\/de\/produkt-kategorie\/damenschmuck\/armbander\/armreifen-manschettenarmbaender\/\">Armreif<\/a> hat ein atemberaubendes Design mit schwarzen und silbernen Streifen, das m\u00fchelos Raffinesse mit Modernit\u00e4t verbindet.<\/p>\n<p>Es ist aus hochwertigem <a href=\"https:\/\/en.wikipedia.org\/wiki\/Stainless_steel\">Edelstahl<\/a> gefertigt und garantiert Langlebigkeit und Widerstandsf\u00e4higkeit. Edelstahl tr\u00e4gt nicht nur zur \u00c4sthetik des Bliver Armbands bei, sondern ist auch widerstandsf\u00e4hig gegen Anlaufen und Kratzer, was es zu einer zuverl\u00e4ssigen Wahl f\u00fcr den t\u00e4glichen Gebrauch macht.<\/p>\n<p>Das verstellbare Design erm\u00f6glicht einen sicheren und bequemen Sitz an verschiedenen Handgelenkgr\u00f6\u00dfen.<\/p>\n<p>&nbsp;<\/p>\n<h4><strong>Produktdetails<\/strong><\/h4>\n<p>Innendurchmesser: 5,5 cm, verstellbar<\/p>\n<p>Stil: Armreif<\/p>\n<p>Farbe: Schwarz, Silber<\/p>\n<p>Metall: Edelstahl<\/p>\n","protected":false},"excerpt":{"rendered":"<p>Das Bliver Armreif hat ein atemberaubendes Design mit schwarzen und silbernen Streifen, das m\u00fchelos Raffinesse mit Modernit\u00e4t verbindet.<\/p>\n","protected":false},"featured_media":4918,"comment_status":"open","ping_status":"closed","template":"","meta":[],"product_brand":[],"product_cat":[485,486,439,452,754,434,432],"product_tag":[620,461,641,561,815,551],"class_list":{"0":"post-4916","1":"product","2":"type-product","3":"status-publish","4":"has-post-thumbnail","6":"product_cat-armbander","7":"product_cat-armreifen-manschettenarmbaender","8":"product_cat-damenschmuck","9":"product_cat-rostfreier-stahl","10":"product_cat-edelstahl-silber","11":"product_cat-metall","12":"product_cat-neu-ankommen","13":"product_tag-armreif","14":"product_tag-rostfreier-stahl","15":"product_tag-schwarz","16":"product_tag-schwarz-plattiert","17":"product_tag-streifen","18":"product_tag-verstellbar","20":"first","21":"instock","22":"taxable","23":"shipping-taxable","24":"purchasable","25":"product-type-simple","26":"add-to-wishlist-before_add_to_cart"},"yoast_head":"<!-- This site is optimized with the Yoast SEO plugin v27.5 - https:\/\/yoast.com\/product\/yoast-seo-wordpress\/ -->\n<title>Armreif mit Schwarzen und Silbernen Streifen &quot;Bliver&quot;, aus Edelstahl, Verstellbar - Max Gold<\/title>\n<meta name=\"description\" content=\"Das Bliver Armreif hat ein atemberaubendes Design mit schwarzen und silbernen Streifen, das m\u00fchelos Raffinesse mit Modernit\u00e4t verbindet.\" \/>\n<meta name=\"robots\" content=\"index, follow, max-snippet:-1, max-image-preview:large, max-video-preview:-1\" \/>\n<link rel=\"canonical\" href=\"https:\/\/maxgold.gr\/de\/shop\/armreif-regenbogen-aus-edelstahl-verstellbar-copy\/\" \/>\n<meta property=\"og:locale\" content=\"de_DE\" \/>\n<meta property=\"og:type\" content=\"article\" \/>\n<meta property=\"og:title\" content=\"Armreif mit Schwarzen und Silbernen Streifen &quot;Bliver&quot;, aus Edelstahl, Verstellbar - Max Gold\" \/>\n<meta property=\"og:description\" content=\"Das Bliver Armreif hat ein atemberaubendes Design mit schwarzen und silbernen Streifen, das m\u00fchelos Raffinesse mit Modernit\u00e4t verbindet.\" \/>\n<meta property=\"og:url\" content=\"https:\/\/maxgold.gr\/de\/shop\/armreif-regenbogen-aus-edelstahl-verstellbar-copy\/\" \/>\n<meta property=\"og:site_name\" content=\"Max Gold\" \/>\n<meta property=\"article:publisher\" content=\"https:\/\/www.facebook.com\/people\/Max-Gold\/61561801899896\/\" \/>\n<meta property=\"article:modified_time\" content=\"2025-06-20T19:28:15+00:00\" \/>\n<meta property=\"og:image\" content=\"https:\/\/i0.wp.com\/maxgold.gr\/wp-content\/uploads\/2024\/12\/c-4c.jpg?fit=1000%2C1000&ssl=1\" \/>\n\t<meta property=\"og:image:width\" content=\"1000\" \/>\n\t<meta property=\"og:image:height\" content=\"1000\" \/>\n\t<meta property=\"og:image:type\" content=\"image\/jpeg\" \/>\n<meta name=\"twitter:card\" content=\"summary_large_image\" \/>\n<script type=\"application\/ld+json\" class=\"yoast-schema-graph\">{\"@context\":\"https:\\\/\\\/schema.org\",\"@graph\":[{\"@type\":\"WebPage\",\"@id\":\"https:\\\/\\\/maxgold.gr\\\/de\\\/shop\\\/armreif-regenbogen-aus-edelstahl-verstellbar-copy\\\/\",\"url\":\"https:\\\/\\\/maxgold.gr\\\/de\\\/shop\\\/armreif-regenbogen-aus-edelstahl-verstellbar-copy\\\/\",\"name\":\"Armreif mit Schwarzen und Silbernen Streifen \\\"Bliver\\\", aus Edelstahl, Verstellbar - Max Gold\",\"isPartOf\":{\"@id\":\"https:\\\/\\\/maxgold.gr\\\/de\\\/#website\"},\"primaryImageOfPage\":{\"@id\":\"https:\\\/\\\/maxgold.gr\\\/de\\\/shop\\\/armreif-regenbogen-aus-edelstahl-verstellbar-copy\\\/#primaryimage\"},\"image\":{\"@id\":\"https:\\\/\\\/maxgold.gr\\\/de\\\/shop\\\/armreif-regenbogen-aus-edelstahl-verstellbar-copy\\\/#primaryimage\"},\"thumbnailUrl\":\"https:\\\/\\\/i0.wp.com\\\/maxgold.gr\\\/wp-content\\\/uploads\\\/2024\\\/12\\\/c-4c.jpg?fit=1000%2C1000&ssl=1\",\"datePublished\":\"2024-12-02T23:11:16+00:00\",\"dateModified\":\"2025-06-20T19:28:15+00:00\",\"description\":\"Das Bliver Armreif hat ein atemberaubendes Design mit schwarzen und silbernen Streifen, das m\u00fchelos Raffinesse mit Modernit\u00e4t verbindet.\",\"breadcrumb\":{\"@id\":\"https:\\\/\\\/maxgold.gr\\\/de\\\/shop\\\/armreif-regenbogen-aus-edelstahl-verstellbar-copy\\\/#breadcrumb\"},\"inLanguage\":\"de\",\"potentialAction\":[{\"@type\":\"ReadAction\",\"target\":[\"https:\\\/\\\/maxgold.gr\\\/de\\\/shop\\\/armreif-regenbogen-aus-edelstahl-verstellbar-copy\\\/\"]}]},{\"@type\":\"ImageObject\",\"inLanguage\":\"de\",\"@id\":\"https:\\\/\\\/maxgold.gr\\\/de\\\/shop\\\/armreif-regenbogen-aus-edelstahl-verstellbar-copy\\\/#primaryimage\",\"url\":\"https:\\\/\\\/i0.wp.com\\\/maxgold.gr\\\/wp-content\\\/uploads\\\/2024\\\/12\\\/c-4c.jpg?fit=1000%2C1000&ssl=1\",\"contentUrl\":\"https:\\\/\\\/i0.wp.com\\\/maxgold.gr\\\/wp-content\\\/uploads\\\/2024\\\/12\\\/c-4c.jpg?fit=1000%2C1000&ssl=1\",\"width\":1000,\"height\":1000,\"caption\":\"Cuff Bracelet \u201cBliver\u201d, made of Stainless Steel, Adjustable\"},{\"@type\":\"BreadcrumbList\",\"@id\":\"https:\\\/\\\/maxgold.gr\\\/de\\\/shop\\\/armreif-regenbogen-aus-edelstahl-verstellbar-copy\\\/#breadcrumb\",\"itemListElement\":[{\"@type\":\"ListItem\",\"position\":1,\"name\":\"Home\",\"item\":\"https:\\\/\\\/maxgold.gr\\\/de\\\/startseite\\\/\"},{\"@type\":\"ListItem\",\"position\":2,\"name\":\"Gesch\u00e4ft\",\"item\":\"https:\\\/\\\/maxgold.gr\\\/de\\\/%ce%ba%ce%b1%cf%84%ce%ac%cf%83%cf%84%ce%b7%ce%bc%ce%b1\\\/\"},{\"@type\":\"ListItem\",\"position\":3,\"name\":\"Armreif mit Schwarzen und Silbernen Streifen &#8222;Bliver&#8220;, aus Edelstahl, Verstellbar\"}]},{\"@type\":\"WebSite\",\"@id\":\"https:\\\/\\\/maxgold.gr\\\/de\\\/#website\",\"url\":\"https:\\\/\\\/maxgold.gr\\\/de\\\/\",\"name\":\"Max Gold\",\"description\":\"Max Gold\",\"potentialAction\":[{\"@type\":\"SearchAction\",\"target\":{\"@type\":\"EntryPoint\",\"urlTemplate\":\"https:\\\/\\\/maxgold.gr\\\/de\\\/?s={search_term_string}\"},\"query-input\":{\"@type\":\"PropertyValueSpecification\",\"valueRequired\":true,\"valueName\":\"search_term_string\"}}],\"inLanguage\":\"de\"}]}<\/script>\n<!-- \/ Yoast SEO plugin. -->","yoast_head_json":{"title":"Armreif mit Schwarzen und Silbernen Streifen \"Bliver\", aus Edelstahl, Verstellbar - Max Gold","description":"Das Bliver Armreif hat ein atemberaubendes Design mit schwarzen und silbernen Streifen, das m\u00fchelos Raffinesse mit Modernit\u00e4t verbindet.","robots":{"index":"index","follow":"follow","max-snippet":"max-snippet:-1","max-image-preview":"max-image-preview:large","max-video-preview":"max-video-preview:-1"},"canonical":"https:\/\/maxgold.gr\/de\/shop\/armreif-regenbogen-aus-edelstahl-verstellbar-copy\/","og_locale":"de_DE","og_type":"article","og_title":"Armreif mit Schwarzen und Silbernen Streifen \"Bliver\", aus Edelstahl, Verstellbar - Max Gold","og_description":"Das Bliver Armreif hat ein atemberaubendes Design mit schwarzen und silbernen Streifen, das m\u00fchelos Raffinesse mit Modernit\u00e4t verbindet.","og_url":"https:\/\/maxgold.gr\/de\/shop\/armreif-regenbogen-aus-edelstahl-verstellbar-copy\/","og_site_name":"Max Gold","article_publisher":"https:\/\/www.facebook.com\/people\/Max-Gold\/61561801899896\/","article_modified_time":"2025-06-20T19:28:15+00:00","og_image":[{"width":1000,"height":1000,"url":"https:\/\/i0.wp.com\/maxgold.gr\/wp-content\/uploads\/2024\/12\/c-4c.jpg?fit=1000%2C1000&ssl=1","type":"image\/jpeg"}],"twitter_card":"summary_large_image","schema":{"@context":"https:\/\/schema.org","@graph":[{"@type":"WebPage","@id":"https:\/\/maxgold.gr\/de\/shop\/armreif-regenbogen-aus-edelstahl-verstellbar-copy\/","url":"https:\/\/maxgold.gr\/de\/shop\/armreif-regenbogen-aus-edelstahl-verstellbar-copy\/","name":"Armreif mit Schwarzen und Silbernen Streifen \"Bliver\", aus Edelstahl, Verstellbar - Max Gold","isPartOf":{"@id":"https:\/\/maxgold.gr\/de\/#website"},"primaryImageOfPage":{"@id":"https:\/\/maxgold.gr\/de\/shop\/armreif-regenbogen-aus-edelstahl-verstellbar-copy\/#primaryimage"},"image":{"@id":"https:\/\/maxgold.gr\/de\/shop\/armreif-regenbogen-aus-edelstahl-verstellbar-copy\/#primaryimage"},"thumbnailUrl":"https:\/\/i0.wp.com\/maxgold.gr\/wp-content\/uploads\/2024\/12\/c-4c.jpg?fit=1000%2C1000&ssl=1","datePublished":"2024-12-02T23:11:16+00:00","dateModified":"2025-06-20T19:28:15+00:00","description":"Das Bliver Armreif hat ein atemberaubendes Design mit schwarzen und silbernen Streifen, das m\u00fchelos Raffinesse mit Modernit\u00e4t verbindet.","breadcrumb":{"@id":"https:\/\/maxgold.gr\/de\/shop\/armreif-regenbogen-aus-edelstahl-verstellbar-copy\/#breadcrumb"},"inLanguage":"de","potentialAction":[{"@type":"ReadAction","target":["https:\/\/maxgold.gr\/de\/shop\/armreif-regenbogen-aus-edelstahl-verstellbar-copy\/"]}]},{"@type":"ImageObject","inLanguage":"de","@id":"https:\/\/maxgold.gr\/de\/shop\/armreif-regenbogen-aus-edelstahl-verstellbar-copy\/#primaryimage","url":"https:\/\/i0.wp.com\/maxgold.gr\/wp-content\/uploads\/2024\/12\/c-4c.jpg?fit=1000%2C1000&ssl=1","contentUrl":"https:\/\/i0.wp.com\/maxgold.gr\/wp-content\/uploads\/2024\/12\/c-4c.jpg?fit=1000%2C1000&ssl=1","width":1000,"height":1000,"caption":"Cuff Bracelet \u201cBliver\u201d, made of Stainless Steel, Adjustable"},{"@type":"BreadcrumbList","@id":"https:\/\/maxgold.gr\/de\/shop\/armreif-regenbogen-aus-edelstahl-verstellbar-copy\/#breadcrumb","itemListElement":[{"@type":"ListItem","position":1,"name":"Home","item":"https:\/\/maxgold.gr\/de\/startseite\/"},{"@type":"ListItem","position":2,"name":"Gesch\u00e4ft","item":"https:\/\/maxgold.gr\/de\/%ce%ba%ce%b1%cf%84%ce%ac%cf%83%cf%84%ce%b7%ce%bc%ce%b1\/"},{"@type":"ListItem","position":3,"name":"Armreif mit Schwarzen und Silbernen Streifen &#8222;Bliver&#8220;, aus Edelstahl, Verstellbar"}]},{"@type":"WebSite","@id":"https:\/\/maxgold.gr\/de\/#website","url":"https:\/\/maxgold.gr\/de\/","name":"Max Gold","description":"Max Gold","potentialAction":[{"@type":"SearchAction","target":{"@type":"EntryPoint","urlTemplate":"https:\/\/maxgold.gr\/de\/?s={search_term_string}"},"query-input":{"@type":"PropertyValueSpecification","valueRequired":true,"valueName":"search_term_string"}}],"inLanguage":"de"}]}},"jetpack_sharing_enabled":true,"_links":{"self":[{"href":"https:\/\/maxgold.gr\/de\/wp-json\/wp\/v2\/product\/4916","targetHints":{"allow":["GET"]}}],"collection":[{"href":"https:\/\/maxgold.gr\/de\/wp-json\/wp\/v2\/product"}],"about":[{"href":"https:\/\/maxgold.gr\/de\/wp-json\/wp\/v2\/types\/product"}],"replies":[{"embeddable":true,"href":"https:\/\/maxgold.gr\/de\/wp-json\/wp\/v2\/comments?post=4916"}],"wp:featuredmedia":[{"embeddable":true,"href":"https:\/\/maxgold.gr\/de\/wp-json\/wp\/v2\/media\/4918"}],"wp:attachment":[{"href":"https:\/\/maxgold.gr\/de\/wp-json\/wp\/v2\/media?parent=4916"}],"wp:term":[{"taxonomy":"product_brand","embeddable":true,"href":"https:\/\/maxgold.gr\/de\/wp-json\/wp\/v2\/product_brand?post=4916"},{"taxonomy":"product_cat","embeddable":true,"href":"https:\/\/maxgold.gr\/de\/wp-json\/wp\/v2\/product_cat?post=4916"},{"taxonomy":"product_tag","embeddable":true,"href":"https:\/\/maxgold.gr\/de\/wp-json\/wp\/v2\/product_tag?post=4916"}],"curies":[{"name":"wp","href":"https:\/\/api.w.org\/{rel}","templated":true}]}}