{"id":4935,"date":"2024-07-08T20:14:50","date_gmt":"2024-07-08T17:14:50","guid":{"rendered":"https:\/\/maxgold.gr\/shop\/griechischer-auge-halskette-mit-anhaenger-santora-aus-925-sterling-silber-mit-einem-grossen-blauen-evil-eye-in-der-mitte-weissen-zirkonia-und-einer-schoenen-ankerkette\/"},"modified":"2024-07-08T20:14:50","modified_gmt":"2024-07-08T17:14:50","slug":"griechischer-auge-halskette-mit-anhaenger-santora-aus-925-sterling-silber-mit-einem-grossen-blauen-evil-eye-in-der-mitte-weissen-zirkonia-und-einer-schoenen-ankerkette","status":"publish","type":"product","link":"https:\/\/maxgold.gr\/de\/shop\/griechischer-auge-halskette-mit-anhaenger-santora-aus-925-sterling-silber-mit-einem-grossen-blauen-evil-eye-in-der-mitte-weissen-zirkonia-und-einer-schoenen-ankerkette\/","title":{"rendered":"Griechischer Auge Halskette mit Anh\u00e4nger &#8222;Santora&#8220;, aus 925 Sterling Silber, mit einem gro\u00dfen blauen Evil Eye in der Mitte, wei\u00dfen Zirkonia und einer sch\u00f6nen Ankerkette"},"content":{"rendered":"<p>Die griechische Evil Eye Anh\u00e4nger-Halskette &#8222;Santora&#8220; aus 925 Sterling Silber mit Zirkonia ist ein stilvolles Accessoire. Die gl\u00e4nzenden Zirkoniasteine verleihen dem St\u00fcck einen Hauch von Eleganz. Die Verwendung von Sterling Silber sorgt f\u00fcr Strapazierf\u00e4higkeit und Langlebigkeit, w\u00e4hrend das Symbol des b\u00f6sen Auges dem Anh\u00e4nger eine einzigartige und bedeutungsvolle Note verleiht. Die 45 cm lange &#8222;Anchor&#8220; Kette aus 925 Sterling Silber passt perfekt dazu! Wenn Sie bereits eine Kette haben und nur den Anh\u00e4nger m\u00f6chten, finden Sie ihn unter folgendem Link:  <\/p>\n<p><a href=\"https:\/\/maxgold.gr\/shop\/metal\/sterling-silver-925\/greek-evil-eye-santora-pendant-made-of-925-sterling-silver-with-one-blue-evil-eye-in-the-middle-and-zirconia\/\">Griechischer Evil Eye Anh\u00e4nger &#8222;Santora&#8220; aus 925 Sterling Silber, mit einem blauen Evil Eye in der Mitte und Zirkonia<\/a><\/p>\n<p>&nbsp;<\/p>\n<p>&nbsp;<\/p>\n<p><span style=\"color: #000000;\"> <\/span><\/p>\n<p>&nbsp;<\/p>\n<p><strong>Produktdetails<\/strong><\/p>\n<p><strong>Abmessungen des Anh\u00e4ngers:<\/strong> <strong>1,0 cm<\/strong> hoch x <strong>1,6 cm<\/strong> breit x <strong>0,2 cm<\/strong> tief<\/p>\n<p><strong>Anh\u00e4nger Edelstein:<\/strong> Kubischer Zirkonia<\/p>\n<p><strong>Kettentyp: <\/strong>Anker<\/p>\n<p><strong>Kette Gewicht: <\/strong>3.8gr<strong><br \/>\n<\/strong><\/p>\n<p><strong>Kettenl\u00e4nge:<\/strong> 45cm<\/p>\n<p><strong>Kettenbreite:<\/strong> 1.5mm<\/p>\n<p><strong>Kettenverschluss: <\/strong>Karabiner<\/p>\n<p><strong>Metall:<\/strong> Sterling Silber (925)<\/p>\n<p><strong>Metallstempel:<\/strong> 925<\/p>\n<p><strong>Beschichtung: <\/strong>Rhodium<\/p>\n<p>&nbsp;<\/p>\n","protected":false},"excerpt":{"rendered":"<p>&nbsp;<\/p>\n<p><span class=\"tBJ dyH iFc sAJ X8m zDA IZT swG\"><span class=\"richPinInformation\" data-test-id=\"richPinInformation-description\"> <\/span><\/span><\/p>\n","protected":false},"featured_media":4936,"comment_status":"open","ping_status":"closed","template":"","meta":[],"product_brand":[],"product_cat":[439,446,516,525,432,726,531,435],"product_tag":[445,449,448,442],"class_list":{"0":"post-4935","1":"product","2":"type-product","3":"status-publish","4":"has-post-thumbnail","6":"product_cat-damenschmuck","7":"product_cat-griechisches-auge-kollektion","8":"product_cat-halsketten-anhaenger","9":"product_cat-halsketten-mit-anhaenger","10":"product_cat-neu-ankommen","11":"product_cat-silber","12":"product_cat-silberne-halsketten-mit-anhaenger","13":"product_cat-sterling-silber-925","14":"product_tag-blau","15":"product_tag-griechisches-boses-auge-kollektion","16":"product_tag-kubischer-zirkoniumdioxid","17":"product_tag-sterling-silber-925","19":"first","20":"instock","21":"sold-individually","22":"taxable","23":"shipping-taxable","24":"purchasable","25":"product-type-simple","26":"add-to-wishlist-before_add_to_cart"},"yoast_head":"<!-- This site is optimized with the Yoast SEO plugin v27.5 - https:\/\/yoast.com\/product\/yoast-seo-wordpress\/ -->\n<title>Griechischer Auge Halskette mit Anh\u00e4nger &quot;Santora&quot;, aus 925 Sterling Silber, mit einem gro\u00dfen blauen Evil Eye in der Mitte, wei\u00dfen Zirkonia und einer sch\u00f6nen Ankerkette - Max Gold<\/title>\n<meta name=\"robots\" content=\"index, follow, max-snippet:-1, max-image-preview:large, max-video-preview:-1\" \/>\n<link rel=\"canonical\" href=\"https:\/\/maxgold.gr\/de\/shop\/griechischer-auge-halskette-mit-anhaenger-santora-aus-925-sterling-silber-mit-einem-grossen-blauen-evil-eye-in-der-mitte-weissen-zirkonia-und-einer-schoenen-ankerkette\/\" \/>\n<meta property=\"og:locale\" content=\"de_DE\" \/>\n<meta property=\"og:type\" content=\"article\" \/>\n<meta property=\"og:title\" content=\"Griechischer Auge Halskette mit Anh\u00e4nger &quot;Santora&quot;, aus 925 Sterling Silber, mit einem gro\u00dfen blauen Evil Eye in der Mitte, wei\u00dfen Zirkonia und einer sch\u00f6nen Ankerkette - Max Gold\" \/>\n<meta property=\"og:description\" content=\"&nbsp;\" \/>\n<meta property=\"og:url\" content=\"https:\/\/maxgold.gr\/de\/shop\/griechischer-auge-halskette-mit-anhaenger-santora-aus-925-sterling-silber-mit-einem-grossen-blauen-evil-eye-in-der-mitte-weissen-zirkonia-und-einer-schoenen-ankerkette\/\" \/>\n<meta property=\"og:site_name\" content=\"Max Gold\" \/>\n<meta property=\"article:publisher\" content=\"https:\/\/www.facebook.com\/people\/Max-Gold\/61561801899896\/\" \/>\n<meta property=\"og:image\" content=\"https:\/\/i0.wp.com\/maxgold.gr\/wp-content\/uploads\/2024\/07\/eepn-5c.jpg?fit=600%2C600&ssl=1\" \/>\n\t<meta property=\"og:image:width\" content=\"600\" \/>\n\t<meta property=\"og:image:height\" content=\"600\" \/>\n\t<meta property=\"og:image:type\" content=\"image\/jpeg\" \/>\n<meta name=\"twitter:card\" content=\"summary_large_image\" \/>\n<meta name=\"twitter:label1\" content=\"Gesch\u00e4tzte Lesezeit\" \/>\n\t<meta name=\"twitter:data1\" content=\"1\u00a0Minute\" \/>\n<script type=\"application\/ld+json\" class=\"yoast-schema-graph\">{\"@context\":\"https:\\\/\\\/schema.org\",\"@graph\":[{\"@type\":\"WebPage\",\"@id\":\"https:\\\/\\\/maxgold.gr\\\/de\\\/shop\\\/griechischer-auge-halskette-mit-anhaenger-santora-aus-925-sterling-silber-mit-einem-grossen-blauen-evil-eye-in-der-mitte-weissen-zirkonia-und-einer-schoenen-ankerkette\\\/\",\"url\":\"https:\\\/\\\/maxgold.gr\\\/de\\\/shop\\\/griechischer-auge-halskette-mit-anhaenger-santora-aus-925-sterling-silber-mit-einem-grossen-blauen-evil-eye-in-der-mitte-weissen-zirkonia-und-einer-schoenen-ankerkette\\\/\",\"name\":\"Griechischer Auge Halskette mit Anh\u00e4nger \\\"Santora\\\", aus 925 Sterling Silber, mit einem gro\u00dfen blauen Evil Eye in der Mitte, wei\u00dfen Zirkonia und einer sch\u00f6nen Ankerkette - Max Gold\",\"isPartOf\":{\"@id\":\"https:\\\/\\\/maxgold.gr\\\/de\\\/#website\"},\"primaryImageOfPage\":{\"@id\":\"https:\\\/\\\/maxgold.gr\\\/de\\\/shop\\\/griechischer-auge-halskette-mit-anhaenger-santora-aus-925-sterling-silber-mit-einem-grossen-blauen-evil-eye-in-der-mitte-weissen-zirkonia-und-einer-schoenen-ankerkette\\\/#primaryimage\"},\"image\":{\"@id\":\"https:\\\/\\\/maxgold.gr\\\/de\\\/shop\\\/griechischer-auge-halskette-mit-anhaenger-santora-aus-925-sterling-silber-mit-einem-grossen-blauen-evil-eye-in-der-mitte-weissen-zirkonia-und-einer-schoenen-ankerkette\\\/#primaryimage\"},\"thumbnailUrl\":\"https:\\\/\\\/i0.wp.com\\\/maxgold.gr\\\/wp-content\\\/uploads\\\/2024\\\/07\\\/eepn-5c.jpg?fit=600%2C600&ssl=1\",\"datePublished\":\"2024-07-08T17:14:50+00:00\",\"breadcrumb\":{\"@id\":\"https:\\\/\\\/maxgold.gr\\\/de\\\/shop\\\/griechischer-auge-halskette-mit-anhaenger-santora-aus-925-sterling-silber-mit-einem-grossen-blauen-evil-eye-in-der-mitte-weissen-zirkonia-und-einer-schoenen-ankerkette\\\/#breadcrumb\"},\"inLanguage\":\"de\",\"potentialAction\":[{\"@type\":\"ReadAction\",\"target\":[\"https:\\\/\\\/maxgold.gr\\\/de\\\/shop\\\/griechischer-auge-halskette-mit-anhaenger-santora-aus-925-sterling-silber-mit-einem-grossen-blauen-evil-eye-in-der-mitte-weissen-zirkonia-und-einer-schoenen-ankerkette\\\/\"]}]},{\"@type\":\"ImageObject\",\"inLanguage\":\"de\",\"@id\":\"https:\\\/\\\/maxgold.gr\\\/de\\\/shop\\\/griechischer-auge-halskette-mit-anhaenger-santora-aus-925-sterling-silber-mit-einem-grossen-blauen-evil-eye-in-der-mitte-weissen-zirkonia-und-einer-schoenen-ankerkette\\\/#primaryimage\",\"url\":\"https:\\\/\\\/i0.wp.com\\\/maxgold.gr\\\/wp-content\\\/uploads\\\/2024\\\/07\\\/eepn-5c.jpg?fit=600%2C600&ssl=1\",\"contentUrl\":\"https:\\\/\\\/i0.wp.com\\\/maxgold.gr\\\/wp-content\\\/uploads\\\/2024\\\/07\\\/eepn-5c.jpg?fit=600%2C600&ssl=1\",\"width\":600,\"height\":600},{\"@type\":\"BreadcrumbList\",\"@id\":\"https:\\\/\\\/maxgold.gr\\\/de\\\/shop\\\/griechischer-auge-halskette-mit-anhaenger-santora-aus-925-sterling-silber-mit-einem-grossen-blauen-evil-eye-in-der-mitte-weissen-zirkonia-und-einer-schoenen-ankerkette\\\/#breadcrumb\",\"itemListElement\":[{\"@type\":\"ListItem\",\"position\":1,\"name\":\"Home\",\"item\":\"https:\\\/\\\/maxgold.gr\\\/de\\\/startseite\\\/\"},{\"@type\":\"ListItem\",\"position\":2,\"name\":\"Gesch\u00e4ft\",\"item\":\"https:\\\/\\\/maxgold.gr\\\/de\\\/%ce%ba%ce%b1%cf%84%ce%ac%cf%83%cf%84%ce%b7%ce%bc%ce%b1\\\/\"},{\"@type\":\"ListItem\",\"position\":3,\"name\":\"Griechischer Auge Halskette mit Anh\u00e4nger &#8220;Santora&#8221;, aus 925 Sterling Silber, mit einem gro\u00dfen blauen Evil Eye in der Mitte, wei\u00dfen Zirkonia und einer sch\u00f6nen Ankerkette\"}]},{\"@type\":\"WebSite\",\"@id\":\"https:\\\/\\\/maxgold.gr\\\/de\\\/#website\",\"url\":\"https:\\\/\\\/maxgold.gr\\\/de\\\/\",\"name\":\"Max Gold\",\"description\":\"Max Gold\",\"potentialAction\":[{\"@type\":\"SearchAction\",\"target\":{\"@type\":\"EntryPoint\",\"urlTemplate\":\"https:\\\/\\\/maxgold.gr\\\/de\\\/?s={search_term_string}\"},\"query-input\":{\"@type\":\"PropertyValueSpecification\",\"valueRequired\":true,\"valueName\":\"search_term_string\"}}],\"inLanguage\":\"de\"}]}<\/script>\n<!-- \/ Yoast SEO plugin. -->","yoast_head_json":{"title":"Griechischer Auge Halskette mit Anh\u00e4nger \"Santora\", aus 925 Sterling Silber, mit einem gro\u00dfen blauen Evil Eye in der Mitte, wei\u00dfen Zirkonia und einer sch\u00f6nen Ankerkette - Max Gold","robots":{"index":"index","follow":"follow","max-snippet":"max-snippet:-1","max-image-preview":"max-image-preview:large","max-video-preview":"max-video-preview:-1"},"canonical":"https:\/\/maxgold.gr\/de\/shop\/griechischer-auge-halskette-mit-anhaenger-santora-aus-925-sterling-silber-mit-einem-grossen-blauen-evil-eye-in-der-mitte-weissen-zirkonia-und-einer-schoenen-ankerkette\/","og_locale":"de_DE","og_type":"article","og_title":"Griechischer Auge Halskette mit Anh\u00e4nger \"Santora\", aus 925 Sterling Silber, mit einem gro\u00dfen blauen Evil Eye in der Mitte, wei\u00dfen Zirkonia und einer sch\u00f6nen Ankerkette - Max Gold","og_description":"&nbsp;","og_url":"https:\/\/maxgold.gr\/de\/shop\/griechischer-auge-halskette-mit-anhaenger-santora-aus-925-sterling-silber-mit-einem-grossen-blauen-evil-eye-in-der-mitte-weissen-zirkonia-und-einer-schoenen-ankerkette\/","og_site_name":"Max Gold","article_publisher":"https:\/\/www.facebook.com\/people\/Max-Gold\/61561801899896\/","og_image":[{"width":600,"height":600,"url":"https:\/\/i0.wp.com\/maxgold.gr\/wp-content\/uploads\/2024\/07\/eepn-5c.jpg?fit=600%2C600&ssl=1","type":"image\/jpeg"}],"twitter_card":"summary_large_image","twitter_misc":{"Gesch\u00e4tzte Lesezeit":"1\u00a0Minute"},"schema":{"@context":"https:\/\/schema.org","@graph":[{"@type":"WebPage","@id":"https:\/\/maxgold.gr\/de\/shop\/griechischer-auge-halskette-mit-anhaenger-santora-aus-925-sterling-silber-mit-einem-grossen-blauen-evil-eye-in-der-mitte-weissen-zirkonia-und-einer-schoenen-ankerkette\/","url":"https:\/\/maxgold.gr\/de\/shop\/griechischer-auge-halskette-mit-anhaenger-santora-aus-925-sterling-silber-mit-einem-grossen-blauen-evil-eye-in-der-mitte-weissen-zirkonia-und-einer-schoenen-ankerkette\/","name":"Griechischer Auge Halskette mit Anh\u00e4nger \"Santora\", aus 925 Sterling Silber, mit einem gro\u00dfen blauen Evil Eye in der Mitte, wei\u00dfen Zirkonia und einer sch\u00f6nen Ankerkette - Max Gold","isPartOf":{"@id":"https:\/\/maxgold.gr\/de\/#website"},"primaryImageOfPage":{"@id":"https:\/\/maxgold.gr\/de\/shop\/griechischer-auge-halskette-mit-anhaenger-santora-aus-925-sterling-silber-mit-einem-grossen-blauen-evil-eye-in-der-mitte-weissen-zirkonia-und-einer-schoenen-ankerkette\/#primaryimage"},"image":{"@id":"https:\/\/maxgold.gr\/de\/shop\/griechischer-auge-halskette-mit-anhaenger-santora-aus-925-sterling-silber-mit-einem-grossen-blauen-evil-eye-in-der-mitte-weissen-zirkonia-und-einer-schoenen-ankerkette\/#primaryimage"},"thumbnailUrl":"https:\/\/i0.wp.com\/maxgold.gr\/wp-content\/uploads\/2024\/07\/eepn-5c.jpg?fit=600%2C600&ssl=1","datePublished":"2024-07-08T17:14:50+00:00","breadcrumb":{"@id":"https:\/\/maxgold.gr\/de\/shop\/griechischer-auge-halskette-mit-anhaenger-santora-aus-925-sterling-silber-mit-einem-grossen-blauen-evil-eye-in-der-mitte-weissen-zirkonia-und-einer-schoenen-ankerkette\/#breadcrumb"},"inLanguage":"de","potentialAction":[{"@type":"ReadAction","target":["https:\/\/maxgold.gr\/de\/shop\/griechischer-auge-halskette-mit-anhaenger-santora-aus-925-sterling-silber-mit-einem-grossen-blauen-evil-eye-in-der-mitte-weissen-zirkonia-und-einer-schoenen-ankerkette\/"]}]},{"@type":"ImageObject","inLanguage":"de","@id":"https:\/\/maxgold.gr\/de\/shop\/griechischer-auge-halskette-mit-anhaenger-santora-aus-925-sterling-silber-mit-einem-grossen-blauen-evil-eye-in-der-mitte-weissen-zirkonia-und-einer-schoenen-ankerkette\/#primaryimage","url":"https:\/\/i0.wp.com\/maxgold.gr\/wp-content\/uploads\/2024\/07\/eepn-5c.jpg?fit=600%2C600&ssl=1","contentUrl":"https:\/\/i0.wp.com\/maxgold.gr\/wp-content\/uploads\/2024\/07\/eepn-5c.jpg?fit=600%2C600&ssl=1","width":600,"height":600},{"@type":"BreadcrumbList","@id":"https:\/\/maxgold.gr\/de\/shop\/griechischer-auge-halskette-mit-anhaenger-santora-aus-925-sterling-silber-mit-einem-grossen-blauen-evil-eye-in-der-mitte-weissen-zirkonia-und-einer-schoenen-ankerkette\/#breadcrumb","itemListElement":[{"@type":"ListItem","position":1,"name":"Home","item":"https:\/\/maxgold.gr\/de\/startseite\/"},{"@type":"ListItem","position":2,"name":"Gesch\u00e4ft","item":"https:\/\/maxgold.gr\/de\/%ce%ba%ce%b1%cf%84%ce%ac%cf%83%cf%84%ce%b7%ce%bc%ce%b1\/"},{"@type":"ListItem","position":3,"name":"Griechischer Auge Halskette mit Anh\u00e4nger &#8220;Santora&#8221;, aus 925 Sterling Silber, mit einem gro\u00dfen blauen Evil Eye in der Mitte, wei\u00dfen Zirkonia und einer sch\u00f6nen Ankerkette"}]},{"@type":"WebSite","@id":"https:\/\/maxgold.gr\/de\/#website","url":"https:\/\/maxgold.gr\/de\/","name":"Max Gold","description":"Max Gold","potentialAction":[{"@type":"SearchAction","target":{"@type":"EntryPoint","urlTemplate":"https:\/\/maxgold.gr\/de\/?s={search_term_string}"},"query-input":{"@type":"PropertyValueSpecification","valueRequired":true,"valueName":"search_term_string"}}],"inLanguage":"de"}]}},"jetpack_sharing_enabled":true,"_links":{"self":[{"href":"https:\/\/maxgold.gr\/de\/wp-json\/wp\/v2\/product\/4935","targetHints":{"allow":["GET"]}}],"collection":[{"href":"https:\/\/maxgold.gr\/de\/wp-json\/wp\/v2\/product"}],"about":[{"href":"https:\/\/maxgold.gr\/de\/wp-json\/wp\/v2\/types\/product"}],"replies":[{"embeddable":true,"href":"https:\/\/maxgold.gr\/de\/wp-json\/wp\/v2\/comments?post=4935"}],"wp:featuredmedia":[{"embeddable":true,"href":"https:\/\/maxgold.gr\/de\/wp-json\/wp\/v2\/media\/4936"}],"wp:attachment":[{"href":"https:\/\/maxgold.gr\/de\/wp-json\/wp\/v2\/media?parent=4935"}],"wp:term":[{"taxonomy":"product_brand","embeddable":true,"href":"https:\/\/maxgold.gr\/de\/wp-json\/wp\/v2\/product_brand?post=4935"},{"taxonomy":"product_cat","embeddable":true,"href":"https:\/\/maxgold.gr\/de\/wp-json\/wp\/v2\/product_cat?post=4935"},{"taxonomy":"product_tag","embeddable":true,"href":"https:\/\/maxgold.gr\/de\/wp-json\/wp\/v2\/product_tag?post=4935"}],"curies":[{"name":"wp","href":"https:\/\/api.w.org\/{rel}","templated":true}]}}