{"id":4945,"date":"2024-07-05T18:35:45","date_gmt":"2024-07-05T15:35:45","guid":{"rendered":"https:\/\/maxgold.gr\/shop\/bullet-back-manschettenknoepfe-black-line-aus-edelstahl\/"},"modified":"2024-07-05T18:35:45","modified_gmt":"2024-07-05T15:35:45","slug":"bullet-back-manschettenknoepfe-black-line-aus-edelstahl","status":"publish","type":"product","link":"https:\/\/maxgold.gr\/de\/shop\/bullet-back-manschettenknoepfe-black-line-aus-edelstahl\/","title":{"rendered":"Bullet Back Manschettenkn\u00f6pfe &#8222;Black Line&#8220;, aus Edelstahl"},"content":{"rendered":"<p>Die silbernen rechteckigen Manschettenkn\u00f6pfe aus Edelstahl mit einem schwarzen Streifen sind eine elegante und moderne Wahl. Der Kugelverschluss sorgt f\u00fcr eine einfache und sichere Befestigung. Dieses Design ist vielseitig und wertet jedes formelle Outfit m\u00fchelos auf und sorgt f\u00fcr einen eleganten und raffinierten Look.  <\/p>\n<p>&nbsp;<\/p>\n<p>&nbsp;<\/p>\n<h4><strong>Produktdetails<\/strong><\/h4>\n<p><strong>Ma\u00dfe:<\/strong> 1.8cm x 1.8cm<\/p>\n<p><strong>Metall:<\/strong> Edelstahl<\/p>\n<p><strong>Stil: <\/strong>Bullet Back.<\/p>\n","protected":false},"excerpt":{"rendered":"<p>Die silbernen rechteckigen Manschettenkn\u00f6pfe aus Edelstahl mit einem schwarzen Streifen sind eine elegante und moderne Wahl. Der Kugelverschluss sorgt f\u00fcr eine einfache und sichere Befestigung. Dieses Design ist vielseitig und wertet jedes formelle Outfit m\u00fchelos auf und sorgt f\u00fcr einen eleganten und raffinierten Look. &nbsp; &nbsp; Produktdetails Ma\u00dfe: 1.8cm x 1.8cm Metall: Edelstahl Stil: Bullet [&#8230;]\n","protected":false},"featured_media":4948,"comment_status":"open","ping_status":"closed","template":"","meta":[],"product_brand":[],"product_cat":[452,451,460,434,432],"product_tag":[462,461,455],"class_list":{"0":"post-4945","1":"product","2":"type-product","3":"status-publish","4":"has-post-thumbnail","6":"product_cat-rostfreier-stahl","7":"product_cat-mannerschmuck","8":"product_cat-manschettenknopfe","9":"product_cat-metall","10":"product_cat-neu-ankommen","11":"product_tag-manschettenknopfe","12":"product_tag-rostfreier-stahl","13":"product_tag-schmuck-fur-manner","15":"first","16":"instock","17":"taxable","18":"shipping-taxable","19":"purchasable","20":"product-type-simple","21":"add-to-wishlist-before_add_to_cart"},"yoast_head":"<!-- This site is optimized with the Yoast SEO plugin v27.5 - https:\/\/yoast.com\/product\/yoast-seo-wordpress\/ -->\n<title>Bullet Back Manschettenkn\u00f6pfe &quot;Black Line&quot;, aus Edelstahl - Max Gold<\/title>\n<meta name=\"robots\" content=\"index, follow, max-snippet:-1, max-image-preview:large, max-video-preview:-1\" \/>\n<link rel=\"canonical\" href=\"https:\/\/maxgold.gr\/de\/shop\/bullet-back-manschettenknoepfe-black-line-aus-edelstahl\/\" \/>\n<meta property=\"og:locale\" content=\"de_DE\" \/>\n<meta property=\"og:type\" content=\"article\" \/>\n<meta property=\"og:title\" content=\"Bullet Back Manschettenkn\u00f6pfe &quot;Black Line&quot;, aus Edelstahl - Max Gold\" \/>\n<meta property=\"og:description\" content=\"Die silbernen rechteckigen Manschettenkn\u00f6pfe aus Edelstahl mit einem schwarzen Streifen sind eine elegante und moderne Wahl. Der Kugelverschluss sorgt f\u00fcr eine einfache und sichere Befestigung. Dieses Design ist vielseitig und wertet jedes formelle Outfit m\u00fchelos auf und sorgt f\u00fcr einen eleganten und raffinierten Look. &nbsp; &nbsp; Produktdetails Ma\u00dfe: 1.8cm x 1.8cm Metall: Edelstahl Stil: Bullet [...]\" \/>\n<meta property=\"og:url\" content=\"https:\/\/maxgold.gr\/de\/shop\/bullet-back-manschettenknoepfe-black-line-aus-edelstahl\/\" \/>\n<meta property=\"og:site_name\" content=\"Max Gold\" \/>\n<meta property=\"article:publisher\" content=\"https:\/\/www.facebook.com\/people\/Max-Gold\/61561801899896\/\" \/>\n<meta property=\"og:image\" content=\"https:\/\/i0.wp.com\/maxgold.gr\/wp-content\/uploads\/2024\/07\/mk-3e.jpg?fit=600%2C600&ssl=1\" \/>\n\t<meta property=\"og:image:width\" content=\"600\" \/>\n\t<meta property=\"og:image:height\" content=\"600\" \/>\n\t<meta property=\"og:image:type\" content=\"image\/jpeg\" \/>\n<meta name=\"twitter:card\" content=\"summary_large_image\" \/>\n<script type=\"application\/ld+json\" class=\"yoast-schema-graph\">{\"@context\":\"https:\\\/\\\/schema.org\",\"@graph\":[{\"@type\":\"WebPage\",\"@id\":\"https:\\\/\\\/maxgold.gr\\\/de\\\/shop\\\/bullet-back-manschettenknoepfe-black-line-aus-edelstahl\\\/\",\"url\":\"https:\\\/\\\/maxgold.gr\\\/de\\\/shop\\\/bullet-back-manschettenknoepfe-black-line-aus-edelstahl\\\/\",\"name\":\"Bullet Back Manschettenkn\u00f6pfe \\\"Black Line\\\", aus Edelstahl - Max Gold\",\"isPartOf\":{\"@id\":\"https:\\\/\\\/maxgold.gr\\\/de\\\/#website\"},\"primaryImageOfPage\":{\"@id\":\"https:\\\/\\\/maxgold.gr\\\/de\\\/shop\\\/bullet-back-manschettenknoepfe-black-line-aus-edelstahl\\\/#primaryimage\"},\"image\":{\"@id\":\"https:\\\/\\\/maxgold.gr\\\/de\\\/shop\\\/bullet-back-manschettenknoepfe-black-line-aus-edelstahl\\\/#primaryimage\"},\"thumbnailUrl\":\"https:\\\/\\\/i0.wp.com\\\/maxgold.gr\\\/wp-content\\\/uploads\\\/2024\\\/07\\\/mk-3e.jpg?fit=600%2C600&ssl=1\",\"datePublished\":\"2024-07-05T15:35:45+00:00\",\"breadcrumb\":{\"@id\":\"https:\\\/\\\/maxgold.gr\\\/de\\\/shop\\\/bullet-back-manschettenknoepfe-black-line-aus-edelstahl\\\/#breadcrumb\"},\"inLanguage\":\"de\",\"potentialAction\":[{\"@type\":\"ReadAction\",\"target\":[\"https:\\\/\\\/maxgold.gr\\\/de\\\/shop\\\/bullet-back-manschettenknoepfe-black-line-aus-edelstahl\\\/\"]}]},{\"@type\":\"ImageObject\",\"inLanguage\":\"de\",\"@id\":\"https:\\\/\\\/maxgold.gr\\\/de\\\/shop\\\/bullet-back-manschettenknoepfe-black-line-aus-edelstahl\\\/#primaryimage\",\"url\":\"https:\\\/\\\/i0.wp.com\\\/maxgold.gr\\\/wp-content\\\/uploads\\\/2024\\\/07\\\/mk-3e.jpg?fit=600%2C600&ssl=1\",\"contentUrl\":\"https:\\\/\\\/i0.wp.com\\\/maxgold.gr\\\/wp-content\\\/uploads\\\/2024\\\/07\\\/mk-3e.jpg?fit=600%2C600&ssl=1\",\"width\":600,\"height\":600},{\"@type\":\"BreadcrumbList\",\"@id\":\"https:\\\/\\\/maxgold.gr\\\/de\\\/shop\\\/bullet-back-manschettenknoepfe-black-line-aus-edelstahl\\\/#breadcrumb\",\"itemListElement\":[{\"@type\":\"ListItem\",\"position\":1,\"name\":\"Home\",\"item\":\"https:\\\/\\\/maxgold.gr\\\/de\\\/startseite\\\/\"},{\"@type\":\"ListItem\",\"position\":2,\"name\":\"Gesch\u00e4ft\",\"item\":\"https:\\\/\\\/maxgold.gr\\\/de\\\/%ce%ba%ce%b1%cf%84%ce%ac%cf%83%cf%84%ce%b7%ce%bc%ce%b1\\\/\"},{\"@type\":\"ListItem\",\"position\":3,\"name\":\"Bullet Back Manschettenkn\u00f6pfe &#8220;Black Line&#8221;, aus Edelstahl\"}]},{\"@type\":\"WebSite\",\"@id\":\"https:\\\/\\\/maxgold.gr\\\/de\\\/#website\",\"url\":\"https:\\\/\\\/maxgold.gr\\\/de\\\/\",\"name\":\"Max Gold\",\"description\":\"Max Gold\",\"potentialAction\":[{\"@type\":\"SearchAction\",\"target\":{\"@type\":\"EntryPoint\",\"urlTemplate\":\"https:\\\/\\\/maxgold.gr\\\/de\\\/?s={search_term_string}\"},\"query-input\":{\"@type\":\"PropertyValueSpecification\",\"valueRequired\":true,\"valueName\":\"search_term_string\"}}],\"inLanguage\":\"de\"}]}<\/script>\n<!-- \/ Yoast SEO plugin. -->","yoast_head_json":{"title":"Bullet Back Manschettenkn\u00f6pfe \"Black Line\", aus Edelstahl - Max Gold","robots":{"index":"index","follow":"follow","max-snippet":"max-snippet:-1","max-image-preview":"max-image-preview:large","max-video-preview":"max-video-preview:-1"},"canonical":"https:\/\/maxgold.gr\/de\/shop\/bullet-back-manschettenknoepfe-black-line-aus-edelstahl\/","og_locale":"de_DE","og_type":"article","og_title":"Bullet Back Manschettenkn\u00f6pfe \"Black Line\", aus Edelstahl - Max Gold","og_description":"Die silbernen rechteckigen Manschettenkn\u00f6pfe aus Edelstahl mit einem schwarzen Streifen sind eine elegante und moderne Wahl. Der Kugelverschluss sorgt f\u00fcr eine einfache und sichere Befestigung. Dieses Design ist vielseitig und wertet jedes formelle Outfit m\u00fchelos auf und sorgt f\u00fcr einen eleganten und raffinierten Look. &nbsp; &nbsp; Produktdetails Ma\u00dfe: 1.8cm x 1.8cm Metall: Edelstahl Stil: Bullet [...]","og_url":"https:\/\/maxgold.gr\/de\/shop\/bullet-back-manschettenknoepfe-black-line-aus-edelstahl\/","og_site_name":"Max Gold","article_publisher":"https:\/\/www.facebook.com\/people\/Max-Gold\/61561801899896\/","og_image":[{"width":600,"height":600,"url":"https:\/\/i0.wp.com\/maxgold.gr\/wp-content\/uploads\/2024\/07\/mk-3e.jpg?fit=600%2C600&ssl=1","type":"image\/jpeg"}],"twitter_card":"summary_large_image","schema":{"@context":"https:\/\/schema.org","@graph":[{"@type":"WebPage","@id":"https:\/\/maxgold.gr\/de\/shop\/bullet-back-manschettenknoepfe-black-line-aus-edelstahl\/","url":"https:\/\/maxgold.gr\/de\/shop\/bullet-back-manschettenknoepfe-black-line-aus-edelstahl\/","name":"Bullet Back Manschettenkn\u00f6pfe \"Black Line\", aus Edelstahl - Max Gold","isPartOf":{"@id":"https:\/\/maxgold.gr\/de\/#website"},"primaryImageOfPage":{"@id":"https:\/\/maxgold.gr\/de\/shop\/bullet-back-manschettenknoepfe-black-line-aus-edelstahl\/#primaryimage"},"image":{"@id":"https:\/\/maxgold.gr\/de\/shop\/bullet-back-manschettenknoepfe-black-line-aus-edelstahl\/#primaryimage"},"thumbnailUrl":"https:\/\/i0.wp.com\/maxgold.gr\/wp-content\/uploads\/2024\/07\/mk-3e.jpg?fit=600%2C600&ssl=1","datePublished":"2024-07-05T15:35:45+00:00","breadcrumb":{"@id":"https:\/\/maxgold.gr\/de\/shop\/bullet-back-manschettenknoepfe-black-line-aus-edelstahl\/#breadcrumb"},"inLanguage":"de","potentialAction":[{"@type":"ReadAction","target":["https:\/\/maxgold.gr\/de\/shop\/bullet-back-manschettenknoepfe-black-line-aus-edelstahl\/"]}]},{"@type":"ImageObject","inLanguage":"de","@id":"https:\/\/maxgold.gr\/de\/shop\/bullet-back-manschettenknoepfe-black-line-aus-edelstahl\/#primaryimage","url":"https:\/\/i0.wp.com\/maxgold.gr\/wp-content\/uploads\/2024\/07\/mk-3e.jpg?fit=600%2C600&ssl=1","contentUrl":"https:\/\/i0.wp.com\/maxgold.gr\/wp-content\/uploads\/2024\/07\/mk-3e.jpg?fit=600%2C600&ssl=1","width":600,"height":600},{"@type":"BreadcrumbList","@id":"https:\/\/maxgold.gr\/de\/shop\/bullet-back-manschettenknoepfe-black-line-aus-edelstahl\/#breadcrumb","itemListElement":[{"@type":"ListItem","position":1,"name":"Home","item":"https:\/\/maxgold.gr\/de\/startseite\/"},{"@type":"ListItem","position":2,"name":"Gesch\u00e4ft","item":"https:\/\/maxgold.gr\/de\/%ce%ba%ce%b1%cf%84%ce%ac%cf%83%cf%84%ce%b7%ce%bc%ce%b1\/"},{"@type":"ListItem","position":3,"name":"Bullet Back Manschettenkn\u00f6pfe &#8220;Black Line&#8221;, aus Edelstahl"}]},{"@type":"WebSite","@id":"https:\/\/maxgold.gr\/de\/#website","url":"https:\/\/maxgold.gr\/de\/","name":"Max Gold","description":"Max Gold","potentialAction":[{"@type":"SearchAction","target":{"@type":"EntryPoint","urlTemplate":"https:\/\/maxgold.gr\/de\/?s={search_term_string}"},"query-input":{"@type":"PropertyValueSpecification","valueRequired":true,"valueName":"search_term_string"}}],"inLanguage":"de"}]}},"jetpack_sharing_enabled":true,"_links":{"self":[{"href":"https:\/\/maxgold.gr\/de\/wp-json\/wp\/v2\/product\/4945","targetHints":{"allow":["GET"]}}],"collection":[{"href":"https:\/\/maxgold.gr\/de\/wp-json\/wp\/v2\/product"}],"about":[{"href":"https:\/\/maxgold.gr\/de\/wp-json\/wp\/v2\/types\/product"}],"replies":[{"embeddable":true,"href":"https:\/\/maxgold.gr\/de\/wp-json\/wp\/v2\/comments?post=4945"}],"wp:featuredmedia":[{"embeddable":true,"href":"https:\/\/maxgold.gr\/de\/wp-json\/wp\/v2\/media\/4948"}],"wp:attachment":[{"href":"https:\/\/maxgold.gr\/de\/wp-json\/wp\/v2\/media?parent=4945"}],"wp:term":[{"taxonomy":"product_brand","embeddable":true,"href":"https:\/\/maxgold.gr\/de\/wp-json\/wp\/v2\/product_brand?post=4945"},{"taxonomy":"product_cat","embeddable":true,"href":"https:\/\/maxgold.gr\/de\/wp-json\/wp\/v2\/product_cat?post=4945"},{"taxonomy":"product_tag","embeddable":true,"href":"https:\/\/maxgold.gr\/de\/wp-json\/wp\/v2\/product_tag?post=4945"}],"curies":[{"name":"wp","href":"https:\/\/api.w.org\/{rel}","templated":true}]}}