{"id":4953,"date":"2024-07-02T20:12:58","date_gmt":"2024-07-02T17:12:58","guid":{"rendered":"https:\/\/maxgold.gr\/shop\/manschettenknoepfe-black-trail-pattern-aus-edelstahl\/"},"modified":"2024-07-02T20:12:58","modified_gmt":"2024-07-02T17:12:58","slug":"manschettenknoepfe-black-trail-pattern-aus-edelstahl","status":"publish","type":"product","link":"https:\/\/maxgold.gr\/de\/shop\/manschettenknoepfe-black-trail-pattern-aus-edelstahl\/","title":{"rendered":"Manschettenkn\u00f6pfe &#8222;Black Trail Pattern&#8220;, aus Edelstahl"},"content":{"rendered":"<p>Diese silbernen runden Manschettenkn\u00f6pfe aus robustem Edelstahl sind mit einem sch\u00f6nen schwarzen Muster versehen. Das elegante Design verleiht jedem Outfit einen Hauch von Raffinesse und macht sie zu einem perfekten Geschenk f\u00fcr M\u00e4nner, die stilvolle Accessoires sch\u00e4tzen. <\/p>\n<p>&nbsp;<\/p>\n<h4><strong>Produktdetails<\/strong><\/h4>\n<p><strong>Ma\u00dfe:<\/strong> 1.8cm x 1.8cm<\/p>\n<p><strong>Metall:<\/strong> Edelstahl<\/p>\n<p>&nbsp;<\/p>\n","protected":false},"excerpt":{"rendered":"<p>Diese silbernen runden Manschettenkn\u00f6pfe aus robustem Edelstahl sind mit einem sch\u00f6nen schwarzen Muster versehen. Das elegante Design verleiht jedem Outfit einen Hauch von Raffinesse und macht sie zu einem perfekten Geschenk f\u00fcr M\u00e4nner, die stilvolle Accessoires sch\u00e4tzen. &nbsp; Produktdetails Ma\u00dfe: 1.8cm x 1.8cm Metall: Edelstahl &nbsp;<\/p>\n","protected":false},"featured_media":4954,"comment_status":"open","ping_status":"closed","template":"","meta":[],"product_brand":[],"product_cat":[452,451,460,432],"product_tag":[462,455],"class_list":{"0":"post-4953","1":"product","2":"type-product","3":"status-publish","4":"has-post-thumbnail","6":"product_cat-rostfreier-stahl","7":"product_cat-mannerschmuck","8":"product_cat-manschettenknopfe","9":"product_cat-neu-ankommen","10":"product_tag-manschettenknopfe","11":"product_tag-schmuck-fur-manner","13":"first","14":"instock","15":"taxable","16":"shipping-taxable","17":"purchasable","18":"product-type-simple","19":"add-to-wishlist-before_add_to_cart"},"yoast_head":"<!-- This site is optimized with the Yoast SEO plugin v27.5 - https:\/\/yoast.com\/product\/yoast-seo-wordpress\/ -->\n<title>Manschettenkn\u00f6pfe &quot;Black Trail Pattern&quot;, aus Edelstahl - Max Gold<\/title>\n<meta name=\"robots\" content=\"index, follow, max-snippet:-1, max-image-preview:large, max-video-preview:-1\" \/>\n<link rel=\"canonical\" href=\"https:\/\/maxgold.gr\/de\/shop\/manschettenknoepfe-black-trail-pattern-aus-edelstahl\/\" \/>\n<meta property=\"og:locale\" content=\"de_DE\" \/>\n<meta property=\"og:type\" content=\"article\" \/>\n<meta property=\"og:title\" content=\"Manschettenkn\u00f6pfe &quot;Black Trail Pattern&quot;, aus Edelstahl - Max Gold\" \/>\n<meta property=\"og:description\" content=\"Diese silbernen runden Manschettenkn\u00f6pfe aus robustem Edelstahl sind mit einem sch\u00f6nen schwarzen Muster versehen. Das elegante Design verleiht jedem Outfit einen Hauch von Raffinesse und macht sie zu einem perfekten Geschenk f\u00fcr M\u00e4nner, die stilvolle Accessoires sch\u00e4tzen. &nbsp; Produktdetails Ma\u00dfe: 1.8cm x 1.8cm Metall: Edelstahl &nbsp;\" \/>\n<meta property=\"og:url\" content=\"https:\/\/maxgold.gr\/de\/shop\/manschettenknoepfe-black-trail-pattern-aus-edelstahl\/\" \/>\n<meta property=\"og:site_name\" content=\"Max Gold\" \/>\n<meta property=\"article:publisher\" content=\"https:\/\/www.facebook.com\/people\/Max-Gold\/61561801899896\/\" \/>\n<meta property=\"og:image\" content=\"https:\/\/i0.wp.com\/maxgold.gr\/wp-content\/uploads\/2024\/07\/mk-1d.jpg?fit=600%2C600&ssl=1\" \/>\n\t<meta property=\"og:image:width\" content=\"600\" \/>\n\t<meta property=\"og:image:height\" content=\"600\" \/>\n\t<meta property=\"og:image:type\" content=\"image\/jpeg\" \/>\n<meta name=\"twitter:card\" content=\"summary_large_image\" \/>\n<script type=\"application\/ld+json\" class=\"yoast-schema-graph\">{\"@context\":\"https:\\\/\\\/schema.org\",\"@graph\":[{\"@type\":\"WebPage\",\"@id\":\"https:\\\/\\\/maxgold.gr\\\/de\\\/shop\\\/manschettenknoepfe-black-trail-pattern-aus-edelstahl\\\/\",\"url\":\"https:\\\/\\\/maxgold.gr\\\/de\\\/shop\\\/manschettenknoepfe-black-trail-pattern-aus-edelstahl\\\/\",\"name\":\"Manschettenkn\u00f6pfe \\\"Black Trail Pattern\\\", aus Edelstahl - Max Gold\",\"isPartOf\":{\"@id\":\"https:\\\/\\\/maxgold.gr\\\/de\\\/#website\"},\"primaryImageOfPage\":{\"@id\":\"https:\\\/\\\/maxgold.gr\\\/de\\\/shop\\\/manschettenknoepfe-black-trail-pattern-aus-edelstahl\\\/#primaryimage\"},\"image\":{\"@id\":\"https:\\\/\\\/maxgold.gr\\\/de\\\/shop\\\/manschettenknoepfe-black-trail-pattern-aus-edelstahl\\\/#primaryimage\"},\"thumbnailUrl\":\"https:\\\/\\\/i0.wp.com\\\/maxgold.gr\\\/wp-content\\\/uploads\\\/2024\\\/07\\\/mk-1d.jpg?fit=600%2C600&ssl=1\",\"datePublished\":\"2024-07-02T17:12:58+00:00\",\"breadcrumb\":{\"@id\":\"https:\\\/\\\/maxgold.gr\\\/de\\\/shop\\\/manschettenknoepfe-black-trail-pattern-aus-edelstahl\\\/#breadcrumb\"},\"inLanguage\":\"de\",\"potentialAction\":[{\"@type\":\"ReadAction\",\"target\":[\"https:\\\/\\\/maxgold.gr\\\/de\\\/shop\\\/manschettenknoepfe-black-trail-pattern-aus-edelstahl\\\/\"]}]},{\"@type\":\"ImageObject\",\"inLanguage\":\"de\",\"@id\":\"https:\\\/\\\/maxgold.gr\\\/de\\\/shop\\\/manschettenknoepfe-black-trail-pattern-aus-edelstahl\\\/#primaryimage\",\"url\":\"https:\\\/\\\/i0.wp.com\\\/maxgold.gr\\\/wp-content\\\/uploads\\\/2024\\\/07\\\/mk-1d.jpg?fit=600%2C600&ssl=1\",\"contentUrl\":\"https:\\\/\\\/i0.wp.com\\\/maxgold.gr\\\/wp-content\\\/uploads\\\/2024\\\/07\\\/mk-1d.jpg?fit=600%2C600&ssl=1\",\"width\":600,\"height\":600},{\"@type\":\"BreadcrumbList\",\"@id\":\"https:\\\/\\\/maxgold.gr\\\/de\\\/shop\\\/manschettenknoepfe-black-trail-pattern-aus-edelstahl\\\/#breadcrumb\",\"itemListElement\":[{\"@type\":\"ListItem\",\"position\":1,\"name\":\"Home\",\"item\":\"https:\\\/\\\/maxgold.gr\\\/de\\\/startseite\\\/\"},{\"@type\":\"ListItem\",\"position\":2,\"name\":\"Gesch\u00e4ft\",\"item\":\"https:\\\/\\\/maxgold.gr\\\/de\\\/%ce%ba%ce%b1%cf%84%ce%ac%cf%83%cf%84%ce%b7%ce%bc%ce%b1\\\/\"},{\"@type\":\"ListItem\",\"position\":3,\"name\":\"Manschettenkn\u00f6pfe &#8220;Black Trail Pattern&#8221;, aus Edelstahl\"}]},{\"@type\":\"WebSite\",\"@id\":\"https:\\\/\\\/maxgold.gr\\\/de\\\/#website\",\"url\":\"https:\\\/\\\/maxgold.gr\\\/de\\\/\",\"name\":\"Max Gold\",\"description\":\"Max Gold\",\"potentialAction\":[{\"@type\":\"SearchAction\",\"target\":{\"@type\":\"EntryPoint\",\"urlTemplate\":\"https:\\\/\\\/maxgold.gr\\\/de\\\/?s={search_term_string}\"},\"query-input\":{\"@type\":\"PropertyValueSpecification\",\"valueRequired\":true,\"valueName\":\"search_term_string\"}}],\"inLanguage\":\"de\"}]}<\/script>\n<!-- \/ Yoast SEO plugin. -->","yoast_head_json":{"title":"Manschettenkn\u00f6pfe \"Black Trail Pattern\", aus Edelstahl - Max Gold","robots":{"index":"index","follow":"follow","max-snippet":"max-snippet:-1","max-image-preview":"max-image-preview:large","max-video-preview":"max-video-preview:-1"},"canonical":"https:\/\/maxgold.gr\/de\/shop\/manschettenknoepfe-black-trail-pattern-aus-edelstahl\/","og_locale":"de_DE","og_type":"article","og_title":"Manschettenkn\u00f6pfe \"Black Trail Pattern\", aus Edelstahl - Max Gold","og_description":"Diese silbernen runden Manschettenkn\u00f6pfe aus robustem Edelstahl sind mit einem sch\u00f6nen schwarzen Muster versehen. Das elegante Design verleiht jedem Outfit einen Hauch von Raffinesse und macht sie zu einem perfekten Geschenk f\u00fcr M\u00e4nner, die stilvolle Accessoires sch\u00e4tzen. &nbsp; Produktdetails Ma\u00dfe: 1.8cm x 1.8cm Metall: Edelstahl &nbsp;","og_url":"https:\/\/maxgold.gr\/de\/shop\/manschettenknoepfe-black-trail-pattern-aus-edelstahl\/","og_site_name":"Max Gold","article_publisher":"https:\/\/www.facebook.com\/people\/Max-Gold\/61561801899896\/","og_image":[{"width":600,"height":600,"url":"https:\/\/i0.wp.com\/maxgold.gr\/wp-content\/uploads\/2024\/07\/mk-1d.jpg?fit=600%2C600&ssl=1","type":"image\/jpeg"}],"twitter_card":"summary_large_image","schema":{"@context":"https:\/\/schema.org","@graph":[{"@type":"WebPage","@id":"https:\/\/maxgold.gr\/de\/shop\/manschettenknoepfe-black-trail-pattern-aus-edelstahl\/","url":"https:\/\/maxgold.gr\/de\/shop\/manschettenknoepfe-black-trail-pattern-aus-edelstahl\/","name":"Manschettenkn\u00f6pfe \"Black Trail Pattern\", aus Edelstahl - Max Gold","isPartOf":{"@id":"https:\/\/maxgold.gr\/de\/#website"},"primaryImageOfPage":{"@id":"https:\/\/maxgold.gr\/de\/shop\/manschettenknoepfe-black-trail-pattern-aus-edelstahl\/#primaryimage"},"image":{"@id":"https:\/\/maxgold.gr\/de\/shop\/manschettenknoepfe-black-trail-pattern-aus-edelstahl\/#primaryimage"},"thumbnailUrl":"https:\/\/i0.wp.com\/maxgold.gr\/wp-content\/uploads\/2024\/07\/mk-1d.jpg?fit=600%2C600&ssl=1","datePublished":"2024-07-02T17:12:58+00:00","breadcrumb":{"@id":"https:\/\/maxgold.gr\/de\/shop\/manschettenknoepfe-black-trail-pattern-aus-edelstahl\/#breadcrumb"},"inLanguage":"de","potentialAction":[{"@type":"ReadAction","target":["https:\/\/maxgold.gr\/de\/shop\/manschettenknoepfe-black-trail-pattern-aus-edelstahl\/"]}]},{"@type":"ImageObject","inLanguage":"de","@id":"https:\/\/maxgold.gr\/de\/shop\/manschettenknoepfe-black-trail-pattern-aus-edelstahl\/#primaryimage","url":"https:\/\/i0.wp.com\/maxgold.gr\/wp-content\/uploads\/2024\/07\/mk-1d.jpg?fit=600%2C600&ssl=1","contentUrl":"https:\/\/i0.wp.com\/maxgold.gr\/wp-content\/uploads\/2024\/07\/mk-1d.jpg?fit=600%2C600&ssl=1","width":600,"height":600},{"@type":"BreadcrumbList","@id":"https:\/\/maxgold.gr\/de\/shop\/manschettenknoepfe-black-trail-pattern-aus-edelstahl\/#breadcrumb","itemListElement":[{"@type":"ListItem","position":1,"name":"Home","item":"https:\/\/maxgold.gr\/de\/startseite\/"},{"@type":"ListItem","position":2,"name":"Gesch\u00e4ft","item":"https:\/\/maxgold.gr\/de\/%ce%ba%ce%b1%cf%84%ce%ac%cf%83%cf%84%ce%b7%ce%bc%ce%b1\/"},{"@type":"ListItem","position":3,"name":"Manschettenkn\u00f6pfe &#8220;Black Trail Pattern&#8221;, aus Edelstahl"}]},{"@type":"WebSite","@id":"https:\/\/maxgold.gr\/de\/#website","url":"https:\/\/maxgold.gr\/de\/","name":"Max Gold","description":"Max Gold","potentialAction":[{"@type":"SearchAction","target":{"@type":"EntryPoint","urlTemplate":"https:\/\/maxgold.gr\/de\/?s={search_term_string}"},"query-input":{"@type":"PropertyValueSpecification","valueRequired":true,"valueName":"search_term_string"}}],"inLanguage":"de"}]}},"jetpack_sharing_enabled":true,"_links":{"self":[{"href":"https:\/\/maxgold.gr\/de\/wp-json\/wp\/v2\/product\/4953","targetHints":{"allow":["GET"]}}],"collection":[{"href":"https:\/\/maxgold.gr\/de\/wp-json\/wp\/v2\/product"}],"about":[{"href":"https:\/\/maxgold.gr\/de\/wp-json\/wp\/v2\/types\/product"}],"replies":[{"embeddable":true,"href":"https:\/\/maxgold.gr\/de\/wp-json\/wp\/v2\/comments?post=4953"}],"wp:featuredmedia":[{"embeddable":true,"href":"https:\/\/maxgold.gr\/de\/wp-json\/wp\/v2\/media\/4954"}],"wp:attachment":[{"href":"https:\/\/maxgold.gr\/de\/wp-json\/wp\/v2\/media?parent=4953"}],"wp:term":[{"taxonomy":"product_brand","embeddable":true,"href":"https:\/\/maxgold.gr\/de\/wp-json\/wp\/v2\/product_brand?post=4953"},{"taxonomy":"product_cat","embeddable":true,"href":"https:\/\/maxgold.gr\/de\/wp-json\/wp\/v2\/product_cat?post=4953"},{"taxonomy":"product_tag","embeddable":true,"href":"https:\/\/maxgold.gr\/de\/wp-json\/wp\/v2\/product_tag?post=4953"}],"curies":[{"name":"wp","href":"https:\/\/api.w.org\/{rel}","templated":true}]}}