{"id":5017,"date":"2024-04-24T13:22:21","date_gmt":"2024-04-24T10:22:21","guid":{"rendered":"https:\/\/maxgold.gr\/shop\/weisser-opal-cz-schmetterling-anhaenger-aus-925-sterling-silber-mit-synthetischem-weissen-opal-und-1-kleinem-cubic-zirkonia-stein\/"},"modified":"2024-04-24T13:22:21","modified_gmt":"2024-04-24T10:22:21","slug":"weisser-opal-cz-schmetterling-anhaenger-aus-925-sterling-silber-mit-synthetischem-weissen-opal-und-1-kleinem-cubic-zirkonia-stein","status":"publish","type":"product","link":"https:\/\/maxgold.gr\/de\/shop\/weisser-opal-cz-schmetterling-anhaenger-aus-925-sterling-silber-mit-synthetischem-weissen-opal-und-1-kleinem-cubic-zirkonia-stein\/","title":{"rendered":"&#8222;Wei\u00dfer Opal CZ Schmetterling&#8220; Anh\u00e4nger, aus 925 Sterling Silber, mit synthetischem wei\u00dfen Opal und 1 kleinem Cubic Zirkonia Stein"},"content":{"rendered":"<p><span style=\"color: #000000;\"><span class=\"tBJ dyH iFc sAJ X8m zDA IZT swG\"><span class=\"richPinInformation\" data-test-id=\"richPinInformation-description\">&#8211; <\/span><\/span><\/span><\/p>\n<p>&nbsp;<\/p>\n<h4><\/h4>\n<h4><strong>Produktdetails<\/strong><\/h4>\n<p><strong>Ma\u00dfe des Anh\u00e4ngers:<\/strong> 0.9cm x 1.4cm x 0.2cm <\/p>\n<p><strong>Edelstein:<\/strong> Synthetischer Opal, Kubischer Zirkonia<\/p>\n<p><strong>Metall:<\/strong> Sterling Silber (925)<\/p>\n<p><strong>Metallstempel:<\/strong> 925<\/p>\n<p><strong>Beschichtung: <\/strong>Rhodium<\/p>\n<p>&nbsp;<\/p>\n","protected":false},"excerpt":{"rendered":"<p>&nbsp;<\/p>\n<p><span class=\"tBJ dyH iFc sAJ X8m zDA IZT swG\"><span class=\"richPinInformation\" data-test-id=\"richPinInformation-description\"> <\/span><\/span><\/p>\n","protected":false},"featured_media":5022,"comment_status":"open","ping_status":"closed","template":"","meta":[],"product_brand":[],"product_cat":[532,439,516,713,463,434,435,466,470,514,628],"product_tag":[575,448,564,442,611,612],"class_list":{"0":"post-5017","1":"product","2":"type-product","3":"status-publish","4":"has-post-thumbnail","6":"product_cat-anhaenger-charms","7":"product_cat-damenschmuck","8":"product_cat-halsketten-anhaenger","9":"product_cat-kinderanhaenger","10":"product_cat-kinderschmuck","11":"product_cat-metall","12":"product_cat-sterling-silber-925","13":"product_cat-suesse-tiere","14":"product_cat-kuenstliche-opal","15":"product_cat-synthetischer-weisser-opal","16":"product_cat-synthetischer-weisser-opal-silber","17":"product_tag-edelsteine","18":"product_tag-kubischer-zirkoniumdioxid","19":"product_tag-schmetterlinge","20":"product_tag-sterling-silber-925","21":"product_tag-weiss","22":"product_tag-weisser-opal","24":"first","25":"instock","26":"sold-individually","27":"taxable","28":"shipping-taxable","29":"purchasable","30":"product-type-simple","31":"add-to-wishlist-before_add_to_cart"},"yoast_head":"<!-- This site is optimized with the Yoast SEO plugin v27.5 - https:\/\/yoast.com\/product\/yoast-seo-wordpress\/ -->\n<title>&quot;Wei\u00dfer Opal CZ Schmetterling&quot; Anh\u00e4nger, aus 925 Sterling Silber, mit synthetischem wei\u00dfen Opal und 1 kleinem Cubic Zirkonia Stein - Max Gold<\/title>\n<meta name=\"robots\" content=\"index, follow, max-snippet:-1, max-image-preview:large, max-video-preview:-1\" \/>\n<link rel=\"canonical\" href=\"https:\/\/maxgold.gr\/de\/shop\/weisser-opal-cz-schmetterling-anhaenger-aus-925-sterling-silber-mit-synthetischem-weissen-opal-und-1-kleinem-cubic-zirkonia-stein\/\" \/>\n<meta property=\"og:locale\" content=\"de_DE\" \/>\n<meta property=\"og:type\" content=\"article\" \/>\n<meta property=\"og:title\" content=\"&quot;Wei\u00dfer Opal CZ Schmetterling&quot; Anh\u00e4nger, aus 925 Sterling Silber, mit synthetischem wei\u00dfen Opal und 1 kleinem Cubic Zirkonia Stein - Max Gold\" \/>\n<meta property=\"og:description\" content=\"&nbsp;\" \/>\n<meta property=\"og:url\" content=\"https:\/\/maxgold.gr\/de\/shop\/weisser-opal-cz-schmetterling-anhaenger-aus-925-sterling-silber-mit-synthetischem-weissen-opal-und-1-kleinem-cubic-zirkonia-stein\/\" \/>\n<meta property=\"og:site_name\" content=\"Max Gold\" \/>\n<meta property=\"article:publisher\" content=\"https:\/\/www.facebook.com\/people\/Max-Gold\/61561801899896\/\" \/>\n<meta property=\"og:image\" content=\"https:\/\/i0.wp.com\/maxgold.gr\/wp-content\/uploads\/2024\/04\/%CE%BF%CF%80%CF%809%CE%B2.jpg?fit=1000%2C1000&ssl=1\" \/>\n\t<meta property=\"og:image:width\" content=\"1000\" \/>\n\t<meta property=\"og:image:height\" content=\"1000\" \/>\n\t<meta property=\"og:image:type\" content=\"image\/jpeg\" \/>\n<meta name=\"twitter:card\" content=\"summary_large_image\" \/>\n<script type=\"application\/ld+json\" class=\"yoast-schema-graph\">{\"@context\":\"https:\\\/\\\/schema.org\",\"@graph\":[{\"@type\":\"WebPage\",\"@id\":\"https:\\\/\\\/maxgold.gr\\\/de\\\/shop\\\/weisser-opal-cz-schmetterling-anhaenger-aus-925-sterling-silber-mit-synthetischem-weissen-opal-und-1-kleinem-cubic-zirkonia-stein\\\/\",\"url\":\"https:\\\/\\\/maxgold.gr\\\/de\\\/shop\\\/weisser-opal-cz-schmetterling-anhaenger-aus-925-sterling-silber-mit-synthetischem-weissen-opal-und-1-kleinem-cubic-zirkonia-stein\\\/\",\"name\":\"\\\"Wei\u00dfer Opal CZ Schmetterling\\\" Anh\u00e4nger, aus 925 Sterling Silber, mit synthetischem wei\u00dfen Opal und 1 kleinem Cubic Zirkonia Stein - Max Gold\",\"isPartOf\":{\"@id\":\"https:\\\/\\\/maxgold.gr\\\/de\\\/#website\"},\"primaryImageOfPage\":{\"@id\":\"https:\\\/\\\/maxgold.gr\\\/de\\\/shop\\\/weisser-opal-cz-schmetterling-anhaenger-aus-925-sterling-silber-mit-synthetischem-weissen-opal-und-1-kleinem-cubic-zirkonia-stein\\\/#primaryimage\"},\"image\":{\"@id\":\"https:\\\/\\\/maxgold.gr\\\/de\\\/shop\\\/weisser-opal-cz-schmetterling-anhaenger-aus-925-sterling-silber-mit-synthetischem-weissen-opal-und-1-kleinem-cubic-zirkonia-stein\\\/#primaryimage\"},\"thumbnailUrl\":\"https:\\\/\\\/i0.wp.com\\\/maxgold.gr\\\/wp-content\\\/uploads\\\/2024\\\/04\\\/%CE%BF%CF%80%CF%809%CE%B2.jpg?fit=1000%2C1000&ssl=1\",\"datePublished\":\"2024-04-24T10:22:21+00:00\",\"breadcrumb\":{\"@id\":\"https:\\\/\\\/maxgold.gr\\\/de\\\/shop\\\/weisser-opal-cz-schmetterling-anhaenger-aus-925-sterling-silber-mit-synthetischem-weissen-opal-und-1-kleinem-cubic-zirkonia-stein\\\/#breadcrumb\"},\"inLanguage\":\"de\",\"potentialAction\":[{\"@type\":\"ReadAction\",\"target\":[\"https:\\\/\\\/maxgold.gr\\\/de\\\/shop\\\/weisser-opal-cz-schmetterling-anhaenger-aus-925-sterling-silber-mit-synthetischem-weissen-opal-und-1-kleinem-cubic-zirkonia-stein\\\/\"]}]},{\"@type\":\"ImageObject\",\"inLanguage\":\"de\",\"@id\":\"https:\\\/\\\/maxgold.gr\\\/de\\\/shop\\\/weisser-opal-cz-schmetterling-anhaenger-aus-925-sterling-silber-mit-synthetischem-weissen-opal-und-1-kleinem-cubic-zirkonia-stein\\\/#primaryimage\",\"url\":\"https:\\\/\\\/i0.wp.com\\\/maxgold.gr\\\/wp-content\\\/uploads\\\/2024\\\/04\\\/%CE%BF%CF%80%CF%809%CE%B2.jpg?fit=1000%2C1000&ssl=1\",\"contentUrl\":\"https:\\\/\\\/i0.wp.com\\\/maxgold.gr\\\/wp-content\\\/uploads\\\/2024\\\/04\\\/%CE%BF%CF%80%CF%809%CE%B2.jpg?fit=1000%2C1000&ssl=1\",\"width\":1000,\"height\":1000},{\"@type\":\"BreadcrumbList\",\"@id\":\"https:\\\/\\\/maxgold.gr\\\/de\\\/shop\\\/weisser-opal-cz-schmetterling-anhaenger-aus-925-sterling-silber-mit-synthetischem-weissen-opal-und-1-kleinem-cubic-zirkonia-stein\\\/#breadcrumb\",\"itemListElement\":[{\"@type\":\"ListItem\",\"position\":1,\"name\":\"Home\",\"item\":\"https:\\\/\\\/maxgold.gr\\\/de\\\/startseite\\\/\"},{\"@type\":\"ListItem\",\"position\":2,\"name\":\"Gesch\u00e4ft\",\"item\":\"https:\\\/\\\/maxgold.gr\\\/de\\\/%ce%ba%ce%b1%cf%84%ce%ac%cf%83%cf%84%ce%b7%ce%bc%ce%b1\\\/\"},{\"@type\":\"ListItem\",\"position\":3,\"name\":\"&#8220;Wei\u00dfer Opal CZ Schmetterling&#8221; Anh\u00e4nger, aus 925 Sterling Silber, mit synthetischem wei\u00dfen Opal und 1 kleinem Cubic Zirkonia Stein\"}]},{\"@type\":\"WebSite\",\"@id\":\"https:\\\/\\\/maxgold.gr\\\/de\\\/#website\",\"url\":\"https:\\\/\\\/maxgold.gr\\\/de\\\/\",\"name\":\"Max Gold\",\"description\":\"Max Gold\",\"potentialAction\":[{\"@type\":\"SearchAction\",\"target\":{\"@type\":\"EntryPoint\",\"urlTemplate\":\"https:\\\/\\\/maxgold.gr\\\/de\\\/?s={search_term_string}\"},\"query-input\":{\"@type\":\"PropertyValueSpecification\",\"valueRequired\":true,\"valueName\":\"search_term_string\"}}],\"inLanguage\":\"de\"}]}<\/script>\n<!-- \/ Yoast SEO plugin. -->","yoast_head_json":{"title":"\"Wei\u00dfer Opal CZ Schmetterling\" Anh\u00e4nger, aus 925 Sterling Silber, mit synthetischem wei\u00dfen Opal und 1 kleinem Cubic Zirkonia Stein - Max Gold","robots":{"index":"index","follow":"follow","max-snippet":"max-snippet:-1","max-image-preview":"max-image-preview:large","max-video-preview":"max-video-preview:-1"},"canonical":"https:\/\/maxgold.gr\/de\/shop\/weisser-opal-cz-schmetterling-anhaenger-aus-925-sterling-silber-mit-synthetischem-weissen-opal-und-1-kleinem-cubic-zirkonia-stein\/","og_locale":"de_DE","og_type":"article","og_title":"\"Wei\u00dfer Opal CZ Schmetterling\" Anh\u00e4nger, aus 925 Sterling Silber, mit synthetischem wei\u00dfen Opal und 1 kleinem Cubic Zirkonia Stein - Max Gold","og_description":"&nbsp;","og_url":"https:\/\/maxgold.gr\/de\/shop\/weisser-opal-cz-schmetterling-anhaenger-aus-925-sterling-silber-mit-synthetischem-weissen-opal-und-1-kleinem-cubic-zirkonia-stein\/","og_site_name":"Max Gold","article_publisher":"https:\/\/www.facebook.com\/people\/Max-Gold\/61561801899896\/","og_image":[{"width":1000,"height":1000,"url":"https:\/\/i0.wp.com\/maxgold.gr\/wp-content\/uploads\/2024\/04\/%CE%BF%CF%80%CF%809%CE%B2.jpg?fit=1000%2C1000&ssl=1","type":"image\/jpeg"}],"twitter_card":"summary_large_image","schema":{"@context":"https:\/\/schema.org","@graph":[{"@type":"WebPage","@id":"https:\/\/maxgold.gr\/de\/shop\/weisser-opal-cz-schmetterling-anhaenger-aus-925-sterling-silber-mit-synthetischem-weissen-opal-und-1-kleinem-cubic-zirkonia-stein\/","url":"https:\/\/maxgold.gr\/de\/shop\/weisser-opal-cz-schmetterling-anhaenger-aus-925-sterling-silber-mit-synthetischem-weissen-opal-und-1-kleinem-cubic-zirkonia-stein\/","name":"\"Wei\u00dfer Opal CZ Schmetterling\" Anh\u00e4nger, aus 925 Sterling Silber, mit synthetischem wei\u00dfen Opal und 1 kleinem Cubic Zirkonia Stein - Max Gold","isPartOf":{"@id":"https:\/\/maxgold.gr\/de\/#website"},"primaryImageOfPage":{"@id":"https:\/\/maxgold.gr\/de\/shop\/weisser-opal-cz-schmetterling-anhaenger-aus-925-sterling-silber-mit-synthetischem-weissen-opal-und-1-kleinem-cubic-zirkonia-stein\/#primaryimage"},"image":{"@id":"https:\/\/maxgold.gr\/de\/shop\/weisser-opal-cz-schmetterling-anhaenger-aus-925-sterling-silber-mit-synthetischem-weissen-opal-und-1-kleinem-cubic-zirkonia-stein\/#primaryimage"},"thumbnailUrl":"https:\/\/i0.wp.com\/maxgold.gr\/wp-content\/uploads\/2024\/04\/%CE%BF%CF%80%CF%809%CE%B2.jpg?fit=1000%2C1000&ssl=1","datePublished":"2024-04-24T10:22:21+00:00","breadcrumb":{"@id":"https:\/\/maxgold.gr\/de\/shop\/weisser-opal-cz-schmetterling-anhaenger-aus-925-sterling-silber-mit-synthetischem-weissen-opal-und-1-kleinem-cubic-zirkonia-stein\/#breadcrumb"},"inLanguage":"de","potentialAction":[{"@type":"ReadAction","target":["https:\/\/maxgold.gr\/de\/shop\/weisser-opal-cz-schmetterling-anhaenger-aus-925-sterling-silber-mit-synthetischem-weissen-opal-und-1-kleinem-cubic-zirkonia-stein\/"]}]},{"@type":"ImageObject","inLanguage":"de","@id":"https:\/\/maxgold.gr\/de\/shop\/weisser-opal-cz-schmetterling-anhaenger-aus-925-sterling-silber-mit-synthetischem-weissen-opal-und-1-kleinem-cubic-zirkonia-stein\/#primaryimage","url":"https:\/\/i0.wp.com\/maxgold.gr\/wp-content\/uploads\/2024\/04\/%CE%BF%CF%80%CF%809%CE%B2.jpg?fit=1000%2C1000&ssl=1","contentUrl":"https:\/\/i0.wp.com\/maxgold.gr\/wp-content\/uploads\/2024\/04\/%CE%BF%CF%80%CF%809%CE%B2.jpg?fit=1000%2C1000&ssl=1","width":1000,"height":1000},{"@type":"BreadcrumbList","@id":"https:\/\/maxgold.gr\/de\/shop\/weisser-opal-cz-schmetterling-anhaenger-aus-925-sterling-silber-mit-synthetischem-weissen-opal-und-1-kleinem-cubic-zirkonia-stein\/#breadcrumb","itemListElement":[{"@type":"ListItem","position":1,"name":"Home","item":"https:\/\/maxgold.gr\/de\/startseite\/"},{"@type":"ListItem","position":2,"name":"Gesch\u00e4ft","item":"https:\/\/maxgold.gr\/de\/%ce%ba%ce%b1%cf%84%ce%ac%cf%83%cf%84%ce%b7%ce%bc%ce%b1\/"},{"@type":"ListItem","position":3,"name":"&#8220;Wei\u00dfer Opal CZ Schmetterling&#8221; Anh\u00e4nger, aus 925 Sterling Silber, mit synthetischem wei\u00dfen Opal und 1 kleinem Cubic Zirkonia Stein"}]},{"@type":"WebSite","@id":"https:\/\/maxgold.gr\/de\/#website","url":"https:\/\/maxgold.gr\/de\/","name":"Max Gold","description":"Max Gold","potentialAction":[{"@type":"SearchAction","target":{"@type":"EntryPoint","urlTemplate":"https:\/\/maxgold.gr\/de\/?s={search_term_string}"},"query-input":{"@type":"PropertyValueSpecification","valueRequired":true,"valueName":"search_term_string"}}],"inLanguage":"de"}]}},"jetpack_sharing_enabled":true,"_links":{"self":[{"href":"https:\/\/maxgold.gr\/de\/wp-json\/wp\/v2\/product\/5017","targetHints":{"allow":["GET"]}}],"collection":[{"href":"https:\/\/maxgold.gr\/de\/wp-json\/wp\/v2\/product"}],"about":[{"href":"https:\/\/maxgold.gr\/de\/wp-json\/wp\/v2\/types\/product"}],"replies":[{"embeddable":true,"href":"https:\/\/maxgold.gr\/de\/wp-json\/wp\/v2\/comments?post=5017"}],"wp:featuredmedia":[{"embeddable":true,"href":"https:\/\/maxgold.gr\/de\/wp-json\/wp\/v2\/media\/5022"}],"wp:attachment":[{"href":"https:\/\/maxgold.gr\/de\/wp-json\/wp\/v2\/media?parent=5017"}],"wp:term":[{"taxonomy":"product_brand","embeddable":true,"href":"https:\/\/maxgold.gr\/de\/wp-json\/wp\/v2\/product_brand?post=5017"},{"taxonomy":"product_cat","embeddable":true,"href":"https:\/\/maxgold.gr\/de\/wp-json\/wp\/v2\/product_cat?post=5017"},{"taxonomy":"product_tag","embeddable":true,"href":"https:\/\/maxgold.gr\/de\/wp-json\/wp\/v2\/product_tag?post=5017"}],"curies":[{"name":"wp","href":"https:\/\/api.w.org\/{rel}","templated":true}]}}