{"id":5061,"date":"2024-12-14T03:01:52","date_gmt":"2024-12-14T00:01:52","guid":{"rendered":"https:\/\/maxgold.gr\/?post_type=product&#038;p=5061"},"modified":"2024-12-15T03:08:11","modified_gmt":"2024-12-15T00:08:11","slug":"blaue-opal-ohrhanger-drops-aus-925-sterling-silber-vergoldet-mit-blauen-opalsteinen-copy","status":"publish","type":"product","link":"https:\/\/maxgold.gr\/de\/shop\/blaue-opal-ohrhanger-drops-aus-925-sterling-silber-vergoldet-mit-blauen-opalsteinen-copy\/","title":{"rendered":"Blaue Opal-Ohrh\u00e4nger &#8222;Gold Sandena&#8220; aus 925er Sterlingsilber, Vergoldet mit Blauen Opalsteinen"},"content":{"rendered":"<p><span style=\"color: #000000;\">Die atemberaubenden blauen Opal-Ohrringe sind aus 925er Sterlingsilber gefertigt.<\/span><\/p>\n<p><span style=\"color: #000000;\">Jedes Paar verf\u00fcgt \u00fcber eine hochwertige Vergoldung, die f\u00fcr Langlebigkeit und einen sch\u00f6nen Glanz sorgt. <\/span><\/p>\n<p><span style=\"color: #000000;\">Die pr\u00e4chtigen blauen Opalsteine, mit denen diese Ohrringe besetzt sind, machen sie einfach einzigartig!<\/span><\/p>\n<p>&nbsp;<\/p>\n<h4><span style=\"color: #000000;\"><strong>Produktdetails<\/strong><\/span><\/h4>\n<h4><span style=\"color: #000000;\"><strong>Motivma\u00dfe:<\/strong> 2,5cm hoch x 0,6cm breit x 0,3cm tief<\/span><\/h4>\n<p><strong><span style=\"color: #000000;\">Gesamtl\u00e4nge: <\/span><\/strong><span style=\"color: #000000;\">4cm<\/span><\/p>\n<p><span style=\"color: #000000;\"><strong>Edelstein:<\/strong> Blauer Synthetischer Opal<\/span><\/p>\n<p><span style=\"color: #000000;\"><strong>Stil:<\/strong> Ohrh\u00e4nger<\/span><\/p>\n<p><span style=\"color: #000000;\"><strong>Metall:<\/strong> Sterling Silber (925)<\/span><\/p>\n<p><span style=\"color: #000000;\"><strong>Metallstempel:<\/strong> 925<\/span><\/p>\n<p><span style=\"color: #000000;\"><strong>Vergoldung: <\/strong>Gold<\/span><\/p>\n<p><span style=\"color: #000000;\"><strong>Verschluss:<\/strong>Latch back<\/span><\/p>\n<p><strong> <\/strong><\/p>\n<p>&nbsp;<\/p>\n","protected":false},"excerpt":{"rendered":"<p>Die atemberaubenden blauen Opal-Ohrringe sind aus 925er Sterlingsilber gefertigt. Jedes Paar verf\u00fcgt \u00fcber eine hochwertige Vergoldung, die f\u00fcr Langlebigkeit und einen sch\u00f6nen Glanz sorgt. Die pr\u00e4chtigen blauen Opalsteine, mit denen diese Ohrringe besetzt sind, machen sie einfach einzigartig! &nbsp; Produktdetails Motivma\u00dfe: 2,5cm hoch x 0,6cm breit x 0,3cm tief Gesamtl\u00e4nge: 4cm Edelstein: Blauer Synthetischer Opal [&#8230;]\n","protected":false},"featured_media":5064,"comment_status":"open","ping_status":"closed","template":"","meta":[],"product_brand":[],"product_cat":[439,434,432,491,492,431,435,624,510,659,470,724],"product_tag":[445,563,660,583,442,576],"class_list":{"0":"post-5061","1":"product","2":"type-product","3":"status-publish","4":"has-post-thumbnail","6":"product_cat-damenschmuck","7":"product_cat-metall","8":"product_cat-neu-ankommen","9":"product_cat-ohrhaenger","10":"product_cat-ohrhaenger-vergoldet","11":"product_cat-ohrringe","12":"product_cat-sterling-silber-925","13":"product_cat-synthetischer","14":"product_cat-synthetischer-opal-vergoldet","15":"product_cat-synthetischer-blauer-opal-vergoldete-ohrringe","16":"product_cat-kuenstliche-opal","17":"product_cat-vergoldet","18":"product_tag-blau","19":"product_tag-blauer-opal","20":"product_tag-ohrhanger","21":"product_tag-riegelverschluss","22":"product_tag-sterling-silber-925","23":"product_tag-vergoldet","25":"first","26":"instock","27":"taxable","28":"shipping-taxable","29":"purchasable","30":"product-type-simple","31":"add-to-wishlist-before_add_to_cart"},"yoast_head":"<!-- This site is optimized with the Yoast SEO plugin v27.5 - https:\/\/yoast.com\/product\/yoast-seo-wordpress\/ -->\n<title>Blaue Opal-Ohrh\u00e4nger &quot;Gold Sandena&quot; aus 925er Sterlingsilber, Vergoldet mit Blauen Opalsteinen - Max Gold<\/title>\n<meta name=\"robots\" content=\"index, follow, max-snippet:-1, max-image-preview:large, max-video-preview:-1\" \/>\n<link rel=\"canonical\" href=\"https:\/\/maxgold.gr\/de\/shop\/blaue-opal-ohrhanger-drops-aus-925-sterling-silber-vergoldet-mit-blauen-opalsteinen-copy\/\" \/>\n<meta property=\"og:locale\" content=\"de_DE\" \/>\n<meta property=\"og:type\" content=\"article\" \/>\n<meta property=\"og:title\" content=\"Blaue Opal-Ohrh\u00e4nger &quot;Gold Sandena&quot; aus 925er Sterlingsilber, Vergoldet mit Blauen Opalsteinen - Max Gold\" \/>\n<meta property=\"og:description\" content=\"Die atemberaubenden blauen Opal-Ohrringe sind aus 925er Sterlingsilber gefertigt. Jedes Paar verf\u00fcgt \u00fcber eine hochwertige Vergoldung, die f\u00fcr Langlebigkeit und einen sch\u00f6nen Glanz sorgt. Die pr\u00e4chtigen blauen Opalsteine, mit denen diese Ohrringe besetzt sind, machen sie einfach einzigartig! &nbsp; Produktdetails Motivma\u00dfe: 2,5cm hoch x 0,6cm breit x 0,3cm tief Gesamtl\u00e4nge: 4cm Edelstein: Blauer Synthetischer Opal [...]\" \/>\n<meta property=\"og:url\" content=\"https:\/\/maxgold.gr\/de\/shop\/blaue-opal-ohrhanger-drops-aus-925-sterling-silber-vergoldet-mit-blauen-opalsteinen-copy\/\" \/>\n<meta property=\"og:site_name\" content=\"Max Gold\" \/>\n<meta property=\"article:publisher\" content=\"https:\/\/www.facebook.com\/people\/Max-Gold\/61561801899896\/\" \/>\n<meta property=\"article:modified_time\" content=\"2024-12-15T00:08:11+00:00\" \/>\n<meta property=\"og:image\" content=\"https:\/\/i0.wp.com\/maxgold.gr\/wp-content\/uploads\/2024\/12\/doe-1a.jpg?fit=1000%2C1000&ssl=1\" \/>\n\t<meta property=\"og:image:width\" content=\"1000\" \/>\n\t<meta property=\"og:image:height\" content=\"1000\" \/>\n\t<meta property=\"og:image:type\" content=\"image\/jpeg\" \/>\n<meta name=\"twitter:card\" content=\"summary_large_image\" \/>\n<script type=\"application\/ld+json\" class=\"yoast-schema-graph\">{\"@context\":\"https:\\\/\\\/schema.org\",\"@graph\":[{\"@type\":\"WebPage\",\"@id\":\"https:\\\/\\\/maxgold.gr\\\/de\\\/shop\\\/blaue-opal-ohrhanger-drops-aus-925-sterling-silber-vergoldet-mit-blauen-opalsteinen-copy\\\/\",\"url\":\"https:\\\/\\\/maxgold.gr\\\/de\\\/shop\\\/blaue-opal-ohrhanger-drops-aus-925-sterling-silber-vergoldet-mit-blauen-opalsteinen-copy\\\/\",\"name\":\"Blaue Opal-Ohrh\u00e4nger \\\"Gold Sandena\\\" aus 925er Sterlingsilber, Vergoldet mit Blauen Opalsteinen - Max Gold\",\"isPartOf\":{\"@id\":\"https:\\\/\\\/maxgold.gr\\\/de\\\/#website\"},\"primaryImageOfPage\":{\"@id\":\"https:\\\/\\\/maxgold.gr\\\/de\\\/shop\\\/blaue-opal-ohrhanger-drops-aus-925-sterling-silber-vergoldet-mit-blauen-opalsteinen-copy\\\/#primaryimage\"},\"image\":{\"@id\":\"https:\\\/\\\/maxgold.gr\\\/de\\\/shop\\\/blaue-opal-ohrhanger-drops-aus-925-sterling-silber-vergoldet-mit-blauen-opalsteinen-copy\\\/#primaryimage\"},\"thumbnailUrl\":\"https:\\\/\\\/i0.wp.com\\\/maxgold.gr\\\/wp-content\\\/uploads\\\/2024\\\/12\\\/doe-1a.jpg?fit=1000%2C1000&ssl=1\",\"datePublished\":\"2024-12-14T00:01:52+00:00\",\"dateModified\":\"2024-12-15T00:08:11+00:00\",\"breadcrumb\":{\"@id\":\"https:\\\/\\\/maxgold.gr\\\/de\\\/shop\\\/blaue-opal-ohrhanger-drops-aus-925-sterling-silber-vergoldet-mit-blauen-opalsteinen-copy\\\/#breadcrumb\"},\"inLanguage\":\"de\",\"potentialAction\":[{\"@type\":\"ReadAction\",\"target\":[\"https:\\\/\\\/maxgold.gr\\\/de\\\/shop\\\/blaue-opal-ohrhanger-drops-aus-925-sterling-silber-vergoldet-mit-blauen-opalsteinen-copy\\\/\"]}]},{\"@type\":\"ImageObject\",\"inLanguage\":\"de\",\"@id\":\"https:\\\/\\\/maxgold.gr\\\/de\\\/shop\\\/blaue-opal-ohrhanger-drops-aus-925-sterling-silber-vergoldet-mit-blauen-opalsteinen-copy\\\/#primaryimage\",\"url\":\"https:\\\/\\\/i0.wp.com\\\/maxgold.gr\\\/wp-content\\\/uploads\\\/2024\\\/12\\\/doe-1a.jpg?fit=1000%2C1000&ssl=1\",\"contentUrl\":\"https:\\\/\\\/i0.wp.com\\\/maxgold.gr\\\/wp-content\\\/uploads\\\/2024\\\/12\\\/doe-1a.jpg?fit=1000%2C1000&ssl=1\",\"width\":1000,\"height\":1000},{\"@type\":\"BreadcrumbList\",\"@id\":\"https:\\\/\\\/maxgold.gr\\\/de\\\/shop\\\/blaue-opal-ohrhanger-drops-aus-925-sterling-silber-vergoldet-mit-blauen-opalsteinen-copy\\\/#breadcrumb\",\"itemListElement\":[{\"@type\":\"ListItem\",\"position\":1,\"name\":\"Home\",\"item\":\"https:\\\/\\\/maxgold.gr\\\/de\\\/startseite\\\/\"},{\"@type\":\"ListItem\",\"position\":2,\"name\":\"Gesch\u00e4ft\",\"item\":\"https:\\\/\\\/maxgold.gr\\\/de\\\/%ce%ba%ce%b1%cf%84%ce%ac%cf%83%cf%84%ce%b7%ce%bc%ce%b1\\\/\"},{\"@type\":\"ListItem\",\"position\":3,\"name\":\"Blaue Opal-Ohrh\u00e4nger &#8220;Gold Sandena&#8221; aus 925er Sterlingsilber, Vergoldet mit Blauen Opalsteinen\"}]},{\"@type\":\"WebSite\",\"@id\":\"https:\\\/\\\/maxgold.gr\\\/de\\\/#website\",\"url\":\"https:\\\/\\\/maxgold.gr\\\/de\\\/\",\"name\":\"Max Gold\",\"description\":\"Max Gold\",\"potentialAction\":[{\"@type\":\"SearchAction\",\"target\":{\"@type\":\"EntryPoint\",\"urlTemplate\":\"https:\\\/\\\/maxgold.gr\\\/de\\\/?s={search_term_string}\"},\"query-input\":{\"@type\":\"PropertyValueSpecification\",\"valueRequired\":true,\"valueName\":\"search_term_string\"}}],\"inLanguage\":\"de\"}]}<\/script>\n<!-- \/ Yoast SEO plugin. -->","yoast_head_json":{"title":"Blaue Opal-Ohrh\u00e4nger \"Gold Sandena\" aus 925er Sterlingsilber, Vergoldet mit Blauen Opalsteinen - Max Gold","robots":{"index":"index","follow":"follow","max-snippet":"max-snippet:-1","max-image-preview":"max-image-preview:large","max-video-preview":"max-video-preview:-1"},"canonical":"https:\/\/maxgold.gr\/de\/shop\/blaue-opal-ohrhanger-drops-aus-925-sterling-silber-vergoldet-mit-blauen-opalsteinen-copy\/","og_locale":"de_DE","og_type":"article","og_title":"Blaue Opal-Ohrh\u00e4nger \"Gold Sandena\" aus 925er Sterlingsilber, Vergoldet mit Blauen Opalsteinen - Max Gold","og_description":"Die atemberaubenden blauen Opal-Ohrringe sind aus 925er Sterlingsilber gefertigt. Jedes Paar verf\u00fcgt \u00fcber eine hochwertige Vergoldung, die f\u00fcr Langlebigkeit und einen sch\u00f6nen Glanz sorgt. Die pr\u00e4chtigen blauen Opalsteine, mit denen diese Ohrringe besetzt sind, machen sie einfach einzigartig! &nbsp; Produktdetails Motivma\u00dfe: 2,5cm hoch x 0,6cm breit x 0,3cm tief Gesamtl\u00e4nge: 4cm Edelstein: Blauer Synthetischer Opal [...]","og_url":"https:\/\/maxgold.gr\/de\/shop\/blaue-opal-ohrhanger-drops-aus-925-sterling-silber-vergoldet-mit-blauen-opalsteinen-copy\/","og_site_name":"Max Gold","article_publisher":"https:\/\/www.facebook.com\/people\/Max-Gold\/61561801899896\/","article_modified_time":"2024-12-15T00:08:11+00:00","og_image":[{"width":1000,"height":1000,"url":"https:\/\/i0.wp.com\/maxgold.gr\/wp-content\/uploads\/2024\/12\/doe-1a.jpg?fit=1000%2C1000&ssl=1","type":"image\/jpeg"}],"twitter_card":"summary_large_image","schema":{"@context":"https:\/\/schema.org","@graph":[{"@type":"WebPage","@id":"https:\/\/maxgold.gr\/de\/shop\/blaue-opal-ohrhanger-drops-aus-925-sterling-silber-vergoldet-mit-blauen-opalsteinen-copy\/","url":"https:\/\/maxgold.gr\/de\/shop\/blaue-opal-ohrhanger-drops-aus-925-sterling-silber-vergoldet-mit-blauen-opalsteinen-copy\/","name":"Blaue Opal-Ohrh\u00e4nger \"Gold Sandena\" aus 925er Sterlingsilber, Vergoldet mit Blauen Opalsteinen - Max Gold","isPartOf":{"@id":"https:\/\/maxgold.gr\/de\/#website"},"primaryImageOfPage":{"@id":"https:\/\/maxgold.gr\/de\/shop\/blaue-opal-ohrhanger-drops-aus-925-sterling-silber-vergoldet-mit-blauen-opalsteinen-copy\/#primaryimage"},"image":{"@id":"https:\/\/maxgold.gr\/de\/shop\/blaue-opal-ohrhanger-drops-aus-925-sterling-silber-vergoldet-mit-blauen-opalsteinen-copy\/#primaryimage"},"thumbnailUrl":"https:\/\/i0.wp.com\/maxgold.gr\/wp-content\/uploads\/2024\/12\/doe-1a.jpg?fit=1000%2C1000&ssl=1","datePublished":"2024-12-14T00:01:52+00:00","dateModified":"2024-12-15T00:08:11+00:00","breadcrumb":{"@id":"https:\/\/maxgold.gr\/de\/shop\/blaue-opal-ohrhanger-drops-aus-925-sterling-silber-vergoldet-mit-blauen-opalsteinen-copy\/#breadcrumb"},"inLanguage":"de","potentialAction":[{"@type":"ReadAction","target":["https:\/\/maxgold.gr\/de\/shop\/blaue-opal-ohrhanger-drops-aus-925-sterling-silber-vergoldet-mit-blauen-opalsteinen-copy\/"]}]},{"@type":"ImageObject","inLanguage":"de","@id":"https:\/\/maxgold.gr\/de\/shop\/blaue-opal-ohrhanger-drops-aus-925-sterling-silber-vergoldet-mit-blauen-opalsteinen-copy\/#primaryimage","url":"https:\/\/i0.wp.com\/maxgold.gr\/wp-content\/uploads\/2024\/12\/doe-1a.jpg?fit=1000%2C1000&ssl=1","contentUrl":"https:\/\/i0.wp.com\/maxgold.gr\/wp-content\/uploads\/2024\/12\/doe-1a.jpg?fit=1000%2C1000&ssl=1","width":1000,"height":1000},{"@type":"BreadcrumbList","@id":"https:\/\/maxgold.gr\/de\/shop\/blaue-opal-ohrhanger-drops-aus-925-sterling-silber-vergoldet-mit-blauen-opalsteinen-copy\/#breadcrumb","itemListElement":[{"@type":"ListItem","position":1,"name":"Home","item":"https:\/\/maxgold.gr\/de\/startseite\/"},{"@type":"ListItem","position":2,"name":"Gesch\u00e4ft","item":"https:\/\/maxgold.gr\/de\/%ce%ba%ce%b1%cf%84%ce%ac%cf%83%cf%84%ce%b7%ce%bc%ce%b1\/"},{"@type":"ListItem","position":3,"name":"Blaue Opal-Ohrh\u00e4nger &#8220;Gold Sandena&#8221; aus 925er Sterlingsilber, Vergoldet mit Blauen Opalsteinen"}]},{"@type":"WebSite","@id":"https:\/\/maxgold.gr\/de\/#website","url":"https:\/\/maxgold.gr\/de\/","name":"Max Gold","description":"Max Gold","potentialAction":[{"@type":"SearchAction","target":{"@type":"EntryPoint","urlTemplate":"https:\/\/maxgold.gr\/de\/?s={search_term_string}"},"query-input":{"@type":"PropertyValueSpecification","valueRequired":true,"valueName":"search_term_string"}}],"inLanguage":"de"}]}},"jetpack_sharing_enabled":true,"_links":{"self":[{"href":"https:\/\/maxgold.gr\/de\/wp-json\/wp\/v2\/product\/5061","targetHints":{"allow":["GET"]}}],"collection":[{"href":"https:\/\/maxgold.gr\/de\/wp-json\/wp\/v2\/product"}],"about":[{"href":"https:\/\/maxgold.gr\/de\/wp-json\/wp\/v2\/types\/product"}],"replies":[{"embeddable":true,"href":"https:\/\/maxgold.gr\/de\/wp-json\/wp\/v2\/comments?post=5061"}],"wp:featuredmedia":[{"embeddable":true,"href":"https:\/\/maxgold.gr\/de\/wp-json\/wp\/v2\/media\/5064"}],"wp:attachment":[{"href":"https:\/\/maxgold.gr\/de\/wp-json\/wp\/v2\/media?parent=5061"}],"wp:term":[{"taxonomy":"product_brand","embeddable":true,"href":"https:\/\/maxgold.gr\/de\/wp-json\/wp\/v2\/product_brand?post=5061"},{"taxonomy":"product_cat","embeddable":true,"href":"https:\/\/maxgold.gr\/de\/wp-json\/wp\/v2\/product_cat?post=5061"},{"taxonomy":"product_tag","embeddable":true,"href":"https:\/\/maxgold.gr\/de\/wp-json\/wp\/v2\/product_tag?post=5061"}],"curies":[{"name":"wp","href":"https:\/\/api.w.org\/{rel}","templated":true}]}}