{"id":5195,"date":"2024-12-18T00:49:33","date_gmt":"2024-12-17T21:49:33","guid":{"rendered":"https:\/\/maxgold.gr\/?post_type=product&#038;p=5195"},"modified":"2024-12-18T01:49:10","modified_gmt":"2024-12-17T22:49:10","slug":"griechisches-auge-ohrstecker-soalinas-eye-rose-aus-925-sterling-silber-rose-vergoldet-mit-kubische-zirkonia-copy","status":"publish","type":"product","link":"https:\/\/maxgold.gr\/de\/shop\/griechisches-auge-ohrstecker-soalinas-eye-rose-aus-925-sterling-silber-rose-vergoldet-mit-kubische-zirkonia-copy\/","title":{"rendered":"Ohrstecker mit Fatimas Hand &#8222;Rose Hamsa&#8220; aus 925er Sterlingsilber Rose-vergoldet mit Zirkonia"},"content":{"rendered":"<p>&#8211; <\/p>\n<h4><\/h4>\n<h4><strong>Produktdetails<\/strong><\/h4>\n<p><strong>Ma\u00dfe:<\/strong> 1cm hoch x 1cm breit x 0,2cm tief + 1,1cm Stift<\/p>\n<p><strong>Edelstein: <\/strong>Kubische Zirkonia<\/p>\n<p><strong>Stil:<\/strong> Ohrstecker<\/p>\n<p><strong>Metall:<\/strong> Sterling Silber (925)<\/p>\n<p><strong>Metallstempel:<\/strong> 925<\/p>\n<p><strong>Beschichtung: <\/strong>Rose-vergoldet<\/p>\n<p><strong>Verschl\u00fcsse: <\/strong>Steckverschluss<\/p>\n","protected":false},"excerpt":{"rendered":"<p><span style=\"color: #000000;\">Die &#8222;Soalinas Eye Rose&#8220; Ohrringe sind ein stilvolles Accessoire aus 925 Sterling Silber, ros\u00e9vergoldet und mit kubischen Zirkonia verziert. Die ros\u00e9vergoldete Farbe verleiht einen Hauch von Eleganz, w\u00e4hrend das Motiv des Griechisches Auges ein Gef\u00fchl von Mystik und Schutz vermittelt.<br \/>\n<\/span><\/p>\n<p><span style=\"color: #000000;\"> <\/span><\/p>\n","protected":false},"featured_media":5197,"comment_status":"open","ping_status":"closed","template":"","meta":[],"product_brand":[],"product_cat":[439,434,432,431,433,468,728,435],"product_tag":[692,691,448,441,469,442],"class_list":{"0":"post-5195","1":"product","2":"type-product","3":"status-publish","4":"has-post-thumbnail","6":"product_cat-damenschmuck","7":"product_cat-metall","8":"product_cat-neu-ankommen","9":"product_cat-ohrringe","10":"product_cat-ohrstecker","11":"product_cat-ohrstecker-rose-vergoldet","12":"product_cat-rose-vergoldet","13":"product_cat-sterling-silber-925","14":"product_tag-hamsa-de","15":"product_tag-hand-der-fatima","16":"product_tag-kubischer-zirkoniumdioxid","17":"product_tag-ohrstecker","18":"product_tag-rose-vergoldet","19":"product_tag-sterling-silber-925","21":"first","22":"instock","23":"taxable","24":"shipping-taxable","25":"purchasable","26":"product-type-simple","27":"add-to-wishlist-before_add_to_cart"},"yoast_head":"<!-- This site is optimized with the Yoast SEO plugin v27.5 - https:\/\/yoast.com\/product\/yoast-seo-wordpress\/ -->\n<title>Ohrstecker mit Fatimas Hand &quot;Rose Hamsa&quot; aus 925er Sterlingsilber Rose-vergoldet mit Zirkonia - Max Gold<\/title>\n<meta name=\"robots\" content=\"index, follow, max-snippet:-1, max-image-preview:large, max-video-preview:-1\" \/>\n<link rel=\"canonical\" href=\"https:\/\/maxgold.gr\/de\/shop\/griechisches-auge-ohrstecker-soalinas-eye-rose-aus-925-sterling-silber-rose-vergoldet-mit-kubische-zirkonia-copy\/\" \/>\n<meta property=\"og:locale\" content=\"de_DE\" \/>\n<meta property=\"og:type\" content=\"article\" \/>\n<meta property=\"og:title\" content=\"Ohrstecker mit Fatimas Hand &quot;Rose Hamsa&quot; aus 925er Sterlingsilber Rose-vergoldet mit Zirkonia - Max Gold\" \/>\n<meta property=\"og:description\" content=\"Die &quot;Soalinas Eye Rose&quot; Ohrringe sind ein stilvolles Accessoire aus 925 Sterling Silber, ros\u00e9vergoldet und mit kubischen Zirkonia verziert. Die ros\u00e9vergoldete Farbe verleiht einen Hauch von Eleganz, w\u00e4hrend das Motiv des Griechisches Auges ein Gef\u00fchl von Mystik und Schutz vermittelt.\" \/>\n<meta property=\"og:url\" content=\"https:\/\/maxgold.gr\/de\/shop\/griechisches-auge-ohrstecker-soalinas-eye-rose-aus-925-sterling-silber-rose-vergoldet-mit-kubische-zirkonia-copy\/\" \/>\n<meta property=\"og:site_name\" content=\"Max Gold\" \/>\n<meta property=\"article:publisher\" content=\"https:\/\/www.facebook.com\/people\/Max-Gold\/61561801899896\/\" \/>\n<meta property=\"article:modified_time\" content=\"2024-12-17T22:49:10+00:00\" \/>\n<meta property=\"og:image\" content=\"https:\/\/i0.wp.com\/maxgold.gr\/wp-content\/uploads\/2024\/12\/sser-1b.jpg?fit=1000%2C1000&ssl=1\" \/>\n\t<meta property=\"og:image:width\" content=\"1000\" \/>\n\t<meta property=\"og:image:height\" content=\"1000\" \/>\n\t<meta property=\"og:image:type\" content=\"image\/jpeg\" \/>\n<meta name=\"twitter:card\" content=\"summary_large_image\" \/>\n<script type=\"application\/ld+json\" class=\"yoast-schema-graph\">{\"@context\":\"https:\\\/\\\/schema.org\",\"@graph\":[{\"@type\":\"WebPage\",\"@id\":\"https:\\\/\\\/maxgold.gr\\\/de\\\/shop\\\/griechisches-auge-ohrstecker-soalinas-eye-rose-aus-925-sterling-silber-rose-vergoldet-mit-kubische-zirkonia-copy\\\/\",\"url\":\"https:\\\/\\\/maxgold.gr\\\/de\\\/shop\\\/griechisches-auge-ohrstecker-soalinas-eye-rose-aus-925-sterling-silber-rose-vergoldet-mit-kubische-zirkonia-copy\\\/\",\"name\":\"Ohrstecker mit Fatimas Hand \\\"Rose Hamsa\\\" aus 925er Sterlingsilber Rose-vergoldet mit Zirkonia - Max Gold\",\"isPartOf\":{\"@id\":\"https:\\\/\\\/maxgold.gr\\\/de\\\/#website\"},\"primaryImageOfPage\":{\"@id\":\"https:\\\/\\\/maxgold.gr\\\/de\\\/shop\\\/griechisches-auge-ohrstecker-soalinas-eye-rose-aus-925-sterling-silber-rose-vergoldet-mit-kubische-zirkonia-copy\\\/#primaryimage\"},\"image\":{\"@id\":\"https:\\\/\\\/maxgold.gr\\\/de\\\/shop\\\/griechisches-auge-ohrstecker-soalinas-eye-rose-aus-925-sterling-silber-rose-vergoldet-mit-kubische-zirkonia-copy\\\/#primaryimage\"},\"thumbnailUrl\":\"https:\\\/\\\/i0.wp.com\\\/maxgold.gr\\\/wp-content\\\/uploads\\\/2024\\\/12\\\/sser-1b.jpg?fit=1000%2C1000&ssl=1\",\"datePublished\":\"2024-12-17T21:49:33+00:00\",\"dateModified\":\"2024-12-17T22:49:10+00:00\",\"breadcrumb\":{\"@id\":\"https:\\\/\\\/maxgold.gr\\\/de\\\/shop\\\/griechisches-auge-ohrstecker-soalinas-eye-rose-aus-925-sterling-silber-rose-vergoldet-mit-kubische-zirkonia-copy\\\/#breadcrumb\"},\"inLanguage\":\"de\",\"potentialAction\":[{\"@type\":\"ReadAction\",\"target\":[\"https:\\\/\\\/maxgold.gr\\\/de\\\/shop\\\/griechisches-auge-ohrstecker-soalinas-eye-rose-aus-925-sterling-silber-rose-vergoldet-mit-kubische-zirkonia-copy\\\/\"]}]},{\"@type\":\"ImageObject\",\"inLanguage\":\"de\",\"@id\":\"https:\\\/\\\/maxgold.gr\\\/de\\\/shop\\\/griechisches-auge-ohrstecker-soalinas-eye-rose-aus-925-sterling-silber-rose-vergoldet-mit-kubische-zirkonia-copy\\\/#primaryimage\",\"url\":\"https:\\\/\\\/i0.wp.com\\\/maxgold.gr\\\/wp-content\\\/uploads\\\/2024\\\/12\\\/sser-1b.jpg?fit=1000%2C1000&ssl=1\",\"contentUrl\":\"https:\\\/\\\/i0.wp.com\\\/maxgold.gr\\\/wp-content\\\/uploads\\\/2024\\\/12\\\/sser-1b.jpg?fit=1000%2C1000&ssl=1\",\"width\":1000,\"height\":1000,\"caption\":\"Rose Earrings Hand of Fatima, \\\"Rose Hamsa\\\" made of Silver\"},{\"@type\":\"BreadcrumbList\",\"@id\":\"https:\\\/\\\/maxgold.gr\\\/de\\\/shop\\\/griechisches-auge-ohrstecker-soalinas-eye-rose-aus-925-sterling-silber-rose-vergoldet-mit-kubische-zirkonia-copy\\\/#breadcrumb\",\"itemListElement\":[{\"@type\":\"ListItem\",\"position\":1,\"name\":\"Home\",\"item\":\"https:\\\/\\\/maxgold.gr\\\/de\\\/startseite\\\/\"},{\"@type\":\"ListItem\",\"position\":2,\"name\":\"Gesch\u00e4ft\",\"item\":\"https:\\\/\\\/maxgold.gr\\\/de\\\/%ce%ba%ce%b1%cf%84%ce%ac%cf%83%cf%84%ce%b7%ce%bc%ce%b1\\\/\"},{\"@type\":\"ListItem\",\"position\":3,\"name\":\"Ohrstecker mit Fatimas Hand &#8220;Rose Hamsa&#8221; aus 925er Sterlingsilber Rose-vergoldet mit Zirkonia\"}]},{\"@type\":\"WebSite\",\"@id\":\"https:\\\/\\\/maxgold.gr\\\/de\\\/#website\",\"url\":\"https:\\\/\\\/maxgold.gr\\\/de\\\/\",\"name\":\"Max Gold\",\"description\":\"Max Gold\",\"potentialAction\":[{\"@type\":\"SearchAction\",\"target\":{\"@type\":\"EntryPoint\",\"urlTemplate\":\"https:\\\/\\\/maxgold.gr\\\/de\\\/?s={search_term_string}\"},\"query-input\":{\"@type\":\"PropertyValueSpecification\",\"valueRequired\":true,\"valueName\":\"search_term_string\"}}],\"inLanguage\":\"de\"}]}<\/script>\n<!-- \/ Yoast SEO plugin. -->","yoast_head_json":{"title":"Ohrstecker mit Fatimas Hand \"Rose Hamsa\" aus 925er Sterlingsilber Rose-vergoldet mit Zirkonia - Max Gold","robots":{"index":"index","follow":"follow","max-snippet":"max-snippet:-1","max-image-preview":"max-image-preview:large","max-video-preview":"max-video-preview:-1"},"canonical":"https:\/\/maxgold.gr\/de\/shop\/griechisches-auge-ohrstecker-soalinas-eye-rose-aus-925-sterling-silber-rose-vergoldet-mit-kubische-zirkonia-copy\/","og_locale":"de_DE","og_type":"article","og_title":"Ohrstecker mit Fatimas Hand \"Rose Hamsa\" aus 925er Sterlingsilber Rose-vergoldet mit Zirkonia - Max Gold","og_description":"Die \"Soalinas Eye Rose\" Ohrringe sind ein stilvolles Accessoire aus 925 Sterling Silber, ros\u00e9vergoldet und mit kubischen Zirkonia verziert. Die ros\u00e9vergoldete Farbe verleiht einen Hauch von Eleganz, w\u00e4hrend das Motiv des Griechisches Auges ein Gef\u00fchl von Mystik und Schutz vermittelt.","og_url":"https:\/\/maxgold.gr\/de\/shop\/griechisches-auge-ohrstecker-soalinas-eye-rose-aus-925-sterling-silber-rose-vergoldet-mit-kubische-zirkonia-copy\/","og_site_name":"Max Gold","article_publisher":"https:\/\/www.facebook.com\/people\/Max-Gold\/61561801899896\/","article_modified_time":"2024-12-17T22:49:10+00:00","og_image":[{"width":1000,"height":1000,"url":"https:\/\/i0.wp.com\/maxgold.gr\/wp-content\/uploads\/2024\/12\/sser-1b.jpg?fit=1000%2C1000&ssl=1","type":"image\/jpeg"}],"twitter_card":"summary_large_image","schema":{"@context":"https:\/\/schema.org","@graph":[{"@type":"WebPage","@id":"https:\/\/maxgold.gr\/de\/shop\/griechisches-auge-ohrstecker-soalinas-eye-rose-aus-925-sterling-silber-rose-vergoldet-mit-kubische-zirkonia-copy\/","url":"https:\/\/maxgold.gr\/de\/shop\/griechisches-auge-ohrstecker-soalinas-eye-rose-aus-925-sterling-silber-rose-vergoldet-mit-kubische-zirkonia-copy\/","name":"Ohrstecker mit Fatimas Hand \"Rose Hamsa\" aus 925er Sterlingsilber Rose-vergoldet mit Zirkonia - Max Gold","isPartOf":{"@id":"https:\/\/maxgold.gr\/de\/#website"},"primaryImageOfPage":{"@id":"https:\/\/maxgold.gr\/de\/shop\/griechisches-auge-ohrstecker-soalinas-eye-rose-aus-925-sterling-silber-rose-vergoldet-mit-kubische-zirkonia-copy\/#primaryimage"},"image":{"@id":"https:\/\/maxgold.gr\/de\/shop\/griechisches-auge-ohrstecker-soalinas-eye-rose-aus-925-sterling-silber-rose-vergoldet-mit-kubische-zirkonia-copy\/#primaryimage"},"thumbnailUrl":"https:\/\/i0.wp.com\/maxgold.gr\/wp-content\/uploads\/2024\/12\/sser-1b.jpg?fit=1000%2C1000&ssl=1","datePublished":"2024-12-17T21:49:33+00:00","dateModified":"2024-12-17T22:49:10+00:00","breadcrumb":{"@id":"https:\/\/maxgold.gr\/de\/shop\/griechisches-auge-ohrstecker-soalinas-eye-rose-aus-925-sterling-silber-rose-vergoldet-mit-kubische-zirkonia-copy\/#breadcrumb"},"inLanguage":"de","potentialAction":[{"@type":"ReadAction","target":["https:\/\/maxgold.gr\/de\/shop\/griechisches-auge-ohrstecker-soalinas-eye-rose-aus-925-sterling-silber-rose-vergoldet-mit-kubische-zirkonia-copy\/"]}]},{"@type":"ImageObject","inLanguage":"de","@id":"https:\/\/maxgold.gr\/de\/shop\/griechisches-auge-ohrstecker-soalinas-eye-rose-aus-925-sterling-silber-rose-vergoldet-mit-kubische-zirkonia-copy\/#primaryimage","url":"https:\/\/i0.wp.com\/maxgold.gr\/wp-content\/uploads\/2024\/12\/sser-1b.jpg?fit=1000%2C1000&ssl=1","contentUrl":"https:\/\/i0.wp.com\/maxgold.gr\/wp-content\/uploads\/2024\/12\/sser-1b.jpg?fit=1000%2C1000&ssl=1","width":1000,"height":1000,"caption":"Rose Earrings Hand of Fatima, \"Rose Hamsa\" made of Silver"},{"@type":"BreadcrumbList","@id":"https:\/\/maxgold.gr\/de\/shop\/griechisches-auge-ohrstecker-soalinas-eye-rose-aus-925-sterling-silber-rose-vergoldet-mit-kubische-zirkonia-copy\/#breadcrumb","itemListElement":[{"@type":"ListItem","position":1,"name":"Home","item":"https:\/\/maxgold.gr\/de\/startseite\/"},{"@type":"ListItem","position":2,"name":"Gesch\u00e4ft","item":"https:\/\/maxgold.gr\/de\/%ce%ba%ce%b1%cf%84%ce%ac%cf%83%cf%84%ce%b7%ce%bc%ce%b1\/"},{"@type":"ListItem","position":3,"name":"Ohrstecker mit Fatimas Hand &#8220;Rose Hamsa&#8221; aus 925er Sterlingsilber Rose-vergoldet mit Zirkonia"}]},{"@type":"WebSite","@id":"https:\/\/maxgold.gr\/de\/#website","url":"https:\/\/maxgold.gr\/de\/","name":"Max Gold","description":"Max Gold","potentialAction":[{"@type":"SearchAction","target":{"@type":"EntryPoint","urlTemplate":"https:\/\/maxgold.gr\/de\/?s={search_term_string}"},"query-input":{"@type":"PropertyValueSpecification","valueRequired":true,"valueName":"search_term_string"}}],"inLanguage":"de"}]}},"jetpack_sharing_enabled":true,"_links":{"self":[{"href":"https:\/\/maxgold.gr\/de\/wp-json\/wp\/v2\/product\/5195","targetHints":{"allow":["GET"]}}],"collection":[{"href":"https:\/\/maxgold.gr\/de\/wp-json\/wp\/v2\/product"}],"about":[{"href":"https:\/\/maxgold.gr\/de\/wp-json\/wp\/v2\/types\/product"}],"replies":[{"embeddable":true,"href":"https:\/\/maxgold.gr\/de\/wp-json\/wp\/v2\/comments?post=5195"}],"wp:featuredmedia":[{"embeddable":true,"href":"https:\/\/maxgold.gr\/de\/wp-json\/wp\/v2\/media\/5197"}],"wp:attachment":[{"href":"https:\/\/maxgold.gr\/de\/wp-json\/wp\/v2\/media?parent=5195"}],"wp:term":[{"taxonomy":"product_brand","embeddable":true,"href":"https:\/\/maxgold.gr\/de\/wp-json\/wp\/v2\/product_brand?post=5195"},{"taxonomy":"product_cat","embeddable":true,"href":"https:\/\/maxgold.gr\/de\/wp-json\/wp\/v2\/product_cat?post=5195"},{"taxonomy":"product_tag","embeddable":true,"href":"https:\/\/maxgold.gr\/de\/wp-json\/wp\/v2\/product_tag?post=5195"}],"curies":[{"name":"wp","href":"https:\/\/api.w.org\/{rel}","templated":true}]}}