{"id":5310,"date":"2024-12-21T03:40:58","date_gmt":"2024-12-21T00:40:58","guid":{"rendered":"https:\/\/maxgold.gr\/?post_type=product&#038;p=5310"},"modified":"2024-12-21T03:57:05","modified_gmt":"2024-12-21T00:57:05","slug":"anhanger-groses-seepferdchen-vergoldet-925-sterling-silber-vergoldet-mit-blauen-opalsteinen-copy","status":"publish","type":"product","link":"https:\/\/maxgold.gr\/de\/shop\/anhanger-groses-seepferdchen-vergoldet-925-sterling-silber-vergoldet-mit-blauen-opalsteinen-copy\/","title":{"rendered":"Anh\u00e4nger &#8222;Kleines Vergoldetes Seepferdchen&#8220;, aus 925 Sterling Silber, Vergoldet, mit Blauen Opalsteinen"},"content":{"rendered":"<p>Entdecken Sie die Sch\u00f6nheit unseres kleinen vergoldeten Seepferdchenanh\u00e4ngers, ein perfektes Accessoire f\u00fcr Meeresliebhaber. <\/p>\n<p>&nbsp;<\/p>\n<h4><strong>Produktdetails<\/strong><\/h4>\n<p><strong>Abmessungen des Anh\u00e4ngers:<\/strong> 2,5cm hoch x 1,0cm breit x 0,1cm tief <\/p>\n<p><strong>Anh\u00e4nger Edelstein:<\/strong> Synthetischer blauer Opal<\/p>\n<p><strong>Metall:<\/strong> Sterling Silber (925)<\/p>\n<p><strong>Metallstempel:<\/strong> 925<\/p>\n<p><strong>Beschichtung: <\/strong>Vergoldet<\/p>\n<p>&nbsp;<\/p>\n","protected":false},"excerpt":{"rendered":"<p>Entdecken Sie die Sch\u00f6nheit unseres kleinen vergoldeten Seepferdchenanh\u00e4ngers, ein perfektes Accessoire f\u00fcr Meeresliebhaber. &nbsp; Produktdetails Abmessungen des Anh\u00e4ngers: 2,5cm hoch x 1,0cm breit x 0,1cm tief Anh\u00e4nger Edelstein: Synthetischer blauer Opal Metall: Sterling Silber (925) Metallstempel: 925 Beschichtung: Vergoldet &nbsp;<\/p>\n","protected":false},"featured_media":5313,"comment_status":"open","ping_status":"closed","template":"","meta":[],"product_brand":[],"product_cat":[532,439,516,434,432,435,466,624,510,470,724,511,535],"product_tag":[596,445,563,568,605,442,587,576],"class_list":{"0":"post-5310","1":"product","2":"type-product","3":"status-publish","4":"has-post-thumbnail","6":"product_cat-anhaenger-charms","7":"product_cat-damenschmuck","8":"product_cat-halsketten-anhaenger","9":"product_cat-metall","10":"product_cat-neu-ankommen","11":"product_cat-sterling-silber-925","12":"product_cat-suesse-tiere","13":"product_cat-synthetischer","14":"product_cat-synthetischer-opal-vergoldet","15":"product_cat-kuenstliche-opal","16":"product_cat-vergoldet","17":"product_cat-vergoldete-anhaenger-charms-mit-synthetischem-opal","18":"product_cat-vergoldete-opalanhaenger-charms","19":"product_tag-anhaenger-de","20":"product_tag-blau","21":"product_tag-blauer-opal","22":"product_tag-charms-de","23":"product_tag-seepferdchen","24":"product_tag-sterling-silber-925","25":"product_tag-tiere","26":"product_tag-vergoldet","28":"first","29":"instock","30":"taxable","31":"shipping-taxable","32":"purchasable","33":"product-type-simple","34":"add-to-wishlist-before_add_to_cart"},"yoast_head":"<!-- This site is optimized with the Yoast SEO plugin v27.5 - https:\/\/yoast.com\/product\/yoast-seo-wordpress\/ -->\n<title>Anh\u00e4nger &quot;Kleines Vergoldetes Seepferdchen&quot;, aus 925 Sterling Silber, Vergoldet, mit Blauen Opalsteinen - Max Gold<\/title>\n<meta name=\"robots\" content=\"index, follow, max-snippet:-1, max-image-preview:large, max-video-preview:-1\" \/>\n<link rel=\"canonical\" href=\"https:\/\/maxgold.gr\/de\/shop\/anhanger-groses-seepferdchen-vergoldet-925-sterling-silber-vergoldet-mit-blauen-opalsteinen-copy\/\" \/>\n<meta property=\"og:locale\" content=\"de_DE\" \/>\n<meta property=\"og:type\" content=\"article\" \/>\n<meta property=\"og:title\" content=\"Anh\u00e4nger &quot;Kleines Vergoldetes Seepferdchen&quot;, aus 925 Sterling Silber, Vergoldet, mit Blauen Opalsteinen - Max Gold\" \/>\n<meta property=\"og:description\" content=\"Entdecken Sie die Sch\u00f6nheit unseres kleinen vergoldeten Seepferdchenanh\u00e4ngers, ein perfektes Accessoire f\u00fcr Meeresliebhaber. &nbsp; Produktdetails Abmessungen des Anh\u00e4ngers: 2,5cm hoch x 1,0cm breit x 0,1cm tief Anh\u00e4nger Edelstein: Synthetischer blauer Opal Metall: Sterling Silber (925) Metallstempel: 925 Beschichtung: Vergoldet &nbsp;\" \/>\n<meta property=\"og:url\" content=\"https:\/\/maxgold.gr\/de\/shop\/anhanger-groses-seepferdchen-vergoldet-925-sterling-silber-vergoldet-mit-blauen-opalsteinen-copy\/\" \/>\n<meta property=\"og:site_name\" content=\"Max Gold\" \/>\n<meta property=\"article:publisher\" content=\"https:\/\/www.facebook.com\/people\/Max-Gold\/61561801899896\/\" \/>\n<meta property=\"article:modified_time\" content=\"2024-12-21T00:57:05+00:00\" \/>\n<meta property=\"og:image\" content=\"https:\/\/i0.wp.com\/maxgold.gr\/wp-content\/uploads\/2024\/12\/op-11-2tem-1040E-15cmx06x01.jpg?fit=1000%2C1000&ssl=1\" \/>\n\t<meta property=\"og:image:width\" content=\"1000\" \/>\n\t<meta property=\"og:image:height\" content=\"1000\" \/>\n\t<meta property=\"og:image:type\" content=\"image\/jpeg\" \/>\n<meta name=\"twitter:card\" content=\"summary_large_image\" \/>\n<script type=\"application\/ld+json\" class=\"yoast-schema-graph\">{\"@context\":\"https:\\\/\\\/schema.org\",\"@graph\":[{\"@type\":\"WebPage\",\"@id\":\"https:\\\/\\\/maxgold.gr\\\/de\\\/shop\\\/anhanger-groses-seepferdchen-vergoldet-925-sterling-silber-vergoldet-mit-blauen-opalsteinen-copy\\\/\",\"url\":\"https:\\\/\\\/maxgold.gr\\\/de\\\/shop\\\/anhanger-groses-seepferdchen-vergoldet-925-sterling-silber-vergoldet-mit-blauen-opalsteinen-copy\\\/\",\"name\":\"Anh\u00e4nger \\\"Kleines Vergoldetes Seepferdchen\\\", aus 925 Sterling Silber, Vergoldet, mit Blauen Opalsteinen - Max Gold\",\"isPartOf\":{\"@id\":\"https:\\\/\\\/maxgold.gr\\\/de\\\/#website\"},\"primaryImageOfPage\":{\"@id\":\"https:\\\/\\\/maxgold.gr\\\/de\\\/shop\\\/anhanger-groses-seepferdchen-vergoldet-925-sterling-silber-vergoldet-mit-blauen-opalsteinen-copy\\\/#primaryimage\"},\"image\":{\"@id\":\"https:\\\/\\\/maxgold.gr\\\/de\\\/shop\\\/anhanger-groses-seepferdchen-vergoldet-925-sterling-silber-vergoldet-mit-blauen-opalsteinen-copy\\\/#primaryimage\"},\"thumbnailUrl\":\"https:\\\/\\\/i0.wp.com\\\/maxgold.gr\\\/wp-content\\\/uploads\\\/2024\\\/12\\\/op-11-2tem-1040E-15cmx06x01.jpg?fit=1000%2C1000&ssl=1\",\"datePublished\":\"2024-12-21T00:40:58+00:00\",\"dateModified\":\"2024-12-21T00:57:05+00:00\",\"breadcrumb\":{\"@id\":\"https:\\\/\\\/maxgold.gr\\\/de\\\/shop\\\/anhanger-groses-seepferdchen-vergoldet-925-sterling-silber-vergoldet-mit-blauen-opalsteinen-copy\\\/#breadcrumb\"},\"inLanguage\":\"de\",\"potentialAction\":[{\"@type\":\"ReadAction\",\"target\":[\"https:\\\/\\\/maxgold.gr\\\/de\\\/shop\\\/anhanger-groses-seepferdchen-vergoldet-925-sterling-silber-vergoldet-mit-blauen-opalsteinen-copy\\\/\"]}]},{\"@type\":\"ImageObject\",\"inLanguage\":\"de\",\"@id\":\"https:\\\/\\\/maxgold.gr\\\/de\\\/shop\\\/anhanger-groses-seepferdchen-vergoldet-925-sterling-silber-vergoldet-mit-blauen-opalsteinen-copy\\\/#primaryimage\",\"url\":\"https:\\\/\\\/i0.wp.com\\\/maxgold.gr\\\/wp-content\\\/uploads\\\/2024\\\/12\\\/op-11-2tem-1040E-15cmx06x01.jpg?fit=1000%2C1000&ssl=1\",\"contentUrl\":\"https:\\\/\\\/i0.wp.com\\\/maxgold.gr\\\/wp-content\\\/uploads\\\/2024\\\/12\\\/op-11-2tem-1040E-15cmx06x01.jpg?fit=1000%2C1000&ssl=1\",\"width\":1000,\"height\":1000},{\"@type\":\"BreadcrumbList\",\"@id\":\"https:\\\/\\\/maxgold.gr\\\/de\\\/shop\\\/anhanger-groses-seepferdchen-vergoldet-925-sterling-silber-vergoldet-mit-blauen-opalsteinen-copy\\\/#breadcrumb\",\"itemListElement\":[{\"@type\":\"ListItem\",\"position\":1,\"name\":\"Home\",\"item\":\"https:\\\/\\\/maxgold.gr\\\/de\\\/startseite\\\/\"},{\"@type\":\"ListItem\",\"position\":2,\"name\":\"Gesch\u00e4ft\",\"item\":\"https:\\\/\\\/maxgold.gr\\\/de\\\/%ce%ba%ce%b1%cf%84%ce%ac%cf%83%cf%84%ce%b7%ce%bc%ce%b1\\\/\"},{\"@type\":\"ListItem\",\"position\":3,\"name\":\"Anh\u00e4nger &#8220;Kleines Vergoldetes Seepferdchen&#8221;, aus 925 Sterling Silber, Vergoldet, mit Blauen Opalsteinen\"}]},{\"@type\":\"WebSite\",\"@id\":\"https:\\\/\\\/maxgold.gr\\\/de\\\/#website\",\"url\":\"https:\\\/\\\/maxgold.gr\\\/de\\\/\",\"name\":\"Max Gold\",\"description\":\"Max Gold\",\"potentialAction\":[{\"@type\":\"SearchAction\",\"target\":{\"@type\":\"EntryPoint\",\"urlTemplate\":\"https:\\\/\\\/maxgold.gr\\\/de\\\/?s={search_term_string}\"},\"query-input\":{\"@type\":\"PropertyValueSpecification\",\"valueRequired\":true,\"valueName\":\"search_term_string\"}}],\"inLanguage\":\"de\"}]}<\/script>\n<!-- \/ Yoast SEO plugin. -->","yoast_head_json":{"title":"Anh\u00e4nger \"Kleines Vergoldetes Seepferdchen\", aus 925 Sterling Silber, Vergoldet, mit Blauen Opalsteinen - Max Gold","robots":{"index":"index","follow":"follow","max-snippet":"max-snippet:-1","max-image-preview":"max-image-preview:large","max-video-preview":"max-video-preview:-1"},"canonical":"https:\/\/maxgold.gr\/de\/shop\/anhanger-groses-seepferdchen-vergoldet-925-sterling-silber-vergoldet-mit-blauen-opalsteinen-copy\/","og_locale":"de_DE","og_type":"article","og_title":"Anh\u00e4nger \"Kleines Vergoldetes Seepferdchen\", aus 925 Sterling Silber, Vergoldet, mit Blauen Opalsteinen - Max Gold","og_description":"Entdecken Sie die Sch\u00f6nheit unseres kleinen vergoldeten Seepferdchenanh\u00e4ngers, ein perfektes Accessoire f\u00fcr Meeresliebhaber. &nbsp; Produktdetails Abmessungen des Anh\u00e4ngers: 2,5cm hoch x 1,0cm breit x 0,1cm tief Anh\u00e4nger Edelstein: Synthetischer blauer Opal Metall: Sterling Silber (925) Metallstempel: 925 Beschichtung: Vergoldet &nbsp;","og_url":"https:\/\/maxgold.gr\/de\/shop\/anhanger-groses-seepferdchen-vergoldet-925-sterling-silber-vergoldet-mit-blauen-opalsteinen-copy\/","og_site_name":"Max Gold","article_publisher":"https:\/\/www.facebook.com\/people\/Max-Gold\/61561801899896\/","article_modified_time":"2024-12-21T00:57:05+00:00","og_image":[{"width":1000,"height":1000,"url":"https:\/\/i0.wp.com\/maxgold.gr\/wp-content\/uploads\/2024\/12\/op-11-2tem-1040E-15cmx06x01.jpg?fit=1000%2C1000&ssl=1","type":"image\/jpeg"}],"twitter_card":"summary_large_image","schema":{"@context":"https:\/\/schema.org","@graph":[{"@type":"WebPage","@id":"https:\/\/maxgold.gr\/de\/shop\/anhanger-groses-seepferdchen-vergoldet-925-sterling-silber-vergoldet-mit-blauen-opalsteinen-copy\/","url":"https:\/\/maxgold.gr\/de\/shop\/anhanger-groses-seepferdchen-vergoldet-925-sterling-silber-vergoldet-mit-blauen-opalsteinen-copy\/","name":"Anh\u00e4nger \"Kleines Vergoldetes Seepferdchen\", aus 925 Sterling Silber, Vergoldet, mit Blauen Opalsteinen - Max Gold","isPartOf":{"@id":"https:\/\/maxgold.gr\/de\/#website"},"primaryImageOfPage":{"@id":"https:\/\/maxgold.gr\/de\/shop\/anhanger-groses-seepferdchen-vergoldet-925-sterling-silber-vergoldet-mit-blauen-opalsteinen-copy\/#primaryimage"},"image":{"@id":"https:\/\/maxgold.gr\/de\/shop\/anhanger-groses-seepferdchen-vergoldet-925-sterling-silber-vergoldet-mit-blauen-opalsteinen-copy\/#primaryimage"},"thumbnailUrl":"https:\/\/i0.wp.com\/maxgold.gr\/wp-content\/uploads\/2024\/12\/op-11-2tem-1040E-15cmx06x01.jpg?fit=1000%2C1000&ssl=1","datePublished":"2024-12-21T00:40:58+00:00","dateModified":"2024-12-21T00:57:05+00:00","breadcrumb":{"@id":"https:\/\/maxgold.gr\/de\/shop\/anhanger-groses-seepferdchen-vergoldet-925-sterling-silber-vergoldet-mit-blauen-opalsteinen-copy\/#breadcrumb"},"inLanguage":"de","potentialAction":[{"@type":"ReadAction","target":["https:\/\/maxgold.gr\/de\/shop\/anhanger-groses-seepferdchen-vergoldet-925-sterling-silber-vergoldet-mit-blauen-opalsteinen-copy\/"]}]},{"@type":"ImageObject","inLanguage":"de","@id":"https:\/\/maxgold.gr\/de\/shop\/anhanger-groses-seepferdchen-vergoldet-925-sterling-silber-vergoldet-mit-blauen-opalsteinen-copy\/#primaryimage","url":"https:\/\/i0.wp.com\/maxgold.gr\/wp-content\/uploads\/2024\/12\/op-11-2tem-1040E-15cmx06x01.jpg?fit=1000%2C1000&ssl=1","contentUrl":"https:\/\/i0.wp.com\/maxgold.gr\/wp-content\/uploads\/2024\/12\/op-11-2tem-1040E-15cmx06x01.jpg?fit=1000%2C1000&ssl=1","width":1000,"height":1000},{"@type":"BreadcrumbList","@id":"https:\/\/maxgold.gr\/de\/shop\/anhanger-groses-seepferdchen-vergoldet-925-sterling-silber-vergoldet-mit-blauen-opalsteinen-copy\/#breadcrumb","itemListElement":[{"@type":"ListItem","position":1,"name":"Home","item":"https:\/\/maxgold.gr\/de\/startseite\/"},{"@type":"ListItem","position":2,"name":"Gesch\u00e4ft","item":"https:\/\/maxgold.gr\/de\/%ce%ba%ce%b1%cf%84%ce%ac%cf%83%cf%84%ce%b7%ce%bc%ce%b1\/"},{"@type":"ListItem","position":3,"name":"Anh\u00e4nger &#8220;Kleines Vergoldetes Seepferdchen&#8221;, aus 925 Sterling Silber, Vergoldet, mit Blauen Opalsteinen"}]},{"@type":"WebSite","@id":"https:\/\/maxgold.gr\/de\/#website","url":"https:\/\/maxgold.gr\/de\/","name":"Max Gold","description":"Max Gold","potentialAction":[{"@type":"SearchAction","target":{"@type":"EntryPoint","urlTemplate":"https:\/\/maxgold.gr\/de\/?s={search_term_string}"},"query-input":{"@type":"PropertyValueSpecification","valueRequired":true,"valueName":"search_term_string"}}],"inLanguage":"de"}]}},"jetpack_sharing_enabled":true,"_links":{"self":[{"href":"https:\/\/maxgold.gr\/de\/wp-json\/wp\/v2\/product\/5310","targetHints":{"allow":["GET"]}}],"collection":[{"href":"https:\/\/maxgold.gr\/de\/wp-json\/wp\/v2\/product"}],"about":[{"href":"https:\/\/maxgold.gr\/de\/wp-json\/wp\/v2\/types\/product"}],"replies":[{"embeddable":true,"href":"https:\/\/maxgold.gr\/de\/wp-json\/wp\/v2\/comments?post=5310"}],"wp:featuredmedia":[{"embeddable":true,"href":"https:\/\/maxgold.gr\/de\/wp-json\/wp\/v2\/media\/5313"}],"wp:attachment":[{"href":"https:\/\/maxgold.gr\/de\/wp-json\/wp\/v2\/media?parent=5310"}],"wp:term":[{"taxonomy":"product_brand","embeddable":true,"href":"https:\/\/maxgold.gr\/de\/wp-json\/wp\/v2\/product_brand?post=5310"},{"taxonomy":"product_cat","embeddable":true,"href":"https:\/\/maxgold.gr\/de\/wp-json\/wp\/v2\/product_cat?post=5310"},{"taxonomy":"product_tag","embeddable":true,"href":"https:\/\/maxgold.gr\/de\/wp-json\/wp\/v2\/product_tag?post=5310"}],"curies":[{"name":"wp","href":"https:\/\/api.w.org\/{rel}","templated":true}]}}