{"id":5366,"date":"2024-12-22T01:22:18","date_gmt":"2024-12-21T22:22:18","guid":{"rendered":"https:\/\/maxgold.gr\/shop\/anhaenger-grosse-blaue-sonne-aus-925er-sterlingsilber-mit-synthetischem-blauem-opalstein\/"},"modified":"2024-12-22T01:22:18","modified_gmt":"2024-12-21T22:22:18","slug":"anhaenger-grosse-blaue-sonne-aus-925er-sterlingsilber-mit-synthetischem-blauem-opalstein","status":"publish","type":"product","link":"https:\/\/maxgold.gr\/de\/shop\/anhaenger-grosse-blaue-sonne-aus-925er-sterlingsilber-mit-synthetischem-blauem-opalstein\/","title":{"rendered":"Anh\u00e4nger &#8222;Gro\u00dfe Blaue Sonne&#8220; aus 925er Sterlingsilber mit Synthetischem Blauem Opalstein"},"content":{"rendered":"<p>Entdecken Sie Eleganz mit unserem atemberaubenden Anh\u00e4nger &#8222;Gro\u00dfe Blaue Sonne&#8220;, der aus hochwertigem 925er Sterlingsilber gefertigt wurde. Die Mittelpunkt dieses Anh\u00e4ngers ist ein faszinierender synthetischer blauer Opalstein. <\/p>\n<p>&nbsp;<\/p>\n<h4><strong>Produktdetails<\/strong><\/h4>\n<p><strong>Abmessungen des Anh\u00e4ngers:<\/strong> 2cm x 2cm x 0.1cm<\/p>\n<p><strong>Edelstein:<\/strong> Synthetischer Blauer Opal<\/p>\n<p><strong>Metall:<\/strong> Sterling Silber (925)<\/p>\n<p><strong>Metallstempel:<\/strong> 925<\/p>\n<p><strong>Beschichtung: <\/strong>Rhodium<\/p>\n","protected":false},"excerpt":{"rendered":"<p>Entdecken Sie Eleganz mit unserem atemberaubenden Anh\u00e4nger &#8222;Gro\u00dfe Blaue Sonne&#8220;, der aus hochwertigem 925er Sterlingsilber gefertigt wurde. Die Mittelpunkt dieses Anh\u00e4ngers ist ein faszinierender synthetischer blauer Opalstein. &nbsp; Produktdetails Abmessungen des Anh\u00e4ngers: 2cm x 2cm x 0.1cm Edelstein: Synthetischer Blauer Opal Metall: Sterling Silber (925) Metallstempel: 925 Beschichtung: Rhodium<\/p>\n","protected":false},"featured_media":5355,"comment_status":"open","ping_status":"closed","template":"","meta":[],"product_brand":[],"product_cat":[532,439,516,434,432,726,508,435,624,502,470],"product_tag":[596,445,563,568,448,607,442],"class_list":{"0":"post-5366","1":"product","2":"type-product","3":"status-publish","4":"has-post-thumbnail","6":"product_cat-anhaenger-charms","7":"product_cat-damenschmuck","8":"product_cat-halsketten-anhaenger","9":"product_cat-metall","10":"product_cat-neu-ankommen","11":"product_cat-silber","12":"product_cat-silberanhaenger-charms-mit-synthetischem-opal","13":"product_cat-sterling-silber-925","14":"product_cat-synthetischer","15":"product_cat-synthetischer-opal-silber","16":"product_cat-kuenstliche-opal","17":"product_tag-anhaenger-de","18":"product_tag-blau","19":"product_tag-blauer-opal","20":"product_tag-charms-de","21":"product_tag-kubischer-zirkoniumdioxid","22":"product_tag-sonne","23":"product_tag-sterling-silber-925","25":"first","26":"instock","27":"taxable","28":"shipping-taxable","29":"purchasable","30":"product-type-simple","31":"add-to-wishlist-before_add_to_cart"},"yoast_head":"<!-- This site is optimized with the Yoast SEO plugin v27.5 - https:\/\/yoast.com\/product\/yoast-seo-wordpress\/ -->\n<title>Anh\u00e4nger &quot;Gro\u00dfe Blaue Sonne&quot; aus 925er Sterlingsilber mit Synthetischem Blauem Opalstein - Max Gold<\/title>\n<meta name=\"robots\" content=\"index, follow, max-snippet:-1, max-image-preview:large, max-video-preview:-1\" \/>\n<link rel=\"canonical\" href=\"https:\/\/maxgold.gr\/de\/shop\/anhaenger-grosse-blaue-sonne-aus-925er-sterlingsilber-mit-synthetischem-blauem-opalstein\/\" \/>\n<meta property=\"og:locale\" content=\"de_DE\" \/>\n<meta property=\"og:type\" content=\"article\" \/>\n<meta property=\"og:title\" content=\"Anh\u00e4nger &quot;Gro\u00dfe Blaue Sonne&quot; aus 925er Sterlingsilber mit Synthetischem Blauem Opalstein - Max Gold\" \/>\n<meta property=\"og:description\" content=\"Entdecken Sie Eleganz mit unserem atemberaubenden Anh\u00e4nger &#8222;Gro\u00dfe Blaue Sonne&#8220;, der aus hochwertigem 925er Sterlingsilber gefertigt wurde. Die Mittelpunkt dieses Anh\u00e4ngers ist ein faszinierender synthetischer blauer Opalstein. &nbsp; Produktdetails Abmessungen des Anh\u00e4ngers: 2cm x 2cm x 0.1cm Edelstein: Synthetischer Blauer Opal Metall: Sterling Silber (925) Metallstempel: 925 Beschichtung: Rhodium\" \/>\n<meta property=\"og:url\" content=\"https:\/\/maxgold.gr\/de\/shop\/anhaenger-grosse-blaue-sonne-aus-925er-sterlingsilber-mit-synthetischem-blauem-opalstein\/\" \/>\n<meta property=\"og:site_name\" content=\"Max Gold\" \/>\n<meta property=\"article:publisher\" content=\"https:\/\/www.facebook.com\/people\/Max-Gold\/61561801899896\/\" \/>\n<meta property=\"og:image\" content=\"https:\/\/i0.wp.com\/maxgold.gr\/wp-content\/uploads\/2024\/12\/op-12-1tem-Sil2020E-Gol2190E-20x20x01.jpg?fit=1000%2C1000&ssl=1\" \/>\n\t<meta property=\"og:image:width\" content=\"1000\" \/>\n\t<meta property=\"og:image:height\" content=\"1000\" \/>\n\t<meta property=\"og:image:type\" content=\"image\/jpeg\" \/>\n<meta name=\"twitter:card\" content=\"summary_large_image\" \/>\n<script type=\"application\/ld+json\" class=\"yoast-schema-graph\">{\"@context\":\"https:\\\/\\\/schema.org\",\"@graph\":[{\"@type\":\"WebPage\",\"@id\":\"https:\\\/\\\/maxgold.gr\\\/de\\\/shop\\\/anhaenger-grosse-blaue-sonne-aus-925er-sterlingsilber-mit-synthetischem-blauem-opalstein\\\/\",\"url\":\"https:\\\/\\\/maxgold.gr\\\/de\\\/shop\\\/anhaenger-grosse-blaue-sonne-aus-925er-sterlingsilber-mit-synthetischem-blauem-opalstein\\\/\",\"name\":\"Anh\u00e4nger \\\"Gro\u00dfe Blaue Sonne\\\" aus 925er Sterlingsilber mit Synthetischem Blauem Opalstein - Max Gold\",\"isPartOf\":{\"@id\":\"https:\\\/\\\/maxgold.gr\\\/de\\\/#website\"},\"primaryImageOfPage\":{\"@id\":\"https:\\\/\\\/maxgold.gr\\\/de\\\/shop\\\/anhaenger-grosse-blaue-sonne-aus-925er-sterlingsilber-mit-synthetischem-blauem-opalstein\\\/#primaryimage\"},\"image\":{\"@id\":\"https:\\\/\\\/maxgold.gr\\\/de\\\/shop\\\/anhaenger-grosse-blaue-sonne-aus-925er-sterlingsilber-mit-synthetischem-blauem-opalstein\\\/#primaryimage\"},\"thumbnailUrl\":\"https:\\\/\\\/i0.wp.com\\\/maxgold.gr\\\/wp-content\\\/uploads\\\/2024\\\/12\\\/op-12-1tem-Sil2020E-Gol2190E-20x20x01.jpg?fit=1000%2C1000&ssl=1\",\"datePublished\":\"2024-12-21T22:22:18+00:00\",\"breadcrumb\":{\"@id\":\"https:\\\/\\\/maxgold.gr\\\/de\\\/shop\\\/anhaenger-grosse-blaue-sonne-aus-925er-sterlingsilber-mit-synthetischem-blauem-opalstein\\\/#breadcrumb\"},\"inLanguage\":\"de\",\"potentialAction\":[{\"@type\":\"ReadAction\",\"target\":[\"https:\\\/\\\/maxgold.gr\\\/de\\\/shop\\\/anhaenger-grosse-blaue-sonne-aus-925er-sterlingsilber-mit-synthetischem-blauem-opalstein\\\/\"]}]},{\"@type\":\"ImageObject\",\"inLanguage\":\"de\",\"@id\":\"https:\\\/\\\/maxgold.gr\\\/de\\\/shop\\\/anhaenger-grosse-blaue-sonne-aus-925er-sterlingsilber-mit-synthetischem-blauem-opalstein\\\/#primaryimage\",\"url\":\"https:\\\/\\\/i0.wp.com\\\/maxgold.gr\\\/wp-content\\\/uploads\\\/2024\\\/12\\\/op-12-1tem-Sil2020E-Gol2190E-20x20x01.jpg?fit=1000%2C1000&ssl=1\",\"contentUrl\":\"https:\\\/\\\/i0.wp.com\\\/maxgold.gr\\\/wp-content\\\/uploads\\\/2024\\\/12\\\/op-12-1tem-Sil2020E-Gol2190E-20x20x01.jpg?fit=1000%2C1000&ssl=1\",\"width\":1000,\"height\":1000},{\"@type\":\"BreadcrumbList\",\"@id\":\"https:\\\/\\\/maxgold.gr\\\/de\\\/shop\\\/anhaenger-grosse-blaue-sonne-aus-925er-sterlingsilber-mit-synthetischem-blauem-opalstein\\\/#breadcrumb\",\"itemListElement\":[{\"@type\":\"ListItem\",\"position\":1,\"name\":\"Home\",\"item\":\"https:\\\/\\\/maxgold.gr\\\/de\\\/startseite\\\/\"},{\"@type\":\"ListItem\",\"position\":2,\"name\":\"Gesch\u00e4ft\",\"item\":\"https:\\\/\\\/maxgold.gr\\\/de\\\/%ce%ba%ce%b1%cf%84%ce%ac%cf%83%cf%84%ce%b7%ce%bc%ce%b1\\\/\"},{\"@type\":\"ListItem\",\"position\":3,\"name\":\"Anh\u00e4nger &#8220;Gro\u00dfe Blaue Sonne&#8221; aus 925er Sterlingsilber mit Synthetischem Blauem Opalstein\"}]},{\"@type\":\"WebSite\",\"@id\":\"https:\\\/\\\/maxgold.gr\\\/de\\\/#website\",\"url\":\"https:\\\/\\\/maxgold.gr\\\/de\\\/\",\"name\":\"Max Gold\",\"description\":\"Max Gold\",\"potentialAction\":[{\"@type\":\"SearchAction\",\"target\":{\"@type\":\"EntryPoint\",\"urlTemplate\":\"https:\\\/\\\/maxgold.gr\\\/de\\\/?s={search_term_string}\"},\"query-input\":{\"@type\":\"PropertyValueSpecification\",\"valueRequired\":true,\"valueName\":\"search_term_string\"}}],\"inLanguage\":\"de\"}]}<\/script>\n<!-- \/ Yoast SEO plugin. -->","yoast_head_json":{"title":"Anh\u00e4nger \"Gro\u00dfe Blaue Sonne\" aus 925er Sterlingsilber mit Synthetischem Blauem Opalstein - Max Gold","robots":{"index":"index","follow":"follow","max-snippet":"max-snippet:-1","max-image-preview":"max-image-preview:large","max-video-preview":"max-video-preview:-1"},"canonical":"https:\/\/maxgold.gr\/de\/shop\/anhaenger-grosse-blaue-sonne-aus-925er-sterlingsilber-mit-synthetischem-blauem-opalstein\/","og_locale":"de_DE","og_type":"article","og_title":"Anh\u00e4nger \"Gro\u00dfe Blaue Sonne\" aus 925er Sterlingsilber mit Synthetischem Blauem Opalstein - Max Gold","og_description":"Entdecken Sie Eleganz mit unserem atemberaubenden Anh\u00e4nger &#8222;Gro\u00dfe Blaue Sonne&#8220;, der aus hochwertigem 925er Sterlingsilber gefertigt wurde. Die Mittelpunkt dieses Anh\u00e4ngers ist ein faszinierender synthetischer blauer Opalstein. &nbsp; Produktdetails Abmessungen des Anh\u00e4ngers: 2cm x 2cm x 0.1cm Edelstein: Synthetischer Blauer Opal Metall: Sterling Silber (925) Metallstempel: 925 Beschichtung: Rhodium","og_url":"https:\/\/maxgold.gr\/de\/shop\/anhaenger-grosse-blaue-sonne-aus-925er-sterlingsilber-mit-synthetischem-blauem-opalstein\/","og_site_name":"Max Gold","article_publisher":"https:\/\/www.facebook.com\/people\/Max-Gold\/61561801899896\/","og_image":[{"width":1000,"height":1000,"url":"https:\/\/i0.wp.com\/maxgold.gr\/wp-content\/uploads\/2024\/12\/op-12-1tem-Sil2020E-Gol2190E-20x20x01.jpg?fit=1000%2C1000&ssl=1","type":"image\/jpeg"}],"twitter_card":"summary_large_image","schema":{"@context":"https:\/\/schema.org","@graph":[{"@type":"WebPage","@id":"https:\/\/maxgold.gr\/de\/shop\/anhaenger-grosse-blaue-sonne-aus-925er-sterlingsilber-mit-synthetischem-blauem-opalstein\/","url":"https:\/\/maxgold.gr\/de\/shop\/anhaenger-grosse-blaue-sonne-aus-925er-sterlingsilber-mit-synthetischem-blauem-opalstein\/","name":"Anh\u00e4nger \"Gro\u00dfe Blaue Sonne\" aus 925er Sterlingsilber mit Synthetischem Blauem Opalstein - Max Gold","isPartOf":{"@id":"https:\/\/maxgold.gr\/de\/#website"},"primaryImageOfPage":{"@id":"https:\/\/maxgold.gr\/de\/shop\/anhaenger-grosse-blaue-sonne-aus-925er-sterlingsilber-mit-synthetischem-blauem-opalstein\/#primaryimage"},"image":{"@id":"https:\/\/maxgold.gr\/de\/shop\/anhaenger-grosse-blaue-sonne-aus-925er-sterlingsilber-mit-synthetischem-blauem-opalstein\/#primaryimage"},"thumbnailUrl":"https:\/\/i0.wp.com\/maxgold.gr\/wp-content\/uploads\/2024\/12\/op-12-1tem-Sil2020E-Gol2190E-20x20x01.jpg?fit=1000%2C1000&ssl=1","datePublished":"2024-12-21T22:22:18+00:00","breadcrumb":{"@id":"https:\/\/maxgold.gr\/de\/shop\/anhaenger-grosse-blaue-sonne-aus-925er-sterlingsilber-mit-synthetischem-blauem-opalstein\/#breadcrumb"},"inLanguage":"de","potentialAction":[{"@type":"ReadAction","target":["https:\/\/maxgold.gr\/de\/shop\/anhaenger-grosse-blaue-sonne-aus-925er-sterlingsilber-mit-synthetischem-blauem-opalstein\/"]}]},{"@type":"ImageObject","inLanguage":"de","@id":"https:\/\/maxgold.gr\/de\/shop\/anhaenger-grosse-blaue-sonne-aus-925er-sterlingsilber-mit-synthetischem-blauem-opalstein\/#primaryimage","url":"https:\/\/i0.wp.com\/maxgold.gr\/wp-content\/uploads\/2024\/12\/op-12-1tem-Sil2020E-Gol2190E-20x20x01.jpg?fit=1000%2C1000&ssl=1","contentUrl":"https:\/\/i0.wp.com\/maxgold.gr\/wp-content\/uploads\/2024\/12\/op-12-1tem-Sil2020E-Gol2190E-20x20x01.jpg?fit=1000%2C1000&ssl=1","width":1000,"height":1000},{"@type":"BreadcrumbList","@id":"https:\/\/maxgold.gr\/de\/shop\/anhaenger-grosse-blaue-sonne-aus-925er-sterlingsilber-mit-synthetischem-blauem-opalstein\/#breadcrumb","itemListElement":[{"@type":"ListItem","position":1,"name":"Home","item":"https:\/\/maxgold.gr\/de\/startseite\/"},{"@type":"ListItem","position":2,"name":"Gesch\u00e4ft","item":"https:\/\/maxgold.gr\/de\/%ce%ba%ce%b1%cf%84%ce%ac%cf%83%cf%84%ce%b7%ce%bc%ce%b1\/"},{"@type":"ListItem","position":3,"name":"Anh\u00e4nger &#8220;Gro\u00dfe Blaue Sonne&#8221; aus 925er Sterlingsilber mit Synthetischem Blauem Opalstein"}]},{"@type":"WebSite","@id":"https:\/\/maxgold.gr\/de\/#website","url":"https:\/\/maxgold.gr\/de\/","name":"Max Gold","description":"Max Gold","potentialAction":[{"@type":"SearchAction","target":{"@type":"EntryPoint","urlTemplate":"https:\/\/maxgold.gr\/de\/?s={search_term_string}"},"query-input":{"@type":"PropertyValueSpecification","valueRequired":true,"valueName":"search_term_string"}}],"inLanguage":"de"}]}},"jetpack_sharing_enabled":true,"_links":{"self":[{"href":"https:\/\/maxgold.gr\/de\/wp-json\/wp\/v2\/product\/5366","targetHints":{"allow":["GET"]}}],"collection":[{"href":"https:\/\/maxgold.gr\/de\/wp-json\/wp\/v2\/product"}],"about":[{"href":"https:\/\/maxgold.gr\/de\/wp-json\/wp\/v2\/types\/product"}],"replies":[{"embeddable":true,"href":"https:\/\/maxgold.gr\/de\/wp-json\/wp\/v2\/comments?post=5366"}],"wp:featuredmedia":[{"embeddable":true,"href":"https:\/\/maxgold.gr\/de\/wp-json\/wp\/v2\/media\/5355"}],"wp:attachment":[{"href":"https:\/\/maxgold.gr\/de\/wp-json\/wp\/v2\/media?parent=5366"}],"wp:term":[{"taxonomy":"product_brand","embeddable":true,"href":"https:\/\/maxgold.gr\/de\/wp-json\/wp\/v2\/product_brand?post=5366"},{"taxonomy":"product_cat","embeddable":true,"href":"https:\/\/maxgold.gr\/de\/wp-json\/wp\/v2\/product_cat?post=5366"},{"taxonomy":"product_tag","embeddable":true,"href":"https:\/\/maxgold.gr\/de\/wp-json\/wp\/v2\/product_tag?post=5366"}],"curies":[{"name":"wp","href":"https:\/\/api.w.org\/{rel}","templated":true}]}}