{"id":5388,"date":"2024-12-22T21:19:47","date_gmt":"2024-12-22T18:19:47","guid":{"rendered":"https:\/\/maxgold.gr\/?post_type=product&#038;p=5388"},"modified":"2024-12-22T22:07:12","modified_gmt":"2024-12-22T19:07:12","slug":"anhanger-kleines-vergoldetes-seepferdchen-aus-925-sterling-silber-vergoldet-mit-blauen-opalsteinen-copy","status":"publish","type":"product","link":"https:\/\/maxgold.gr\/de\/shop\/anhanger-kleines-vergoldetes-seepferdchen-aus-925-sterling-silber-vergoldet-mit-blauen-opalsteinen-copy\/","title":{"rendered":"Anh\u00e4nger &#8222;Kleine Eule Gold&#8220; aus 925er Sterlingsilber, vergoldet mit Blauen Opalsteinen und 2 Griechisen Augen"},"content":{"rendered":"<p>Wir stellen unseren entz\u00fcckenden kleinen goldenen Eulenanh\u00e4nger vor, der fachm\u00e4nnisch aus hochwertigem 925er Sterlingsilber gefertigt wurde. Jeder Eulenanh\u00e4nger ist mit zwei auff\u00e4lligen blauen Opalsteinen auf den Fl\u00fcgeln geschm\u00fcckt. Dar\u00fcber hinaus wird die Tradition mit zwei griechischen b\u00f6sen Augen lebendig, die eine Schicht Charme und Schutz verleihen.<br \/>      &nbsp;<\/p>\n<h4><strong>Produktdetails<\/strong><\/h4>\n<p><strong>Abmessungen des Anh\u00e4ngers:<\/strong> 1,4cm x 0,6cm x 0.2cm <\/p>\n<p><strong>Edelstein:<\/strong> Synthetischer Blauer Opal  <strong>Metall:<\/strong> Sterling Silber (925) <strong>Metallstempel:<\/strong> 925 <strong>Beschichtung: <\/strong>Vergoldet<\/p>\n","protected":false},"excerpt":{"rendered":"<p>Wir stellen unseren entz\u00fcckenden kleinen goldenen Eulenanh\u00e4nger vor, der fachm\u00e4nnisch aus hochwertigem 925er Sterlingsilber gefertigt wurde. Jeder Eulenanh\u00e4nger ist mit zwei auff\u00e4lligen blauen Opalsteinen auf den Fl\u00fcgeln geschm\u00fcckt. Dar\u00fcber hinaus wird die Tradition mit zwei griechischen b\u00f6sen Augen lebendig, die eine Schicht Charme und Schutz verleihen. &nbsp; Produktdetails Abmessungen des Anh\u00e4ngers: 1,4cm x 0,6cm x [&#8230;]\n","protected":false},"featured_media":5391,"comment_status":"open","ping_status":"closed","template":"","meta":[],"product_brand":[],"product_cat":[532,439,446,516,713,463,434,432,435,466,624,510,470,724,511,535],"product_tag":[596,445,563,568,703,449,442,587,576],"class_list":{"0":"post-5388","1":"product","2":"type-product","3":"status-publish","4":"has-post-thumbnail","6":"product_cat-anhaenger-charms","7":"product_cat-damenschmuck","8":"product_cat-griechisches-auge-kollektion","9":"product_cat-halsketten-anhaenger","10":"product_cat-kinderanhaenger","11":"product_cat-kinderschmuck","12":"product_cat-metall","13":"product_cat-neu-ankommen","14":"product_cat-sterling-silber-925","15":"product_cat-suesse-tiere","16":"product_cat-synthetischer","17":"product_cat-synthetischer-opal-vergoldet","18":"product_cat-kuenstliche-opal","19":"product_cat-vergoldet","20":"product_cat-vergoldete-anhaenger-charms-mit-synthetischem-opal","21":"product_cat-vergoldete-opalanhaenger-charms","22":"product_tag-anhaenger-de","23":"product_tag-blau","24":"product_tag-blauer-opal","25":"product_tag-charms-de","26":"product_tag-eule","27":"product_tag-griechisches-boses-auge-kollektion","28":"product_tag-sterling-silber-925","29":"product_tag-tiere","30":"product_tag-vergoldet","32":"first","33":"instock","34":"taxable","35":"shipping-taxable","36":"purchasable","37":"product-type-simple","38":"add-to-wishlist-before_add_to_cart"},"yoast_head":"<!-- This site is optimized with the Yoast SEO plugin v27.5 - https:\/\/yoast.com\/product\/yoast-seo-wordpress\/ -->\n<title>Anh\u00e4nger &quot;Kleine Eule Gold&quot; aus 925er Sterlingsilber, vergoldet mit Blauen Opalsteinen und 2 Griechisen Augen - Max Gold<\/title>\n<meta name=\"robots\" content=\"index, follow, max-snippet:-1, max-image-preview:large, max-video-preview:-1\" \/>\n<link rel=\"canonical\" href=\"https:\/\/maxgold.gr\/de\/shop\/anhanger-kleines-vergoldetes-seepferdchen-aus-925-sterling-silber-vergoldet-mit-blauen-opalsteinen-copy\/\" \/>\n<meta property=\"og:locale\" content=\"de_DE\" \/>\n<meta property=\"og:type\" content=\"article\" \/>\n<meta property=\"og:title\" content=\"Anh\u00e4nger &quot;Kleine Eule Gold&quot; aus 925er Sterlingsilber, vergoldet mit Blauen Opalsteinen und 2 Griechisen Augen - Max Gold\" \/>\n<meta property=\"og:description\" content=\"Wir stellen unseren entz\u00fcckenden kleinen goldenen Eulenanh\u00e4nger vor, der fachm\u00e4nnisch aus hochwertigem 925er Sterlingsilber gefertigt wurde. Jeder Eulenanh\u00e4nger ist mit zwei auff\u00e4lligen blauen Opalsteinen auf den Fl\u00fcgeln geschm\u00fcckt. Dar\u00fcber hinaus wird die Tradition mit zwei griechischen b\u00f6sen Augen lebendig, die eine Schicht Charme und Schutz verleihen. &nbsp; Produktdetails Abmessungen des Anh\u00e4ngers: 1,4cm x 0,6cm x [...]\" \/>\n<meta property=\"og:url\" content=\"https:\/\/maxgold.gr\/de\/shop\/anhanger-kleines-vergoldetes-seepferdchen-aus-925-sterling-silber-vergoldet-mit-blauen-opalsteinen-copy\/\" \/>\n<meta property=\"og:site_name\" content=\"Max Gold\" \/>\n<meta property=\"article:publisher\" content=\"https:\/\/www.facebook.com\/people\/Max-Gold\/61561801899896\/\" \/>\n<meta property=\"article:modified_time\" content=\"2024-12-22T19:07:12+00:00\" \/>\n<meta property=\"og:image\" content=\"https:\/\/i0.wp.com\/maxgold.gr\/wp-content\/uploads\/2024\/12\/op-13.jpg?fit=1000%2C1000&ssl=1\" \/>\n\t<meta property=\"og:image:width\" content=\"1000\" \/>\n\t<meta property=\"og:image:height\" content=\"1000\" \/>\n\t<meta property=\"og:image:type\" content=\"image\/jpeg\" \/>\n<meta name=\"twitter:card\" content=\"summary_large_image\" \/>\n<script type=\"application\/ld+json\" class=\"yoast-schema-graph\">{\"@context\":\"https:\\\/\\\/schema.org\",\"@graph\":[{\"@type\":\"WebPage\",\"@id\":\"https:\\\/\\\/maxgold.gr\\\/de\\\/shop\\\/anhanger-kleines-vergoldetes-seepferdchen-aus-925-sterling-silber-vergoldet-mit-blauen-opalsteinen-copy\\\/\",\"url\":\"https:\\\/\\\/maxgold.gr\\\/de\\\/shop\\\/anhanger-kleines-vergoldetes-seepferdchen-aus-925-sterling-silber-vergoldet-mit-blauen-opalsteinen-copy\\\/\",\"name\":\"Anh\u00e4nger \\\"Kleine Eule Gold\\\" aus 925er Sterlingsilber, vergoldet mit Blauen Opalsteinen und 2 Griechisen Augen - Max Gold\",\"isPartOf\":{\"@id\":\"https:\\\/\\\/maxgold.gr\\\/de\\\/#website\"},\"primaryImageOfPage\":{\"@id\":\"https:\\\/\\\/maxgold.gr\\\/de\\\/shop\\\/anhanger-kleines-vergoldetes-seepferdchen-aus-925-sterling-silber-vergoldet-mit-blauen-opalsteinen-copy\\\/#primaryimage\"},\"image\":{\"@id\":\"https:\\\/\\\/maxgold.gr\\\/de\\\/shop\\\/anhanger-kleines-vergoldetes-seepferdchen-aus-925-sterling-silber-vergoldet-mit-blauen-opalsteinen-copy\\\/#primaryimage\"},\"thumbnailUrl\":\"https:\\\/\\\/i0.wp.com\\\/maxgold.gr\\\/wp-content\\\/uploads\\\/2024\\\/12\\\/op-13.jpg?fit=1000%2C1000&ssl=1\",\"datePublished\":\"2024-12-22T18:19:47+00:00\",\"dateModified\":\"2024-12-22T19:07:12+00:00\",\"breadcrumb\":{\"@id\":\"https:\\\/\\\/maxgold.gr\\\/de\\\/shop\\\/anhanger-kleines-vergoldetes-seepferdchen-aus-925-sterling-silber-vergoldet-mit-blauen-opalsteinen-copy\\\/#breadcrumb\"},\"inLanguage\":\"de\",\"potentialAction\":[{\"@type\":\"ReadAction\",\"target\":[\"https:\\\/\\\/maxgold.gr\\\/de\\\/shop\\\/anhanger-kleines-vergoldetes-seepferdchen-aus-925-sterling-silber-vergoldet-mit-blauen-opalsteinen-copy\\\/\"]}]},{\"@type\":\"ImageObject\",\"inLanguage\":\"de\",\"@id\":\"https:\\\/\\\/maxgold.gr\\\/de\\\/shop\\\/anhanger-kleines-vergoldetes-seepferdchen-aus-925-sterling-silber-vergoldet-mit-blauen-opalsteinen-copy\\\/#primaryimage\",\"url\":\"https:\\\/\\\/i0.wp.com\\\/maxgold.gr\\\/wp-content\\\/uploads\\\/2024\\\/12\\\/op-13.jpg?fit=1000%2C1000&ssl=1\",\"contentUrl\":\"https:\\\/\\\/i0.wp.com\\\/maxgold.gr\\\/wp-content\\\/uploads\\\/2024\\\/12\\\/op-13.jpg?fit=1000%2C1000&ssl=1\",\"width\":1000,\"height\":1000},{\"@type\":\"BreadcrumbList\",\"@id\":\"https:\\\/\\\/maxgold.gr\\\/de\\\/shop\\\/anhanger-kleines-vergoldetes-seepferdchen-aus-925-sterling-silber-vergoldet-mit-blauen-opalsteinen-copy\\\/#breadcrumb\",\"itemListElement\":[{\"@type\":\"ListItem\",\"position\":1,\"name\":\"Home\",\"item\":\"https:\\\/\\\/maxgold.gr\\\/de\\\/startseite\\\/\"},{\"@type\":\"ListItem\",\"position\":2,\"name\":\"Gesch\u00e4ft\",\"item\":\"https:\\\/\\\/maxgold.gr\\\/de\\\/%ce%ba%ce%b1%cf%84%ce%ac%cf%83%cf%84%ce%b7%ce%bc%ce%b1\\\/\"},{\"@type\":\"ListItem\",\"position\":3,\"name\":\"Anh\u00e4nger &#8222;Kleine Eule Gold&#8220; aus 925er Sterlingsilber, vergoldet mit Blauen Opalsteinen und 2 Griechisen Augen\"}]},{\"@type\":\"WebSite\",\"@id\":\"https:\\\/\\\/maxgold.gr\\\/de\\\/#website\",\"url\":\"https:\\\/\\\/maxgold.gr\\\/de\\\/\",\"name\":\"Max Gold\",\"description\":\"Max Gold\",\"potentialAction\":[{\"@type\":\"SearchAction\",\"target\":{\"@type\":\"EntryPoint\",\"urlTemplate\":\"https:\\\/\\\/maxgold.gr\\\/de\\\/?s={search_term_string}\"},\"query-input\":{\"@type\":\"PropertyValueSpecification\",\"valueRequired\":true,\"valueName\":\"search_term_string\"}}],\"inLanguage\":\"de\"}]}<\/script>\n<!-- \/ Yoast SEO plugin. -->","yoast_head_json":{"title":"Anh\u00e4nger \"Kleine Eule Gold\" aus 925er Sterlingsilber, vergoldet mit Blauen Opalsteinen und 2 Griechisen Augen - Max Gold","robots":{"index":"index","follow":"follow","max-snippet":"max-snippet:-1","max-image-preview":"max-image-preview:large","max-video-preview":"max-video-preview:-1"},"canonical":"https:\/\/maxgold.gr\/de\/shop\/anhanger-kleines-vergoldetes-seepferdchen-aus-925-sterling-silber-vergoldet-mit-blauen-opalsteinen-copy\/","og_locale":"de_DE","og_type":"article","og_title":"Anh\u00e4nger \"Kleine Eule Gold\" aus 925er Sterlingsilber, vergoldet mit Blauen Opalsteinen und 2 Griechisen Augen - Max Gold","og_description":"Wir stellen unseren entz\u00fcckenden kleinen goldenen Eulenanh\u00e4nger vor, der fachm\u00e4nnisch aus hochwertigem 925er Sterlingsilber gefertigt wurde. Jeder Eulenanh\u00e4nger ist mit zwei auff\u00e4lligen blauen Opalsteinen auf den Fl\u00fcgeln geschm\u00fcckt. Dar\u00fcber hinaus wird die Tradition mit zwei griechischen b\u00f6sen Augen lebendig, die eine Schicht Charme und Schutz verleihen. &nbsp; Produktdetails Abmessungen des Anh\u00e4ngers: 1,4cm x 0,6cm x [...]","og_url":"https:\/\/maxgold.gr\/de\/shop\/anhanger-kleines-vergoldetes-seepferdchen-aus-925-sterling-silber-vergoldet-mit-blauen-opalsteinen-copy\/","og_site_name":"Max Gold","article_publisher":"https:\/\/www.facebook.com\/people\/Max-Gold\/61561801899896\/","article_modified_time":"2024-12-22T19:07:12+00:00","og_image":[{"width":1000,"height":1000,"url":"https:\/\/i0.wp.com\/maxgold.gr\/wp-content\/uploads\/2024\/12\/op-13.jpg?fit=1000%2C1000&ssl=1","type":"image\/jpeg"}],"twitter_card":"summary_large_image","schema":{"@context":"https:\/\/schema.org","@graph":[{"@type":"WebPage","@id":"https:\/\/maxgold.gr\/de\/shop\/anhanger-kleines-vergoldetes-seepferdchen-aus-925-sterling-silber-vergoldet-mit-blauen-opalsteinen-copy\/","url":"https:\/\/maxgold.gr\/de\/shop\/anhanger-kleines-vergoldetes-seepferdchen-aus-925-sterling-silber-vergoldet-mit-blauen-opalsteinen-copy\/","name":"Anh\u00e4nger \"Kleine Eule Gold\" aus 925er Sterlingsilber, vergoldet mit Blauen Opalsteinen und 2 Griechisen Augen - Max Gold","isPartOf":{"@id":"https:\/\/maxgold.gr\/de\/#website"},"primaryImageOfPage":{"@id":"https:\/\/maxgold.gr\/de\/shop\/anhanger-kleines-vergoldetes-seepferdchen-aus-925-sterling-silber-vergoldet-mit-blauen-opalsteinen-copy\/#primaryimage"},"image":{"@id":"https:\/\/maxgold.gr\/de\/shop\/anhanger-kleines-vergoldetes-seepferdchen-aus-925-sterling-silber-vergoldet-mit-blauen-opalsteinen-copy\/#primaryimage"},"thumbnailUrl":"https:\/\/i0.wp.com\/maxgold.gr\/wp-content\/uploads\/2024\/12\/op-13.jpg?fit=1000%2C1000&ssl=1","datePublished":"2024-12-22T18:19:47+00:00","dateModified":"2024-12-22T19:07:12+00:00","breadcrumb":{"@id":"https:\/\/maxgold.gr\/de\/shop\/anhanger-kleines-vergoldetes-seepferdchen-aus-925-sterling-silber-vergoldet-mit-blauen-opalsteinen-copy\/#breadcrumb"},"inLanguage":"de","potentialAction":[{"@type":"ReadAction","target":["https:\/\/maxgold.gr\/de\/shop\/anhanger-kleines-vergoldetes-seepferdchen-aus-925-sterling-silber-vergoldet-mit-blauen-opalsteinen-copy\/"]}]},{"@type":"ImageObject","inLanguage":"de","@id":"https:\/\/maxgold.gr\/de\/shop\/anhanger-kleines-vergoldetes-seepferdchen-aus-925-sterling-silber-vergoldet-mit-blauen-opalsteinen-copy\/#primaryimage","url":"https:\/\/i0.wp.com\/maxgold.gr\/wp-content\/uploads\/2024\/12\/op-13.jpg?fit=1000%2C1000&ssl=1","contentUrl":"https:\/\/i0.wp.com\/maxgold.gr\/wp-content\/uploads\/2024\/12\/op-13.jpg?fit=1000%2C1000&ssl=1","width":1000,"height":1000},{"@type":"BreadcrumbList","@id":"https:\/\/maxgold.gr\/de\/shop\/anhanger-kleines-vergoldetes-seepferdchen-aus-925-sterling-silber-vergoldet-mit-blauen-opalsteinen-copy\/#breadcrumb","itemListElement":[{"@type":"ListItem","position":1,"name":"Home","item":"https:\/\/maxgold.gr\/de\/startseite\/"},{"@type":"ListItem","position":2,"name":"Gesch\u00e4ft","item":"https:\/\/maxgold.gr\/de\/%ce%ba%ce%b1%cf%84%ce%ac%cf%83%cf%84%ce%b7%ce%bc%ce%b1\/"},{"@type":"ListItem","position":3,"name":"Anh\u00e4nger &#8222;Kleine Eule Gold&#8220; aus 925er Sterlingsilber, vergoldet mit Blauen Opalsteinen und 2 Griechisen Augen"}]},{"@type":"WebSite","@id":"https:\/\/maxgold.gr\/de\/#website","url":"https:\/\/maxgold.gr\/de\/","name":"Max Gold","description":"Max Gold","potentialAction":[{"@type":"SearchAction","target":{"@type":"EntryPoint","urlTemplate":"https:\/\/maxgold.gr\/de\/?s={search_term_string}"},"query-input":{"@type":"PropertyValueSpecification","valueRequired":true,"valueName":"search_term_string"}}],"inLanguage":"de"}]}},"jetpack_sharing_enabled":true,"_links":{"self":[{"href":"https:\/\/maxgold.gr\/de\/wp-json\/wp\/v2\/product\/5388","targetHints":{"allow":["GET"]}}],"collection":[{"href":"https:\/\/maxgold.gr\/de\/wp-json\/wp\/v2\/product"}],"about":[{"href":"https:\/\/maxgold.gr\/de\/wp-json\/wp\/v2\/types\/product"}],"replies":[{"embeddable":true,"href":"https:\/\/maxgold.gr\/de\/wp-json\/wp\/v2\/comments?post=5388"}],"wp:featuredmedia":[{"embeddable":true,"href":"https:\/\/maxgold.gr\/de\/wp-json\/wp\/v2\/media\/5391"}],"wp:attachment":[{"href":"https:\/\/maxgold.gr\/de\/wp-json\/wp\/v2\/media?parent=5388"}],"wp:term":[{"taxonomy":"product_brand","embeddable":true,"href":"https:\/\/maxgold.gr\/de\/wp-json\/wp\/v2\/product_brand?post=5388"},{"taxonomy":"product_cat","embeddable":true,"href":"https:\/\/maxgold.gr\/de\/wp-json\/wp\/v2\/product_cat?post=5388"},{"taxonomy":"product_tag","embeddable":true,"href":"https:\/\/maxgold.gr\/de\/wp-json\/wp\/v2\/product_tag?post=5388"}],"curies":[{"name":"wp","href":"https:\/\/api.w.org\/{rel}","templated":true}]}}