{"id":5521,"date":"2024-04-10T20:00:29","date_gmt":"2024-04-10T17:00:29","guid":{"rendered":"https:\/\/maxgold.gr\/shop\/ohrhaenger-silberne-schildkroeten-mit-blauem-synthetischem-opal-aus-925er-sterlingsilber\/"},"modified":"2024-04-10T20:00:29","modified_gmt":"2024-04-10T17:00:29","slug":"ohrhaenger-silberne-schildkroeten-mit-blauem-synthetischem-opal-aus-925er-sterlingsilber","status":"publish","type":"product","link":"https:\/\/maxgold.gr\/de\/shop\/ohrhaenger-silberne-schildkroeten-mit-blauem-synthetischem-opal-aus-925er-sterlingsilber\/","title":{"rendered":"Ohrh\u00e4nger, &#8222;Silberne Schildkr\u00f6ten&#8220;, mit Blauem Synthetischem Opal, aus 925er Sterlingsilber<br>"},"content":{"rendered":"<p>Die Ohrringe &#8222;Silberne Schildkr\u00f6ten&#8220; mit blauen synthetischen Opalsteinen aus 925er Silber sind ein einzigartiges und stilvolles Accessoire. Die kombination aus Schildkr\u00f6tendesign und leuchtend blauem Opalstein sorgt f\u00fcr einen wundersch\u00f6nen und auff\u00e4lligen Look.   <\/p>\n<p>&nbsp;<\/p>\n<p>&nbsp;<\/p>\n<h4><strong>Produktdetails<\/strong><\/h4>\n<p><strong>Ma\u00dfe:<\/strong> 1,2cm x 1,1cm x 0,3cm<\/p>\n<p><strong>Edelstein:<\/strong> Synthetischer Opal<\/p>\n<p><strong>Stil:<\/strong> Ohrh\u00e4nger<\/p>\n<p><strong>Metall:<\/strong> Sterling Silber (925)<\/p>\n<p><strong>Metallstempel:<\/strong> 925<\/p>\n<p><strong>Beschichtung: <\/strong>Rhodium<\/p>\n<p><strong>Verschluss: <\/strong>Franz\u00f6sischer Haken<strong><br \/>\n<\/strong><\/p>\n<h2><\/h2>\n<p>&nbsp;<\/p>\n","protected":false},"excerpt":{"rendered":"<p>Die Ohrringe &#8222;Silberne Schildkr\u00f6ten&#8220; mit blauen synthetischen Opalsteinen aus 925er Silber sind ein einzigartiges und stilvolles Accessoire. Die kombination aus Schildkr\u00f6tendesign und leuchtend blauem Opalstein sorgt f\u00fcr einen wundersch\u00f6nen und auff\u00e4lligen Look. &nbsp; &nbsp; Produktdetails Ma\u00dfe: 1,2cm x 1,1cm x 0,3cm Edelstein: Synthetischer Opal Stil: Ohrh\u00e4nger Metall: Sterling Silber (925) Metallstempel: 925 Beschichtung: Rhodium Verschluss: [&#8230;]\n","protected":false},"featured_media":5522,"comment_status":"open","ping_status":"closed","template":"","meta":[],"product_brand":[],"product_cat":[439,709,463,434,491,493,431,505,435,466,624,502,470],"product_tag":[552,445,563,609,442,613],"class_list":{"0":"post-5521","1":"product","2":"type-product","3":"status-publish","4":"has-post-thumbnail","6":"product_cat-damenschmuck","7":"product_cat-kinderohrringe","8":"product_cat-kinderschmuck","9":"product_cat-metall","10":"product_cat-ohrhaenger","11":"product_cat-ohrhaenger-silber","12":"product_cat-ohrringe","13":"product_cat-silberne-ohrringe-mit-synthetischem-opal","14":"product_cat-sterling-silber-925","15":"product_cat-suesse-tiere","16":"product_cat-synthetischer","17":"product_cat-synthetischer-opal-silber","18":"product_cat-kuenstliche-opal","19":"product_tag-afrohacken","20":"product_tag-blau","21":"product_tag-blauer-opal","22":"product_tag-schildkroeten","23":"product_tag-sterling-silber-925","24":"product_tag-zirkonia-de","26":"first","27":"instock","28":"taxable","29":"shipping-taxable","30":"purchasable","31":"product-type-simple","32":"add-to-wishlist-before_add_to_cart"},"yoast_head":"<!-- This site is optimized with the Yoast SEO plugin v27.5 - https:\/\/yoast.com\/product\/yoast-seo-wordpress\/ -->\n<title>Ohrh\u00e4nger, &quot;Silberne Schildkr\u00f6ten&quot;, mit Blauem Synthetischem Opal, aus 925er Sterlingsilber - Max Gold<\/title>\n<meta name=\"robots\" content=\"index, follow, max-snippet:-1, max-image-preview:large, max-video-preview:-1\" \/>\n<link rel=\"canonical\" href=\"https:\/\/maxgold.gr\/de\/shop\/ohrhaenger-silberne-schildkroeten-mit-blauem-synthetischem-opal-aus-925er-sterlingsilber\/\" \/>\n<meta property=\"og:locale\" content=\"de_DE\" \/>\n<meta property=\"og:type\" content=\"article\" \/>\n<meta property=\"og:title\" content=\"Ohrh\u00e4nger, &quot;Silberne Schildkr\u00f6ten&quot;, mit Blauem Synthetischem Opal, aus 925er Sterlingsilber - Max Gold\" \/>\n<meta property=\"og:description\" content=\"Die Ohrringe &#8222;Silberne Schildkr\u00f6ten&#8220; mit blauen synthetischen Opalsteinen aus 925er Silber sind ein einzigartiges und stilvolles Accessoire. Die kombination aus Schildkr\u00f6tendesign und leuchtend blauem Opalstein sorgt f\u00fcr einen wundersch\u00f6nen und auff\u00e4lligen Look. &nbsp; &nbsp; Produktdetails Ma\u00dfe: 1,2cm x 1,1cm x 0,3cm Edelstein: Synthetischer Opal Stil: Ohrh\u00e4nger Metall: Sterling Silber (925) Metallstempel: 925 Beschichtung: Rhodium Verschluss: [...]\" \/>\n<meta property=\"og:url\" content=\"https:\/\/maxgold.gr\/de\/shop\/ohrhaenger-silberne-schildkroeten-mit-blauem-synthetischem-opal-aus-925er-sterlingsilber\/\" \/>\n<meta property=\"og:site_name\" content=\"Max Gold\" \/>\n<meta property=\"article:publisher\" content=\"https:\/\/www.facebook.com\/people\/Max-Gold\/61561801899896\/\" \/>\n<meta property=\"og:image\" content=\"https:\/\/i0.wp.com\/maxgold.gr\/wp-content\/uploads\/2024\/04\/opd1-1.jpg?fit=600%2C600&ssl=1\" \/>\n\t<meta property=\"og:image:width\" content=\"600\" \/>\n\t<meta property=\"og:image:height\" content=\"600\" \/>\n\t<meta property=\"og:image:type\" content=\"image\/jpeg\" \/>\n<meta name=\"twitter:card\" content=\"summary_large_image\" \/>\n<script type=\"application\/ld+json\" class=\"yoast-schema-graph\">{\"@context\":\"https:\\\/\\\/schema.org\",\"@graph\":[{\"@type\":\"WebPage\",\"@id\":\"https:\\\/\\\/maxgold.gr\\\/de\\\/shop\\\/ohrhaenger-silberne-schildkroeten-mit-blauem-synthetischem-opal-aus-925er-sterlingsilber\\\/\",\"url\":\"https:\\\/\\\/maxgold.gr\\\/de\\\/shop\\\/ohrhaenger-silberne-schildkroeten-mit-blauem-synthetischem-opal-aus-925er-sterlingsilber\\\/\",\"name\":\"Ohrh\u00e4nger, \\\"Silberne Schildkr\u00f6ten\\\", mit Blauem Synthetischem Opal, aus 925er Sterlingsilber - Max Gold\",\"isPartOf\":{\"@id\":\"https:\\\/\\\/maxgold.gr\\\/de\\\/#website\"},\"primaryImageOfPage\":{\"@id\":\"https:\\\/\\\/maxgold.gr\\\/de\\\/shop\\\/ohrhaenger-silberne-schildkroeten-mit-blauem-synthetischem-opal-aus-925er-sterlingsilber\\\/#primaryimage\"},\"image\":{\"@id\":\"https:\\\/\\\/maxgold.gr\\\/de\\\/shop\\\/ohrhaenger-silberne-schildkroeten-mit-blauem-synthetischem-opal-aus-925er-sterlingsilber\\\/#primaryimage\"},\"thumbnailUrl\":\"https:\\\/\\\/i0.wp.com\\\/maxgold.gr\\\/wp-content\\\/uploads\\\/2024\\\/04\\\/opd1-1.jpg?fit=600%2C600&ssl=1\",\"datePublished\":\"2024-04-10T17:00:29+00:00\",\"breadcrumb\":{\"@id\":\"https:\\\/\\\/maxgold.gr\\\/de\\\/shop\\\/ohrhaenger-silberne-schildkroeten-mit-blauem-synthetischem-opal-aus-925er-sterlingsilber\\\/#breadcrumb\"},\"inLanguage\":\"de\",\"potentialAction\":[{\"@type\":\"ReadAction\",\"target\":[\"https:\\\/\\\/maxgold.gr\\\/de\\\/shop\\\/ohrhaenger-silberne-schildkroeten-mit-blauem-synthetischem-opal-aus-925er-sterlingsilber\\\/\"]}]},{\"@type\":\"ImageObject\",\"inLanguage\":\"de\",\"@id\":\"https:\\\/\\\/maxgold.gr\\\/de\\\/shop\\\/ohrhaenger-silberne-schildkroeten-mit-blauem-synthetischem-opal-aus-925er-sterlingsilber\\\/#primaryimage\",\"url\":\"https:\\\/\\\/i0.wp.com\\\/maxgold.gr\\\/wp-content\\\/uploads\\\/2024\\\/04\\\/opd1-1.jpg?fit=600%2C600&ssl=1\",\"contentUrl\":\"https:\\\/\\\/i0.wp.com\\\/maxgold.gr\\\/wp-content\\\/uploads\\\/2024\\\/04\\\/opd1-1.jpg?fit=600%2C600&ssl=1\",\"width\":600,\"height\":600,\"caption\":\"xr:d:DAGAEi-IE8U:17,j:8610178885293507857,t:24032019\"},{\"@type\":\"BreadcrumbList\",\"@id\":\"https:\\\/\\\/maxgold.gr\\\/de\\\/shop\\\/ohrhaenger-silberne-schildkroeten-mit-blauem-synthetischem-opal-aus-925er-sterlingsilber\\\/#breadcrumb\",\"itemListElement\":[{\"@type\":\"ListItem\",\"position\":1,\"name\":\"Home\",\"item\":\"https:\\\/\\\/maxgold.gr\\\/de\\\/startseite\\\/\"},{\"@type\":\"ListItem\",\"position\":2,\"name\":\"Gesch\u00e4ft\",\"item\":\"https:\\\/\\\/maxgold.gr\\\/de\\\/%ce%ba%ce%b1%cf%84%ce%ac%cf%83%cf%84%ce%b7%ce%bc%ce%b1\\\/\"},{\"@type\":\"ListItem\",\"position\":3,\"name\":\"Ohrh\u00e4nger, &#8220;Silberne Schildkr\u00f6ten&#8221;, mit Blauem Synthetischem Opal, aus 925er Sterlingsilber\"}]},{\"@type\":\"WebSite\",\"@id\":\"https:\\\/\\\/maxgold.gr\\\/de\\\/#website\",\"url\":\"https:\\\/\\\/maxgold.gr\\\/de\\\/\",\"name\":\"Max Gold\",\"description\":\"Max Gold\",\"potentialAction\":[{\"@type\":\"SearchAction\",\"target\":{\"@type\":\"EntryPoint\",\"urlTemplate\":\"https:\\\/\\\/maxgold.gr\\\/de\\\/?s={search_term_string}\"},\"query-input\":{\"@type\":\"PropertyValueSpecification\",\"valueRequired\":true,\"valueName\":\"search_term_string\"}}],\"inLanguage\":\"de\"}]}<\/script>\n<!-- \/ Yoast SEO plugin. -->","yoast_head_json":{"title":"Ohrh\u00e4nger, \"Silberne Schildkr\u00f6ten\", mit Blauem Synthetischem Opal, aus 925er Sterlingsilber - Max Gold","robots":{"index":"index","follow":"follow","max-snippet":"max-snippet:-1","max-image-preview":"max-image-preview:large","max-video-preview":"max-video-preview:-1"},"canonical":"https:\/\/maxgold.gr\/de\/shop\/ohrhaenger-silberne-schildkroeten-mit-blauem-synthetischem-opal-aus-925er-sterlingsilber\/","og_locale":"de_DE","og_type":"article","og_title":"Ohrh\u00e4nger, \"Silberne Schildkr\u00f6ten\", mit Blauem Synthetischem Opal, aus 925er Sterlingsilber - Max Gold","og_description":"Die Ohrringe &#8222;Silberne Schildkr\u00f6ten&#8220; mit blauen synthetischen Opalsteinen aus 925er Silber sind ein einzigartiges und stilvolles Accessoire. Die kombination aus Schildkr\u00f6tendesign und leuchtend blauem Opalstein sorgt f\u00fcr einen wundersch\u00f6nen und auff\u00e4lligen Look. &nbsp; &nbsp; Produktdetails Ma\u00dfe: 1,2cm x 1,1cm x 0,3cm Edelstein: Synthetischer Opal Stil: Ohrh\u00e4nger Metall: Sterling Silber (925) Metallstempel: 925 Beschichtung: Rhodium Verschluss: [...]","og_url":"https:\/\/maxgold.gr\/de\/shop\/ohrhaenger-silberne-schildkroeten-mit-blauem-synthetischem-opal-aus-925er-sterlingsilber\/","og_site_name":"Max Gold","article_publisher":"https:\/\/www.facebook.com\/people\/Max-Gold\/61561801899896\/","og_image":[{"width":600,"height":600,"url":"https:\/\/i0.wp.com\/maxgold.gr\/wp-content\/uploads\/2024\/04\/opd1-1.jpg?fit=600%2C600&ssl=1","type":"image\/jpeg"}],"twitter_card":"summary_large_image","schema":{"@context":"https:\/\/schema.org","@graph":[{"@type":"WebPage","@id":"https:\/\/maxgold.gr\/de\/shop\/ohrhaenger-silberne-schildkroeten-mit-blauem-synthetischem-opal-aus-925er-sterlingsilber\/","url":"https:\/\/maxgold.gr\/de\/shop\/ohrhaenger-silberne-schildkroeten-mit-blauem-synthetischem-opal-aus-925er-sterlingsilber\/","name":"Ohrh\u00e4nger, \"Silberne Schildkr\u00f6ten\", mit Blauem Synthetischem Opal, aus 925er Sterlingsilber - Max Gold","isPartOf":{"@id":"https:\/\/maxgold.gr\/de\/#website"},"primaryImageOfPage":{"@id":"https:\/\/maxgold.gr\/de\/shop\/ohrhaenger-silberne-schildkroeten-mit-blauem-synthetischem-opal-aus-925er-sterlingsilber\/#primaryimage"},"image":{"@id":"https:\/\/maxgold.gr\/de\/shop\/ohrhaenger-silberne-schildkroeten-mit-blauem-synthetischem-opal-aus-925er-sterlingsilber\/#primaryimage"},"thumbnailUrl":"https:\/\/i0.wp.com\/maxgold.gr\/wp-content\/uploads\/2024\/04\/opd1-1.jpg?fit=600%2C600&ssl=1","datePublished":"2024-04-10T17:00:29+00:00","breadcrumb":{"@id":"https:\/\/maxgold.gr\/de\/shop\/ohrhaenger-silberne-schildkroeten-mit-blauem-synthetischem-opal-aus-925er-sterlingsilber\/#breadcrumb"},"inLanguage":"de","potentialAction":[{"@type":"ReadAction","target":["https:\/\/maxgold.gr\/de\/shop\/ohrhaenger-silberne-schildkroeten-mit-blauem-synthetischem-opal-aus-925er-sterlingsilber\/"]}]},{"@type":"ImageObject","inLanguage":"de","@id":"https:\/\/maxgold.gr\/de\/shop\/ohrhaenger-silberne-schildkroeten-mit-blauem-synthetischem-opal-aus-925er-sterlingsilber\/#primaryimage","url":"https:\/\/i0.wp.com\/maxgold.gr\/wp-content\/uploads\/2024\/04\/opd1-1.jpg?fit=600%2C600&ssl=1","contentUrl":"https:\/\/i0.wp.com\/maxgold.gr\/wp-content\/uploads\/2024\/04\/opd1-1.jpg?fit=600%2C600&ssl=1","width":600,"height":600,"caption":"xr:d:DAGAEi-IE8U:17,j:8610178885293507857,t:24032019"},{"@type":"BreadcrumbList","@id":"https:\/\/maxgold.gr\/de\/shop\/ohrhaenger-silberne-schildkroeten-mit-blauem-synthetischem-opal-aus-925er-sterlingsilber\/#breadcrumb","itemListElement":[{"@type":"ListItem","position":1,"name":"Home","item":"https:\/\/maxgold.gr\/de\/startseite\/"},{"@type":"ListItem","position":2,"name":"Gesch\u00e4ft","item":"https:\/\/maxgold.gr\/de\/%ce%ba%ce%b1%cf%84%ce%ac%cf%83%cf%84%ce%b7%ce%bc%ce%b1\/"},{"@type":"ListItem","position":3,"name":"Ohrh\u00e4nger, &#8220;Silberne Schildkr\u00f6ten&#8221;, mit Blauem Synthetischem Opal, aus 925er Sterlingsilber"}]},{"@type":"WebSite","@id":"https:\/\/maxgold.gr\/de\/#website","url":"https:\/\/maxgold.gr\/de\/","name":"Max Gold","description":"Max Gold","potentialAction":[{"@type":"SearchAction","target":{"@type":"EntryPoint","urlTemplate":"https:\/\/maxgold.gr\/de\/?s={search_term_string}"},"query-input":{"@type":"PropertyValueSpecification","valueRequired":true,"valueName":"search_term_string"}}],"inLanguage":"de"}]}},"jetpack_sharing_enabled":true,"_links":{"self":[{"href":"https:\/\/maxgold.gr\/de\/wp-json\/wp\/v2\/product\/5521","targetHints":{"allow":["GET"]}}],"collection":[{"href":"https:\/\/maxgold.gr\/de\/wp-json\/wp\/v2\/product"}],"about":[{"href":"https:\/\/maxgold.gr\/de\/wp-json\/wp\/v2\/types\/product"}],"replies":[{"embeddable":true,"href":"https:\/\/maxgold.gr\/de\/wp-json\/wp\/v2\/comments?post=5521"}],"wp:featuredmedia":[{"embeddable":true,"href":"https:\/\/maxgold.gr\/de\/wp-json\/wp\/v2\/media\/5522"}],"wp:attachment":[{"href":"https:\/\/maxgold.gr\/de\/wp-json\/wp\/v2\/media?parent=5521"}],"wp:term":[{"taxonomy":"product_brand","embeddable":true,"href":"https:\/\/maxgold.gr\/de\/wp-json\/wp\/v2\/product_brand?post=5521"},{"taxonomy":"product_cat","embeddable":true,"href":"https:\/\/maxgold.gr\/de\/wp-json\/wp\/v2\/product_cat?post=5521"},{"taxonomy":"product_tag","embeddable":true,"href":"https:\/\/maxgold.gr\/de\/wp-json\/wp\/v2\/product_tag?post=5521"}],"curies":[{"name":"wp","href":"https:\/\/api.w.org\/{rel}","templated":true}]}}