{"id":5583,"date":"2024-12-28T02:50:46","date_gmt":"2024-12-27T23:50:46","guid":{"rendered":"https:\/\/maxgold.gr\/?post_type=product&#038;p=5583"},"modified":"2024-12-29T15:42:05","modified_gmt":"2024-12-29T12:42:05","slug":"anhanger-grose-blaue-sonne-aus-925er-sterlingsilber-mit-synthetischem-blauem-opalstein-copy-copy","status":"publish","type":"product","link":"https:\/\/maxgold.gr\/de\/shop\/anhanger-grose-blaue-sonne-aus-925er-sterlingsilber-mit-synthetischem-blauem-opalstein-copy-copy\/","title":{"rendered":"Anh\u00e4nger &#8222;Kleine Blaue Sonne, Vergoldet&#8220;, aus 925er Sterlingsilber, Vergoldet, mit Synthetischem Blauem Opalstein"},"content":{"rendered":"<p>entdecken Sie Eleganz mit unserem atemberaubenden Anh\u00e4nger, der sorgf\u00e4ltig aus hochwertigem Sterlingsilber, vergoldet gefertigt wurde.<\/p>\n<p>Der Mittelpunkt dieses Anh\u00e4ngers ist ein bezaubernder synthetischer blauer Opalstein. <\/p>\n<p>&nbsp;<\/p>\n<h4><strong>Produktdetails<\/strong><\/h4>\n<p><strong>Anh\u00e4ngerma\u00dfe:<\/strong> 1,3cm x 1,3cm x 0.1cm <\/p>\n<p><strong>Edelstein:<\/strong> Synthetischer Blauer Opal<\/p>\n<p><strong>Metall:<\/strong> Sterling Silber (925)<\/p>\n<p><strong>Metallstempel:<\/strong> 925<\/p>\n<p><strong>Vergoldung: <\/strong>Gold<\/p>\n","protected":false},"excerpt":{"rendered":"<p>entdecken Sie Eleganz mit unserem atemberaubenden Anh\u00e4nger, der sorgf\u00e4ltig aus hochwertigem Sterlingsilber, vergoldet gefertigt wurde. Der Mittelpunkt dieses Anh\u00e4ngers ist ein bezaubernder synthetischer blauer Opalstein. &nbsp; Produktdetails Anh\u00e4ngerma\u00dfe: 1,3cm x 1,3cm x 0.1cm Edelstein: Synthetischer Blauer Opal Metall: Sterling Silber (925) Metallstempel: 925 Vergoldung: Gold<\/p>\n","protected":false},"featured_media":5586,"comment_status":"open","ping_status":"closed","template":"","meta":[],"product_brand":[],"product_cat":[532,439,516,713,463,434,432,435,624,510,470,724,511,535],"product_tag":[596,445,563,568,448,607,442,576],"class_list":{"0":"post-5583","1":"product","2":"type-product","3":"status-publish","4":"has-post-thumbnail","6":"product_cat-anhaenger-charms","7":"product_cat-damenschmuck","8":"product_cat-halsketten-anhaenger","9":"product_cat-kinderanhaenger","10":"product_cat-kinderschmuck","11":"product_cat-metall","12":"product_cat-neu-ankommen","13":"product_cat-sterling-silber-925","14":"product_cat-synthetischer","15":"product_cat-synthetischer-opal-vergoldet","16":"product_cat-kuenstliche-opal","17":"product_cat-vergoldet","18":"product_cat-vergoldete-anhaenger-charms-mit-synthetischem-opal","19":"product_cat-vergoldete-opalanhaenger-charms","20":"product_tag-anhaenger-de","21":"product_tag-blau","22":"product_tag-blauer-opal","23":"product_tag-charms-de","24":"product_tag-kubischer-zirkoniumdioxid","25":"product_tag-sonne","26":"product_tag-sterling-silber-925","27":"product_tag-vergoldet","29":"first","30":"instock","31":"taxable","32":"shipping-taxable","33":"purchasable","34":"product-type-simple","35":"add-to-wishlist-before_add_to_cart"},"yoast_head":"<!-- This site is optimized with the Yoast SEO plugin v27.5 - https:\/\/yoast.com\/product\/yoast-seo-wordpress\/ -->\n<title>Anh\u00e4nger &quot;Kleine Blaue Sonne, Vergoldet&quot;, aus 925er Sterlingsilber, Vergoldet, mit Synthetischem Blauem Opalstein - Max Gold<\/title>\n<meta name=\"robots\" content=\"index, follow, max-snippet:-1, max-image-preview:large, max-video-preview:-1\" \/>\n<link rel=\"canonical\" href=\"https:\/\/maxgold.gr\/de\/shop\/anhanger-grose-blaue-sonne-aus-925er-sterlingsilber-mit-synthetischem-blauem-opalstein-copy-copy\/\" \/>\n<meta property=\"og:locale\" content=\"de_DE\" \/>\n<meta property=\"og:type\" content=\"article\" \/>\n<meta property=\"og:title\" content=\"Anh\u00e4nger &quot;Kleine Blaue Sonne, Vergoldet&quot;, aus 925er Sterlingsilber, Vergoldet, mit Synthetischem Blauem Opalstein - Max Gold\" \/>\n<meta property=\"og:description\" content=\"entdecken Sie Eleganz mit unserem atemberaubenden Anh\u00e4nger, der sorgf\u00e4ltig aus hochwertigem Sterlingsilber, vergoldet gefertigt wurde. Der Mittelpunkt dieses Anh\u00e4ngers ist ein bezaubernder synthetischer blauer Opalstein. &nbsp; Produktdetails Anh\u00e4ngerma\u00dfe: 1,3cm x 1,3cm x 0.1cm Edelstein: Synthetischer Blauer Opal Metall: Sterling Silber (925) Metallstempel: 925 Vergoldung: Gold\" \/>\n<meta property=\"og:url\" content=\"https:\/\/maxgold.gr\/de\/shop\/anhanger-grose-blaue-sonne-aus-925er-sterlingsilber-mit-synthetischem-blauem-opalstein-copy-copy\/\" \/>\n<meta property=\"og:site_name\" content=\"Max Gold\" \/>\n<meta property=\"article:publisher\" content=\"https:\/\/www.facebook.com\/people\/Max-Gold\/61561801899896\/\" \/>\n<meta property=\"article:modified_time\" content=\"2024-12-29T12:42:05+00:00\" \/>\n<meta property=\"og:image\" content=\"https:\/\/i0.wp.com\/maxgold.gr\/wp-content\/uploads\/2024\/12\/op-22.jpg?fit=1200%2C1200&ssl=1\" \/>\n\t<meta property=\"og:image:width\" content=\"1200\" \/>\n\t<meta property=\"og:image:height\" content=\"1200\" \/>\n\t<meta property=\"og:image:type\" content=\"image\/jpeg\" \/>\n<meta name=\"twitter:card\" content=\"summary_large_image\" \/>\n<script type=\"application\/ld+json\" class=\"yoast-schema-graph\">{\"@context\":\"https:\\\/\\\/schema.org\",\"@graph\":[{\"@type\":\"WebPage\",\"@id\":\"https:\\\/\\\/maxgold.gr\\\/de\\\/shop\\\/anhanger-grose-blaue-sonne-aus-925er-sterlingsilber-mit-synthetischem-blauem-opalstein-copy-copy\\\/\",\"url\":\"https:\\\/\\\/maxgold.gr\\\/de\\\/shop\\\/anhanger-grose-blaue-sonne-aus-925er-sterlingsilber-mit-synthetischem-blauem-opalstein-copy-copy\\\/\",\"name\":\"Anh\u00e4nger \\\"Kleine Blaue Sonne, Vergoldet\\\", aus 925er Sterlingsilber, Vergoldet, mit Synthetischem Blauem Opalstein - Max Gold\",\"isPartOf\":{\"@id\":\"https:\\\/\\\/maxgold.gr\\\/de\\\/#website\"},\"primaryImageOfPage\":{\"@id\":\"https:\\\/\\\/maxgold.gr\\\/de\\\/shop\\\/anhanger-grose-blaue-sonne-aus-925er-sterlingsilber-mit-synthetischem-blauem-opalstein-copy-copy\\\/#primaryimage\"},\"image\":{\"@id\":\"https:\\\/\\\/maxgold.gr\\\/de\\\/shop\\\/anhanger-grose-blaue-sonne-aus-925er-sterlingsilber-mit-synthetischem-blauem-opalstein-copy-copy\\\/#primaryimage\"},\"thumbnailUrl\":\"https:\\\/\\\/i0.wp.com\\\/maxgold.gr\\\/wp-content\\\/uploads\\\/2024\\\/12\\\/op-22.jpg?fit=1200%2C1200&ssl=1\",\"datePublished\":\"2024-12-27T23:50:46+00:00\",\"dateModified\":\"2024-12-29T12:42:05+00:00\",\"breadcrumb\":{\"@id\":\"https:\\\/\\\/maxgold.gr\\\/de\\\/shop\\\/anhanger-grose-blaue-sonne-aus-925er-sterlingsilber-mit-synthetischem-blauem-opalstein-copy-copy\\\/#breadcrumb\"},\"inLanguage\":\"de\",\"potentialAction\":[{\"@type\":\"ReadAction\",\"target\":[\"https:\\\/\\\/maxgold.gr\\\/de\\\/shop\\\/anhanger-grose-blaue-sonne-aus-925er-sterlingsilber-mit-synthetischem-blauem-opalstein-copy-copy\\\/\"]}]},{\"@type\":\"ImageObject\",\"inLanguage\":\"de\",\"@id\":\"https:\\\/\\\/maxgold.gr\\\/de\\\/shop\\\/anhanger-grose-blaue-sonne-aus-925er-sterlingsilber-mit-synthetischem-blauem-opalstein-copy-copy\\\/#primaryimage\",\"url\":\"https:\\\/\\\/i0.wp.com\\\/maxgold.gr\\\/wp-content\\\/uploads\\\/2024\\\/12\\\/op-22.jpg?fit=1200%2C1200&ssl=1\",\"contentUrl\":\"https:\\\/\\\/i0.wp.com\\\/maxgold.gr\\\/wp-content\\\/uploads\\\/2024\\\/12\\\/op-22.jpg?fit=1200%2C1200&ssl=1\",\"width\":1200,\"height\":1200},{\"@type\":\"BreadcrumbList\",\"@id\":\"https:\\\/\\\/maxgold.gr\\\/de\\\/shop\\\/anhanger-grose-blaue-sonne-aus-925er-sterlingsilber-mit-synthetischem-blauem-opalstein-copy-copy\\\/#breadcrumb\",\"itemListElement\":[{\"@type\":\"ListItem\",\"position\":1,\"name\":\"Home\",\"item\":\"https:\\\/\\\/maxgold.gr\\\/de\\\/startseite\\\/\"},{\"@type\":\"ListItem\",\"position\":2,\"name\":\"Gesch\u00e4ft\",\"item\":\"https:\\\/\\\/maxgold.gr\\\/de\\\/%ce%ba%ce%b1%cf%84%ce%ac%cf%83%cf%84%ce%b7%ce%bc%ce%b1\\\/\"},{\"@type\":\"ListItem\",\"position\":3,\"name\":\"Anh\u00e4nger &#8222;Kleine Blaue Sonne, Vergoldet&#8220;, aus 925er Sterlingsilber, Vergoldet, mit Synthetischem Blauem Opalstein\"}]},{\"@type\":\"WebSite\",\"@id\":\"https:\\\/\\\/maxgold.gr\\\/de\\\/#website\",\"url\":\"https:\\\/\\\/maxgold.gr\\\/de\\\/\",\"name\":\"Max Gold\",\"description\":\"Max Gold\",\"potentialAction\":[{\"@type\":\"SearchAction\",\"target\":{\"@type\":\"EntryPoint\",\"urlTemplate\":\"https:\\\/\\\/maxgold.gr\\\/de\\\/?s={search_term_string}\"},\"query-input\":{\"@type\":\"PropertyValueSpecification\",\"valueRequired\":true,\"valueName\":\"search_term_string\"}}],\"inLanguage\":\"de\"}]}<\/script>\n<!-- \/ Yoast SEO plugin. -->","yoast_head_json":{"title":"Anh\u00e4nger \"Kleine Blaue Sonne, Vergoldet\", aus 925er Sterlingsilber, Vergoldet, mit Synthetischem Blauem Opalstein - Max Gold","robots":{"index":"index","follow":"follow","max-snippet":"max-snippet:-1","max-image-preview":"max-image-preview:large","max-video-preview":"max-video-preview:-1"},"canonical":"https:\/\/maxgold.gr\/de\/shop\/anhanger-grose-blaue-sonne-aus-925er-sterlingsilber-mit-synthetischem-blauem-opalstein-copy-copy\/","og_locale":"de_DE","og_type":"article","og_title":"Anh\u00e4nger \"Kleine Blaue Sonne, Vergoldet\", aus 925er Sterlingsilber, Vergoldet, mit Synthetischem Blauem Opalstein - Max Gold","og_description":"entdecken Sie Eleganz mit unserem atemberaubenden Anh\u00e4nger, der sorgf\u00e4ltig aus hochwertigem Sterlingsilber, vergoldet gefertigt wurde. Der Mittelpunkt dieses Anh\u00e4ngers ist ein bezaubernder synthetischer blauer Opalstein. &nbsp; Produktdetails Anh\u00e4ngerma\u00dfe: 1,3cm x 1,3cm x 0.1cm Edelstein: Synthetischer Blauer Opal Metall: Sterling Silber (925) Metallstempel: 925 Vergoldung: Gold","og_url":"https:\/\/maxgold.gr\/de\/shop\/anhanger-grose-blaue-sonne-aus-925er-sterlingsilber-mit-synthetischem-blauem-opalstein-copy-copy\/","og_site_name":"Max Gold","article_publisher":"https:\/\/www.facebook.com\/people\/Max-Gold\/61561801899896\/","article_modified_time":"2024-12-29T12:42:05+00:00","og_image":[{"width":1200,"height":1200,"url":"https:\/\/i0.wp.com\/maxgold.gr\/wp-content\/uploads\/2024\/12\/op-22.jpg?fit=1200%2C1200&ssl=1","type":"image\/jpeg"}],"twitter_card":"summary_large_image","schema":{"@context":"https:\/\/schema.org","@graph":[{"@type":"WebPage","@id":"https:\/\/maxgold.gr\/de\/shop\/anhanger-grose-blaue-sonne-aus-925er-sterlingsilber-mit-synthetischem-blauem-opalstein-copy-copy\/","url":"https:\/\/maxgold.gr\/de\/shop\/anhanger-grose-blaue-sonne-aus-925er-sterlingsilber-mit-synthetischem-blauem-opalstein-copy-copy\/","name":"Anh\u00e4nger \"Kleine Blaue Sonne, Vergoldet\", aus 925er Sterlingsilber, Vergoldet, mit Synthetischem Blauem Opalstein - Max Gold","isPartOf":{"@id":"https:\/\/maxgold.gr\/de\/#website"},"primaryImageOfPage":{"@id":"https:\/\/maxgold.gr\/de\/shop\/anhanger-grose-blaue-sonne-aus-925er-sterlingsilber-mit-synthetischem-blauem-opalstein-copy-copy\/#primaryimage"},"image":{"@id":"https:\/\/maxgold.gr\/de\/shop\/anhanger-grose-blaue-sonne-aus-925er-sterlingsilber-mit-synthetischem-blauem-opalstein-copy-copy\/#primaryimage"},"thumbnailUrl":"https:\/\/i0.wp.com\/maxgold.gr\/wp-content\/uploads\/2024\/12\/op-22.jpg?fit=1200%2C1200&ssl=1","datePublished":"2024-12-27T23:50:46+00:00","dateModified":"2024-12-29T12:42:05+00:00","breadcrumb":{"@id":"https:\/\/maxgold.gr\/de\/shop\/anhanger-grose-blaue-sonne-aus-925er-sterlingsilber-mit-synthetischem-blauem-opalstein-copy-copy\/#breadcrumb"},"inLanguage":"de","potentialAction":[{"@type":"ReadAction","target":["https:\/\/maxgold.gr\/de\/shop\/anhanger-grose-blaue-sonne-aus-925er-sterlingsilber-mit-synthetischem-blauem-opalstein-copy-copy\/"]}]},{"@type":"ImageObject","inLanguage":"de","@id":"https:\/\/maxgold.gr\/de\/shop\/anhanger-grose-blaue-sonne-aus-925er-sterlingsilber-mit-synthetischem-blauem-opalstein-copy-copy\/#primaryimage","url":"https:\/\/i0.wp.com\/maxgold.gr\/wp-content\/uploads\/2024\/12\/op-22.jpg?fit=1200%2C1200&ssl=1","contentUrl":"https:\/\/i0.wp.com\/maxgold.gr\/wp-content\/uploads\/2024\/12\/op-22.jpg?fit=1200%2C1200&ssl=1","width":1200,"height":1200},{"@type":"BreadcrumbList","@id":"https:\/\/maxgold.gr\/de\/shop\/anhanger-grose-blaue-sonne-aus-925er-sterlingsilber-mit-synthetischem-blauem-opalstein-copy-copy\/#breadcrumb","itemListElement":[{"@type":"ListItem","position":1,"name":"Home","item":"https:\/\/maxgold.gr\/de\/startseite\/"},{"@type":"ListItem","position":2,"name":"Gesch\u00e4ft","item":"https:\/\/maxgold.gr\/de\/%ce%ba%ce%b1%cf%84%ce%ac%cf%83%cf%84%ce%b7%ce%bc%ce%b1\/"},{"@type":"ListItem","position":3,"name":"Anh\u00e4nger &#8222;Kleine Blaue Sonne, Vergoldet&#8220;, aus 925er Sterlingsilber, Vergoldet, mit Synthetischem Blauem Opalstein"}]},{"@type":"WebSite","@id":"https:\/\/maxgold.gr\/de\/#website","url":"https:\/\/maxgold.gr\/de\/","name":"Max Gold","description":"Max Gold","potentialAction":[{"@type":"SearchAction","target":{"@type":"EntryPoint","urlTemplate":"https:\/\/maxgold.gr\/de\/?s={search_term_string}"},"query-input":{"@type":"PropertyValueSpecification","valueRequired":true,"valueName":"search_term_string"}}],"inLanguage":"de"}]}},"jetpack_sharing_enabled":true,"_links":{"self":[{"href":"https:\/\/maxgold.gr\/de\/wp-json\/wp\/v2\/product\/5583","targetHints":{"allow":["GET"]}}],"collection":[{"href":"https:\/\/maxgold.gr\/de\/wp-json\/wp\/v2\/product"}],"about":[{"href":"https:\/\/maxgold.gr\/de\/wp-json\/wp\/v2\/types\/product"}],"replies":[{"embeddable":true,"href":"https:\/\/maxgold.gr\/de\/wp-json\/wp\/v2\/comments?post=5583"}],"wp:featuredmedia":[{"embeddable":true,"href":"https:\/\/maxgold.gr\/de\/wp-json\/wp\/v2\/media\/5586"}],"wp:attachment":[{"href":"https:\/\/maxgold.gr\/de\/wp-json\/wp\/v2\/media?parent=5583"}],"wp:term":[{"taxonomy":"product_brand","embeddable":true,"href":"https:\/\/maxgold.gr\/de\/wp-json\/wp\/v2\/product_brand?post=5583"},{"taxonomy":"product_cat","embeddable":true,"href":"https:\/\/maxgold.gr\/de\/wp-json\/wp\/v2\/product_cat?post=5583"},{"taxonomy":"product_tag","embeddable":true,"href":"https:\/\/maxgold.gr\/de\/wp-json\/wp\/v2\/product_tag?post=5583"}],"curies":[{"name":"wp","href":"https:\/\/api.w.org\/{rel}","templated":true}]}}