{"id":5644,"date":"2024-06-29T23:27:17","date_gmt":"2024-06-29T20:27:17","guid":{"rendered":"https:\/\/maxgold.gr\/shop\/silberner-zehenring-skorpion-aus-925er-sterling-silber\/"},"modified":"2025-01-08T01:15:39","modified_gmt":"2025-01-07T22:15:39","slug":"silberner-zehenring-skorpion-aus-925er-sterling-silber","status":"publish","type":"product","link":"https:\/\/maxgold.gr\/de\/shop\/silberner-zehenring-skorpion-aus-925er-sterling-silber\/","title":{"rendered":"Silberner Zehenring &#8222;Skorpion&#8220;, aus 925er Sterling Silber<br>"},"content":{"rendered":"<p>Sein verstellbares Design gew\u00e4hrleistet eine bequeme Passform f\u00fcr verschiedene Zehengr\u00f6\u00dfen. <\/p>\n<p>&nbsp;<\/p>\n<p>&nbsp;<\/p>\n<h4><strong>Produktdetails<\/strong><\/h4>\n<p><strong>Gr\u00f6\u00dfe: <\/strong>41, Verstellbar<\/p>\n<p><strong>Width: <\/strong>5,6mm<\/p>\n<p><strong>Metall:<\/strong> Sterling Silber (925)<\/p>\n<p><strong>Metallstempel:<\/strong> 925<\/p>\n<p>&nbsp;<\/p>\n","protected":false},"excerpt":{"rendered":"<p>Sein verstellbares Design gew\u00e4hrleistet eine bequeme Passform f\u00fcr verschiedene Zehengr\u00f6\u00dfen. &nbsp; &nbsp; Produktdetails Gr\u00f6\u00dfe: 41, Verstellbar Width: 5,6mm Metall: Sterling Silber (925) Metallstempel: 925 &nbsp;<\/p>\n","protected":false},"featured_media":5645,"comment_status":"open","ping_status":"closed","template":"","meta":[],"product_brand":[],"product_cat":[439,434,432,538,726,435,466,541],"product_tag":[606,442,587],"class_list":{"0":"post-5644","1":"product","2":"type-product","3":"status-publish","4":"has-post-thumbnail","6":"product_cat-damenschmuck","7":"product_cat-metall","8":"product_cat-neu-ankommen","9":"product_cat-ringe","10":"product_cat-silber","11":"product_cat-sterling-silber-925","12":"product_cat-suesse-tiere","13":"product_cat-zehenringe","14":"product_tag-skorpione","15":"product_tag-sterling-silber-925","16":"product_tag-tiere","18":"first","19":"instock","20":"taxable","21":"shipping-taxable","22":"purchasable","23":"product-type-simple","24":"add-to-wishlist-before_add_to_cart"},"yoast_head":"<!-- This site is optimized with the Yoast SEO plugin v27.5 - https:\/\/yoast.com\/product\/yoast-seo-wordpress\/ -->\n<title>Silberner Zehenring &quot;Skorpion&quot;, aus 925er Sterling Silber - Max Gold<\/title>\n<meta name=\"robots\" content=\"index, follow, max-snippet:-1, max-image-preview:large, max-video-preview:-1\" \/>\n<link rel=\"canonical\" href=\"https:\/\/maxgold.gr\/de\/shop\/silberner-zehenring-skorpion-aus-925er-sterling-silber\/\" \/>\n<meta property=\"og:locale\" content=\"de_DE\" \/>\n<meta property=\"og:type\" content=\"article\" \/>\n<meta property=\"og:title\" content=\"Silberner Zehenring &quot;Skorpion&quot;, aus 925er Sterling Silber - Max Gold\" \/>\n<meta property=\"og:description\" content=\"Sein verstellbares Design gew\u00e4hrleistet eine bequeme Passform f\u00fcr verschiedene Zehengr\u00f6\u00dfen. &nbsp; &nbsp; Produktdetails Gr\u00f6\u00dfe: 41, Verstellbar Width: 5,6mm Metall: Sterling Silber (925) Metallstempel: 925 &nbsp;\" \/>\n<meta property=\"og:url\" content=\"https:\/\/maxgold.gr\/de\/shop\/silberner-zehenring-skorpion-aus-925er-sterling-silber\/\" \/>\n<meta property=\"og:site_name\" content=\"Max Gold\" \/>\n<meta property=\"article:publisher\" content=\"https:\/\/www.facebook.com\/people\/Max-Gold\/61561801899896\/\" \/>\n<meta property=\"article:modified_time\" content=\"2025-01-07T22:15:39+00:00\" \/>\n<meta property=\"og:image\" content=\"https:\/\/i0.wp.com\/maxgold.gr\/wp-content\/uploads\/2024\/06\/fr-4b.jpg?fit=600%2C600&ssl=1\" \/>\n\t<meta property=\"og:image:width\" content=\"600\" \/>\n\t<meta property=\"og:image:height\" content=\"600\" \/>\n\t<meta property=\"og:image:type\" content=\"image\/jpeg\" \/>\n<meta name=\"twitter:card\" content=\"summary_large_image\" \/>\n<script type=\"application\/ld+json\" class=\"yoast-schema-graph\">{\"@context\":\"https:\\\/\\\/schema.org\",\"@graph\":[{\"@type\":\"WebPage\",\"@id\":\"https:\\\/\\\/maxgold.gr\\\/de\\\/shop\\\/silberner-zehenring-skorpion-aus-925er-sterling-silber\\\/\",\"url\":\"https:\\\/\\\/maxgold.gr\\\/de\\\/shop\\\/silberner-zehenring-skorpion-aus-925er-sterling-silber\\\/\",\"name\":\"Silberner Zehenring \\\"Skorpion\\\", aus 925er Sterling Silber - Max Gold\",\"isPartOf\":{\"@id\":\"https:\\\/\\\/maxgold.gr\\\/de\\\/#website\"},\"primaryImageOfPage\":{\"@id\":\"https:\\\/\\\/maxgold.gr\\\/de\\\/shop\\\/silberner-zehenring-skorpion-aus-925er-sterling-silber\\\/#primaryimage\"},\"image\":{\"@id\":\"https:\\\/\\\/maxgold.gr\\\/de\\\/shop\\\/silberner-zehenring-skorpion-aus-925er-sterling-silber\\\/#primaryimage\"},\"thumbnailUrl\":\"https:\\\/\\\/i0.wp.com\\\/maxgold.gr\\\/wp-content\\\/uploads\\\/2024\\\/06\\\/fr-4b.jpg?fit=600%2C600&ssl=1\",\"datePublished\":\"2024-06-29T20:27:17+00:00\",\"dateModified\":\"2025-01-07T22:15:39+00:00\",\"breadcrumb\":{\"@id\":\"https:\\\/\\\/maxgold.gr\\\/de\\\/shop\\\/silberner-zehenring-skorpion-aus-925er-sterling-silber\\\/#breadcrumb\"},\"inLanguage\":\"de\",\"potentialAction\":[{\"@type\":\"ReadAction\",\"target\":[\"https:\\\/\\\/maxgold.gr\\\/de\\\/shop\\\/silberner-zehenring-skorpion-aus-925er-sterling-silber\\\/\"]}]},{\"@type\":\"ImageObject\",\"inLanguage\":\"de\",\"@id\":\"https:\\\/\\\/maxgold.gr\\\/de\\\/shop\\\/silberner-zehenring-skorpion-aus-925er-sterling-silber\\\/#primaryimage\",\"url\":\"https:\\\/\\\/i0.wp.com\\\/maxgold.gr\\\/wp-content\\\/uploads\\\/2024\\\/06\\\/fr-4b.jpg?fit=600%2C600&ssl=1\",\"contentUrl\":\"https:\\\/\\\/i0.wp.com\\\/maxgold.gr\\\/wp-content\\\/uploads\\\/2024\\\/06\\\/fr-4b.jpg?fit=600%2C600&ssl=1\",\"width\":600,\"height\":600},{\"@type\":\"BreadcrumbList\",\"@id\":\"https:\\\/\\\/maxgold.gr\\\/de\\\/shop\\\/silberner-zehenring-skorpion-aus-925er-sterling-silber\\\/#breadcrumb\",\"itemListElement\":[{\"@type\":\"ListItem\",\"position\":1,\"name\":\"Home\",\"item\":\"https:\\\/\\\/maxgold.gr\\\/de\\\/startseite\\\/\"},{\"@type\":\"ListItem\",\"position\":2,\"name\":\"Gesch\u00e4ft\",\"item\":\"https:\\\/\\\/maxgold.gr\\\/de\\\/%ce%ba%ce%b1%cf%84%ce%ac%cf%83%cf%84%ce%b7%ce%bc%ce%b1\\\/\"},{\"@type\":\"ListItem\",\"position\":3,\"name\":\"Silberner Zehenring &#8220;Skorpion&#8221;, aus 925er Sterling Silber\"}]},{\"@type\":\"WebSite\",\"@id\":\"https:\\\/\\\/maxgold.gr\\\/de\\\/#website\",\"url\":\"https:\\\/\\\/maxgold.gr\\\/de\\\/\",\"name\":\"Max Gold\",\"description\":\"Max Gold\",\"potentialAction\":[{\"@type\":\"SearchAction\",\"target\":{\"@type\":\"EntryPoint\",\"urlTemplate\":\"https:\\\/\\\/maxgold.gr\\\/de\\\/?s={search_term_string}\"},\"query-input\":{\"@type\":\"PropertyValueSpecification\",\"valueRequired\":true,\"valueName\":\"search_term_string\"}}],\"inLanguage\":\"de\"}]}<\/script>\n<!-- \/ Yoast SEO plugin. -->","yoast_head_json":{"title":"Silberner Zehenring \"Skorpion\", aus 925er Sterling Silber - Max Gold","robots":{"index":"index","follow":"follow","max-snippet":"max-snippet:-1","max-image-preview":"max-image-preview:large","max-video-preview":"max-video-preview:-1"},"canonical":"https:\/\/maxgold.gr\/de\/shop\/silberner-zehenring-skorpion-aus-925er-sterling-silber\/","og_locale":"de_DE","og_type":"article","og_title":"Silberner Zehenring \"Skorpion\", aus 925er Sterling Silber - Max Gold","og_description":"Sein verstellbares Design gew\u00e4hrleistet eine bequeme Passform f\u00fcr verschiedene Zehengr\u00f6\u00dfen. &nbsp; &nbsp; Produktdetails Gr\u00f6\u00dfe: 41, Verstellbar Width: 5,6mm Metall: Sterling Silber (925) Metallstempel: 925 &nbsp;","og_url":"https:\/\/maxgold.gr\/de\/shop\/silberner-zehenring-skorpion-aus-925er-sterling-silber\/","og_site_name":"Max Gold","article_publisher":"https:\/\/www.facebook.com\/people\/Max-Gold\/61561801899896\/","article_modified_time":"2025-01-07T22:15:39+00:00","og_image":[{"width":600,"height":600,"url":"https:\/\/i0.wp.com\/maxgold.gr\/wp-content\/uploads\/2024\/06\/fr-4b.jpg?fit=600%2C600&ssl=1","type":"image\/jpeg"}],"twitter_card":"summary_large_image","schema":{"@context":"https:\/\/schema.org","@graph":[{"@type":"WebPage","@id":"https:\/\/maxgold.gr\/de\/shop\/silberner-zehenring-skorpion-aus-925er-sterling-silber\/","url":"https:\/\/maxgold.gr\/de\/shop\/silberner-zehenring-skorpion-aus-925er-sterling-silber\/","name":"Silberner Zehenring \"Skorpion\", aus 925er Sterling Silber - Max Gold","isPartOf":{"@id":"https:\/\/maxgold.gr\/de\/#website"},"primaryImageOfPage":{"@id":"https:\/\/maxgold.gr\/de\/shop\/silberner-zehenring-skorpion-aus-925er-sterling-silber\/#primaryimage"},"image":{"@id":"https:\/\/maxgold.gr\/de\/shop\/silberner-zehenring-skorpion-aus-925er-sterling-silber\/#primaryimage"},"thumbnailUrl":"https:\/\/i0.wp.com\/maxgold.gr\/wp-content\/uploads\/2024\/06\/fr-4b.jpg?fit=600%2C600&ssl=1","datePublished":"2024-06-29T20:27:17+00:00","dateModified":"2025-01-07T22:15:39+00:00","breadcrumb":{"@id":"https:\/\/maxgold.gr\/de\/shop\/silberner-zehenring-skorpion-aus-925er-sterling-silber\/#breadcrumb"},"inLanguage":"de","potentialAction":[{"@type":"ReadAction","target":["https:\/\/maxgold.gr\/de\/shop\/silberner-zehenring-skorpion-aus-925er-sterling-silber\/"]}]},{"@type":"ImageObject","inLanguage":"de","@id":"https:\/\/maxgold.gr\/de\/shop\/silberner-zehenring-skorpion-aus-925er-sterling-silber\/#primaryimage","url":"https:\/\/i0.wp.com\/maxgold.gr\/wp-content\/uploads\/2024\/06\/fr-4b.jpg?fit=600%2C600&ssl=1","contentUrl":"https:\/\/i0.wp.com\/maxgold.gr\/wp-content\/uploads\/2024\/06\/fr-4b.jpg?fit=600%2C600&ssl=1","width":600,"height":600},{"@type":"BreadcrumbList","@id":"https:\/\/maxgold.gr\/de\/shop\/silberner-zehenring-skorpion-aus-925er-sterling-silber\/#breadcrumb","itemListElement":[{"@type":"ListItem","position":1,"name":"Home","item":"https:\/\/maxgold.gr\/de\/startseite\/"},{"@type":"ListItem","position":2,"name":"Gesch\u00e4ft","item":"https:\/\/maxgold.gr\/de\/%ce%ba%ce%b1%cf%84%ce%ac%cf%83%cf%84%ce%b7%ce%bc%ce%b1\/"},{"@type":"ListItem","position":3,"name":"Silberner Zehenring &#8220;Skorpion&#8221;, aus 925er Sterling Silber"}]},{"@type":"WebSite","@id":"https:\/\/maxgold.gr\/de\/#website","url":"https:\/\/maxgold.gr\/de\/","name":"Max Gold","description":"Max Gold","potentialAction":[{"@type":"SearchAction","target":{"@type":"EntryPoint","urlTemplate":"https:\/\/maxgold.gr\/de\/?s={search_term_string}"},"query-input":{"@type":"PropertyValueSpecification","valueRequired":true,"valueName":"search_term_string"}}],"inLanguage":"de"}]}},"jetpack_sharing_enabled":true,"_links":{"self":[{"href":"https:\/\/maxgold.gr\/de\/wp-json\/wp\/v2\/product\/5644","targetHints":{"allow":["GET"]}}],"collection":[{"href":"https:\/\/maxgold.gr\/de\/wp-json\/wp\/v2\/product"}],"about":[{"href":"https:\/\/maxgold.gr\/de\/wp-json\/wp\/v2\/types\/product"}],"replies":[{"embeddable":true,"href":"https:\/\/maxgold.gr\/de\/wp-json\/wp\/v2\/comments?post=5644"}],"wp:featuredmedia":[{"embeddable":true,"href":"https:\/\/maxgold.gr\/de\/wp-json\/wp\/v2\/media\/5645"}],"wp:attachment":[{"href":"https:\/\/maxgold.gr\/de\/wp-json\/wp\/v2\/media?parent=5644"}],"wp:term":[{"taxonomy":"product_brand","embeddable":true,"href":"https:\/\/maxgold.gr\/de\/wp-json\/wp\/v2\/product_brand?post=5644"},{"taxonomy":"product_cat","embeddable":true,"href":"https:\/\/maxgold.gr\/de\/wp-json\/wp\/v2\/product_cat?post=5644"},{"taxonomy":"product_tag","embeddable":true,"href":"https:\/\/maxgold.gr\/de\/wp-json\/wp\/v2\/product_tag?post=5644"}],"curies":[{"name":"wp","href":"https:\/\/api.w.org\/{rel}","templated":true}]}}