{"id":5658,"date":"2025-01-10T04:37:25","date_gmt":"2025-01-10T01:37:25","guid":{"rendered":"https:\/\/maxgold.gr\/?post_type=product&#038;p=5658"},"modified":"2025-01-10T04:58:30","modified_gmt":"2025-01-10T01:58:30","slug":"griechisches-auge-ohrstecker-soalinas-eye-rose-aus-925-sterling-silber-rose-vergoldet-mit-kubische-zirkonia-copy-2","status":"publish","type":"product","link":"https:\/\/maxgold.gr\/de\/shop\/griechisches-auge-ohrstecker-soalinas-eye-rose-aus-925-sterling-silber-rose-vergoldet-mit-kubische-zirkonia-copy-2\/","title":{"rendered":"Ohrstecker mit Griechische Auge &#8222;Soalinas Eye Silver&#8220; aus 925er Sterlingsilber, mit CZ"},"content":{"rendered":"<p><span style=\"color: #000000;\">&#8211; Das Motiv des b\u00f6sen Auges ist in der griechischen Kultur ein beliebtes Symbol, das vor negativer Energie sch\u00fctzen soll. Diese Ohrringe sind nicht nur sch\u00f6n, sondern haben auch eine bedeutende kulturelle Bedeutung, die sie zu einer einzigartigen und auff\u00e4lligen Erg\u00e4nzung jeder Schmucksammlung macht.<\/span><\/p>\n<p dir=\"ltr\"><span style=\"color: #000000;\">Dank des sicheren Steckverschluss lassen sich diese Ohrringe leicht an- und ablegen und bieten Komfort und Bequemlichkeit f\u00fcr das t\u00e4gliche Tragen.<br \/>\n<\/span><\/p>\n<p>&nbsp;<\/p>\n<p>&nbsp;<\/p>\n<h4><strong>Produktdetails<\/strong><\/h4>\n<p><strong>Ma\u00dfe:<\/strong> 0,6cm x 0,6cm x 0,2cm + 1,1cm Pfosten<\/p>\n<p><strong>Edelstein: <\/strong> Wei\u00dfer Kubischer Zirkonia<\/p>\n<p><strong>Stil:<\/strong> Ohrstecker<\/p>\n<p><strong>Metall:<\/strong> Sterling Silber (925)<\/p>\n<p><strong>Metallstempel:<\/strong> 925<\/p>\n<p><strong>Beschichtung: <\/strong>Rhodium<\/p>\n<p><strong>Verschl\u00fcsse: <\/strong>Steckverschluss<strong><br \/>\n<\/strong><\/p>\n<p>&nbsp;<\/p>\n<p>&nbsp;<\/p>\n","protected":false},"excerpt":{"rendered":"<p><span style=\"color: #000000;\"> <\/span><\/p>\n<p><span style=\"color: #000000;\"> <\/span><\/p>\n","protected":false},"featured_media":5660,"comment_status":"open","ping_status":"closed","template":"","meta":[],"product_brand":[],"product_cat":[439,446,434,432,431,433,447,726,435],"product_tag":[445,449,448,441,442],"class_list":{"0":"post-5658","1":"product","2":"type-product","3":"status-publish","4":"has-post-thumbnail","6":"product_cat-damenschmuck","7":"product_cat-griechisches-auge-kollektion","8":"product_cat-metall","9":"product_cat-neu-ankommen","10":"product_cat-ohrringe","11":"product_cat-ohrstecker","12":"product_cat-ohrstecker-silber","13":"product_cat-silber","14":"product_cat-sterling-silber-925","15":"product_tag-blau","16":"product_tag-griechisches-boses-auge-kollektion","17":"product_tag-kubischer-zirkoniumdioxid","18":"product_tag-ohrstecker","19":"product_tag-sterling-silber-925","21":"first","22":"instock","23":"taxable","24":"shipping-taxable","25":"purchasable","26":"product-type-simple","27":"add-to-wishlist-before_add_to_cart"},"yoast_head":"<!-- This site is optimized with the Yoast SEO plugin v27.5 - https:\/\/yoast.com\/product\/yoast-seo-wordpress\/ -->\n<title>Ohrstecker mit Griechische Auge &quot;Soalinas Eye Silver&quot; aus 925er Sterlingsilber, mit CZ - Max Gold<\/title>\n<meta name=\"robots\" content=\"index, follow, max-snippet:-1, max-image-preview:large, max-video-preview:-1\" \/>\n<link rel=\"canonical\" href=\"https:\/\/maxgold.gr\/de\/shop\/griechisches-auge-ohrstecker-soalinas-eye-rose-aus-925-sterling-silber-rose-vergoldet-mit-kubische-zirkonia-copy-2\/\" \/>\n<meta property=\"og:locale\" content=\"de_DE\" \/>\n<meta property=\"og:type\" content=\"article\" \/>\n<meta property=\"og:title\" content=\"Ohrstecker mit Griechische Auge &quot;Soalinas Eye Silver&quot; aus 925er Sterlingsilber, mit CZ - Max Gold\" \/>\n<meta property=\"og:url\" content=\"https:\/\/maxgold.gr\/de\/shop\/griechisches-auge-ohrstecker-soalinas-eye-rose-aus-925-sterling-silber-rose-vergoldet-mit-kubische-zirkonia-copy-2\/\" \/>\n<meta property=\"og:site_name\" content=\"Max Gold\" \/>\n<meta property=\"article:publisher\" content=\"https:\/\/www.facebook.com\/people\/Max-Gold\/61561801899896\/\" \/>\n<meta property=\"article:modified_time\" content=\"2025-01-10T01:58:30+00:00\" \/>\n<meta property=\"og:image\" content=\"https:\/\/i0.wp.com\/maxgold.gr\/wp-content\/uploads\/2025\/01\/eee-3a-3pic-1490E-06x06x0111.jpg?fit=1200%2C1200&ssl=1\" \/>\n\t<meta property=\"og:image:width\" content=\"1200\" \/>\n\t<meta property=\"og:image:height\" content=\"1200\" \/>\n\t<meta property=\"og:image:type\" content=\"image\/jpeg\" \/>\n<meta name=\"twitter:card\" content=\"summary_large_image\" \/>\n<meta name=\"twitter:label1\" content=\"Gesch\u00e4tzte Lesezeit\" \/>\n\t<meta name=\"twitter:data1\" content=\"1\u00a0Minute\" \/>\n<script type=\"application\/ld+json\" class=\"yoast-schema-graph\">{\"@context\":\"https:\\\/\\\/schema.org\",\"@graph\":[{\"@type\":\"WebPage\",\"@id\":\"https:\\\/\\\/maxgold.gr\\\/de\\\/shop\\\/griechisches-auge-ohrstecker-soalinas-eye-rose-aus-925-sterling-silber-rose-vergoldet-mit-kubische-zirkonia-copy-2\\\/\",\"url\":\"https:\\\/\\\/maxgold.gr\\\/de\\\/shop\\\/griechisches-auge-ohrstecker-soalinas-eye-rose-aus-925-sterling-silber-rose-vergoldet-mit-kubische-zirkonia-copy-2\\\/\",\"name\":\"Ohrstecker mit Griechische Auge \\\"Soalinas Eye Silver\\\" aus 925er Sterlingsilber, mit CZ - Max Gold\",\"isPartOf\":{\"@id\":\"https:\\\/\\\/maxgold.gr\\\/de\\\/#website\"},\"primaryImageOfPage\":{\"@id\":\"https:\\\/\\\/maxgold.gr\\\/de\\\/shop\\\/griechisches-auge-ohrstecker-soalinas-eye-rose-aus-925-sterling-silber-rose-vergoldet-mit-kubische-zirkonia-copy-2\\\/#primaryimage\"},\"image\":{\"@id\":\"https:\\\/\\\/maxgold.gr\\\/de\\\/shop\\\/griechisches-auge-ohrstecker-soalinas-eye-rose-aus-925-sterling-silber-rose-vergoldet-mit-kubische-zirkonia-copy-2\\\/#primaryimage\"},\"thumbnailUrl\":\"https:\\\/\\\/i0.wp.com\\\/maxgold.gr\\\/wp-content\\\/uploads\\\/2025\\\/01\\\/eee-3a-3pic-1490E-06x06x0111.jpg?fit=1200%2C1200&ssl=1\",\"datePublished\":\"2025-01-10T01:37:25+00:00\",\"dateModified\":\"2025-01-10T01:58:30+00:00\",\"breadcrumb\":{\"@id\":\"https:\\\/\\\/maxgold.gr\\\/de\\\/shop\\\/griechisches-auge-ohrstecker-soalinas-eye-rose-aus-925-sterling-silber-rose-vergoldet-mit-kubische-zirkonia-copy-2\\\/#breadcrumb\"},\"inLanguage\":\"de\",\"potentialAction\":[{\"@type\":\"ReadAction\",\"target\":[\"https:\\\/\\\/maxgold.gr\\\/de\\\/shop\\\/griechisches-auge-ohrstecker-soalinas-eye-rose-aus-925-sterling-silber-rose-vergoldet-mit-kubische-zirkonia-copy-2\\\/\"]}]},{\"@type\":\"ImageObject\",\"inLanguage\":\"de\",\"@id\":\"https:\\\/\\\/maxgold.gr\\\/de\\\/shop\\\/griechisches-auge-ohrstecker-soalinas-eye-rose-aus-925-sterling-silber-rose-vergoldet-mit-kubische-zirkonia-copy-2\\\/#primaryimage\",\"url\":\"https:\\\/\\\/i0.wp.com\\\/maxgold.gr\\\/wp-content\\\/uploads\\\/2025\\\/01\\\/eee-3a-3pic-1490E-06x06x0111.jpg?fit=1200%2C1200&ssl=1\",\"contentUrl\":\"https:\\\/\\\/i0.wp.com\\\/maxgold.gr\\\/wp-content\\\/uploads\\\/2025\\\/01\\\/eee-3a-3pic-1490E-06x06x0111.jpg?fit=1200%2C1200&ssl=1\",\"width\":1200,\"height\":1200},{\"@type\":\"BreadcrumbList\",\"@id\":\"https:\\\/\\\/maxgold.gr\\\/de\\\/shop\\\/griechisches-auge-ohrstecker-soalinas-eye-rose-aus-925-sterling-silber-rose-vergoldet-mit-kubische-zirkonia-copy-2\\\/#breadcrumb\",\"itemListElement\":[{\"@type\":\"ListItem\",\"position\":1,\"name\":\"Home\",\"item\":\"https:\\\/\\\/maxgold.gr\\\/de\\\/startseite\\\/\"},{\"@type\":\"ListItem\",\"position\":2,\"name\":\"Gesch\u00e4ft\",\"item\":\"https:\\\/\\\/maxgold.gr\\\/de\\\/%ce%ba%ce%b1%cf%84%ce%ac%cf%83%cf%84%ce%b7%ce%bc%ce%b1\\\/\"},{\"@type\":\"ListItem\",\"position\":3,\"name\":\"Ohrstecker mit Griechische Auge &#8222;Soalinas Eye Silver&#8220; aus 925er Sterlingsilber, mit CZ\"}]},{\"@type\":\"WebSite\",\"@id\":\"https:\\\/\\\/maxgold.gr\\\/de\\\/#website\",\"url\":\"https:\\\/\\\/maxgold.gr\\\/de\\\/\",\"name\":\"Max Gold\",\"description\":\"Max Gold\",\"potentialAction\":[{\"@type\":\"SearchAction\",\"target\":{\"@type\":\"EntryPoint\",\"urlTemplate\":\"https:\\\/\\\/maxgold.gr\\\/de\\\/?s={search_term_string}\"},\"query-input\":{\"@type\":\"PropertyValueSpecification\",\"valueRequired\":true,\"valueName\":\"search_term_string\"}}],\"inLanguage\":\"de\"}]}<\/script>\n<!-- \/ Yoast SEO plugin. -->","yoast_head_json":{"title":"Ohrstecker mit Griechische Auge \"Soalinas Eye Silver\" aus 925er Sterlingsilber, mit CZ - Max Gold","robots":{"index":"index","follow":"follow","max-snippet":"max-snippet:-1","max-image-preview":"max-image-preview:large","max-video-preview":"max-video-preview:-1"},"canonical":"https:\/\/maxgold.gr\/de\/shop\/griechisches-auge-ohrstecker-soalinas-eye-rose-aus-925-sterling-silber-rose-vergoldet-mit-kubische-zirkonia-copy-2\/","og_locale":"de_DE","og_type":"article","og_title":"Ohrstecker mit Griechische Auge \"Soalinas Eye Silver\" aus 925er Sterlingsilber, mit CZ - Max Gold","og_url":"https:\/\/maxgold.gr\/de\/shop\/griechisches-auge-ohrstecker-soalinas-eye-rose-aus-925-sterling-silber-rose-vergoldet-mit-kubische-zirkonia-copy-2\/","og_site_name":"Max Gold","article_publisher":"https:\/\/www.facebook.com\/people\/Max-Gold\/61561801899896\/","article_modified_time":"2025-01-10T01:58:30+00:00","og_image":[{"width":1200,"height":1200,"url":"https:\/\/i0.wp.com\/maxgold.gr\/wp-content\/uploads\/2025\/01\/eee-3a-3pic-1490E-06x06x0111.jpg?fit=1200%2C1200&ssl=1","type":"image\/jpeg"}],"twitter_card":"summary_large_image","twitter_misc":{"Gesch\u00e4tzte Lesezeit":"1\u00a0Minute"},"schema":{"@context":"https:\/\/schema.org","@graph":[{"@type":"WebPage","@id":"https:\/\/maxgold.gr\/de\/shop\/griechisches-auge-ohrstecker-soalinas-eye-rose-aus-925-sterling-silber-rose-vergoldet-mit-kubische-zirkonia-copy-2\/","url":"https:\/\/maxgold.gr\/de\/shop\/griechisches-auge-ohrstecker-soalinas-eye-rose-aus-925-sterling-silber-rose-vergoldet-mit-kubische-zirkonia-copy-2\/","name":"Ohrstecker mit Griechische Auge \"Soalinas Eye Silver\" aus 925er Sterlingsilber, mit CZ - Max Gold","isPartOf":{"@id":"https:\/\/maxgold.gr\/de\/#website"},"primaryImageOfPage":{"@id":"https:\/\/maxgold.gr\/de\/shop\/griechisches-auge-ohrstecker-soalinas-eye-rose-aus-925-sterling-silber-rose-vergoldet-mit-kubische-zirkonia-copy-2\/#primaryimage"},"image":{"@id":"https:\/\/maxgold.gr\/de\/shop\/griechisches-auge-ohrstecker-soalinas-eye-rose-aus-925-sterling-silber-rose-vergoldet-mit-kubische-zirkonia-copy-2\/#primaryimage"},"thumbnailUrl":"https:\/\/i0.wp.com\/maxgold.gr\/wp-content\/uploads\/2025\/01\/eee-3a-3pic-1490E-06x06x0111.jpg?fit=1200%2C1200&ssl=1","datePublished":"2025-01-10T01:37:25+00:00","dateModified":"2025-01-10T01:58:30+00:00","breadcrumb":{"@id":"https:\/\/maxgold.gr\/de\/shop\/griechisches-auge-ohrstecker-soalinas-eye-rose-aus-925-sterling-silber-rose-vergoldet-mit-kubische-zirkonia-copy-2\/#breadcrumb"},"inLanguage":"de","potentialAction":[{"@type":"ReadAction","target":["https:\/\/maxgold.gr\/de\/shop\/griechisches-auge-ohrstecker-soalinas-eye-rose-aus-925-sterling-silber-rose-vergoldet-mit-kubische-zirkonia-copy-2\/"]}]},{"@type":"ImageObject","inLanguage":"de","@id":"https:\/\/maxgold.gr\/de\/shop\/griechisches-auge-ohrstecker-soalinas-eye-rose-aus-925-sterling-silber-rose-vergoldet-mit-kubische-zirkonia-copy-2\/#primaryimage","url":"https:\/\/i0.wp.com\/maxgold.gr\/wp-content\/uploads\/2025\/01\/eee-3a-3pic-1490E-06x06x0111.jpg?fit=1200%2C1200&ssl=1","contentUrl":"https:\/\/i0.wp.com\/maxgold.gr\/wp-content\/uploads\/2025\/01\/eee-3a-3pic-1490E-06x06x0111.jpg?fit=1200%2C1200&ssl=1","width":1200,"height":1200},{"@type":"BreadcrumbList","@id":"https:\/\/maxgold.gr\/de\/shop\/griechisches-auge-ohrstecker-soalinas-eye-rose-aus-925-sterling-silber-rose-vergoldet-mit-kubische-zirkonia-copy-2\/#breadcrumb","itemListElement":[{"@type":"ListItem","position":1,"name":"Home","item":"https:\/\/maxgold.gr\/de\/startseite\/"},{"@type":"ListItem","position":2,"name":"Gesch\u00e4ft","item":"https:\/\/maxgold.gr\/de\/%ce%ba%ce%b1%cf%84%ce%ac%cf%83%cf%84%ce%b7%ce%bc%ce%b1\/"},{"@type":"ListItem","position":3,"name":"Ohrstecker mit Griechische Auge &#8222;Soalinas Eye Silver&#8220; aus 925er Sterlingsilber, mit CZ"}]},{"@type":"WebSite","@id":"https:\/\/maxgold.gr\/de\/#website","url":"https:\/\/maxgold.gr\/de\/","name":"Max Gold","description":"Max Gold","potentialAction":[{"@type":"SearchAction","target":{"@type":"EntryPoint","urlTemplate":"https:\/\/maxgold.gr\/de\/?s={search_term_string}"},"query-input":{"@type":"PropertyValueSpecification","valueRequired":true,"valueName":"search_term_string"}}],"inLanguage":"de"}]}},"jetpack_sharing_enabled":true,"_links":{"self":[{"href":"https:\/\/maxgold.gr\/de\/wp-json\/wp\/v2\/product\/5658","targetHints":{"allow":["GET"]}}],"collection":[{"href":"https:\/\/maxgold.gr\/de\/wp-json\/wp\/v2\/product"}],"about":[{"href":"https:\/\/maxgold.gr\/de\/wp-json\/wp\/v2\/types\/product"}],"replies":[{"embeddable":true,"href":"https:\/\/maxgold.gr\/de\/wp-json\/wp\/v2\/comments?post=5658"}],"wp:featuredmedia":[{"embeddable":true,"href":"https:\/\/maxgold.gr\/de\/wp-json\/wp\/v2\/media\/5660"}],"wp:attachment":[{"href":"https:\/\/maxgold.gr\/de\/wp-json\/wp\/v2\/media?parent=5658"}],"wp:term":[{"taxonomy":"product_brand","embeddable":true,"href":"https:\/\/maxgold.gr\/de\/wp-json\/wp\/v2\/product_brand?post=5658"},{"taxonomy":"product_cat","embeddable":true,"href":"https:\/\/maxgold.gr\/de\/wp-json\/wp\/v2\/product_cat?post=5658"},{"taxonomy":"product_tag","embeddable":true,"href":"https:\/\/maxgold.gr\/de\/wp-json\/wp\/v2\/product_tag?post=5658"}],"curies":[{"name":"wp","href":"https:\/\/api.w.org\/{rel}","templated":true}]}}