{"id":5710,"date":"2025-01-12T21:42:58","date_gmt":"2025-01-12T18:42:58","guid":{"rendered":"https:\/\/maxgold.gr\/?post_type=product&#038;p=5710"},"modified":"2025-01-16T02:50:54","modified_gmt":"2025-01-15T23:50:54","slug":"geflochtenes-flaches-schwarzes-lederarmband-big-meandros-mit-edelstahl-copy","status":"publish","type":"product","link":"https:\/\/maxgold.gr\/de\/shop\/geflochtenes-flaches-schwarzes-lederarmband-big-meandros-mit-edelstahl-copy\/","title":{"rendered":"Lederarmband &#8222;Tadeus&#8220;, aus \u00f6kologische Leder und Edelstahl"},"content":{"rendered":"<h4><\/h4>\n<h4><strong>Produktdetails<\/strong><\/h4>\n<p><strong>Armbandl\u00e4nge: <\/strong>22cm<\/p>\n<p><strong>Breite:<\/strong> 1.8cm<\/p>\n<p><strong>Material:<\/strong> <span class=\"BxUVEf ILfuVd\" lang=\"en\"><span class=\"hgKElc\">\u00d6kologisches Leder<\/span><\/span><\/p>\n<p><strong>Metall:<\/strong> Edelstal<\/p>\n<p><strong>Verschluss: <\/strong>Magnetverschluss    &nbsp;<\/p>\n<p>&nbsp;<\/p>\n","protected":false},"excerpt":{"rendered":"<p>Produktdetails Armbandl\u00e4nge: 22cm Breite: 1.8cm Material: \u00d6kologisches Leder Metall: Edelstal Verschluss: Magnetverschluss &nbsp; &nbsp;<\/p>\n","protected":false},"featured_media":5713,"comment_status":"open","ping_status":"closed","template":"","meta":[],"product_brand":[],"product_cat":[453,452,471,451,434,432],"product_tag":[584,457,547,455],"class_list":{"0":"post-5710","1":"product","2":"type-product","3":"status-publish","4":"has-post-thumbnail","6":"product_cat-armbander-fur-manner","7":"product_cat-rostfreier-stahl","8":"product_cat-lederarmbaender-fuer-herren","9":"product_cat-mannerschmuck","10":"product_cat-metall","11":"product_cat-neu-ankommen","12":"product_tag-kunstleder","13":"product_tag-manner-armbander","14":"product_tag-meandros-griechische-kollektion","15":"product_tag-schmuck-fur-manner","17":"first","18":"instock","19":"taxable","20":"shipping-taxable","21":"purchasable","22":"product-type-simple","23":"add-to-wishlist-before_add_to_cart"},"yoast_head":"<!-- This site is optimized with the Yoast SEO plugin v27.5 - https:\/\/yoast.com\/product\/yoast-seo-wordpress\/ -->\n<title>Lederarmband &quot;Tadeus&quot;, aus \u00f6kologische Leder und Edelstahl - Max Gold<\/title>\n<meta name=\"robots\" content=\"index, follow, max-snippet:-1, max-image-preview:large, max-video-preview:-1\" \/>\n<link rel=\"canonical\" href=\"https:\/\/maxgold.gr\/de\/shop\/geflochtenes-flaches-schwarzes-lederarmband-big-meandros-mit-edelstahl-copy\/\" \/>\n<meta property=\"og:locale\" content=\"de_DE\" \/>\n<meta property=\"og:type\" content=\"article\" \/>\n<meta property=\"og:title\" content=\"Lederarmband &quot;Tadeus&quot;, aus \u00f6kologische Leder und Edelstahl - Max Gold\" \/>\n<meta property=\"og:description\" content=\"Produktdetails Armbandl\u00e4nge: 22cm Breite: 1.8cm Material: \u00d6kologisches Leder Metall: Edelstal Verschluss: Magnetverschluss &nbsp; &nbsp;\" \/>\n<meta property=\"og:url\" content=\"https:\/\/maxgold.gr\/de\/shop\/geflochtenes-flaches-schwarzes-lederarmband-big-meandros-mit-edelstahl-copy\/\" \/>\n<meta property=\"og:site_name\" content=\"Max Gold\" \/>\n<meta property=\"article:publisher\" content=\"https:\/\/www.facebook.com\/people\/Max-Gold\/61561801899896\/\" \/>\n<meta property=\"article:modified_time\" content=\"2025-01-15T23:50:54+00:00\" \/>\n<meta property=\"og:image\" content=\"https:\/\/i0.wp.com\/maxgold.gr\/wp-content\/uploads\/2025\/01\/mb-7-31E-22cm-18paxos-1pic.jpg?fit=1200%2C1200&ssl=1\" \/>\n\t<meta property=\"og:image:width\" content=\"1200\" \/>\n\t<meta property=\"og:image:height\" content=\"1200\" \/>\n\t<meta property=\"og:image:type\" content=\"image\/jpeg\" \/>\n<meta name=\"twitter:card\" content=\"summary_large_image\" \/>\n<script type=\"application\/ld+json\" class=\"yoast-schema-graph\">{\"@context\":\"https:\\\/\\\/schema.org\",\"@graph\":[{\"@type\":\"WebPage\",\"@id\":\"https:\\\/\\\/maxgold.gr\\\/de\\\/shop\\\/geflochtenes-flaches-schwarzes-lederarmband-big-meandros-mit-edelstahl-copy\\\/\",\"url\":\"https:\\\/\\\/maxgold.gr\\\/de\\\/shop\\\/geflochtenes-flaches-schwarzes-lederarmband-big-meandros-mit-edelstahl-copy\\\/\",\"name\":\"Lederarmband \\\"Tadeus\\\", aus \u00f6kologische Leder und Edelstahl - Max Gold\",\"isPartOf\":{\"@id\":\"https:\\\/\\\/maxgold.gr\\\/de\\\/#website\"},\"primaryImageOfPage\":{\"@id\":\"https:\\\/\\\/maxgold.gr\\\/de\\\/shop\\\/geflochtenes-flaches-schwarzes-lederarmband-big-meandros-mit-edelstahl-copy\\\/#primaryimage\"},\"image\":{\"@id\":\"https:\\\/\\\/maxgold.gr\\\/de\\\/shop\\\/geflochtenes-flaches-schwarzes-lederarmband-big-meandros-mit-edelstahl-copy\\\/#primaryimage\"},\"thumbnailUrl\":\"https:\\\/\\\/i0.wp.com\\\/maxgold.gr\\\/wp-content\\\/uploads\\\/2025\\\/01\\\/mb-7-31E-22cm-18paxos-1pic.jpg?fit=1200%2C1200&ssl=1\",\"datePublished\":\"2025-01-12T18:42:58+00:00\",\"dateModified\":\"2025-01-15T23:50:54+00:00\",\"breadcrumb\":{\"@id\":\"https:\\\/\\\/maxgold.gr\\\/de\\\/shop\\\/geflochtenes-flaches-schwarzes-lederarmband-big-meandros-mit-edelstahl-copy\\\/#breadcrumb\"},\"inLanguage\":\"de\",\"potentialAction\":[{\"@type\":\"ReadAction\",\"target\":[\"https:\\\/\\\/maxgold.gr\\\/de\\\/shop\\\/geflochtenes-flaches-schwarzes-lederarmband-big-meandros-mit-edelstahl-copy\\\/\"]}]},{\"@type\":\"ImageObject\",\"inLanguage\":\"de\",\"@id\":\"https:\\\/\\\/maxgold.gr\\\/de\\\/shop\\\/geflochtenes-flaches-schwarzes-lederarmband-big-meandros-mit-edelstahl-copy\\\/#primaryimage\",\"url\":\"https:\\\/\\\/i0.wp.com\\\/maxgold.gr\\\/wp-content\\\/uploads\\\/2025\\\/01\\\/mb-7-31E-22cm-18paxos-1pic.jpg?fit=1200%2C1200&ssl=1\",\"contentUrl\":\"https:\\\/\\\/i0.wp.com\\\/maxgold.gr\\\/wp-content\\\/uploads\\\/2025\\\/01\\\/mb-7-31E-22cm-18paxos-1pic.jpg?fit=1200%2C1200&ssl=1\",\"width\":1200,\"height\":1200},{\"@type\":\"BreadcrumbList\",\"@id\":\"https:\\\/\\\/maxgold.gr\\\/de\\\/shop\\\/geflochtenes-flaches-schwarzes-lederarmband-big-meandros-mit-edelstahl-copy\\\/#breadcrumb\",\"itemListElement\":[{\"@type\":\"ListItem\",\"position\":1,\"name\":\"Home\",\"item\":\"https:\\\/\\\/maxgold.gr\\\/de\\\/startseite\\\/\"},{\"@type\":\"ListItem\",\"position\":2,\"name\":\"Gesch\u00e4ft\",\"item\":\"https:\\\/\\\/maxgold.gr\\\/de\\\/%ce%ba%ce%b1%cf%84%ce%ac%cf%83%cf%84%ce%b7%ce%bc%ce%b1\\\/\"},{\"@type\":\"ListItem\",\"position\":3,\"name\":\"Lederarmband &#8222;Tadeus&#8220;, aus \u00f6kologische Leder und Edelstahl\"}]},{\"@type\":\"WebSite\",\"@id\":\"https:\\\/\\\/maxgold.gr\\\/de\\\/#website\",\"url\":\"https:\\\/\\\/maxgold.gr\\\/de\\\/\",\"name\":\"Max Gold\",\"description\":\"Max Gold\",\"potentialAction\":[{\"@type\":\"SearchAction\",\"target\":{\"@type\":\"EntryPoint\",\"urlTemplate\":\"https:\\\/\\\/maxgold.gr\\\/de\\\/?s={search_term_string}\"},\"query-input\":{\"@type\":\"PropertyValueSpecification\",\"valueRequired\":true,\"valueName\":\"search_term_string\"}}],\"inLanguage\":\"de\"}]}<\/script>\n<!-- \/ Yoast SEO plugin. -->","yoast_head_json":{"title":"Lederarmband \"Tadeus\", aus \u00f6kologische Leder und Edelstahl - Max Gold","robots":{"index":"index","follow":"follow","max-snippet":"max-snippet:-1","max-image-preview":"max-image-preview:large","max-video-preview":"max-video-preview:-1"},"canonical":"https:\/\/maxgold.gr\/de\/shop\/geflochtenes-flaches-schwarzes-lederarmband-big-meandros-mit-edelstahl-copy\/","og_locale":"de_DE","og_type":"article","og_title":"Lederarmband \"Tadeus\", aus \u00f6kologische Leder und Edelstahl - Max Gold","og_description":"Produktdetails Armbandl\u00e4nge: 22cm Breite: 1.8cm Material: \u00d6kologisches Leder Metall: Edelstal Verschluss: Magnetverschluss &nbsp; &nbsp;","og_url":"https:\/\/maxgold.gr\/de\/shop\/geflochtenes-flaches-schwarzes-lederarmband-big-meandros-mit-edelstahl-copy\/","og_site_name":"Max Gold","article_publisher":"https:\/\/www.facebook.com\/people\/Max-Gold\/61561801899896\/","article_modified_time":"2025-01-15T23:50:54+00:00","og_image":[{"width":1200,"height":1200,"url":"https:\/\/i0.wp.com\/maxgold.gr\/wp-content\/uploads\/2025\/01\/mb-7-31E-22cm-18paxos-1pic.jpg?fit=1200%2C1200&ssl=1","type":"image\/jpeg"}],"twitter_card":"summary_large_image","schema":{"@context":"https:\/\/schema.org","@graph":[{"@type":"WebPage","@id":"https:\/\/maxgold.gr\/de\/shop\/geflochtenes-flaches-schwarzes-lederarmband-big-meandros-mit-edelstahl-copy\/","url":"https:\/\/maxgold.gr\/de\/shop\/geflochtenes-flaches-schwarzes-lederarmband-big-meandros-mit-edelstahl-copy\/","name":"Lederarmband \"Tadeus\", aus \u00f6kologische Leder und Edelstahl - Max Gold","isPartOf":{"@id":"https:\/\/maxgold.gr\/de\/#website"},"primaryImageOfPage":{"@id":"https:\/\/maxgold.gr\/de\/shop\/geflochtenes-flaches-schwarzes-lederarmband-big-meandros-mit-edelstahl-copy\/#primaryimage"},"image":{"@id":"https:\/\/maxgold.gr\/de\/shop\/geflochtenes-flaches-schwarzes-lederarmband-big-meandros-mit-edelstahl-copy\/#primaryimage"},"thumbnailUrl":"https:\/\/i0.wp.com\/maxgold.gr\/wp-content\/uploads\/2025\/01\/mb-7-31E-22cm-18paxos-1pic.jpg?fit=1200%2C1200&ssl=1","datePublished":"2025-01-12T18:42:58+00:00","dateModified":"2025-01-15T23:50:54+00:00","breadcrumb":{"@id":"https:\/\/maxgold.gr\/de\/shop\/geflochtenes-flaches-schwarzes-lederarmband-big-meandros-mit-edelstahl-copy\/#breadcrumb"},"inLanguage":"de","potentialAction":[{"@type":"ReadAction","target":["https:\/\/maxgold.gr\/de\/shop\/geflochtenes-flaches-schwarzes-lederarmband-big-meandros-mit-edelstahl-copy\/"]}]},{"@type":"ImageObject","inLanguage":"de","@id":"https:\/\/maxgold.gr\/de\/shop\/geflochtenes-flaches-schwarzes-lederarmband-big-meandros-mit-edelstahl-copy\/#primaryimage","url":"https:\/\/i0.wp.com\/maxgold.gr\/wp-content\/uploads\/2025\/01\/mb-7-31E-22cm-18paxos-1pic.jpg?fit=1200%2C1200&ssl=1","contentUrl":"https:\/\/i0.wp.com\/maxgold.gr\/wp-content\/uploads\/2025\/01\/mb-7-31E-22cm-18paxos-1pic.jpg?fit=1200%2C1200&ssl=1","width":1200,"height":1200},{"@type":"BreadcrumbList","@id":"https:\/\/maxgold.gr\/de\/shop\/geflochtenes-flaches-schwarzes-lederarmband-big-meandros-mit-edelstahl-copy\/#breadcrumb","itemListElement":[{"@type":"ListItem","position":1,"name":"Home","item":"https:\/\/maxgold.gr\/de\/startseite\/"},{"@type":"ListItem","position":2,"name":"Gesch\u00e4ft","item":"https:\/\/maxgold.gr\/de\/%ce%ba%ce%b1%cf%84%ce%ac%cf%83%cf%84%ce%b7%ce%bc%ce%b1\/"},{"@type":"ListItem","position":3,"name":"Lederarmband &#8222;Tadeus&#8220;, aus \u00f6kologische Leder und Edelstahl"}]},{"@type":"WebSite","@id":"https:\/\/maxgold.gr\/de\/#website","url":"https:\/\/maxgold.gr\/de\/","name":"Max Gold","description":"Max Gold","potentialAction":[{"@type":"SearchAction","target":{"@type":"EntryPoint","urlTemplate":"https:\/\/maxgold.gr\/de\/?s={search_term_string}"},"query-input":{"@type":"PropertyValueSpecification","valueRequired":true,"valueName":"search_term_string"}}],"inLanguage":"de"}]}},"jetpack_sharing_enabled":true,"_links":{"self":[{"href":"https:\/\/maxgold.gr\/de\/wp-json\/wp\/v2\/product\/5710","targetHints":{"allow":["GET"]}}],"collection":[{"href":"https:\/\/maxgold.gr\/de\/wp-json\/wp\/v2\/product"}],"about":[{"href":"https:\/\/maxgold.gr\/de\/wp-json\/wp\/v2\/types\/product"}],"replies":[{"embeddable":true,"href":"https:\/\/maxgold.gr\/de\/wp-json\/wp\/v2\/comments?post=5710"}],"wp:featuredmedia":[{"embeddable":true,"href":"https:\/\/maxgold.gr\/de\/wp-json\/wp\/v2\/media\/5713"}],"wp:attachment":[{"href":"https:\/\/maxgold.gr\/de\/wp-json\/wp\/v2\/media?parent=5710"}],"wp:term":[{"taxonomy":"product_brand","embeddable":true,"href":"https:\/\/maxgold.gr\/de\/wp-json\/wp\/v2\/product_brand?post=5710"},{"taxonomy":"product_cat","embeddable":true,"href":"https:\/\/maxgold.gr\/de\/wp-json\/wp\/v2\/product_cat?post=5710"},{"taxonomy":"product_tag","embeddable":true,"href":"https:\/\/maxgold.gr\/de\/wp-json\/wp\/v2\/product_tag?post=5710"}],"curies":[{"name":"wp","href":"https:\/\/api.w.org\/{rel}","templated":true}]}}