{"id":5864,"date":"2025-01-17T18:59:16","date_gmt":"2025-01-17T15:59:16","guid":{"rendered":"https:\/\/maxgold.gr\/?post_type=product&#038;p=5864"},"modified":"2025-07-27T22:31:46","modified_gmt":"2025-07-27T19:31:46","slug":"island-of-rhodes-azurmalachite-ii-925-sterling-silber-mit-azurit-malachit-edelstein-copy","status":"publish","type":"product","link":"https:\/\/maxgold.gr\/de\/shop\/island-of-rhodes-azurmalachite-ii-925-sterling-silber-mit-azurit-malachit-edelstein-copy\/","title":{"rendered":"Halskette mit Anh\u00e4nger \u201eRodos Insel Azurit\u201c, aus Silber, Vergoldet"},"content":{"rendered":"<p>. <\/p>\n<p>. <\/p>\n<p>. <\/p>\n<p>&nbsp;<\/p>\n<h4><strong>Produktdetails<\/strong><\/h4>\n<p><strong>Anh\u00e4nger Gr\u00f6\u00dfe:<\/strong> 2,5cm x 1,2cm x 0.5cm<\/p>\n<p><strong>Edelstein: <\/strong>Azurit<\/p>\n<p><strong>Kettentyp: <\/strong>Venezia Box<strong><br \/>\n<\/strong><\/p>\n<p><strong>Breite der Kettenglieder: <\/strong>2mm<strong><br \/>\n<\/strong><\/p>\n<p><strong>Kettenl\u00e4nge:<\/strong> 45cm<\/p>\n<p><strong>Kettenverschluss:<\/strong> Karabinerverschluss<\/p>\n<p><strong>Metall:<\/strong> Sterling Silber (925)<\/p>\n<p><strong>Metallstempel:<\/strong> 925<\/p>\n<p><strong>Vergoldung: <\/strong>Gold<\/p>\n","protected":false},"excerpt":{"rendered":"<p>. . . &nbsp; Produktdetails Anh\u00e4nger Gr\u00f6\u00dfe: 2,5cm x 1,2cm x 0.5cm Edelstein: Azurit Kettentyp: Venezia Box Breite der Kettenglieder: 2mm Kettenl\u00e4nge: 45cm Kettenverschluss: Karabinerverschluss Metall: Sterling Silber (925) Metallstempel: 925 Vergoldung: Gold<\/p>\n","protected":false},"featured_media":5877,"comment_status":"open","ping_status":"closed","template":"","meta":[],"product_brand":[739],"product_cat":[438,526,500,439,436,516,525,715,434,432,435,724,528],"product_tag":[558,445,575,593,443,444,442,576],"class_list":{"0":"post-5864","1":"product","2":"type-product","3":"status-publish","4":"has-post-thumbnail","6":"product_brand-thanos-collection","7":"product_cat-die-insel-rhodos-kollektion","8":"product_cat-anhaengerketten-mit-edelsteinen","9":"product_cat-azurit-malachit-karneol","10":"product_cat-damenschmuck","11":"product_cat-edelsteine","12":"product_cat-halsketten-anhaenger","13":"product_cat-halsketten-mit-anhaenger","14":"product_cat-thanos","15":"product_cat-metall","16":"product_cat-neu-ankommen","17":"product_cat-sterling-silber-925","18":"product_cat-vergoldet","19":"product_cat-vergoldete-halsketten-mit-anhaenger","20":"product_tag-azurit","21":"product_tag-blau","22":"product_tag-edelsteine","23":"product_tag-halskette-mit-anhaenger","24":"product_tag-inseln","25":"product_tag-rhodes-de","26":"product_tag-sterling-silber-925","27":"product_tag-vergoldet","29":"first","30":"instock","31":"sold-individually","32":"taxable","33":"shipping-taxable","34":"purchasable","35":"product-type-simple","36":"add-to-wishlist-before_add_to_cart"},"yoast_head":"<!-- This site is optimized with the Yoast SEO plugin v27.5 - https:\/\/yoast.com\/product\/yoast-seo-wordpress\/ -->\n<title>Halskette mit Anh\u00e4nger \u201eRodos Insel Azurit\u201c, aus Silber, Vergoldet - Max Gold<\/title>\n<meta name=\"description\" content=\"Halskette mit Anh\u00e4nger \u201eRodos Insel Azurit\u201c, aus Sterling Silber 925, Vergoldet\" \/>\n<meta name=\"robots\" content=\"index, follow, max-snippet:-1, max-image-preview:large, max-video-preview:-1\" \/>\n<link rel=\"canonical\" href=\"https:\/\/maxgold.gr\/de\/shop\/island-of-rhodes-azurmalachite-ii-925-sterling-silber-mit-azurit-malachit-edelstein-copy\/\" \/>\n<meta property=\"og:locale\" content=\"de_DE\" \/>\n<meta property=\"og:type\" content=\"article\" \/>\n<meta property=\"og:title\" content=\"Halskette mit Anh\u00e4nger \u201eRodos Insel Azurit\u201c, aus Silber, Vergoldet - Max Gold\" \/>\n<meta property=\"og:description\" content=\"Halskette mit Anh\u00e4nger \u201eRodos Insel Azurit\u201c, aus Sterling Silber 925, Vergoldet\" \/>\n<meta property=\"og:url\" content=\"https:\/\/maxgold.gr\/de\/shop\/island-of-rhodes-azurmalachite-ii-925-sterling-silber-mit-azurit-malachit-edelstein-copy\/\" \/>\n<meta property=\"og:site_name\" content=\"Max Gold\" \/>\n<meta property=\"article:publisher\" content=\"https:\/\/www.facebook.com\/people\/Max-Gold\/61561801899896\/\" \/>\n<meta property=\"article:modified_time\" content=\"2025-07-27T19:31:46+00:00\" \/>\n<meta property=\"og:image\" content=\"https:\/\/maxgold.gr\/wp-content\/uploads\/2025\/01\/rho-12f.jpg\" \/>\n\t<meta property=\"og:image:width\" content=\"1000\" \/>\n\t<meta property=\"og:image:height\" content=\"1000\" \/>\n\t<meta property=\"og:image:type\" content=\"image\/jpeg\" \/>\n<meta name=\"twitter:card\" content=\"summary_large_image\" \/>\n<script type=\"application\/ld+json\" class=\"yoast-schema-graph\">{\"@context\":\"https:\\\/\\\/schema.org\",\"@graph\":[{\"@type\":\"WebPage\",\"@id\":\"https:\\\/\\\/maxgold.gr\\\/de\\\/shop\\\/island-of-rhodes-azurmalachite-ii-925-sterling-silber-mit-azurit-malachit-edelstein-copy\\\/\",\"url\":\"https:\\\/\\\/maxgold.gr\\\/de\\\/shop\\\/island-of-rhodes-azurmalachite-ii-925-sterling-silber-mit-azurit-malachit-edelstein-copy\\\/\",\"name\":\"Halskette mit Anh\u00e4nger \u201eRodos Insel Azurit\u201c, aus Silber, Vergoldet - Max Gold\",\"isPartOf\":{\"@id\":\"https:\\\/\\\/maxgold.gr\\\/de\\\/#website\"},\"primaryImageOfPage\":{\"@id\":\"https:\\\/\\\/maxgold.gr\\\/de\\\/shop\\\/island-of-rhodes-azurmalachite-ii-925-sterling-silber-mit-azurit-malachit-edelstein-copy\\\/#primaryimage\"},\"image\":{\"@id\":\"https:\\\/\\\/maxgold.gr\\\/de\\\/shop\\\/island-of-rhodes-azurmalachite-ii-925-sterling-silber-mit-azurit-malachit-edelstein-copy\\\/#primaryimage\"},\"thumbnailUrl\":\"https:\\\/\\\/i0.wp.com\\\/maxgold.gr\\\/wp-content\\\/uploads\\\/2025\\\/01\\\/rho-12f.jpg?fit=1000%2C1000&ssl=1\",\"datePublished\":\"2025-01-17T15:59:16+00:00\",\"dateModified\":\"2025-07-27T19:31:46+00:00\",\"description\":\"Halskette mit Anh\u00e4nger \u201eRodos Insel Azurit\u201c, aus Sterling Silber 925, Vergoldet\",\"breadcrumb\":{\"@id\":\"https:\\\/\\\/maxgold.gr\\\/de\\\/shop\\\/island-of-rhodes-azurmalachite-ii-925-sterling-silber-mit-azurit-malachit-edelstein-copy\\\/#breadcrumb\"},\"inLanguage\":\"de\",\"potentialAction\":[{\"@type\":\"ReadAction\",\"target\":[\"https:\\\/\\\/maxgold.gr\\\/de\\\/shop\\\/island-of-rhodes-azurmalachite-ii-925-sterling-silber-mit-azurit-malachit-edelstein-copy\\\/\"]}]},{\"@type\":\"ImageObject\",\"inLanguage\":\"de\",\"@id\":\"https:\\\/\\\/maxgold.gr\\\/de\\\/shop\\\/island-of-rhodes-azurmalachite-ii-925-sterling-silber-mit-azurit-malachit-edelstein-copy\\\/#primaryimage\",\"url\":\"https:\\\/\\\/i0.wp.com\\\/maxgold.gr\\\/wp-content\\\/uploads\\\/2025\\\/01\\\/rho-12f.jpg?fit=1000%2C1000&ssl=1\",\"contentUrl\":\"https:\\\/\\\/i0.wp.com\\\/maxgold.gr\\\/wp-content\\\/uploads\\\/2025\\\/01\\\/rho-12f.jpg?fit=1000%2C1000&ssl=1\",\"width\":1000,\"height\":1000},{\"@type\":\"BreadcrumbList\",\"@id\":\"https:\\\/\\\/maxgold.gr\\\/de\\\/shop\\\/island-of-rhodes-azurmalachite-ii-925-sterling-silber-mit-azurit-malachit-edelstein-copy\\\/#breadcrumb\",\"itemListElement\":[{\"@type\":\"ListItem\",\"position\":1,\"name\":\"Home\",\"item\":\"https:\\\/\\\/maxgold.gr\\\/de\\\/startseite\\\/\"},{\"@type\":\"ListItem\",\"position\":2,\"name\":\"Gesch\u00e4ft\",\"item\":\"https:\\\/\\\/maxgold.gr\\\/de\\\/%ce%ba%ce%b1%cf%84%ce%ac%cf%83%cf%84%ce%b7%ce%bc%ce%b1\\\/\"},{\"@type\":\"ListItem\",\"position\":3,\"name\":\"Halskette mit Anh\u00e4nger \u201eRodos Insel Azurit\u201c, aus Silber, Vergoldet\"}]},{\"@type\":\"WebSite\",\"@id\":\"https:\\\/\\\/maxgold.gr\\\/de\\\/#website\",\"url\":\"https:\\\/\\\/maxgold.gr\\\/de\\\/\",\"name\":\"Max Gold\",\"description\":\"Max Gold\",\"potentialAction\":[{\"@type\":\"SearchAction\",\"target\":{\"@type\":\"EntryPoint\",\"urlTemplate\":\"https:\\\/\\\/maxgold.gr\\\/de\\\/?s={search_term_string}\"},\"query-input\":{\"@type\":\"PropertyValueSpecification\",\"valueRequired\":true,\"valueName\":\"search_term_string\"}}],\"inLanguage\":\"de\"}]}<\/script>\n<!-- \/ Yoast SEO plugin. -->","yoast_head_json":{"title":"Halskette mit Anh\u00e4nger \u201eRodos Insel Azurit\u201c, aus Silber, Vergoldet - Max Gold","description":"Halskette mit Anh\u00e4nger \u201eRodos Insel Azurit\u201c, aus Sterling Silber 925, Vergoldet","robots":{"index":"index","follow":"follow","max-snippet":"max-snippet:-1","max-image-preview":"max-image-preview:large","max-video-preview":"max-video-preview:-1"},"canonical":"https:\/\/maxgold.gr\/de\/shop\/island-of-rhodes-azurmalachite-ii-925-sterling-silber-mit-azurit-malachit-edelstein-copy\/","og_locale":"de_DE","og_type":"article","og_title":"Halskette mit Anh\u00e4nger \u201eRodos Insel Azurit\u201c, aus Silber, Vergoldet - Max Gold","og_description":"Halskette mit Anh\u00e4nger \u201eRodos Insel Azurit\u201c, aus Sterling Silber 925, Vergoldet","og_url":"https:\/\/maxgold.gr\/de\/shop\/island-of-rhodes-azurmalachite-ii-925-sterling-silber-mit-azurit-malachit-edelstein-copy\/","og_site_name":"Max Gold","article_publisher":"https:\/\/www.facebook.com\/people\/Max-Gold\/61561801899896\/","article_modified_time":"2025-07-27T19:31:46+00:00","og_image":[{"width":1000,"height":1000,"url":"https:\/\/maxgold.gr\/wp-content\/uploads\/2025\/01\/rho-12f.jpg","type":"image\/jpeg"}],"twitter_card":"summary_large_image","schema":{"@context":"https:\/\/schema.org","@graph":[{"@type":"WebPage","@id":"https:\/\/maxgold.gr\/de\/shop\/island-of-rhodes-azurmalachite-ii-925-sterling-silber-mit-azurit-malachit-edelstein-copy\/","url":"https:\/\/maxgold.gr\/de\/shop\/island-of-rhodes-azurmalachite-ii-925-sterling-silber-mit-azurit-malachit-edelstein-copy\/","name":"Halskette mit Anh\u00e4nger \u201eRodos Insel Azurit\u201c, aus Silber, Vergoldet - Max Gold","isPartOf":{"@id":"https:\/\/maxgold.gr\/de\/#website"},"primaryImageOfPage":{"@id":"https:\/\/maxgold.gr\/de\/shop\/island-of-rhodes-azurmalachite-ii-925-sterling-silber-mit-azurit-malachit-edelstein-copy\/#primaryimage"},"image":{"@id":"https:\/\/maxgold.gr\/de\/shop\/island-of-rhodes-azurmalachite-ii-925-sterling-silber-mit-azurit-malachit-edelstein-copy\/#primaryimage"},"thumbnailUrl":"https:\/\/i0.wp.com\/maxgold.gr\/wp-content\/uploads\/2025\/01\/rho-12f.jpg?fit=1000%2C1000&ssl=1","datePublished":"2025-01-17T15:59:16+00:00","dateModified":"2025-07-27T19:31:46+00:00","description":"Halskette mit Anh\u00e4nger \u201eRodos Insel Azurit\u201c, aus Sterling Silber 925, Vergoldet","breadcrumb":{"@id":"https:\/\/maxgold.gr\/de\/shop\/island-of-rhodes-azurmalachite-ii-925-sterling-silber-mit-azurit-malachit-edelstein-copy\/#breadcrumb"},"inLanguage":"de","potentialAction":[{"@type":"ReadAction","target":["https:\/\/maxgold.gr\/de\/shop\/island-of-rhodes-azurmalachite-ii-925-sterling-silber-mit-azurit-malachit-edelstein-copy\/"]}]},{"@type":"ImageObject","inLanguage":"de","@id":"https:\/\/maxgold.gr\/de\/shop\/island-of-rhodes-azurmalachite-ii-925-sterling-silber-mit-azurit-malachit-edelstein-copy\/#primaryimage","url":"https:\/\/i0.wp.com\/maxgold.gr\/wp-content\/uploads\/2025\/01\/rho-12f.jpg?fit=1000%2C1000&ssl=1","contentUrl":"https:\/\/i0.wp.com\/maxgold.gr\/wp-content\/uploads\/2025\/01\/rho-12f.jpg?fit=1000%2C1000&ssl=1","width":1000,"height":1000},{"@type":"BreadcrumbList","@id":"https:\/\/maxgold.gr\/de\/shop\/island-of-rhodes-azurmalachite-ii-925-sterling-silber-mit-azurit-malachit-edelstein-copy\/#breadcrumb","itemListElement":[{"@type":"ListItem","position":1,"name":"Home","item":"https:\/\/maxgold.gr\/de\/startseite\/"},{"@type":"ListItem","position":2,"name":"Gesch\u00e4ft","item":"https:\/\/maxgold.gr\/de\/%ce%ba%ce%b1%cf%84%ce%ac%cf%83%cf%84%ce%b7%ce%bc%ce%b1\/"},{"@type":"ListItem","position":3,"name":"Halskette mit Anh\u00e4nger \u201eRodos Insel Azurit\u201c, aus Silber, Vergoldet"}]},{"@type":"WebSite","@id":"https:\/\/maxgold.gr\/de\/#website","url":"https:\/\/maxgold.gr\/de\/","name":"Max Gold","description":"Max Gold","potentialAction":[{"@type":"SearchAction","target":{"@type":"EntryPoint","urlTemplate":"https:\/\/maxgold.gr\/de\/?s={search_term_string}"},"query-input":{"@type":"PropertyValueSpecification","valueRequired":true,"valueName":"search_term_string"}}],"inLanguage":"de"}]}},"jetpack_sharing_enabled":true,"_links":{"self":[{"href":"https:\/\/maxgold.gr\/de\/wp-json\/wp\/v2\/product\/5864","targetHints":{"allow":["GET"]}}],"collection":[{"href":"https:\/\/maxgold.gr\/de\/wp-json\/wp\/v2\/product"}],"about":[{"href":"https:\/\/maxgold.gr\/de\/wp-json\/wp\/v2\/types\/product"}],"replies":[{"embeddable":true,"href":"https:\/\/maxgold.gr\/de\/wp-json\/wp\/v2\/comments?post=5864"}],"wp:featuredmedia":[{"embeddable":true,"href":"https:\/\/maxgold.gr\/de\/wp-json\/wp\/v2\/media\/5877"}],"wp:attachment":[{"href":"https:\/\/maxgold.gr\/de\/wp-json\/wp\/v2\/media?parent=5864"}],"wp:term":[{"taxonomy":"product_brand","embeddable":true,"href":"https:\/\/maxgold.gr\/de\/wp-json\/wp\/v2\/product_brand?post=5864"},{"taxonomy":"product_cat","embeddable":true,"href":"https:\/\/maxgold.gr\/de\/wp-json\/wp\/v2\/product_cat?post=5864"},{"taxonomy":"product_tag","embeddable":true,"href":"https:\/\/maxgold.gr\/de\/wp-json\/wp\/v2\/product_tag?post=5864"}],"curies":[{"name":"wp","href":"https:\/\/api.w.org\/{rel}","templated":true}]}}