{"id":5962,"date":"2025-01-22T03:43:05","date_gmt":"2025-01-22T00:43:05","guid":{"rendered":"https:\/\/maxgold.gr\/?post_type=product&#038;p=5962"},"modified":"2025-01-22T04:16:21","modified_gmt":"2025-01-22T01:16:21","slug":"griechisches-auge-armband-cz-cross-cz-evil-eye-rose-aus-925-sterling-silber-rose-vergoldet-mit-zirkonia-copy-2","status":"publish","type":"product","link":"https:\/\/maxgold.gr\/de\/shop\/griechisches-auge-armband-cz-cross-cz-evil-eye-rose-aus-925-sterling-silber-rose-vergoldet-mit-zirkonia-copy-2\/","title":{"rendered":"Armband mit Griechisches Auge &#8222;Small CZ Evil Eye Silber&#8220;, aus 925 Sterling Silber, mit Zirkonia"},"content":{"rendered":"<p>&#8211;        &nbsp;<\/p>\n<h4><strong>Produktdetails<\/strong><\/h4>\n<p> Armband: 15,0cm -17,5cm, Verstellbar<\/p>\n<p>Edelstein: Blaue and Wei\u00dfe Kubische Zirkonia<\/p>\n<p>Motivgr\u00f6\u00dfe: 0,4cm x 0,4cm x 0,1cm <\/p>\n<p>Metall: Sterling Silber 925<\/p>\n<p>Metallstempel: 925<\/p>\n<p>Beschichtung: Rhodium<\/p>\n<p>Verschluss: Federring<\/p>\n","protected":false},"excerpt":{"rendered":"<p>Das wundersch\u00f6ne &#8222;CZ Cross &amp; CZ Evil Eye Rose&#8220; Armband mit einem b\u00f6sen Auge und einem Kreuz voller Zirkonia ist ein atemberaubendes St\u00fcck aus 925er Sterlingsilber, ros\u00e9vergoldet. Dieses tolle Armband ist sowohl f\u00fcr Kinder als auch f\u00fcr Erwachsene geeignet. Seine verstellbare Gr\u00f6\u00dfe erm\u00f6glicht eine bequeme Passform f\u00fcr eine Vielzahl von Altersgruppen und macht es zu einem vielseitigen Accessoire f\u00fcr jeden Anlass.<\/p>\n","protected":false},"featured_media":5964,"comment_status":"open","ping_status":"closed","template":"","meta":[],"product_brand":[738],"product_cat":[485,439,446,487,490,741,463,434,432,726,435],"product_tag":[562,449,448,551],"class_list":{"0":"post-5962","1":"product","2":"type-product","3":"status-publish","4":"has-post-thumbnail","6":"product_brand-max-gold","7":"product_cat-armbander","8":"product_cat-damenschmuck","9":"product_cat-griechisches-auge-kollektion","10":"product_cat-kettenarmbaender","11":"product_cat-kettenarmbander-silber","12":"product_cat-kinderarmbaender","13":"product_cat-kinderschmuck","14":"product_cat-metall","15":"product_cat-neu-ankommen","16":"product_cat-silber","17":"product_cat-sterling-silber-925","18":"product_tag-blau-cz","19":"product_tag-griechisches-boses-auge-kollektion","20":"product_tag-kubischer-zirkoniumdioxid","21":"product_tag-verstellbar","23":"first","24":"instock","25":"taxable","26":"shipping-taxable","27":"purchasable","28":"product-type-simple","29":"add-to-wishlist-before_add_to_cart"},"yoast_head":"<!-- This site is optimized with the Yoast SEO plugin v27.5 - https:\/\/yoast.com\/product\/yoast-seo-wordpress\/ -->\n<title>Armband mit Griechisches Auge &quot;Small CZ Evil Eye Silber&quot;, aus 925 Sterling Silber, mit Zirkonia - Max Gold<\/title>\n<meta name=\"robots\" content=\"index, follow, max-snippet:-1, max-image-preview:large, max-video-preview:-1\" \/>\n<link rel=\"canonical\" href=\"https:\/\/maxgold.gr\/de\/shop\/griechisches-auge-armband-cz-cross-cz-evil-eye-rose-aus-925-sterling-silber-rose-vergoldet-mit-zirkonia-copy-2\/\" \/>\n<meta property=\"og:locale\" content=\"de_DE\" \/>\n<meta property=\"og:type\" content=\"article\" \/>\n<meta property=\"og:title\" content=\"Armband mit Griechisches Auge &quot;Small CZ Evil Eye Silber&quot;, aus 925 Sterling Silber, mit Zirkonia - Max Gold\" \/>\n<meta property=\"og:description\" content=\"Das wundersch\u00f6ne &quot;CZ Cross &amp; CZ Evil Eye Rose&quot; Armband mit einem b\u00f6sen Auge und einem Kreuz voller Zirkonia ist ein atemberaubendes St\u00fcck aus 925er Sterlingsilber, ros\u00e9vergoldet. Dieses tolle Armband ist sowohl f\u00fcr Kinder als auch f\u00fcr Erwachsene geeignet. Seine verstellbare Gr\u00f6\u00dfe erm\u00f6glicht eine bequeme Passform f\u00fcr eine Vielzahl von Altersgruppen und macht es zu einem vielseitigen Accessoire f\u00fcr jeden Anlass.\" \/>\n<meta property=\"og:url\" content=\"https:\/\/maxgold.gr\/de\/shop\/griechisches-auge-armband-cz-cross-cz-evil-eye-rose-aus-925-sterling-silber-rose-vergoldet-mit-zirkonia-copy-2\/\" \/>\n<meta property=\"og:site_name\" content=\"Max Gold\" \/>\n<meta property=\"article:publisher\" content=\"https:\/\/www.facebook.com\/people\/Max-Gold\/61561801899896\/\" \/>\n<meta property=\"article:modified_time\" content=\"2025-01-22T01:16:21+00:00\" \/>\n<meta property=\"og:image\" content=\"https:\/\/maxgold.gr\/wp-content\/uploads\/2025\/01\/eeb-7b.jpg\" \/>\n\t<meta property=\"og:image:width\" content=\"1200\" \/>\n\t<meta property=\"og:image:height\" content=\"1200\" \/>\n\t<meta property=\"og:image:type\" content=\"image\/jpeg\" \/>\n<meta name=\"twitter:card\" content=\"summary_large_image\" \/>\n<script type=\"application\/ld+json\" class=\"yoast-schema-graph\">{\"@context\":\"https:\\\/\\\/schema.org\",\"@graph\":[{\"@type\":\"WebPage\",\"@id\":\"https:\\\/\\\/maxgold.gr\\\/de\\\/shop\\\/griechisches-auge-armband-cz-cross-cz-evil-eye-rose-aus-925-sterling-silber-rose-vergoldet-mit-zirkonia-copy-2\\\/\",\"url\":\"https:\\\/\\\/maxgold.gr\\\/de\\\/shop\\\/griechisches-auge-armband-cz-cross-cz-evil-eye-rose-aus-925-sterling-silber-rose-vergoldet-mit-zirkonia-copy-2\\\/\",\"name\":\"Armband mit Griechisches Auge \\\"Small CZ Evil Eye Silber\\\", aus 925 Sterling Silber, mit Zirkonia - Max Gold\",\"isPartOf\":{\"@id\":\"https:\\\/\\\/maxgold.gr\\\/de\\\/#website\"},\"primaryImageOfPage\":{\"@id\":\"https:\\\/\\\/maxgold.gr\\\/de\\\/shop\\\/griechisches-auge-armband-cz-cross-cz-evil-eye-rose-aus-925-sterling-silber-rose-vergoldet-mit-zirkonia-copy-2\\\/#primaryimage\"},\"image\":{\"@id\":\"https:\\\/\\\/maxgold.gr\\\/de\\\/shop\\\/griechisches-auge-armband-cz-cross-cz-evil-eye-rose-aus-925-sterling-silber-rose-vergoldet-mit-zirkonia-copy-2\\\/#primaryimage\"},\"thumbnailUrl\":\"https:\\\/\\\/i0.wp.com\\\/maxgold.gr\\\/wp-content\\\/uploads\\\/2025\\\/01\\\/eeb-7b.jpg?fit=1200%2C1200&ssl=1\",\"datePublished\":\"2025-01-22T00:43:05+00:00\",\"dateModified\":\"2025-01-22T01:16:21+00:00\",\"breadcrumb\":{\"@id\":\"https:\\\/\\\/maxgold.gr\\\/de\\\/shop\\\/griechisches-auge-armband-cz-cross-cz-evil-eye-rose-aus-925-sterling-silber-rose-vergoldet-mit-zirkonia-copy-2\\\/#breadcrumb\"},\"inLanguage\":\"de\",\"potentialAction\":[{\"@type\":\"ReadAction\",\"target\":[\"https:\\\/\\\/maxgold.gr\\\/de\\\/shop\\\/griechisches-auge-armband-cz-cross-cz-evil-eye-rose-aus-925-sterling-silber-rose-vergoldet-mit-zirkonia-copy-2\\\/\"]}]},{\"@type\":\"ImageObject\",\"inLanguage\":\"de\",\"@id\":\"https:\\\/\\\/maxgold.gr\\\/de\\\/shop\\\/griechisches-auge-armband-cz-cross-cz-evil-eye-rose-aus-925-sterling-silber-rose-vergoldet-mit-zirkonia-copy-2\\\/#primaryimage\",\"url\":\"https:\\\/\\\/i0.wp.com\\\/maxgold.gr\\\/wp-content\\\/uploads\\\/2025\\\/01\\\/eeb-7b.jpg?fit=1200%2C1200&ssl=1\",\"contentUrl\":\"https:\\\/\\\/i0.wp.com\\\/maxgold.gr\\\/wp-content\\\/uploads\\\/2025\\\/01\\\/eeb-7b.jpg?fit=1200%2C1200&ssl=1\",\"width\":1200,\"height\":1200},{\"@type\":\"BreadcrumbList\",\"@id\":\"https:\\\/\\\/maxgold.gr\\\/de\\\/shop\\\/griechisches-auge-armband-cz-cross-cz-evil-eye-rose-aus-925-sterling-silber-rose-vergoldet-mit-zirkonia-copy-2\\\/#breadcrumb\",\"itemListElement\":[{\"@type\":\"ListItem\",\"position\":1,\"name\":\"Home\",\"item\":\"https:\\\/\\\/maxgold.gr\\\/de\\\/startseite\\\/\"},{\"@type\":\"ListItem\",\"position\":2,\"name\":\"Gesch\u00e4ft\",\"item\":\"https:\\\/\\\/maxgold.gr\\\/de\\\/%ce%ba%ce%b1%cf%84%ce%ac%cf%83%cf%84%ce%b7%ce%bc%ce%b1\\\/\"},{\"@type\":\"ListItem\",\"position\":3,\"name\":\"Armband mit Griechisches Auge &#8220;Small CZ Evil Eye Silber&#8221;, aus 925 Sterling Silber, mit Zirkonia\"}]},{\"@type\":\"WebSite\",\"@id\":\"https:\\\/\\\/maxgold.gr\\\/de\\\/#website\",\"url\":\"https:\\\/\\\/maxgold.gr\\\/de\\\/\",\"name\":\"Max Gold\",\"description\":\"Max Gold\",\"potentialAction\":[{\"@type\":\"SearchAction\",\"target\":{\"@type\":\"EntryPoint\",\"urlTemplate\":\"https:\\\/\\\/maxgold.gr\\\/de\\\/?s={search_term_string}\"},\"query-input\":{\"@type\":\"PropertyValueSpecification\",\"valueRequired\":true,\"valueName\":\"search_term_string\"}}],\"inLanguage\":\"de\"}]}<\/script>\n<!-- \/ Yoast SEO plugin. -->","yoast_head_json":{"title":"Armband mit Griechisches Auge \"Small CZ Evil Eye Silber\", aus 925 Sterling Silber, mit Zirkonia - Max Gold","robots":{"index":"index","follow":"follow","max-snippet":"max-snippet:-1","max-image-preview":"max-image-preview:large","max-video-preview":"max-video-preview:-1"},"canonical":"https:\/\/maxgold.gr\/de\/shop\/griechisches-auge-armband-cz-cross-cz-evil-eye-rose-aus-925-sterling-silber-rose-vergoldet-mit-zirkonia-copy-2\/","og_locale":"de_DE","og_type":"article","og_title":"Armband mit Griechisches Auge \"Small CZ Evil Eye Silber\", aus 925 Sterling Silber, mit Zirkonia - Max Gold","og_description":"Das wundersch\u00f6ne \"CZ Cross &amp; CZ Evil Eye Rose\" Armband mit einem b\u00f6sen Auge und einem Kreuz voller Zirkonia ist ein atemberaubendes St\u00fcck aus 925er Sterlingsilber, ros\u00e9vergoldet. Dieses tolle Armband ist sowohl f\u00fcr Kinder als auch f\u00fcr Erwachsene geeignet. Seine verstellbare Gr\u00f6\u00dfe erm\u00f6glicht eine bequeme Passform f\u00fcr eine Vielzahl von Altersgruppen und macht es zu einem vielseitigen Accessoire f\u00fcr jeden Anlass.","og_url":"https:\/\/maxgold.gr\/de\/shop\/griechisches-auge-armband-cz-cross-cz-evil-eye-rose-aus-925-sterling-silber-rose-vergoldet-mit-zirkonia-copy-2\/","og_site_name":"Max Gold","article_publisher":"https:\/\/www.facebook.com\/people\/Max-Gold\/61561801899896\/","article_modified_time":"2025-01-22T01:16:21+00:00","og_image":[{"width":1200,"height":1200,"url":"https:\/\/maxgold.gr\/wp-content\/uploads\/2025\/01\/eeb-7b.jpg","type":"image\/jpeg"}],"twitter_card":"summary_large_image","schema":{"@context":"https:\/\/schema.org","@graph":[{"@type":"WebPage","@id":"https:\/\/maxgold.gr\/de\/shop\/griechisches-auge-armband-cz-cross-cz-evil-eye-rose-aus-925-sterling-silber-rose-vergoldet-mit-zirkonia-copy-2\/","url":"https:\/\/maxgold.gr\/de\/shop\/griechisches-auge-armband-cz-cross-cz-evil-eye-rose-aus-925-sterling-silber-rose-vergoldet-mit-zirkonia-copy-2\/","name":"Armband mit Griechisches Auge \"Small CZ Evil Eye Silber\", aus 925 Sterling Silber, mit Zirkonia - Max Gold","isPartOf":{"@id":"https:\/\/maxgold.gr\/de\/#website"},"primaryImageOfPage":{"@id":"https:\/\/maxgold.gr\/de\/shop\/griechisches-auge-armband-cz-cross-cz-evil-eye-rose-aus-925-sterling-silber-rose-vergoldet-mit-zirkonia-copy-2\/#primaryimage"},"image":{"@id":"https:\/\/maxgold.gr\/de\/shop\/griechisches-auge-armband-cz-cross-cz-evil-eye-rose-aus-925-sterling-silber-rose-vergoldet-mit-zirkonia-copy-2\/#primaryimage"},"thumbnailUrl":"https:\/\/i0.wp.com\/maxgold.gr\/wp-content\/uploads\/2025\/01\/eeb-7b.jpg?fit=1200%2C1200&ssl=1","datePublished":"2025-01-22T00:43:05+00:00","dateModified":"2025-01-22T01:16:21+00:00","breadcrumb":{"@id":"https:\/\/maxgold.gr\/de\/shop\/griechisches-auge-armband-cz-cross-cz-evil-eye-rose-aus-925-sterling-silber-rose-vergoldet-mit-zirkonia-copy-2\/#breadcrumb"},"inLanguage":"de","potentialAction":[{"@type":"ReadAction","target":["https:\/\/maxgold.gr\/de\/shop\/griechisches-auge-armband-cz-cross-cz-evil-eye-rose-aus-925-sterling-silber-rose-vergoldet-mit-zirkonia-copy-2\/"]}]},{"@type":"ImageObject","inLanguage":"de","@id":"https:\/\/maxgold.gr\/de\/shop\/griechisches-auge-armband-cz-cross-cz-evil-eye-rose-aus-925-sterling-silber-rose-vergoldet-mit-zirkonia-copy-2\/#primaryimage","url":"https:\/\/i0.wp.com\/maxgold.gr\/wp-content\/uploads\/2025\/01\/eeb-7b.jpg?fit=1200%2C1200&ssl=1","contentUrl":"https:\/\/i0.wp.com\/maxgold.gr\/wp-content\/uploads\/2025\/01\/eeb-7b.jpg?fit=1200%2C1200&ssl=1","width":1200,"height":1200},{"@type":"BreadcrumbList","@id":"https:\/\/maxgold.gr\/de\/shop\/griechisches-auge-armband-cz-cross-cz-evil-eye-rose-aus-925-sterling-silber-rose-vergoldet-mit-zirkonia-copy-2\/#breadcrumb","itemListElement":[{"@type":"ListItem","position":1,"name":"Home","item":"https:\/\/maxgold.gr\/de\/startseite\/"},{"@type":"ListItem","position":2,"name":"Gesch\u00e4ft","item":"https:\/\/maxgold.gr\/de\/%ce%ba%ce%b1%cf%84%ce%ac%cf%83%cf%84%ce%b7%ce%bc%ce%b1\/"},{"@type":"ListItem","position":3,"name":"Armband mit Griechisches Auge &#8220;Small CZ Evil Eye Silber&#8221;, aus 925 Sterling Silber, mit Zirkonia"}]},{"@type":"WebSite","@id":"https:\/\/maxgold.gr\/de\/#website","url":"https:\/\/maxgold.gr\/de\/","name":"Max Gold","description":"Max Gold","potentialAction":[{"@type":"SearchAction","target":{"@type":"EntryPoint","urlTemplate":"https:\/\/maxgold.gr\/de\/?s={search_term_string}"},"query-input":{"@type":"PropertyValueSpecification","valueRequired":true,"valueName":"search_term_string"}}],"inLanguage":"de"}]}},"jetpack_sharing_enabled":true,"_links":{"self":[{"href":"https:\/\/maxgold.gr\/de\/wp-json\/wp\/v2\/product\/5962","targetHints":{"allow":["GET"]}}],"collection":[{"href":"https:\/\/maxgold.gr\/de\/wp-json\/wp\/v2\/product"}],"about":[{"href":"https:\/\/maxgold.gr\/de\/wp-json\/wp\/v2\/types\/product"}],"replies":[{"embeddable":true,"href":"https:\/\/maxgold.gr\/de\/wp-json\/wp\/v2\/comments?post=5962"}],"wp:featuredmedia":[{"embeddable":true,"href":"https:\/\/maxgold.gr\/de\/wp-json\/wp\/v2\/media\/5964"}],"wp:attachment":[{"href":"https:\/\/maxgold.gr\/de\/wp-json\/wp\/v2\/media?parent=5962"}],"wp:term":[{"taxonomy":"product_brand","embeddable":true,"href":"https:\/\/maxgold.gr\/de\/wp-json\/wp\/v2\/product_brand?post=5962"},{"taxonomy":"product_cat","embeddable":true,"href":"https:\/\/maxgold.gr\/de\/wp-json\/wp\/v2\/product_cat?post=5962"},{"taxonomy":"product_tag","embeddable":true,"href":"https:\/\/maxgold.gr\/de\/wp-json\/wp\/v2\/product_tag?post=5962"}],"curies":[{"name":"wp","href":"https:\/\/api.w.org\/{rel}","templated":true}]}}