{"id":6096,"date":"2025-02-01T02:24:57","date_gmt":"2025-01-31T23:24:57","guid":{"rendered":"https:\/\/maxgold.gr\/shop\/ohrhaenger-griechisches-auge-agalis-aus-925-sterling-silber-vergoldet-mit-blauem-und-weissem-zirkonia\/"},"modified":"2025-02-01T02:24:57","modified_gmt":"2025-01-31T23:24:57","slug":"ohrhaenger-griechisches-auge-agalis-aus-925-sterling-silber-vergoldet-mit-blauem-und-weissem-zirkonia","status":"publish","type":"product","link":"https:\/\/maxgold.gr\/de\/shop\/ohrhaenger-griechisches-auge-agalis-aus-925-sterling-silber-vergoldet-mit-blauem-und-weissem-zirkonia\/","title":{"rendered":"Ohrh\u00e4nger Griechisches Auge &#8222;Agalis&#8220;, aus 925 Sterling Silber, Vergoldet mit Blauem und Wei\u00dfem Zirkonia"},"content":{"rendered":"<p>&#8211; <\/p>\n<p>&nbsp;<\/p>\n<h4><strong>Produktdetails<\/strong><\/h4>\n<p><strong>Motivma\u00dfe:<\/strong> 0,9cm x 0,9cm x 0,1cm<\/p>\n<p><strong>Gesamtl\u00e4nge:<\/strong> 1,8cm<\/p>\n<p><strong>Stiftl\u00e4nge:<\/strong> 1,2cm<\/p>\n<p><strong>Edelstein:<\/strong> Wei\u00dfer und Blauer Kubischer Zirkonia<\/p>\n<p><strong>Stil:<\/strong> Ohrh\u00e4nger<\/p>\n<p><strong>Metall:<\/strong> Sterling Silber (925)<\/p>\n<p><strong>Metallstempel:<\/strong> 925<\/p>\n<p><strong>Vergoldung: <\/strong>Gold<\/p>\n<p><strong>Verschl\u00fcsse: <\/strong>Steckverschluss<strong><br \/>\n<\/strong><\/p>\n","protected":false},"excerpt":{"rendered":"<p>&#8211; &nbsp; Produktdetails Motivma\u00dfe: 0,9cm x 0,9cm x 0,1cm Gesamtl\u00e4nge: 1,8cm Stiftl\u00e4nge: 1,2cm Edelstein: Wei\u00dfer und Blauer Kubischer Zirkonia Stil: Ohrh\u00e4nger Metall: Sterling Silber (925) Metallstempel: 925 Vergoldung: Gold Verschl\u00fcsse: Steckverschluss<\/p>\n","protected":false},"featured_media":6085,"comment_status":"open","ping_status":"closed","template":"","meta":[],"product_brand":[738],"product_cat":[439,446,434,491,492,431,435,724],"product_tag":[445,562,449,448,442,576],"class_list":{"0":"post-6096","1":"product","2":"type-product","3":"status-publish","4":"has-post-thumbnail","6":"product_brand-max-gold","7":"product_cat-damenschmuck","8":"product_cat-griechisches-auge-kollektion","9":"product_cat-metall","10":"product_cat-ohrhaenger","11":"product_cat-ohrhaenger-vergoldet","12":"product_cat-ohrringe","13":"product_cat-sterling-silber-925","14":"product_cat-vergoldet","15":"product_tag-blau","16":"product_tag-blau-cz","17":"product_tag-griechisches-boses-auge-kollektion","18":"product_tag-kubischer-zirkoniumdioxid","19":"product_tag-sterling-silber-925","20":"product_tag-vergoldet","22":"first","23":"instock","24":"taxable","25":"shipping-taxable","26":"purchasable","27":"product-type-simple","28":"add-to-wishlist-before_add_to_cart"},"yoast_head":"<!-- This site is optimized with the Yoast SEO plugin v27.5 - https:\/\/yoast.com\/product\/yoast-seo-wordpress\/ -->\n<title>Ohrh\u00e4nger Griechisches Auge &quot;Agalis&quot;, aus 925 Sterling Silber, Vergoldet mit Blauem und Wei\u00dfem Zirkonia - Max Gold<\/title>\n<meta name=\"robots\" content=\"index, follow, max-snippet:-1, max-image-preview:large, max-video-preview:-1\" \/>\n<link rel=\"canonical\" href=\"https:\/\/maxgold.gr\/de\/shop\/ohrhaenger-griechisches-auge-agalis-aus-925-sterling-silber-vergoldet-mit-blauem-und-weissem-zirkonia\/\" \/>\n<meta property=\"og:locale\" content=\"de_DE\" \/>\n<meta property=\"og:type\" content=\"article\" \/>\n<meta property=\"og:title\" content=\"Ohrh\u00e4nger Griechisches Auge &quot;Agalis&quot;, aus 925 Sterling Silber, Vergoldet mit Blauem und Wei\u00dfem Zirkonia - Max Gold\" \/>\n<meta property=\"og:description\" content=\"&#8211; &nbsp; Produktdetails Motivma\u00dfe: 0,9cm x 0,9cm x 0,1cm Gesamtl\u00e4nge: 1,8cm Stiftl\u00e4nge: 1,2cm Edelstein: Wei\u00dfer und Blauer Kubischer Zirkonia Stil: Ohrh\u00e4nger Metall: Sterling Silber (925) Metallstempel: 925 Vergoldung: Gold Verschl\u00fcsse: Steckverschluss\" \/>\n<meta property=\"og:url\" content=\"https:\/\/maxgold.gr\/de\/shop\/ohrhaenger-griechisches-auge-agalis-aus-925-sterling-silber-vergoldet-mit-blauem-und-weissem-zirkonia\/\" \/>\n<meta property=\"og:site_name\" content=\"Max Gold\" \/>\n<meta property=\"article:publisher\" content=\"https:\/\/www.facebook.com\/people\/Max-Gold\/61561801899896\/\" \/>\n<meta property=\"og:image\" content=\"https:\/\/maxgold.gr\/wp-content\/uploads\/2025\/02\/eede-5a.jpg\" \/>\n\t<meta property=\"og:image:width\" content=\"1200\" \/>\n\t<meta property=\"og:image:height\" content=\"1200\" \/>\n\t<meta property=\"og:image:type\" content=\"image\/jpeg\" \/>\n<meta name=\"twitter:card\" content=\"summary_large_image\" \/>\n<script type=\"application\/ld+json\" class=\"yoast-schema-graph\">{\"@context\":\"https:\\\/\\\/schema.org\",\"@graph\":[{\"@type\":\"WebPage\",\"@id\":\"https:\\\/\\\/maxgold.gr\\\/de\\\/shop\\\/ohrhaenger-griechisches-auge-agalis-aus-925-sterling-silber-vergoldet-mit-blauem-und-weissem-zirkonia\\\/\",\"url\":\"https:\\\/\\\/maxgold.gr\\\/de\\\/shop\\\/ohrhaenger-griechisches-auge-agalis-aus-925-sterling-silber-vergoldet-mit-blauem-und-weissem-zirkonia\\\/\",\"name\":\"Ohrh\u00e4nger Griechisches Auge \\\"Agalis\\\", aus 925 Sterling Silber, Vergoldet mit Blauem und Wei\u00dfem Zirkonia - Max Gold\",\"isPartOf\":{\"@id\":\"https:\\\/\\\/maxgold.gr\\\/de\\\/#website\"},\"primaryImageOfPage\":{\"@id\":\"https:\\\/\\\/maxgold.gr\\\/de\\\/shop\\\/ohrhaenger-griechisches-auge-agalis-aus-925-sterling-silber-vergoldet-mit-blauem-und-weissem-zirkonia\\\/#primaryimage\"},\"image\":{\"@id\":\"https:\\\/\\\/maxgold.gr\\\/de\\\/shop\\\/ohrhaenger-griechisches-auge-agalis-aus-925-sterling-silber-vergoldet-mit-blauem-und-weissem-zirkonia\\\/#primaryimage\"},\"thumbnailUrl\":\"https:\\\/\\\/i0.wp.com\\\/maxgold.gr\\\/wp-content\\\/uploads\\\/2025\\\/02\\\/eede-5a.jpg?fit=1200%2C1200&ssl=1\",\"datePublished\":\"2025-01-31T23:24:57+00:00\",\"breadcrumb\":{\"@id\":\"https:\\\/\\\/maxgold.gr\\\/de\\\/shop\\\/ohrhaenger-griechisches-auge-agalis-aus-925-sterling-silber-vergoldet-mit-blauem-und-weissem-zirkonia\\\/#breadcrumb\"},\"inLanguage\":\"de\",\"potentialAction\":[{\"@type\":\"ReadAction\",\"target\":[\"https:\\\/\\\/maxgold.gr\\\/de\\\/shop\\\/ohrhaenger-griechisches-auge-agalis-aus-925-sterling-silber-vergoldet-mit-blauem-und-weissem-zirkonia\\\/\"]}]},{\"@type\":\"ImageObject\",\"inLanguage\":\"de\",\"@id\":\"https:\\\/\\\/maxgold.gr\\\/de\\\/shop\\\/ohrhaenger-griechisches-auge-agalis-aus-925-sterling-silber-vergoldet-mit-blauem-und-weissem-zirkonia\\\/#primaryimage\",\"url\":\"https:\\\/\\\/i0.wp.com\\\/maxgold.gr\\\/wp-content\\\/uploads\\\/2025\\\/02\\\/eede-5a.jpg?fit=1200%2C1200&ssl=1\",\"contentUrl\":\"https:\\\/\\\/i0.wp.com\\\/maxgold.gr\\\/wp-content\\\/uploads\\\/2025\\\/02\\\/eede-5a.jpg?fit=1200%2C1200&ssl=1\",\"width\":1200,\"height\":1200},{\"@type\":\"BreadcrumbList\",\"@id\":\"https:\\\/\\\/maxgold.gr\\\/de\\\/shop\\\/ohrhaenger-griechisches-auge-agalis-aus-925-sterling-silber-vergoldet-mit-blauem-und-weissem-zirkonia\\\/#breadcrumb\",\"itemListElement\":[{\"@type\":\"ListItem\",\"position\":1,\"name\":\"Home\",\"item\":\"https:\\\/\\\/maxgold.gr\\\/de\\\/startseite\\\/\"},{\"@type\":\"ListItem\",\"position\":2,\"name\":\"Gesch\u00e4ft\",\"item\":\"https:\\\/\\\/maxgold.gr\\\/de\\\/%ce%ba%ce%b1%cf%84%ce%ac%cf%83%cf%84%ce%b7%ce%bc%ce%b1\\\/\"},{\"@type\":\"ListItem\",\"position\":3,\"name\":\"Ohrh\u00e4nger Griechisches Auge &#8220;Agalis&#8221;, aus 925 Sterling Silber, Vergoldet mit Blauem und Wei\u00dfem Zirkonia\"}]},{\"@type\":\"WebSite\",\"@id\":\"https:\\\/\\\/maxgold.gr\\\/de\\\/#website\",\"url\":\"https:\\\/\\\/maxgold.gr\\\/de\\\/\",\"name\":\"Max Gold\",\"description\":\"Max Gold\",\"potentialAction\":[{\"@type\":\"SearchAction\",\"target\":{\"@type\":\"EntryPoint\",\"urlTemplate\":\"https:\\\/\\\/maxgold.gr\\\/de\\\/?s={search_term_string}\"},\"query-input\":{\"@type\":\"PropertyValueSpecification\",\"valueRequired\":true,\"valueName\":\"search_term_string\"}}],\"inLanguage\":\"de\"}]}<\/script>\n<!-- \/ Yoast SEO plugin. -->","yoast_head_json":{"title":"Ohrh\u00e4nger Griechisches Auge \"Agalis\", aus 925 Sterling Silber, Vergoldet mit Blauem und Wei\u00dfem Zirkonia - Max Gold","robots":{"index":"index","follow":"follow","max-snippet":"max-snippet:-1","max-image-preview":"max-image-preview:large","max-video-preview":"max-video-preview:-1"},"canonical":"https:\/\/maxgold.gr\/de\/shop\/ohrhaenger-griechisches-auge-agalis-aus-925-sterling-silber-vergoldet-mit-blauem-und-weissem-zirkonia\/","og_locale":"de_DE","og_type":"article","og_title":"Ohrh\u00e4nger Griechisches Auge \"Agalis\", aus 925 Sterling Silber, Vergoldet mit Blauem und Wei\u00dfem Zirkonia - Max Gold","og_description":"&#8211; &nbsp; Produktdetails Motivma\u00dfe: 0,9cm x 0,9cm x 0,1cm Gesamtl\u00e4nge: 1,8cm Stiftl\u00e4nge: 1,2cm Edelstein: Wei\u00dfer und Blauer Kubischer Zirkonia Stil: Ohrh\u00e4nger Metall: Sterling Silber (925) Metallstempel: 925 Vergoldung: Gold Verschl\u00fcsse: Steckverschluss","og_url":"https:\/\/maxgold.gr\/de\/shop\/ohrhaenger-griechisches-auge-agalis-aus-925-sterling-silber-vergoldet-mit-blauem-und-weissem-zirkonia\/","og_site_name":"Max Gold","article_publisher":"https:\/\/www.facebook.com\/people\/Max-Gold\/61561801899896\/","og_image":[{"width":1200,"height":1200,"url":"https:\/\/maxgold.gr\/wp-content\/uploads\/2025\/02\/eede-5a.jpg","type":"image\/jpeg"}],"twitter_card":"summary_large_image","schema":{"@context":"https:\/\/schema.org","@graph":[{"@type":"WebPage","@id":"https:\/\/maxgold.gr\/de\/shop\/ohrhaenger-griechisches-auge-agalis-aus-925-sterling-silber-vergoldet-mit-blauem-und-weissem-zirkonia\/","url":"https:\/\/maxgold.gr\/de\/shop\/ohrhaenger-griechisches-auge-agalis-aus-925-sterling-silber-vergoldet-mit-blauem-und-weissem-zirkonia\/","name":"Ohrh\u00e4nger Griechisches Auge \"Agalis\", aus 925 Sterling Silber, Vergoldet mit Blauem und Wei\u00dfem Zirkonia - Max Gold","isPartOf":{"@id":"https:\/\/maxgold.gr\/de\/#website"},"primaryImageOfPage":{"@id":"https:\/\/maxgold.gr\/de\/shop\/ohrhaenger-griechisches-auge-agalis-aus-925-sterling-silber-vergoldet-mit-blauem-und-weissem-zirkonia\/#primaryimage"},"image":{"@id":"https:\/\/maxgold.gr\/de\/shop\/ohrhaenger-griechisches-auge-agalis-aus-925-sterling-silber-vergoldet-mit-blauem-und-weissem-zirkonia\/#primaryimage"},"thumbnailUrl":"https:\/\/i0.wp.com\/maxgold.gr\/wp-content\/uploads\/2025\/02\/eede-5a.jpg?fit=1200%2C1200&ssl=1","datePublished":"2025-01-31T23:24:57+00:00","breadcrumb":{"@id":"https:\/\/maxgold.gr\/de\/shop\/ohrhaenger-griechisches-auge-agalis-aus-925-sterling-silber-vergoldet-mit-blauem-und-weissem-zirkonia\/#breadcrumb"},"inLanguage":"de","potentialAction":[{"@type":"ReadAction","target":["https:\/\/maxgold.gr\/de\/shop\/ohrhaenger-griechisches-auge-agalis-aus-925-sterling-silber-vergoldet-mit-blauem-und-weissem-zirkonia\/"]}]},{"@type":"ImageObject","inLanguage":"de","@id":"https:\/\/maxgold.gr\/de\/shop\/ohrhaenger-griechisches-auge-agalis-aus-925-sterling-silber-vergoldet-mit-blauem-und-weissem-zirkonia\/#primaryimage","url":"https:\/\/i0.wp.com\/maxgold.gr\/wp-content\/uploads\/2025\/02\/eede-5a.jpg?fit=1200%2C1200&ssl=1","contentUrl":"https:\/\/i0.wp.com\/maxgold.gr\/wp-content\/uploads\/2025\/02\/eede-5a.jpg?fit=1200%2C1200&ssl=1","width":1200,"height":1200},{"@type":"BreadcrumbList","@id":"https:\/\/maxgold.gr\/de\/shop\/ohrhaenger-griechisches-auge-agalis-aus-925-sterling-silber-vergoldet-mit-blauem-und-weissem-zirkonia\/#breadcrumb","itemListElement":[{"@type":"ListItem","position":1,"name":"Home","item":"https:\/\/maxgold.gr\/de\/startseite\/"},{"@type":"ListItem","position":2,"name":"Gesch\u00e4ft","item":"https:\/\/maxgold.gr\/de\/%ce%ba%ce%b1%cf%84%ce%ac%cf%83%cf%84%ce%b7%ce%bc%ce%b1\/"},{"@type":"ListItem","position":3,"name":"Ohrh\u00e4nger Griechisches Auge &#8220;Agalis&#8221;, aus 925 Sterling Silber, Vergoldet mit Blauem und Wei\u00dfem Zirkonia"}]},{"@type":"WebSite","@id":"https:\/\/maxgold.gr\/de\/#website","url":"https:\/\/maxgold.gr\/de\/","name":"Max Gold","description":"Max Gold","potentialAction":[{"@type":"SearchAction","target":{"@type":"EntryPoint","urlTemplate":"https:\/\/maxgold.gr\/de\/?s={search_term_string}"},"query-input":{"@type":"PropertyValueSpecification","valueRequired":true,"valueName":"search_term_string"}}],"inLanguage":"de"}]}},"jetpack_sharing_enabled":true,"_links":{"self":[{"href":"https:\/\/maxgold.gr\/de\/wp-json\/wp\/v2\/product\/6096","targetHints":{"allow":["GET"]}}],"collection":[{"href":"https:\/\/maxgold.gr\/de\/wp-json\/wp\/v2\/product"}],"about":[{"href":"https:\/\/maxgold.gr\/de\/wp-json\/wp\/v2\/types\/product"}],"replies":[{"embeddable":true,"href":"https:\/\/maxgold.gr\/de\/wp-json\/wp\/v2\/comments?post=6096"}],"wp:featuredmedia":[{"embeddable":true,"href":"https:\/\/maxgold.gr\/de\/wp-json\/wp\/v2\/media\/6085"}],"wp:attachment":[{"href":"https:\/\/maxgold.gr\/de\/wp-json\/wp\/v2\/media?parent=6096"}],"wp:term":[{"taxonomy":"product_brand","embeddable":true,"href":"https:\/\/maxgold.gr\/de\/wp-json\/wp\/v2\/product_brand?post=6096"},{"taxonomy":"product_cat","embeddable":true,"href":"https:\/\/maxgold.gr\/de\/wp-json\/wp\/v2\/product_cat?post=6096"},{"taxonomy":"product_tag","embeddable":true,"href":"https:\/\/maxgold.gr\/de\/wp-json\/wp\/v2\/product_tag?post=6096"}],"curies":[{"name":"wp","href":"https:\/\/api.w.org\/{rel}","templated":true}]}}