{"id":6143,"date":"2025-02-03T01:30:12","date_gmt":"2025-02-02T22:30:12","guid":{"rendered":"https:\/\/maxgold.gr\/shop\/ovale-ohrstecker-selines-mit-weissem-opal-und-zirkonia-aus-925-sterling-silber\/"},"modified":"2025-02-03T01:30:12","modified_gmt":"2025-02-02T22:30:12","slug":"ovale-ohrstecker-selines-mit-weissem-opal-und-zirkonia-aus-925-sterling-silber","status":"publish","type":"product","link":"https:\/\/maxgold.gr\/de\/shop\/ovale-ohrstecker-selines-mit-weissem-opal-und-zirkonia-aus-925-sterling-silber\/","title":{"rendered":"Ovale Ohrstecker &#8222;Selines&#8220; mit Wei\u00dfem Opal und Zirkonia, aus 925 Sterling Silber"},"content":{"rendered":"<p>&#8211; <\/p>\n<p>&nbsp;<\/p>\n<h4><strong>Produktdetails<\/strong><\/h4>\n<p><strong>Abmessungen:<\/strong> 1,1cm x 0,9cm x 0,4cm <\/p>\n<p>Stubl\u00e4nge: 1,1cm<\/p>\n<p><strong>Edelstein:<\/strong> Wei\u00dfer Synthetischer Opal<\/p>\n<p><strong>Stil:<\/strong> Ohrstecker<\/p>\n<p><strong>Metall:<\/strong> Sterling Silber (925)<\/p>\n<p><strong>Metallstempel:<\/strong> 925<\/p>\n<p><strong>Beschichtung: <\/strong>Rhodium<\/p>\n<p><strong>Verschl\u00fcsse: <\/strong>Steckverschluss<\/p>\n","protected":false},"excerpt":{"rendered":"<p>&#8211; &nbsp; Produktdetails Abmessungen: 1,1cm x 0,9cm x 0,4cm Stubl\u00e4nge: 1,1cm Edelstein: Wei\u00dfer Synthetischer Opal Stil: Ohrstecker Metall: Sterling Silber (925) Metallstempel: 925 Beschichtung: Rhodium Verschl\u00fcsse: Steckverschluss<\/p>\n","protected":false},"featured_media":6135,"comment_status":"open","ping_status":"closed","template":"","meta":[],"product_brand":[738],"product_cat":[439,434,432,431,433,447,726,435,470,514,628],"product_tag":[448,441,757,442,611,612],"class_list":{"0":"post-6143","1":"product","2":"type-product","3":"status-publish","4":"has-post-thumbnail","6":"product_brand-max-gold","7":"product_cat-damenschmuck","8":"product_cat-metall","9":"product_cat-neu-ankommen","10":"product_cat-ohrringe","11":"product_cat-ohrstecker","12":"product_cat-ohrstecker-silber","13":"product_cat-silber","14":"product_cat-sterling-silber-925","15":"product_cat-kuenstliche-opal","16":"product_cat-synthetischer-weisser-opal","17":"product_cat-synthetischer-weisser-opal-silber","18":"product_tag-kubischer-zirkoniumdioxid","19":"product_tag-ohrstecker","20":"product_tag-oval-de","21":"product_tag-sterling-silber-925","22":"product_tag-weiss","23":"product_tag-weisser-opal","25":"first","26":"instock","27":"taxable","28":"shipping-taxable","29":"purchasable","30":"product-type-simple","31":"add-to-wishlist-before_add_to_cart"},"yoast_head":"<!-- This site is optimized with the Yoast SEO plugin v27.5 - https:\/\/yoast.com\/product\/yoast-seo-wordpress\/ -->\n<title>Ovale Ohrstecker &quot;Selines&quot; mit Wei\u00dfem Opal und Zirkonia, aus 925 Sterling Silber - Max Gold<\/title>\n<meta name=\"robots\" content=\"index, follow, max-snippet:-1, max-image-preview:large, max-video-preview:-1\" \/>\n<link rel=\"canonical\" href=\"https:\/\/maxgold.gr\/de\/shop\/ovale-ohrstecker-selines-mit-weissem-opal-und-zirkonia-aus-925-sterling-silber\/\" \/>\n<meta property=\"og:locale\" content=\"de_DE\" \/>\n<meta property=\"og:type\" content=\"article\" \/>\n<meta property=\"og:title\" content=\"Ovale Ohrstecker &quot;Selines&quot; mit Wei\u00dfem Opal und Zirkonia, aus 925 Sterling Silber - Max Gold\" \/>\n<meta property=\"og:description\" content=\"&#8211; &nbsp; Produktdetails Abmessungen: 1,1cm x 0,9cm x 0,4cm Stubl\u00e4nge: 1,1cm Edelstein: Wei\u00dfer Synthetischer Opal Stil: Ohrstecker Metall: Sterling Silber (925) Metallstempel: 925 Beschichtung: Rhodium Verschl\u00fcsse: Steckverschluss\" \/>\n<meta property=\"og:url\" content=\"https:\/\/maxgold.gr\/de\/shop\/ovale-ohrstecker-selines-mit-weissem-opal-und-zirkonia-aus-925-sterling-silber\/\" \/>\n<meta property=\"og:site_name\" content=\"Max Gold\" \/>\n<meta property=\"article:publisher\" content=\"https:\/\/www.facebook.com\/people\/Max-Gold\/61561801899896\/\" \/>\n<meta property=\"og:image\" content=\"https:\/\/i0.wp.com\/maxgold.gr\/wp-content\/uploads\/2025\/02\/ops-11a.jpg?fit=1200%2C1200&ssl=1\" \/>\n\t<meta property=\"og:image:width\" content=\"1200\" \/>\n\t<meta property=\"og:image:height\" content=\"1200\" \/>\n\t<meta property=\"og:image:type\" content=\"image\/jpeg\" \/>\n<meta name=\"twitter:card\" content=\"summary_large_image\" \/>\n<script type=\"application\/ld+json\" class=\"yoast-schema-graph\">{\"@context\":\"https:\\\/\\\/schema.org\",\"@graph\":[{\"@type\":\"WebPage\",\"@id\":\"https:\\\/\\\/maxgold.gr\\\/de\\\/shop\\\/ovale-ohrstecker-selines-mit-weissem-opal-und-zirkonia-aus-925-sterling-silber\\\/\",\"url\":\"https:\\\/\\\/maxgold.gr\\\/de\\\/shop\\\/ovale-ohrstecker-selines-mit-weissem-opal-und-zirkonia-aus-925-sterling-silber\\\/\",\"name\":\"Ovale Ohrstecker \\\"Selines\\\" mit Wei\u00dfem Opal und Zirkonia, aus 925 Sterling Silber - Max Gold\",\"isPartOf\":{\"@id\":\"https:\\\/\\\/maxgold.gr\\\/de\\\/#website\"},\"primaryImageOfPage\":{\"@id\":\"https:\\\/\\\/maxgold.gr\\\/de\\\/shop\\\/ovale-ohrstecker-selines-mit-weissem-opal-und-zirkonia-aus-925-sterling-silber\\\/#primaryimage\"},\"image\":{\"@id\":\"https:\\\/\\\/maxgold.gr\\\/de\\\/shop\\\/ovale-ohrstecker-selines-mit-weissem-opal-und-zirkonia-aus-925-sterling-silber\\\/#primaryimage\"},\"thumbnailUrl\":\"https:\\\/\\\/i0.wp.com\\\/maxgold.gr\\\/wp-content\\\/uploads\\\/2025\\\/02\\\/ops-11a.jpg?fit=1200%2C1200&ssl=1\",\"datePublished\":\"2025-02-02T22:30:12+00:00\",\"breadcrumb\":{\"@id\":\"https:\\\/\\\/maxgold.gr\\\/de\\\/shop\\\/ovale-ohrstecker-selines-mit-weissem-opal-und-zirkonia-aus-925-sterling-silber\\\/#breadcrumb\"},\"inLanguage\":\"de\",\"potentialAction\":[{\"@type\":\"ReadAction\",\"target\":[\"https:\\\/\\\/maxgold.gr\\\/de\\\/shop\\\/ovale-ohrstecker-selines-mit-weissem-opal-und-zirkonia-aus-925-sterling-silber\\\/\"]}]},{\"@type\":\"ImageObject\",\"inLanguage\":\"de\",\"@id\":\"https:\\\/\\\/maxgold.gr\\\/de\\\/shop\\\/ovale-ohrstecker-selines-mit-weissem-opal-und-zirkonia-aus-925-sterling-silber\\\/#primaryimage\",\"url\":\"https:\\\/\\\/i0.wp.com\\\/maxgold.gr\\\/wp-content\\\/uploads\\\/2025\\\/02\\\/ops-11a.jpg?fit=1200%2C1200&ssl=1\",\"contentUrl\":\"https:\\\/\\\/i0.wp.com\\\/maxgold.gr\\\/wp-content\\\/uploads\\\/2025\\\/02\\\/ops-11a.jpg?fit=1200%2C1200&ssl=1\",\"width\":1200,\"height\":1200},{\"@type\":\"BreadcrumbList\",\"@id\":\"https:\\\/\\\/maxgold.gr\\\/de\\\/shop\\\/ovale-ohrstecker-selines-mit-weissem-opal-und-zirkonia-aus-925-sterling-silber\\\/#breadcrumb\",\"itemListElement\":[{\"@type\":\"ListItem\",\"position\":1,\"name\":\"Home\",\"item\":\"https:\\\/\\\/maxgold.gr\\\/de\\\/startseite\\\/\"},{\"@type\":\"ListItem\",\"position\":2,\"name\":\"Gesch\u00e4ft\",\"item\":\"https:\\\/\\\/maxgold.gr\\\/de\\\/%ce%ba%ce%b1%cf%84%ce%ac%cf%83%cf%84%ce%b7%ce%bc%ce%b1\\\/\"},{\"@type\":\"ListItem\",\"position\":3,\"name\":\"Ovale Ohrstecker &#8222;Selines&#8220; mit Wei\u00dfem Opal und Zirkonia, aus 925 Sterling Silber\"}]},{\"@type\":\"WebSite\",\"@id\":\"https:\\\/\\\/maxgold.gr\\\/de\\\/#website\",\"url\":\"https:\\\/\\\/maxgold.gr\\\/de\\\/\",\"name\":\"Max Gold\",\"description\":\"Max Gold\",\"potentialAction\":[{\"@type\":\"SearchAction\",\"target\":{\"@type\":\"EntryPoint\",\"urlTemplate\":\"https:\\\/\\\/maxgold.gr\\\/de\\\/?s={search_term_string}\"},\"query-input\":{\"@type\":\"PropertyValueSpecification\",\"valueRequired\":true,\"valueName\":\"search_term_string\"}}],\"inLanguage\":\"de\"}]}<\/script>\n<!-- \/ Yoast SEO plugin. -->","yoast_head_json":{"title":"Ovale Ohrstecker \"Selines\" mit Wei\u00dfem Opal und Zirkonia, aus 925 Sterling Silber - Max Gold","robots":{"index":"index","follow":"follow","max-snippet":"max-snippet:-1","max-image-preview":"max-image-preview:large","max-video-preview":"max-video-preview:-1"},"canonical":"https:\/\/maxgold.gr\/de\/shop\/ovale-ohrstecker-selines-mit-weissem-opal-und-zirkonia-aus-925-sterling-silber\/","og_locale":"de_DE","og_type":"article","og_title":"Ovale Ohrstecker \"Selines\" mit Wei\u00dfem Opal und Zirkonia, aus 925 Sterling Silber - Max Gold","og_description":"&#8211; &nbsp; Produktdetails Abmessungen: 1,1cm x 0,9cm x 0,4cm Stubl\u00e4nge: 1,1cm Edelstein: Wei\u00dfer Synthetischer Opal Stil: Ohrstecker Metall: Sterling Silber (925) Metallstempel: 925 Beschichtung: Rhodium Verschl\u00fcsse: Steckverschluss","og_url":"https:\/\/maxgold.gr\/de\/shop\/ovale-ohrstecker-selines-mit-weissem-opal-und-zirkonia-aus-925-sterling-silber\/","og_site_name":"Max Gold","article_publisher":"https:\/\/www.facebook.com\/people\/Max-Gold\/61561801899896\/","og_image":[{"width":1200,"height":1200,"url":"https:\/\/i0.wp.com\/maxgold.gr\/wp-content\/uploads\/2025\/02\/ops-11a.jpg?fit=1200%2C1200&ssl=1","type":"image\/jpeg"}],"twitter_card":"summary_large_image","schema":{"@context":"https:\/\/schema.org","@graph":[{"@type":"WebPage","@id":"https:\/\/maxgold.gr\/de\/shop\/ovale-ohrstecker-selines-mit-weissem-opal-und-zirkonia-aus-925-sterling-silber\/","url":"https:\/\/maxgold.gr\/de\/shop\/ovale-ohrstecker-selines-mit-weissem-opal-und-zirkonia-aus-925-sterling-silber\/","name":"Ovale Ohrstecker \"Selines\" mit Wei\u00dfem Opal und Zirkonia, aus 925 Sterling Silber - Max Gold","isPartOf":{"@id":"https:\/\/maxgold.gr\/de\/#website"},"primaryImageOfPage":{"@id":"https:\/\/maxgold.gr\/de\/shop\/ovale-ohrstecker-selines-mit-weissem-opal-und-zirkonia-aus-925-sterling-silber\/#primaryimage"},"image":{"@id":"https:\/\/maxgold.gr\/de\/shop\/ovale-ohrstecker-selines-mit-weissem-opal-und-zirkonia-aus-925-sterling-silber\/#primaryimage"},"thumbnailUrl":"https:\/\/i0.wp.com\/maxgold.gr\/wp-content\/uploads\/2025\/02\/ops-11a.jpg?fit=1200%2C1200&ssl=1","datePublished":"2025-02-02T22:30:12+00:00","breadcrumb":{"@id":"https:\/\/maxgold.gr\/de\/shop\/ovale-ohrstecker-selines-mit-weissem-opal-und-zirkonia-aus-925-sterling-silber\/#breadcrumb"},"inLanguage":"de","potentialAction":[{"@type":"ReadAction","target":["https:\/\/maxgold.gr\/de\/shop\/ovale-ohrstecker-selines-mit-weissem-opal-und-zirkonia-aus-925-sterling-silber\/"]}]},{"@type":"ImageObject","inLanguage":"de","@id":"https:\/\/maxgold.gr\/de\/shop\/ovale-ohrstecker-selines-mit-weissem-opal-und-zirkonia-aus-925-sterling-silber\/#primaryimage","url":"https:\/\/i0.wp.com\/maxgold.gr\/wp-content\/uploads\/2025\/02\/ops-11a.jpg?fit=1200%2C1200&ssl=1","contentUrl":"https:\/\/i0.wp.com\/maxgold.gr\/wp-content\/uploads\/2025\/02\/ops-11a.jpg?fit=1200%2C1200&ssl=1","width":1200,"height":1200},{"@type":"BreadcrumbList","@id":"https:\/\/maxgold.gr\/de\/shop\/ovale-ohrstecker-selines-mit-weissem-opal-und-zirkonia-aus-925-sterling-silber\/#breadcrumb","itemListElement":[{"@type":"ListItem","position":1,"name":"Home","item":"https:\/\/maxgold.gr\/de\/startseite\/"},{"@type":"ListItem","position":2,"name":"Gesch\u00e4ft","item":"https:\/\/maxgold.gr\/de\/%ce%ba%ce%b1%cf%84%ce%ac%cf%83%cf%84%ce%b7%ce%bc%ce%b1\/"},{"@type":"ListItem","position":3,"name":"Ovale Ohrstecker &#8222;Selines&#8220; mit Wei\u00dfem Opal und Zirkonia, aus 925 Sterling Silber"}]},{"@type":"WebSite","@id":"https:\/\/maxgold.gr\/de\/#website","url":"https:\/\/maxgold.gr\/de\/","name":"Max Gold","description":"Max Gold","potentialAction":[{"@type":"SearchAction","target":{"@type":"EntryPoint","urlTemplate":"https:\/\/maxgold.gr\/de\/?s={search_term_string}"},"query-input":{"@type":"PropertyValueSpecification","valueRequired":true,"valueName":"search_term_string"}}],"inLanguage":"de"}]}},"jetpack_sharing_enabled":true,"_links":{"self":[{"href":"https:\/\/maxgold.gr\/de\/wp-json\/wp\/v2\/product\/6143","targetHints":{"allow":["GET"]}}],"collection":[{"href":"https:\/\/maxgold.gr\/de\/wp-json\/wp\/v2\/product"}],"about":[{"href":"https:\/\/maxgold.gr\/de\/wp-json\/wp\/v2\/types\/product"}],"replies":[{"embeddable":true,"href":"https:\/\/maxgold.gr\/de\/wp-json\/wp\/v2\/comments?post=6143"}],"wp:featuredmedia":[{"embeddable":true,"href":"https:\/\/maxgold.gr\/de\/wp-json\/wp\/v2\/media\/6135"}],"wp:attachment":[{"href":"https:\/\/maxgold.gr\/de\/wp-json\/wp\/v2\/media?parent=6143"}],"wp:term":[{"taxonomy":"product_brand","embeddable":true,"href":"https:\/\/maxgold.gr\/de\/wp-json\/wp\/v2\/product_brand?post=6143"},{"taxonomy":"product_cat","embeddable":true,"href":"https:\/\/maxgold.gr\/de\/wp-json\/wp\/v2\/product_cat?post=6143"},{"taxonomy":"product_tag","embeddable":true,"href":"https:\/\/maxgold.gr\/de\/wp-json\/wp\/v2\/product_tag?post=6143"}],"curies":[{"name":"wp","href":"https:\/\/api.w.org\/{rel}","templated":true}]}}