{"id":6347,"date":"2025-02-21T00:00:28","date_gmt":"2025-02-20T21:00:28","guid":{"rendered":"https:\/\/maxgold.gr\/?post_type=product&#038;p=6347"},"modified":"2025-02-21T00:30:05","modified_gmt":"2025-02-20T21:30:05","slug":"vergoldetes-kettenarmband-heart-of-sasa-aus-925-sterling-silber-mit-zirkonia-verstellbar-copy","status":"publish","type":"product","link":"https:\/\/maxgold.gr\/de\/shop\/vergoldetes-kettenarmband-heart-of-sasa-aus-925-sterling-silber-mit-zirkonia-verstellbar-copy\/","title":{"rendered":"Vergoldete Kettenarmband &#8222;Herz und Steine&#8220;, aus 925 Sterling Silber, mit Zirkonia, Verstellbar"},"content":{"rendered":"<p>&#8211; <\/p>\n<p>&#8211; <\/p>\n<p>&#8211;<\/p>\n<p>&nbsp;<\/p>\n<h4><strong>Produktdetails<\/strong><\/h4>\n<p><strong>Armbandgr\u00f6\u00dfe: <\/strong>17cm &#8211; 20cm, verstellbar<\/p>\n<p><strong>Kettenbreite:<\/strong> 2,0mm<strong><br \/>\n<\/strong><\/p>\n<p><strong>Edelstein:<\/strong> Kubischer Zirkonia<\/p>\n<p><strong>Metall:<\/strong> Sterling Silber (925)<\/p>\n<p><strong>Metallstempel:<\/strong> 925<\/p>\n<p><strong>Vergoldung: <\/strong>Gold<\/p>\n<p><strong>Verschluss: <\/strong>Federring<\/p>\n","protected":false},"excerpt":{"rendered":"<p>Das Armband &#8222;Dikena Silver&#8220; aus Sterlingsilber hat ein einzigartiges Design mit zwei Ketten, einer Kugelkette und einer Mausschwanzkette. Die verstellbare L\u00e4nge sorgt f\u00fcr eine bequeme Passform f\u00fcr verschiedene Handgelenkgr\u00f6\u00dfen. <\/p>\n","protected":false},"featured_media":6349,"comment_status":"open","ping_status":"closed","template":"","meta":[],"product_brand":[738],"product_cat":[485,439,465,487,488,434,432,435,724],"product_tag":[580,576],"class_list":{"0":"post-6347","1":"product","2":"type-product","3":"status-publish","4":"has-post-thumbnail","6":"product_brand-max-gold","7":"product_cat-armbander","8":"product_cat-damenschmuck","9":"product_cat-herzen","10":"product_cat-kettenarmbaender","11":"product_cat-kettenarmbaender-vergoldet","12":"product_cat-metall","13":"product_cat-neu-ankommen","14":"product_cat-sterling-silber-925","15":"product_cat-vergoldet","16":"product_tag-herzkollektion","17":"product_tag-vergoldet","19":"first","20":"instock","21":"taxable","22":"shipping-taxable","23":"purchasable","24":"product-type-simple","25":"add-to-wishlist-before_add_to_cart"},"yoast_head":"<!-- This site is optimized with the Yoast SEO plugin v27.5 - https:\/\/yoast.com\/product\/yoast-seo-wordpress\/ -->\n<title>Vergoldete Kettenarmband &quot;Herz und Steine&quot;, aus 925 Sterling Silber, mit Zirkonia, Verstellbar - Max Gold<\/title>\n<meta name=\"robots\" content=\"index, follow, max-snippet:-1, max-image-preview:large, max-video-preview:-1\" \/>\n<link rel=\"canonical\" href=\"https:\/\/maxgold.gr\/de\/shop\/vergoldetes-kettenarmband-heart-of-sasa-aus-925-sterling-silber-mit-zirkonia-verstellbar-copy\/\" \/>\n<meta property=\"og:locale\" content=\"de_DE\" \/>\n<meta property=\"og:type\" content=\"article\" \/>\n<meta property=\"og:title\" content=\"Vergoldete Kettenarmband &quot;Herz und Steine&quot;, aus 925 Sterling Silber, mit Zirkonia, Verstellbar - Max Gold\" \/>\n<meta property=\"og:description\" content=\"Das Armband &quot;Dikena Silver&quot; aus Sterlingsilber hat ein einzigartiges Design mit zwei Ketten, einer Kugelkette und einer Mausschwanzkette. Die verstellbare L\u00e4nge sorgt f\u00fcr eine bequeme Passform f\u00fcr verschiedene Handgelenkgr\u00f6\u00dfen.\" \/>\n<meta property=\"og:url\" content=\"https:\/\/maxgold.gr\/de\/shop\/vergoldetes-kettenarmband-heart-of-sasa-aus-925-sterling-silber-mit-zirkonia-verstellbar-copy\/\" \/>\n<meta property=\"og:site_name\" content=\"Max Gold\" \/>\n<meta property=\"article:publisher\" content=\"https:\/\/www.facebook.com\/people\/Max-Gold\/61561801899896\/\" \/>\n<meta property=\"article:modified_time\" content=\"2025-02-20T21:30:05+00:00\" \/>\n<meta property=\"og:image\" content=\"https:\/\/i0.wp.com\/maxgold.gr\/wp-content\/uploads\/2025\/02\/cb-2-2850E-17cm-20cmx02kad-1st.jpg?fit=1200%2C1200&ssl=1\" \/>\n\t<meta property=\"og:image:width\" content=\"1200\" \/>\n\t<meta property=\"og:image:height\" content=\"1200\" \/>\n\t<meta property=\"og:image:type\" content=\"image\/jpeg\" \/>\n<meta name=\"twitter:card\" content=\"summary_large_image\" \/>\n<script type=\"application\/ld+json\" class=\"yoast-schema-graph\">{\"@context\":\"https:\\\/\\\/schema.org\",\"@graph\":[{\"@type\":\"WebPage\",\"@id\":\"https:\\\/\\\/maxgold.gr\\\/de\\\/shop\\\/vergoldetes-kettenarmband-heart-of-sasa-aus-925-sterling-silber-mit-zirkonia-verstellbar-copy\\\/\",\"url\":\"https:\\\/\\\/maxgold.gr\\\/de\\\/shop\\\/vergoldetes-kettenarmband-heart-of-sasa-aus-925-sterling-silber-mit-zirkonia-verstellbar-copy\\\/\",\"name\":\"Vergoldete Kettenarmband \\\"Herz und Steine\\\", aus 925 Sterling Silber, mit Zirkonia, Verstellbar - Max Gold\",\"isPartOf\":{\"@id\":\"https:\\\/\\\/maxgold.gr\\\/de\\\/#website\"},\"primaryImageOfPage\":{\"@id\":\"https:\\\/\\\/maxgold.gr\\\/de\\\/shop\\\/vergoldetes-kettenarmband-heart-of-sasa-aus-925-sterling-silber-mit-zirkonia-verstellbar-copy\\\/#primaryimage\"},\"image\":{\"@id\":\"https:\\\/\\\/maxgold.gr\\\/de\\\/shop\\\/vergoldetes-kettenarmband-heart-of-sasa-aus-925-sterling-silber-mit-zirkonia-verstellbar-copy\\\/#primaryimage\"},\"thumbnailUrl\":\"https:\\\/\\\/i0.wp.com\\\/maxgold.gr\\\/wp-content\\\/uploads\\\/2025\\\/02\\\/cb-2-2850E-17cm-20cmx02kad-1st.jpg?fit=1200%2C1200&ssl=1\",\"datePublished\":\"2025-02-20T21:00:28+00:00\",\"dateModified\":\"2025-02-20T21:30:05+00:00\",\"breadcrumb\":{\"@id\":\"https:\\\/\\\/maxgold.gr\\\/de\\\/shop\\\/vergoldetes-kettenarmband-heart-of-sasa-aus-925-sterling-silber-mit-zirkonia-verstellbar-copy\\\/#breadcrumb\"},\"inLanguage\":\"de\",\"potentialAction\":[{\"@type\":\"ReadAction\",\"target\":[\"https:\\\/\\\/maxgold.gr\\\/de\\\/shop\\\/vergoldetes-kettenarmband-heart-of-sasa-aus-925-sterling-silber-mit-zirkonia-verstellbar-copy\\\/\"]}]},{\"@type\":\"ImageObject\",\"inLanguage\":\"de\",\"@id\":\"https:\\\/\\\/maxgold.gr\\\/de\\\/shop\\\/vergoldetes-kettenarmband-heart-of-sasa-aus-925-sterling-silber-mit-zirkonia-verstellbar-copy\\\/#primaryimage\",\"url\":\"https:\\\/\\\/i0.wp.com\\\/maxgold.gr\\\/wp-content\\\/uploads\\\/2025\\\/02\\\/cb-2-2850E-17cm-20cmx02kad-1st.jpg?fit=1200%2C1200&ssl=1\",\"contentUrl\":\"https:\\\/\\\/i0.wp.com\\\/maxgold.gr\\\/wp-content\\\/uploads\\\/2025\\\/02\\\/cb-2-2850E-17cm-20cmx02kad-1st.jpg?fit=1200%2C1200&ssl=1\",\"width\":1200,\"height\":1200},{\"@type\":\"BreadcrumbList\",\"@id\":\"https:\\\/\\\/maxgold.gr\\\/de\\\/shop\\\/vergoldetes-kettenarmband-heart-of-sasa-aus-925-sterling-silber-mit-zirkonia-verstellbar-copy\\\/#breadcrumb\",\"itemListElement\":[{\"@type\":\"ListItem\",\"position\":1,\"name\":\"Home\",\"item\":\"https:\\\/\\\/maxgold.gr\\\/de\\\/startseite\\\/\"},{\"@type\":\"ListItem\",\"position\":2,\"name\":\"Gesch\u00e4ft\",\"item\":\"https:\\\/\\\/maxgold.gr\\\/de\\\/%ce%ba%ce%b1%cf%84%ce%ac%cf%83%cf%84%ce%b7%ce%bc%ce%b1\\\/\"},{\"@type\":\"ListItem\",\"position\":3,\"name\":\"Vergoldete Kettenarmband &#8222;Herz und Steine&#8220;, aus 925 Sterling Silber, mit Zirkonia, Verstellbar\"}]},{\"@type\":\"WebSite\",\"@id\":\"https:\\\/\\\/maxgold.gr\\\/de\\\/#website\",\"url\":\"https:\\\/\\\/maxgold.gr\\\/de\\\/\",\"name\":\"Max Gold\",\"description\":\"Max Gold\",\"potentialAction\":[{\"@type\":\"SearchAction\",\"target\":{\"@type\":\"EntryPoint\",\"urlTemplate\":\"https:\\\/\\\/maxgold.gr\\\/de\\\/?s={search_term_string}\"},\"query-input\":{\"@type\":\"PropertyValueSpecification\",\"valueRequired\":true,\"valueName\":\"search_term_string\"}}],\"inLanguage\":\"de\"}]}<\/script>\n<!-- \/ Yoast SEO plugin. -->","yoast_head_json":{"title":"Vergoldete Kettenarmband \"Herz und Steine\", aus 925 Sterling Silber, mit Zirkonia, Verstellbar - Max Gold","robots":{"index":"index","follow":"follow","max-snippet":"max-snippet:-1","max-image-preview":"max-image-preview:large","max-video-preview":"max-video-preview:-1"},"canonical":"https:\/\/maxgold.gr\/de\/shop\/vergoldetes-kettenarmband-heart-of-sasa-aus-925-sterling-silber-mit-zirkonia-verstellbar-copy\/","og_locale":"de_DE","og_type":"article","og_title":"Vergoldete Kettenarmband \"Herz und Steine\", aus 925 Sterling Silber, mit Zirkonia, Verstellbar - Max Gold","og_description":"Das Armband \"Dikena Silver\" aus Sterlingsilber hat ein einzigartiges Design mit zwei Ketten, einer Kugelkette und einer Mausschwanzkette. Die verstellbare L\u00e4nge sorgt f\u00fcr eine bequeme Passform f\u00fcr verschiedene Handgelenkgr\u00f6\u00dfen.","og_url":"https:\/\/maxgold.gr\/de\/shop\/vergoldetes-kettenarmband-heart-of-sasa-aus-925-sterling-silber-mit-zirkonia-verstellbar-copy\/","og_site_name":"Max Gold","article_publisher":"https:\/\/www.facebook.com\/people\/Max-Gold\/61561801899896\/","article_modified_time":"2025-02-20T21:30:05+00:00","og_image":[{"width":1200,"height":1200,"url":"https:\/\/i0.wp.com\/maxgold.gr\/wp-content\/uploads\/2025\/02\/cb-2-2850E-17cm-20cmx02kad-1st.jpg?fit=1200%2C1200&ssl=1","type":"image\/jpeg"}],"twitter_card":"summary_large_image","schema":{"@context":"https:\/\/schema.org","@graph":[{"@type":"WebPage","@id":"https:\/\/maxgold.gr\/de\/shop\/vergoldetes-kettenarmband-heart-of-sasa-aus-925-sterling-silber-mit-zirkonia-verstellbar-copy\/","url":"https:\/\/maxgold.gr\/de\/shop\/vergoldetes-kettenarmband-heart-of-sasa-aus-925-sterling-silber-mit-zirkonia-verstellbar-copy\/","name":"Vergoldete Kettenarmband \"Herz und Steine\", aus 925 Sterling Silber, mit Zirkonia, Verstellbar - Max Gold","isPartOf":{"@id":"https:\/\/maxgold.gr\/de\/#website"},"primaryImageOfPage":{"@id":"https:\/\/maxgold.gr\/de\/shop\/vergoldetes-kettenarmband-heart-of-sasa-aus-925-sterling-silber-mit-zirkonia-verstellbar-copy\/#primaryimage"},"image":{"@id":"https:\/\/maxgold.gr\/de\/shop\/vergoldetes-kettenarmband-heart-of-sasa-aus-925-sterling-silber-mit-zirkonia-verstellbar-copy\/#primaryimage"},"thumbnailUrl":"https:\/\/i0.wp.com\/maxgold.gr\/wp-content\/uploads\/2025\/02\/cb-2-2850E-17cm-20cmx02kad-1st.jpg?fit=1200%2C1200&ssl=1","datePublished":"2025-02-20T21:00:28+00:00","dateModified":"2025-02-20T21:30:05+00:00","breadcrumb":{"@id":"https:\/\/maxgold.gr\/de\/shop\/vergoldetes-kettenarmband-heart-of-sasa-aus-925-sterling-silber-mit-zirkonia-verstellbar-copy\/#breadcrumb"},"inLanguage":"de","potentialAction":[{"@type":"ReadAction","target":["https:\/\/maxgold.gr\/de\/shop\/vergoldetes-kettenarmband-heart-of-sasa-aus-925-sterling-silber-mit-zirkonia-verstellbar-copy\/"]}]},{"@type":"ImageObject","inLanguage":"de","@id":"https:\/\/maxgold.gr\/de\/shop\/vergoldetes-kettenarmband-heart-of-sasa-aus-925-sterling-silber-mit-zirkonia-verstellbar-copy\/#primaryimage","url":"https:\/\/i0.wp.com\/maxgold.gr\/wp-content\/uploads\/2025\/02\/cb-2-2850E-17cm-20cmx02kad-1st.jpg?fit=1200%2C1200&ssl=1","contentUrl":"https:\/\/i0.wp.com\/maxgold.gr\/wp-content\/uploads\/2025\/02\/cb-2-2850E-17cm-20cmx02kad-1st.jpg?fit=1200%2C1200&ssl=1","width":1200,"height":1200},{"@type":"BreadcrumbList","@id":"https:\/\/maxgold.gr\/de\/shop\/vergoldetes-kettenarmband-heart-of-sasa-aus-925-sterling-silber-mit-zirkonia-verstellbar-copy\/#breadcrumb","itemListElement":[{"@type":"ListItem","position":1,"name":"Home","item":"https:\/\/maxgold.gr\/de\/startseite\/"},{"@type":"ListItem","position":2,"name":"Gesch\u00e4ft","item":"https:\/\/maxgold.gr\/de\/%ce%ba%ce%b1%cf%84%ce%ac%cf%83%cf%84%ce%b7%ce%bc%ce%b1\/"},{"@type":"ListItem","position":3,"name":"Vergoldete Kettenarmband &#8222;Herz und Steine&#8220;, aus 925 Sterling Silber, mit Zirkonia, Verstellbar"}]},{"@type":"WebSite","@id":"https:\/\/maxgold.gr\/de\/#website","url":"https:\/\/maxgold.gr\/de\/","name":"Max Gold","description":"Max Gold","potentialAction":[{"@type":"SearchAction","target":{"@type":"EntryPoint","urlTemplate":"https:\/\/maxgold.gr\/de\/?s={search_term_string}"},"query-input":{"@type":"PropertyValueSpecification","valueRequired":true,"valueName":"search_term_string"}}],"inLanguage":"de"}]}},"jetpack_sharing_enabled":true,"_links":{"self":[{"href":"https:\/\/maxgold.gr\/de\/wp-json\/wp\/v2\/product\/6347","targetHints":{"allow":["GET"]}}],"collection":[{"href":"https:\/\/maxgold.gr\/de\/wp-json\/wp\/v2\/product"}],"about":[{"href":"https:\/\/maxgold.gr\/de\/wp-json\/wp\/v2\/types\/product"}],"replies":[{"embeddable":true,"href":"https:\/\/maxgold.gr\/de\/wp-json\/wp\/v2\/comments?post=6347"}],"wp:featuredmedia":[{"embeddable":true,"href":"https:\/\/maxgold.gr\/de\/wp-json\/wp\/v2\/media\/6349"}],"wp:attachment":[{"href":"https:\/\/maxgold.gr\/de\/wp-json\/wp\/v2\/media?parent=6347"}],"wp:term":[{"taxonomy":"product_brand","embeddable":true,"href":"https:\/\/maxgold.gr\/de\/wp-json\/wp\/v2\/product_brand?post=6347"},{"taxonomy":"product_cat","embeddable":true,"href":"https:\/\/maxgold.gr\/de\/wp-json\/wp\/v2\/product_cat?post=6347"},{"taxonomy":"product_tag","embeddable":true,"href":"https:\/\/maxgold.gr\/de\/wp-json\/wp\/v2\/product_tag?post=6347"}],"curies":[{"name":"wp","href":"https:\/\/api.w.org\/{rel}","templated":true}]}}