{"id":6403,"date":"2025-02-23T14:33:59","date_gmt":"2025-02-23T11:33:59","guid":{"rendered":"https:\/\/maxgold.gr\/?post_type=product&#038;p=6403"},"modified":"2025-12-23T18:23:57","modified_gmt":"2025-12-23T15:23:57","slug":"vergoldete-kettenarmband-herz-und-steine-aus-925-sterling-silber-mit-zirkonia-verstellbar-copy","status":"publish","type":"product","link":"https:\/\/maxgold.gr\/de\/shop\/vergoldete-kettenarmband-herz-und-steine-aus-925-sterling-silber-mit-zirkonia-verstellbar-copy\/","title":{"rendered":"Rose Vergoldetes Kettenarmband &#8222;Liebe f\u00fcr Rhodos&#8220;, aus 925 Sterling Silber, mit einem Herz und der griechischen Insel Rhodos, Verstellbar"},"content":{"rendered":"<p>&#8211;<\/p>\n<p>&#8211;<\/p>\n<p>Entworfen f\u00fcr diejenigen, die ihre Erinnerungen an dieses atemberaubende Reiseziel sch\u00e4tzen, bietet es eine verstellbare Gr\u00f6\u00dfe f\u00fcr eine perfekte Passform. Tragen Sie dieses St\u00fcck, um ein St\u00fcck Rhodos nahe am Herzen zu halten, oder schenken Sie es an jemand Besonderem, das Ihre Liebe zu dieser sch\u00f6nen Insel teilt. <\/p>\n<p>&nbsp;<\/p>\n<h4><strong>Produktdetails<\/strong><\/h4>\n<p><strong>Armbandgr\u00f6\u00dfe: <\/strong>16,5cm &#8211; 19,5cm, verstellbar<\/p>\n<p><strong>Kettenbreite:<\/strong> 1,0mm<\/p>\n<p><strong>Metall:<\/strong> Sterling Silber (925)<\/p>\n<p><strong>Metallstempel:<\/strong> 925<\/p>\n<p><strong>Oberfl\u00e4chenveredelung: <\/strong>Rose-vergoldet<\/p>\n<p><strong>Verschluss: <\/strong>Karabinerverschluss<\/p>\n","protected":false},"excerpt":{"rendered":"<p>Das Armband &#8222;Dikena Silver&#8220; aus Sterlingsilber hat ein einzigartiges Design mit zwei Ketten, einer Kugelkette und einer Mausschwanzkette. Die verstellbare L\u00e4nge sorgt f\u00fcr eine bequeme Passform f\u00fcr verschiedene Handgelenkgr\u00f6\u00dfen. <\/p>\n","protected":false},"featured_media":6405,"comment_status":"open","ping_status":"closed","template":"","meta":[],"product_brand":[738],"product_cat":[438,485,439,465,487,489,434,432,909,728,435],"product_tag":[580,444,469],"class_list":{"0":"post-6403","1":"product","2":"type-product","3":"status-publish","4":"has-post-thumbnail","6":"product_brand-max-gold","7":"product_cat-die-insel-rhodos-kollektion","8":"product_cat-armbander","9":"product_cat-damenschmuck","10":"product_cat-herzen","11":"product_cat-kettenarmbaender","12":"product_cat-kettenarmbaender-rosevergoldet","13":"product_cat-metall","14":"product_cat-neu-ankommen","15":"product_cat-rhodos","16":"product_cat-rose-vergoldet","17":"product_cat-sterling-silber-925","18":"product_tag-herzkollektion","19":"product_tag-rhodes-de","20":"product_tag-rose-vergoldet","22":"first","23":"instock","24":"taxable","25":"shipping-taxable","26":"purchasable","27":"product-type-simple","28":"add-to-wishlist-before_add_to_cart"},"yoast_head":"<!-- This site is optimized with the Yoast SEO plugin v27.5 - https:\/\/yoast.com\/product\/yoast-seo-wordpress\/ -->\n<title>Rose Vergoldetes Kettenarmband &quot;Liebe f\u00fcr Rhodos&quot;, aus 925 Sterling Silber, mit einem Herz und der griechischen Insel Rhodos, Verstellbar - Max Gold<\/title>\n<meta name=\"robots\" content=\"index, follow, max-snippet:-1, max-image-preview:large, max-video-preview:-1\" \/>\n<link rel=\"canonical\" href=\"https:\/\/maxgold.gr\/de\/shop\/vergoldete-kettenarmband-herz-und-steine-aus-925-sterling-silber-mit-zirkonia-verstellbar-copy\/\" \/>\n<meta property=\"og:locale\" content=\"de_DE\" \/>\n<meta property=\"og:type\" content=\"article\" \/>\n<meta property=\"og:title\" content=\"Rose Vergoldetes Kettenarmband &quot;Liebe f\u00fcr Rhodos&quot;, aus 925 Sterling Silber, mit einem Herz und der griechischen Insel Rhodos, Verstellbar - Max Gold\" \/>\n<meta property=\"og:description\" content=\"Das Armband &quot;Dikena Silver&quot; aus Sterlingsilber hat ein einzigartiges Design mit zwei Ketten, einer Kugelkette und einer Mausschwanzkette. Die verstellbare L\u00e4nge sorgt f\u00fcr eine bequeme Passform f\u00fcr verschiedene Handgelenkgr\u00f6\u00dfen.\" \/>\n<meta property=\"og:url\" content=\"https:\/\/maxgold.gr\/de\/shop\/vergoldete-kettenarmband-herz-und-steine-aus-925-sterling-silber-mit-zirkonia-verstellbar-copy\/\" \/>\n<meta property=\"og:site_name\" content=\"Max Gold\" \/>\n<meta property=\"article:publisher\" content=\"https:\/\/www.facebook.com\/people\/Max-Gold\/61561801899896\/\" \/>\n<meta property=\"article:modified_time\" content=\"2025-12-23T15:23:57+00:00\" \/>\n<meta property=\"og:image\" content=\"https:\/\/i0.wp.com\/maxgold.gr\/wp-content\/uploads\/2025\/02\/rb-1a.jpg?fit=1200%2C1200&ssl=1\" \/>\n\t<meta property=\"og:image:width\" content=\"1200\" \/>\n\t<meta property=\"og:image:height\" content=\"1200\" \/>\n\t<meta property=\"og:image:type\" content=\"image\/jpeg\" \/>\n<meta name=\"twitter:card\" content=\"summary_large_image\" \/>\n<script type=\"application\/ld+json\" class=\"yoast-schema-graph\">{\"@context\":\"https:\\\/\\\/schema.org\",\"@graph\":[{\"@type\":\"WebPage\",\"@id\":\"https:\\\/\\\/maxgold.gr\\\/de\\\/shop\\\/vergoldete-kettenarmband-herz-und-steine-aus-925-sterling-silber-mit-zirkonia-verstellbar-copy\\\/\",\"url\":\"https:\\\/\\\/maxgold.gr\\\/de\\\/shop\\\/vergoldete-kettenarmband-herz-und-steine-aus-925-sterling-silber-mit-zirkonia-verstellbar-copy\\\/\",\"name\":\"Rose Vergoldetes Kettenarmband \\\"Liebe f\u00fcr Rhodos\\\", aus 925 Sterling Silber, mit einem Herz und der griechischen Insel Rhodos, Verstellbar - Max Gold\",\"isPartOf\":{\"@id\":\"https:\\\/\\\/maxgold.gr\\\/de\\\/#website\"},\"primaryImageOfPage\":{\"@id\":\"https:\\\/\\\/maxgold.gr\\\/de\\\/shop\\\/vergoldete-kettenarmband-herz-und-steine-aus-925-sterling-silber-mit-zirkonia-verstellbar-copy\\\/#primaryimage\"},\"image\":{\"@id\":\"https:\\\/\\\/maxgold.gr\\\/de\\\/shop\\\/vergoldete-kettenarmband-herz-und-steine-aus-925-sterling-silber-mit-zirkonia-verstellbar-copy\\\/#primaryimage\"},\"thumbnailUrl\":\"https:\\\/\\\/i0.wp.com\\\/maxgold.gr\\\/wp-content\\\/uploads\\\/2025\\\/02\\\/rb-1a.jpg?fit=1200%2C1200&ssl=1\",\"datePublished\":\"2025-02-23T11:33:59+00:00\",\"dateModified\":\"2025-12-23T15:23:57+00:00\",\"breadcrumb\":{\"@id\":\"https:\\\/\\\/maxgold.gr\\\/de\\\/shop\\\/vergoldete-kettenarmband-herz-und-steine-aus-925-sterling-silber-mit-zirkonia-verstellbar-copy\\\/#breadcrumb\"},\"inLanguage\":\"de\",\"potentialAction\":[{\"@type\":\"ReadAction\",\"target\":[\"https:\\\/\\\/maxgold.gr\\\/de\\\/shop\\\/vergoldete-kettenarmband-herz-und-steine-aus-925-sterling-silber-mit-zirkonia-verstellbar-copy\\\/\"]}]},{\"@type\":\"ImageObject\",\"inLanguage\":\"de\",\"@id\":\"https:\\\/\\\/maxgold.gr\\\/de\\\/shop\\\/vergoldete-kettenarmband-herz-und-steine-aus-925-sterling-silber-mit-zirkonia-verstellbar-copy\\\/#primaryimage\",\"url\":\"https:\\\/\\\/i0.wp.com\\\/maxgold.gr\\\/wp-content\\\/uploads\\\/2025\\\/02\\\/rb-1a.jpg?fit=1200%2C1200&ssl=1\",\"contentUrl\":\"https:\\\/\\\/i0.wp.com\\\/maxgold.gr\\\/wp-content\\\/uploads\\\/2025\\\/02\\\/rb-1a.jpg?fit=1200%2C1200&ssl=1\",\"width\":1200,\"height\":1200},{\"@type\":\"BreadcrumbList\",\"@id\":\"https:\\\/\\\/maxgold.gr\\\/de\\\/shop\\\/vergoldete-kettenarmband-herz-und-steine-aus-925-sterling-silber-mit-zirkonia-verstellbar-copy\\\/#breadcrumb\",\"itemListElement\":[{\"@type\":\"ListItem\",\"position\":1,\"name\":\"Home\",\"item\":\"https:\\\/\\\/maxgold.gr\\\/de\\\/startseite\\\/\"},{\"@type\":\"ListItem\",\"position\":2,\"name\":\"Gesch\u00e4ft\",\"item\":\"https:\\\/\\\/maxgold.gr\\\/de\\\/%ce%ba%ce%b1%cf%84%ce%ac%cf%83%cf%84%ce%b7%ce%bc%ce%b1\\\/\"},{\"@type\":\"ListItem\",\"position\":3,\"name\":\"Rose Vergoldetes Kettenarmband &#8222;Liebe f\u00fcr Rhodos&#8220;, aus 925 Sterling Silber, mit einem Herz und der griechischen Insel Rhodos, Verstellbar\"}]},{\"@type\":\"WebSite\",\"@id\":\"https:\\\/\\\/maxgold.gr\\\/de\\\/#website\",\"url\":\"https:\\\/\\\/maxgold.gr\\\/de\\\/\",\"name\":\"Max Gold\",\"description\":\"Max Gold\",\"potentialAction\":[{\"@type\":\"SearchAction\",\"target\":{\"@type\":\"EntryPoint\",\"urlTemplate\":\"https:\\\/\\\/maxgold.gr\\\/de\\\/?s={search_term_string}\"},\"query-input\":{\"@type\":\"PropertyValueSpecification\",\"valueRequired\":true,\"valueName\":\"search_term_string\"}}],\"inLanguage\":\"de\"}]}<\/script>\n<!-- \/ Yoast SEO plugin. -->","yoast_head_json":{"title":"Rose Vergoldetes Kettenarmband \"Liebe f\u00fcr Rhodos\", aus 925 Sterling Silber, mit einem Herz und der griechischen Insel Rhodos, Verstellbar - Max Gold","robots":{"index":"index","follow":"follow","max-snippet":"max-snippet:-1","max-image-preview":"max-image-preview:large","max-video-preview":"max-video-preview:-1"},"canonical":"https:\/\/maxgold.gr\/de\/shop\/vergoldete-kettenarmband-herz-und-steine-aus-925-sterling-silber-mit-zirkonia-verstellbar-copy\/","og_locale":"de_DE","og_type":"article","og_title":"Rose Vergoldetes Kettenarmband \"Liebe f\u00fcr Rhodos\", aus 925 Sterling Silber, mit einem Herz und der griechischen Insel Rhodos, Verstellbar - Max Gold","og_description":"Das Armband \"Dikena Silver\" aus Sterlingsilber hat ein einzigartiges Design mit zwei Ketten, einer Kugelkette und einer Mausschwanzkette. Die verstellbare L\u00e4nge sorgt f\u00fcr eine bequeme Passform f\u00fcr verschiedene Handgelenkgr\u00f6\u00dfen.","og_url":"https:\/\/maxgold.gr\/de\/shop\/vergoldete-kettenarmband-herz-und-steine-aus-925-sterling-silber-mit-zirkonia-verstellbar-copy\/","og_site_name":"Max Gold","article_publisher":"https:\/\/www.facebook.com\/people\/Max-Gold\/61561801899896\/","article_modified_time":"2025-12-23T15:23:57+00:00","og_image":[{"width":1200,"height":1200,"url":"https:\/\/i0.wp.com\/maxgold.gr\/wp-content\/uploads\/2025\/02\/rb-1a.jpg?fit=1200%2C1200&ssl=1","type":"image\/jpeg"}],"twitter_card":"summary_large_image","schema":{"@context":"https:\/\/schema.org","@graph":[{"@type":"WebPage","@id":"https:\/\/maxgold.gr\/de\/shop\/vergoldete-kettenarmband-herz-und-steine-aus-925-sterling-silber-mit-zirkonia-verstellbar-copy\/","url":"https:\/\/maxgold.gr\/de\/shop\/vergoldete-kettenarmband-herz-und-steine-aus-925-sterling-silber-mit-zirkonia-verstellbar-copy\/","name":"Rose Vergoldetes Kettenarmband \"Liebe f\u00fcr Rhodos\", aus 925 Sterling Silber, mit einem Herz und der griechischen Insel Rhodos, Verstellbar - Max Gold","isPartOf":{"@id":"https:\/\/maxgold.gr\/de\/#website"},"primaryImageOfPage":{"@id":"https:\/\/maxgold.gr\/de\/shop\/vergoldete-kettenarmband-herz-und-steine-aus-925-sterling-silber-mit-zirkonia-verstellbar-copy\/#primaryimage"},"image":{"@id":"https:\/\/maxgold.gr\/de\/shop\/vergoldete-kettenarmband-herz-und-steine-aus-925-sterling-silber-mit-zirkonia-verstellbar-copy\/#primaryimage"},"thumbnailUrl":"https:\/\/i0.wp.com\/maxgold.gr\/wp-content\/uploads\/2025\/02\/rb-1a.jpg?fit=1200%2C1200&ssl=1","datePublished":"2025-02-23T11:33:59+00:00","dateModified":"2025-12-23T15:23:57+00:00","breadcrumb":{"@id":"https:\/\/maxgold.gr\/de\/shop\/vergoldete-kettenarmband-herz-und-steine-aus-925-sterling-silber-mit-zirkonia-verstellbar-copy\/#breadcrumb"},"inLanguage":"de","potentialAction":[{"@type":"ReadAction","target":["https:\/\/maxgold.gr\/de\/shop\/vergoldete-kettenarmband-herz-und-steine-aus-925-sterling-silber-mit-zirkonia-verstellbar-copy\/"]}]},{"@type":"ImageObject","inLanguage":"de","@id":"https:\/\/maxgold.gr\/de\/shop\/vergoldete-kettenarmband-herz-und-steine-aus-925-sterling-silber-mit-zirkonia-verstellbar-copy\/#primaryimage","url":"https:\/\/i0.wp.com\/maxgold.gr\/wp-content\/uploads\/2025\/02\/rb-1a.jpg?fit=1200%2C1200&ssl=1","contentUrl":"https:\/\/i0.wp.com\/maxgold.gr\/wp-content\/uploads\/2025\/02\/rb-1a.jpg?fit=1200%2C1200&ssl=1","width":1200,"height":1200},{"@type":"BreadcrumbList","@id":"https:\/\/maxgold.gr\/de\/shop\/vergoldete-kettenarmband-herz-und-steine-aus-925-sterling-silber-mit-zirkonia-verstellbar-copy\/#breadcrumb","itemListElement":[{"@type":"ListItem","position":1,"name":"Home","item":"https:\/\/maxgold.gr\/de\/startseite\/"},{"@type":"ListItem","position":2,"name":"Gesch\u00e4ft","item":"https:\/\/maxgold.gr\/de\/%ce%ba%ce%b1%cf%84%ce%ac%cf%83%cf%84%ce%b7%ce%bc%ce%b1\/"},{"@type":"ListItem","position":3,"name":"Rose Vergoldetes Kettenarmband &#8222;Liebe f\u00fcr Rhodos&#8220;, aus 925 Sterling Silber, mit einem Herz und der griechischen Insel Rhodos, Verstellbar"}]},{"@type":"WebSite","@id":"https:\/\/maxgold.gr\/de\/#website","url":"https:\/\/maxgold.gr\/de\/","name":"Max Gold","description":"Max Gold","potentialAction":[{"@type":"SearchAction","target":{"@type":"EntryPoint","urlTemplate":"https:\/\/maxgold.gr\/de\/?s={search_term_string}"},"query-input":{"@type":"PropertyValueSpecification","valueRequired":true,"valueName":"search_term_string"}}],"inLanguage":"de"}]}},"jetpack_sharing_enabled":true,"_links":{"self":[{"href":"https:\/\/maxgold.gr\/de\/wp-json\/wp\/v2\/product\/6403","targetHints":{"allow":["GET"]}}],"collection":[{"href":"https:\/\/maxgold.gr\/de\/wp-json\/wp\/v2\/product"}],"about":[{"href":"https:\/\/maxgold.gr\/de\/wp-json\/wp\/v2\/types\/product"}],"replies":[{"embeddable":true,"href":"https:\/\/maxgold.gr\/de\/wp-json\/wp\/v2\/comments?post=6403"}],"wp:featuredmedia":[{"embeddable":true,"href":"https:\/\/maxgold.gr\/de\/wp-json\/wp\/v2\/media\/6405"}],"wp:attachment":[{"href":"https:\/\/maxgold.gr\/de\/wp-json\/wp\/v2\/media?parent=6403"}],"wp:term":[{"taxonomy":"product_brand","embeddable":true,"href":"https:\/\/maxgold.gr\/de\/wp-json\/wp\/v2\/product_brand?post=6403"},{"taxonomy":"product_cat","embeddable":true,"href":"https:\/\/maxgold.gr\/de\/wp-json\/wp\/v2\/product_cat?post=6403"},{"taxonomy":"product_tag","embeddable":true,"href":"https:\/\/maxgold.gr\/de\/wp-json\/wp\/v2\/product_tag?post=6403"}],"curies":[{"name":"wp","href":"https:\/\/api.w.org\/{rel}","templated":true}]}}